{"id":55676,"date":"2025-12-12T19:44:00","date_gmt":"2025-12-12T18:44:00","guid":{"rendered":"https:\/\/test.ecbeaute.com\/?post_type=product&#038;p=55676"},"modified":"2025-12-12T19:44:06","modified_gmt":"2025-12-12T18:44:06","slug":"belle-and-bio-fenugrec-bio-120-gelules","status":"publish","type":"product","link":"https:\/\/paracherkaoui.ma\/index.php\/produit\/belle-and-bio-fenugrec-bio-120-gelules\/","title":{"rendered":"BELLE AND BIO FENUGREC BIO 120 GELULES"},"content":{"rendered":"<p>Imaginez retrouver une sensation de bien-\u00eatre et d&rsquo;\u00e9quilibre digestif gr\u00e2ce \u00e0 une plante mill\u00e9naire, cultiv\u00e9e en France ou au Canada, et certifi\u00e9e biologique. C&rsquo;est la solution douce et efficace pour un confort digestif retrouv\u00e9.<br \/>\nLe Fenugrec (Trigonella foenum-graecum) est une plante herbac\u00e9e aux multiples vertus, utilis\u00e9e depuis des si\u00e8cles dans la m\u00e9decine traditionnelle pour ses propri\u00e9t\u00e9s b\u00e9n\u00e9fiques. Les BELLE &#038; BIO Fenugrec Bio 120 G\u00e9lules vous offrent un concentr\u00e9 de cette plante pr\u00e9cieuse, garantissant une qualit\u00e9 sup\u00e9rieure gr\u00e2ce \u00e0 son origine issue de l\u2019agriculture biologique et sa provenance de France ou du Canada. Ce choix d&rsquo;approvisionnement assure non seulement une tra\u00e7abilit\u00e9 exemplaire, mais aussi un produit pur et respectueux de l&rsquo;environnement.<br \/>\nCe compl\u00e9ment alimentaire cible tout particuli\u00e8rement les personnes ayant des troubles digestifs. Que vous souffriez de ballonnements, de digestions lentes, d&rsquo;inconfort apr\u00e8s les repas, ou simplement d&rsquo;une sensation de lourdeur, le Fenugrec Bio est l\u00e0 pour vous aider. Ses graines sont naturellement riches en fibres solubles (comme les galactomannanes) qui agissent comme un pr\u00e9biotique, favorisant une flore intestinale \u00e9quilibr\u00e9e et une digestion saine.<br \/>\nLes bienfaits d&rsquo;une prise r\u00e9guli\u00e8re de ce compl\u00e9ment sont tangibles :<br \/>\nConfort Digestif Retrouv\u00e9 : La principale action du Fenugrec est de restaurer une r\u00e9elle sensation de confort d\u2019un point de vue digestif. Il aide \u00e0 apaiser le syst\u00e8me digestif, \u00e0 r\u00e9duire les spasmes et \u00e0 faciliter le transit intestinal.<br \/>\nSoutien de la Digestion : En stimulant la production d&rsquo;enzymes digestives, le Fenugrec peut aider \u00e0 am\u00e9liorer la d\u00e9composition des aliments, ce qui se traduit par une digestion plus efficace et moins de d\u00e9sagr\u00e9ments.<br \/>\nR\u00e9gulation du Transit : Gr\u00e2ce \u00e0 sa richesse en fibres, il contribue \u00e0 r\u00e9guler le transit intestinal, aidant \u00e0 pr\u00e9venir la constipation ou \u00e0 apaiser les diarrh\u00e9es, pour un syst\u00e8me digestif plus r\u00e9gulier.<br \/>\nBien-\u00eatre G\u00e9n\u00e9ral : Un syst\u00e8me digestif en bonne sant\u00e9 est la cl\u00e9 d&rsquo;un bien-\u00eatre g\u00e9n\u00e9ral am\u00e9lior\u00e9. En apportant confort et \u00e9quilibre, le Fenugrec Bio peut indirectement influencer positivement votre vitalit\u00e9 et votre \u00e9nergie au quotidien.<br \/>\nComposition :<br \/>\nFenugrec* graine &#8211; Trigonella foenumgraecum (1800 mg), Enveloppe d&rsquo;origine v\u00e9g\u00e9tale (HPMC), Farine de riz*.<br \/>\nPr\u00e9sence de gluten, soja et moutarde.<br \/>\n*Ingr\u00e9dients issus de l&rsquo;Agriculture Biologique.<\/p>\n","protected":false},"excerpt":{"rendered":"<p>Imaginez retrouver une sensation de bien-\u00eatre et d&rsquo;\u00e9quilibre digestif gr\u00e2ce \u00e0 une plante mill\u00e9naire, cultiv\u00e9e en France ou au Canada,<\/p>\n","protected":false},"featured_media":55721,"comment_status":"open","ping_status":"closed","template":"","meta":[],"product_brand":[1063],"product_cat":[1077],"product_tag":[],"class_list":{"0":"post-55676","1":"product","2":"type-product","3":"status-publish","4":"has-post-thumbnail","6":"product_brand-belle-and-bio","7":"product_cat-transit-digestion-et-elimination","9":"first","10":"instock","11":"shipping-taxable","12":"purchasable","13":"product-type-simple"},"yoast_head":"<!-- This site is optimized with the Yoast SEO plugin v26.6 - https:\/\/yoast.com\/wordpress\/plugins\/seo\/ -->\r\n<title>BELLE AND BIO FENUGREC BIO 120 GELULES - Paracherkaoui.ma<\/title>\r\n<meta name=\"robots\" content=\"index, follow, max-snippet:-1, max-image-preview:large, max-video-preview:-1\" \/>\r\n<link rel=\"canonical\" href=\"https:\/\/paracherkaoui.ma\/index.php\/produit\/belle-and-bio-fenugrec-bio-120-gelules\/\" \/>\r\n<meta property=\"og:locale\" content=\"fr_FR\" \/>\r\n<meta property=\"og:type\" content=\"article\" \/>\r\n<meta property=\"og:title\" content=\"BELLE AND BIO FENUGREC BIO 120 GELULES - Paracherkaoui.ma\" \/>\r\n<meta property=\"og:description\" content=\"Imaginez retrouver une sensation de bien-\u00eatre et d&rsquo;\u00e9quilibre digestif gr\u00e2ce \u00e0 une plante mill\u00e9naire, cultiv\u00e9e en France ou au Canada,\" \/>\r\n<meta property=\"og:url\" content=\"https:\/\/paracherkaoui.ma\/index.php\/produit\/belle-and-bio-fenugrec-bio-120-gelules\/\" \/>\r\n<meta property=\"og:site_name\" content=\"Paracherkaoui.ma\" \/>\r\n<meta property=\"article:modified_time\" content=\"2025-12-12T18:44:06+00:00\" \/>\r\n<meta property=\"og:image\" content=\"https:\/\/paracherkaoui.ma\/wp-content\/uploads\/2025\/12\/belle-and-bio-fenugrec-bio-120-gelules.jpg\" \/>\r\n\t<meta property=\"og:image:width\" content=\"700\" \/>\r\n\t<meta property=\"og:image:height\" content=\"700\" \/>\r\n\t<meta property=\"og:image:type\" content=\"image\/jpeg\" \/>\r\n<meta name=\"twitter:card\" content=\"summary_large_image\" \/>\r\n<meta name=\"twitter:label1\" content=\"Dur\u00e9e de lecture estim\u00e9e\" \/>\n\t<meta name=\"twitter:data1\" content=\"2 minutes\" \/>\r\n<script type=\"application\/ld+json\" class=\"yoast-schema-graph\">{\"@context\":\"https:\/\/schema.org\",\"@graph\":[{\"@type\":\"WebPage\",\"@id\":\"https:\/\/paracherkaoui.ma\/index.php\/produit\/belle-and-bio-fenugrec-bio-120-gelules\/\",\"url\":\"https:\/\/paracherkaoui.ma\/index.php\/produit\/belle-and-bio-fenugrec-bio-120-gelules\/\",\"name\":\"BELLE AND BIO FENUGREC BIO 120 GELULES - Paracherkaoui.ma\",\"isPartOf\":{\"@id\":\"https:\/\/paracherkaoui.ma\/#website\"},\"primaryImageOfPage\":{\"@id\":\"https:\/\/paracherkaoui.ma\/index.php\/produit\/belle-and-bio-fenugrec-bio-120-gelules\/#primaryimage\"},\"image\":{\"@id\":\"https:\/\/paracherkaoui.ma\/index.php\/produit\/belle-and-bio-fenugrec-bio-120-gelules\/#primaryimage\"},\"thumbnailUrl\":\"https:\/\/paracherkaoui.ma\/wp-content\/uploads\/2025\/12\/belle-and-bio-fenugrec-bio-120-gelules.jpg\",\"datePublished\":\"2025-12-12T18:44:00+00:00\",\"dateModified\":\"2025-12-12T18:44:06+00:00\",\"breadcrumb\":{\"@id\":\"https:\/\/paracherkaoui.ma\/index.php\/produit\/belle-and-bio-fenugrec-bio-120-gelules\/#breadcrumb\"},\"inLanguage\":\"fr-FR\",\"potentialAction\":[{\"@type\":\"ReadAction\",\"target\":[\"https:\/\/paracherkaoui.ma\/index.php\/produit\/belle-and-bio-fenugrec-bio-120-gelules\/\"]}]},{\"@type\":\"ImageObject\",\"inLanguage\":\"fr-FR\",\"@id\":\"https:\/\/paracherkaoui.ma\/index.php\/produit\/belle-and-bio-fenugrec-bio-120-gelules\/#primaryimage\",\"url\":\"https:\/\/paracherkaoui.ma\/wp-content\/uploads\/2025\/12\/belle-and-bio-fenugrec-bio-120-gelules.jpg\",\"contentUrl\":\"https:\/\/paracherkaoui.ma\/wp-content\/uploads\/2025\/12\/belle-and-bio-fenugrec-bio-120-gelules.jpg\",\"width\":700,\"height\":700},{\"@type\":\"BreadcrumbList\",\"@id\":\"https:\/\/paracherkaoui.ma\/index.php\/produit\/belle-and-bio-fenugrec-bio-120-gelules\/#breadcrumb\",\"itemListElement\":[{\"@type\":\"ListItem\",\"position\":1,\"name\":\"Accueil\",\"item\":\"https:\/\/paracherkaoui.ma\/\"},{\"@type\":\"ListItem\",\"position\":2,\"name\":\"Boutique\",\"item\":\"https:\/\/paracherkaoui.ma\/index.php\/boutique\/\"},{\"@type\":\"ListItem\",\"position\":3,\"name\":\"BELLE AND BIO FENUGREC BIO 120 GELULES\"}]},{\"@type\":\"WebSite\",\"@id\":\"https:\/\/paracherkaoui.ma\/#website\",\"url\":\"https:\/\/paracherkaoui.ma\/\",\"name\":\"Paracherkaoui.ma\",\"description\":\"Achetez en ligne sur Paracherkaoui.ma\",\"potentialAction\":[{\"@type\":\"SearchAction\",\"target\":{\"@type\":\"EntryPoint\",\"urlTemplate\":\"https:\/\/paracherkaoui.ma\/?s={search_term_string}\"},\"query-input\":{\"@type\":\"PropertyValueSpecification\",\"valueRequired\":true,\"valueName\":\"search_term_string\"}}],\"inLanguage\":\"fr-FR\"}]}<\/script>\r\n<!-- \/ Yoast SEO plugin. -->","yoast_head_json":{"title":"BELLE AND BIO FENUGREC BIO 120 GELULES - Paracherkaoui.ma","robots":{"index":"index","follow":"follow","max-snippet":"max-snippet:-1","max-image-preview":"max-image-preview:large","max-video-preview":"max-video-preview:-1"},"canonical":"https:\/\/paracherkaoui.ma\/index.php\/produit\/belle-and-bio-fenugrec-bio-120-gelules\/","og_locale":"fr_FR","og_type":"article","og_title":"BELLE AND BIO FENUGREC BIO 120 GELULES - Paracherkaoui.ma","og_description":"Imaginez retrouver une sensation de bien-\u00eatre et d&rsquo;\u00e9quilibre digestif gr\u00e2ce \u00e0 une plante mill\u00e9naire, cultiv\u00e9e en France ou au Canada,","og_url":"https:\/\/paracherkaoui.ma\/index.php\/produit\/belle-and-bio-fenugrec-bio-120-gelules\/","og_site_name":"Paracherkaoui.ma","article_modified_time":"2025-12-12T18:44:06+00:00","og_image":[{"width":700,"height":700,"url":"https:\/\/paracherkaoui.ma\/wp-content\/uploads\/2025\/12\/belle-and-bio-fenugrec-bio-120-gelules.jpg","type":"image\/jpeg"}],"twitter_card":"summary_large_image","twitter_misc":{"Dur\u00e9e de lecture estim\u00e9e":"2 minutes"},"schema":{"@context":"https:\/\/schema.org","@graph":[{"@type":"WebPage","@id":"https:\/\/paracherkaoui.ma\/index.php\/produit\/belle-and-bio-fenugrec-bio-120-gelules\/","url":"https:\/\/paracherkaoui.ma\/index.php\/produit\/belle-and-bio-fenugrec-bio-120-gelules\/","name":"BELLE AND BIO FENUGREC BIO 120 GELULES - Paracherkaoui.ma","isPartOf":{"@id":"https:\/\/paracherkaoui.ma\/#website"},"primaryImageOfPage":{"@id":"https:\/\/paracherkaoui.ma\/index.php\/produit\/belle-and-bio-fenugrec-bio-120-gelules\/#primaryimage"},"image":{"@id":"https:\/\/paracherkaoui.ma\/index.php\/produit\/belle-and-bio-fenugrec-bio-120-gelules\/#primaryimage"},"thumbnailUrl":"https:\/\/paracherkaoui.ma\/wp-content\/uploads\/2025\/12\/belle-and-bio-fenugrec-bio-120-gelules.jpg","datePublished":"2025-12-12T18:44:00+00:00","dateModified":"2025-12-12T18:44:06+00:00","breadcrumb":{"@id":"https:\/\/paracherkaoui.ma\/index.php\/produit\/belle-and-bio-fenugrec-bio-120-gelules\/#breadcrumb"},"inLanguage":"fr-FR","potentialAction":[{"@type":"ReadAction","target":["https:\/\/paracherkaoui.ma\/index.php\/produit\/belle-and-bio-fenugrec-bio-120-gelules\/"]}]},{"@type":"ImageObject","inLanguage":"fr-FR","@id":"https:\/\/paracherkaoui.ma\/index.php\/produit\/belle-and-bio-fenugrec-bio-120-gelules\/#primaryimage","url":"https:\/\/paracherkaoui.ma\/wp-content\/uploads\/2025\/12\/belle-and-bio-fenugrec-bio-120-gelules.jpg","contentUrl":"https:\/\/paracherkaoui.ma\/wp-content\/uploads\/2025\/12\/belle-and-bio-fenugrec-bio-120-gelules.jpg","width":700,"height":700},{"@type":"BreadcrumbList","@id":"https:\/\/paracherkaoui.ma\/index.php\/produit\/belle-and-bio-fenugrec-bio-120-gelules\/#breadcrumb","itemListElement":[{"@type":"ListItem","position":1,"name":"Accueil","item":"https:\/\/paracherkaoui.ma\/"},{"@type":"ListItem","position":2,"name":"Boutique","item":"https:\/\/paracherkaoui.ma\/index.php\/boutique\/"},{"@type":"ListItem","position":3,"name":"BELLE AND BIO FENUGREC BIO 120 GELULES"}]},{"@type":"WebSite","@id":"https:\/\/paracherkaoui.ma\/#website","url":"https:\/\/paracherkaoui.ma\/","name":"Paracherkaoui.ma","description":"Achetez en ligne sur Paracherkaoui.ma","potentialAction":[{"@type":"SearchAction","target":{"@type":"EntryPoint","urlTemplate":"https:\/\/paracherkaoui.ma\/?s={search_term_string}"},"query-input":{"@type":"PropertyValueSpecification","valueRequired":true,"valueName":"search_term_string"}}],"inLanguage":"fr-FR"}]}},"_links":{"self":[{"href":"https:\/\/paracherkaoui.ma\/index.php\/wp-json\/wp\/v2\/product\/55676","targetHints":{"allow":["GET"]}}],"collection":[{"href":"https:\/\/paracherkaoui.ma\/index.php\/wp-json\/wp\/v2\/product"}],"about":[{"href":"https:\/\/paracherkaoui.ma\/index.php\/wp-json\/wp\/v2\/types\/product"}],"replies":[{"embeddable":true,"href":"https:\/\/paracherkaoui.ma\/index.php\/wp-json\/wp\/v2\/comments?post=55676"}],"version-history":[{"count":1,"href":"https:\/\/paracherkaoui.ma\/index.php\/wp-json\/wp\/v2\/product\/55676\/revisions"}],"predecessor-version":[{"id":55722,"href":"https:\/\/paracherkaoui.ma\/index.php\/wp-json\/wp\/v2\/product\/55676\/revisions\/55722"}],"wp:featuredmedia":[{"embeddable":true,"href":"https:\/\/paracherkaoui.ma\/index.php\/wp-json\/wp\/v2\/media\/55721"}],"wp:attachment":[{"href":"https:\/\/paracherkaoui.ma\/index.php\/wp-json\/wp\/v2\/media?parent=55676"}],"wp:term":[{"taxonomy":"product_brand","embeddable":true,"href":"https:\/\/paracherkaoui.ma\/index.php\/wp-json\/wp\/v2\/product_brand?post=55676"},{"taxonomy":"product_cat","embeddable":true,"href":"https:\/\/paracherkaoui.ma\/index.php\/wp-json\/wp\/v2\/product_cat?post=55676"},{"taxonomy":"product_tag","embeddable":true,"href":"https:\/\/paracherkaoui.ma\/index.php\/wp-json\/wp\/v2\/product_tag?post=55676"}],"curies":[{"name":"wp","href":"https:\/\/api.w.org\/{rel}","templated":true}]}}