{"id":55655,"date":"2025-12-12T19:43:59","date_gmt":"2025-12-12T18:43:59","guid":{"rendered":"https:\/\/test.ecbeaute.com\/?post_type=product&#038;p=55655"},"modified":"2025-12-12T19:44:01","modified_gmt":"2025-12-12T18:44:01","slug":"nutrimax-moringa-60-gelules-dosees-a-380-g","status":"publish","type":"product","link":"https:\/\/paracherkaoui.ma\/index.php\/produit\/nutrimax-moringa-60-gelules-dosees-a-380-g\/","title":{"rendered":"NUTRIMAX MORINGA 60 GELULES DOSEES A 380 G"},"content":{"rendered":"<p>Le Moringa, souvent appel\u00e9 \u00ab\u00a0arbre de vie\u00a0\u00bb, est une plante aux propri\u00e9t\u00e9s nutritives et m\u00e9dicinales exceptionnelles. Chaque g\u00e9lule de Nutrimax Moringa est riche en prot\u00e9ines, vitamines (A, B, C et E), min\u00e9raux (calcium, magn\u00e9sium, fer), et antioxydants. Ces \u00e9l\u00e9ments contribuent \u00e0:<br \/>\nRenforcement du syst\u00e8me immunitaire: Les antioxydants pr\u00e9sents dans le Moringa aident \u00e0 neutraliser les radicaux libres, prot\u00e9geant ainsi les cellules et renfor\u00e7ant les d\u00e9fenses naturelles du corps.<br \/>\n\u00c9nergie et Vitalit\u00e9: Gr\u00e2ce \u00e0 sa haute teneur en prot\u00e9ines et en vitamines, le Moringa booste l&rsquo;\u00e9nergie et r\u00e9duit la fatigue.<br \/>\nSoutien des fonctions digestives: Les fibres naturelles du Moringa am\u00e9liorent la digestion et favorisent un transit intestinal sain.<br \/>\nSant\u00e9 de la peau: Les vitamines et min\u00e9raux nourrissent la peau de l&rsquo;int\u00e9rieur, contribuant \u00e0 une peau plus saine et \u00e9clatante.<br \/>\nCONSEIL D\u2019UTILISATION<br \/>\nPour profiter pleinement des bienfaits du Nutrimax Moringa, il est recommand\u00e9 de prendre deux g\u00e9lules par jour avec un grand verre d&rsquo;eau, de pr\u00e9f\u00e9rence pendant les repas. Cette posologie permet une absorption optimale des nutriments et garantit une efficacit\u00e9 maximale.<\/p>\n","protected":false},"excerpt":{"rendered":"<p>Le Moringa, souvent appel\u00e9 \u00ab\u00a0arbre de vie\u00a0\u00bb, est une plante aux propri\u00e9t\u00e9s nutritives et m\u00e9dicinales exceptionnelles. Chaque g\u00e9lule de Nutrimax<\/p>\n","protected":false},"featured_media":55685,"comment_status":"open","ping_status":"closed","template":"","meta":[],"product_brand":[1008],"product_cat":[1077],"product_tag":[],"class_list":{"0":"post-55655","1":"product","2":"type-product","3":"status-publish","4":"has-post-thumbnail","6":"product_brand-nutrimax","7":"product_cat-transit-digestion-et-elimination","9":"first","10":"instock","11":"sale","12":"shipping-taxable","13":"purchasable","14":"product-type-simple"},"yoast_head":"<!-- This site is optimized with the Yoast SEO plugin v26.6 - https:\/\/yoast.com\/wordpress\/plugins\/seo\/ -->\r\n<title>NUTRIMAX MORINGA 60 GELULES DOSEES A 380 G - Paracherkaoui.ma<\/title>\r\n<meta name=\"robots\" content=\"index, follow, max-snippet:-1, max-image-preview:large, max-video-preview:-1\" \/>\r\n<link rel=\"canonical\" href=\"https:\/\/paracherkaoui.ma\/index.php\/produit\/nutrimax-moringa-60-gelules-dosees-a-380-g\/\" \/>\r\n<meta property=\"og:locale\" content=\"fr_FR\" \/>\r\n<meta property=\"og:type\" content=\"article\" \/>\r\n<meta property=\"og:title\" content=\"NUTRIMAX MORINGA 60 GELULES DOSEES A 380 G - Paracherkaoui.ma\" \/>\r\n<meta property=\"og:description\" content=\"Le Moringa, souvent appel\u00e9 \u00ab\u00a0arbre de vie\u00a0\u00bb, est une plante aux propri\u00e9t\u00e9s nutritives et m\u00e9dicinales exceptionnelles. Chaque g\u00e9lule de Nutrimax\" \/>\r\n<meta property=\"og:url\" content=\"https:\/\/paracherkaoui.ma\/index.php\/produit\/nutrimax-moringa-60-gelules-dosees-a-380-g\/\" \/>\r\n<meta property=\"og:site_name\" content=\"Paracherkaoui.ma\" \/>\r\n<meta property=\"article:modified_time\" content=\"2025-12-12T18:44:01+00:00\" \/>\r\n<meta property=\"og:image\" content=\"https:\/\/paracherkaoui.ma\/wp-content\/uploads\/2025\/12\/nutrimax-nutrimax-moringa-60-gelules-dosees-a-380-g-transit-digestion-et-elimination.jpg\" \/>\r\n\t<meta property=\"og:image:width\" content=\"700\" \/>\r\n\t<meta property=\"og:image:height\" content=\"700\" \/>\r\n\t<meta property=\"og:image:type\" content=\"image\/jpeg\" \/>\r\n<meta name=\"twitter:card\" content=\"summary_large_image\" \/>\r\n<meta name=\"twitter:label1\" content=\"Dur\u00e9e de lecture estim\u00e9e\" \/>\n\t<meta name=\"twitter:data1\" content=\"1 minute\" \/>\r\n<script type=\"application\/ld+json\" class=\"yoast-schema-graph\">{\"@context\":\"https:\/\/schema.org\",\"@graph\":[{\"@type\":\"WebPage\",\"@id\":\"https:\/\/paracherkaoui.ma\/index.php\/produit\/nutrimax-moringa-60-gelules-dosees-a-380-g\/\",\"url\":\"https:\/\/paracherkaoui.ma\/index.php\/produit\/nutrimax-moringa-60-gelules-dosees-a-380-g\/\",\"name\":\"NUTRIMAX MORINGA 60 GELULES DOSEES A 380 G - Paracherkaoui.ma\",\"isPartOf\":{\"@id\":\"https:\/\/paracherkaoui.ma\/#website\"},\"primaryImageOfPage\":{\"@id\":\"https:\/\/paracherkaoui.ma\/index.php\/produit\/nutrimax-moringa-60-gelules-dosees-a-380-g\/#primaryimage\"},\"image\":{\"@id\":\"https:\/\/paracherkaoui.ma\/index.php\/produit\/nutrimax-moringa-60-gelules-dosees-a-380-g\/#primaryimage\"},\"thumbnailUrl\":\"https:\/\/paracherkaoui.ma\/wp-content\/uploads\/2025\/12\/nutrimax-nutrimax-moringa-60-gelules-dosees-a-380-g-transit-digestion-et-elimination.jpg\",\"datePublished\":\"2025-12-12T18:43:59+00:00\",\"dateModified\":\"2025-12-12T18:44:01+00:00\",\"breadcrumb\":{\"@id\":\"https:\/\/paracherkaoui.ma\/index.php\/produit\/nutrimax-moringa-60-gelules-dosees-a-380-g\/#breadcrumb\"},\"inLanguage\":\"fr-FR\",\"potentialAction\":[{\"@type\":\"ReadAction\",\"target\":[\"https:\/\/paracherkaoui.ma\/index.php\/produit\/nutrimax-moringa-60-gelules-dosees-a-380-g\/\"]}]},{\"@type\":\"ImageObject\",\"inLanguage\":\"fr-FR\",\"@id\":\"https:\/\/paracherkaoui.ma\/index.php\/produit\/nutrimax-moringa-60-gelules-dosees-a-380-g\/#primaryimage\",\"url\":\"https:\/\/paracherkaoui.ma\/wp-content\/uploads\/2025\/12\/nutrimax-nutrimax-moringa-60-gelules-dosees-a-380-g-transit-digestion-et-elimination.jpg\",\"contentUrl\":\"https:\/\/paracherkaoui.ma\/wp-content\/uploads\/2025\/12\/nutrimax-nutrimax-moringa-60-gelules-dosees-a-380-g-transit-digestion-et-elimination.jpg\",\"width\":700,\"height\":700},{\"@type\":\"BreadcrumbList\",\"@id\":\"https:\/\/paracherkaoui.ma\/index.php\/produit\/nutrimax-moringa-60-gelules-dosees-a-380-g\/#breadcrumb\",\"itemListElement\":[{\"@type\":\"ListItem\",\"position\":1,\"name\":\"Accueil\",\"item\":\"https:\/\/paracherkaoui.ma\/\"},{\"@type\":\"ListItem\",\"position\":2,\"name\":\"Boutique\",\"item\":\"https:\/\/paracherkaoui.ma\/index.php\/boutique\/\"},{\"@type\":\"ListItem\",\"position\":3,\"name\":\"NUTRIMAX MORINGA 60 GELULES DOSEES A 380 G\"}]},{\"@type\":\"WebSite\",\"@id\":\"https:\/\/paracherkaoui.ma\/#website\",\"url\":\"https:\/\/paracherkaoui.ma\/\",\"name\":\"Paracherkaoui.ma\",\"description\":\"Achetez en ligne sur Paracherkaoui.ma\",\"potentialAction\":[{\"@type\":\"SearchAction\",\"target\":{\"@type\":\"EntryPoint\",\"urlTemplate\":\"https:\/\/paracherkaoui.ma\/?s={search_term_string}\"},\"query-input\":{\"@type\":\"PropertyValueSpecification\",\"valueRequired\":true,\"valueName\":\"search_term_string\"}}],\"inLanguage\":\"fr-FR\"}]}<\/script>\r\n<!-- \/ Yoast SEO plugin. -->","yoast_head_json":{"title":"NUTRIMAX MORINGA 60 GELULES DOSEES A 380 G - Paracherkaoui.ma","robots":{"index":"index","follow":"follow","max-snippet":"max-snippet:-1","max-image-preview":"max-image-preview:large","max-video-preview":"max-video-preview:-1"},"canonical":"https:\/\/paracherkaoui.ma\/index.php\/produit\/nutrimax-moringa-60-gelules-dosees-a-380-g\/","og_locale":"fr_FR","og_type":"article","og_title":"NUTRIMAX MORINGA 60 GELULES DOSEES A 380 G - Paracherkaoui.ma","og_description":"Le Moringa, souvent appel\u00e9 \u00ab\u00a0arbre de vie\u00a0\u00bb, est une plante aux propri\u00e9t\u00e9s nutritives et m\u00e9dicinales exceptionnelles. Chaque g\u00e9lule de Nutrimax","og_url":"https:\/\/paracherkaoui.ma\/index.php\/produit\/nutrimax-moringa-60-gelules-dosees-a-380-g\/","og_site_name":"Paracherkaoui.ma","article_modified_time":"2025-12-12T18:44:01+00:00","og_image":[{"width":700,"height":700,"url":"https:\/\/paracherkaoui.ma\/wp-content\/uploads\/2025\/12\/nutrimax-nutrimax-moringa-60-gelules-dosees-a-380-g-transit-digestion-et-elimination.jpg","type":"image\/jpeg"}],"twitter_card":"summary_large_image","twitter_misc":{"Dur\u00e9e de lecture estim\u00e9e":"1 minute"},"schema":{"@context":"https:\/\/schema.org","@graph":[{"@type":"WebPage","@id":"https:\/\/paracherkaoui.ma\/index.php\/produit\/nutrimax-moringa-60-gelules-dosees-a-380-g\/","url":"https:\/\/paracherkaoui.ma\/index.php\/produit\/nutrimax-moringa-60-gelules-dosees-a-380-g\/","name":"NUTRIMAX MORINGA 60 GELULES DOSEES A 380 G - Paracherkaoui.ma","isPartOf":{"@id":"https:\/\/paracherkaoui.ma\/#website"},"primaryImageOfPage":{"@id":"https:\/\/paracherkaoui.ma\/index.php\/produit\/nutrimax-moringa-60-gelules-dosees-a-380-g\/#primaryimage"},"image":{"@id":"https:\/\/paracherkaoui.ma\/index.php\/produit\/nutrimax-moringa-60-gelules-dosees-a-380-g\/#primaryimage"},"thumbnailUrl":"https:\/\/paracherkaoui.ma\/wp-content\/uploads\/2025\/12\/nutrimax-nutrimax-moringa-60-gelules-dosees-a-380-g-transit-digestion-et-elimination.jpg","datePublished":"2025-12-12T18:43:59+00:00","dateModified":"2025-12-12T18:44:01+00:00","breadcrumb":{"@id":"https:\/\/paracherkaoui.ma\/index.php\/produit\/nutrimax-moringa-60-gelules-dosees-a-380-g\/#breadcrumb"},"inLanguage":"fr-FR","potentialAction":[{"@type":"ReadAction","target":["https:\/\/paracherkaoui.ma\/index.php\/produit\/nutrimax-moringa-60-gelules-dosees-a-380-g\/"]}]},{"@type":"ImageObject","inLanguage":"fr-FR","@id":"https:\/\/paracherkaoui.ma\/index.php\/produit\/nutrimax-moringa-60-gelules-dosees-a-380-g\/#primaryimage","url":"https:\/\/paracherkaoui.ma\/wp-content\/uploads\/2025\/12\/nutrimax-nutrimax-moringa-60-gelules-dosees-a-380-g-transit-digestion-et-elimination.jpg","contentUrl":"https:\/\/paracherkaoui.ma\/wp-content\/uploads\/2025\/12\/nutrimax-nutrimax-moringa-60-gelules-dosees-a-380-g-transit-digestion-et-elimination.jpg","width":700,"height":700},{"@type":"BreadcrumbList","@id":"https:\/\/paracherkaoui.ma\/index.php\/produit\/nutrimax-moringa-60-gelules-dosees-a-380-g\/#breadcrumb","itemListElement":[{"@type":"ListItem","position":1,"name":"Accueil","item":"https:\/\/paracherkaoui.ma\/"},{"@type":"ListItem","position":2,"name":"Boutique","item":"https:\/\/paracherkaoui.ma\/index.php\/boutique\/"},{"@type":"ListItem","position":3,"name":"NUTRIMAX MORINGA 60 GELULES DOSEES A 380 G"}]},{"@type":"WebSite","@id":"https:\/\/paracherkaoui.ma\/#website","url":"https:\/\/paracherkaoui.ma\/","name":"Paracherkaoui.ma","description":"Achetez en ligne sur Paracherkaoui.ma","potentialAction":[{"@type":"SearchAction","target":{"@type":"EntryPoint","urlTemplate":"https:\/\/paracherkaoui.ma\/?s={search_term_string}"},"query-input":{"@type":"PropertyValueSpecification","valueRequired":true,"valueName":"search_term_string"}}],"inLanguage":"fr-FR"}]}},"_links":{"self":[{"href":"https:\/\/paracherkaoui.ma\/index.php\/wp-json\/wp\/v2\/product\/55655","targetHints":{"allow":["GET"]}}],"collection":[{"href":"https:\/\/paracherkaoui.ma\/index.php\/wp-json\/wp\/v2\/product"}],"about":[{"href":"https:\/\/paracherkaoui.ma\/index.php\/wp-json\/wp\/v2\/types\/product"}],"replies":[{"embeddable":true,"href":"https:\/\/paracherkaoui.ma\/index.php\/wp-json\/wp\/v2\/comments?post=55655"}],"version-history":[{"count":1,"href":"https:\/\/paracherkaoui.ma\/index.php\/wp-json\/wp\/v2\/product\/55655\/revisions"}],"predecessor-version":[{"id":55686,"href":"https:\/\/paracherkaoui.ma\/index.php\/wp-json\/wp\/v2\/product\/55655\/revisions\/55686"}],"wp:featuredmedia":[{"embeddable":true,"href":"https:\/\/paracherkaoui.ma\/index.php\/wp-json\/wp\/v2\/media\/55685"}],"wp:attachment":[{"href":"https:\/\/paracherkaoui.ma\/index.php\/wp-json\/wp\/v2\/media?parent=55655"}],"wp:term":[{"taxonomy":"product_brand","embeddable":true,"href":"https:\/\/paracherkaoui.ma\/index.php\/wp-json\/wp\/v2\/product_brand?post=55655"},{"taxonomy":"product_cat","embeddable":true,"href":"https:\/\/paracherkaoui.ma\/index.php\/wp-json\/wp\/v2\/product_cat?post=55655"},{"taxonomy":"product_tag","embeddable":true,"href":"https:\/\/paracherkaoui.ma\/index.php\/wp-json\/wp\/v2\/product_tag?post=55655"}],"curies":[{"name":"wp","href":"https:\/\/api.w.org\/{rel}","templated":true}]}}