{"id":55588,"date":"2025-12-12T19:43:49","date_gmt":"2025-12-12T18:43:49","guid":{"rendered":"https:\/\/test.ecbeaute.com\/?post_type=product&#038;p=55588"},"modified":"2025-12-12T19:43:56","modified_gmt":"2025-12-12T18:43:56","slug":"biofar-phyto-digestion","status":"publish","type":"product","link":"https:\/\/paracherkaoui.ma\/index.php\/produit\/biofar-phyto-digestion\/","title":{"rendered":"BIOFAR PHYTO DIGESTION"},"content":{"rendered":"<p>Description:<br \/>\nLa digestion est un ph\u00e9nom\u00e8ne complexe, aussi bien m\u00e9canique que chimique, qui est souvent d\u00e9r\u00e9gl\u00e9. Constipation, flatulences, remont\u00e9es acides\u2026 Un large panel de troubles digestifs qui peuvent apporter leur lot de d\u00e9sagr\u00e9ments au quotidien\u00a0! Les Laboratoires Biofar ont pris le meilleur de la nature pour favoriser votre digestion avec une association synergique d\u2019artichaut, ananas, papaye, fibres et vitamines B\u2026 Le tout avec un bon go\u00fbt d\u2019agrumes\u00a0! Biofar Phyto Digestion est un compl\u00e9ment alimentaire r\u00e9serv\u00e9 \u00e0 l\u2019adulte.<br \/>\nConseils d&rsquo;utilisation:<br \/>\n1 \u00e0 2 comprim\u00e9s par jour, apr\u00e8s un repas, \u00e0 dissoudre dans un grand verre d\u2019eau et \u00e0 boire imm\u00e9diatement apr\u00e8s dissolution. S\u2019utilise notamment apr\u00e8s un repas copieux ou trop gras afin de faciliter la digestion et diminuer la sensation de pesanteur digestive. A renouveler chaque fois que n\u00e9cessaire.<\/p>\n","protected":false},"excerpt":{"rendered":"<p>Description: La digestion est un ph\u00e9nom\u00e8ne complexe, aussi bien m\u00e9canique que chimique, qui est souvent d\u00e9r\u00e9gl\u00e9. Constipation, flatulences, remont\u00e9es acides\u2026<\/p>\n","protected":false},"featured_media":55633,"comment_status":"open","ping_status":"closed","template":"","meta":[],"product_brand":[1032],"product_cat":[1077],"product_tag":[],"class_list":{"0":"post-55588","1":"product","2":"type-product","3":"status-publish","4":"has-post-thumbnail","6":"product_brand-biofar","7":"product_cat-transit-digestion-et-elimination","9":"first","10":"instock","11":"sale","12":"shipping-taxable","13":"purchasable","14":"product-type-simple"},"yoast_head":"<!-- This site is optimized with the Yoast SEO plugin v26.6 - https:\/\/yoast.com\/wordpress\/plugins\/seo\/ -->\r\n<title>BIOFAR PHYTO DIGESTION - Paracherkaoui.ma<\/title>\r\n<meta name=\"robots\" content=\"index, follow, max-snippet:-1, max-image-preview:large, max-video-preview:-1\" \/>\r\n<link rel=\"canonical\" href=\"https:\/\/paracherkaoui.ma\/index.php\/produit\/biofar-phyto-digestion\/\" \/>\r\n<meta property=\"og:locale\" content=\"fr_FR\" \/>\r\n<meta property=\"og:type\" content=\"article\" \/>\r\n<meta property=\"og:title\" content=\"BIOFAR PHYTO DIGESTION - Paracherkaoui.ma\" \/>\r\n<meta property=\"og:description\" content=\"Description: La digestion est un ph\u00e9nom\u00e8ne complexe, aussi bien m\u00e9canique que chimique, qui est souvent d\u00e9r\u00e9gl\u00e9. Constipation, flatulences, remont\u00e9es acides\u2026\" \/>\r\n<meta property=\"og:url\" content=\"https:\/\/paracherkaoui.ma\/index.php\/produit\/biofar-phyto-digestion\/\" \/>\r\n<meta property=\"og:site_name\" content=\"Paracherkaoui.ma\" \/>\r\n<meta property=\"article:modified_time\" content=\"2025-12-12T18:43:56+00:00\" \/>\r\n<meta property=\"og:image\" content=\"https:\/\/paracherkaoui.ma\/wp-content\/uploads\/2025\/12\/biofar-biofar-phyto-digestion-transit-digestion-elimination.jpg\" \/>\r\n\t<meta property=\"og:image:width\" content=\"700\" \/>\r\n\t<meta property=\"og:image:height\" content=\"700\" \/>\r\n\t<meta property=\"og:image:type\" content=\"image\/jpeg\" \/>\r\n<meta name=\"twitter:card\" content=\"summary_large_image\" \/>\r\n<meta name=\"twitter:label1\" content=\"Dur\u00e9e de lecture estim\u00e9e\" \/>\n\t<meta name=\"twitter:data1\" content=\"1 minute\" \/>\r\n<script type=\"application\/ld+json\" class=\"yoast-schema-graph\">{\"@context\":\"https:\/\/schema.org\",\"@graph\":[{\"@type\":\"WebPage\",\"@id\":\"https:\/\/paracherkaoui.ma\/index.php\/produit\/biofar-phyto-digestion\/\",\"url\":\"https:\/\/paracherkaoui.ma\/index.php\/produit\/biofar-phyto-digestion\/\",\"name\":\"BIOFAR PHYTO DIGESTION - Paracherkaoui.ma\",\"isPartOf\":{\"@id\":\"https:\/\/paracherkaoui.ma\/#website\"},\"primaryImageOfPage\":{\"@id\":\"https:\/\/paracherkaoui.ma\/index.php\/produit\/biofar-phyto-digestion\/#primaryimage\"},\"image\":{\"@id\":\"https:\/\/paracherkaoui.ma\/index.php\/produit\/biofar-phyto-digestion\/#primaryimage\"},\"thumbnailUrl\":\"https:\/\/paracherkaoui.ma\/wp-content\/uploads\/2025\/12\/biofar-biofar-phyto-digestion-transit-digestion-elimination.jpg\",\"datePublished\":\"2025-12-12T18:43:49+00:00\",\"dateModified\":\"2025-12-12T18:43:56+00:00\",\"breadcrumb\":{\"@id\":\"https:\/\/paracherkaoui.ma\/index.php\/produit\/biofar-phyto-digestion\/#breadcrumb\"},\"inLanguage\":\"fr-FR\",\"potentialAction\":[{\"@type\":\"ReadAction\",\"target\":[\"https:\/\/paracherkaoui.ma\/index.php\/produit\/biofar-phyto-digestion\/\"]}]},{\"@type\":\"ImageObject\",\"inLanguage\":\"fr-FR\",\"@id\":\"https:\/\/paracherkaoui.ma\/index.php\/produit\/biofar-phyto-digestion\/#primaryimage\",\"url\":\"https:\/\/paracherkaoui.ma\/wp-content\/uploads\/2025\/12\/biofar-biofar-phyto-digestion-transit-digestion-elimination.jpg\",\"contentUrl\":\"https:\/\/paracherkaoui.ma\/wp-content\/uploads\/2025\/12\/biofar-biofar-phyto-digestion-transit-digestion-elimination.jpg\",\"width\":700,\"height\":700},{\"@type\":\"BreadcrumbList\",\"@id\":\"https:\/\/paracherkaoui.ma\/index.php\/produit\/biofar-phyto-digestion\/#breadcrumb\",\"itemListElement\":[{\"@type\":\"ListItem\",\"position\":1,\"name\":\"Accueil\",\"item\":\"https:\/\/paracherkaoui.ma\/\"},{\"@type\":\"ListItem\",\"position\":2,\"name\":\"Boutique\",\"item\":\"https:\/\/paracherkaoui.ma\/index.php\/boutique\/\"},{\"@type\":\"ListItem\",\"position\":3,\"name\":\"BIOFAR PHYTO DIGESTION\"}]},{\"@type\":\"WebSite\",\"@id\":\"https:\/\/paracherkaoui.ma\/#website\",\"url\":\"https:\/\/paracherkaoui.ma\/\",\"name\":\"Paracherkaoui.ma\",\"description\":\"Achetez en ligne sur Paracherkaoui.ma\",\"potentialAction\":[{\"@type\":\"SearchAction\",\"target\":{\"@type\":\"EntryPoint\",\"urlTemplate\":\"https:\/\/paracherkaoui.ma\/?s={search_term_string}\"},\"query-input\":{\"@type\":\"PropertyValueSpecification\",\"valueRequired\":true,\"valueName\":\"search_term_string\"}}],\"inLanguage\":\"fr-FR\"}]}<\/script>\r\n<!-- \/ Yoast SEO plugin. -->","yoast_head_json":{"title":"BIOFAR PHYTO DIGESTION - Paracherkaoui.ma","robots":{"index":"index","follow":"follow","max-snippet":"max-snippet:-1","max-image-preview":"max-image-preview:large","max-video-preview":"max-video-preview:-1"},"canonical":"https:\/\/paracherkaoui.ma\/index.php\/produit\/biofar-phyto-digestion\/","og_locale":"fr_FR","og_type":"article","og_title":"BIOFAR PHYTO DIGESTION - Paracherkaoui.ma","og_description":"Description: La digestion est un ph\u00e9nom\u00e8ne complexe, aussi bien m\u00e9canique que chimique, qui est souvent d\u00e9r\u00e9gl\u00e9. Constipation, flatulences, remont\u00e9es acides\u2026","og_url":"https:\/\/paracherkaoui.ma\/index.php\/produit\/biofar-phyto-digestion\/","og_site_name":"Paracherkaoui.ma","article_modified_time":"2025-12-12T18:43:56+00:00","og_image":[{"width":700,"height":700,"url":"https:\/\/paracherkaoui.ma\/wp-content\/uploads\/2025\/12\/biofar-biofar-phyto-digestion-transit-digestion-elimination.jpg","type":"image\/jpeg"}],"twitter_card":"summary_large_image","twitter_misc":{"Dur\u00e9e de lecture estim\u00e9e":"1 minute"},"schema":{"@context":"https:\/\/schema.org","@graph":[{"@type":"WebPage","@id":"https:\/\/paracherkaoui.ma\/index.php\/produit\/biofar-phyto-digestion\/","url":"https:\/\/paracherkaoui.ma\/index.php\/produit\/biofar-phyto-digestion\/","name":"BIOFAR PHYTO DIGESTION - Paracherkaoui.ma","isPartOf":{"@id":"https:\/\/paracherkaoui.ma\/#website"},"primaryImageOfPage":{"@id":"https:\/\/paracherkaoui.ma\/index.php\/produit\/biofar-phyto-digestion\/#primaryimage"},"image":{"@id":"https:\/\/paracherkaoui.ma\/index.php\/produit\/biofar-phyto-digestion\/#primaryimage"},"thumbnailUrl":"https:\/\/paracherkaoui.ma\/wp-content\/uploads\/2025\/12\/biofar-biofar-phyto-digestion-transit-digestion-elimination.jpg","datePublished":"2025-12-12T18:43:49+00:00","dateModified":"2025-12-12T18:43:56+00:00","breadcrumb":{"@id":"https:\/\/paracherkaoui.ma\/index.php\/produit\/biofar-phyto-digestion\/#breadcrumb"},"inLanguage":"fr-FR","potentialAction":[{"@type":"ReadAction","target":["https:\/\/paracherkaoui.ma\/index.php\/produit\/biofar-phyto-digestion\/"]}]},{"@type":"ImageObject","inLanguage":"fr-FR","@id":"https:\/\/paracherkaoui.ma\/index.php\/produit\/biofar-phyto-digestion\/#primaryimage","url":"https:\/\/paracherkaoui.ma\/wp-content\/uploads\/2025\/12\/biofar-biofar-phyto-digestion-transit-digestion-elimination.jpg","contentUrl":"https:\/\/paracherkaoui.ma\/wp-content\/uploads\/2025\/12\/biofar-biofar-phyto-digestion-transit-digestion-elimination.jpg","width":700,"height":700},{"@type":"BreadcrumbList","@id":"https:\/\/paracherkaoui.ma\/index.php\/produit\/biofar-phyto-digestion\/#breadcrumb","itemListElement":[{"@type":"ListItem","position":1,"name":"Accueil","item":"https:\/\/paracherkaoui.ma\/"},{"@type":"ListItem","position":2,"name":"Boutique","item":"https:\/\/paracherkaoui.ma\/index.php\/boutique\/"},{"@type":"ListItem","position":3,"name":"BIOFAR PHYTO DIGESTION"}]},{"@type":"WebSite","@id":"https:\/\/paracherkaoui.ma\/#website","url":"https:\/\/paracherkaoui.ma\/","name":"Paracherkaoui.ma","description":"Achetez en ligne sur Paracherkaoui.ma","potentialAction":[{"@type":"SearchAction","target":{"@type":"EntryPoint","urlTemplate":"https:\/\/paracherkaoui.ma\/?s={search_term_string}"},"query-input":{"@type":"PropertyValueSpecification","valueRequired":true,"valueName":"search_term_string"}}],"inLanguage":"fr-FR"}]}},"_links":{"self":[{"href":"https:\/\/paracherkaoui.ma\/index.php\/wp-json\/wp\/v2\/product\/55588","targetHints":{"allow":["GET"]}}],"collection":[{"href":"https:\/\/paracherkaoui.ma\/index.php\/wp-json\/wp\/v2\/product"}],"about":[{"href":"https:\/\/paracherkaoui.ma\/index.php\/wp-json\/wp\/v2\/types\/product"}],"replies":[{"embeddable":true,"href":"https:\/\/paracherkaoui.ma\/index.php\/wp-json\/wp\/v2\/comments?post=55588"}],"version-history":[{"count":1,"href":"https:\/\/paracherkaoui.ma\/index.php\/wp-json\/wp\/v2\/product\/55588\/revisions"}],"predecessor-version":[{"id":55634,"href":"https:\/\/paracherkaoui.ma\/index.php\/wp-json\/wp\/v2\/product\/55588\/revisions\/55634"}],"wp:featuredmedia":[{"embeddable":true,"href":"https:\/\/paracherkaoui.ma\/index.php\/wp-json\/wp\/v2\/media\/55633"}],"wp:attachment":[{"href":"https:\/\/paracherkaoui.ma\/index.php\/wp-json\/wp\/v2\/media?parent=55588"}],"wp:term":[{"taxonomy":"product_brand","embeddable":true,"href":"https:\/\/paracherkaoui.ma\/index.php\/wp-json\/wp\/v2\/product_brand?post=55588"},{"taxonomy":"product_cat","embeddable":true,"href":"https:\/\/paracherkaoui.ma\/index.php\/wp-json\/wp\/v2\/product_cat?post=55588"},{"taxonomy":"product_tag","embeddable":true,"href":"https:\/\/paracherkaoui.ma\/index.php\/wp-json\/wp\/v2\/product_tag?post=55588"}],"curies":[{"name":"wp","href":"https:\/\/api.w.org\/{rel}","templated":true}]}}