{"id":55579,"date":"2025-12-12T19:43:48","date_gmt":"2025-12-12T18:43:48","guid":{"rendered":"https:\/\/test.ecbeaute.com\/?post_type=product&#038;p=55579"},"modified":"2025-12-12T19:43:54","modified_gmt":"2025-12-12T18:43:54","slug":"nutrimax-curcuma-poivre-noir-60-gelules","status":"publish","type":"product","link":"https:\/\/paracherkaoui.ma\/index.php\/produit\/nutrimax-curcuma-poivre-noir-60-gelules\/","title":{"rendered":"NUTRIMAX CURCUMA + POIVRE NOIR 60 GELULES"},"content":{"rendered":"<p>Originaire d\u2019Asie du Sud-Est, le Curcuma\u00a0est depuis longtemps utilis\u00e9 pour soulager les maladies inflammatoires, comme l\u2019arthrite ou l\u2019arthrose. Tr\u00e8s pr\u00e9sente dans la m\u00e9decine Ayurv\u00e9dique, c\u2019est la racine de cette \u00e9pice (rhizome) qui est utilis\u00e9e pour ses vertus sur le confort articulaire.<br \/>\nIl est \u00e9galement utilis\u00e9 comme additif alimentaire pour traiter les troubles digestifs comme les maux d\u2019estomac, les naus\u00e9es, la perte d\u2019app\u00e9tit ou les sensations de lourdeur.<br \/>\nContribue \u00e0 la flexibilit\u00e9 et \u00e0 la souplesse des articulations.<br \/>\nAide \u00e0 traiter les troubles digestifs.<br \/>\nConseils d&rsquo;utilisation:<br \/>\n2 g\u00e9lules par jour, le matin et le midi avant le repas.<br \/>\nContre-indiqu\u00e9 en cas d\u2019obstruction des voies biliaires, d\u2019alt\u00e9rations de la fonction h\u00e9pato-biliaire, d\u2019ulc\u00e8re gastrique ou d\u2019hyperacidit\u00e9.<br \/>\nComposition :<br \/>\nExtrait de Rhizome de Curcuma (curcuma longa), Poudre de grain de Poivre noir (piper nigrum) Excipients : Maltodextrine, St\u00e9arate de Mg, g\u00e9lule d\u2019origine<br \/>\nv\u00e9g\u00e9tale (HPMC).<\/p>\n","protected":false},"excerpt":{"rendered":"<p>Originaire d\u2019Asie du Sud-Est, le Curcuma\u00a0est depuis longtemps utilis\u00e9 pour soulager les maladies inflammatoires, comme l\u2019arthrite ou l\u2019arthrose. Tr\u00e8s pr\u00e9sente<\/p>\n","protected":false},"featured_media":55616,"comment_status":"open","ping_status":"closed","template":"","meta":[],"product_brand":[1008],"product_cat":[1077],"product_tag":[],"class_list":{"0":"post-55579","1":"product","2":"type-product","3":"status-publish","4":"has-post-thumbnail","6":"product_brand-nutrimax","7":"product_cat-transit-digestion-et-elimination","9":"first","10":"instock","11":"sale","12":"shipping-taxable","13":"purchasable","14":"product-type-simple"},"yoast_head":"<!-- This site is optimized with the Yoast SEO plugin v26.6 - https:\/\/yoast.com\/wordpress\/plugins\/seo\/ -->\r\n<title>NUTRIMAX CURCUMA + POIVRE NOIR 60 GELULES - Paracherkaoui.ma<\/title>\r\n<meta name=\"robots\" content=\"index, follow, max-snippet:-1, max-image-preview:large, max-video-preview:-1\" \/>\r\n<link rel=\"canonical\" href=\"https:\/\/paracherkaoui.ma\/index.php\/produit\/nutrimax-curcuma-poivre-noir-60-gelules\/\" \/>\r\n<meta property=\"og:locale\" content=\"fr_FR\" \/>\r\n<meta property=\"og:type\" content=\"article\" \/>\r\n<meta property=\"og:title\" content=\"NUTRIMAX CURCUMA + POIVRE NOIR 60 GELULES - Paracherkaoui.ma\" \/>\r\n<meta property=\"og:description\" content=\"Originaire d\u2019Asie du Sud-Est, le Curcuma\u00a0est depuis longtemps utilis\u00e9 pour soulager les maladies inflammatoires, comme l\u2019arthrite ou l\u2019arthrose. Tr\u00e8s pr\u00e9sente\" \/>\r\n<meta property=\"og:url\" content=\"https:\/\/paracherkaoui.ma\/index.php\/produit\/nutrimax-curcuma-poivre-noir-60-gelules\/\" \/>\r\n<meta property=\"og:site_name\" content=\"Paracherkaoui.ma\" \/>\r\n<meta property=\"article:modified_time\" content=\"2025-12-12T18:43:54+00:00\" \/>\r\n<meta property=\"og:image\" content=\"https:\/\/paracherkaoui.ma\/wp-content\/uploads\/2025\/12\/nutrimax-curcuma-poivre-noir-60-gelules.jpg\" \/>\r\n\t<meta property=\"og:image:width\" content=\"700\" \/>\r\n\t<meta property=\"og:image:height\" content=\"700\" \/>\r\n\t<meta property=\"og:image:type\" content=\"image\/jpeg\" \/>\r\n<meta name=\"twitter:card\" content=\"summary_large_image\" \/>\r\n<meta name=\"twitter:label1\" content=\"Dur\u00e9e de lecture estim\u00e9e\" \/>\n\t<meta name=\"twitter:data1\" content=\"1 minute\" \/>\r\n<script type=\"application\/ld+json\" class=\"yoast-schema-graph\">{\"@context\":\"https:\/\/schema.org\",\"@graph\":[{\"@type\":\"WebPage\",\"@id\":\"https:\/\/paracherkaoui.ma\/index.php\/produit\/nutrimax-curcuma-poivre-noir-60-gelules\/\",\"url\":\"https:\/\/paracherkaoui.ma\/index.php\/produit\/nutrimax-curcuma-poivre-noir-60-gelules\/\",\"name\":\"NUTRIMAX CURCUMA + POIVRE NOIR 60 GELULES - Paracherkaoui.ma\",\"isPartOf\":{\"@id\":\"https:\/\/paracherkaoui.ma\/#website\"},\"primaryImageOfPage\":{\"@id\":\"https:\/\/paracherkaoui.ma\/index.php\/produit\/nutrimax-curcuma-poivre-noir-60-gelules\/#primaryimage\"},\"image\":{\"@id\":\"https:\/\/paracherkaoui.ma\/index.php\/produit\/nutrimax-curcuma-poivre-noir-60-gelules\/#primaryimage\"},\"thumbnailUrl\":\"https:\/\/paracherkaoui.ma\/wp-content\/uploads\/2025\/12\/nutrimax-curcuma-poivre-noir-60-gelules.jpg\",\"datePublished\":\"2025-12-12T18:43:48+00:00\",\"dateModified\":\"2025-12-12T18:43:54+00:00\",\"breadcrumb\":{\"@id\":\"https:\/\/paracherkaoui.ma\/index.php\/produit\/nutrimax-curcuma-poivre-noir-60-gelules\/#breadcrumb\"},\"inLanguage\":\"fr-FR\",\"potentialAction\":[{\"@type\":\"ReadAction\",\"target\":[\"https:\/\/paracherkaoui.ma\/index.php\/produit\/nutrimax-curcuma-poivre-noir-60-gelules\/\"]}]},{\"@type\":\"ImageObject\",\"inLanguage\":\"fr-FR\",\"@id\":\"https:\/\/paracherkaoui.ma\/index.php\/produit\/nutrimax-curcuma-poivre-noir-60-gelules\/#primaryimage\",\"url\":\"https:\/\/paracherkaoui.ma\/wp-content\/uploads\/2025\/12\/nutrimax-curcuma-poivre-noir-60-gelules.jpg\",\"contentUrl\":\"https:\/\/paracherkaoui.ma\/wp-content\/uploads\/2025\/12\/nutrimax-curcuma-poivre-noir-60-gelules.jpg\",\"width\":700,\"height\":700},{\"@type\":\"BreadcrumbList\",\"@id\":\"https:\/\/paracherkaoui.ma\/index.php\/produit\/nutrimax-curcuma-poivre-noir-60-gelules\/#breadcrumb\",\"itemListElement\":[{\"@type\":\"ListItem\",\"position\":1,\"name\":\"Accueil\",\"item\":\"https:\/\/paracherkaoui.ma\/\"},{\"@type\":\"ListItem\",\"position\":2,\"name\":\"Boutique\",\"item\":\"https:\/\/paracherkaoui.ma\/index.php\/boutique\/\"},{\"@type\":\"ListItem\",\"position\":3,\"name\":\"NUTRIMAX CURCUMA + POIVRE NOIR 60 GELULES\"}]},{\"@type\":\"WebSite\",\"@id\":\"https:\/\/paracherkaoui.ma\/#website\",\"url\":\"https:\/\/paracherkaoui.ma\/\",\"name\":\"Paracherkaoui.ma\",\"description\":\"Achetez en ligne sur Paracherkaoui.ma\",\"potentialAction\":[{\"@type\":\"SearchAction\",\"target\":{\"@type\":\"EntryPoint\",\"urlTemplate\":\"https:\/\/paracherkaoui.ma\/?s={search_term_string}\"},\"query-input\":{\"@type\":\"PropertyValueSpecification\",\"valueRequired\":true,\"valueName\":\"search_term_string\"}}],\"inLanguage\":\"fr-FR\"}]}<\/script>\r\n<!-- \/ Yoast SEO plugin. -->","yoast_head_json":{"title":"NUTRIMAX CURCUMA + POIVRE NOIR 60 GELULES - Paracherkaoui.ma","robots":{"index":"index","follow":"follow","max-snippet":"max-snippet:-1","max-image-preview":"max-image-preview:large","max-video-preview":"max-video-preview:-1"},"canonical":"https:\/\/paracherkaoui.ma\/index.php\/produit\/nutrimax-curcuma-poivre-noir-60-gelules\/","og_locale":"fr_FR","og_type":"article","og_title":"NUTRIMAX CURCUMA + POIVRE NOIR 60 GELULES - Paracherkaoui.ma","og_description":"Originaire d\u2019Asie du Sud-Est, le Curcuma\u00a0est depuis longtemps utilis\u00e9 pour soulager les maladies inflammatoires, comme l\u2019arthrite ou l\u2019arthrose. Tr\u00e8s pr\u00e9sente","og_url":"https:\/\/paracherkaoui.ma\/index.php\/produit\/nutrimax-curcuma-poivre-noir-60-gelules\/","og_site_name":"Paracherkaoui.ma","article_modified_time":"2025-12-12T18:43:54+00:00","og_image":[{"width":700,"height":700,"url":"https:\/\/paracherkaoui.ma\/wp-content\/uploads\/2025\/12\/nutrimax-curcuma-poivre-noir-60-gelules.jpg","type":"image\/jpeg"}],"twitter_card":"summary_large_image","twitter_misc":{"Dur\u00e9e de lecture estim\u00e9e":"1 minute"},"schema":{"@context":"https:\/\/schema.org","@graph":[{"@type":"WebPage","@id":"https:\/\/paracherkaoui.ma\/index.php\/produit\/nutrimax-curcuma-poivre-noir-60-gelules\/","url":"https:\/\/paracherkaoui.ma\/index.php\/produit\/nutrimax-curcuma-poivre-noir-60-gelules\/","name":"NUTRIMAX CURCUMA + POIVRE NOIR 60 GELULES - Paracherkaoui.ma","isPartOf":{"@id":"https:\/\/paracherkaoui.ma\/#website"},"primaryImageOfPage":{"@id":"https:\/\/paracherkaoui.ma\/index.php\/produit\/nutrimax-curcuma-poivre-noir-60-gelules\/#primaryimage"},"image":{"@id":"https:\/\/paracherkaoui.ma\/index.php\/produit\/nutrimax-curcuma-poivre-noir-60-gelules\/#primaryimage"},"thumbnailUrl":"https:\/\/paracherkaoui.ma\/wp-content\/uploads\/2025\/12\/nutrimax-curcuma-poivre-noir-60-gelules.jpg","datePublished":"2025-12-12T18:43:48+00:00","dateModified":"2025-12-12T18:43:54+00:00","breadcrumb":{"@id":"https:\/\/paracherkaoui.ma\/index.php\/produit\/nutrimax-curcuma-poivre-noir-60-gelules\/#breadcrumb"},"inLanguage":"fr-FR","potentialAction":[{"@type":"ReadAction","target":["https:\/\/paracherkaoui.ma\/index.php\/produit\/nutrimax-curcuma-poivre-noir-60-gelules\/"]}]},{"@type":"ImageObject","inLanguage":"fr-FR","@id":"https:\/\/paracherkaoui.ma\/index.php\/produit\/nutrimax-curcuma-poivre-noir-60-gelules\/#primaryimage","url":"https:\/\/paracherkaoui.ma\/wp-content\/uploads\/2025\/12\/nutrimax-curcuma-poivre-noir-60-gelules.jpg","contentUrl":"https:\/\/paracherkaoui.ma\/wp-content\/uploads\/2025\/12\/nutrimax-curcuma-poivre-noir-60-gelules.jpg","width":700,"height":700},{"@type":"BreadcrumbList","@id":"https:\/\/paracherkaoui.ma\/index.php\/produit\/nutrimax-curcuma-poivre-noir-60-gelules\/#breadcrumb","itemListElement":[{"@type":"ListItem","position":1,"name":"Accueil","item":"https:\/\/paracherkaoui.ma\/"},{"@type":"ListItem","position":2,"name":"Boutique","item":"https:\/\/paracherkaoui.ma\/index.php\/boutique\/"},{"@type":"ListItem","position":3,"name":"NUTRIMAX CURCUMA + POIVRE NOIR 60 GELULES"}]},{"@type":"WebSite","@id":"https:\/\/paracherkaoui.ma\/#website","url":"https:\/\/paracherkaoui.ma\/","name":"Paracherkaoui.ma","description":"Achetez en ligne sur Paracherkaoui.ma","potentialAction":[{"@type":"SearchAction","target":{"@type":"EntryPoint","urlTemplate":"https:\/\/paracherkaoui.ma\/?s={search_term_string}"},"query-input":{"@type":"PropertyValueSpecification","valueRequired":true,"valueName":"search_term_string"}}],"inLanguage":"fr-FR"}]}},"_links":{"self":[{"href":"https:\/\/paracherkaoui.ma\/index.php\/wp-json\/wp\/v2\/product\/55579","targetHints":{"allow":["GET"]}}],"collection":[{"href":"https:\/\/paracherkaoui.ma\/index.php\/wp-json\/wp\/v2\/product"}],"about":[{"href":"https:\/\/paracherkaoui.ma\/index.php\/wp-json\/wp\/v2\/types\/product"}],"replies":[{"embeddable":true,"href":"https:\/\/paracherkaoui.ma\/index.php\/wp-json\/wp\/v2\/comments?post=55579"}],"version-history":[{"count":1,"href":"https:\/\/paracherkaoui.ma\/index.php\/wp-json\/wp\/v2\/product\/55579\/revisions"}],"predecessor-version":[{"id":55617,"href":"https:\/\/paracherkaoui.ma\/index.php\/wp-json\/wp\/v2\/product\/55579\/revisions\/55617"}],"wp:featuredmedia":[{"embeddable":true,"href":"https:\/\/paracherkaoui.ma\/index.php\/wp-json\/wp\/v2\/media\/55616"}],"wp:attachment":[{"href":"https:\/\/paracherkaoui.ma\/index.php\/wp-json\/wp\/v2\/media?parent=55579"}],"wp:term":[{"taxonomy":"product_brand","embeddable":true,"href":"https:\/\/paracherkaoui.ma\/index.php\/wp-json\/wp\/v2\/product_brand?post=55579"},{"taxonomy":"product_cat","embeddable":true,"href":"https:\/\/paracherkaoui.ma\/index.php\/wp-json\/wp\/v2\/product_cat?post=55579"},{"taxonomy":"product_tag","embeddable":true,"href":"https:\/\/paracherkaoui.ma\/index.php\/wp-json\/wp\/v2\/product_tag?post=55579"}],"curies":[{"name":"wp","href":"https:\/\/api.w.org\/{rel}","templated":true}]}}