{"id":55572,"date":"2025-12-12T19:43:48","date_gmt":"2025-12-12T18:43:48","guid":{"rendered":"https:\/\/test.ecbeaute.com\/?post_type=product&#038;p=55572"},"modified":"2025-12-12T19:43:50","modified_gmt":"2025-12-12T18:43:50","slug":"vertuplus-charbon-active-fenouil-et-carvi-30-gelules","status":"publish","type":"product","link":"https:\/\/paracherkaoui.ma\/index.php\/produit\/vertuplus-charbon-active-fenouil-et-carvi-30-gelules\/","title":{"rendered":"VERTUPLUS CHARBON ACTIVE FENOUIL ET CARVI 30 GELULES"},"content":{"rendered":"<p>Le fenouil, traditionnellement utilis\u00e9 pour ses vertus carminatives, aide \u00e0 r\u00e9duire les ballonnements et \u00e0 soulager les spasmes digestifs. Quant au carvi, il est r\u00e9put\u00e9 pour stimuler la production de sucs digestifs et am\u00e9liorer l&rsquo;app\u00e9tit tout en apaisant les troubles gastro-intestinaux. Ensemble, ces ingr\u00e9dients agissent en synergie pour offrir un soutien digestif complet et efficace.<br \/>\nBienfaits du VertuPlus Charbon Activ\u00e9 Fenouil &#038; Carvi :<br \/>\nLe charbon activ\u00e9 absorbe les gaz intestinaux, r\u00e9duisant ainsi les ballonnements et l&rsquo;inconfort abdominal. Le fenouil et le carvi stimulent la digestion et aident \u00e0 r\u00e9guler le transit intestinal. Le charbon activ\u00e9 aide \u00e0 \u00e9liminer les toxines du syst\u00e8me digestif, contribuant \u00e0 un ventre plat et l\u00e9ger. Formul\u00e9 avec des ingr\u00e9dients naturels, ce compl\u00e9ment est une alternative douce et efficace aux produits chimiques.<br \/>\nConseils d&rsquo;utilisation :<br \/>\nPour obtenir les meilleurs r\u00e9sultats, il est recommand\u00e9 de prendre 1 \u00e0 2 g\u00e9lules apr\u00e8s les repas principaux, accompagn\u00e9es d&rsquo;un grand verre d&rsquo;eau. Il est important de ne pas d\u00e9passer la dose journali\u00e8re recommand\u00e9e et de suivre les conseils de votre professionnel de sant\u00e9, surtout si vous prenez des m\u00e9dicaments ou si vous \u00eates enceinte ou allaitante. Conservez le produit dans un endroit frais et sec, \u00e0 l&rsquo;abri de la lumi\u00e8re.<\/p>\n","protected":false},"excerpt":{"rendered":"<p>Le fenouil, traditionnellement utilis\u00e9 pour ses vertus carminatives, aide \u00e0 r\u00e9duire les ballonnements et \u00e0 soulager les spasmes digestifs. Quant<\/p>\n","protected":false},"featured_media":55604,"comment_status":"open","ping_status":"closed","template":"","meta":[],"product_brand":[1007],"product_cat":[1077],"product_tag":[],"class_list":{"0":"post-55572","1":"product","2":"type-product","3":"status-publish","4":"has-post-thumbnail","6":"product_brand-vertu-plus","7":"product_cat-transit-digestion-et-elimination","9":"first","10":"instock","11":"sale","12":"shipping-taxable","13":"purchasable","14":"product-type-simple"},"yoast_head":"<!-- This site is optimized with the Yoast SEO plugin v26.6 - https:\/\/yoast.com\/wordpress\/plugins\/seo\/ -->\r\n<title>VERTUPLUS CHARBON ACTIVE FENOUIL ET CARVI 30 GELULES - Paracherkaoui.ma<\/title>\r\n<meta name=\"robots\" content=\"index, follow, max-snippet:-1, max-image-preview:large, max-video-preview:-1\" \/>\r\n<link rel=\"canonical\" href=\"https:\/\/paracherkaoui.ma\/index.php\/produit\/vertuplus-charbon-active-fenouil-et-carvi-30-gelules\/\" \/>\r\n<meta property=\"og:locale\" content=\"fr_FR\" \/>\r\n<meta property=\"og:type\" content=\"article\" \/>\r\n<meta property=\"og:title\" content=\"VERTUPLUS CHARBON ACTIVE FENOUIL ET CARVI 30 GELULES - Paracherkaoui.ma\" \/>\r\n<meta property=\"og:description\" content=\"Le fenouil, traditionnellement utilis\u00e9 pour ses vertus carminatives, aide \u00e0 r\u00e9duire les ballonnements et \u00e0 soulager les spasmes digestifs. Quant\" \/>\r\n<meta property=\"og:url\" content=\"https:\/\/paracherkaoui.ma\/index.php\/produit\/vertuplus-charbon-active-fenouil-et-carvi-30-gelules\/\" \/>\r\n<meta property=\"og:site_name\" content=\"Paracherkaoui.ma\" \/>\r\n<meta property=\"article:modified_time\" content=\"2025-12-12T18:43:50+00:00\" \/>\r\n<meta property=\"og:image\" content=\"https:\/\/paracherkaoui.ma\/wp-content\/uploads\/2025\/12\/vertuplus-vertuplus-charbon-active-fenouil-et-carvi-30-gelules-transit-digestion-et-elimination.jpg\" \/>\r\n\t<meta property=\"og:image:width\" content=\"700\" \/>\r\n\t<meta property=\"og:image:height\" content=\"700\" \/>\r\n\t<meta property=\"og:image:type\" content=\"image\/jpeg\" \/>\r\n<meta name=\"twitter:card\" content=\"summary_large_image\" \/>\r\n<meta name=\"twitter:label1\" content=\"Dur\u00e9e de lecture estim\u00e9e\" \/>\n\t<meta name=\"twitter:data1\" content=\"1 minute\" \/>\r\n<script type=\"application\/ld+json\" class=\"yoast-schema-graph\">{\"@context\":\"https:\/\/schema.org\",\"@graph\":[{\"@type\":\"WebPage\",\"@id\":\"https:\/\/paracherkaoui.ma\/index.php\/produit\/vertuplus-charbon-active-fenouil-et-carvi-30-gelules\/\",\"url\":\"https:\/\/paracherkaoui.ma\/index.php\/produit\/vertuplus-charbon-active-fenouil-et-carvi-30-gelules\/\",\"name\":\"VERTUPLUS CHARBON ACTIVE FENOUIL ET CARVI 30 GELULES - Paracherkaoui.ma\",\"isPartOf\":{\"@id\":\"https:\/\/paracherkaoui.ma\/#website\"},\"primaryImageOfPage\":{\"@id\":\"https:\/\/paracherkaoui.ma\/index.php\/produit\/vertuplus-charbon-active-fenouil-et-carvi-30-gelules\/#primaryimage\"},\"image\":{\"@id\":\"https:\/\/paracherkaoui.ma\/index.php\/produit\/vertuplus-charbon-active-fenouil-et-carvi-30-gelules\/#primaryimage\"},\"thumbnailUrl\":\"https:\/\/paracherkaoui.ma\/wp-content\/uploads\/2025\/12\/vertuplus-vertuplus-charbon-active-fenouil-et-carvi-30-gelules-transit-digestion-et-elimination.jpg\",\"datePublished\":\"2025-12-12T18:43:48+00:00\",\"dateModified\":\"2025-12-12T18:43:50+00:00\",\"breadcrumb\":{\"@id\":\"https:\/\/paracherkaoui.ma\/index.php\/produit\/vertuplus-charbon-active-fenouil-et-carvi-30-gelules\/#breadcrumb\"},\"inLanguage\":\"fr-FR\",\"potentialAction\":[{\"@type\":\"ReadAction\",\"target\":[\"https:\/\/paracherkaoui.ma\/index.php\/produit\/vertuplus-charbon-active-fenouil-et-carvi-30-gelules\/\"]}]},{\"@type\":\"ImageObject\",\"inLanguage\":\"fr-FR\",\"@id\":\"https:\/\/paracherkaoui.ma\/index.php\/produit\/vertuplus-charbon-active-fenouil-et-carvi-30-gelules\/#primaryimage\",\"url\":\"https:\/\/paracherkaoui.ma\/wp-content\/uploads\/2025\/12\/vertuplus-vertuplus-charbon-active-fenouil-et-carvi-30-gelules-transit-digestion-et-elimination.jpg\",\"contentUrl\":\"https:\/\/paracherkaoui.ma\/wp-content\/uploads\/2025\/12\/vertuplus-vertuplus-charbon-active-fenouil-et-carvi-30-gelules-transit-digestion-et-elimination.jpg\",\"width\":700,\"height\":700},{\"@type\":\"BreadcrumbList\",\"@id\":\"https:\/\/paracherkaoui.ma\/index.php\/produit\/vertuplus-charbon-active-fenouil-et-carvi-30-gelules\/#breadcrumb\",\"itemListElement\":[{\"@type\":\"ListItem\",\"position\":1,\"name\":\"Accueil\",\"item\":\"https:\/\/paracherkaoui.ma\/\"},{\"@type\":\"ListItem\",\"position\":2,\"name\":\"Boutique\",\"item\":\"https:\/\/paracherkaoui.ma\/index.php\/boutique\/\"},{\"@type\":\"ListItem\",\"position\":3,\"name\":\"VERTUPLUS CHARBON ACTIVE FENOUIL ET CARVI 30 GELULES\"}]},{\"@type\":\"WebSite\",\"@id\":\"https:\/\/paracherkaoui.ma\/#website\",\"url\":\"https:\/\/paracherkaoui.ma\/\",\"name\":\"Paracherkaoui.ma\",\"description\":\"Achetez en ligne sur Paracherkaoui.ma\",\"potentialAction\":[{\"@type\":\"SearchAction\",\"target\":{\"@type\":\"EntryPoint\",\"urlTemplate\":\"https:\/\/paracherkaoui.ma\/?s={search_term_string}\"},\"query-input\":{\"@type\":\"PropertyValueSpecification\",\"valueRequired\":true,\"valueName\":\"search_term_string\"}}],\"inLanguage\":\"fr-FR\"}]}<\/script>\r\n<!-- \/ Yoast SEO plugin. -->","yoast_head_json":{"title":"VERTUPLUS CHARBON ACTIVE FENOUIL ET CARVI 30 GELULES - Paracherkaoui.ma","robots":{"index":"index","follow":"follow","max-snippet":"max-snippet:-1","max-image-preview":"max-image-preview:large","max-video-preview":"max-video-preview:-1"},"canonical":"https:\/\/paracherkaoui.ma\/index.php\/produit\/vertuplus-charbon-active-fenouil-et-carvi-30-gelules\/","og_locale":"fr_FR","og_type":"article","og_title":"VERTUPLUS CHARBON ACTIVE FENOUIL ET CARVI 30 GELULES - Paracherkaoui.ma","og_description":"Le fenouil, traditionnellement utilis\u00e9 pour ses vertus carminatives, aide \u00e0 r\u00e9duire les ballonnements et \u00e0 soulager les spasmes digestifs. Quant","og_url":"https:\/\/paracherkaoui.ma\/index.php\/produit\/vertuplus-charbon-active-fenouil-et-carvi-30-gelules\/","og_site_name":"Paracherkaoui.ma","article_modified_time":"2025-12-12T18:43:50+00:00","og_image":[{"width":700,"height":700,"url":"https:\/\/paracherkaoui.ma\/wp-content\/uploads\/2025\/12\/vertuplus-vertuplus-charbon-active-fenouil-et-carvi-30-gelules-transit-digestion-et-elimination.jpg","type":"image\/jpeg"}],"twitter_card":"summary_large_image","twitter_misc":{"Dur\u00e9e de lecture estim\u00e9e":"1 minute"},"schema":{"@context":"https:\/\/schema.org","@graph":[{"@type":"WebPage","@id":"https:\/\/paracherkaoui.ma\/index.php\/produit\/vertuplus-charbon-active-fenouil-et-carvi-30-gelules\/","url":"https:\/\/paracherkaoui.ma\/index.php\/produit\/vertuplus-charbon-active-fenouil-et-carvi-30-gelules\/","name":"VERTUPLUS CHARBON ACTIVE FENOUIL ET CARVI 30 GELULES - Paracherkaoui.ma","isPartOf":{"@id":"https:\/\/paracherkaoui.ma\/#website"},"primaryImageOfPage":{"@id":"https:\/\/paracherkaoui.ma\/index.php\/produit\/vertuplus-charbon-active-fenouil-et-carvi-30-gelules\/#primaryimage"},"image":{"@id":"https:\/\/paracherkaoui.ma\/index.php\/produit\/vertuplus-charbon-active-fenouil-et-carvi-30-gelules\/#primaryimage"},"thumbnailUrl":"https:\/\/paracherkaoui.ma\/wp-content\/uploads\/2025\/12\/vertuplus-vertuplus-charbon-active-fenouil-et-carvi-30-gelules-transit-digestion-et-elimination.jpg","datePublished":"2025-12-12T18:43:48+00:00","dateModified":"2025-12-12T18:43:50+00:00","breadcrumb":{"@id":"https:\/\/paracherkaoui.ma\/index.php\/produit\/vertuplus-charbon-active-fenouil-et-carvi-30-gelules\/#breadcrumb"},"inLanguage":"fr-FR","potentialAction":[{"@type":"ReadAction","target":["https:\/\/paracherkaoui.ma\/index.php\/produit\/vertuplus-charbon-active-fenouil-et-carvi-30-gelules\/"]}]},{"@type":"ImageObject","inLanguage":"fr-FR","@id":"https:\/\/paracherkaoui.ma\/index.php\/produit\/vertuplus-charbon-active-fenouil-et-carvi-30-gelules\/#primaryimage","url":"https:\/\/paracherkaoui.ma\/wp-content\/uploads\/2025\/12\/vertuplus-vertuplus-charbon-active-fenouil-et-carvi-30-gelules-transit-digestion-et-elimination.jpg","contentUrl":"https:\/\/paracherkaoui.ma\/wp-content\/uploads\/2025\/12\/vertuplus-vertuplus-charbon-active-fenouil-et-carvi-30-gelules-transit-digestion-et-elimination.jpg","width":700,"height":700},{"@type":"BreadcrumbList","@id":"https:\/\/paracherkaoui.ma\/index.php\/produit\/vertuplus-charbon-active-fenouil-et-carvi-30-gelules\/#breadcrumb","itemListElement":[{"@type":"ListItem","position":1,"name":"Accueil","item":"https:\/\/paracherkaoui.ma\/"},{"@type":"ListItem","position":2,"name":"Boutique","item":"https:\/\/paracherkaoui.ma\/index.php\/boutique\/"},{"@type":"ListItem","position":3,"name":"VERTUPLUS CHARBON ACTIVE FENOUIL ET CARVI 30 GELULES"}]},{"@type":"WebSite","@id":"https:\/\/paracherkaoui.ma\/#website","url":"https:\/\/paracherkaoui.ma\/","name":"Paracherkaoui.ma","description":"Achetez en ligne sur Paracherkaoui.ma","potentialAction":[{"@type":"SearchAction","target":{"@type":"EntryPoint","urlTemplate":"https:\/\/paracherkaoui.ma\/?s={search_term_string}"},"query-input":{"@type":"PropertyValueSpecification","valueRequired":true,"valueName":"search_term_string"}}],"inLanguage":"fr-FR"}]}},"_links":{"self":[{"href":"https:\/\/paracherkaoui.ma\/index.php\/wp-json\/wp\/v2\/product\/55572","targetHints":{"allow":["GET"]}}],"collection":[{"href":"https:\/\/paracherkaoui.ma\/index.php\/wp-json\/wp\/v2\/product"}],"about":[{"href":"https:\/\/paracherkaoui.ma\/index.php\/wp-json\/wp\/v2\/types\/product"}],"replies":[{"embeddable":true,"href":"https:\/\/paracherkaoui.ma\/index.php\/wp-json\/wp\/v2\/comments?post=55572"}],"version-history":[{"count":1,"href":"https:\/\/paracherkaoui.ma\/index.php\/wp-json\/wp\/v2\/product\/55572\/revisions"}],"predecessor-version":[{"id":55605,"href":"https:\/\/paracherkaoui.ma\/index.php\/wp-json\/wp\/v2\/product\/55572\/revisions\/55605"}],"wp:featuredmedia":[{"embeddable":true,"href":"https:\/\/paracherkaoui.ma\/index.php\/wp-json\/wp\/v2\/media\/55604"}],"wp:attachment":[{"href":"https:\/\/paracherkaoui.ma\/index.php\/wp-json\/wp\/v2\/media?parent=55572"}],"wp:term":[{"taxonomy":"product_brand","embeddable":true,"href":"https:\/\/paracherkaoui.ma\/index.php\/wp-json\/wp\/v2\/product_brand?post=55572"},{"taxonomy":"product_cat","embeddable":true,"href":"https:\/\/paracherkaoui.ma\/index.php\/wp-json\/wp\/v2\/product_cat?post=55572"},{"taxonomy":"product_tag","embeddable":true,"href":"https:\/\/paracherkaoui.ma\/index.php\/wp-json\/wp\/v2\/product_tag?post=55572"}],"curies":[{"name":"wp","href":"https:\/\/api.w.org\/{rel}","templated":true}]}}