{"id":55510,"date":"2025-12-12T19:43:38","date_gmt":"2025-12-12T18:43:38","guid":{"rendered":"https:\/\/test.ecbeaute.com\/?post_type=product&#038;p=55510"},"modified":"2025-12-12T19:43:46","modified_gmt":"2025-12-12T18:43:46","slug":"vertuplus-complexe-valeriane-hublon-et-melisse-60-gelules","status":"publish","type":"product","link":"https:\/\/paracherkaoui.ma\/index.php\/produit\/vertuplus-complexe-valeriane-hublon-et-melisse-60-gelules\/","title":{"rendered":"VERTUPLUS COMPLEXE VALERIANE HUBLON ET MELISSE 60 GELULES"},"content":{"rendered":"<p>La val\u00e9riane est une plante m\u00e9dicinale r\u00e9put\u00e9e pour ses propri\u00e9t\u00e9s s\u00e9datives qui aident \u00e0 r\u00e9duire le temps d&rsquo;endormissement et \u00e0 am\u00e9liorer la qualit\u00e9 du sommeil. Associ\u00e9e au hublon, connu pour ses effets calmants, ce complexe favorise un sommeil r\u00e9parateur et profond. Gr\u00e2ce aux effets combin\u00e9s de la val\u00e9riane et de la m\u00e9lisse, ce compl\u00e9ment aide \u00e0 apaiser le syst\u00e8me nerveux, r\u00e9duisant ainsi les sympt\u00f4mes de d\u00e9pression et de d\u00e9tresse \u00e9motionnelle. Les propri\u00e9t\u00e9s calmantes du hublon et de la m\u00e9lisse aident \u00e0 att\u00e9nuer les envies de nicotine, soutenant ainsi ceux qui souhaitent arr\u00eater de fumer. Le hublon et la m\u00e9lisse sont connus pour leurs effets apaisants sur le syst\u00e8me nerveux, aidant \u00e0 diminuer l&rsquo;anxi\u00e9t\u00e9 et la nervosit\u00e9. Ils permettent de retrouver une sensation de calme et de s\u00e9r\u00e9nit\u00e9. Ce complexe contribue \u00e0 r\u00e9tablir un \u00e9quilibre nerveux et \u00e9motionnel en soutenant la sant\u00e9 mentale et en favorisant une meilleure gestion du stress.<br \/>\nConseils d&rsquo;utilisation<br \/>\nPour obtenir les meilleurs r\u00e9sultats, prenez deux g\u00e9lules par jour avec un grand verre d&rsquo;eau, de pr\u00e9f\u00e9rence le soir avant de vous coucher. Il est recommand\u00e9 de suivre une cure de plusieurs semaines pour permettre aux principes actifs des plantes de d\u00e9ployer pleinement leurs effets. Consultez un professionnel de sant\u00e9 avant de commencer ce compl\u00e9ment alimentaire, surtout si vous \u00eates enceinte, allaitez, ou suivez un traitement m\u00e9dical. Ne d\u00e9passez pas la dose journali\u00e8re recommand\u00e9e. Conservez ce produit dans un endroit frais et sec, \u00e0 l&rsquo;abri de la lumi\u00e8re.<\/p>\n","protected":false},"excerpt":{"rendered":"<p>La val\u00e9riane est une plante m\u00e9dicinale r\u00e9put\u00e9e pour ses propri\u00e9t\u00e9s s\u00e9datives qui aident \u00e0 r\u00e9duire le temps d&rsquo;endormissement et \u00e0<\/p>\n","protected":false},"featured_media":55555,"comment_status":"open","ping_status":"closed","template":"","meta":[],"product_brand":[1007],"product_cat":[1075],"product_tag":[],"class_list":{"0":"post-55510","1":"product","2":"type-product","3":"status-publish","4":"has-post-thumbnail","6":"product_brand-vertu-plus","7":"product_cat-sommeil-et-detente","9":"first","10":"instock","11":"sale","12":"shipping-taxable","13":"purchasable","14":"product-type-simple"},"yoast_head":"<!-- This site is optimized with the Yoast SEO plugin v26.6 - https:\/\/yoast.com\/wordpress\/plugins\/seo\/ -->\r\n<title>VERTUPLUS COMPLEXE VALERIANE HUBLON ET MELISSE 60 GELULES - Paracherkaoui.ma<\/title>\r\n<meta name=\"robots\" content=\"index, follow, max-snippet:-1, max-image-preview:large, max-video-preview:-1\" \/>\r\n<link rel=\"canonical\" href=\"https:\/\/paracherkaoui.ma\/index.php\/produit\/vertuplus-complexe-valeriane-hublon-et-melisse-60-gelules\/\" \/>\r\n<meta property=\"og:locale\" content=\"fr_FR\" \/>\r\n<meta property=\"og:type\" content=\"article\" \/>\r\n<meta property=\"og:title\" content=\"VERTUPLUS COMPLEXE VALERIANE HUBLON ET MELISSE 60 GELULES - Paracherkaoui.ma\" \/>\r\n<meta property=\"og:description\" content=\"La val\u00e9riane est une plante m\u00e9dicinale r\u00e9put\u00e9e pour ses propri\u00e9t\u00e9s s\u00e9datives qui aident \u00e0 r\u00e9duire le temps d&rsquo;endormissement et \u00e0\" \/>\r\n<meta property=\"og:url\" content=\"https:\/\/paracherkaoui.ma\/index.php\/produit\/vertuplus-complexe-valeriane-hublon-et-melisse-60-gelules\/\" \/>\r\n<meta property=\"og:site_name\" content=\"Paracherkaoui.ma\" \/>\r\n<meta property=\"article:modified_time\" content=\"2025-12-12T18:43:46+00:00\" \/>\r\n<meta property=\"og:image\" content=\"https:\/\/paracherkaoui.ma\/wp-content\/uploads\/2025\/12\/vertuplus-vertuplus-complexe-valeriane-hublon-et-melisse-60-gelules-sommeil-et-detente.jpg\" \/>\r\n\t<meta property=\"og:image:width\" content=\"700\" \/>\r\n\t<meta property=\"og:image:height\" content=\"700\" \/>\r\n\t<meta property=\"og:image:type\" content=\"image\/jpeg\" \/>\r\n<meta name=\"twitter:card\" content=\"summary_large_image\" \/>\r\n<meta name=\"twitter:label1\" content=\"Dur\u00e9e de lecture estim\u00e9e\" \/>\n\t<meta name=\"twitter:data1\" content=\"1 minute\" \/>\r\n<script type=\"application\/ld+json\" class=\"yoast-schema-graph\">{\"@context\":\"https:\/\/schema.org\",\"@graph\":[{\"@type\":\"WebPage\",\"@id\":\"https:\/\/paracherkaoui.ma\/index.php\/produit\/vertuplus-complexe-valeriane-hublon-et-melisse-60-gelules\/\",\"url\":\"https:\/\/paracherkaoui.ma\/index.php\/produit\/vertuplus-complexe-valeriane-hublon-et-melisse-60-gelules\/\",\"name\":\"VERTUPLUS COMPLEXE VALERIANE HUBLON ET MELISSE 60 GELULES - Paracherkaoui.ma\",\"isPartOf\":{\"@id\":\"https:\/\/paracherkaoui.ma\/#website\"},\"primaryImageOfPage\":{\"@id\":\"https:\/\/paracherkaoui.ma\/index.php\/produit\/vertuplus-complexe-valeriane-hublon-et-melisse-60-gelules\/#primaryimage\"},\"image\":{\"@id\":\"https:\/\/paracherkaoui.ma\/index.php\/produit\/vertuplus-complexe-valeriane-hublon-et-melisse-60-gelules\/#primaryimage\"},\"thumbnailUrl\":\"https:\/\/paracherkaoui.ma\/wp-content\/uploads\/2025\/12\/vertuplus-vertuplus-complexe-valeriane-hublon-et-melisse-60-gelules-sommeil-et-detente.jpg\",\"datePublished\":\"2025-12-12T18:43:38+00:00\",\"dateModified\":\"2025-12-12T18:43:46+00:00\",\"breadcrumb\":{\"@id\":\"https:\/\/paracherkaoui.ma\/index.php\/produit\/vertuplus-complexe-valeriane-hublon-et-melisse-60-gelules\/#breadcrumb\"},\"inLanguage\":\"fr-FR\",\"potentialAction\":[{\"@type\":\"ReadAction\",\"target\":[\"https:\/\/paracherkaoui.ma\/index.php\/produit\/vertuplus-complexe-valeriane-hublon-et-melisse-60-gelules\/\"]}]},{\"@type\":\"ImageObject\",\"inLanguage\":\"fr-FR\",\"@id\":\"https:\/\/paracherkaoui.ma\/index.php\/produit\/vertuplus-complexe-valeriane-hublon-et-melisse-60-gelules\/#primaryimage\",\"url\":\"https:\/\/paracherkaoui.ma\/wp-content\/uploads\/2025\/12\/vertuplus-vertuplus-complexe-valeriane-hublon-et-melisse-60-gelules-sommeil-et-detente.jpg\",\"contentUrl\":\"https:\/\/paracherkaoui.ma\/wp-content\/uploads\/2025\/12\/vertuplus-vertuplus-complexe-valeriane-hublon-et-melisse-60-gelules-sommeil-et-detente.jpg\",\"width\":700,\"height\":700},{\"@type\":\"BreadcrumbList\",\"@id\":\"https:\/\/paracherkaoui.ma\/index.php\/produit\/vertuplus-complexe-valeriane-hublon-et-melisse-60-gelules\/#breadcrumb\",\"itemListElement\":[{\"@type\":\"ListItem\",\"position\":1,\"name\":\"Accueil\",\"item\":\"https:\/\/paracherkaoui.ma\/\"},{\"@type\":\"ListItem\",\"position\":2,\"name\":\"Boutique\",\"item\":\"https:\/\/paracherkaoui.ma\/index.php\/boutique\/\"},{\"@type\":\"ListItem\",\"position\":3,\"name\":\"VERTUPLUS COMPLEXE VALERIANE HUBLON ET MELISSE 60 GELULES\"}]},{\"@type\":\"WebSite\",\"@id\":\"https:\/\/paracherkaoui.ma\/#website\",\"url\":\"https:\/\/paracherkaoui.ma\/\",\"name\":\"Paracherkaoui.ma\",\"description\":\"Achetez en ligne sur Paracherkaoui.ma\",\"potentialAction\":[{\"@type\":\"SearchAction\",\"target\":{\"@type\":\"EntryPoint\",\"urlTemplate\":\"https:\/\/paracherkaoui.ma\/?s={search_term_string}\"},\"query-input\":{\"@type\":\"PropertyValueSpecification\",\"valueRequired\":true,\"valueName\":\"search_term_string\"}}],\"inLanguage\":\"fr-FR\"}]}<\/script>\r\n<!-- \/ Yoast SEO plugin. -->","yoast_head_json":{"title":"VERTUPLUS COMPLEXE VALERIANE HUBLON ET MELISSE 60 GELULES - Paracherkaoui.ma","robots":{"index":"index","follow":"follow","max-snippet":"max-snippet:-1","max-image-preview":"max-image-preview:large","max-video-preview":"max-video-preview:-1"},"canonical":"https:\/\/paracherkaoui.ma\/index.php\/produit\/vertuplus-complexe-valeriane-hublon-et-melisse-60-gelules\/","og_locale":"fr_FR","og_type":"article","og_title":"VERTUPLUS COMPLEXE VALERIANE HUBLON ET MELISSE 60 GELULES - Paracherkaoui.ma","og_description":"La val\u00e9riane est une plante m\u00e9dicinale r\u00e9put\u00e9e pour ses propri\u00e9t\u00e9s s\u00e9datives qui aident \u00e0 r\u00e9duire le temps d&rsquo;endormissement et \u00e0","og_url":"https:\/\/paracherkaoui.ma\/index.php\/produit\/vertuplus-complexe-valeriane-hublon-et-melisse-60-gelules\/","og_site_name":"Paracherkaoui.ma","article_modified_time":"2025-12-12T18:43:46+00:00","og_image":[{"width":700,"height":700,"url":"https:\/\/paracherkaoui.ma\/wp-content\/uploads\/2025\/12\/vertuplus-vertuplus-complexe-valeriane-hublon-et-melisse-60-gelules-sommeil-et-detente.jpg","type":"image\/jpeg"}],"twitter_card":"summary_large_image","twitter_misc":{"Dur\u00e9e de lecture estim\u00e9e":"1 minute"},"schema":{"@context":"https:\/\/schema.org","@graph":[{"@type":"WebPage","@id":"https:\/\/paracherkaoui.ma\/index.php\/produit\/vertuplus-complexe-valeriane-hublon-et-melisse-60-gelules\/","url":"https:\/\/paracherkaoui.ma\/index.php\/produit\/vertuplus-complexe-valeriane-hublon-et-melisse-60-gelules\/","name":"VERTUPLUS COMPLEXE VALERIANE HUBLON ET MELISSE 60 GELULES - Paracherkaoui.ma","isPartOf":{"@id":"https:\/\/paracherkaoui.ma\/#website"},"primaryImageOfPage":{"@id":"https:\/\/paracherkaoui.ma\/index.php\/produit\/vertuplus-complexe-valeriane-hublon-et-melisse-60-gelules\/#primaryimage"},"image":{"@id":"https:\/\/paracherkaoui.ma\/index.php\/produit\/vertuplus-complexe-valeriane-hublon-et-melisse-60-gelules\/#primaryimage"},"thumbnailUrl":"https:\/\/paracherkaoui.ma\/wp-content\/uploads\/2025\/12\/vertuplus-vertuplus-complexe-valeriane-hublon-et-melisse-60-gelules-sommeil-et-detente.jpg","datePublished":"2025-12-12T18:43:38+00:00","dateModified":"2025-12-12T18:43:46+00:00","breadcrumb":{"@id":"https:\/\/paracherkaoui.ma\/index.php\/produit\/vertuplus-complexe-valeriane-hublon-et-melisse-60-gelules\/#breadcrumb"},"inLanguage":"fr-FR","potentialAction":[{"@type":"ReadAction","target":["https:\/\/paracherkaoui.ma\/index.php\/produit\/vertuplus-complexe-valeriane-hublon-et-melisse-60-gelules\/"]}]},{"@type":"ImageObject","inLanguage":"fr-FR","@id":"https:\/\/paracherkaoui.ma\/index.php\/produit\/vertuplus-complexe-valeriane-hublon-et-melisse-60-gelules\/#primaryimage","url":"https:\/\/paracherkaoui.ma\/wp-content\/uploads\/2025\/12\/vertuplus-vertuplus-complexe-valeriane-hublon-et-melisse-60-gelules-sommeil-et-detente.jpg","contentUrl":"https:\/\/paracherkaoui.ma\/wp-content\/uploads\/2025\/12\/vertuplus-vertuplus-complexe-valeriane-hublon-et-melisse-60-gelules-sommeil-et-detente.jpg","width":700,"height":700},{"@type":"BreadcrumbList","@id":"https:\/\/paracherkaoui.ma\/index.php\/produit\/vertuplus-complexe-valeriane-hublon-et-melisse-60-gelules\/#breadcrumb","itemListElement":[{"@type":"ListItem","position":1,"name":"Accueil","item":"https:\/\/paracherkaoui.ma\/"},{"@type":"ListItem","position":2,"name":"Boutique","item":"https:\/\/paracherkaoui.ma\/index.php\/boutique\/"},{"@type":"ListItem","position":3,"name":"VERTUPLUS COMPLEXE VALERIANE HUBLON ET MELISSE 60 GELULES"}]},{"@type":"WebSite","@id":"https:\/\/paracherkaoui.ma\/#website","url":"https:\/\/paracherkaoui.ma\/","name":"Paracherkaoui.ma","description":"Achetez en ligne sur Paracherkaoui.ma","potentialAction":[{"@type":"SearchAction","target":{"@type":"EntryPoint","urlTemplate":"https:\/\/paracherkaoui.ma\/?s={search_term_string}"},"query-input":{"@type":"PropertyValueSpecification","valueRequired":true,"valueName":"search_term_string"}}],"inLanguage":"fr-FR"}]}},"_links":{"self":[{"href":"https:\/\/paracherkaoui.ma\/index.php\/wp-json\/wp\/v2\/product\/55510","targetHints":{"allow":["GET"]}}],"collection":[{"href":"https:\/\/paracherkaoui.ma\/index.php\/wp-json\/wp\/v2\/product"}],"about":[{"href":"https:\/\/paracherkaoui.ma\/index.php\/wp-json\/wp\/v2\/types\/product"}],"replies":[{"embeddable":true,"href":"https:\/\/paracherkaoui.ma\/index.php\/wp-json\/wp\/v2\/comments?post=55510"}],"version-history":[{"count":1,"href":"https:\/\/paracherkaoui.ma\/index.php\/wp-json\/wp\/v2\/product\/55510\/revisions"}],"predecessor-version":[{"id":55556,"href":"https:\/\/paracherkaoui.ma\/index.php\/wp-json\/wp\/v2\/product\/55510\/revisions\/55556"}],"wp:featuredmedia":[{"embeddable":true,"href":"https:\/\/paracherkaoui.ma\/index.php\/wp-json\/wp\/v2\/media\/55555"}],"wp:attachment":[{"href":"https:\/\/paracherkaoui.ma\/index.php\/wp-json\/wp\/v2\/media?parent=55510"}],"wp:term":[{"taxonomy":"product_brand","embeddable":true,"href":"https:\/\/paracherkaoui.ma\/index.php\/wp-json\/wp\/v2\/product_brand?post=55510"},{"taxonomy":"product_cat","embeddable":true,"href":"https:\/\/paracherkaoui.ma\/index.php\/wp-json\/wp\/v2\/product_cat?post=55510"},{"taxonomy":"product_tag","embeddable":true,"href":"https:\/\/paracherkaoui.ma\/index.php\/wp-json\/wp\/v2\/product_tag?post=55510"}],"curies":[{"name":"wp","href":"https:\/\/api.w.org\/{rel}","templated":true}]}}