{"id":55508,"date":"2025-12-12T19:43:38","date_gmt":"2025-12-12T18:43:38","guid":{"rendered":"https:\/\/test.ecbeaute.com\/?post_type=product&#038;p=55508"},"modified":"2025-12-12T19:43:45","modified_gmt":"2025-12-12T18:43:45","slug":"biolectra-magnesium-direct-20-comprimes-effervescents-3","status":"publish","type":"product","link":"https:\/\/paracherkaoui.ma\/index.php\/produit\/biolectra-magnesium-direct-20-comprimes-effervescents-3\/","title":{"rendered":"BIOLECTRA MAGNESIUM DIRECT 20 COMPRIMES EFFERVESCENTS"},"content":{"rendered":"<p>Biolectra Magnesium 300mg Direct\u00a0est un compl\u00e9ment alimentaire \u00e0 base de magn\u00e9sium, qui joue un r\u00f4le cl\u00e9 dans notre organisme.<br \/>\nCaract\u00e9ristiques:<br \/>\nIl se pr\u00e9sente sous forme de micro-granul\u00e9s qui se dissolvent dans la bouche, sans qu\u2019il soit n\u00e9cessaire de boire de l\u2019eau, assurant un apport quotidien en magn\u00e9sium.<br \/>\nRecommand\u00e9 pour la r\u00e9duction de la fatigue et de l\u2019\u00e9puisement.<br \/>\nContribue au fonctionnement normal des muscles et du syst\u00e8me nerveux et psychique.<br \/>\nSans sucre, Biolectra Magnesium 300 Direct est un compl\u00e9ment de votre alimentation quotidienne.<br \/>\nSans gluten et sans lactose.<\/p>\n","protected":false},"excerpt":{"rendered":"<p>Biolectra Magnesium 300mg Direct\u00a0est un compl\u00e9ment alimentaire \u00e0 base de magn\u00e9sium, qui joue un r\u00f4le cl\u00e9 dans notre organisme. Caract\u00e9ristiques:<\/p>\n","protected":false},"featured_media":54756,"comment_status":"open","ping_status":"closed","template":"","meta":[],"product_brand":[1057],"product_cat":[1075],"product_tag":[],"class_list":{"0":"post-55508","1":"product","2":"type-product","3":"status-publish","4":"has-post-thumbnail","6":"product_brand-biolectra","7":"product_cat-sommeil-et-detente","9":"first","10":"instock","11":"sale","12":"shipping-taxable","13":"purchasable","14":"product-type-simple"},"yoast_head":"<!-- This site is optimized with the Yoast SEO plugin v26.6 - https:\/\/yoast.com\/wordpress\/plugins\/seo\/ -->\r\n<title>BIOLECTRA MAGNESIUM DIRECT 20 COMPRIMES EFFERVESCENTS - Paracherkaoui.ma<\/title>\r\n<meta name=\"robots\" content=\"index, follow, max-snippet:-1, max-image-preview:large, max-video-preview:-1\" \/>\r\n<link rel=\"canonical\" href=\"https:\/\/paracherkaoui.ma\/index.php\/produit\/biolectra-magnesium-direct-20-comprimes-effervescents-3\/\" \/>\r\n<meta property=\"og:locale\" content=\"fr_FR\" \/>\r\n<meta property=\"og:type\" content=\"article\" \/>\r\n<meta property=\"og:title\" content=\"BIOLECTRA MAGNESIUM DIRECT 20 COMPRIMES EFFERVESCENTS - Paracherkaoui.ma\" \/>\r\n<meta property=\"og:description\" content=\"Biolectra Magnesium 300mg Direct\u00a0est un compl\u00e9ment alimentaire \u00e0 base de magn\u00e9sium, qui joue un r\u00f4le cl\u00e9 dans notre organisme. Caract\u00e9ristiques:\" \/>\r\n<meta property=\"og:url\" content=\"https:\/\/paracherkaoui.ma\/index.php\/produit\/biolectra-magnesium-direct-20-comprimes-effervescents-3\/\" \/>\r\n<meta property=\"og:site_name\" content=\"Paracherkaoui.ma\" \/>\r\n<meta property=\"article:modified_time\" content=\"2025-12-12T18:43:45+00:00\" \/>\r\n<meta property=\"og:image\" content=\"https:\/\/paracherkaoui.ma\/wp-content\/uploads\/2025\/12\/biolectra-biolectra-magnesium-direct-20-comprimes-effervescents-bien-etre-equilibre-emotionnel.jpg\" \/>\r\n\t<meta property=\"og:image:width\" content=\"700\" \/>\r\n\t<meta property=\"og:image:height\" content=\"700\" \/>\r\n\t<meta property=\"og:image:type\" content=\"image\/jpeg\" \/>\r\n<meta name=\"twitter:card\" content=\"summary_large_image\" \/>\r\n<meta name=\"twitter:label1\" content=\"Dur\u00e9e de lecture estim\u00e9e\" \/>\n\t<meta name=\"twitter:data1\" content=\"1 minute\" \/>\r\n<script type=\"application\/ld+json\" class=\"yoast-schema-graph\">{\"@context\":\"https:\/\/schema.org\",\"@graph\":[{\"@type\":\"WebPage\",\"@id\":\"https:\/\/paracherkaoui.ma\/index.php\/produit\/biolectra-magnesium-direct-20-comprimes-effervescents-3\/\",\"url\":\"https:\/\/paracherkaoui.ma\/index.php\/produit\/biolectra-magnesium-direct-20-comprimes-effervescents-3\/\",\"name\":\"BIOLECTRA MAGNESIUM DIRECT 20 COMPRIMES EFFERVESCENTS - Paracherkaoui.ma\",\"isPartOf\":{\"@id\":\"https:\/\/paracherkaoui.ma\/#website\"},\"primaryImageOfPage\":{\"@id\":\"https:\/\/paracherkaoui.ma\/index.php\/produit\/biolectra-magnesium-direct-20-comprimes-effervescents-3\/#primaryimage\"},\"image\":{\"@id\":\"https:\/\/paracherkaoui.ma\/index.php\/produit\/biolectra-magnesium-direct-20-comprimes-effervescents-3\/#primaryimage\"},\"thumbnailUrl\":\"https:\/\/paracherkaoui.ma\/wp-content\/uploads\/2025\/12\/biolectra-biolectra-magnesium-direct-20-comprimes-effervescents-bien-etre-equilibre-emotionnel.jpg\",\"datePublished\":\"2025-12-12T18:43:38+00:00\",\"dateModified\":\"2025-12-12T18:43:45+00:00\",\"breadcrumb\":{\"@id\":\"https:\/\/paracherkaoui.ma\/index.php\/produit\/biolectra-magnesium-direct-20-comprimes-effervescents-3\/#breadcrumb\"},\"inLanguage\":\"fr-FR\",\"potentialAction\":[{\"@type\":\"ReadAction\",\"target\":[\"https:\/\/paracherkaoui.ma\/index.php\/produit\/biolectra-magnesium-direct-20-comprimes-effervescents-3\/\"]}]},{\"@type\":\"ImageObject\",\"inLanguage\":\"fr-FR\",\"@id\":\"https:\/\/paracherkaoui.ma\/index.php\/produit\/biolectra-magnesium-direct-20-comprimes-effervescents-3\/#primaryimage\",\"url\":\"https:\/\/paracherkaoui.ma\/wp-content\/uploads\/2025\/12\/biolectra-biolectra-magnesium-direct-20-comprimes-effervescents-bien-etre-equilibre-emotionnel.jpg\",\"contentUrl\":\"https:\/\/paracherkaoui.ma\/wp-content\/uploads\/2025\/12\/biolectra-biolectra-magnesium-direct-20-comprimes-effervescents-bien-etre-equilibre-emotionnel.jpg\",\"width\":700,\"height\":700},{\"@type\":\"BreadcrumbList\",\"@id\":\"https:\/\/paracherkaoui.ma\/index.php\/produit\/biolectra-magnesium-direct-20-comprimes-effervescents-3\/#breadcrumb\",\"itemListElement\":[{\"@type\":\"ListItem\",\"position\":1,\"name\":\"Accueil\",\"item\":\"https:\/\/paracherkaoui.ma\/\"},{\"@type\":\"ListItem\",\"position\":2,\"name\":\"Boutique\",\"item\":\"https:\/\/paracherkaoui.ma\/index.php\/boutique\/\"},{\"@type\":\"ListItem\",\"position\":3,\"name\":\"BIOLECTRA MAGNESIUM DIRECT 20 COMPRIMES EFFERVESCENTS\"}]},{\"@type\":\"WebSite\",\"@id\":\"https:\/\/paracherkaoui.ma\/#website\",\"url\":\"https:\/\/paracherkaoui.ma\/\",\"name\":\"Paracherkaoui.ma\",\"description\":\"Achetez en ligne sur Paracherkaoui.ma\",\"potentialAction\":[{\"@type\":\"SearchAction\",\"target\":{\"@type\":\"EntryPoint\",\"urlTemplate\":\"https:\/\/paracherkaoui.ma\/?s={search_term_string}\"},\"query-input\":{\"@type\":\"PropertyValueSpecification\",\"valueRequired\":true,\"valueName\":\"search_term_string\"}}],\"inLanguage\":\"fr-FR\"}]}<\/script>\r\n<!-- \/ Yoast SEO plugin. -->","yoast_head_json":{"title":"BIOLECTRA MAGNESIUM DIRECT 20 COMPRIMES EFFERVESCENTS - Paracherkaoui.ma","robots":{"index":"index","follow":"follow","max-snippet":"max-snippet:-1","max-image-preview":"max-image-preview:large","max-video-preview":"max-video-preview:-1"},"canonical":"https:\/\/paracherkaoui.ma\/index.php\/produit\/biolectra-magnesium-direct-20-comprimes-effervescents-3\/","og_locale":"fr_FR","og_type":"article","og_title":"BIOLECTRA MAGNESIUM DIRECT 20 COMPRIMES EFFERVESCENTS - Paracherkaoui.ma","og_description":"Biolectra Magnesium 300mg Direct\u00a0est un compl\u00e9ment alimentaire \u00e0 base de magn\u00e9sium, qui joue un r\u00f4le cl\u00e9 dans notre organisme. Caract\u00e9ristiques:","og_url":"https:\/\/paracherkaoui.ma\/index.php\/produit\/biolectra-magnesium-direct-20-comprimes-effervescents-3\/","og_site_name":"Paracherkaoui.ma","article_modified_time":"2025-12-12T18:43:45+00:00","og_image":[{"width":700,"height":700,"url":"https:\/\/paracherkaoui.ma\/wp-content\/uploads\/2025\/12\/biolectra-biolectra-magnesium-direct-20-comprimes-effervescents-bien-etre-equilibre-emotionnel.jpg","type":"image\/jpeg"}],"twitter_card":"summary_large_image","twitter_misc":{"Dur\u00e9e de lecture estim\u00e9e":"1 minute"},"schema":{"@context":"https:\/\/schema.org","@graph":[{"@type":"WebPage","@id":"https:\/\/paracherkaoui.ma\/index.php\/produit\/biolectra-magnesium-direct-20-comprimes-effervescents-3\/","url":"https:\/\/paracherkaoui.ma\/index.php\/produit\/biolectra-magnesium-direct-20-comprimes-effervescents-3\/","name":"BIOLECTRA MAGNESIUM DIRECT 20 COMPRIMES EFFERVESCENTS - Paracherkaoui.ma","isPartOf":{"@id":"https:\/\/paracherkaoui.ma\/#website"},"primaryImageOfPage":{"@id":"https:\/\/paracherkaoui.ma\/index.php\/produit\/biolectra-magnesium-direct-20-comprimes-effervescents-3\/#primaryimage"},"image":{"@id":"https:\/\/paracherkaoui.ma\/index.php\/produit\/biolectra-magnesium-direct-20-comprimes-effervescents-3\/#primaryimage"},"thumbnailUrl":"https:\/\/paracherkaoui.ma\/wp-content\/uploads\/2025\/12\/biolectra-biolectra-magnesium-direct-20-comprimes-effervescents-bien-etre-equilibre-emotionnel.jpg","datePublished":"2025-12-12T18:43:38+00:00","dateModified":"2025-12-12T18:43:45+00:00","breadcrumb":{"@id":"https:\/\/paracherkaoui.ma\/index.php\/produit\/biolectra-magnesium-direct-20-comprimes-effervescents-3\/#breadcrumb"},"inLanguage":"fr-FR","potentialAction":[{"@type":"ReadAction","target":["https:\/\/paracherkaoui.ma\/index.php\/produit\/biolectra-magnesium-direct-20-comprimes-effervescents-3\/"]}]},{"@type":"ImageObject","inLanguage":"fr-FR","@id":"https:\/\/paracherkaoui.ma\/index.php\/produit\/biolectra-magnesium-direct-20-comprimes-effervescents-3\/#primaryimage","url":"https:\/\/paracherkaoui.ma\/wp-content\/uploads\/2025\/12\/biolectra-biolectra-magnesium-direct-20-comprimes-effervescents-bien-etre-equilibre-emotionnel.jpg","contentUrl":"https:\/\/paracherkaoui.ma\/wp-content\/uploads\/2025\/12\/biolectra-biolectra-magnesium-direct-20-comprimes-effervescents-bien-etre-equilibre-emotionnel.jpg","width":700,"height":700},{"@type":"BreadcrumbList","@id":"https:\/\/paracherkaoui.ma\/index.php\/produit\/biolectra-magnesium-direct-20-comprimes-effervescents-3\/#breadcrumb","itemListElement":[{"@type":"ListItem","position":1,"name":"Accueil","item":"https:\/\/paracherkaoui.ma\/"},{"@type":"ListItem","position":2,"name":"Boutique","item":"https:\/\/paracherkaoui.ma\/index.php\/boutique\/"},{"@type":"ListItem","position":3,"name":"BIOLECTRA MAGNESIUM DIRECT 20 COMPRIMES EFFERVESCENTS"}]},{"@type":"WebSite","@id":"https:\/\/paracherkaoui.ma\/#website","url":"https:\/\/paracherkaoui.ma\/","name":"Paracherkaoui.ma","description":"Achetez en ligne sur Paracherkaoui.ma","potentialAction":[{"@type":"SearchAction","target":{"@type":"EntryPoint","urlTemplate":"https:\/\/paracherkaoui.ma\/?s={search_term_string}"},"query-input":{"@type":"PropertyValueSpecification","valueRequired":true,"valueName":"search_term_string"}}],"inLanguage":"fr-FR"}]}},"_links":{"self":[{"href":"https:\/\/paracherkaoui.ma\/index.php\/wp-json\/wp\/v2\/product\/55508","targetHints":{"allow":["GET"]}}],"collection":[{"href":"https:\/\/paracherkaoui.ma\/index.php\/wp-json\/wp\/v2\/product"}],"about":[{"href":"https:\/\/paracherkaoui.ma\/index.php\/wp-json\/wp\/v2\/types\/product"}],"replies":[{"embeddable":true,"href":"https:\/\/paracherkaoui.ma\/index.php\/wp-json\/wp\/v2\/comments?post=55508"}],"version-history":[{"count":1,"href":"https:\/\/paracherkaoui.ma\/index.php\/wp-json\/wp\/v2\/product\/55508\/revisions"}],"predecessor-version":[{"id":55552,"href":"https:\/\/paracherkaoui.ma\/index.php\/wp-json\/wp\/v2\/product\/55508\/revisions\/55552"}],"wp:featuredmedia":[{"embeddable":true,"href":"https:\/\/paracherkaoui.ma\/index.php\/wp-json\/wp\/v2\/media\/54756"}],"wp:attachment":[{"href":"https:\/\/paracherkaoui.ma\/index.php\/wp-json\/wp\/v2\/media?parent=55508"}],"wp:term":[{"taxonomy":"product_brand","embeddable":true,"href":"https:\/\/paracherkaoui.ma\/index.php\/wp-json\/wp\/v2\/product_brand?post=55508"},{"taxonomy":"product_cat","embeddable":true,"href":"https:\/\/paracherkaoui.ma\/index.php\/wp-json\/wp\/v2\/product_cat?post=55508"},{"taxonomy":"product_tag","embeddable":true,"href":"https:\/\/paracherkaoui.ma\/index.php\/wp-json\/wp\/v2\/product_tag?post=55508"}],"curies":[{"name":"wp","href":"https:\/\/api.w.org\/{rel}","templated":true}]}}