{"id":55361,"date":"2025-12-12T19:43:11","date_gmt":"2025-12-12T18:43:11","guid":{"rendered":"https:\/\/test.ecbeaute.com\/?post_type=product&#038;p=55361"},"modified":"2025-12-12T19:43:16","modified_gmt":"2025-12-12T18:43:16","slug":"forte-pharma-forte-nuit-melatonine-1900-flash-30-comprimes","status":"publish","type":"product","link":"https:\/\/paracherkaoui.ma\/index.php\/produit\/forte-pharma-forte-nuit-melatonine-1900-flash-30-comprimes\/","title":{"rendered":"FORTE PHARMA FORTE NUIT MELATONINE 1900 FLASH 30 COMPRIMES"},"content":{"rendered":"<p>Les comprim\u00e9s orodispersibles, au go\u00fbt d\u00e9licat de vanille, fondent instantan\u00e9ment sous la langue sans n\u00e9cessiter d&rsquo;eau. Cette formulation assure une absorption rapide et efficace de la m\u00e9latonine, offrant une solution pratique pour des nuits sereines. En plus de soutenir un sommeil naturel, ils sont id\u00e9aux pour contrer les effets du d\u00e9calage horaire lors de vos voyages.<br \/>\nComposition<br \/>\nPar dose journali\u00e8re : Agents de charge (mannitol, cellulose microcristalline, amidon de ma\u00efs), ar\u00f4me vanille, antiagglom\u00e9rants (sels de magn\u00e9sium, acides gras, m\u00e9latonine (1,9 mg).<br \/>\nConseils d&rsquo;utilisation<br \/>\nDifficult\u00e9s d&rsquo;endormissement : Prenez 1 comprim\u00e9 par jour au coucher. Laissez le fondre sous la langue sans eau pour une action optimale.<br \/>\nD\u00e9calage horaire : Consommez 1 comprim\u00e9 par jour au coucher, d\u00e8s le premier jour de votre voyage et durant les jours suivants, jusqu\u2019\u00e0 ce que les effets du d\u00e9calage horaire s\u2019att\u00e9nuent.<br \/>\nNe pas d\u00e9passer la dose journali\u00e8re recommand\u00e9e.<br \/>\nNe pas conduire ni utiliser de machines dans les 4 \u00e0 5 heures suivant la prise.<br \/>\nD\u00e9conseill\u00e9 aux femmes enceintes ou allaitantes, ainsi qu&rsquo;aux enfants sans avis m\u00e9dical.<br \/>\nUne utilisation excessive peut entra\u00eener des effets laxatifs.<br \/>\nConsulter un m\u00e9decin si vous prenez des m\u00e9dicaments (antid\u00e9presseurs, somnif\u00e8res, s\u00e9datifs, etc.).<br \/>\nPour une efficacit\u00e9 optimale, conservez le produit dans un endroit frais et sec.<br \/>\nFort\u00e9 Pharma M\u00e9latonine 1900 Flash est votre alli\u00e9 pour un sommeil r\u00e9parateur et une adaptation ais\u00e9e au d\u00e9calage horaire, tout en int\u00e9grant la m\u00e9latonine dans votre routine de bien-\u00eatre.<\/p>\n","protected":false},"excerpt":{"rendered":"<p>Les comprim\u00e9s orodispersibles, au go\u00fbt d\u00e9licat de vanille, fondent instantan\u00e9ment sous la langue sans n\u00e9cessiter d&rsquo;eau. Cette formulation assure une<\/p>\n","protected":false},"featured_media":55403,"comment_status":"open","ping_status":"closed","template":"","meta":[],"product_brand":[684],"product_cat":[1075],"product_tag":[],"class_list":{"0":"post-55361","1":"product","2":"type-product","3":"status-publish","4":"has-post-thumbnail","6":"product_brand-forte-pharma","7":"product_cat-sommeil-et-detente","9":"first","10":"instock","11":"sale","12":"shipping-taxable","13":"purchasable","14":"product-type-simple"},"yoast_head":"<!-- This site is optimized with the Yoast SEO plugin v26.6 - https:\/\/yoast.com\/wordpress\/plugins\/seo\/ -->\r\n<title>FORTE PHARMA FORTE NUIT MELATONINE 1900 FLASH 30 COMPRIMES - Paracherkaoui.ma<\/title>\r\n<meta name=\"robots\" content=\"index, follow, max-snippet:-1, max-image-preview:large, max-video-preview:-1\" \/>\r\n<link rel=\"canonical\" href=\"https:\/\/paracherkaoui.ma\/index.php\/produit\/forte-pharma-forte-nuit-melatonine-1900-flash-30-comprimes\/\" \/>\r\n<meta property=\"og:locale\" content=\"fr_FR\" \/>\r\n<meta property=\"og:type\" content=\"article\" \/>\r\n<meta property=\"og:title\" content=\"FORTE PHARMA FORTE NUIT MELATONINE 1900 FLASH 30 COMPRIMES - Paracherkaoui.ma\" \/>\r\n<meta property=\"og:description\" content=\"Les comprim\u00e9s orodispersibles, au go\u00fbt d\u00e9licat de vanille, fondent instantan\u00e9ment sous la langue sans n\u00e9cessiter d&rsquo;eau. Cette formulation assure une\" \/>\r\n<meta property=\"og:url\" content=\"https:\/\/paracherkaoui.ma\/index.php\/produit\/forte-pharma-forte-nuit-melatonine-1900-flash-30-comprimes\/\" \/>\r\n<meta property=\"og:site_name\" content=\"Paracherkaoui.ma\" \/>\r\n<meta property=\"article:modified_time\" content=\"2025-12-12T18:43:16+00:00\" \/>\r\n<meta property=\"og:image\" content=\"https:\/\/paracherkaoui.ma\/wp-content\/uploads\/2025\/12\/forte-pharma-forte-pharma-forte-nuit-melatonine-1900-flash-30-comprimes-sommeil-et-detente.jpg\" \/>\r\n\t<meta property=\"og:image:width\" content=\"700\" \/>\r\n\t<meta property=\"og:image:height\" content=\"700\" \/>\r\n\t<meta property=\"og:image:type\" content=\"image\/jpeg\" \/>\r\n<meta name=\"twitter:card\" content=\"summary_large_image\" \/>\r\n<meta name=\"twitter:label1\" content=\"Dur\u00e9e de lecture estim\u00e9e\" \/>\n\t<meta name=\"twitter:data1\" content=\"1 minute\" \/>\r\n<script type=\"application\/ld+json\" class=\"yoast-schema-graph\">{\"@context\":\"https:\/\/schema.org\",\"@graph\":[{\"@type\":\"WebPage\",\"@id\":\"https:\/\/paracherkaoui.ma\/index.php\/produit\/forte-pharma-forte-nuit-melatonine-1900-flash-30-comprimes\/\",\"url\":\"https:\/\/paracherkaoui.ma\/index.php\/produit\/forte-pharma-forte-nuit-melatonine-1900-flash-30-comprimes\/\",\"name\":\"FORTE PHARMA FORTE NUIT MELATONINE 1900 FLASH 30 COMPRIMES - Paracherkaoui.ma\",\"isPartOf\":{\"@id\":\"https:\/\/paracherkaoui.ma\/#website\"},\"primaryImageOfPage\":{\"@id\":\"https:\/\/paracherkaoui.ma\/index.php\/produit\/forte-pharma-forte-nuit-melatonine-1900-flash-30-comprimes\/#primaryimage\"},\"image\":{\"@id\":\"https:\/\/paracherkaoui.ma\/index.php\/produit\/forte-pharma-forte-nuit-melatonine-1900-flash-30-comprimes\/#primaryimage\"},\"thumbnailUrl\":\"https:\/\/paracherkaoui.ma\/wp-content\/uploads\/2025\/12\/forte-pharma-forte-pharma-forte-nuit-melatonine-1900-flash-30-comprimes-sommeil-et-detente.jpg\",\"datePublished\":\"2025-12-12T18:43:11+00:00\",\"dateModified\":\"2025-12-12T18:43:16+00:00\",\"breadcrumb\":{\"@id\":\"https:\/\/paracherkaoui.ma\/index.php\/produit\/forte-pharma-forte-nuit-melatonine-1900-flash-30-comprimes\/#breadcrumb\"},\"inLanguage\":\"fr-FR\",\"potentialAction\":[{\"@type\":\"ReadAction\",\"target\":[\"https:\/\/paracherkaoui.ma\/index.php\/produit\/forte-pharma-forte-nuit-melatonine-1900-flash-30-comprimes\/\"]}]},{\"@type\":\"ImageObject\",\"inLanguage\":\"fr-FR\",\"@id\":\"https:\/\/paracherkaoui.ma\/index.php\/produit\/forte-pharma-forte-nuit-melatonine-1900-flash-30-comprimes\/#primaryimage\",\"url\":\"https:\/\/paracherkaoui.ma\/wp-content\/uploads\/2025\/12\/forte-pharma-forte-pharma-forte-nuit-melatonine-1900-flash-30-comprimes-sommeil-et-detente.jpg\",\"contentUrl\":\"https:\/\/paracherkaoui.ma\/wp-content\/uploads\/2025\/12\/forte-pharma-forte-pharma-forte-nuit-melatonine-1900-flash-30-comprimes-sommeil-et-detente.jpg\",\"width\":700,\"height\":700},{\"@type\":\"BreadcrumbList\",\"@id\":\"https:\/\/paracherkaoui.ma\/index.php\/produit\/forte-pharma-forte-nuit-melatonine-1900-flash-30-comprimes\/#breadcrumb\",\"itemListElement\":[{\"@type\":\"ListItem\",\"position\":1,\"name\":\"Accueil\",\"item\":\"https:\/\/paracherkaoui.ma\/\"},{\"@type\":\"ListItem\",\"position\":2,\"name\":\"Boutique\",\"item\":\"https:\/\/paracherkaoui.ma\/index.php\/boutique\/\"},{\"@type\":\"ListItem\",\"position\":3,\"name\":\"FORTE PHARMA FORTE NUIT MELATONINE 1900 FLASH 30 COMPRIMES\"}]},{\"@type\":\"WebSite\",\"@id\":\"https:\/\/paracherkaoui.ma\/#website\",\"url\":\"https:\/\/paracherkaoui.ma\/\",\"name\":\"Paracherkaoui.ma\",\"description\":\"Achetez en ligne sur Paracherkaoui.ma\",\"potentialAction\":[{\"@type\":\"SearchAction\",\"target\":{\"@type\":\"EntryPoint\",\"urlTemplate\":\"https:\/\/paracherkaoui.ma\/?s={search_term_string}\"},\"query-input\":{\"@type\":\"PropertyValueSpecification\",\"valueRequired\":true,\"valueName\":\"search_term_string\"}}],\"inLanguage\":\"fr-FR\"}]}<\/script>\r\n<!-- \/ Yoast SEO plugin. -->","yoast_head_json":{"title":"FORTE PHARMA FORTE NUIT MELATONINE 1900 FLASH 30 COMPRIMES - Paracherkaoui.ma","robots":{"index":"index","follow":"follow","max-snippet":"max-snippet:-1","max-image-preview":"max-image-preview:large","max-video-preview":"max-video-preview:-1"},"canonical":"https:\/\/paracherkaoui.ma\/index.php\/produit\/forte-pharma-forte-nuit-melatonine-1900-flash-30-comprimes\/","og_locale":"fr_FR","og_type":"article","og_title":"FORTE PHARMA FORTE NUIT MELATONINE 1900 FLASH 30 COMPRIMES - Paracherkaoui.ma","og_description":"Les comprim\u00e9s orodispersibles, au go\u00fbt d\u00e9licat de vanille, fondent instantan\u00e9ment sous la langue sans n\u00e9cessiter d&rsquo;eau. Cette formulation assure une","og_url":"https:\/\/paracherkaoui.ma\/index.php\/produit\/forte-pharma-forte-nuit-melatonine-1900-flash-30-comprimes\/","og_site_name":"Paracherkaoui.ma","article_modified_time":"2025-12-12T18:43:16+00:00","og_image":[{"width":700,"height":700,"url":"https:\/\/paracherkaoui.ma\/wp-content\/uploads\/2025\/12\/forte-pharma-forte-pharma-forte-nuit-melatonine-1900-flash-30-comprimes-sommeil-et-detente.jpg","type":"image\/jpeg"}],"twitter_card":"summary_large_image","twitter_misc":{"Dur\u00e9e de lecture estim\u00e9e":"1 minute"},"schema":{"@context":"https:\/\/schema.org","@graph":[{"@type":"WebPage","@id":"https:\/\/paracherkaoui.ma\/index.php\/produit\/forte-pharma-forte-nuit-melatonine-1900-flash-30-comprimes\/","url":"https:\/\/paracherkaoui.ma\/index.php\/produit\/forte-pharma-forte-nuit-melatonine-1900-flash-30-comprimes\/","name":"FORTE PHARMA FORTE NUIT MELATONINE 1900 FLASH 30 COMPRIMES - Paracherkaoui.ma","isPartOf":{"@id":"https:\/\/paracherkaoui.ma\/#website"},"primaryImageOfPage":{"@id":"https:\/\/paracherkaoui.ma\/index.php\/produit\/forte-pharma-forte-nuit-melatonine-1900-flash-30-comprimes\/#primaryimage"},"image":{"@id":"https:\/\/paracherkaoui.ma\/index.php\/produit\/forte-pharma-forte-nuit-melatonine-1900-flash-30-comprimes\/#primaryimage"},"thumbnailUrl":"https:\/\/paracherkaoui.ma\/wp-content\/uploads\/2025\/12\/forte-pharma-forte-pharma-forte-nuit-melatonine-1900-flash-30-comprimes-sommeil-et-detente.jpg","datePublished":"2025-12-12T18:43:11+00:00","dateModified":"2025-12-12T18:43:16+00:00","breadcrumb":{"@id":"https:\/\/paracherkaoui.ma\/index.php\/produit\/forte-pharma-forte-nuit-melatonine-1900-flash-30-comprimes\/#breadcrumb"},"inLanguage":"fr-FR","potentialAction":[{"@type":"ReadAction","target":["https:\/\/paracherkaoui.ma\/index.php\/produit\/forte-pharma-forte-nuit-melatonine-1900-flash-30-comprimes\/"]}]},{"@type":"ImageObject","inLanguage":"fr-FR","@id":"https:\/\/paracherkaoui.ma\/index.php\/produit\/forte-pharma-forte-nuit-melatonine-1900-flash-30-comprimes\/#primaryimage","url":"https:\/\/paracherkaoui.ma\/wp-content\/uploads\/2025\/12\/forte-pharma-forte-pharma-forte-nuit-melatonine-1900-flash-30-comprimes-sommeil-et-detente.jpg","contentUrl":"https:\/\/paracherkaoui.ma\/wp-content\/uploads\/2025\/12\/forte-pharma-forte-pharma-forte-nuit-melatonine-1900-flash-30-comprimes-sommeil-et-detente.jpg","width":700,"height":700},{"@type":"BreadcrumbList","@id":"https:\/\/paracherkaoui.ma\/index.php\/produit\/forte-pharma-forte-nuit-melatonine-1900-flash-30-comprimes\/#breadcrumb","itemListElement":[{"@type":"ListItem","position":1,"name":"Accueil","item":"https:\/\/paracherkaoui.ma\/"},{"@type":"ListItem","position":2,"name":"Boutique","item":"https:\/\/paracherkaoui.ma\/index.php\/boutique\/"},{"@type":"ListItem","position":3,"name":"FORTE PHARMA FORTE NUIT MELATONINE 1900 FLASH 30 COMPRIMES"}]},{"@type":"WebSite","@id":"https:\/\/paracherkaoui.ma\/#website","url":"https:\/\/paracherkaoui.ma\/","name":"Paracherkaoui.ma","description":"Achetez en ligne sur Paracherkaoui.ma","potentialAction":[{"@type":"SearchAction","target":{"@type":"EntryPoint","urlTemplate":"https:\/\/paracherkaoui.ma\/?s={search_term_string}"},"query-input":{"@type":"PropertyValueSpecification","valueRequired":true,"valueName":"search_term_string"}}],"inLanguage":"fr-FR"}]}},"_links":{"self":[{"href":"https:\/\/paracherkaoui.ma\/index.php\/wp-json\/wp\/v2\/product\/55361","targetHints":{"allow":["GET"]}}],"collection":[{"href":"https:\/\/paracherkaoui.ma\/index.php\/wp-json\/wp\/v2\/product"}],"about":[{"href":"https:\/\/paracherkaoui.ma\/index.php\/wp-json\/wp\/v2\/types\/product"}],"replies":[{"embeddable":true,"href":"https:\/\/paracherkaoui.ma\/index.php\/wp-json\/wp\/v2\/comments?post=55361"}],"version-history":[{"count":1,"href":"https:\/\/paracherkaoui.ma\/index.php\/wp-json\/wp\/v2\/product\/55361\/revisions"}],"predecessor-version":[{"id":55404,"href":"https:\/\/paracherkaoui.ma\/index.php\/wp-json\/wp\/v2\/product\/55361\/revisions\/55404"}],"wp:featuredmedia":[{"embeddable":true,"href":"https:\/\/paracherkaoui.ma\/index.php\/wp-json\/wp\/v2\/media\/55403"}],"wp:attachment":[{"href":"https:\/\/paracherkaoui.ma\/index.php\/wp-json\/wp\/v2\/media?parent=55361"}],"wp:term":[{"taxonomy":"product_brand","embeddable":true,"href":"https:\/\/paracherkaoui.ma\/index.php\/wp-json\/wp\/v2\/product_brand?post=55361"},{"taxonomy":"product_cat","embeddable":true,"href":"https:\/\/paracherkaoui.ma\/index.php\/wp-json\/wp\/v2\/product_cat?post=55361"},{"taxonomy":"product_tag","embeddable":true,"href":"https:\/\/paracherkaoui.ma\/index.php\/wp-json\/wp\/v2\/product_tag?post=55361"}],"curies":[{"name":"wp","href":"https:\/\/api.w.org\/{rel}","templated":true}]}}