{"id":55290,"date":"2025-12-12T19:43:03","date_gmt":"2025-12-12T18:43:03","guid":{"rendered":"https:\/\/test.ecbeaute.com\/?post_type=product&#038;p=55290"},"modified":"2025-12-12T19:43:08","modified_gmt":"2025-12-12T18:43:08","slug":"forte-pharma-cheveux-expert","status":"publish","type":"product","link":"https:\/\/paracherkaoui.ma\/index.php\/produit\/forte-pharma-cheveux-expert\/","title":{"rendered":"FORTE PHARMA CHEVEUX EXPERT"},"content":{"rendered":"<p>DESCRIPTIF ET INDICATIONS<br \/>\nForte\u00a0Pharma\u00a0cheveuxexpert\u00a0est un compl\u00e9ment alimentaire agisant sur la vitalit\u00e9 du cheveu ; il poss\u00e8de pour cela diff\u00e9rentes propri\u00e9t\u00e9s :<br \/>\n&#8211; Freiner la chute et stimuler la repousse :<br \/>\nles acides amin\u00e9s (cyst\u00e9ine et m\u00e9thionine), associ\u00e9s au fer et au zinc participent \u00e0 la construction et \u00e0 la synth\u00e8se de la k\u00e9ratine. ils ont donc un r\u00f4le sur la croissance et \u00e0 la fabrication d&rsquo;un cheveu \u00e9pais et dense.<br \/>\nLes anti-oxydants : ACTISOD (extrait de past\u00e8que)+vitamines A, C, E+mangan\u00e8se+s\u00e9l\u00e9nium agissent en synergie contre le vieillissement pr\u00e9matur\u00e9 du cheveu d\u00fb au stress, \u00e0 la pollution, au temps qui passe&#8230; Ils pr\u00e9viennent du follicule pileux pour limiter casse et chute. Par leur action anti-\u00e2ge, ils tendent \u00e9galement \u00e0 ralentir l&rsquo;apparition des\u00a0cheveux\u00a0blancs.<br \/>\n&#8211; Fortifier la chevelure<br \/>\nle complexe Fort\u00e9Nutris-PP \u00e0 base de karit\u00e9, d&rsquo;extrait de raisin et de vitamine PP\/B3 active la micro-circulation au niveau du cuir chevelu pour un rapport optimal des nutriments au bulbe capillaire. La r\u00e9sistance du cheveu est augment\u00e9e et sa repousse favoris\u00e9e.<br \/>\n&#8211; R\u00e9v\u00e9ler l&rsquo;\u00e9clat des\u00a0cheveux<br \/>\nla levure de bi\u00e8re r\u00e9v\u00e8le l&rsquo;\u00e9clat du cheveu par son apport en prot\u00e9ines et vitamines B (B6,B12). Elle contribue \u00e0 nourrir et \u00e0 revitaliser la masse capillaire pour un effet brillance.<br \/>\nla bardane, associ\u00e9e \u00e0 la vitamine B2, apaise et r\u00e9\u00e9quilibre les cuirs cheveulus sensibles.<br \/>\nCONSEILS D&rsquo;UTILISATION<br \/>\nPrendre 1 comprim\u00e9 le matin avec un verre d&rsquo;eau.<br \/>\nUn compl\u00e9ment alimentaire ne doit pas se substituer \u00e0 une alimentation vari\u00e9e et \u00e9quilibr\u00e9e et \u00e0 un mode de vie sain.<br \/>\nD\u00e9conseill\u00e9 aux femmes enceintes ou qui allaitent et aux enfants de moins de huit ans sans avis m\u00e9dical<br \/>\nPRINCIPAUX COMPOSANTS<br \/>\nFort\u00e9Nutris-PP\u00a0 (ingr\u00e9dient exclusif) (Extrait de raisin, Vitamine B3, Huile de karit\u00e9), Hydrolysat de prot\u00e9ines riche en acides amin\u00e9s, ActiSOD\u00ae, Bardane, Levure de bi\u00e8re, Vitamines A,C, E et B (B1, B5, B6, B8, B12), Fer, Zinc, S\u00e9l\u00e9nium, Mangan\u00e8se.<\/p>\n","protected":false},"excerpt":{"rendered":"<p>DESCRIPTIF ET INDICATIONS Forte\u00a0Pharma\u00a0cheveuxexpert\u00a0est un compl\u00e9ment alimentaire agisant sur la vitalit\u00e9 du cheveu ; il poss\u00e8de pour cela diff\u00e9rentes propri\u00e9t\u00e9s<\/p>\n","protected":false},"featured_media":55334,"comment_status":"open","ping_status":"closed","template":"","meta":[],"product_brand":[684],"product_cat":[1066],"product_tag":[],"class_list":{"0":"post-55290","1":"product","2":"type-product","3":"status-publish","4":"has-post-thumbnail","6":"product_brand-forte-pharma","7":"product_cat-complements-cheveux-et-ongles","9":"first","10":"instock","11":"sale","12":"shipping-taxable","13":"purchasable","14":"product-type-simple"},"yoast_head":"<!-- This site is optimized with the Yoast SEO plugin v26.6 - https:\/\/yoast.com\/wordpress\/plugins\/seo\/ -->\r\n<title>FORTE PHARMA CHEVEUX EXPERT - Paracherkaoui.ma<\/title>\r\n<meta name=\"robots\" content=\"index, follow, max-snippet:-1, max-image-preview:large, max-video-preview:-1\" \/>\r\n<link rel=\"canonical\" href=\"https:\/\/paracherkaoui.ma\/index.php\/produit\/forte-pharma-cheveux-expert\/\" \/>\r\n<meta property=\"og:locale\" content=\"fr_FR\" \/>\r\n<meta property=\"og:type\" content=\"article\" \/>\r\n<meta property=\"og:title\" content=\"FORTE PHARMA CHEVEUX EXPERT - Paracherkaoui.ma\" \/>\r\n<meta property=\"og:description\" content=\"DESCRIPTIF ET INDICATIONS Forte\u00a0Pharma\u00a0cheveuxexpert\u00a0est un compl\u00e9ment alimentaire agisant sur la vitalit\u00e9 du cheveu ; il poss\u00e8de pour cela diff\u00e9rentes propri\u00e9t\u00e9s\" \/>\r\n<meta property=\"og:url\" content=\"https:\/\/paracherkaoui.ma\/index.php\/produit\/forte-pharma-cheveux-expert\/\" \/>\r\n<meta property=\"og:site_name\" content=\"Paracherkaoui.ma\" \/>\r\n<meta property=\"article:modified_time\" content=\"2025-12-12T18:43:08+00:00\" \/>\r\n<meta property=\"og:image\" content=\"https:\/\/paracherkaoui.ma\/wp-content\/uploads\/2025\/12\/forte-pharma-forte-pharma-cheveux-expert-complements-cheveux-et-ongles.jpg\" \/>\r\n\t<meta property=\"og:image:width\" content=\"700\" \/>\r\n\t<meta property=\"og:image:height\" content=\"700\" \/>\r\n\t<meta property=\"og:image:type\" content=\"image\/jpeg\" \/>\r\n<meta name=\"twitter:card\" content=\"summary_large_image\" \/>\r\n<meta name=\"twitter:label1\" content=\"Dur\u00e9e de lecture estim\u00e9e\" \/>\n\t<meta name=\"twitter:data1\" content=\"2 minutes\" \/>\r\n<script type=\"application\/ld+json\" class=\"yoast-schema-graph\">{\"@context\":\"https:\/\/schema.org\",\"@graph\":[{\"@type\":\"WebPage\",\"@id\":\"https:\/\/paracherkaoui.ma\/index.php\/produit\/forte-pharma-cheveux-expert\/\",\"url\":\"https:\/\/paracherkaoui.ma\/index.php\/produit\/forte-pharma-cheveux-expert\/\",\"name\":\"FORTE PHARMA CHEVEUX EXPERT - Paracherkaoui.ma\",\"isPartOf\":{\"@id\":\"https:\/\/paracherkaoui.ma\/#website\"},\"primaryImageOfPage\":{\"@id\":\"https:\/\/paracherkaoui.ma\/index.php\/produit\/forte-pharma-cheveux-expert\/#primaryimage\"},\"image\":{\"@id\":\"https:\/\/paracherkaoui.ma\/index.php\/produit\/forte-pharma-cheveux-expert\/#primaryimage\"},\"thumbnailUrl\":\"https:\/\/paracherkaoui.ma\/wp-content\/uploads\/2025\/12\/forte-pharma-forte-pharma-cheveux-expert-complements-cheveux-et-ongles.jpg\",\"datePublished\":\"2025-12-12T18:43:03+00:00\",\"dateModified\":\"2025-12-12T18:43:08+00:00\",\"breadcrumb\":{\"@id\":\"https:\/\/paracherkaoui.ma\/index.php\/produit\/forte-pharma-cheveux-expert\/#breadcrumb\"},\"inLanguage\":\"fr-FR\",\"potentialAction\":[{\"@type\":\"ReadAction\",\"target\":[\"https:\/\/paracherkaoui.ma\/index.php\/produit\/forte-pharma-cheveux-expert\/\"]}]},{\"@type\":\"ImageObject\",\"inLanguage\":\"fr-FR\",\"@id\":\"https:\/\/paracherkaoui.ma\/index.php\/produit\/forte-pharma-cheveux-expert\/#primaryimage\",\"url\":\"https:\/\/paracherkaoui.ma\/wp-content\/uploads\/2025\/12\/forte-pharma-forte-pharma-cheveux-expert-complements-cheveux-et-ongles.jpg\",\"contentUrl\":\"https:\/\/paracherkaoui.ma\/wp-content\/uploads\/2025\/12\/forte-pharma-forte-pharma-cheveux-expert-complements-cheveux-et-ongles.jpg\",\"width\":700,\"height\":700},{\"@type\":\"BreadcrumbList\",\"@id\":\"https:\/\/paracherkaoui.ma\/index.php\/produit\/forte-pharma-cheveux-expert\/#breadcrumb\",\"itemListElement\":[{\"@type\":\"ListItem\",\"position\":1,\"name\":\"Accueil\",\"item\":\"https:\/\/paracherkaoui.ma\/\"},{\"@type\":\"ListItem\",\"position\":2,\"name\":\"Boutique\",\"item\":\"https:\/\/paracherkaoui.ma\/index.php\/boutique\/\"},{\"@type\":\"ListItem\",\"position\":3,\"name\":\"FORTE PHARMA CHEVEUX EXPERT\"}]},{\"@type\":\"WebSite\",\"@id\":\"https:\/\/paracherkaoui.ma\/#website\",\"url\":\"https:\/\/paracherkaoui.ma\/\",\"name\":\"Paracherkaoui.ma\",\"description\":\"Achetez en ligne sur Paracherkaoui.ma\",\"potentialAction\":[{\"@type\":\"SearchAction\",\"target\":{\"@type\":\"EntryPoint\",\"urlTemplate\":\"https:\/\/paracherkaoui.ma\/?s={search_term_string}\"},\"query-input\":{\"@type\":\"PropertyValueSpecification\",\"valueRequired\":true,\"valueName\":\"search_term_string\"}}],\"inLanguage\":\"fr-FR\"}]}<\/script>\r\n<!-- \/ Yoast SEO plugin. -->","yoast_head_json":{"title":"FORTE PHARMA CHEVEUX EXPERT - Paracherkaoui.ma","robots":{"index":"index","follow":"follow","max-snippet":"max-snippet:-1","max-image-preview":"max-image-preview:large","max-video-preview":"max-video-preview:-1"},"canonical":"https:\/\/paracherkaoui.ma\/index.php\/produit\/forte-pharma-cheveux-expert\/","og_locale":"fr_FR","og_type":"article","og_title":"FORTE PHARMA CHEVEUX EXPERT - Paracherkaoui.ma","og_description":"DESCRIPTIF ET INDICATIONS Forte\u00a0Pharma\u00a0cheveuxexpert\u00a0est un compl\u00e9ment alimentaire agisant sur la vitalit\u00e9 du cheveu ; il poss\u00e8de pour cela diff\u00e9rentes propri\u00e9t\u00e9s","og_url":"https:\/\/paracherkaoui.ma\/index.php\/produit\/forte-pharma-cheveux-expert\/","og_site_name":"Paracherkaoui.ma","article_modified_time":"2025-12-12T18:43:08+00:00","og_image":[{"width":700,"height":700,"url":"https:\/\/paracherkaoui.ma\/wp-content\/uploads\/2025\/12\/forte-pharma-forte-pharma-cheveux-expert-complements-cheveux-et-ongles.jpg","type":"image\/jpeg"}],"twitter_card":"summary_large_image","twitter_misc":{"Dur\u00e9e de lecture estim\u00e9e":"2 minutes"},"schema":{"@context":"https:\/\/schema.org","@graph":[{"@type":"WebPage","@id":"https:\/\/paracherkaoui.ma\/index.php\/produit\/forte-pharma-cheveux-expert\/","url":"https:\/\/paracherkaoui.ma\/index.php\/produit\/forte-pharma-cheveux-expert\/","name":"FORTE PHARMA CHEVEUX EXPERT - Paracherkaoui.ma","isPartOf":{"@id":"https:\/\/paracherkaoui.ma\/#website"},"primaryImageOfPage":{"@id":"https:\/\/paracherkaoui.ma\/index.php\/produit\/forte-pharma-cheveux-expert\/#primaryimage"},"image":{"@id":"https:\/\/paracherkaoui.ma\/index.php\/produit\/forte-pharma-cheveux-expert\/#primaryimage"},"thumbnailUrl":"https:\/\/paracherkaoui.ma\/wp-content\/uploads\/2025\/12\/forte-pharma-forte-pharma-cheveux-expert-complements-cheveux-et-ongles.jpg","datePublished":"2025-12-12T18:43:03+00:00","dateModified":"2025-12-12T18:43:08+00:00","breadcrumb":{"@id":"https:\/\/paracherkaoui.ma\/index.php\/produit\/forte-pharma-cheveux-expert\/#breadcrumb"},"inLanguage":"fr-FR","potentialAction":[{"@type":"ReadAction","target":["https:\/\/paracherkaoui.ma\/index.php\/produit\/forte-pharma-cheveux-expert\/"]}]},{"@type":"ImageObject","inLanguage":"fr-FR","@id":"https:\/\/paracherkaoui.ma\/index.php\/produit\/forte-pharma-cheveux-expert\/#primaryimage","url":"https:\/\/paracherkaoui.ma\/wp-content\/uploads\/2025\/12\/forte-pharma-forte-pharma-cheveux-expert-complements-cheveux-et-ongles.jpg","contentUrl":"https:\/\/paracherkaoui.ma\/wp-content\/uploads\/2025\/12\/forte-pharma-forte-pharma-cheveux-expert-complements-cheveux-et-ongles.jpg","width":700,"height":700},{"@type":"BreadcrumbList","@id":"https:\/\/paracherkaoui.ma\/index.php\/produit\/forte-pharma-cheveux-expert\/#breadcrumb","itemListElement":[{"@type":"ListItem","position":1,"name":"Accueil","item":"https:\/\/paracherkaoui.ma\/"},{"@type":"ListItem","position":2,"name":"Boutique","item":"https:\/\/paracherkaoui.ma\/index.php\/boutique\/"},{"@type":"ListItem","position":3,"name":"FORTE PHARMA CHEVEUX EXPERT"}]},{"@type":"WebSite","@id":"https:\/\/paracherkaoui.ma\/#website","url":"https:\/\/paracherkaoui.ma\/","name":"Paracherkaoui.ma","description":"Achetez en ligne sur Paracherkaoui.ma","potentialAction":[{"@type":"SearchAction","target":{"@type":"EntryPoint","urlTemplate":"https:\/\/paracherkaoui.ma\/?s={search_term_string}"},"query-input":{"@type":"PropertyValueSpecification","valueRequired":true,"valueName":"search_term_string"}}],"inLanguage":"fr-FR"}]}},"_links":{"self":[{"href":"https:\/\/paracherkaoui.ma\/index.php\/wp-json\/wp\/v2\/product\/55290","targetHints":{"allow":["GET"]}}],"collection":[{"href":"https:\/\/paracherkaoui.ma\/index.php\/wp-json\/wp\/v2\/product"}],"about":[{"href":"https:\/\/paracherkaoui.ma\/index.php\/wp-json\/wp\/v2\/types\/product"}],"replies":[{"embeddable":true,"href":"https:\/\/paracherkaoui.ma\/index.php\/wp-json\/wp\/v2\/comments?post=55290"}],"version-history":[{"count":1,"href":"https:\/\/paracherkaoui.ma\/index.php\/wp-json\/wp\/v2\/product\/55290\/revisions"}],"predecessor-version":[{"id":55335,"href":"https:\/\/paracherkaoui.ma\/index.php\/wp-json\/wp\/v2\/product\/55290\/revisions\/55335"}],"wp:featuredmedia":[{"embeddable":true,"href":"https:\/\/paracherkaoui.ma\/index.php\/wp-json\/wp\/v2\/media\/55334"}],"wp:attachment":[{"href":"https:\/\/paracherkaoui.ma\/index.php\/wp-json\/wp\/v2\/media?parent=55290"}],"wp:term":[{"taxonomy":"product_brand","embeddable":true,"href":"https:\/\/paracherkaoui.ma\/index.php\/wp-json\/wp\/v2\/product_brand?post=55290"},{"taxonomy":"product_cat","embeddable":true,"href":"https:\/\/paracherkaoui.ma\/index.php\/wp-json\/wp\/v2\/product_cat?post=55290"},{"taxonomy":"product_tag","embeddable":true,"href":"https:\/\/paracherkaoui.ma\/index.php\/wp-json\/wp\/v2\/product_tag?post=55290"}],"curies":[{"name":"wp","href":"https:\/\/api.w.org\/{rel}","templated":true}]}}