{"id":55285,"date":"2025-12-12T19:43:02","date_gmt":"2025-12-12T18:43:02","guid":{"rendered":"https:\/\/test.ecbeaute.com\/?post_type=product&#038;p=55285"},"modified":"2025-12-12T19:43:07","modified_gmt":"2025-12-12T18:43:07","slug":"phyto-systeme-60-gelules","status":"publish","type":"product","link":"https:\/\/paracherkaoui.ma\/index.php\/produit\/phyto-systeme-60-gelules\/","title":{"rendered":"PHYTO SYSTEME 60 gelules"},"content":{"rendered":"<p>ce compl\u00e9ment \u00e0 base de\u00a0:<br \/>\nla m\u00e9thionine, C\u2019est un antioxydant facilitant la production de glutathion luttant contre la chute des cheveux. Capable de neutraliser les toxines, il contribue \u00e9galement \u00e0 la beaut\u00e9 du cuir chevelu, des cheveux et des ongles.<br \/>\nLes vitamines du groupe B, apport\u00e9es par la levure Saccharomyces cerevisiae, ont une meilleure biodisponibilit\u00e9. Ces micro-nutriments apportent de l\u2019\u00e9nergie \u00e0 l\u2019organisme, ce qui procure force et vitalit\u00e9 aux cheveux et aux ongles. La vitamine B8 (biotine) aide \u00e0 lutter contre la chute et la d\u00e9pigmentation des cheveu<\/p>\n","protected":false},"excerpt":{"rendered":"<p>ce compl\u00e9ment \u00e0 base de\u00a0: la m\u00e9thionine, C\u2019est un antioxydant facilitant la production de glutathion luttant contre la chute des<\/p>\n","protected":false},"featured_media":55327,"comment_status":"open","ping_status":"closed","template":"","meta":[],"product_brand":[269],"product_cat":[1066],"product_tag":[],"class_list":{"0":"post-55285","1":"product","2":"type-product","3":"status-publish","4":"has-post-thumbnail","6":"product_brand-phyto-systeme","7":"product_cat-complements-cheveux-et-ongles","9":"first","10":"instock","11":"sale","12":"shipping-taxable","13":"purchasable","14":"product-type-simple"},"yoast_head":"<!-- This site is optimized with the Yoast SEO plugin v26.6 - https:\/\/yoast.com\/wordpress\/plugins\/seo\/ -->\r\n<title>PHYTO SYSTEME 60 gelules - Paracherkaoui.ma<\/title>\r\n<meta name=\"robots\" content=\"index, follow, max-snippet:-1, max-image-preview:large, max-video-preview:-1\" \/>\r\n<link rel=\"canonical\" href=\"https:\/\/paracherkaoui.ma\/index.php\/produit\/phyto-systeme-60-gelules\/\" \/>\r\n<meta property=\"og:locale\" content=\"fr_FR\" \/>\r\n<meta property=\"og:type\" content=\"article\" \/>\r\n<meta property=\"og:title\" content=\"PHYTO SYSTEME 60 gelules - Paracherkaoui.ma\" \/>\r\n<meta property=\"og:description\" content=\"ce compl\u00e9ment \u00e0 base de\u00a0: la m\u00e9thionine, C\u2019est un antioxydant facilitant la production de glutathion luttant contre la chute des\" \/>\r\n<meta property=\"og:url\" content=\"https:\/\/paracherkaoui.ma\/index.php\/produit\/phyto-systeme-60-gelules\/\" \/>\r\n<meta property=\"og:site_name\" content=\"Paracherkaoui.ma\" \/>\r\n<meta property=\"article:modified_time\" content=\"2025-12-12T18:43:07+00:00\" \/>\r\n<meta property=\"og:image\" content=\"https:\/\/paracherkaoui.ma\/wp-content\/uploads\/2025\/12\/phyto-systeme-phyto-systeme-60-gelules-complements-cheveux-et-ongles.jpg\" \/>\r\n\t<meta property=\"og:image:width\" content=\"700\" \/>\r\n\t<meta property=\"og:image:height\" content=\"700\" \/>\r\n\t<meta property=\"og:image:type\" content=\"image\/jpeg\" \/>\r\n<meta name=\"twitter:card\" content=\"summary_large_image\" \/>\r\n<script type=\"application\/ld+json\" class=\"yoast-schema-graph\">{\"@context\":\"https:\/\/schema.org\",\"@graph\":[{\"@type\":\"WebPage\",\"@id\":\"https:\/\/paracherkaoui.ma\/index.php\/produit\/phyto-systeme-60-gelules\/\",\"url\":\"https:\/\/paracherkaoui.ma\/index.php\/produit\/phyto-systeme-60-gelules\/\",\"name\":\"PHYTO SYSTEME 60 gelules - Paracherkaoui.ma\",\"isPartOf\":{\"@id\":\"https:\/\/paracherkaoui.ma\/#website\"},\"primaryImageOfPage\":{\"@id\":\"https:\/\/paracherkaoui.ma\/index.php\/produit\/phyto-systeme-60-gelules\/#primaryimage\"},\"image\":{\"@id\":\"https:\/\/paracherkaoui.ma\/index.php\/produit\/phyto-systeme-60-gelules\/#primaryimage\"},\"thumbnailUrl\":\"https:\/\/paracherkaoui.ma\/wp-content\/uploads\/2025\/12\/phyto-systeme-phyto-systeme-60-gelules-complements-cheveux-et-ongles.jpg\",\"datePublished\":\"2025-12-12T18:43:02+00:00\",\"dateModified\":\"2025-12-12T18:43:07+00:00\",\"breadcrumb\":{\"@id\":\"https:\/\/paracherkaoui.ma\/index.php\/produit\/phyto-systeme-60-gelules\/#breadcrumb\"},\"inLanguage\":\"fr-FR\",\"potentialAction\":[{\"@type\":\"ReadAction\",\"target\":[\"https:\/\/paracherkaoui.ma\/index.php\/produit\/phyto-systeme-60-gelules\/\"]}]},{\"@type\":\"ImageObject\",\"inLanguage\":\"fr-FR\",\"@id\":\"https:\/\/paracherkaoui.ma\/index.php\/produit\/phyto-systeme-60-gelules\/#primaryimage\",\"url\":\"https:\/\/paracherkaoui.ma\/wp-content\/uploads\/2025\/12\/phyto-systeme-phyto-systeme-60-gelules-complements-cheveux-et-ongles.jpg\",\"contentUrl\":\"https:\/\/paracherkaoui.ma\/wp-content\/uploads\/2025\/12\/phyto-systeme-phyto-systeme-60-gelules-complements-cheveux-et-ongles.jpg\",\"width\":700,\"height\":700},{\"@type\":\"BreadcrumbList\",\"@id\":\"https:\/\/paracherkaoui.ma\/index.php\/produit\/phyto-systeme-60-gelules\/#breadcrumb\",\"itemListElement\":[{\"@type\":\"ListItem\",\"position\":1,\"name\":\"Accueil\",\"item\":\"https:\/\/paracherkaoui.ma\/\"},{\"@type\":\"ListItem\",\"position\":2,\"name\":\"Boutique\",\"item\":\"https:\/\/paracherkaoui.ma\/index.php\/boutique\/\"},{\"@type\":\"ListItem\",\"position\":3,\"name\":\"PHYTO SYSTEME 60 gelules\"}]},{\"@type\":\"WebSite\",\"@id\":\"https:\/\/paracherkaoui.ma\/#website\",\"url\":\"https:\/\/paracherkaoui.ma\/\",\"name\":\"Paracherkaoui.ma\",\"description\":\"Achetez en ligne sur Paracherkaoui.ma\",\"potentialAction\":[{\"@type\":\"SearchAction\",\"target\":{\"@type\":\"EntryPoint\",\"urlTemplate\":\"https:\/\/paracherkaoui.ma\/?s={search_term_string}\"},\"query-input\":{\"@type\":\"PropertyValueSpecification\",\"valueRequired\":true,\"valueName\":\"search_term_string\"}}],\"inLanguage\":\"fr-FR\"}]}<\/script>\r\n<!-- \/ Yoast SEO plugin. -->","yoast_head_json":{"title":"PHYTO SYSTEME 60 gelules - Paracherkaoui.ma","robots":{"index":"index","follow":"follow","max-snippet":"max-snippet:-1","max-image-preview":"max-image-preview:large","max-video-preview":"max-video-preview:-1"},"canonical":"https:\/\/paracherkaoui.ma\/index.php\/produit\/phyto-systeme-60-gelules\/","og_locale":"fr_FR","og_type":"article","og_title":"PHYTO SYSTEME 60 gelules - Paracherkaoui.ma","og_description":"ce compl\u00e9ment \u00e0 base de\u00a0: la m\u00e9thionine, C\u2019est un antioxydant facilitant la production de glutathion luttant contre la chute des","og_url":"https:\/\/paracherkaoui.ma\/index.php\/produit\/phyto-systeme-60-gelules\/","og_site_name":"Paracherkaoui.ma","article_modified_time":"2025-12-12T18:43:07+00:00","og_image":[{"width":700,"height":700,"url":"https:\/\/paracherkaoui.ma\/wp-content\/uploads\/2025\/12\/phyto-systeme-phyto-systeme-60-gelules-complements-cheveux-et-ongles.jpg","type":"image\/jpeg"}],"twitter_card":"summary_large_image","schema":{"@context":"https:\/\/schema.org","@graph":[{"@type":"WebPage","@id":"https:\/\/paracherkaoui.ma\/index.php\/produit\/phyto-systeme-60-gelules\/","url":"https:\/\/paracherkaoui.ma\/index.php\/produit\/phyto-systeme-60-gelules\/","name":"PHYTO SYSTEME 60 gelules - Paracherkaoui.ma","isPartOf":{"@id":"https:\/\/paracherkaoui.ma\/#website"},"primaryImageOfPage":{"@id":"https:\/\/paracherkaoui.ma\/index.php\/produit\/phyto-systeme-60-gelules\/#primaryimage"},"image":{"@id":"https:\/\/paracherkaoui.ma\/index.php\/produit\/phyto-systeme-60-gelules\/#primaryimage"},"thumbnailUrl":"https:\/\/paracherkaoui.ma\/wp-content\/uploads\/2025\/12\/phyto-systeme-phyto-systeme-60-gelules-complements-cheveux-et-ongles.jpg","datePublished":"2025-12-12T18:43:02+00:00","dateModified":"2025-12-12T18:43:07+00:00","breadcrumb":{"@id":"https:\/\/paracherkaoui.ma\/index.php\/produit\/phyto-systeme-60-gelules\/#breadcrumb"},"inLanguage":"fr-FR","potentialAction":[{"@type":"ReadAction","target":["https:\/\/paracherkaoui.ma\/index.php\/produit\/phyto-systeme-60-gelules\/"]}]},{"@type":"ImageObject","inLanguage":"fr-FR","@id":"https:\/\/paracherkaoui.ma\/index.php\/produit\/phyto-systeme-60-gelules\/#primaryimage","url":"https:\/\/paracherkaoui.ma\/wp-content\/uploads\/2025\/12\/phyto-systeme-phyto-systeme-60-gelules-complements-cheveux-et-ongles.jpg","contentUrl":"https:\/\/paracherkaoui.ma\/wp-content\/uploads\/2025\/12\/phyto-systeme-phyto-systeme-60-gelules-complements-cheveux-et-ongles.jpg","width":700,"height":700},{"@type":"BreadcrumbList","@id":"https:\/\/paracherkaoui.ma\/index.php\/produit\/phyto-systeme-60-gelules\/#breadcrumb","itemListElement":[{"@type":"ListItem","position":1,"name":"Accueil","item":"https:\/\/paracherkaoui.ma\/"},{"@type":"ListItem","position":2,"name":"Boutique","item":"https:\/\/paracherkaoui.ma\/index.php\/boutique\/"},{"@type":"ListItem","position":3,"name":"PHYTO SYSTEME 60 gelules"}]},{"@type":"WebSite","@id":"https:\/\/paracherkaoui.ma\/#website","url":"https:\/\/paracherkaoui.ma\/","name":"Paracherkaoui.ma","description":"Achetez en ligne sur Paracherkaoui.ma","potentialAction":[{"@type":"SearchAction","target":{"@type":"EntryPoint","urlTemplate":"https:\/\/paracherkaoui.ma\/?s={search_term_string}"},"query-input":{"@type":"PropertyValueSpecification","valueRequired":true,"valueName":"search_term_string"}}],"inLanguage":"fr-FR"}]}},"_links":{"self":[{"href":"https:\/\/paracherkaoui.ma\/index.php\/wp-json\/wp\/v2\/product\/55285","targetHints":{"allow":["GET"]}}],"collection":[{"href":"https:\/\/paracherkaoui.ma\/index.php\/wp-json\/wp\/v2\/product"}],"about":[{"href":"https:\/\/paracherkaoui.ma\/index.php\/wp-json\/wp\/v2\/types\/product"}],"replies":[{"embeddable":true,"href":"https:\/\/paracherkaoui.ma\/index.php\/wp-json\/wp\/v2\/comments?post=55285"}],"version-history":[{"count":1,"href":"https:\/\/paracherkaoui.ma\/index.php\/wp-json\/wp\/v2\/product\/55285\/revisions"}],"predecessor-version":[{"id":55328,"href":"https:\/\/paracherkaoui.ma\/index.php\/wp-json\/wp\/v2\/product\/55285\/revisions\/55328"}],"wp:featuredmedia":[{"embeddable":true,"href":"https:\/\/paracherkaoui.ma\/index.php\/wp-json\/wp\/v2\/media\/55327"}],"wp:attachment":[{"href":"https:\/\/paracherkaoui.ma\/index.php\/wp-json\/wp\/v2\/media?parent=55285"}],"wp:term":[{"taxonomy":"product_brand","embeddable":true,"href":"https:\/\/paracherkaoui.ma\/index.php\/wp-json\/wp\/v2\/product_brand?post=55285"},{"taxonomy":"product_cat","embeddable":true,"href":"https:\/\/paracherkaoui.ma\/index.php\/wp-json\/wp\/v2\/product_cat?post=55285"},{"taxonomy":"product_tag","embeddable":true,"href":"https:\/\/paracherkaoui.ma\/index.php\/wp-json\/wp\/v2\/product_tag?post=55285"}],"curies":[{"name":"wp","href":"https:\/\/api.w.org\/{rel}","templated":true}]}}