{"id":55282,"date":"2025-12-12T19:43:02","date_gmt":"2025-12-12T18:43:02","guid":{"rendered":"https:\/\/test.ecbeaute.com\/?post_type=product&#038;p=55282"},"modified":"2025-12-12T19:43:07","modified_gmt":"2025-12-12T18:43:07","slug":"ducray-anacaps-progressiv-antichute-progressive-30-capsules-2","status":"publish","type":"product","link":"https:\/\/paracherkaoui.ma\/index.php\/produit\/ducray-anacaps-progressiv-antichute-progressive-30-capsules-2\/","title":{"rendered":"DUCRAY ANACAPS PROGRESSIV ANTICHUTE PROGRESSIVE 30 CAPSULES"},"content":{"rendered":"<p>L&rsquo;alop\u00e9cie, ou acc\u00e9l\u00e9ration de\u00a0chute de cheveux, est une maladie qui touche aussi bien les femmes que les hommes. Le cheveu se fragilise, il tombe plus facilement, et vous perdez en masse capillaire. Si la fatigue ou encore le stress peuvent \u00eatre des facteurs d\u00e9clenchant la chute de cheveux, il est \u00e9galement possible d&rsquo;en souffrir sans cause r\u00e9elle.<br \/>\nUn compl\u00e9ment alimentaire qui freine la chute de cheveux<br \/>\nApportant un r\u00e9el cocktail de\u00a0micro-nutriments, le\u00a0compl\u00e9ment alimentaire chute de cheveux\u00a0Anacaps Progressiv nourrit en profondeur le cheveu et permet de:<br \/>\nlimiter la chute<br \/>\nrenforcer le bulbe<br \/>\ngagner en densit\u00e9 et en volume<br \/>\nPlusieurs micro-nutriments redonnant de la force au cheveu<br \/>\nLe traitement\u00a0Anacaps anti-chute\u00a0est compos\u00e9 de plusieurs micro-nutriments tels que:<br \/>\nle zinc<br \/>\nle fer<br \/>\nde nombreuses vitamines (B2, B3, B5, B6, B8, B9, C et E)<br \/>\nDes r\u00e9sultats prouv\u00e9s : un cheveu plus r\u00e9sistant, et plus de densit\u00e9<br \/>\nApr\u00e8s 3 mois de cure, le cheveu\u00a0gagne en volume, en densit\u00e9 et en r\u00e9sistance. 92% des personnes interrog\u00e9es sont satisfaites par la densit\u00e9, 95% par la r\u00e9sistance et 87% par le volume de leur masse capillaire apr\u00e8s leur cure de compl\u00e9ment alimentaire.<br \/>\nUne cure de 3 mois est recommand\u00e9e pour constater les premiers r\u00e9sultats. Tous les jours, de pr\u00e9f\u00e9rence le matin, prenez une capsule avec un verre d&rsquo;eau. Veillez \u00e0 ne pas d\u00e9passer la dose journali\u00e8re recommand\u00e9e. Ce compl\u00e9ment alimentaire ne remplace pas une hygi\u00e8ne de vie et une hygi\u00e8ne alimentaire saine.<\/p>\n","protected":false},"excerpt":{"rendered":"<p>L&rsquo;alop\u00e9cie, ou acc\u00e9l\u00e9ration de\u00a0chute de cheveux, est une maladie qui touche aussi bien les femmes que les hommes. Le cheveu<\/p>\n","protected":false},"featured_media":11051,"comment_status":"open","ping_status":"closed","template":"","meta":[],"product_brand":[138],"product_cat":[1066],"product_tag":[],"class_list":{"0":"post-55282","1":"product","2":"type-product","3":"status-publish","4":"has-post-thumbnail","6":"product_brand-ducray","7":"product_cat-complements-cheveux-et-ongles","9":"first","10":"instock","11":"sale","12":"shipping-taxable","13":"purchasable","14":"product-type-simple"},"yoast_head":"<!-- This site is optimized with the Yoast SEO plugin v26.6 - https:\/\/yoast.com\/wordpress\/plugins\/seo\/ -->\r\n<title>DUCRAY ANACAPS PROGRESSIV ANTICHUTE PROGRESSIVE 30 CAPSULES - Paracherkaoui.ma<\/title>\r\n<meta name=\"robots\" content=\"index, follow, max-snippet:-1, max-image-preview:large, max-video-preview:-1\" \/>\r\n<link rel=\"canonical\" href=\"https:\/\/paracherkaoui.ma\/index.php\/produit\/ducray-anacaps-progressiv-antichute-progressive-30-capsules-2\/\" \/>\r\n<meta property=\"og:locale\" content=\"fr_FR\" \/>\r\n<meta property=\"og:type\" content=\"article\" \/>\r\n<meta property=\"og:title\" content=\"DUCRAY ANACAPS PROGRESSIV ANTICHUTE PROGRESSIVE 30 CAPSULES - Paracherkaoui.ma\" \/>\r\n<meta property=\"og:description\" content=\"L&rsquo;alop\u00e9cie, ou acc\u00e9l\u00e9ration de\u00a0chute de cheveux, est une maladie qui touche aussi bien les femmes que les hommes. Le cheveu\" \/>\r\n<meta property=\"og:url\" content=\"https:\/\/paracherkaoui.ma\/index.php\/produit\/ducray-anacaps-progressiv-antichute-progressive-30-capsules-2\/\" \/>\r\n<meta property=\"og:site_name\" content=\"Paracherkaoui.ma\" \/>\r\n<meta property=\"article:modified_time\" content=\"2025-12-12T18:43:07+00:00\" \/>\r\n<meta property=\"og:image\" content=\"https:\/\/paracherkaoui.ma\/wp-content\/uploads\/2025\/12\/ducray-ducray-anacaps-progressiv-antichute-progressive-30-capsules-serum-et-huiles.jpg\" \/>\r\n\t<meta property=\"og:image:width\" content=\"700\" \/>\r\n\t<meta property=\"og:image:height\" content=\"700\" \/>\r\n\t<meta property=\"og:image:type\" content=\"image\/jpeg\" \/>\r\n<meta name=\"twitter:card\" content=\"summary_large_image\" \/>\r\n<meta name=\"twitter:label1\" content=\"Dur\u00e9e de lecture estim\u00e9e\" \/>\n\t<meta name=\"twitter:data1\" content=\"1 minute\" \/>\r\n<script type=\"application\/ld+json\" class=\"yoast-schema-graph\">{\"@context\":\"https:\/\/schema.org\",\"@graph\":[{\"@type\":\"WebPage\",\"@id\":\"https:\/\/paracherkaoui.ma\/index.php\/produit\/ducray-anacaps-progressiv-antichute-progressive-30-capsules-2\/\",\"url\":\"https:\/\/paracherkaoui.ma\/index.php\/produit\/ducray-anacaps-progressiv-antichute-progressive-30-capsules-2\/\",\"name\":\"DUCRAY ANACAPS PROGRESSIV ANTICHUTE PROGRESSIVE 30 CAPSULES - Paracherkaoui.ma\",\"isPartOf\":{\"@id\":\"https:\/\/paracherkaoui.ma\/#website\"},\"primaryImageOfPage\":{\"@id\":\"https:\/\/paracherkaoui.ma\/index.php\/produit\/ducray-anacaps-progressiv-antichute-progressive-30-capsules-2\/#primaryimage\"},\"image\":{\"@id\":\"https:\/\/paracherkaoui.ma\/index.php\/produit\/ducray-anacaps-progressiv-antichute-progressive-30-capsules-2\/#primaryimage\"},\"thumbnailUrl\":\"https:\/\/paracherkaoui.ma\/wp-content\/uploads\/2025\/12\/ducray-ducray-anacaps-progressiv-antichute-progressive-30-capsules-serum-et-huiles.jpg\",\"datePublished\":\"2025-12-12T18:43:02+00:00\",\"dateModified\":\"2025-12-12T18:43:07+00:00\",\"breadcrumb\":{\"@id\":\"https:\/\/paracherkaoui.ma\/index.php\/produit\/ducray-anacaps-progressiv-antichute-progressive-30-capsules-2\/#breadcrumb\"},\"inLanguage\":\"fr-FR\",\"potentialAction\":[{\"@type\":\"ReadAction\",\"target\":[\"https:\/\/paracherkaoui.ma\/index.php\/produit\/ducray-anacaps-progressiv-antichute-progressive-30-capsules-2\/\"]}]},{\"@type\":\"ImageObject\",\"inLanguage\":\"fr-FR\",\"@id\":\"https:\/\/paracherkaoui.ma\/index.php\/produit\/ducray-anacaps-progressiv-antichute-progressive-30-capsules-2\/#primaryimage\",\"url\":\"https:\/\/paracherkaoui.ma\/wp-content\/uploads\/2025\/12\/ducray-ducray-anacaps-progressiv-antichute-progressive-30-capsules-serum-et-huiles.jpg\",\"contentUrl\":\"https:\/\/paracherkaoui.ma\/wp-content\/uploads\/2025\/12\/ducray-ducray-anacaps-progressiv-antichute-progressive-30-capsules-serum-et-huiles.jpg\",\"width\":700,\"height\":700},{\"@type\":\"BreadcrumbList\",\"@id\":\"https:\/\/paracherkaoui.ma\/index.php\/produit\/ducray-anacaps-progressiv-antichute-progressive-30-capsules-2\/#breadcrumb\",\"itemListElement\":[{\"@type\":\"ListItem\",\"position\":1,\"name\":\"Accueil\",\"item\":\"https:\/\/paracherkaoui.ma\/\"},{\"@type\":\"ListItem\",\"position\":2,\"name\":\"Boutique\",\"item\":\"https:\/\/paracherkaoui.ma\/index.php\/boutique\/\"},{\"@type\":\"ListItem\",\"position\":3,\"name\":\"DUCRAY ANACAPS PROGRESSIV ANTICHUTE PROGRESSIVE 30 CAPSULES\"}]},{\"@type\":\"WebSite\",\"@id\":\"https:\/\/paracherkaoui.ma\/#website\",\"url\":\"https:\/\/paracherkaoui.ma\/\",\"name\":\"Paracherkaoui.ma\",\"description\":\"Achetez en ligne sur Paracherkaoui.ma\",\"potentialAction\":[{\"@type\":\"SearchAction\",\"target\":{\"@type\":\"EntryPoint\",\"urlTemplate\":\"https:\/\/paracherkaoui.ma\/?s={search_term_string}\"},\"query-input\":{\"@type\":\"PropertyValueSpecification\",\"valueRequired\":true,\"valueName\":\"search_term_string\"}}],\"inLanguage\":\"fr-FR\"}]}<\/script>\r\n<!-- \/ Yoast SEO plugin. -->","yoast_head_json":{"title":"DUCRAY ANACAPS PROGRESSIV ANTICHUTE PROGRESSIVE 30 CAPSULES - Paracherkaoui.ma","robots":{"index":"index","follow":"follow","max-snippet":"max-snippet:-1","max-image-preview":"max-image-preview:large","max-video-preview":"max-video-preview:-1"},"canonical":"https:\/\/paracherkaoui.ma\/index.php\/produit\/ducray-anacaps-progressiv-antichute-progressive-30-capsules-2\/","og_locale":"fr_FR","og_type":"article","og_title":"DUCRAY ANACAPS PROGRESSIV ANTICHUTE PROGRESSIVE 30 CAPSULES - Paracherkaoui.ma","og_description":"L&rsquo;alop\u00e9cie, ou acc\u00e9l\u00e9ration de\u00a0chute de cheveux, est une maladie qui touche aussi bien les femmes que les hommes. Le cheveu","og_url":"https:\/\/paracherkaoui.ma\/index.php\/produit\/ducray-anacaps-progressiv-antichute-progressive-30-capsules-2\/","og_site_name":"Paracherkaoui.ma","article_modified_time":"2025-12-12T18:43:07+00:00","og_image":[{"width":700,"height":700,"url":"https:\/\/paracherkaoui.ma\/wp-content\/uploads\/2025\/12\/ducray-ducray-anacaps-progressiv-antichute-progressive-30-capsules-serum-et-huiles.jpg","type":"image\/jpeg"}],"twitter_card":"summary_large_image","twitter_misc":{"Dur\u00e9e de lecture estim\u00e9e":"1 minute"},"schema":{"@context":"https:\/\/schema.org","@graph":[{"@type":"WebPage","@id":"https:\/\/paracherkaoui.ma\/index.php\/produit\/ducray-anacaps-progressiv-antichute-progressive-30-capsules-2\/","url":"https:\/\/paracherkaoui.ma\/index.php\/produit\/ducray-anacaps-progressiv-antichute-progressive-30-capsules-2\/","name":"DUCRAY ANACAPS PROGRESSIV ANTICHUTE PROGRESSIVE 30 CAPSULES - Paracherkaoui.ma","isPartOf":{"@id":"https:\/\/paracherkaoui.ma\/#website"},"primaryImageOfPage":{"@id":"https:\/\/paracherkaoui.ma\/index.php\/produit\/ducray-anacaps-progressiv-antichute-progressive-30-capsules-2\/#primaryimage"},"image":{"@id":"https:\/\/paracherkaoui.ma\/index.php\/produit\/ducray-anacaps-progressiv-antichute-progressive-30-capsules-2\/#primaryimage"},"thumbnailUrl":"https:\/\/paracherkaoui.ma\/wp-content\/uploads\/2025\/12\/ducray-ducray-anacaps-progressiv-antichute-progressive-30-capsules-serum-et-huiles.jpg","datePublished":"2025-12-12T18:43:02+00:00","dateModified":"2025-12-12T18:43:07+00:00","breadcrumb":{"@id":"https:\/\/paracherkaoui.ma\/index.php\/produit\/ducray-anacaps-progressiv-antichute-progressive-30-capsules-2\/#breadcrumb"},"inLanguage":"fr-FR","potentialAction":[{"@type":"ReadAction","target":["https:\/\/paracherkaoui.ma\/index.php\/produit\/ducray-anacaps-progressiv-antichute-progressive-30-capsules-2\/"]}]},{"@type":"ImageObject","inLanguage":"fr-FR","@id":"https:\/\/paracherkaoui.ma\/index.php\/produit\/ducray-anacaps-progressiv-antichute-progressive-30-capsules-2\/#primaryimage","url":"https:\/\/paracherkaoui.ma\/wp-content\/uploads\/2025\/12\/ducray-ducray-anacaps-progressiv-antichute-progressive-30-capsules-serum-et-huiles.jpg","contentUrl":"https:\/\/paracherkaoui.ma\/wp-content\/uploads\/2025\/12\/ducray-ducray-anacaps-progressiv-antichute-progressive-30-capsules-serum-et-huiles.jpg","width":700,"height":700},{"@type":"BreadcrumbList","@id":"https:\/\/paracherkaoui.ma\/index.php\/produit\/ducray-anacaps-progressiv-antichute-progressive-30-capsules-2\/#breadcrumb","itemListElement":[{"@type":"ListItem","position":1,"name":"Accueil","item":"https:\/\/paracherkaoui.ma\/"},{"@type":"ListItem","position":2,"name":"Boutique","item":"https:\/\/paracherkaoui.ma\/index.php\/boutique\/"},{"@type":"ListItem","position":3,"name":"DUCRAY ANACAPS PROGRESSIV ANTICHUTE PROGRESSIVE 30 CAPSULES"}]},{"@type":"WebSite","@id":"https:\/\/paracherkaoui.ma\/#website","url":"https:\/\/paracherkaoui.ma\/","name":"Paracherkaoui.ma","description":"Achetez en ligne sur Paracherkaoui.ma","potentialAction":[{"@type":"SearchAction","target":{"@type":"EntryPoint","urlTemplate":"https:\/\/paracherkaoui.ma\/?s={search_term_string}"},"query-input":{"@type":"PropertyValueSpecification","valueRequired":true,"valueName":"search_term_string"}}],"inLanguage":"fr-FR"}]}},"_links":{"self":[{"href":"https:\/\/paracherkaoui.ma\/index.php\/wp-json\/wp\/v2\/product\/55282","targetHints":{"allow":["GET"]}}],"collection":[{"href":"https:\/\/paracherkaoui.ma\/index.php\/wp-json\/wp\/v2\/product"}],"about":[{"href":"https:\/\/paracherkaoui.ma\/index.php\/wp-json\/wp\/v2\/types\/product"}],"replies":[{"embeddable":true,"href":"https:\/\/paracherkaoui.ma\/index.php\/wp-json\/wp\/v2\/comments?post=55282"}],"version-history":[{"count":1,"href":"https:\/\/paracherkaoui.ma\/index.php\/wp-json\/wp\/v2\/product\/55282\/revisions"}],"predecessor-version":[{"id":55322,"href":"https:\/\/paracherkaoui.ma\/index.php\/wp-json\/wp\/v2\/product\/55282\/revisions\/55322"}],"wp:featuredmedia":[{"embeddable":true,"href":"https:\/\/paracherkaoui.ma\/index.php\/wp-json\/wp\/v2\/media\/11051"}],"wp:attachment":[{"href":"https:\/\/paracherkaoui.ma\/index.php\/wp-json\/wp\/v2\/media?parent=55282"}],"wp:term":[{"taxonomy":"product_brand","embeddable":true,"href":"https:\/\/paracherkaoui.ma\/index.php\/wp-json\/wp\/v2\/product_brand?post=55282"},{"taxonomy":"product_cat","embeddable":true,"href":"https:\/\/paracherkaoui.ma\/index.php\/wp-json\/wp\/v2\/product_cat?post=55282"},{"taxonomy":"product_tag","embeddable":true,"href":"https:\/\/paracherkaoui.ma\/index.php\/wp-json\/wp\/v2\/product_tag?post=55282"}],"curies":[{"name":"wp","href":"https:\/\/api.w.org\/{rel}","templated":true}]}}