{"id":55281,"date":"2025-12-12T19:43:02","date_gmt":"2025-12-12T18:43:02","guid":{"rendered":"https:\/\/test.ecbeaute.com\/?post_type=product&#038;p=55281"},"modified":"2025-12-12T19:43:07","modified_gmt":"2025-12-12T18:43:07","slug":"vertuplus-vitamines-et-mineraux-cheveux-ongles-et-peau-60-gelules-2","status":"publish","type":"product","link":"https:\/\/paracherkaoui.ma\/index.php\/produit\/vertuplus-vitamines-et-mineraux-cheveux-ongles-et-peau-60-gelules-2\/","title":{"rendered":"VERTUPLUS VITAMINES ET MINERAUX CHEVEUX ONGLES ET PEAU 60 GELULES"},"content":{"rendered":"<p>Chaque g\u00e9lule de VERTUPLUS TRIPLE ACTION contient des nutriments essentiels comme la biotine, la vitamine E, le zinc et le s\u00e9l\u00e9nium. Ces ingr\u00e9dients agissent en synergie pour renforcer vos cheveux, pr\u00e9venir la casse et stimuler la croissance. La biotine, souvent appel\u00e9e \u00ab\u00a0vitamine de la beaut\u00e9\u00a0\u00bb, joue un r\u00f4le crucial dans le maintien de la sant\u00e9 des cheveux et des ongles, tout en am\u00e9liorant l&rsquo;\u00e9lasticit\u00e9 de la peau.<br \/>\nLe zinc et le s\u00e9l\u00e9nium, deux min\u00e9raux cl\u00e9s, contribuent \u00e0 prot\u00e9ger les cellules contre le stress oxydatif, favorisant ainsi une peau plus lumineuse et moins sujette aux imperfections. En parall\u00e8le, la vitamine E, un puissant antioxydant, hydrate et nourrit en profondeur, apportant \u00e9clat et douceur \u00e0 votre peau.<br \/>\nEn int\u00e9grant VERTUPLUS TRIPLE ACTION dans votre routine quotidienne, vous offrez \u00e0 votre corps une dose concentr\u00e9e de bienfaits pour soutenir et am\u00e9liorer l&rsquo;apparence de vos cheveux, ongles et peau. Ce produit est id\u00e9al pour ceux qui cherchent une solution compl\u00e8te et naturelle pour leurs pr\u00e9occupations esth\u00e9tiques.<br \/>\nConseils d&rsquo;utilisation<br \/>\nPour des r\u00e9sultats optimaux, il est recommand\u00e9 de prendre deux g\u00e9lules par jour, de pr\u00e9f\u00e9rence le matin avec un grand verre d&rsquo;eau. La r\u00e9gularit\u00e9 est la cl\u00e9 du succ\u00e8s, donc assurez vous de consommer VERTUPLUS TRIPLE ACTION quotidiennement. Conservez le produit dans un endroit frais et sec, \u00e0 l&rsquo;abri de la lumi\u00e8re directe.<\/p>\n","protected":false},"excerpt":{"rendered":"<p>Chaque g\u00e9lule de VERTUPLUS TRIPLE ACTION contient des nutriments essentiels comme la biotine, la vitamine E, le zinc et le<\/p>\n","protected":false},"featured_media":54616,"comment_status":"open","ping_status":"closed","template":"","meta":[],"product_brand":[1007],"product_cat":[1066],"product_tag":[],"class_list":{"0":"post-55281","1":"product","2":"type-product","3":"status-publish","4":"has-post-thumbnail","6":"product_brand-vertu-plus","7":"product_cat-complements-cheveux-et-ongles","9":"first","10":"instock","11":"sale","12":"shipping-taxable","13":"purchasable","14":"product-type-simple"},"yoast_head":"<!-- This site is optimized with the Yoast SEO plugin v26.6 - https:\/\/yoast.com\/wordpress\/plugins\/seo\/ -->\r\n<title>VERTUPLUS VITAMINES ET MINERAUX CHEVEUX ONGLES ET PEAU 60 GELULES - Paracherkaoui.ma<\/title>\r\n<meta name=\"robots\" content=\"index, follow, max-snippet:-1, max-image-preview:large, max-video-preview:-1\" \/>\r\n<link rel=\"canonical\" href=\"https:\/\/paracherkaoui.ma\/index.php\/produit\/vertuplus-vitamines-et-mineraux-cheveux-ongles-et-peau-60-gelules-2\/\" \/>\r\n<meta property=\"og:locale\" content=\"fr_FR\" \/>\r\n<meta property=\"og:type\" content=\"article\" \/>\r\n<meta property=\"og:title\" content=\"VERTUPLUS VITAMINES ET MINERAUX CHEVEUX ONGLES ET PEAU 60 GELULES - Paracherkaoui.ma\" \/>\r\n<meta property=\"og:description\" content=\"Chaque g\u00e9lule de VERTUPLUS TRIPLE ACTION contient des nutriments essentiels comme la biotine, la vitamine E, le zinc et le\" \/>\r\n<meta property=\"og:url\" content=\"https:\/\/paracherkaoui.ma\/index.php\/produit\/vertuplus-vitamines-et-mineraux-cheveux-ongles-et-peau-60-gelules-2\/\" \/>\r\n<meta property=\"og:site_name\" content=\"Paracherkaoui.ma\" \/>\r\n<meta property=\"article:modified_time\" content=\"2025-12-12T18:43:07+00:00\" \/>\r\n<meta property=\"og:image\" content=\"https:\/\/paracherkaoui.ma\/wp-content\/uploads\/2025\/12\/vertuplus-vitamines-et-mineraux-cheveux-ongles-et-peau-60-gelules.jpg\" \/>\r\n\t<meta property=\"og:image:width\" content=\"700\" \/>\r\n\t<meta property=\"og:image:height\" content=\"700\" \/>\r\n\t<meta property=\"og:image:type\" content=\"image\/jpeg\" \/>\r\n<meta name=\"twitter:card\" content=\"summary_large_image\" \/>\r\n<meta name=\"twitter:label1\" content=\"Dur\u00e9e de lecture estim\u00e9e\" \/>\n\t<meta name=\"twitter:data1\" content=\"1 minute\" \/>\r\n<script type=\"application\/ld+json\" class=\"yoast-schema-graph\">{\"@context\":\"https:\/\/schema.org\",\"@graph\":[{\"@type\":\"WebPage\",\"@id\":\"https:\/\/paracherkaoui.ma\/index.php\/produit\/vertuplus-vitamines-et-mineraux-cheveux-ongles-et-peau-60-gelules-2\/\",\"url\":\"https:\/\/paracherkaoui.ma\/index.php\/produit\/vertuplus-vitamines-et-mineraux-cheveux-ongles-et-peau-60-gelules-2\/\",\"name\":\"VERTUPLUS VITAMINES ET MINERAUX CHEVEUX ONGLES ET PEAU 60 GELULES - Paracherkaoui.ma\",\"isPartOf\":{\"@id\":\"https:\/\/paracherkaoui.ma\/#website\"},\"primaryImageOfPage\":{\"@id\":\"https:\/\/paracherkaoui.ma\/index.php\/produit\/vertuplus-vitamines-et-mineraux-cheveux-ongles-et-peau-60-gelules-2\/#primaryimage\"},\"image\":{\"@id\":\"https:\/\/paracherkaoui.ma\/index.php\/produit\/vertuplus-vitamines-et-mineraux-cheveux-ongles-et-peau-60-gelules-2\/#primaryimage\"},\"thumbnailUrl\":\"https:\/\/paracherkaoui.ma\/wp-content\/uploads\/2025\/12\/vertuplus-vitamines-et-mineraux-cheveux-ongles-et-peau-60-gelules.jpg\",\"datePublished\":\"2025-12-12T18:43:02+00:00\",\"dateModified\":\"2025-12-12T18:43:07+00:00\",\"breadcrumb\":{\"@id\":\"https:\/\/paracherkaoui.ma\/index.php\/produit\/vertuplus-vitamines-et-mineraux-cheveux-ongles-et-peau-60-gelules-2\/#breadcrumb\"},\"inLanguage\":\"fr-FR\",\"potentialAction\":[{\"@type\":\"ReadAction\",\"target\":[\"https:\/\/paracherkaoui.ma\/index.php\/produit\/vertuplus-vitamines-et-mineraux-cheveux-ongles-et-peau-60-gelules-2\/\"]}]},{\"@type\":\"ImageObject\",\"inLanguage\":\"fr-FR\",\"@id\":\"https:\/\/paracherkaoui.ma\/index.php\/produit\/vertuplus-vitamines-et-mineraux-cheveux-ongles-et-peau-60-gelules-2\/#primaryimage\",\"url\":\"https:\/\/paracherkaoui.ma\/wp-content\/uploads\/2025\/12\/vertuplus-vitamines-et-mineraux-cheveux-ongles-et-peau-60-gelules.jpg\",\"contentUrl\":\"https:\/\/paracherkaoui.ma\/wp-content\/uploads\/2025\/12\/vertuplus-vitamines-et-mineraux-cheveux-ongles-et-peau-60-gelules.jpg\",\"width\":700,\"height\":700},{\"@type\":\"BreadcrumbList\",\"@id\":\"https:\/\/paracherkaoui.ma\/index.php\/produit\/vertuplus-vitamines-et-mineraux-cheveux-ongles-et-peau-60-gelules-2\/#breadcrumb\",\"itemListElement\":[{\"@type\":\"ListItem\",\"position\":1,\"name\":\"Accueil\",\"item\":\"https:\/\/paracherkaoui.ma\/\"},{\"@type\":\"ListItem\",\"position\":2,\"name\":\"Boutique\",\"item\":\"https:\/\/paracherkaoui.ma\/index.php\/boutique\/\"},{\"@type\":\"ListItem\",\"position\":3,\"name\":\"VERTUPLUS VITAMINES ET MINERAUX CHEVEUX ONGLES ET PEAU 60 GELULES\"}]},{\"@type\":\"WebSite\",\"@id\":\"https:\/\/paracherkaoui.ma\/#website\",\"url\":\"https:\/\/paracherkaoui.ma\/\",\"name\":\"Paracherkaoui.ma\",\"description\":\"Achetez en ligne sur Paracherkaoui.ma\",\"potentialAction\":[{\"@type\":\"SearchAction\",\"target\":{\"@type\":\"EntryPoint\",\"urlTemplate\":\"https:\/\/paracherkaoui.ma\/?s={search_term_string}\"},\"query-input\":{\"@type\":\"PropertyValueSpecification\",\"valueRequired\":true,\"valueName\":\"search_term_string\"}}],\"inLanguage\":\"fr-FR\"}]}<\/script>\r\n<!-- \/ Yoast SEO plugin. -->","yoast_head_json":{"title":"VERTUPLUS VITAMINES ET MINERAUX CHEVEUX ONGLES ET PEAU 60 GELULES - Paracherkaoui.ma","robots":{"index":"index","follow":"follow","max-snippet":"max-snippet:-1","max-image-preview":"max-image-preview:large","max-video-preview":"max-video-preview:-1"},"canonical":"https:\/\/paracherkaoui.ma\/index.php\/produit\/vertuplus-vitamines-et-mineraux-cheveux-ongles-et-peau-60-gelules-2\/","og_locale":"fr_FR","og_type":"article","og_title":"VERTUPLUS VITAMINES ET MINERAUX CHEVEUX ONGLES ET PEAU 60 GELULES - Paracherkaoui.ma","og_description":"Chaque g\u00e9lule de VERTUPLUS TRIPLE ACTION contient des nutriments essentiels comme la biotine, la vitamine E, le zinc et le","og_url":"https:\/\/paracherkaoui.ma\/index.php\/produit\/vertuplus-vitamines-et-mineraux-cheveux-ongles-et-peau-60-gelules-2\/","og_site_name":"Paracherkaoui.ma","article_modified_time":"2025-12-12T18:43:07+00:00","og_image":[{"width":700,"height":700,"url":"https:\/\/paracherkaoui.ma\/wp-content\/uploads\/2025\/12\/vertuplus-vitamines-et-mineraux-cheveux-ongles-et-peau-60-gelules.jpg","type":"image\/jpeg"}],"twitter_card":"summary_large_image","twitter_misc":{"Dur\u00e9e de lecture estim\u00e9e":"1 minute"},"schema":{"@context":"https:\/\/schema.org","@graph":[{"@type":"WebPage","@id":"https:\/\/paracherkaoui.ma\/index.php\/produit\/vertuplus-vitamines-et-mineraux-cheveux-ongles-et-peau-60-gelules-2\/","url":"https:\/\/paracherkaoui.ma\/index.php\/produit\/vertuplus-vitamines-et-mineraux-cheveux-ongles-et-peau-60-gelules-2\/","name":"VERTUPLUS VITAMINES ET MINERAUX CHEVEUX ONGLES ET PEAU 60 GELULES - Paracherkaoui.ma","isPartOf":{"@id":"https:\/\/paracherkaoui.ma\/#website"},"primaryImageOfPage":{"@id":"https:\/\/paracherkaoui.ma\/index.php\/produit\/vertuplus-vitamines-et-mineraux-cheveux-ongles-et-peau-60-gelules-2\/#primaryimage"},"image":{"@id":"https:\/\/paracherkaoui.ma\/index.php\/produit\/vertuplus-vitamines-et-mineraux-cheveux-ongles-et-peau-60-gelules-2\/#primaryimage"},"thumbnailUrl":"https:\/\/paracherkaoui.ma\/wp-content\/uploads\/2025\/12\/vertuplus-vitamines-et-mineraux-cheveux-ongles-et-peau-60-gelules.jpg","datePublished":"2025-12-12T18:43:02+00:00","dateModified":"2025-12-12T18:43:07+00:00","breadcrumb":{"@id":"https:\/\/paracherkaoui.ma\/index.php\/produit\/vertuplus-vitamines-et-mineraux-cheveux-ongles-et-peau-60-gelules-2\/#breadcrumb"},"inLanguage":"fr-FR","potentialAction":[{"@type":"ReadAction","target":["https:\/\/paracherkaoui.ma\/index.php\/produit\/vertuplus-vitamines-et-mineraux-cheveux-ongles-et-peau-60-gelules-2\/"]}]},{"@type":"ImageObject","inLanguage":"fr-FR","@id":"https:\/\/paracherkaoui.ma\/index.php\/produit\/vertuplus-vitamines-et-mineraux-cheveux-ongles-et-peau-60-gelules-2\/#primaryimage","url":"https:\/\/paracherkaoui.ma\/wp-content\/uploads\/2025\/12\/vertuplus-vitamines-et-mineraux-cheveux-ongles-et-peau-60-gelules.jpg","contentUrl":"https:\/\/paracherkaoui.ma\/wp-content\/uploads\/2025\/12\/vertuplus-vitamines-et-mineraux-cheveux-ongles-et-peau-60-gelules.jpg","width":700,"height":700},{"@type":"BreadcrumbList","@id":"https:\/\/paracherkaoui.ma\/index.php\/produit\/vertuplus-vitamines-et-mineraux-cheveux-ongles-et-peau-60-gelules-2\/#breadcrumb","itemListElement":[{"@type":"ListItem","position":1,"name":"Accueil","item":"https:\/\/paracherkaoui.ma\/"},{"@type":"ListItem","position":2,"name":"Boutique","item":"https:\/\/paracherkaoui.ma\/index.php\/boutique\/"},{"@type":"ListItem","position":3,"name":"VERTUPLUS VITAMINES ET MINERAUX CHEVEUX ONGLES ET PEAU 60 GELULES"}]},{"@type":"WebSite","@id":"https:\/\/paracherkaoui.ma\/#website","url":"https:\/\/paracherkaoui.ma\/","name":"Paracherkaoui.ma","description":"Achetez en ligne sur Paracherkaoui.ma","potentialAction":[{"@type":"SearchAction","target":{"@type":"EntryPoint","urlTemplate":"https:\/\/paracherkaoui.ma\/?s={search_term_string}"},"query-input":{"@type":"PropertyValueSpecification","valueRequired":true,"valueName":"search_term_string"}}],"inLanguage":"fr-FR"}]}},"_links":{"self":[{"href":"https:\/\/paracherkaoui.ma\/index.php\/wp-json\/wp\/v2\/product\/55281","targetHints":{"allow":["GET"]}}],"collection":[{"href":"https:\/\/paracherkaoui.ma\/index.php\/wp-json\/wp\/v2\/product"}],"about":[{"href":"https:\/\/paracherkaoui.ma\/index.php\/wp-json\/wp\/v2\/types\/product"}],"replies":[{"embeddable":true,"href":"https:\/\/paracherkaoui.ma\/index.php\/wp-json\/wp\/v2\/comments?post=55281"}],"version-history":[{"count":1,"href":"https:\/\/paracherkaoui.ma\/index.php\/wp-json\/wp\/v2\/product\/55281\/revisions"}],"predecessor-version":[{"id":55321,"href":"https:\/\/paracherkaoui.ma\/index.php\/wp-json\/wp\/v2\/product\/55281\/revisions\/55321"}],"wp:featuredmedia":[{"embeddable":true,"href":"https:\/\/paracherkaoui.ma\/index.php\/wp-json\/wp\/v2\/media\/54616"}],"wp:attachment":[{"href":"https:\/\/paracherkaoui.ma\/index.php\/wp-json\/wp\/v2\/media?parent=55281"}],"wp:term":[{"taxonomy":"product_brand","embeddable":true,"href":"https:\/\/paracherkaoui.ma\/index.php\/wp-json\/wp\/v2\/product_brand?post=55281"},{"taxonomy":"product_cat","embeddable":true,"href":"https:\/\/paracherkaoui.ma\/index.php\/wp-json\/wp\/v2\/product_cat?post=55281"},{"taxonomy":"product_tag","embeddable":true,"href":"https:\/\/paracherkaoui.ma\/index.php\/wp-json\/wp\/v2\/product_tag?post=55281"}],"curies":[{"name":"wp","href":"https:\/\/api.w.org\/{rel}","templated":true}]}}