{"id":55275,"date":"2025-12-12T19:43:02","date_gmt":"2025-12-12T18:43:02","guid":{"rendered":"https:\/\/test.ecbeaute.com\/?post_type=product&#038;p=55275"},"modified":"2025-12-12T19:43:06","modified_gmt":"2025-12-12T18:43:06","slug":"vertuplus-levure-de-biere-peau-cheveux-et-ongles-400-comprimes","status":"publish","type":"product","link":"https:\/\/paracherkaoui.ma\/index.php\/produit\/vertuplus-levure-de-biere-peau-cheveux-et-ongles-400-comprimes\/","title":{"rendered":"VERTUPLUS LEVURE DE BIERE PEAU CHEVEUX ET ONGLES 400 COMPRIMES"},"content":{"rendered":"<p>Gr\u00e2ce \u00e0 sa teneur en biotine (vitamine B7), la levure de bi\u00e8re favorise une peau saine et des cheveux forts. La biotine est connue pour soutenir la croissance des cheveux et des ongles, rendant ce compl\u00e9ment id\u00e9al pour ceux qui cherchent \u00e0 am\u00e9liorer l&rsquo;apparence de leur peau et \u00e0 renforcer leur chevelure et leurs ongles. Les vitamines B pr\u00e9sentes dans la levure de bi\u00e8re peuvent aider \u00e0 renforcer le syst\u00e8me immunitaire en soutenant la production de globules blancs, essentiels pour combattre les infections et maintenir une bonne sant\u00e9 g\u00e9n\u00e9rale. La levure de bi\u00e8re est \u00e9galement une excellente source de prot\u00e9ines v\u00e9g\u00e9tales et d&rsquo;acides amin\u00e9s essentiels, ce qui la rend particuli\u00e8rement b\u00e9n\u00e9fique pour les v\u00e9g\u00e9tariens et les v\u00e9g\u00e9taliens. Certains composants de la levure de bi\u00e8re peuvent favoriser une digestion saine en aidant \u00e0 \u00e9quilibrer la flore intestinale, ce qui contribue \u00e0 une meilleure absorption des nutriments et \u00e0 une digestion plus efficace. Les vitamines B jouent un r\u00f4le cl\u00e9 dans la conversion des aliments en \u00e9nergie, ce qui peut aider \u00e0 maintenir des niveaux d\u2019\u00e9nergie stables tout au long de la journ\u00e9e.<br \/>\nConseils d&rsquo;utilisation<br \/>\nPour des r\u00e9sultats optimaux, suivez les recommandations suivantes :<br \/>\nPrenez deux \u00e0 quatre comprim\u00e9s par jour avec un grand verre d&rsquo;eau, de pr\u00e9f\u00e9rence pendant les repas. Consultez un professionnel de la sant\u00e9 avant de commencer toute nouvelle suppl\u00e9mentation, surtout si vous avez des conditions m\u00e9dicales pr\u00e9existantes ou si vous prenez d&rsquo;autres m\u00e9dicaments. Respectez les instructions du fabricant pour un usage s\u00fbr et efficace.<\/p>\n","protected":false},"excerpt":{"rendered":"<p>Gr\u00e2ce \u00e0 sa teneur en biotine (vitamine B7), la levure de bi\u00e8re favorise une peau saine et des cheveux forts.<\/p>\n","protected":false},"featured_media":55311,"comment_status":"open","ping_status":"closed","template":"","meta":[],"product_brand":[1007],"product_cat":[1066],"product_tag":[],"class_list":{"0":"post-55275","1":"product","2":"type-product","3":"status-publish","4":"has-post-thumbnail","6":"product_brand-vertu-plus","7":"product_cat-complements-cheveux-et-ongles","9":"first","10":"instock","11":"sale","12":"shipping-taxable","13":"purchasable","14":"product-type-simple"},"yoast_head":"<!-- This site is optimized with the Yoast SEO plugin v26.6 - https:\/\/yoast.com\/wordpress\/plugins\/seo\/ -->\r\n<title>VERTUPLUS LEVURE DE BIERE PEAU CHEVEUX ET ONGLES 400 COMPRIMES - Paracherkaoui.ma<\/title>\r\n<meta name=\"robots\" content=\"index, follow, max-snippet:-1, max-image-preview:large, max-video-preview:-1\" \/>\r\n<link rel=\"canonical\" href=\"https:\/\/paracherkaoui.ma\/index.php\/produit\/vertuplus-levure-de-biere-peau-cheveux-et-ongles-400-comprimes\/\" \/>\r\n<meta property=\"og:locale\" content=\"fr_FR\" \/>\r\n<meta property=\"og:type\" content=\"article\" \/>\r\n<meta property=\"og:title\" content=\"VERTUPLUS LEVURE DE BIERE PEAU CHEVEUX ET ONGLES 400 COMPRIMES - Paracherkaoui.ma\" \/>\r\n<meta property=\"og:description\" content=\"Gr\u00e2ce \u00e0 sa teneur en biotine (vitamine B7), la levure de bi\u00e8re favorise une peau saine et des cheveux forts.\" \/>\r\n<meta property=\"og:url\" content=\"https:\/\/paracherkaoui.ma\/index.php\/produit\/vertuplus-levure-de-biere-peau-cheveux-et-ongles-400-comprimes\/\" \/>\r\n<meta property=\"og:site_name\" content=\"Paracherkaoui.ma\" \/>\r\n<meta property=\"article:modified_time\" content=\"2025-12-12T18:43:06+00:00\" \/>\r\n<meta property=\"og:image\" content=\"https:\/\/paracherkaoui.ma\/wp-content\/uploads\/2025\/12\/vertuplus-vertuplus-levure-de-biere-peau-cheveux-et-ongles-400-comprimes-complements-cheveux-et-ongles.jpg\" \/>\r\n\t<meta property=\"og:image:width\" content=\"700\" \/>\r\n\t<meta property=\"og:image:height\" content=\"700\" \/>\r\n\t<meta property=\"og:image:type\" content=\"image\/jpeg\" \/>\r\n<meta name=\"twitter:card\" content=\"summary_large_image\" \/>\r\n<meta name=\"twitter:label1\" content=\"Dur\u00e9e de lecture estim\u00e9e\" \/>\n\t<meta name=\"twitter:data1\" content=\"1 minute\" \/>\r\n<script type=\"application\/ld+json\" class=\"yoast-schema-graph\">{\"@context\":\"https:\/\/schema.org\",\"@graph\":[{\"@type\":\"WebPage\",\"@id\":\"https:\/\/paracherkaoui.ma\/index.php\/produit\/vertuplus-levure-de-biere-peau-cheveux-et-ongles-400-comprimes\/\",\"url\":\"https:\/\/paracherkaoui.ma\/index.php\/produit\/vertuplus-levure-de-biere-peau-cheveux-et-ongles-400-comprimes\/\",\"name\":\"VERTUPLUS LEVURE DE BIERE PEAU CHEVEUX ET ONGLES 400 COMPRIMES - Paracherkaoui.ma\",\"isPartOf\":{\"@id\":\"https:\/\/paracherkaoui.ma\/#website\"},\"primaryImageOfPage\":{\"@id\":\"https:\/\/paracherkaoui.ma\/index.php\/produit\/vertuplus-levure-de-biere-peau-cheveux-et-ongles-400-comprimes\/#primaryimage\"},\"image\":{\"@id\":\"https:\/\/paracherkaoui.ma\/index.php\/produit\/vertuplus-levure-de-biere-peau-cheveux-et-ongles-400-comprimes\/#primaryimage\"},\"thumbnailUrl\":\"https:\/\/paracherkaoui.ma\/wp-content\/uploads\/2025\/12\/vertuplus-vertuplus-levure-de-biere-peau-cheveux-et-ongles-400-comprimes-complements-cheveux-et-ongles.jpg\",\"datePublished\":\"2025-12-12T18:43:02+00:00\",\"dateModified\":\"2025-12-12T18:43:06+00:00\",\"breadcrumb\":{\"@id\":\"https:\/\/paracherkaoui.ma\/index.php\/produit\/vertuplus-levure-de-biere-peau-cheveux-et-ongles-400-comprimes\/#breadcrumb\"},\"inLanguage\":\"fr-FR\",\"potentialAction\":[{\"@type\":\"ReadAction\",\"target\":[\"https:\/\/paracherkaoui.ma\/index.php\/produit\/vertuplus-levure-de-biere-peau-cheveux-et-ongles-400-comprimes\/\"]}]},{\"@type\":\"ImageObject\",\"inLanguage\":\"fr-FR\",\"@id\":\"https:\/\/paracherkaoui.ma\/index.php\/produit\/vertuplus-levure-de-biere-peau-cheveux-et-ongles-400-comprimes\/#primaryimage\",\"url\":\"https:\/\/paracherkaoui.ma\/wp-content\/uploads\/2025\/12\/vertuplus-vertuplus-levure-de-biere-peau-cheveux-et-ongles-400-comprimes-complements-cheveux-et-ongles.jpg\",\"contentUrl\":\"https:\/\/paracherkaoui.ma\/wp-content\/uploads\/2025\/12\/vertuplus-vertuplus-levure-de-biere-peau-cheveux-et-ongles-400-comprimes-complements-cheveux-et-ongles.jpg\",\"width\":700,\"height\":700},{\"@type\":\"BreadcrumbList\",\"@id\":\"https:\/\/paracherkaoui.ma\/index.php\/produit\/vertuplus-levure-de-biere-peau-cheveux-et-ongles-400-comprimes\/#breadcrumb\",\"itemListElement\":[{\"@type\":\"ListItem\",\"position\":1,\"name\":\"Accueil\",\"item\":\"https:\/\/paracherkaoui.ma\/\"},{\"@type\":\"ListItem\",\"position\":2,\"name\":\"Boutique\",\"item\":\"https:\/\/paracherkaoui.ma\/index.php\/boutique\/\"},{\"@type\":\"ListItem\",\"position\":3,\"name\":\"VERTUPLUS LEVURE DE BIERE PEAU CHEVEUX ET ONGLES 400 COMPRIMES\"}]},{\"@type\":\"WebSite\",\"@id\":\"https:\/\/paracherkaoui.ma\/#website\",\"url\":\"https:\/\/paracherkaoui.ma\/\",\"name\":\"Paracherkaoui.ma\",\"description\":\"Achetez en ligne sur Paracherkaoui.ma\",\"potentialAction\":[{\"@type\":\"SearchAction\",\"target\":{\"@type\":\"EntryPoint\",\"urlTemplate\":\"https:\/\/paracherkaoui.ma\/?s={search_term_string}\"},\"query-input\":{\"@type\":\"PropertyValueSpecification\",\"valueRequired\":true,\"valueName\":\"search_term_string\"}}],\"inLanguage\":\"fr-FR\"}]}<\/script>\r\n<!-- \/ Yoast SEO plugin. -->","yoast_head_json":{"title":"VERTUPLUS LEVURE DE BIERE PEAU CHEVEUX ET ONGLES 400 COMPRIMES - Paracherkaoui.ma","robots":{"index":"index","follow":"follow","max-snippet":"max-snippet:-1","max-image-preview":"max-image-preview:large","max-video-preview":"max-video-preview:-1"},"canonical":"https:\/\/paracherkaoui.ma\/index.php\/produit\/vertuplus-levure-de-biere-peau-cheveux-et-ongles-400-comprimes\/","og_locale":"fr_FR","og_type":"article","og_title":"VERTUPLUS LEVURE DE BIERE PEAU CHEVEUX ET ONGLES 400 COMPRIMES - Paracherkaoui.ma","og_description":"Gr\u00e2ce \u00e0 sa teneur en biotine (vitamine B7), la levure de bi\u00e8re favorise une peau saine et des cheveux forts.","og_url":"https:\/\/paracherkaoui.ma\/index.php\/produit\/vertuplus-levure-de-biere-peau-cheveux-et-ongles-400-comprimes\/","og_site_name":"Paracherkaoui.ma","article_modified_time":"2025-12-12T18:43:06+00:00","og_image":[{"width":700,"height":700,"url":"https:\/\/paracherkaoui.ma\/wp-content\/uploads\/2025\/12\/vertuplus-vertuplus-levure-de-biere-peau-cheveux-et-ongles-400-comprimes-complements-cheveux-et-ongles.jpg","type":"image\/jpeg"}],"twitter_card":"summary_large_image","twitter_misc":{"Dur\u00e9e de lecture estim\u00e9e":"1 minute"},"schema":{"@context":"https:\/\/schema.org","@graph":[{"@type":"WebPage","@id":"https:\/\/paracherkaoui.ma\/index.php\/produit\/vertuplus-levure-de-biere-peau-cheveux-et-ongles-400-comprimes\/","url":"https:\/\/paracherkaoui.ma\/index.php\/produit\/vertuplus-levure-de-biere-peau-cheveux-et-ongles-400-comprimes\/","name":"VERTUPLUS LEVURE DE BIERE PEAU CHEVEUX ET ONGLES 400 COMPRIMES - Paracherkaoui.ma","isPartOf":{"@id":"https:\/\/paracherkaoui.ma\/#website"},"primaryImageOfPage":{"@id":"https:\/\/paracherkaoui.ma\/index.php\/produit\/vertuplus-levure-de-biere-peau-cheveux-et-ongles-400-comprimes\/#primaryimage"},"image":{"@id":"https:\/\/paracherkaoui.ma\/index.php\/produit\/vertuplus-levure-de-biere-peau-cheveux-et-ongles-400-comprimes\/#primaryimage"},"thumbnailUrl":"https:\/\/paracherkaoui.ma\/wp-content\/uploads\/2025\/12\/vertuplus-vertuplus-levure-de-biere-peau-cheveux-et-ongles-400-comprimes-complements-cheveux-et-ongles.jpg","datePublished":"2025-12-12T18:43:02+00:00","dateModified":"2025-12-12T18:43:06+00:00","breadcrumb":{"@id":"https:\/\/paracherkaoui.ma\/index.php\/produit\/vertuplus-levure-de-biere-peau-cheveux-et-ongles-400-comprimes\/#breadcrumb"},"inLanguage":"fr-FR","potentialAction":[{"@type":"ReadAction","target":["https:\/\/paracherkaoui.ma\/index.php\/produit\/vertuplus-levure-de-biere-peau-cheveux-et-ongles-400-comprimes\/"]}]},{"@type":"ImageObject","inLanguage":"fr-FR","@id":"https:\/\/paracherkaoui.ma\/index.php\/produit\/vertuplus-levure-de-biere-peau-cheveux-et-ongles-400-comprimes\/#primaryimage","url":"https:\/\/paracherkaoui.ma\/wp-content\/uploads\/2025\/12\/vertuplus-vertuplus-levure-de-biere-peau-cheveux-et-ongles-400-comprimes-complements-cheveux-et-ongles.jpg","contentUrl":"https:\/\/paracherkaoui.ma\/wp-content\/uploads\/2025\/12\/vertuplus-vertuplus-levure-de-biere-peau-cheveux-et-ongles-400-comprimes-complements-cheveux-et-ongles.jpg","width":700,"height":700},{"@type":"BreadcrumbList","@id":"https:\/\/paracherkaoui.ma\/index.php\/produit\/vertuplus-levure-de-biere-peau-cheveux-et-ongles-400-comprimes\/#breadcrumb","itemListElement":[{"@type":"ListItem","position":1,"name":"Accueil","item":"https:\/\/paracherkaoui.ma\/"},{"@type":"ListItem","position":2,"name":"Boutique","item":"https:\/\/paracherkaoui.ma\/index.php\/boutique\/"},{"@type":"ListItem","position":3,"name":"VERTUPLUS LEVURE DE BIERE PEAU CHEVEUX ET ONGLES 400 COMPRIMES"}]},{"@type":"WebSite","@id":"https:\/\/paracherkaoui.ma\/#website","url":"https:\/\/paracherkaoui.ma\/","name":"Paracherkaoui.ma","description":"Achetez en ligne sur Paracherkaoui.ma","potentialAction":[{"@type":"SearchAction","target":{"@type":"EntryPoint","urlTemplate":"https:\/\/paracherkaoui.ma\/?s={search_term_string}"},"query-input":{"@type":"PropertyValueSpecification","valueRequired":true,"valueName":"search_term_string"}}],"inLanguage":"fr-FR"}]}},"_links":{"self":[{"href":"https:\/\/paracherkaoui.ma\/index.php\/wp-json\/wp\/v2\/product\/55275","targetHints":{"allow":["GET"]}}],"collection":[{"href":"https:\/\/paracherkaoui.ma\/index.php\/wp-json\/wp\/v2\/product"}],"about":[{"href":"https:\/\/paracherkaoui.ma\/index.php\/wp-json\/wp\/v2\/types\/product"}],"replies":[{"embeddable":true,"href":"https:\/\/paracherkaoui.ma\/index.php\/wp-json\/wp\/v2\/comments?post=55275"}],"version-history":[{"count":1,"href":"https:\/\/paracherkaoui.ma\/index.php\/wp-json\/wp\/v2\/product\/55275\/revisions"}],"predecessor-version":[{"id":55312,"href":"https:\/\/paracherkaoui.ma\/index.php\/wp-json\/wp\/v2\/product\/55275\/revisions\/55312"}],"wp:featuredmedia":[{"embeddable":true,"href":"https:\/\/paracherkaoui.ma\/index.php\/wp-json\/wp\/v2\/media\/55311"}],"wp:attachment":[{"href":"https:\/\/paracherkaoui.ma\/index.php\/wp-json\/wp\/v2\/media?parent=55275"}],"wp:term":[{"taxonomy":"product_brand","embeddable":true,"href":"https:\/\/paracherkaoui.ma\/index.php\/wp-json\/wp\/v2\/product_brand?post=55275"},{"taxonomy":"product_cat","embeddable":true,"href":"https:\/\/paracherkaoui.ma\/index.php\/wp-json\/wp\/v2\/product_cat?post=55275"},{"taxonomy":"product_tag","embeddable":true,"href":"https:\/\/paracherkaoui.ma\/index.php\/wp-json\/wp\/v2\/product_tag?post=55275"}],"curies":[{"name":"wp","href":"https:\/\/api.w.org\/{rel}","templated":true}]}}