{"id":55274,"date":"2025-12-12T19:43:02","date_gmt":"2025-12-12T18:43:02","guid":{"rendered":"https:\/\/test.ecbeaute.com\/?post_type=product&#038;p=55274"},"modified":"2025-12-12T19:43:05","modified_gmt":"2025-12-12T18:43:05","slug":"gayelord-hauser-levure-de-biere-et-selenium-400-comprimes","status":"publish","type":"product","link":"https:\/\/paracherkaoui.ma\/index.php\/produit\/gayelord-hauser-levure-de-biere-et-selenium-400-comprimes\/","title":{"rendered":"GAYELORD HAUSER LEVURE DE BIERE ET SELENIUM 400 COMPRIMES"},"content":{"rendered":"<p>LA LEVURE GAYELORD HAUSER : Le compl\u00e9ment alimentaire Levure de Bi\u00e8re\/S\u00e9l\u00e9nium est un alli\u00e9 beaut\u00e9 incontournable qui apporte des nutriments importants pour pr\u00e9server la beaut\u00e9 de la peau, des cheveux et des ongles.<br \/>\nL&rsquo;INT\u00c9R\u00caT NUTRITIONNEL DE CE SUPPL\u00c9MENT : Fabriqu\u00e9 \u00e0 partir d&rsquo;ingr\u00e9dients minutieusement s\u00e9lectionn\u00e9s, ce compl\u00e9ment alimentaire vous apporte du s\u00e9l\u00e9nium, du zinc, de la vitamine E et de la vitamine B9.<br \/>\nUN ALLIE BEAUT\u00c9 INCONTOURNABLE : Le s\u00e9l\u00e9nium et le zinc sont des oligo-\u00e9l\u00e9ments importants pour l&rsquo;organisme qui contribuent au maintien de cheveux et d&rsquo;ongles sains. Le zinc concourt \u00e9galement \u00e0 maintenir une peau normale.<\/p>\n","protected":false},"excerpt":{"rendered":"<p>LA LEVURE GAYELORD HAUSER : Le compl\u00e9ment alimentaire Levure de Bi\u00e8re\/S\u00e9l\u00e9nium est un alli\u00e9 beaut\u00e9 incontournable qui apporte des nutriments<\/p>\n","protected":false},"featured_media":55309,"comment_status":"open","ping_status":"closed","template":"","meta":[],"product_brand":[1072],"product_cat":[1066],"product_tag":[],"class_list":{"0":"post-55274","1":"product","2":"type-product","3":"status-publish","4":"has-post-thumbnail","6":"product_brand-gayelaurd-hauser","7":"product_cat-complements-cheveux-et-ongles","9":"first","10":"instock","11":"shipping-taxable","12":"purchasable","13":"product-type-simple"},"yoast_head":"<!-- This site is optimized with the Yoast SEO plugin v26.6 - https:\/\/yoast.com\/wordpress\/plugins\/seo\/ -->\r\n<title>GAYELORD HAUSER LEVURE DE BIERE ET SELENIUM 400 COMPRIMES - Paracherkaoui.ma<\/title>\r\n<meta name=\"robots\" content=\"index, follow, max-snippet:-1, max-image-preview:large, max-video-preview:-1\" \/>\r\n<link rel=\"canonical\" href=\"https:\/\/paracherkaoui.ma\/index.php\/produit\/gayelord-hauser-levure-de-biere-et-selenium-400-comprimes\/\" \/>\r\n<meta property=\"og:locale\" content=\"fr_FR\" \/>\r\n<meta property=\"og:type\" content=\"article\" \/>\r\n<meta property=\"og:title\" content=\"GAYELORD HAUSER LEVURE DE BIERE ET SELENIUM 400 COMPRIMES - Paracherkaoui.ma\" \/>\r\n<meta property=\"og:description\" content=\"LA LEVURE GAYELORD HAUSER : Le compl\u00e9ment alimentaire Levure de Bi\u00e8re\/S\u00e9l\u00e9nium est un alli\u00e9 beaut\u00e9 incontournable qui apporte des nutriments\" \/>\r\n<meta property=\"og:url\" content=\"https:\/\/paracherkaoui.ma\/index.php\/produit\/gayelord-hauser-levure-de-biere-et-selenium-400-comprimes\/\" \/>\r\n<meta property=\"og:site_name\" content=\"Paracherkaoui.ma\" \/>\r\n<meta property=\"article:modified_time\" content=\"2025-12-12T18:43:05+00:00\" \/>\r\n<meta property=\"og:image\" content=\"https:\/\/paracherkaoui.ma\/wp-content\/uploads\/2025\/12\/gayelaurd-hauser-gayelord-hauser-levure-de-biere-et-selenium-400-comprimes-complements-cheveux-et-ongles.jpg\" \/>\r\n\t<meta property=\"og:image:width\" content=\"700\" \/>\r\n\t<meta property=\"og:image:height\" content=\"700\" \/>\r\n\t<meta property=\"og:image:type\" content=\"image\/jpeg\" \/>\r\n<meta name=\"twitter:card\" content=\"summary_large_image\" \/>\r\n<meta name=\"twitter:label1\" content=\"Dur\u00e9e de lecture estim\u00e9e\" \/>\n\t<meta name=\"twitter:data1\" content=\"1 minute\" \/>\r\n<script type=\"application\/ld+json\" class=\"yoast-schema-graph\">{\"@context\":\"https:\/\/schema.org\",\"@graph\":[{\"@type\":\"WebPage\",\"@id\":\"https:\/\/paracherkaoui.ma\/index.php\/produit\/gayelord-hauser-levure-de-biere-et-selenium-400-comprimes\/\",\"url\":\"https:\/\/paracherkaoui.ma\/index.php\/produit\/gayelord-hauser-levure-de-biere-et-selenium-400-comprimes\/\",\"name\":\"GAYELORD HAUSER LEVURE DE BIERE ET SELENIUM 400 COMPRIMES - Paracherkaoui.ma\",\"isPartOf\":{\"@id\":\"https:\/\/paracherkaoui.ma\/#website\"},\"primaryImageOfPage\":{\"@id\":\"https:\/\/paracherkaoui.ma\/index.php\/produit\/gayelord-hauser-levure-de-biere-et-selenium-400-comprimes\/#primaryimage\"},\"image\":{\"@id\":\"https:\/\/paracherkaoui.ma\/index.php\/produit\/gayelord-hauser-levure-de-biere-et-selenium-400-comprimes\/#primaryimage\"},\"thumbnailUrl\":\"https:\/\/paracherkaoui.ma\/wp-content\/uploads\/2025\/12\/gayelaurd-hauser-gayelord-hauser-levure-de-biere-et-selenium-400-comprimes-complements-cheveux-et-ongles.jpg\",\"datePublished\":\"2025-12-12T18:43:02+00:00\",\"dateModified\":\"2025-12-12T18:43:05+00:00\",\"breadcrumb\":{\"@id\":\"https:\/\/paracherkaoui.ma\/index.php\/produit\/gayelord-hauser-levure-de-biere-et-selenium-400-comprimes\/#breadcrumb\"},\"inLanguage\":\"fr-FR\",\"potentialAction\":[{\"@type\":\"ReadAction\",\"target\":[\"https:\/\/paracherkaoui.ma\/index.php\/produit\/gayelord-hauser-levure-de-biere-et-selenium-400-comprimes\/\"]}]},{\"@type\":\"ImageObject\",\"inLanguage\":\"fr-FR\",\"@id\":\"https:\/\/paracherkaoui.ma\/index.php\/produit\/gayelord-hauser-levure-de-biere-et-selenium-400-comprimes\/#primaryimage\",\"url\":\"https:\/\/paracherkaoui.ma\/wp-content\/uploads\/2025\/12\/gayelaurd-hauser-gayelord-hauser-levure-de-biere-et-selenium-400-comprimes-complements-cheveux-et-ongles.jpg\",\"contentUrl\":\"https:\/\/paracherkaoui.ma\/wp-content\/uploads\/2025\/12\/gayelaurd-hauser-gayelord-hauser-levure-de-biere-et-selenium-400-comprimes-complements-cheveux-et-ongles.jpg\",\"width\":700,\"height\":700},{\"@type\":\"BreadcrumbList\",\"@id\":\"https:\/\/paracherkaoui.ma\/index.php\/produit\/gayelord-hauser-levure-de-biere-et-selenium-400-comprimes\/#breadcrumb\",\"itemListElement\":[{\"@type\":\"ListItem\",\"position\":1,\"name\":\"Accueil\",\"item\":\"https:\/\/paracherkaoui.ma\/\"},{\"@type\":\"ListItem\",\"position\":2,\"name\":\"Boutique\",\"item\":\"https:\/\/paracherkaoui.ma\/index.php\/boutique\/\"},{\"@type\":\"ListItem\",\"position\":3,\"name\":\"GAYELORD HAUSER LEVURE DE BIERE ET SELENIUM 400 COMPRIMES\"}]},{\"@type\":\"WebSite\",\"@id\":\"https:\/\/paracherkaoui.ma\/#website\",\"url\":\"https:\/\/paracherkaoui.ma\/\",\"name\":\"Paracherkaoui.ma\",\"description\":\"Achetez en ligne sur Paracherkaoui.ma\",\"potentialAction\":[{\"@type\":\"SearchAction\",\"target\":{\"@type\":\"EntryPoint\",\"urlTemplate\":\"https:\/\/paracherkaoui.ma\/?s={search_term_string}\"},\"query-input\":{\"@type\":\"PropertyValueSpecification\",\"valueRequired\":true,\"valueName\":\"search_term_string\"}}],\"inLanguage\":\"fr-FR\"}]}<\/script>\r\n<!-- \/ Yoast SEO plugin. -->","yoast_head_json":{"title":"GAYELORD HAUSER LEVURE DE BIERE ET SELENIUM 400 COMPRIMES - Paracherkaoui.ma","robots":{"index":"index","follow":"follow","max-snippet":"max-snippet:-1","max-image-preview":"max-image-preview:large","max-video-preview":"max-video-preview:-1"},"canonical":"https:\/\/paracherkaoui.ma\/index.php\/produit\/gayelord-hauser-levure-de-biere-et-selenium-400-comprimes\/","og_locale":"fr_FR","og_type":"article","og_title":"GAYELORD HAUSER LEVURE DE BIERE ET SELENIUM 400 COMPRIMES - Paracherkaoui.ma","og_description":"LA LEVURE GAYELORD HAUSER : Le compl\u00e9ment alimentaire Levure de Bi\u00e8re\/S\u00e9l\u00e9nium est un alli\u00e9 beaut\u00e9 incontournable qui apporte des nutriments","og_url":"https:\/\/paracherkaoui.ma\/index.php\/produit\/gayelord-hauser-levure-de-biere-et-selenium-400-comprimes\/","og_site_name":"Paracherkaoui.ma","article_modified_time":"2025-12-12T18:43:05+00:00","og_image":[{"width":700,"height":700,"url":"https:\/\/paracherkaoui.ma\/wp-content\/uploads\/2025\/12\/gayelaurd-hauser-gayelord-hauser-levure-de-biere-et-selenium-400-comprimes-complements-cheveux-et-ongles.jpg","type":"image\/jpeg"}],"twitter_card":"summary_large_image","twitter_misc":{"Dur\u00e9e de lecture estim\u00e9e":"1 minute"},"schema":{"@context":"https:\/\/schema.org","@graph":[{"@type":"WebPage","@id":"https:\/\/paracherkaoui.ma\/index.php\/produit\/gayelord-hauser-levure-de-biere-et-selenium-400-comprimes\/","url":"https:\/\/paracherkaoui.ma\/index.php\/produit\/gayelord-hauser-levure-de-biere-et-selenium-400-comprimes\/","name":"GAYELORD HAUSER LEVURE DE BIERE ET SELENIUM 400 COMPRIMES - Paracherkaoui.ma","isPartOf":{"@id":"https:\/\/paracherkaoui.ma\/#website"},"primaryImageOfPage":{"@id":"https:\/\/paracherkaoui.ma\/index.php\/produit\/gayelord-hauser-levure-de-biere-et-selenium-400-comprimes\/#primaryimage"},"image":{"@id":"https:\/\/paracherkaoui.ma\/index.php\/produit\/gayelord-hauser-levure-de-biere-et-selenium-400-comprimes\/#primaryimage"},"thumbnailUrl":"https:\/\/paracherkaoui.ma\/wp-content\/uploads\/2025\/12\/gayelaurd-hauser-gayelord-hauser-levure-de-biere-et-selenium-400-comprimes-complements-cheveux-et-ongles.jpg","datePublished":"2025-12-12T18:43:02+00:00","dateModified":"2025-12-12T18:43:05+00:00","breadcrumb":{"@id":"https:\/\/paracherkaoui.ma\/index.php\/produit\/gayelord-hauser-levure-de-biere-et-selenium-400-comprimes\/#breadcrumb"},"inLanguage":"fr-FR","potentialAction":[{"@type":"ReadAction","target":["https:\/\/paracherkaoui.ma\/index.php\/produit\/gayelord-hauser-levure-de-biere-et-selenium-400-comprimes\/"]}]},{"@type":"ImageObject","inLanguage":"fr-FR","@id":"https:\/\/paracherkaoui.ma\/index.php\/produit\/gayelord-hauser-levure-de-biere-et-selenium-400-comprimes\/#primaryimage","url":"https:\/\/paracherkaoui.ma\/wp-content\/uploads\/2025\/12\/gayelaurd-hauser-gayelord-hauser-levure-de-biere-et-selenium-400-comprimes-complements-cheveux-et-ongles.jpg","contentUrl":"https:\/\/paracherkaoui.ma\/wp-content\/uploads\/2025\/12\/gayelaurd-hauser-gayelord-hauser-levure-de-biere-et-selenium-400-comprimes-complements-cheveux-et-ongles.jpg","width":700,"height":700},{"@type":"BreadcrumbList","@id":"https:\/\/paracherkaoui.ma\/index.php\/produit\/gayelord-hauser-levure-de-biere-et-selenium-400-comprimes\/#breadcrumb","itemListElement":[{"@type":"ListItem","position":1,"name":"Accueil","item":"https:\/\/paracherkaoui.ma\/"},{"@type":"ListItem","position":2,"name":"Boutique","item":"https:\/\/paracherkaoui.ma\/index.php\/boutique\/"},{"@type":"ListItem","position":3,"name":"GAYELORD HAUSER LEVURE DE BIERE ET SELENIUM 400 COMPRIMES"}]},{"@type":"WebSite","@id":"https:\/\/paracherkaoui.ma\/#website","url":"https:\/\/paracherkaoui.ma\/","name":"Paracherkaoui.ma","description":"Achetez en ligne sur Paracherkaoui.ma","potentialAction":[{"@type":"SearchAction","target":{"@type":"EntryPoint","urlTemplate":"https:\/\/paracherkaoui.ma\/?s={search_term_string}"},"query-input":{"@type":"PropertyValueSpecification","valueRequired":true,"valueName":"search_term_string"}}],"inLanguage":"fr-FR"}]}},"_links":{"self":[{"href":"https:\/\/paracherkaoui.ma\/index.php\/wp-json\/wp\/v2\/product\/55274","targetHints":{"allow":["GET"]}}],"collection":[{"href":"https:\/\/paracherkaoui.ma\/index.php\/wp-json\/wp\/v2\/product"}],"about":[{"href":"https:\/\/paracherkaoui.ma\/index.php\/wp-json\/wp\/v2\/types\/product"}],"replies":[{"embeddable":true,"href":"https:\/\/paracherkaoui.ma\/index.php\/wp-json\/wp\/v2\/comments?post=55274"}],"version-history":[{"count":1,"href":"https:\/\/paracherkaoui.ma\/index.php\/wp-json\/wp\/v2\/product\/55274\/revisions"}],"predecessor-version":[{"id":55310,"href":"https:\/\/paracherkaoui.ma\/index.php\/wp-json\/wp\/v2\/product\/55274\/revisions\/55310"}],"wp:featuredmedia":[{"embeddable":true,"href":"https:\/\/paracherkaoui.ma\/index.php\/wp-json\/wp\/v2\/media\/55309"}],"wp:attachment":[{"href":"https:\/\/paracherkaoui.ma\/index.php\/wp-json\/wp\/v2\/media?parent=55274"}],"wp:term":[{"taxonomy":"product_brand","embeddable":true,"href":"https:\/\/paracherkaoui.ma\/index.php\/wp-json\/wp\/v2\/product_brand?post=55274"},{"taxonomy":"product_cat","embeddable":true,"href":"https:\/\/paracherkaoui.ma\/index.php\/wp-json\/wp\/v2\/product_cat?post=55274"},{"taxonomy":"product_tag","embeddable":true,"href":"https:\/\/paracherkaoui.ma\/index.php\/wp-json\/wp\/v2\/product_tag?post=55274"}],"curies":[{"name":"wp","href":"https:\/\/api.w.org\/{rel}","templated":true}]}}