{"id":55211,"date":"2025-12-12T19:42:55","date_gmt":"2025-12-12T18:42:55","guid":{"rendered":"https:\/\/test.ecbeaute.com\/?post_type=product&#038;p=55211"},"modified":"2025-12-12T19:43:00","modified_gmt":"2025-12-12T18:43:00","slug":"nutrimax-levure-de-biere-120-comprimes","status":"publish","type":"product","link":"https:\/\/paracherkaoui.ma\/index.php\/produit\/nutrimax-levure-de-biere-120-comprimes\/","title":{"rendered":"NUTRIMAX LEVURE DE BIERE 120 COMPRIMES"},"content":{"rendered":"<p>Gr\u00e2ce \u00e0 sa richesse en vitamine B8 (Biotine), ce compl\u00e9ment alimentaire soutient la sant\u00e9 globale de vos phan\u00e8res (cheveux, ongles, peau) et constitue une solution id\u00e9ale pour retrouver une chevelure plus brillante, des ongles plus r\u00e9sistants et un teint plus lumineux.<br \/>\nParfait pour les p\u00e9riodes de stress, de changement de saison, ou en cas de chute de cheveux ou d\u2019ongles cassants, NutriMax Levure de Bi\u00e8re est un alli\u00e9 indispensable pour sublimer votre beaut\u00e9 de l\u2019int\u00e9rieur.<br \/>\nFormul\u00e9 sous forme de 120 comprim\u00e9s faciles \u00e0 avaler, ce compl\u00e9ment naturel s\u2019int\u00e8gre facilement \u00e0 votre routine bien-\u00eatre.<br \/>\nConseils d&rsquo;utilisation :<br \/>\nPrendre 2 \u00e0 4 comprim\u00e9s par jour, de pr\u00e9f\u00e9rence avec un repas, accompagn\u00e9s d\u2019un verre d\u2019eau.<br \/>\nCure de minimum 1 mois pour des r\u00e9sultats visibles.<br \/>\nConvient \u00e0 tous types de cheveux et peaux.<br \/>\nD\u00e9conseill\u00e9 en cas d\u2019intol\u00e9rance \u00e0 la levure.<br \/>\nComposition :<br \/>\nLevure de bi\u00e8re (saccharomyces cerevisiae) \u2013 Excipients : Maltodextrine, St\u00e9arate de Mg. \u00a0LYNSIDE \u00ae Nutri Optimum, reconnu pour sa haute qualit\u00e9 et sa grande efficacit\u00e9.<\/p>\n","protected":false},"excerpt":{"rendered":"<p>Gr\u00e2ce \u00e0 sa richesse en vitamine B8 (Biotine), ce compl\u00e9ment alimentaire soutient la sant\u00e9 globale de vos phan\u00e8res (cheveux, ongles,<\/p>\n","protected":false},"featured_media":55259,"comment_status":"open","ping_status":"closed","template":"","meta":[],"product_brand":[1008],"product_cat":[1066],"product_tag":[],"class_list":{"0":"post-55211","1":"product","2":"type-product","3":"status-publish","4":"has-post-thumbnail","6":"product_brand-nutrimax","7":"product_cat-complements-cheveux-et-ongles","9":"first","10":"instock","11":"sale","12":"shipping-taxable","13":"purchasable","14":"product-type-simple"},"yoast_head":"<!-- This site is optimized with the Yoast SEO plugin v26.6 - https:\/\/yoast.com\/wordpress\/plugins\/seo\/ -->\r\n<title>NUTRIMAX LEVURE DE BIERE 120 COMPRIMES - Paracherkaoui.ma<\/title>\r\n<meta name=\"robots\" content=\"index, follow, max-snippet:-1, max-image-preview:large, max-video-preview:-1\" \/>\r\n<link rel=\"canonical\" href=\"https:\/\/paracherkaoui.ma\/index.php\/produit\/nutrimax-levure-de-biere-120-comprimes\/\" \/>\r\n<meta property=\"og:locale\" content=\"fr_FR\" \/>\r\n<meta property=\"og:type\" content=\"article\" \/>\r\n<meta property=\"og:title\" content=\"NUTRIMAX LEVURE DE BIERE 120 COMPRIMES - Paracherkaoui.ma\" \/>\r\n<meta property=\"og:description\" content=\"Gr\u00e2ce \u00e0 sa richesse en vitamine B8 (Biotine), ce compl\u00e9ment alimentaire soutient la sant\u00e9 globale de vos phan\u00e8res (cheveux, ongles,\" \/>\r\n<meta property=\"og:url\" content=\"https:\/\/paracherkaoui.ma\/index.php\/produit\/nutrimax-levure-de-biere-120-comprimes\/\" \/>\r\n<meta property=\"og:site_name\" content=\"Paracherkaoui.ma\" \/>\r\n<meta property=\"article:modified_time\" content=\"2025-12-12T18:43:00+00:00\" \/>\r\n<meta property=\"og:image\" content=\"https:\/\/paracherkaoui.ma\/wp-content\/uploads\/2025\/12\/nutrimax-nutrimax-levure-de-biere-120-comprimes-complements-cheveux-et-ongles.jpg\" \/>\r\n\t<meta property=\"og:image:width\" content=\"700\" \/>\r\n\t<meta property=\"og:image:height\" content=\"700\" \/>\r\n\t<meta property=\"og:image:type\" content=\"image\/jpeg\" \/>\r\n<meta name=\"twitter:card\" content=\"summary_large_image\" \/>\r\n<meta name=\"twitter:label1\" content=\"Dur\u00e9e de lecture estim\u00e9e\" \/>\n\t<meta name=\"twitter:data1\" content=\"1 minute\" \/>\r\n<script type=\"application\/ld+json\" class=\"yoast-schema-graph\">{\"@context\":\"https:\/\/schema.org\",\"@graph\":[{\"@type\":\"WebPage\",\"@id\":\"https:\/\/paracherkaoui.ma\/index.php\/produit\/nutrimax-levure-de-biere-120-comprimes\/\",\"url\":\"https:\/\/paracherkaoui.ma\/index.php\/produit\/nutrimax-levure-de-biere-120-comprimes\/\",\"name\":\"NUTRIMAX LEVURE DE BIERE 120 COMPRIMES - Paracherkaoui.ma\",\"isPartOf\":{\"@id\":\"https:\/\/paracherkaoui.ma\/#website\"},\"primaryImageOfPage\":{\"@id\":\"https:\/\/paracherkaoui.ma\/index.php\/produit\/nutrimax-levure-de-biere-120-comprimes\/#primaryimage\"},\"image\":{\"@id\":\"https:\/\/paracherkaoui.ma\/index.php\/produit\/nutrimax-levure-de-biere-120-comprimes\/#primaryimage\"},\"thumbnailUrl\":\"https:\/\/paracherkaoui.ma\/wp-content\/uploads\/2025\/12\/nutrimax-nutrimax-levure-de-biere-120-comprimes-complements-cheveux-et-ongles.jpg\",\"datePublished\":\"2025-12-12T18:42:55+00:00\",\"dateModified\":\"2025-12-12T18:43:00+00:00\",\"breadcrumb\":{\"@id\":\"https:\/\/paracherkaoui.ma\/index.php\/produit\/nutrimax-levure-de-biere-120-comprimes\/#breadcrumb\"},\"inLanguage\":\"fr-FR\",\"potentialAction\":[{\"@type\":\"ReadAction\",\"target\":[\"https:\/\/paracherkaoui.ma\/index.php\/produit\/nutrimax-levure-de-biere-120-comprimes\/\"]}]},{\"@type\":\"ImageObject\",\"inLanguage\":\"fr-FR\",\"@id\":\"https:\/\/paracherkaoui.ma\/index.php\/produit\/nutrimax-levure-de-biere-120-comprimes\/#primaryimage\",\"url\":\"https:\/\/paracherkaoui.ma\/wp-content\/uploads\/2025\/12\/nutrimax-nutrimax-levure-de-biere-120-comprimes-complements-cheveux-et-ongles.jpg\",\"contentUrl\":\"https:\/\/paracherkaoui.ma\/wp-content\/uploads\/2025\/12\/nutrimax-nutrimax-levure-de-biere-120-comprimes-complements-cheveux-et-ongles.jpg\",\"width\":700,\"height\":700},{\"@type\":\"BreadcrumbList\",\"@id\":\"https:\/\/paracherkaoui.ma\/index.php\/produit\/nutrimax-levure-de-biere-120-comprimes\/#breadcrumb\",\"itemListElement\":[{\"@type\":\"ListItem\",\"position\":1,\"name\":\"Accueil\",\"item\":\"https:\/\/paracherkaoui.ma\/\"},{\"@type\":\"ListItem\",\"position\":2,\"name\":\"Boutique\",\"item\":\"https:\/\/paracherkaoui.ma\/index.php\/boutique\/\"},{\"@type\":\"ListItem\",\"position\":3,\"name\":\"NUTRIMAX LEVURE DE BIERE 120 COMPRIMES\"}]},{\"@type\":\"WebSite\",\"@id\":\"https:\/\/paracherkaoui.ma\/#website\",\"url\":\"https:\/\/paracherkaoui.ma\/\",\"name\":\"Paracherkaoui.ma\",\"description\":\"Achetez en ligne sur Paracherkaoui.ma\",\"potentialAction\":[{\"@type\":\"SearchAction\",\"target\":{\"@type\":\"EntryPoint\",\"urlTemplate\":\"https:\/\/paracherkaoui.ma\/?s={search_term_string}\"},\"query-input\":{\"@type\":\"PropertyValueSpecification\",\"valueRequired\":true,\"valueName\":\"search_term_string\"}}],\"inLanguage\":\"fr-FR\"}]}<\/script>\r\n<!-- \/ Yoast SEO plugin. -->","yoast_head_json":{"title":"NUTRIMAX LEVURE DE BIERE 120 COMPRIMES - Paracherkaoui.ma","robots":{"index":"index","follow":"follow","max-snippet":"max-snippet:-1","max-image-preview":"max-image-preview:large","max-video-preview":"max-video-preview:-1"},"canonical":"https:\/\/paracherkaoui.ma\/index.php\/produit\/nutrimax-levure-de-biere-120-comprimes\/","og_locale":"fr_FR","og_type":"article","og_title":"NUTRIMAX LEVURE DE BIERE 120 COMPRIMES - Paracherkaoui.ma","og_description":"Gr\u00e2ce \u00e0 sa richesse en vitamine B8 (Biotine), ce compl\u00e9ment alimentaire soutient la sant\u00e9 globale de vos phan\u00e8res (cheveux, ongles,","og_url":"https:\/\/paracherkaoui.ma\/index.php\/produit\/nutrimax-levure-de-biere-120-comprimes\/","og_site_name":"Paracherkaoui.ma","article_modified_time":"2025-12-12T18:43:00+00:00","og_image":[{"width":700,"height":700,"url":"https:\/\/paracherkaoui.ma\/wp-content\/uploads\/2025\/12\/nutrimax-nutrimax-levure-de-biere-120-comprimes-complements-cheveux-et-ongles.jpg","type":"image\/jpeg"}],"twitter_card":"summary_large_image","twitter_misc":{"Dur\u00e9e de lecture estim\u00e9e":"1 minute"},"schema":{"@context":"https:\/\/schema.org","@graph":[{"@type":"WebPage","@id":"https:\/\/paracherkaoui.ma\/index.php\/produit\/nutrimax-levure-de-biere-120-comprimes\/","url":"https:\/\/paracherkaoui.ma\/index.php\/produit\/nutrimax-levure-de-biere-120-comprimes\/","name":"NUTRIMAX LEVURE DE BIERE 120 COMPRIMES - Paracherkaoui.ma","isPartOf":{"@id":"https:\/\/paracherkaoui.ma\/#website"},"primaryImageOfPage":{"@id":"https:\/\/paracherkaoui.ma\/index.php\/produit\/nutrimax-levure-de-biere-120-comprimes\/#primaryimage"},"image":{"@id":"https:\/\/paracherkaoui.ma\/index.php\/produit\/nutrimax-levure-de-biere-120-comprimes\/#primaryimage"},"thumbnailUrl":"https:\/\/paracherkaoui.ma\/wp-content\/uploads\/2025\/12\/nutrimax-nutrimax-levure-de-biere-120-comprimes-complements-cheveux-et-ongles.jpg","datePublished":"2025-12-12T18:42:55+00:00","dateModified":"2025-12-12T18:43:00+00:00","breadcrumb":{"@id":"https:\/\/paracherkaoui.ma\/index.php\/produit\/nutrimax-levure-de-biere-120-comprimes\/#breadcrumb"},"inLanguage":"fr-FR","potentialAction":[{"@type":"ReadAction","target":["https:\/\/paracherkaoui.ma\/index.php\/produit\/nutrimax-levure-de-biere-120-comprimes\/"]}]},{"@type":"ImageObject","inLanguage":"fr-FR","@id":"https:\/\/paracherkaoui.ma\/index.php\/produit\/nutrimax-levure-de-biere-120-comprimes\/#primaryimage","url":"https:\/\/paracherkaoui.ma\/wp-content\/uploads\/2025\/12\/nutrimax-nutrimax-levure-de-biere-120-comprimes-complements-cheveux-et-ongles.jpg","contentUrl":"https:\/\/paracherkaoui.ma\/wp-content\/uploads\/2025\/12\/nutrimax-nutrimax-levure-de-biere-120-comprimes-complements-cheveux-et-ongles.jpg","width":700,"height":700},{"@type":"BreadcrumbList","@id":"https:\/\/paracherkaoui.ma\/index.php\/produit\/nutrimax-levure-de-biere-120-comprimes\/#breadcrumb","itemListElement":[{"@type":"ListItem","position":1,"name":"Accueil","item":"https:\/\/paracherkaoui.ma\/"},{"@type":"ListItem","position":2,"name":"Boutique","item":"https:\/\/paracherkaoui.ma\/index.php\/boutique\/"},{"@type":"ListItem","position":3,"name":"NUTRIMAX LEVURE DE BIERE 120 COMPRIMES"}]},{"@type":"WebSite","@id":"https:\/\/paracherkaoui.ma\/#website","url":"https:\/\/paracherkaoui.ma\/","name":"Paracherkaoui.ma","description":"Achetez en ligne sur Paracherkaoui.ma","potentialAction":[{"@type":"SearchAction","target":{"@type":"EntryPoint","urlTemplate":"https:\/\/paracherkaoui.ma\/?s={search_term_string}"},"query-input":{"@type":"PropertyValueSpecification","valueRequired":true,"valueName":"search_term_string"}}],"inLanguage":"fr-FR"}]}},"_links":{"self":[{"href":"https:\/\/paracherkaoui.ma\/index.php\/wp-json\/wp\/v2\/product\/55211","targetHints":{"allow":["GET"]}}],"collection":[{"href":"https:\/\/paracherkaoui.ma\/index.php\/wp-json\/wp\/v2\/product"}],"about":[{"href":"https:\/\/paracherkaoui.ma\/index.php\/wp-json\/wp\/v2\/types\/product"}],"replies":[{"embeddable":true,"href":"https:\/\/paracherkaoui.ma\/index.php\/wp-json\/wp\/v2\/comments?post=55211"}],"version-history":[{"count":1,"href":"https:\/\/paracherkaoui.ma\/index.php\/wp-json\/wp\/v2\/product\/55211\/revisions"}],"predecessor-version":[{"id":55260,"href":"https:\/\/paracherkaoui.ma\/index.php\/wp-json\/wp\/v2\/product\/55211\/revisions\/55260"}],"wp:featuredmedia":[{"embeddable":true,"href":"https:\/\/paracherkaoui.ma\/index.php\/wp-json\/wp\/v2\/media\/55259"}],"wp:attachment":[{"href":"https:\/\/paracherkaoui.ma\/index.php\/wp-json\/wp\/v2\/media?parent=55211"}],"wp:term":[{"taxonomy":"product_brand","embeddable":true,"href":"https:\/\/paracherkaoui.ma\/index.php\/wp-json\/wp\/v2\/product_brand?post=55211"},{"taxonomy":"product_cat","embeddable":true,"href":"https:\/\/paracherkaoui.ma\/index.php\/wp-json\/wp\/v2\/product_cat?post=55211"},{"taxonomy":"product_tag","embeddable":true,"href":"https:\/\/paracherkaoui.ma\/index.php\/wp-json\/wp\/v2\/product_tag?post=55211"}],"curies":[{"name":"wp","href":"https:\/\/api.w.org\/{rel}","templated":true}]}}