{"id":55209,"date":"2025-12-12T19:42:55","date_gmt":"2025-12-12T18:42:55","guid":{"rendered":"https:\/\/test.ecbeaute.com\/?post_type=product&#038;p=55209"},"modified":"2025-12-12T19:43:00","modified_gmt":"2025-12-12T18:43:00","slug":"levure-de-biere-et-selenium-400-capsules","status":"publish","type":"product","link":"https:\/\/paracherkaoui.ma\/index.php\/produit\/levure-de-biere-et-selenium-400-capsules\/","title":{"rendered":"LEVURE DE BIERE ET SELENIUM 400 CAPSULES"},"content":{"rendered":"<p>La levure de bi\u00e8re est naturellement riche en vitamines B, qui contribuent \u00e0 votre vitalit\u00e9 g\u00e9n\u00e9rale.<br \/>\nLe Zinc et le S\u00e9l\u00e9nium aident \u00e0 pr\u00e9server la beaut\u00e9 de votre peau (Zinc), de vos cheveux et de vos ongles (Zinc &#038; S\u00e9l\u00e9nium).<br \/>\nIndications<br \/>\nPour la beaut\u00e9 de la peau, des cheveux et des ongles.<br \/>\nConseils d&rsquo;utilisation<br \/>\nAvaler (sans croquer) 9 comprim\u00e9s par jour avec un verre d&rsquo;eau, \u00e0 r\u00e9partir dans la journ\u00e9e.<\/p>\n","protected":false},"excerpt":{"rendered":"<p>La levure de bi\u00e8re est naturellement riche en vitamines B, qui contribuent \u00e0 votre vitalit\u00e9 g\u00e9n\u00e9rale. Le Zinc et le<\/p>\n","protected":false},"featured_media":55255,"comment_status":"open","ping_status":"closed","template":"","meta":[],"product_brand":[1070],"product_cat":[1066],"product_tag":[],"class_list":{"0":"post-55209","1":"product","2":"type-product","3":"status-publish","4":"has-post-thumbnail","6":"product_brand-gerlinea","7":"product_cat-complements-cheveux-et-ongles","9":"first","10":"instock","11":"sale","12":"shipping-taxable","13":"purchasable","14":"product-type-simple"},"yoast_head":"<!-- This site is optimized with the Yoast SEO plugin v26.6 - https:\/\/yoast.com\/wordpress\/plugins\/seo\/ -->\r\n<title>LEVURE DE BIERE ET SELENIUM 400 CAPSULES - Paracherkaoui.ma<\/title>\r\n<meta name=\"robots\" content=\"index, follow, max-snippet:-1, max-image-preview:large, max-video-preview:-1\" \/>\r\n<link rel=\"canonical\" href=\"https:\/\/paracherkaoui.ma\/index.php\/produit\/levure-de-biere-et-selenium-400-capsules\/\" \/>\r\n<meta property=\"og:locale\" content=\"fr_FR\" \/>\r\n<meta property=\"og:type\" content=\"article\" \/>\r\n<meta property=\"og:title\" content=\"LEVURE DE BIERE ET SELENIUM 400 CAPSULES - Paracherkaoui.ma\" \/>\r\n<meta property=\"og:description\" content=\"La levure de bi\u00e8re est naturellement riche en vitamines B, qui contribuent \u00e0 votre vitalit\u00e9 g\u00e9n\u00e9rale. Le Zinc et le\" \/>\r\n<meta property=\"og:url\" content=\"https:\/\/paracherkaoui.ma\/index.php\/produit\/levure-de-biere-et-selenium-400-capsules\/\" \/>\r\n<meta property=\"og:site_name\" content=\"Paracherkaoui.ma\" \/>\r\n<meta property=\"article:modified_time\" content=\"2025-12-12T18:43:00+00:00\" \/>\r\n<meta property=\"og:image\" content=\"https:\/\/paracherkaoui.ma\/wp-content\/uploads\/2025\/12\/gerlinea-levure-de-biere-et-selenium-400-capsules-complements-alimentaires.jpg\" \/>\r\n\t<meta property=\"og:image:width\" content=\"700\" \/>\r\n\t<meta property=\"og:image:height\" content=\"700\" \/>\r\n\t<meta property=\"og:image:type\" content=\"image\/jpeg\" \/>\r\n<meta name=\"twitter:card\" content=\"summary_large_image\" \/>\r\n<script type=\"application\/ld+json\" class=\"yoast-schema-graph\">{\"@context\":\"https:\/\/schema.org\",\"@graph\":[{\"@type\":\"WebPage\",\"@id\":\"https:\/\/paracherkaoui.ma\/index.php\/produit\/levure-de-biere-et-selenium-400-capsules\/\",\"url\":\"https:\/\/paracherkaoui.ma\/index.php\/produit\/levure-de-biere-et-selenium-400-capsules\/\",\"name\":\"LEVURE DE BIERE ET SELENIUM 400 CAPSULES - Paracherkaoui.ma\",\"isPartOf\":{\"@id\":\"https:\/\/paracherkaoui.ma\/#website\"},\"primaryImageOfPage\":{\"@id\":\"https:\/\/paracherkaoui.ma\/index.php\/produit\/levure-de-biere-et-selenium-400-capsules\/#primaryimage\"},\"image\":{\"@id\":\"https:\/\/paracherkaoui.ma\/index.php\/produit\/levure-de-biere-et-selenium-400-capsules\/#primaryimage\"},\"thumbnailUrl\":\"https:\/\/paracherkaoui.ma\/wp-content\/uploads\/2025\/12\/gerlinea-levure-de-biere-et-selenium-400-capsules-complements-alimentaires.jpg\",\"datePublished\":\"2025-12-12T18:42:55+00:00\",\"dateModified\":\"2025-12-12T18:43:00+00:00\",\"breadcrumb\":{\"@id\":\"https:\/\/paracherkaoui.ma\/index.php\/produit\/levure-de-biere-et-selenium-400-capsules\/#breadcrumb\"},\"inLanguage\":\"fr-FR\",\"potentialAction\":[{\"@type\":\"ReadAction\",\"target\":[\"https:\/\/paracherkaoui.ma\/index.php\/produit\/levure-de-biere-et-selenium-400-capsules\/\"]}]},{\"@type\":\"ImageObject\",\"inLanguage\":\"fr-FR\",\"@id\":\"https:\/\/paracherkaoui.ma\/index.php\/produit\/levure-de-biere-et-selenium-400-capsules\/#primaryimage\",\"url\":\"https:\/\/paracherkaoui.ma\/wp-content\/uploads\/2025\/12\/gerlinea-levure-de-biere-et-selenium-400-capsules-complements-alimentaires.jpg\",\"contentUrl\":\"https:\/\/paracherkaoui.ma\/wp-content\/uploads\/2025\/12\/gerlinea-levure-de-biere-et-selenium-400-capsules-complements-alimentaires.jpg\",\"width\":700,\"height\":700},{\"@type\":\"BreadcrumbList\",\"@id\":\"https:\/\/paracherkaoui.ma\/index.php\/produit\/levure-de-biere-et-selenium-400-capsules\/#breadcrumb\",\"itemListElement\":[{\"@type\":\"ListItem\",\"position\":1,\"name\":\"Accueil\",\"item\":\"https:\/\/paracherkaoui.ma\/\"},{\"@type\":\"ListItem\",\"position\":2,\"name\":\"Boutique\",\"item\":\"https:\/\/paracherkaoui.ma\/index.php\/boutique\/\"},{\"@type\":\"ListItem\",\"position\":3,\"name\":\"LEVURE DE BIERE ET SELENIUM 400 CAPSULES\"}]},{\"@type\":\"WebSite\",\"@id\":\"https:\/\/paracherkaoui.ma\/#website\",\"url\":\"https:\/\/paracherkaoui.ma\/\",\"name\":\"Paracherkaoui.ma\",\"description\":\"Achetez en ligne sur Paracherkaoui.ma\",\"potentialAction\":[{\"@type\":\"SearchAction\",\"target\":{\"@type\":\"EntryPoint\",\"urlTemplate\":\"https:\/\/paracherkaoui.ma\/?s={search_term_string}\"},\"query-input\":{\"@type\":\"PropertyValueSpecification\",\"valueRequired\":true,\"valueName\":\"search_term_string\"}}],\"inLanguage\":\"fr-FR\"}]}<\/script>\r\n<!-- \/ Yoast SEO plugin. -->","yoast_head_json":{"title":"LEVURE DE BIERE ET SELENIUM 400 CAPSULES - Paracherkaoui.ma","robots":{"index":"index","follow":"follow","max-snippet":"max-snippet:-1","max-image-preview":"max-image-preview:large","max-video-preview":"max-video-preview:-1"},"canonical":"https:\/\/paracherkaoui.ma\/index.php\/produit\/levure-de-biere-et-selenium-400-capsules\/","og_locale":"fr_FR","og_type":"article","og_title":"LEVURE DE BIERE ET SELENIUM 400 CAPSULES - Paracherkaoui.ma","og_description":"La levure de bi\u00e8re est naturellement riche en vitamines B, qui contribuent \u00e0 votre vitalit\u00e9 g\u00e9n\u00e9rale. Le Zinc et le","og_url":"https:\/\/paracherkaoui.ma\/index.php\/produit\/levure-de-biere-et-selenium-400-capsules\/","og_site_name":"Paracherkaoui.ma","article_modified_time":"2025-12-12T18:43:00+00:00","og_image":[{"width":700,"height":700,"url":"https:\/\/paracherkaoui.ma\/wp-content\/uploads\/2025\/12\/gerlinea-levure-de-biere-et-selenium-400-capsules-complements-alimentaires.jpg","type":"image\/jpeg"}],"twitter_card":"summary_large_image","schema":{"@context":"https:\/\/schema.org","@graph":[{"@type":"WebPage","@id":"https:\/\/paracherkaoui.ma\/index.php\/produit\/levure-de-biere-et-selenium-400-capsules\/","url":"https:\/\/paracherkaoui.ma\/index.php\/produit\/levure-de-biere-et-selenium-400-capsules\/","name":"LEVURE DE BIERE ET SELENIUM 400 CAPSULES - Paracherkaoui.ma","isPartOf":{"@id":"https:\/\/paracherkaoui.ma\/#website"},"primaryImageOfPage":{"@id":"https:\/\/paracherkaoui.ma\/index.php\/produit\/levure-de-biere-et-selenium-400-capsules\/#primaryimage"},"image":{"@id":"https:\/\/paracherkaoui.ma\/index.php\/produit\/levure-de-biere-et-selenium-400-capsules\/#primaryimage"},"thumbnailUrl":"https:\/\/paracherkaoui.ma\/wp-content\/uploads\/2025\/12\/gerlinea-levure-de-biere-et-selenium-400-capsules-complements-alimentaires.jpg","datePublished":"2025-12-12T18:42:55+00:00","dateModified":"2025-12-12T18:43:00+00:00","breadcrumb":{"@id":"https:\/\/paracherkaoui.ma\/index.php\/produit\/levure-de-biere-et-selenium-400-capsules\/#breadcrumb"},"inLanguage":"fr-FR","potentialAction":[{"@type":"ReadAction","target":["https:\/\/paracherkaoui.ma\/index.php\/produit\/levure-de-biere-et-selenium-400-capsules\/"]}]},{"@type":"ImageObject","inLanguage":"fr-FR","@id":"https:\/\/paracherkaoui.ma\/index.php\/produit\/levure-de-biere-et-selenium-400-capsules\/#primaryimage","url":"https:\/\/paracherkaoui.ma\/wp-content\/uploads\/2025\/12\/gerlinea-levure-de-biere-et-selenium-400-capsules-complements-alimentaires.jpg","contentUrl":"https:\/\/paracherkaoui.ma\/wp-content\/uploads\/2025\/12\/gerlinea-levure-de-biere-et-selenium-400-capsules-complements-alimentaires.jpg","width":700,"height":700},{"@type":"BreadcrumbList","@id":"https:\/\/paracherkaoui.ma\/index.php\/produit\/levure-de-biere-et-selenium-400-capsules\/#breadcrumb","itemListElement":[{"@type":"ListItem","position":1,"name":"Accueil","item":"https:\/\/paracherkaoui.ma\/"},{"@type":"ListItem","position":2,"name":"Boutique","item":"https:\/\/paracherkaoui.ma\/index.php\/boutique\/"},{"@type":"ListItem","position":3,"name":"LEVURE DE BIERE ET SELENIUM 400 CAPSULES"}]},{"@type":"WebSite","@id":"https:\/\/paracherkaoui.ma\/#website","url":"https:\/\/paracherkaoui.ma\/","name":"Paracherkaoui.ma","description":"Achetez en ligne sur Paracherkaoui.ma","potentialAction":[{"@type":"SearchAction","target":{"@type":"EntryPoint","urlTemplate":"https:\/\/paracherkaoui.ma\/?s={search_term_string}"},"query-input":{"@type":"PropertyValueSpecification","valueRequired":true,"valueName":"search_term_string"}}],"inLanguage":"fr-FR"}]}},"_links":{"self":[{"href":"https:\/\/paracherkaoui.ma\/index.php\/wp-json\/wp\/v2\/product\/55209","targetHints":{"allow":["GET"]}}],"collection":[{"href":"https:\/\/paracherkaoui.ma\/index.php\/wp-json\/wp\/v2\/product"}],"about":[{"href":"https:\/\/paracherkaoui.ma\/index.php\/wp-json\/wp\/v2\/types\/product"}],"replies":[{"embeddable":true,"href":"https:\/\/paracherkaoui.ma\/index.php\/wp-json\/wp\/v2\/comments?post=55209"}],"version-history":[{"count":1,"href":"https:\/\/paracherkaoui.ma\/index.php\/wp-json\/wp\/v2\/product\/55209\/revisions"}],"predecessor-version":[{"id":55256,"href":"https:\/\/paracherkaoui.ma\/index.php\/wp-json\/wp\/v2\/product\/55209\/revisions\/55256"}],"wp:featuredmedia":[{"embeddable":true,"href":"https:\/\/paracherkaoui.ma\/index.php\/wp-json\/wp\/v2\/media\/55255"}],"wp:attachment":[{"href":"https:\/\/paracherkaoui.ma\/index.php\/wp-json\/wp\/v2\/media?parent=55209"}],"wp:term":[{"taxonomy":"product_brand","embeddable":true,"href":"https:\/\/paracherkaoui.ma\/index.php\/wp-json\/wp\/v2\/product_brand?post=55209"},{"taxonomy":"product_cat","embeddable":true,"href":"https:\/\/paracherkaoui.ma\/index.php\/wp-json\/wp\/v2\/product_cat?post=55209"},{"taxonomy":"product_tag","embeddable":true,"href":"https:\/\/paracherkaoui.ma\/index.php\/wp-json\/wp\/v2\/product_tag?post=55209"}],"curies":[{"name":"wp","href":"https:\/\/api.w.org\/{rel}","templated":true}]}}