{"id":55197,"date":"2025-12-12T19:42:54","date_gmt":"2025-12-12T18:42:54","guid":{"rendered":"https:\/\/test.ecbeaute.com\/?post_type=product&#038;p=55197"},"modified":"2025-12-12T19:42:57","modified_gmt":"2025-12-12T18:42:57","slug":"nutrimax-oxyselen-selenium-biodisponible-vitamine-ace-30-comprimes-2","status":"publish","type":"product","link":"https:\/\/paracherkaoui.ma\/index.php\/produit\/nutrimax-oxyselen-selenium-biodisponible-vitamine-ace-30-comprimes-2\/","title":{"rendered":"NUTRIMAX OXYSELEN SELENIUM BIODISPONIBLE VITAMINE A,C,E 30 COMPRIMES"},"content":{"rendered":"<p>OXYSEL\u0415N, un compl\u00e9ment alimentaire richement fortifi\u00e9 en S\u00e9l\u00e9nium et en vitamines A, C et \u0415, r\u00e9put\u00e9s pour \u00eatre des antioxydants sans \u00e9gaux. OXYSELEN contribue \u00e0 la lutte contre les effets des radicaux libres sur les cellules de la peau, contre les \u00e9l\u00e9ments acc\u00e9l\u00e9rateurs du vi\u0435illiss\u0435m\u0435nt de l\u2019organisme et de l\u2019impact du temps sur le corps.<br \/>\nS\u00e9l\u00e9nium\u00a0: Cet antioxydant puissant joue un r\u00f4le essentiel dans le stress oxydatif car il active le glutathion peroxydase. Il contribue au fonctionnement normal du syst\u00e8me immunitaire, et au maintien de cheveux et d&rsquo;ongles normaux.<br \/>\nVitamine A\u00a0: Elle contribue au maintien d\u2019une peau normale en augmentant la vascularisation du derme et en acc\u00e9l\u00e9rant le renouvellement cellulaire.<br \/>\nVitamine C\u00a0: Elle contribue au fonctionnement normal du syst\u00e8me immunitaire et \u00e0 prot\u00e9ger les cellules contre le stress oxydatif.<br \/>\nVitamine E\u00a0: Acteur majeur dans la protection de la membrane de toutes les cellules de l\u2019organisme, elle pi\u00e8ge les radicaux libres et emp\u00eache leur propagation<br \/>\nConseils d&rsquo;utilisation:<br \/>\nPrendre 1 comprim\u00e9 par jour avec un verre d\u2019eau de pr\u00e9f\u00e9rence avant ou pendant les repas.<\/p>\n","protected":false},"excerpt":{"rendered":"<p>OXYSEL\u0415N, un compl\u00e9ment alimentaire richement fortifi\u00e9 en S\u00e9l\u00e9nium et en vitamines A, C et \u0415, r\u00e9put\u00e9s pour \u00eatre des antioxydants<\/p>\n","protected":false},"featured_media":55052,"comment_status":"open","ping_status":"closed","template":"","meta":[],"product_brand":[1008],"product_cat":[1066],"product_tag":[],"class_list":{"0":"post-55197","1":"product","2":"type-product","3":"status-publish","4":"has-post-thumbnail","6":"product_brand-nutrimax","7":"product_cat-complements-cheveux-et-ongles","9":"first","10":"instock","11":"sale","12":"shipping-taxable","13":"purchasable","14":"product-type-simple"},"yoast_head":"<!-- This site is optimized with the Yoast SEO plugin v26.6 - https:\/\/yoast.com\/wordpress\/plugins\/seo\/ -->\r\n<title>NUTRIMAX OXYSELEN SELENIUM BIODISPONIBLE VITAMINE A,C,E 30 COMPRIMES - Paracherkaoui.ma<\/title>\r\n<meta name=\"robots\" content=\"index, follow, max-snippet:-1, max-image-preview:large, max-video-preview:-1\" \/>\r\n<link rel=\"canonical\" href=\"https:\/\/paracherkaoui.ma\/index.php\/produit\/nutrimax-oxyselen-selenium-biodisponible-vitamine-ace-30-comprimes-2\/\" \/>\r\n<meta property=\"og:locale\" content=\"fr_FR\" \/>\r\n<meta property=\"og:type\" content=\"article\" \/>\r\n<meta property=\"og:title\" content=\"NUTRIMAX OXYSELEN SELENIUM BIODISPONIBLE VITAMINE A,C,E 30 COMPRIMES - Paracherkaoui.ma\" \/>\r\n<meta property=\"og:description\" content=\"OXYSEL\u0415N, un compl\u00e9ment alimentaire richement fortifi\u00e9 en S\u00e9l\u00e9nium et en vitamines A, C et \u0415, r\u00e9put\u00e9s pour \u00eatre des antioxydants\" \/>\r\n<meta property=\"og:url\" content=\"https:\/\/paracherkaoui.ma\/index.php\/produit\/nutrimax-oxyselen-selenium-biodisponible-vitamine-ace-30-comprimes-2\/\" \/>\r\n<meta property=\"og:site_name\" content=\"Paracherkaoui.ma\" \/>\r\n<meta property=\"article:modified_time\" content=\"2025-12-12T18:42:57+00:00\" \/>\r\n<meta property=\"og:image\" content=\"https:\/\/paracherkaoui.ma\/wp-content\/uploads\/2025\/12\/nutrimax-nutrimax-oxyselen-selenium-biodisponible-vitamine-ace-30-comprimes-complements-alimentaires.jpg\" \/>\r\n\t<meta property=\"og:image:width\" content=\"700\" \/>\r\n\t<meta property=\"og:image:height\" content=\"700\" \/>\r\n\t<meta property=\"og:image:type\" content=\"image\/jpeg\" \/>\r\n<meta name=\"twitter:card\" content=\"summary_large_image\" \/>\r\n<meta name=\"twitter:label1\" content=\"Dur\u00e9e de lecture estim\u00e9e\" \/>\n\t<meta name=\"twitter:data1\" content=\"1 minute\" \/>\r\n<script type=\"application\/ld+json\" class=\"yoast-schema-graph\">{\"@context\":\"https:\/\/schema.org\",\"@graph\":[{\"@type\":\"WebPage\",\"@id\":\"https:\/\/paracherkaoui.ma\/index.php\/produit\/nutrimax-oxyselen-selenium-biodisponible-vitamine-ace-30-comprimes-2\/\",\"url\":\"https:\/\/paracherkaoui.ma\/index.php\/produit\/nutrimax-oxyselen-selenium-biodisponible-vitamine-ace-30-comprimes-2\/\",\"name\":\"NUTRIMAX OXYSELEN SELENIUM BIODISPONIBLE VITAMINE A,C,E 30 COMPRIMES - Paracherkaoui.ma\",\"isPartOf\":{\"@id\":\"https:\/\/paracherkaoui.ma\/#website\"},\"primaryImageOfPage\":{\"@id\":\"https:\/\/paracherkaoui.ma\/index.php\/produit\/nutrimax-oxyselen-selenium-biodisponible-vitamine-ace-30-comprimes-2\/#primaryimage\"},\"image\":{\"@id\":\"https:\/\/paracherkaoui.ma\/index.php\/produit\/nutrimax-oxyselen-selenium-biodisponible-vitamine-ace-30-comprimes-2\/#primaryimage\"},\"thumbnailUrl\":\"https:\/\/paracherkaoui.ma\/wp-content\/uploads\/2025\/12\/nutrimax-nutrimax-oxyselen-selenium-biodisponible-vitamine-ace-30-comprimes-complements-alimentaires.jpg\",\"datePublished\":\"2025-12-12T18:42:54+00:00\",\"dateModified\":\"2025-12-12T18:42:57+00:00\",\"breadcrumb\":{\"@id\":\"https:\/\/paracherkaoui.ma\/index.php\/produit\/nutrimax-oxyselen-selenium-biodisponible-vitamine-ace-30-comprimes-2\/#breadcrumb\"},\"inLanguage\":\"fr-FR\",\"potentialAction\":[{\"@type\":\"ReadAction\",\"target\":[\"https:\/\/paracherkaoui.ma\/index.php\/produit\/nutrimax-oxyselen-selenium-biodisponible-vitamine-ace-30-comprimes-2\/\"]}]},{\"@type\":\"ImageObject\",\"inLanguage\":\"fr-FR\",\"@id\":\"https:\/\/paracherkaoui.ma\/index.php\/produit\/nutrimax-oxyselen-selenium-biodisponible-vitamine-ace-30-comprimes-2\/#primaryimage\",\"url\":\"https:\/\/paracherkaoui.ma\/wp-content\/uploads\/2025\/12\/nutrimax-nutrimax-oxyselen-selenium-biodisponible-vitamine-ace-30-comprimes-complements-alimentaires.jpg\",\"contentUrl\":\"https:\/\/paracherkaoui.ma\/wp-content\/uploads\/2025\/12\/nutrimax-nutrimax-oxyselen-selenium-biodisponible-vitamine-ace-30-comprimes-complements-alimentaires.jpg\",\"width\":700,\"height\":700},{\"@type\":\"BreadcrumbList\",\"@id\":\"https:\/\/paracherkaoui.ma\/index.php\/produit\/nutrimax-oxyselen-selenium-biodisponible-vitamine-ace-30-comprimes-2\/#breadcrumb\",\"itemListElement\":[{\"@type\":\"ListItem\",\"position\":1,\"name\":\"Accueil\",\"item\":\"https:\/\/paracherkaoui.ma\/\"},{\"@type\":\"ListItem\",\"position\":2,\"name\":\"Boutique\",\"item\":\"https:\/\/paracherkaoui.ma\/index.php\/boutique\/\"},{\"@type\":\"ListItem\",\"position\":3,\"name\":\"NUTRIMAX OXYSELEN SELENIUM BIODISPONIBLE VITAMINE A,C,E 30 COMPRIMES\"}]},{\"@type\":\"WebSite\",\"@id\":\"https:\/\/paracherkaoui.ma\/#website\",\"url\":\"https:\/\/paracherkaoui.ma\/\",\"name\":\"Paracherkaoui.ma\",\"description\":\"Achetez en ligne sur Paracherkaoui.ma\",\"potentialAction\":[{\"@type\":\"SearchAction\",\"target\":{\"@type\":\"EntryPoint\",\"urlTemplate\":\"https:\/\/paracherkaoui.ma\/?s={search_term_string}\"},\"query-input\":{\"@type\":\"PropertyValueSpecification\",\"valueRequired\":true,\"valueName\":\"search_term_string\"}}],\"inLanguage\":\"fr-FR\"}]}<\/script>\r\n<!-- \/ Yoast SEO plugin. -->","yoast_head_json":{"title":"NUTRIMAX OXYSELEN SELENIUM BIODISPONIBLE VITAMINE A,C,E 30 COMPRIMES - Paracherkaoui.ma","robots":{"index":"index","follow":"follow","max-snippet":"max-snippet:-1","max-image-preview":"max-image-preview:large","max-video-preview":"max-video-preview:-1"},"canonical":"https:\/\/paracherkaoui.ma\/index.php\/produit\/nutrimax-oxyselen-selenium-biodisponible-vitamine-ace-30-comprimes-2\/","og_locale":"fr_FR","og_type":"article","og_title":"NUTRIMAX OXYSELEN SELENIUM BIODISPONIBLE VITAMINE A,C,E 30 COMPRIMES - Paracherkaoui.ma","og_description":"OXYSEL\u0415N, un compl\u00e9ment alimentaire richement fortifi\u00e9 en S\u00e9l\u00e9nium et en vitamines A, C et \u0415, r\u00e9put\u00e9s pour \u00eatre des antioxydants","og_url":"https:\/\/paracherkaoui.ma\/index.php\/produit\/nutrimax-oxyselen-selenium-biodisponible-vitamine-ace-30-comprimes-2\/","og_site_name":"Paracherkaoui.ma","article_modified_time":"2025-12-12T18:42:57+00:00","og_image":[{"width":700,"height":700,"url":"https:\/\/paracherkaoui.ma\/wp-content\/uploads\/2025\/12\/nutrimax-nutrimax-oxyselen-selenium-biodisponible-vitamine-ace-30-comprimes-complements-alimentaires.jpg","type":"image\/jpeg"}],"twitter_card":"summary_large_image","twitter_misc":{"Dur\u00e9e de lecture estim\u00e9e":"1 minute"},"schema":{"@context":"https:\/\/schema.org","@graph":[{"@type":"WebPage","@id":"https:\/\/paracherkaoui.ma\/index.php\/produit\/nutrimax-oxyselen-selenium-biodisponible-vitamine-ace-30-comprimes-2\/","url":"https:\/\/paracherkaoui.ma\/index.php\/produit\/nutrimax-oxyselen-selenium-biodisponible-vitamine-ace-30-comprimes-2\/","name":"NUTRIMAX OXYSELEN SELENIUM BIODISPONIBLE VITAMINE A,C,E 30 COMPRIMES - Paracherkaoui.ma","isPartOf":{"@id":"https:\/\/paracherkaoui.ma\/#website"},"primaryImageOfPage":{"@id":"https:\/\/paracherkaoui.ma\/index.php\/produit\/nutrimax-oxyselen-selenium-biodisponible-vitamine-ace-30-comprimes-2\/#primaryimage"},"image":{"@id":"https:\/\/paracherkaoui.ma\/index.php\/produit\/nutrimax-oxyselen-selenium-biodisponible-vitamine-ace-30-comprimes-2\/#primaryimage"},"thumbnailUrl":"https:\/\/paracherkaoui.ma\/wp-content\/uploads\/2025\/12\/nutrimax-nutrimax-oxyselen-selenium-biodisponible-vitamine-ace-30-comprimes-complements-alimentaires.jpg","datePublished":"2025-12-12T18:42:54+00:00","dateModified":"2025-12-12T18:42:57+00:00","breadcrumb":{"@id":"https:\/\/paracherkaoui.ma\/index.php\/produit\/nutrimax-oxyselen-selenium-biodisponible-vitamine-ace-30-comprimes-2\/#breadcrumb"},"inLanguage":"fr-FR","potentialAction":[{"@type":"ReadAction","target":["https:\/\/paracherkaoui.ma\/index.php\/produit\/nutrimax-oxyselen-selenium-biodisponible-vitamine-ace-30-comprimes-2\/"]}]},{"@type":"ImageObject","inLanguage":"fr-FR","@id":"https:\/\/paracherkaoui.ma\/index.php\/produit\/nutrimax-oxyselen-selenium-biodisponible-vitamine-ace-30-comprimes-2\/#primaryimage","url":"https:\/\/paracherkaoui.ma\/wp-content\/uploads\/2025\/12\/nutrimax-nutrimax-oxyselen-selenium-biodisponible-vitamine-ace-30-comprimes-complements-alimentaires.jpg","contentUrl":"https:\/\/paracherkaoui.ma\/wp-content\/uploads\/2025\/12\/nutrimax-nutrimax-oxyselen-selenium-biodisponible-vitamine-ace-30-comprimes-complements-alimentaires.jpg","width":700,"height":700},{"@type":"BreadcrumbList","@id":"https:\/\/paracherkaoui.ma\/index.php\/produit\/nutrimax-oxyselen-selenium-biodisponible-vitamine-ace-30-comprimes-2\/#breadcrumb","itemListElement":[{"@type":"ListItem","position":1,"name":"Accueil","item":"https:\/\/paracherkaoui.ma\/"},{"@type":"ListItem","position":2,"name":"Boutique","item":"https:\/\/paracherkaoui.ma\/index.php\/boutique\/"},{"@type":"ListItem","position":3,"name":"NUTRIMAX OXYSELEN SELENIUM BIODISPONIBLE VITAMINE A,C,E 30 COMPRIMES"}]},{"@type":"WebSite","@id":"https:\/\/paracherkaoui.ma\/#website","url":"https:\/\/paracherkaoui.ma\/","name":"Paracherkaoui.ma","description":"Achetez en ligne sur Paracherkaoui.ma","potentialAction":[{"@type":"SearchAction","target":{"@type":"EntryPoint","urlTemplate":"https:\/\/paracherkaoui.ma\/?s={search_term_string}"},"query-input":{"@type":"PropertyValueSpecification","valueRequired":true,"valueName":"search_term_string"}}],"inLanguage":"fr-FR"}]}},"_links":{"self":[{"href":"https:\/\/paracherkaoui.ma\/index.php\/wp-json\/wp\/v2\/product\/55197","targetHints":{"allow":["GET"]}}],"collection":[{"href":"https:\/\/paracherkaoui.ma\/index.php\/wp-json\/wp\/v2\/product"}],"about":[{"href":"https:\/\/paracherkaoui.ma\/index.php\/wp-json\/wp\/v2\/types\/product"}],"replies":[{"embeddable":true,"href":"https:\/\/paracherkaoui.ma\/index.php\/wp-json\/wp\/v2\/comments?post=55197"}],"version-history":[{"count":1,"href":"https:\/\/paracherkaoui.ma\/index.php\/wp-json\/wp\/v2\/product\/55197\/revisions"}],"predecessor-version":[{"id":55236,"href":"https:\/\/paracherkaoui.ma\/index.php\/wp-json\/wp\/v2\/product\/55197\/revisions\/55236"}],"wp:featuredmedia":[{"embeddable":true,"href":"https:\/\/paracherkaoui.ma\/index.php\/wp-json\/wp\/v2\/media\/55052"}],"wp:attachment":[{"href":"https:\/\/paracherkaoui.ma\/index.php\/wp-json\/wp\/v2\/media?parent=55197"}],"wp:term":[{"taxonomy":"product_brand","embeddable":true,"href":"https:\/\/paracherkaoui.ma\/index.php\/wp-json\/wp\/v2\/product_brand?post=55197"},{"taxonomy":"product_cat","embeddable":true,"href":"https:\/\/paracherkaoui.ma\/index.php\/wp-json\/wp\/v2\/product_cat?post=55197"},{"taxonomy":"product_tag","embeddable":true,"href":"https:\/\/paracherkaoui.ma\/index.php\/wp-json\/wp\/v2\/product_tag?post=55197"}],"curies":[{"name":"wp","href":"https:\/\/api.w.org\/{rel}","templated":true}]}}