{"id":55128,"date":"2025-12-12T19:42:44","date_gmt":"2025-12-12T18:42:44","guid":{"rendered":"https:\/\/test.ecbeaute.com\/?post_type=product&#038;p=55128"},"modified":"2025-12-12T19:42:52","modified_gmt":"2025-12-12T18:42:52","slug":"forcapil-cheveux-et-ongles-180-gelules","status":"publish","type":"product","link":"https:\/\/paracherkaoui.ma\/index.php\/produit\/forcapil-cheveux-et-ongles-180-gelules\/","title":{"rendered":"FORCAPIL CHEVEUX ET ONGLES 180 GELULES"},"content":{"rendered":"<p>Compl\u00e9ment alimentaire di\u00e9t\u00e9tique destin\u00e9 aux personnes souhaitant favoriser la croissance des cheveux et des ongles et renforcer leur vitalit\u00e9. Gr\u00e2ce \u00e0 un complexe vitaminique B, vitamine D, cystine, m\u00e9thionine, biotine et zinc, Forcapil favorise la croissance des cheveux, suite \u00e0 une chute ponctuelle due au stress et \u00e0 la fatigue, au d\u00e9s\u00e9quilibre alimentaire, aux carences en vitamines, \u00e0 l\u2019exc\u00e8s de s\u00e9bum\u2026 Il redonne vitalit\u00e9 et brillance \u00e0 votre chevelure et fortifie vos ongles.<\/p>\n<p>Conseils d&rsquo;utilisation:<\/p>\n<p>Pour favoriser la croissance des cheveux, suite \u00e0 une chute ponctuelle due au stress et \u00e0 la fatigue, au d\u00e9s\u00e9quilibre alimentaire, aux carences en vitamines, \u00e0 l\u2019exc\u00e8s de s\u00e9bum\u2026 Pour redonner vitalit\u00e9 et brillance \u00e0 votre chevelure. Pour fortifier vos ongles. 2 g\u00e9lules le matin pendant 2 \u00e0 4 mois. Avaler les g\u00e9lules avec un grand verre d\u2019eau. Bo\u00eete de 60 g\u00e9lules. Existe aussi en bo\u00eete de 180 g\u00e9lules. Ne pas d\u00e9passer la dose journali\u00e8re recommand\u00e9e. Ne pas laisser \u00e0 la port\u00e9e des jeunes enfants. FORCAPIL doit \u00eatre utilis\u00e9 en compl\u00e9ment d\u2019une alimentation vari\u00e9e.<\/p>\n","protected":false},"excerpt":{"rendered":"<p>Compl\u00e9ment alimentaire di\u00e9t\u00e9tique destin\u00e9 aux personnes souhaitant favoriser la croissance des cheveux et des ongles et renforcer leur vitalit\u00e9. Gr\u00e2ce<\/p>\n","protected":false},"featured_media":55179,"comment_status":"open","ping_status":"closed","template":"","meta":[],"product_brand":[264],"product_cat":[1066],"product_tag":[],"class_list":{"0":"post-55128","1":"product","2":"type-product","3":"status-publish","4":"has-post-thumbnail","6":"product_brand-forcapil","7":"product_cat-complements-cheveux-et-ongles","9":"first","10":"instock","11":"sale","12":"shipping-taxable","13":"purchasable","14":"product-type-simple"},"yoast_head":"<!-- This site is optimized with the Yoast SEO plugin v26.6 - https:\/\/yoast.com\/wordpress\/plugins\/seo\/ -->\r\n<title>FORCAPIL CHEVEUX ET ONGLES 180 GELULES - Paracherkaoui.ma<\/title>\r\n<meta name=\"robots\" content=\"index, follow, max-snippet:-1, max-image-preview:large, max-video-preview:-1\" \/>\r\n<link rel=\"canonical\" href=\"https:\/\/paracherkaoui.ma\/index.php\/produit\/forcapil-cheveux-et-ongles-180-gelules\/\" \/>\r\n<meta property=\"og:locale\" content=\"fr_FR\" \/>\r\n<meta property=\"og:type\" content=\"article\" \/>\r\n<meta property=\"og:title\" content=\"FORCAPIL CHEVEUX ET ONGLES 180 GELULES - Paracherkaoui.ma\" \/>\r\n<meta property=\"og:description\" content=\"Compl\u00e9ment alimentaire di\u00e9t\u00e9tique destin\u00e9 aux personnes souhaitant favoriser la croissance des cheveux et des ongles et renforcer leur vitalit\u00e9. Gr\u00e2ce\" \/>\r\n<meta property=\"og:url\" content=\"https:\/\/paracherkaoui.ma\/index.php\/produit\/forcapil-cheveux-et-ongles-180-gelules\/\" \/>\r\n<meta property=\"og:site_name\" content=\"Paracherkaoui.ma\" \/>\r\n<meta property=\"article:modified_time\" content=\"2025-12-12T18:42:52+00:00\" \/>\r\n<meta property=\"og:image\" content=\"https:\/\/paracherkaoui.ma\/wp-content\/uploads\/2025\/12\/forcapil-forcapil-cheveux-et-ongles-180-gelules-complements-cheveux-et-ongles.jpg\" \/>\r\n\t<meta property=\"og:image:width\" content=\"700\" \/>\r\n\t<meta property=\"og:image:height\" content=\"700\" \/>\r\n\t<meta property=\"og:image:type\" content=\"image\/jpeg\" \/>\r\n<meta name=\"twitter:card\" content=\"summary_large_image\" \/>\r\n<meta name=\"twitter:label1\" content=\"Dur\u00e9e de lecture estim\u00e9e\" \/>\n\t<meta name=\"twitter:data1\" content=\"1 minute\" \/>\r\n<script type=\"application\/ld+json\" class=\"yoast-schema-graph\">{\"@context\":\"https:\/\/schema.org\",\"@graph\":[{\"@type\":\"WebPage\",\"@id\":\"https:\/\/paracherkaoui.ma\/index.php\/produit\/forcapil-cheveux-et-ongles-180-gelules\/\",\"url\":\"https:\/\/paracherkaoui.ma\/index.php\/produit\/forcapil-cheveux-et-ongles-180-gelules\/\",\"name\":\"FORCAPIL CHEVEUX ET ONGLES 180 GELULES - Paracherkaoui.ma\",\"isPartOf\":{\"@id\":\"https:\/\/paracherkaoui.ma\/#website\"},\"primaryImageOfPage\":{\"@id\":\"https:\/\/paracherkaoui.ma\/index.php\/produit\/forcapil-cheveux-et-ongles-180-gelules\/#primaryimage\"},\"image\":{\"@id\":\"https:\/\/paracherkaoui.ma\/index.php\/produit\/forcapil-cheveux-et-ongles-180-gelules\/#primaryimage\"},\"thumbnailUrl\":\"https:\/\/paracherkaoui.ma\/wp-content\/uploads\/2025\/12\/forcapil-forcapil-cheveux-et-ongles-180-gelules-complements-cheveux-et-ongles.jpg\",\"datePublished\":\"2025-12-12T18:42:44+00:00\",\"dateModified\":\"2025-12-12T18:42:52+00:00\",\"breadcrumb\":{\"@id\":\"https:\/\/paracherkaoui.ma\/index.php\/produit\/forcapil-cheveux-et-ongles-180-gelules\/#breadcrumb\"},\"inLanguage\":\"fr-FR\",\"potentialAction\":[{\"@type\":\"ReadAction\",\"target\":[\"https:\/\/paracherkaoui.ma\/index.php\/produit\/forcapil-cheveux-et-ongles-180-gelules\/\"]}]},{\"@type\":\"ImageObject\",\"inLanguage\":\"fr-FR\",\"@id\":\"https:\/\/paracherkaoui.ma\/index.php\/produit\/forcapil-cheveux-et-ongles-180-gelules\/#primaryimage\",\"url\":\"https:\/\/paracherkaoui.ma\/wp-content\/uploads\/2025\/12\/forcapil-forcapil-cheveux-et-ongles-180-gelules-complements-cheveux-et-ongles.jpg\",\"contentUrl\":\"https:\/\/paracherkaoui.ma\/wp-content\/uploads\/2025\/12\/forcapil-forcapil-cheveux-et-ongles-180-gelules-complements-cheveux-et-ongles.jpg\",\"width\":700,\"height\":700},{\"@type\":\"BreadcrumbList\",\"@id\":\"https:\/\/paracherkaoui.ma\/index.php\/produit\/forcapil-cheveux-et-ongles-180-gelules\/#breadcrumb\",\"itemListElement\":[{\"@type\":\"ListItem\",\"position\":1,\"name\":\"Accueil\",\"item\":\"https:\/\/paracherkaoui.ma\/\"},{\"@type\":\"ListItem\",\"position\":2,\"name\":\"Boutique\",\"item\":\"https:\/\/paracherkaoui.ma\/index.php\/boutique\/\"},{\"@type\":\"ListItem\",\"position\":3,\"name\":\"FORCAPIL CHEVEUX ET ONGLES 180 GELULES\"}]},{\"@type\":\"WebSite\",\"@id\":\"https:\/\/paracherkaoui.ma\/#website\",\"url\":\"https:\/\/paracherkaoui.ma\/\",\"name\":\"Paracherkaoui.ma\",\"description\":\"Achetez en ligne sur Paracherkaoui.ma\",\"potentialAction\":[{\"@type\":\"SearchAction\",\"target\":{\"@type\":\"EntryPoint\",\"urlTemplate\":\"https:\/\/paracherkaoui.ma\/?s={search_term_string}\"},\"query-input\":{\"@type\":\"PropertyValueSpecification\",\"valueRequired\":true,\"valueName\":\"search_term_string\"}}],\"inLanguage\":\"fr-FR\"}]}<\/script>\r\n<!-- \/ Yoast SEO plugin. -->","yoast_head_json":{"title":"FORCAPIL CHEVEUX ET ONGLES 180 GELULES - Paracherkaoui.ma","robots":{"index":"index","follow":"follow","max-snippet":"max-snippet:-1","max-image-preview":"max-image-preview:large","max-video-preview":"max-video-preview:-1"},"canonical":"https:\/\/paracherkaoui.ma\/index.php\/produit\/forcapil-cheveux-et-ongles-180-gelules\/","og_locale":"fr_FR","og_type":"article","og_title":"FORCAPIL CHEVEUX ET ONGLES 180 GELULES - Paracherkaoui.ma","og_description":"Compl\u00e9ment alimentaire di\u00e9t\u00e9tique destin\u00e9 aux personnes souhaitant favoriser la croissance des cheveux et des ongles et renforcer leur vitalit\u00e9. Gr\u00e2ce","og_url":"https:\/\/paracherkaoui.ma\/index.php\/produit\/forcapil-cheveux-et-ongles-180-gelules\/","og_site_name":"Paracherkaoui.ma","article_modified_time":"2025-12-12T18:42:52+00:00","og_image":[{"width":700,"height":700,"url":"https:\/\/paracherkaoui.ma\/wp-content\/uploads\/2025\/12\/forcapil-forcapil-cheveux-et-ongles-180-gelules-complements-cheveux-et-ongles.jpg","type":"image\/jpeg"}],"twitter_card":"summary_large_image","twitter_misc":{"Dur\u00e9e de lecture estim\u00e9e":"1 minute"},"schema":{"@context":"https:\/\/schema.org","@graph":[{"@type":"WebPage","@id":"https:\/\/paracherkaoui.ma\/index.php\/produit\/forcapil-cheveux-et-ongles-180-gelules\/","url":"https:\/\/paracherkaoui.ma\/index.php\/produit\/forcapil-cheveux-et-ongles-180-gelules\/","name":"FORCAPIL CHEVEUX ET ONGLES 180 GELULES - Paracherkaoui.ma","isPartOf":{"@id":"https:\/\/paracherkaoui.ma\/#website"},"primaryImageOfPage":{"@id":"https:\/\/paracherkaoui.ma\/index.php\/produit\/forcapil-cheveux-et-ongles-180-gelules\/#primaryimage"},"image":{"@id":"https:\/\/paracherkaoui.ma\/index.php\/produit\/forcapil-cheveux-et-ongles-180-gelules\/#primaryimage"},"thumbnailUrl":"https:\/\/paracherkaoui.ma\/wp-content\/uploads\/2025\/12\/forcapil-forcapil-cheveux-et-ongles-180-gelules-complements-cheveux-et-ongles.jpg","datePublished":"2025-12-12T18:42:44+00:00","dateModified":"2025-12-12T18:42:52+00:00","breadcrumb":{"@id":"https:\/\/paracherkaoui.ma\/index.php\/produit\/forcapil-cheveux-et-ongles-180-gelules\/#breadcrumb"},"inLanguage":"fr-FR","potentialAction":[{"@type":"ReadAction","target":["https:\/\/paracherkaoui.ma\/index.php\/produit\/forcapil-cheveux-et-ongles-180-gelules\/"]}]},{"@type":"ImageObject","inLanguage":"fr-FR","@id":"https:\/\/paracherkaoui.ma\/index.php\/produit\/forcapil-cheveux-et-ongles-180-gelules\/#primaryimage","url":"https:\/\/paracherkaoui.ma\/wp-content\/uploads\/2025\/12\/forcapil-forcapil-cheveux-et-ongles-180-gelules-complements-cheveux-et-ongles.jpg","contentUrl":"https:\/\/paracherkaoui.ma\/wp-content\/uploads\/2025\/12\/forcapil-forcapil-cheveux-et-ongles-180-gelules-complements-cheveux-et-ongles.jpg","width":700,"height":700},{"@type":"BreadcrumbList","@id":"https:\/\/paracherkaoui.ma\/index.php\/produit\/forcapil-cheveux-et-ongles-180-gelules\/#breadcrumb","itemListElement":[{"@type":"ListItem","position":1,"name":"Accueil","item":"https:\/\/paracherkaoui.ma\/"},{"@type":"ListItem","position":2,"name":"Boutique","item":"https:\/\/paracherkaoui.ma\/index.php\/boutique\/"},{"@type":"ListItem","position":3,"name":"FORCAPIL CHEVEUX ET ONGLES 180 GELULES"}]},{"@type":"WebSite","@id":"https:\/\/paracherkaoui.ma\/#website","url":"https:\/\/paracherkaoui.ma\/","name":"Paracherkaoui.ma","description":"Achetez en ligne sur Paracherkaoui.ma","potentialAction":[{"@type":"SearchAction","target":{"@type":"EntryPoint","urlTemplate":"https:\/\/paracherkaoui.ma\/?s={search_term_string}"},"query-input":{"@type":"PropertyValueSpecification","valueRequired":true,"valueName":"search_term_string"}}],"inLanguage":"fr-FR"}]}},"_links":{"self":[{"href":"https:\/\/paracherkaoui.ma\/index.php\/wp-json\/wp\/v2\/product\/55128","targetHints":{"allow":["GET"]}}],"collection":[{"href":"https:\/\/paracherkaoui.ma\/index.php\/wp-json\/wp\/v2\/product"}],"about":[{"href":"https:\/\/paracherkaoui.ma\/index.php\/wp-json\/wp\/v2\/types\/product"}],"replies":[{"embeddable":true,"href":"https:\/\/paracherkaoui.ma\/index.php\/wp-json\/wp\/v2\/comments?post=55128"}],"version-history":[{"count":1,"href":"https:\/\/paracherkaoui.ma\/index.php\/wp-json\/wp\/v2\/product\/55128\/revisions"}],"predecessor-version":[{"id":55180,"href":"https:\/\/paracherkaoui.ma\/index.php\/wp-json\/wp\/v2\/product\/55128\/revisions\/55180"}],"wp:featuredmedia":[{"embeddable":true,"href":"https:\/\/paracherkaoui.ma\/index.php\/wp-json\/wp\/v2\/media\/55179"}],"wp:attachment":[{"href":"https:\/\/paracherkaoui.ma\/index.php\/wp-json\/wp\/v2\/media?parent=55128"}],"wp:term":[{"taxonomy":"product_brand","embeddable":true,"href":"https:\/\/paracherkaoui.ma\/index.php\/wp-json\/wp\/v2\/product_brand?post=55128"},{"taxonomy":"product_cat","embeddable":true,"href":"https:\/\/paracherkaoui.ma\/index.php\/wp-json\/wp\/v2\/product_cat?post=55128"},{"taxonomy":"product_tag","embeddable":true,"href":"https:\/\/paracherkaoui.ma\/index.php\/wp-json\/wp\/v2\/product_tag?post=55128"}],"curies":[{"name":"wp","href":"https:\/\/api.w.org\/{rel}","templated":true}]}}