{"id":55127,"date":"2025-12-12T19:42:44","date_gmt":"2025-12-12T18:42:44","guid":{"rendered":"https:\/\/test.ecbeaute.com\/?post_type=product&#038;p=55127"},"modified":"2025-12-12T19:42:52","modified_gmt":"2025-12-12T18:42:52","slug":"lysaskin-phanelys-complement-alimentaire-pour-les-cheveux","status":"publish","type":"product","link":"https:\/\/paracherkaoui.ma\/index.php\/produit\/lysaskin-phanelys-complement-alimentaire-pour-les-cheveux\/","title":{"rendered":"LYSASKIN PHANELYS COMPLEMENT ALIMENTAIRE POUR LES CHEVEUX"},"content":{"rendered":"<p>PHANELYS est un compl\u00e9ment alimentaire qui favorise la croissance et la qualit\u00e9 des ongles et des cheveux.<br \/>\nConseils d\u2019utilisation<br \/>\n2 g\u00e9lules par jour au cours d\u2019un repas pendant 2 mois minimum. A renouveler r\u00e9guli\u00e8rement au cours de l\u2019ann\u00e9e. Ne pas d\u00e9passer la dose journali\u00e8re recommand\u00e9e. Tenir hors de port\u00e9e des jeunes enfants. Un compl\u00e9ment alimentaire ne doit pas se substituer \u00e0 une alimentation vari\u00e9e et \u00e9quilibr\u00e9e et \u00e0 un mode de vie sain. A conserver \u00e0 l\u2019abri de la chaleur et de l\u2019humidit\u00e9.<\/p>\n","protected":false},"excerpt":{"rendered":"<p>PHANELYS est un compl\u00e9ment alimentaire qui favorise la croissance et la qualit\u00e9 des ongles et des cheveux. Conseils d\u2019utilisation 2<\/p>\n","protected":false},"featured_media":55177,"comment_status":"open","ping_status":"closed","template":"","meta":[],"product_brand":[318],"product_cat":[1066],"product_tag":[],"class_list":{"0":"post-55127","1":"product","2":"type-product","3":"status-publish","4":"has-post-thumbnail","6":"product_brand-lysaskin-laboratoires","7":"product_cat-complements-cheveux-et-ongles","9":"first","10":"instock","11":"sale","12":"shipping-taxable","13":"purchasable","14":"product-type-simple"},"yoast_head":"<!-- This site is optimized with the Yoast SEO plugin v26.6 - https:\/\/yoast.com\/wordpress\/plugins\/seo\/ -->\r\n<title>LYSASKIN PHANELYS COMPLEMENT ALIMENTAIRE POUR LES CHEVEUX - Paracherkaoui.ma<\/title>\r\n<meta name=\"robots\" content=\"index, follow, max-snippet:-1, max-image-preview:large, max-video-preview:-1\" \/>\r\n<link rel=\"canonical\" href=\"https:\/\/paracherkaoui.ma\/index.php\/produit\/lysaskin-phanelys-complement-alimentaire-pour-les-cheveux\/\" \/>\r\n<meta property=\"og:locale\" content=\"fr_FR\" \/>\r\n<meta property=\"og:type\" content=\"article\" \/>\r\n<meta property=\"og:title\" content=\"LYSASKIN PHANELYS COMPLEMENT ALIMENTAIRE POUR LES CHEVEUX - Paracherkaoui.ma\" \/>\r\n<meta property=\"og:description\" content=\"PHANELYS est un compl\u00e9ment alimentaire qui favorise la croissance et la qualit\u00e9 des ongles et des cheveux. Conseils d\u2019utilisation 2\" \/>\r\n<meta property=\"og:url\" content=\"https:\/\/paracherkaoui.ma\/index.php\/produit\/lysaskin-phanelys-complement-alimentaire-pour-les-cheveux\/\" \/>\r\n<meta property=\"og:site_name\" content=\"Paracherkaoui.ma\" \/>\r\n<meta property=\"article:modified_time\" content=\"2025-12-12T18:42:52+00:00\" \/>\r\n<meta property=\"og:image\" content=\"https:\/\/paracherkaoui.ma\/wp-content\/uploads\/2025\/12\/lysaskin-phanelys-complement-alimentaire-pour-les-cheveux.jpg\" \/>\r\n\t<meta property=\"og:image:width\" content=\"700\" \/>\r\n\t<meta property=\"og:image:height\" content=\"700\" \/>\r\n\t<meta property=\"og:image:type\" content=\"image\/jpeg\" \/>\r\n<meta name=\"twitter:card\" content=\"summary_large_image\" \/>\r\n<script type=\"application\/ld+json\" class=\"yoast-schema-graph\">{\"@context\":\"https:\/\/schema.org\",\"@graph\":[{\"@type\":\"WebPage\",\"@id\":\"https:\/\/paracherkaoui.ma\/index.php\/produit\/lysaskin-phanelys-complement-alimentaire-pour-les-cheveux\/\",\"url\":\"https:\/\/paracherkaoui.ma\/index.php\/produit\/lysaskin-phanelys-complement-alimentaire-pour-les-cheveux\/\",\"name\":\"LYSASKIN PHANELYS COMPLEMENT ALIMENTAIRE POUR LES CHEVEUX - Paracherkaoui.ma\",\"isPartOf\":{\"@id\":\"https:\/\/paracherkaoui.ma\/#website\"},\"primaryImageOfPage\":{\"@id\":\"https:\/\/paracherkaoui.ma\/index.php\/produit\/lysaskin-phanelys-complement-alimentaire-pour-les-cheveux\/#primaryimage\"},\"image\":{\"@id\":\"https:\/\/paracherkaoui.ma\/index.php\/produit\/lysaskin-phanelys-complement-alimentaire-pour-les-cheveux\/#primaryimage\"},\"thumbnailUrl\":\"https:\/\/paracherkaoui.ma\/wp-content\/uploads\/2025\/12\/lysaskin-phanelys-complement-alimentaire-pour-les-cheveux.jpg\",\"datePublished\":\"2025-12-12T18:42:44+00:00\",\"dateModified\":\"2025-12-12T18:42:52+00:00\",\"breadcrumb\":{\"@id\":\"https:\/\/paracherkaoui.ma\/index.php\/produit\/lysaskin-phanelys-complement-alimentaire-pour-les-cheveux\/#breadcrumb\"},\"inLanguage\":\"fr-FR\",\"potentialAction\":[{\"@type\":\"ReadAction\",\"target\":[\"https:\/\/paracherkaoui.ma\/index.php\/produit\/lysaskin-phanelys-complement-alimentaire-pour-les-cheveux\/\"]}]},{\"@type\":\"ImageObject\",\"inLanguage\":\"fr-FR\",\"@id\":\"https:\/\/paracherkaoui.ma\/index.php\/produit\/lysaskin-phanelys-complement-alimentaire-pour-les-cheveux\/#primaryimage\",\"url\":\"https:\/\/paracherkaoui.ma\/wp-content\/uploads\/2025\/12\/lysaskin-phanelys-complement-alimentaire-pour-les-cheveux.jpg\",\"contentUrl\":\"https:\/\/paracherkaoui.ma\/wp-content\/uploads\/2025\/12\/lysaskin-phanelys-complement-alimentaire-pour-les-cheveux.jpg\",\"width\":700,\"height\":700},{\"@type\":\"BreadcrumbList\",\"@id\":\"https:\/\/paracherkaoui.ma\/index.php\/produit\/lysaskin-phanelys-complement-alimentaire-pour-les-cheveux\/#breadcrumb\",\"itemListElement\":[{\"@type\":\"ListItem\",\"position\":1,\"name\":\"Accueil\",\"item\":\"https:\/\/paracherkaoui.ma\/\"},{\"@type\":\"ListItem\",\"position\":2,\"name\":\"Boutique\",\"item\":\"https:\/\/paracherkaoui.ma\/index.php\/boutique\/\"},{\"@type\":\"ListItem\",\"position\":3,\"name\":\"LYSASKIN PHANELYS COMPLEMENT ALIMENTAIRE POUR LES CHEVEUX\"}]},{\"@type\":\"WebSite\",\"@id\":\"https:\/\/paracherkaoui.ma\/#website\",\"url\":\"https:\/\/paracherkaoui.ma\/\",\"name\":\"Paracherkaoui.ma\",\"description\":\"Achetez en ligne sur Paracherkaoui.ma\",\"potentialAction\":[{\"@type\":\"SearchAction\",\"target\":{\"@type\":\"EntryPoint\",\"urlTemplate\":\"https:\/\/paracherkaoui.ma\/?s={search_term_string}\"},\"query-input\":{\"@type\":\"PropertyValueSpecification\",\"valueRequired\":true,\"valueName\":\"search_term_string\"}}],\"inLanguage\":\"fr-FR\"}]}<\/script>\r\n<!-- \/ Yoast SEO plugin. -->","yoast_head_json":{"title":"LYSASKIN PHANELYS COMPLEMENT ALIMENTAIRE POUR LES CHEVEUX - Paracherkaoui.ma","robots":{"index":"index","follow":"follow","max-snippet":"max-snippet:-1","max-image-preview":"max-image-preview:large","max-video-preview":"max-video-preview:-1"},"canonical":"https:\/\/paracherkaoui.ma\/index.php\/produit\/lysaskin-phanelys-complement-alimentaire-pour-les-cheveux\/","og_locale":"fr_FR","og_type":"article","og_title":"LYSASKIN PHANELYS COMPLEMENT ALIMENTAIRE POUR LES CHEVEUX - Paracherkaoui.ma","og_description":"PHANELYS est un compl\u00e9ment alimentaire qui favorise la croissance et la qualit\u00e9 des ongles et des cheveux. Conseils d\u2019utilisation 2","og_url":"https:\/\/paracherkaoui.ma\/index.php\/produit\/lysaskin-phanelys-complement-alimentaire-pour-les-cheveux\/","og_site_name":"Paracherkaoui.ma","article_modified_time":"2025-12-12T18:42:52+00:00","og_image":[{"width":700,"height":700,"url":"https:\/\/paracherkaoui.ma\/wp-content\/uploads\/2025\/12\/lysaskin-phanelys-complement-alimentaire-pour-les-cheveux.jpg","type":"image\/jpeg"}],"twitter_card":"summary_large_image","schema":{"@context":"https:\/\/schema.org","@graph":[{"@type":"WebPage","@id":"https:\/\/paracherkaoui.ma\/index.php\/produit\/lysaskin-phanelys-complement-alimentaire-pour-les-cheveux\/","url":"https:\/\/paracherkaoui.ma\/index.php\/produit\/lysaskin-phanelys-complement-alimentaire-pour-les-cheveux\/","name":"LYSASKIN PHANELYS COMPLEMENT ALIMENTAIRE POUR LES CHEVEUX - Paracherkaoui.ma","isPartOf":{"@id":"https:\/\/paracherkaoui.ma\/#website"},"primaryImageOfPage":{"@id":"https:\/\/paracherkaoui.ma\/index.php\/produit\/lysaskin-phanelys-complement-alimentaire-pour-les-cheveux\/#primaryimage"},"image":{"@id":"https:\/\/paracherkaoui.ma\/index.php\/produit\/lysaskin-phanelys-complement-alimentaire-pour-les-cheveux\/#primaryimage"},"thumbnailUrl":"https:\/\/paracherkaoui.ma\/wp-content\/uploads\/2025\/12\/lysaskin-phanelys-complement-alimentaire-pour-les-cheveux.jpg","datePublished":"2025-12-12T18:42:44+00:00","dateModified":"2025-12-12T18:42:52+00:00","breadcrumb":{"@id":"https:\/\/paracherkaoui.ma\/index.php\/produit\/lysaskin-phanelys-complement-alimentaire-pour-les-cheveux\/#breadcrumb"},"inLanguage":"fr-FR","potentialAction":[{"@type":"ReadAction","target":["https:\/\/paracherkaoui.ma\/index.php\/produit\/lysaskin-phanelys-complement-alimentaire-pour-les-cheveux\/"]}]},{"@type":"ImageObject","inLanguage":"fr-FR","@id":"https:\/\/paracherkaoui.ma\/index.php\/produit\/lysaskin-phanelys-complement-alimentaire-pour-les-cheveux\/#primaryimage","url":"https:\/\/paracherkaoui.ma\/wp-content\/uploads\/2025\/12\/lysaskin-phanelys-complement-alimentaire-pour-les-cheveux.jpg","contentUrl":"https:\/\/paracherkaoui.ma\/wp-content\/uploads\/2025\/12\/lysaskin-phanelys-complement-alimentaire-pour-les-cheveux.jpg","width":700,"height":700},{"@type":"BreadcrumbList","@id":"https:\/\/paracherkaoui.ma\/index.php\/produit\/lysaskin-phanelys-complement-alimentaire-pour-les-cheveux\/#breadcrumb","itemListElement":[{"@type":"ListItem","position":1,"name":"Accueil","item":"https:\/\/paracherkaoui.ma\/"},{"@type":"ListItem","position":2,"name":"Boutique","item":"https:\/\/paracherkaoui.ma\/index.php\/boutique\/"},{"@type":"ListItem","position":3,"name":"LYSASKIN PHANELYS COMPLEMENT ALIMENTAIRE POUR LES CHEVEUX"}]},{"@type":"WebSite","@id":"https:\/\/paracherkaoui.ma\/#website","url":"https:\/\/paracherkaoui.ma\/","name":"Paracherkaoui.ma","description":"Achetez en ligne sur Paracherkaoui.ma","potentialAction":[{"@type":"SearchAction","target":{"@type":"EntryPoint","urlTemplate":"https:\/\/paracherkaoui.ma\/?s={search_term_string}"},"query-input":{"@type":"PropertyValueSpecification","valueRequired":true,"valueName":"search_term_string"}}],"inLanguage":"fr-FR"}]}},"_links":{"self":[{"href":"https:\/\/paracherkaoui.ma\/index.php\/wp-json\/wp\/v2\/product\/55127","targetHints":{"allow":["GET"]}}],"collection":[{"href":"https:\/\/paracherkaoui.ma\/index.php\/wp-json\/wp\/v2\/product"}],"about":[{"href":"https:\/\/paracherkaoui.ma\/index.php\/wp-json\/wp\/v2\/types\/product"}],"replies":[{"embeddable":true,"href":"https:\/\/paracherkaoui.ma\/index.php\/wp-json\/wp\/v2\/comments?post=55127"}],"version-history":[{"count":1,"href":"https:\/\/paracherkaoui.ma\/index.php\/wp-json\/wp\/v2\/product\/55127\/revisions"}],"predecessor-version":[{"id":55178,"href":"https:\/\/paracherkaoui.ma\/index.php\/wp-json\/wp\/v2\/product\/55127\/revisions\/55178"}],"wp:featuredmedia":[{"embeddable":true,"href":"https:\/\/paracherkaoui.ma\/index.php\/wp-json\/wp\/v2\/media\/55177"}],"wp:attachment":[{"href":"https:\/\/paracherkaoui.ma\/index.php\/wp-json\/wp\/v2\/media?parent=55127"}],"wp:term":[{"taxonomy":"product_brand","embeddable":true,"href":"https:\/\/paracherkaoui.ma\/index.php\/wp-json\/wp\/v2\/product_brand?post=55127"},{"taxonomy":"product_cat","embeddable":true,"href":"https:\/\/paracherkaoui.ma\/index.php\/wp-json\/wp\/v2\/product_cat?post=55127"},{"taxonomy":"product_tag","embeddable":true,"href":"https:\/\/paracherkaoui.ma\/index.php\/wp-json\/wp\/v2\/product_tag?post=55127"}],"curies":[{"name":"wp","href":"https:\/\/api.w.org\/{rel}","templated":true}]}}