{"id":55116,"date":"2025-12-12T19:42:44","date_gmt":"2025-12-12T18:42:44","guid":{"rendered":"https:\/\/test.ecbeaute.com\/?post_type=product&#038;p=55116"},"modified":"2025-12-12T19:42:49","modified_gmt":"2025-12-12T18:42:49","slug":"capiderma-capiphan-60-capsules-vitamines-ongles-et-cheveux","status":"publish","type":"product","link":"https:\/\/paracherkaoui.ma\/index.php\/produit\/capiderma-capiphan-60-capsules-vitamines-ongles-et-cheveux\/","title":{"rendered":"CAPIDERMA CAPIPHAN 60 CAPSULES VITAMINES ONGLES ET CHEVEUX"},"content":{"rendered":"<p>Capiderma Capiphan (VITAMINES ONGLES ET CHEVEUX) Suppl\u00e9ment vitaminique et min\u00e9ral, stimule la croissance et r\u00e9g\u00e9n\u00e9rescence des phan\u00e8res. Formule bas\u00e9e sur un complexe riche en vitamines et min\u00e9raux. Aide \u00e0 la formation des tissus conjonctifs et des globules rouges, au maintien de la vue, de la peau et des fonctions immunitaires.<\/p>\n<p>Avantages<\/p>\n<p>&#8211; Stimule la croissance et la r\u00e9g\u00e9n\u00e9rescence des phan\u00e8res<\/p>\n<p>&#8211; Am\u00e9liore la force de repousse des cheveux et ongles cassants.<\/p>\n<p>&#8211; Formule compl\u00e8te riche en vitamines et min\u00e9raux indispensables \u00e0 la synth\u00e8se de la k\u00e9ratine.<\/p>\n<p>UTILISATION:<\/p>\n<p>Prendre 1 capsule, 2 fois par jour avec de la nourriture. Prendre quelques heures avant ou apr\u00e8s la prise d\u2019autres m\u00e9dicaments.<\/p>\n","protected":false},"excerpt":{"rendered":"<p>Capiderma Capiphan (VITAMINES ONGLES ET CHEVEUX) Suppl\u00e9ment vitaminique et min\u00e9ral, stimule la croissance et r\u00e9g\u00e9n\u00e9rescence des phan\u00e8res. Formule bas\u00e9e sur<\/p>\n","protected":false},"featured_media":55158,"comment_status":"open","ping_status":"closed","template":"","meta":[],"product_brand":[247],"product_cat":[1066],"product_tag":[],"class_list":{"0":"post-55116","1":"product","2":"type-product","3":"status-publish","4":"has-post-thumbnail","6":"product_brand-capiderma","7":"product_cat-complements-cheveux-et-ongles","9":"first","10":"instock","11":"sale","12":"shipping-taxable","13":"purchasable","14":"product-type-simple"},"yoast_head":"<!-- This site is optimized with the Yoast SEO plugin v26.6 - https:\/\/yoast.com\/wordpress\/plugins\/seo\/ -->\r\n<title>CAPIDERMA CAPIPHAN 60 CAPSULES VITAMINES ONGLES ET CHEVEUX - Paracherkaoui.ma<\/title>\r\n<meta name=\"robots\" content=\"index, follow, max-snippet:-1, max-image-preview:large, max-video-preview:-1\" \/>\r\n<link rel=\"canonical\" href=\"https:\/\/paracherkaoui.ma\/index.php\/produit\/capiderma-capiphan-60-capsules-vitamines-ongles-et-cheveux\/\" \/>\r\n<meta property=\"og:locale\" content=\"fr_FR\" \/>\r\n<meta property=\"og:type\" content=\"article\" \/>\r\n<meta property=\"og:title\" content=\"CAPIDERMA CAPIPHAN 60 CAPSULES VITAMINES ONGLES ET CHEVEUX - Paracherkaoui.ma\" \/>\r\n<meta property=\"og:description\" content=\"Capiderma Capiphan (VITAMINES ONGLES ET CHEVEUX) Suppl\u00e9ment vitaminique et min\u00e9ral, stimule la croissance et r\u00e9g\u00e9n\u00e9rescence des phan\u00e8res. Formule bas\u00e9e sur\" \/>\r\n<meta property=\"og:url\" content=\"https:\/\/paracherkaoui.ma\/index.php\/produit\/capiderma-capiphan-60-capsules-vitamines-ongles-et-cheveux\/\" \/>\r\n<meta property=\"og:site_name\" content=\"Paracherkaoui.ma\" \/>\r\n<meta property=\"article:modified_time\" content=\"2025-12-12T18:42:49+00:00\" \/>\r\n<meta property=\"og:image\" content=\"https:\/\/paracherkaoui.ma\/wp-content\/uploads\/2025\/12\/capiderma-capiderma-capiphan-60-capsules-vitamines-ongles-et-cheveux-complements-cheveux-et-ongles.jpg\" \/>\r\n\t<meta property=\"og:image:width\" content=\"700\" \/>\r\n\t<meta property=\"og:image:height\" content=\"700\" \/>\r\n\t<meta property=\"og:image:type\" content=\"image\/jpeg\" \/>\r\n<meta name=\"twitter:card\" content=\"summary_large_image\" \/>\r\n<meta name=\"twitter:label1\" content=\"Dur\u00e9e de lecture estim\u00e9e\" \/>\n\t<meta name=\"twitter:data1\" content=\"1 minute\" \/>\r\n<script type=\"application\/ld+json\" class=\"yoast-schema-graph\">{\"@context\":\"https:\/\/schema.org\",\"@graph\":[{\"@type\":\"WebPage\",\"@id\":\"https:\/\/paracherkaoui.ma\/index.php\/produit\/capiderma-capiphan-60-capsules-vitamines-ongles-et-cheveux\/\",\"url\":\"https:\/\/paracherkaoui.ma\/index.php\/produit\/capiderma-capiphan-60-capsules-vitamines-ongles-et-cheveux\/\",\"name\":\"CAPIDERMA CAPIPHAN 60 CAPSULES VITAMINES ONGLES ET CHEVEUX - Paracherkaoui.ma\",\"isPartOf\":{\"@id\":\"https:\/\/paracherkaoui.ma\/#website\"},\"primaryImageOfPage\":{\"@id\":\"https:\/\/paracherkaoui.ma\/index.php\/produit\/capiderma-capiphan-60-capsules-vitamines-ongles-et-cheveux\/#primaryimage\"},\"image\":{\"@id\":\"https:\/\/paracherkaoui.ma\/index.php\/produit\/capiderma-capiphan-60-capsules-vitamines-ongles-et-cheveux\/#primaryimage\"},\"thumbnailUrl\":\"https:\/\/paracherkaoui.ma\/wp-content\/uploads\/2025\/12\/capiderma-capiderma-capiphan-60-capsules-vitamines-ongles-et-cheveux-complements-cheveux-et-ongles.jpg\",\"datePublished\":\"2025-12-12T18:42:44+00:00\",\"dateModified\":\"2025-12-12T18:42:49+00:00\",\"breadcrumb\":{\"@id\":\"https:\/\/paracherkaoui.ma\/index.php\/produit\/capiderma-capiphan-60-capsules-vitamines-ongles-et-cheveux\/#breadcrumb\"},\"inLanguage\":\"fr-FR\",\"potentialAction\":[{\"@type\":\"ReadAction\",\"target\":[\"https:\/\/paracherkaoui.ma\/index.php\/produit\/capiderma-capiphan-60-capsules-vitamines-ongles-et-cheveux\/\"]}]},{\"@type\":\"ImageObject\",\"inLanguage\":\"fr-FR\",\"@id\":\"https:\/\/paracherkaoui.ma\/index.php\/produit\/capiderma-capiphan-60-capsules-vitamines-ongles-et-cheveux\/#primaryimage\",\"url\":\"https:\/\/paracherkaoui.ma\/wp-content\/uploads\/2025\/12\/capiderma-capiderma-capiphan-60-capsules-vitamines-ongles-et-cheveux-complements-cheveux-et-ongles.jpg\",\"contentUrl\":\"https:\/\/paracherkaoui.ma\/wp-content\/uploads\/2025\/12\/capiderma-capiderma-capiphan-60-capsules-vitamines-ongles-et-cheveux-complements-cheveux-et-ongles.jpg\",\"width\":700,\"height\":700},{\"@type\":\"BreadcrumbList\",\"@id\":\"https:\/\/paracherkaoui.ma\/index.php\/produit\/capiderma-capiphan-60-capsules-vitamines-ongles-et-cheveux\/#breadcrumb\",\"itemListElement\":[{\"@type\":\"ListItem\",\"position\":1,\"name\":\"Accueil\",\"item\":\"https:\/\/paracherkaoui.ma\/\"},{\"@type\":\"ListItem\",\"position\":2,\"name\":\"Boutique\",\"item\":\"https:\/\/paracherkaoui.ma\/index.php\/boutique\/\"},{\"@type\":\"ListItem\",\"position\":3,\"name\":\"CAPIDERMA CAPIPHAN 60 CAPSULES VITAMINES ONGLES ET CHEVEUX\"}]},{\"@type\":\"WebSite\",\"@id\":\"https:\/\/paracherkaoui.ma\/#website\",\"url\":\"https:\/\/paracherkaoui.ma\/\",\"name\":\"Paracherkaoui.ma\",\"description\":\"Achetez en ligne sur Paracherkaoui.ma\",\"potentialAction\":[{\"@type\":\"SearchAction\",\"target\":{\"@type\":\"EntryPoint\",\"urlTemplate\":\"https:\/\/paracherkaoui.ma\/?s={search_term_string}\"},\"query-input\":{\"@type\":\"PropertyValueSpecification\",\"valueRequired\":true,\"valueName\":\"search_term_string\"}}],\"inLanguage\":\"fr-FR\"}]}<\/script>\r\n<!-- \/ Yoast SEO plugin. -->","yoast_head_json":{"title":"CAPIDERMA CAPIPHAN 60 CAPSULES VITAMINES ONGLES ET CHEVEUX - Paracherkaoui.ma","robots":{"index":"index","follow":"follow","max-snippet":"max-snippet:-1","max-image-preview":"max-image-preview:large","max-video-preview":"max-video-preview:-1"},"canonical":"https:\/\/paracherkaoui.ma\/index.php\/produit\/capiderma-capiphan-60-capsules-vitamines-ongles-et-cheveux\/","og_locale":"fr_FR","og_type":"article","og_title":"CAPIDERMA CAPIPHAN 60 CAPSULES VITAMINES ONGLES ET CHEVEUX - Paracherkaoui.ma","og_description":"Capiderma Capiphan (VITAMINES ONGLES ET CHEVEUX) Suppl\u00e9ment vitaminique et min\u00e9ral, stimule la croissance et r\u00e9g\u00e9n\u00e9rescence des phan\u00e8res. Formule bas\u00e9e sur","og_url":"https:\/\/paracherkaoui.ma\/index.php\/produit\/capiderma-capiphan-60-capsules-vitamines-ongles-et-cheveux\/","og_site_name":"Paracherkaoui.ma","article_modified_time":"2025-12-12T18:42:49+00:00","og_image":[{"width":700,"height":700,"url":"https:\/\/paracherkaoui.ma\/wp-content\/uploads\/2025\/12\/capiderma-capiderma-capiphan-60-capsules-vitamines-ongles-et-cheveux-complements-cheveux-et-ongles.jpg","type":"image\/jpeg"}],"twitter_card":"summary_large_image","twitter_misc":{"Dur\u00e9e de lecture estim\u00e9e":"1 minute"},"schema":{"@context":"https:\/\/schema.org","@graph":[{"@type":"WebPage","@id":"https:\/\/paracherkaoui.ma\/index.php\/produit\/capiderma-capiphan-60-capsules-vitamines-ongles-et-cheveux\/","url":"https:\/\/paracherkaoui.ma\/index.php\/produit\/capiderma-capiphan-60-capsules-vitamines-ongles-et-cheveux\/","name":"CAPIDERMA CAPIPHAN 60 CAPSULES VITAMINES ONGLES ET CHEVEUX - Paracherkaoui.ma","isPartOf":{"@id":"https:\/\/paracherkaoui.ma\/#website"},"primaryImageOfPage":{"@id":"https:\/\/paracherkaoui.ma\/index.php\/produit\/capiderma-capiphan-60-capsules-vitamines-ongles-et-cheveux\/#primaryimage"},"image":{"@id":"https:\/\/paracherkaoui.ma\/index.php\/produit\/capiderma-capiphan-60-capsules-vitamines-ongles-et-cheveux\/#primaryimage"},"thumbnailUrl":"https:\/\/paracherkaoui.ma\/wp-content\/uploads\/2025\/12\/capiderma-capiderma-capiphan-60-capsules-vitamines-ongles-et-cheveux-complements-cheveux-et-ongles.jpg","datePublished":"2025-12-12T18:42:44+00:00","dateModified":"2025-12-12T18:42:49+00:00","breadcrumb":{"@id":"https:\/\/paracherkaoui.ma\/index.php\/produit\/capiderma-capiphan-60-capsules-vitamines-ongles-et-cheveux\/#breadcrumb"},"inLanguage":"fr-FR","potentialAction":[{"@type":"ReadAction","target":["https:\/\/paracherkaoui.ma\/index.php\/produit\/capiderma-capiphan-60-capsules-vitamines-ongles-et-cheveux\/"]}]},{"@type":"ImageObject","inLanguage":"fr-FR","@id":"https:\/\/paracherkaoui.ma\/index.php\/produit\/capiderma-capiphan-60-capsules-vitamines-ongles-et-cheveux\/#primaryimage","url":"https:\/\/paracherkaoui.ma\/wp-content\/uploads\/2025\/12\/capiderma-capiderma-capiphan-60-capsules-vitamines-ongles-et-cheveux-complements-cheveux-et-ongles.jpg","contentUrl":"https:\/\/paracherkaoui.ma\/wp-content\/uploads\/2025\/12\/capiderma-capiderma-capiphan-60-capsules-vitamines-ongles-et-cheveux-complements-cheveux-et-ongles.jpg","width":700,"height":700},{"@type":"BreadcrumbList","@id":"https:\/\/paracherkaoui.ma\/index.php\/produit\/capiderma-capiphan-60-capsules-vitamines-ongles-et-cheveux\/#breadcrumb","itemListElement":[{"@type":"ListItem","position":1,"name":"Accueil","item":"https:\/\/paracherkaoui.ma\/"},{"@type":"ListItem","position":2,"name":"Boutique","item":"https:\/\/paracherkaoui.ma\/index.php\/boutique\/"},{"@type":"ListItem","position":3,"name":"CAPIDERMA CAPIPHAN 60 CAPSULES VITAMINES ONGLES ET CHEVEUX"}]},{"@type":"WebSite","@id":"https:\/\/paracherkaoui.ma\/#website","url":"https:\/\/paracherkaoui.ma\/","name":"Paracherkaoui.ma","description":"Achetez en ligne sur Paracherkaoui.ma","potentialAction":[{"@type":"SearchAction","target":{"@type":"EntryPoint","urlTemplate":"https:\/\/paracherkaoui.ma\/?s={search_term_string}"},"query-input":{"@type":"PropertyValueSpecification","valueRequired":true,"valueName":"search_term_string"}}],"inLanguage":"fr-FR"}]}},"_links":{"self":[{"href":"https:\/\/paracherkaoui.ma\/index.php\/wp-json\/wp\/v2\/product\/55116","targetHints":{"allow":["GET"]}}],"collection":[{"href":"https:\/\/paracherkaoui.ma\/index.php\/wp-json\/wp\/v2\/product"}],"about":[{"href":"https:\/\/paracherkaoui.ma\/index.php\/wp-json\/wp\/v2\/types\/product"}],"replies":[{"embeddable":true,"href":"https:\/\/paracherkaoui.ma\/index.php\/wp-json\/wp\/v2\/comments?post=55116"}],"version-history":[{"count":1,"href":"https:\/\/paracherkaoui.ma\/index.php\/wp-json\/wp\/v2\/product\/55116\/revisions"}],"predecessor-version":[{"id":55159,"href":"https:\/\/paracherkaoui.ma\/index.php\/wp-json\/wp\/v2\/product\/55116\/revisions\/55159"}],"wp:featuredmedia":[{"embeddable":true,"href":"https:\/\/paracherkaoui.ma\/index.php\/wp-json\/wp\/v2\/media\/55158"}],"wp:attachment":[{"href":"https:\/\/paracherkaoui.ma\/index.php\/wp-json\/wp\/v2\/media?parent=55116"}],"wp:term":[{"taxonomy":"product_brand","embeddable":true,"href":"https:\/\/paracherkaoui.ma\/index.php\/wp-json\/wp\/v2\/product_brand?post=55116"},{"taxonomy":"product_cat","embeddable":true,"href":"https:\/\/paracherkaoui.ma\/index.php\/wp-json\/wp\/v2\/product_cat?post=55116"},{"taxonomy":"product_tag","embeddable":true,"href":"https:\/\/paracherkaoui.ma\/index.php\/wp-json\/wp\/v2\/product_tag?post=55116"}],"curies":[{"name":"wp","href":"https:\/\/api.w.org\/{rel}","templated":true}]}}