{"id":55107,"date":"2025-12-12T19:42:43","date_gmt":"2025-12-12T18:42:43","guid":{"rendered":"https:\/\/test.ecbeaute.com\/?post_type=product&#038;p=55107"},"modified":"2025-12-12T19:42:46","modified_gmt":"2025-12-12T18:42:46","slug":"oxyprolane-eclat-du-teint-30-gelules","status":"publish","type":"product","link":"https:\/\/paracherkaoui.ma\/index.php\/produit\/oxyprolane-eclat-du-teint-30-gelules\/","title":{"rendered":"OXYPROLANE ECLAT DU TEINT 30 GELULES"},"content":{"rendered":"<p>Envie d\u2019un teint plus lumineux, plus frais et plus uniforme ? Oxyprolane \u00c9clat du Teint est le compl\u00e9ment alimentaire id\u00e9al pour r\u00e9v\u00e9ler l\u2019\u00e9clat naturel de votre peau. Gr\u00e2ce \u00e0 une formule exclusive associant s\u00e9l\u00e9nium, vitamine B3, extrait de grenade et SkinAx2\u00ae, il agit en profondeur pour raviver votre teint, att\u00e9nuer les irr\u00e9gularit\u00e9s et am\u00e9liorer la fermet\u00e9 de la peau.<br \/>\nValid\u00e9 par une \u00e9tude clinique men\u00e9e sur 8 semaines aupr\u00e8s de 35 femmes \u00e2g\u00e9es de 40 \u00e0 70 ans, ce compl\u00e9ment a d\u00e9montr\u00e9 une efficacit\u00e9 impressionnante :<br \/>\n+26% de luminosit\u00e9 pour un teint \u00e9clatant<br \/>\n-22% de coloration terne pour un effet bonne mine<br \/>\nTeint plus homog\u00e8ne et uniforme<br \/>\n+50% de fermet\u00e9 cutan\u00e9e<br \/>\nGr\u00e2ce \u00e0 son puissant complexe d\u2019antioxydants et d\u2019actifs brevet\u00e9s, Oxyprolane \u00c9clat du Teint prot\u00e8ge la peau des agressions ext\u00e9rieures, pr\u00e9serve son \u00e9lasticit\u00e9 et stimule la microcirculation cutan\u00e9e pour une peau visiblement plus jeune et rayonnante.<br \/>\nBienfaits d\u2019Oxyprolane \u00c9clat du Teint<br \/>\nRavive l\u2019\u00e9clat naturel du teint<br \/>\nUniformise et illumine la peau<br \/>\nProt\u00e8ge du stress oxydatif et du vieillissement<br \/>\nAm\u00e9liore la fermet\u00e9 et l\u2019\u00e9lasticit\u00e9 cutan\u00e9e<br \/>\nAide \u00e0 lutter contre le teint terne et fatigu\u00e9<br \/>\nConseils d\u2019utilisation :<br \/>\nPrendre 1 g\u00e9lule par jour, avec un grand verre d\u2019eau.<br \/>\nCure recommand\u00e9e de 8 semaines pour des r\u00e9sultats visibles.<br \/>\nAssociez-le \u00e0 une alimentation riche en antioxydants pour maximiser les effets.<br \/>\nPensez \u00e0 bien hydrater votre peau pour renforcer son \u00e9clat.<br \/>\nComposition :<br \/>\nSkinAx2 [extrait de p\u00e9pin de raisin (Vitis vinifera), citrate de zinc, vitamine C enrob\u00e9e (acide l ascorbique, agent d\u2019enrobage : \u00e9thylcellulose], extrait de fruit de melon (Cucumis melo)) g\u00e9lule v\u00e9g\u00e9tale (agent d\u2019enrobage : hydroxypropylm\u00e9thylcellulose), maltodextrine, L-arginine, extrait de fruit de grenade (Punica granatum), N-ac\u00e9tyl-L cyst\u00e9ine, antigglom\u00e9rant : sels de magn\u00e9sium d\u2019acides gras, vitamine B3 (nicotinamide), levure enrichie en s\u00e9l\u00e9nium.<\/p>\n","protected":false},"excerpt":{"rendered":"<p>Envie d\u2019un teint plus lumineux, plus frais et plus uniforme ? Oxyprolane \u00c9clat du Teint est le compl\u00e9ment alimentaire id\u00e9al<\/p>\n","protected":false},"featured_media":55141,"comment_status":"open","ping_status":"closed","template":"","meta":[],"product_brand":[249],"product_cat":[1060],"product_tag":[],"class_list":{"0":"post-55107","1":"product","2":"type-product","3":"status-publish","4":"has-post-thumbnail","6":"product_brand-marque-inconnue","7":"product_cat-complements-alimentaires-anti-age","9":"first","10":"instock","11":"sale","12":"shipping-taxable","13":"purchasable","14":"product-type-simple"},"yoast_head":"<!-- This site is optimized with the Yoast SEO plugin v26.6 - https:\/\/yoast.com\/wordpress\/plugins\/seo\/ -->\r\n<title>OXYPROLANE ECLAT DU TEINT 30 GELULES - Paracherkaoui.ma<\/title>\r\n<meta name=\"robots\" content=\"index, follow, max-snippet:-1, max-image-preview:large, max-video-preview:-1\" \/>\r\n<link rel=\"canonical\" href=\"https:\/\/paracherkaoui.ma\/index.php\/produit\/oxyprolane-eclat-du-teint-30-gelules\/\" \/>\r\n<meta property=\"og:locale\" content=\"fr_FR\" \/>\r\n<meta property=\"og:type\" content=\"article\" \/>\r\n<meta property=\"og:title\" content=\"OXYPROLANE ECLAT DU TEINT 30 GELULES - Paracherkaoui.ma\" \/>\r\n<meta property=\"og:description\" content=\"Envie d\u2019un teint plus lumineux, plus frais et plus uniforme ? Oxyprolane \u00c9clat du Teint est le compl\u00e9ment alimentaire id\u00e9al\" \/>\r\n<meta property=\"og:url\" content=\"https:\/\/paracherkaoui.ma\/index.php\/produit\/oxyprolane-eclat-du-teint-30-gelules\/\" \/>\r\n<meta property=\"og:site_name\" content=\"Paracherkaoui.ma\" \/>\r\n<meta property=\"article:modified_time\" content=\"2025-12-12T18:42:46+00:00\" \/>\r\n<meta property=\"og:image\" content=\"https:\/\/paracherkaoui.ma\/wp-content\/uploads\/2025\/12\/oxyprolane-eclat-du-teint-30-gelules.jpg\" \/>\r\n\t<meta property=\"og:image:width\" content=\"700\" \/>\r\n\t<meta property=\"og:image:height\" content=\"700\" \/>\r\n\t<meta property=\"og:image:type\" content=\"image\/jpeg\" \/>\r\n<meta name=\"twitter:card\" content=\"summary_large_image\" \/>\r\n<meta name=\"twitter:label1\" content=\"Dur\u00e9e de lecture estim\u00e9e\" \/>\n\t<meta name=\"twitter:data1\" content=\"2 minutes\" \/>\r\n<script type=\"application\/ld+json\" class=\"yoast-schema-graph\">{\"@context\":\"https:\/\/schema.org\",\"@graph\":[{\"@type\":\"WebPage\",\"@id\":\"https:\/\/paracherkaoui.ma\/index.php\/produit\/oxyprolane-eclat-du-teint-30-gelules\/\",\"url\":\"https:\/\/paracherkaoui.ma\/index.php\/produit\/oxyprolane-eclat-du-teint-30-gelules\/\",\"name\":\"OXYPROLANE ECLAT DU TEINT 30 GELULES - Paracherkaoui.ma\",\"isPartOf\":{\"@id\":\"https:\/\/paracherkaoui.ma\/#website\"},\"primaryImageOfPage\":{\"@id\":\"https:\/\/paracherkaoui.ma\/index.php\/produit\/oxyprolane-eclat-du-teint-30-gelules\/#primaryimage\"},\"image\":{\"@id\":\"https:\/\/paracherkaoui.ma\/index.php\/produit\/oxyprolane-eclat-du-teint-30-gelules\/#primaryimage\"},\"thumbnailUrl\":\"https:\/\/paracherkaoui.ma\/wp-content\/uploads\/2025\/12\/oxyprolane-eclat-du-teint-30-gelules.jpg\",\"datePublished\":\"2025-12-12T18:42:43+00:00\",\"dateModified\":\"2025-12-12T18:42:46+00:00\",\"breadcrumb\":{\"@id\":\"https:\/\/paracherkaoui.ma\/index.php\/produit\/oxyprolane-eclat-du-teint-30-gelules\/#breadcrumb\"},\"inLanguage\":\"fr-FR\",\"potentialAction\":[{\"@type\":\"ReadAction\",\"target\":[\"https:\/\/paracherkaoui.ma\/index.php\/produit\/oxyprolane-eclat-du-teint-30-gelules\/\"]}]},{\"@type\":\"ImageObject\",\"inLanguage\":\"fr-FR\",\"@id\":\"https:\/\/paracherkaoui.ma\/index.php\/produit\/oxyprolane-eclat-du-teint-30-gelules\/#primaryimage\",\"url\":\"https:\/\/paracherkaoui.ma\/wp-content\/uploads\/2025\/12\/oxyprolane-eclat-du-teint-30-gelules.jpg\",\"contentUrl\":\"https:\/\/paracherkaoui.ma\/wp-content\/uploads\/2025\/12\/oxyprolane-eclat-du-teint-30-gelules.jpg\",\"width\":700,\"height\":700},{\"@type\":\"BreadcrumbList\",\"@id\":\"https:\/\/paracherkaoui.ma\/index.php\/produit\/oxyprolane-eclat-du-teint-30-gelules\/#breadcrumb\",\"itemListElement\":[{\"@type\":\"ListItem\",\"position\":1,\"name\":\"Accueil\",\"item\":\"https:\/\/paracherkaoui.ma\/\"},{\"@type\":\"ListItem\",\"position\":2,\"name\":\"Boutique\",\"item\":\"https:\/\/paracherkaoui.ma\/index.php\/boutique\/\"},{\"@type\":\"ListItem\",\"position\":3,\"name\":\"OXYPROLANE ECLAT DU TEINT 30 GELULES\"}]},{\"@type\":\"WebSite\",\"@id\":\"https:\/\/paracherkaoui.ma\/#website\",\"url\":\"https:\/\/paracherkaoui.ma\/\",\"name\":\"Paracherkaoui.ma\",\"description\":\"Achetez en ligne sur Paracherkaoui.ma\",\"potentialAction\":[{\"@type\":\"SearchAction\",\"target\":{\"@type\":\"EntryPoint\",\"urlTemplate\":\"https:\/\/paracherkaoui.ma\/?s={search_term_string}\"},\"query-input\":{\"@type\":\"PropertyValueSpecification\",\"valueRequired\":true,\"valueName\":\"search_term_string\"}}],\"inLanguage\":\"fr-FR\"}]}<\/script>\r\n<!-- \/ Yoast SEO plugin. -->","yoast_head_json":{"title":"OXYPROLANE ECLAT DU TEINT 30 GELULES - Paracherkaoui.ma","robots":{"index":"index","follow":"follow","max-snippet":"max-snippet:-1","max-image-preview":"max-image-preview:large","max-video-preview":"max-video-preview:-1"},"canonical":"https:\/\/paracherkaoui.ma\/index.php\/produit\/oxyprolane-eclat-du-teint-30-gelules\/","og_locale":"fr_FR","og_type":"article","og_title":"OXYPROLANE ECLAT DU TEINT 30 GELULES - Paracherkaoui.ma","og_description":"Envie d\u2019un teint plus lumineux, plus frais et plus uniforme ? Oxyprolane \u00c9clat du Teint est le compl\u00e9ment alimentaire id\u00e9al","og_url":"https:\/\/paracherkaoui.ma\/index.php\/produit\/oxyprolane-eclat-du-teint-30-gelules\/","og_site_name":"Paracherkaoui.ma","article_modified_time":"2025-12-12T18:42:46+00:00","og_image":[{"width":700,"height":700,"url":"https:\/\/paracherkaoui.ma\/wp-content\/uploads\/2025\/12\/oxyprolane-eclat-du-teint-30-gelules.jpg","type":"image\/jpeg"}],"twitter_card":"summary_large_image","twitter_misc":{"Dur\u00e9e de lecture estim\u00e9e":"2 minutes"},"schema":{"@context":"https:\/\/schema.org","@graph":[{"@type":"WebPage","@id":"https:\/\/paracherkaoui.ma\/index.php\/produit\/oxyprolane-eclat-du-teint-30-gelules\/","url":"https:\/\/paracherkaoui.ma\/index.php\/produit\/oxyprolane-eclat-du-teint-30-gelules\/","name":"OXYPROLANE ECLAT DU TEINT 30 GELULES - Paracherkaoui.ma","isPartOf":{"@id":"https:\/\/paracherkaoui.ma\/#website"},"primaryImageOfPage":{"@id":"https:\/\/paracherkaoui.ma\/index.php\/produit\/oxyprolane-eclat-du-teint-30-gelules\/#primaryimage"},"image":{"@id":"https:\/\/paracherkaoui.ma\/index.php\/produit\/oxyprolane-eclat-du-teint-30-gelules\/#primaryimage"},"thumbnailUrl":"https:\/\/paracherkaoui.ma\/wp-content\/uploads\/2025\/12\/oxyprolane-eclat-du-teint-30-gelules.jpg","datePublished":"2025-12-12T18:42:43+00:00","dateModified":"2025-12-12T18:42:46+00:00","breadcrumb":{"@id":"https:\/\/paracherkaoui.ma\/index.php\/produit\/oxyprolane-eclat-du-teint-30-gelules\/#breadcrumb"},"inLanguage":"fr-FR","potentialAction":[{"@type":"ReadAction","target":["https:\/\/paracherkaoui.ma\/index.php\/produit\/oxyprolane-eclat-du-teint-30-gelules\/"]}]},{"@type":"ImageObject","inLanguage":"fr-FR","@id":"https:\/\/paracherkaoui.ma\/index.php\/produit\/oxyprolane-eclat-du-teint-30-gelules\/#primaryimage","url":"https:\/\/paracherkaoui.ma\/wp-content\/uploads\/2025\/12\/oxyprolane-eclat-du-teint-30-gelules.jpg","contentUrl":"https:\/\/paracherkaoui.ma\/wp-content\/uploads\/2025\/12\/oxyprolane-eclat-du-teint-30-gelules.jpg","width":700,"height":700},{"@type":"BreadcrumbList","@id":"https:\/\/paracherkaoui.ma\/index.php\/produit\/oxyprolane-eclat-du-teint-30-gelules\/#breadcrumb","itemListElement":[{"@type":"ListItem","position":1,"name":"Accueil","item":"https:\/\/paracherkaoui.ma\/"},{"@type":"ListItem","position":2,"name":"Boutique","item":"https:\/\/paracherkaoui.ma\/index.php\/boutique\/"},{"@type":"ListItem","position":3,"name":"OXYPROLANE ECLAT DU TEINT 30 GELULES"}]},{"@type":"WebSite","@id":"https:\/\/paracherkaoui.ma\/#website","url":"https:\/\/paracherkaoui.ma\/","name":"Paracherkaoui.ma","description":"Achetez en ligne sur Paracherkaoui.ma","potentialAction":[{"@type":"SearchAction","target":{"@type":"EntryPoint","urlTemplate":"https:\/\/paracherkaoui.ma\/?s={search_term_string}"},"query-input":{"@type":"PropertyValueSpecification","valueRequired":true,"valueName":"search_term_string"}}],"inLanguage":"fr-FR"}]}},"_links":{"self":[{"href":"https:\/\/paracherkaoui.ma\/index.php\/wp-json\/wp\/v2\/product\/55107","targetHints":{"allow":["GET"]}}],"collection":[{"href":"https:\/\/paracherkaoui.ma\/index.php\/wp-json\/wp\/v2\/product"}],"about":[{"href":"https:\/\/paracherkaoui.ma\/index.php\/wp-json\/wp\/v2\/types\/product"}],"replies":[{"embeddable":true,"href":"https:\/\/paracherkaoui.ma\/index.php\/wp-json\/wp\/v2\/comments?post=55107"}],"version-history":[{"count":1,"href":"https:\/\/paracherkaoui.ma\/index.php\/wp-json\/wp\/v2\/product\/55107\/revisions"}],"predecessor-version":[{"id":55142,"href":"https:\/\/paracherkaoui.ma\/index.php\/wp-json\/wp\/v2\/product\/55107\/revisions\/55142"}],"wp:featuredmedia":[{"embeddable":true,"href":"https:\/\/paracherkaoui.ma\/index.php\/wp-json\/wp\/v2\/media\/55141"}],"wp:attachment":[{"href":"https:\/\/paracherkaoui.ma\/index.php\/wp-json\/wp\/v2\/media?parent=55107"}],"wp:term":[{"taxonomy":"product_brand","embeddable":true,"href":"https:\/\/paracherkaoui.ma\/index.php\/wp-json\/wp\/v2\/product_brand?post=55107"},{"taxonomy":"product_cat","embeddable":true,"href":"https:\/\/paracherkaoui.ma\/index.php\/wp-json\/wp\/v2\/product_cat?post=55107"},{"taxonomy":"product_tag","embeddable":true,"href":"https:\/\/paracherkaoui.ma\/index.php\/wp-json\/wp\/v2\/product_tag?post=55107"}],"curies":[{"name":"wp","href":"https:\/\/api.w.org\/{rel}","templated":true}]}}