{"id":55042,"date":"2025-12-12T19:42:35","date_gmt":"2025-12-12T18:42:35","guid":{"rendered":"https:\/\/test.ecbeaute.com\/?post_type=product&#038;p=55042"},"modified":"2025-12-12T19:42:42","modified_gmt":"2025-12-12T18:42:42","slug":"vitabiotics-osteocare-calcium-magnesium-zinc-et-vitamine-d3-solution-buvable-200ml","status":"publish","type":"product","link":"https:\/\/paracherkaoui.ma\/index.php\/produit\/vitabiotics-osteocare-calcium-magnesium-zinc-et-vitamine-d3-solution-buvable-200ml\/","title":{"rendered":"VITABIOTICS OSTEOCARE CALCIUM MAGNESIUM ZINC ET VITAMINE D3 SOLUTION BUVABLE 200ML"},"content":{"rendered":"<p>Pour maintenir nos OS forts et sains, un certain nombre de mineraux et vitamines doivent etre pr\u00e9sents dans notre r\u00e9gime alimentaire quotidien. Plusieurs \u00e9tudes ont d\u00e9montr\u00e9 que l&rsquo;apport alimentaire quotidien en mineraux et vitamines est tr\u00e9s insuffisant.<\/p>\n<p>OSTECARE s&rsquo;est bas\u00e9 sur les derni\u00e9res recherches scientifiques pour d\u00e9velopper une formule qui pr\u00e9serve et renforce les OS et les dents.<\/p>\n<p>OSTEOCARE contient en forte concentration du Calcium.<\/p>\n<p>OSTEOCAR est l&rsquo;unique compl\u00e9ment alimentaire \u00e0 offrir l&rsquo;association synergique calcieum et magn\u00e9sium aux concentrations id\u00e9ales.<\/p>\n<p>OSTEOCARE Apporte:<\/p>\n<p>Plus de magn\u00e9sium que dans un litre de lait.<br \/>\nPlus de calcium que dans un quart de litre de lait.<br \/>\nDe la vitamine D et du Zinc.<\/p>\n","protected":false},"excerpt":{"rendered":"<p>Pour maintenir nos OS forts et sains, un certain nombre de mineraux et vitamines doivent etre pr\u00e9sents dans notre r\u00e9gime<\/p>\n","protected":false},"featured_media":55093,"comment_status":"open","ping_status":"closed","template":"","meta":[],"product_brand":[713],"product_cat":[1060],"product_tag":[],"class_list":{"0":"post-55042","1":"product","2":"type-product","3":"status-publish","4":"has-post-thumbnail","6":"product_brand-vitabiotics","7":"product_cat-complements-alimentaires-anti-age","9":"first","10":"instock","11":"sale","12":"shipping-taxable","13":"purchasable","14":"product-type-simple"},"yoast_head":"<!-- This site is optimized with the Yoast SEO plugin v26.6 - https:\/\/yoast.com\/wordpress\/plugins\/seo\/ -->\r\n<title>VITABIOTICS OSTEOCARE CALCIUM MAGNESIUM ZINC ET VITAMINE D3 SOLUTION BUVABLE 200ML - Paracherkaoui.ma<\/title>\r\n<meta name=\"robots\" content=\"index, follow, max-snippet:-1, max-image-preview:large, max-video-preview:-1\" \/>\r\n<link rel=\"canonical\" href=\"https:\/\/paracherkaoui.ma\/index.php\/produit\/vitabiotics-osteocare-calcium-magnesium-zinc-et-vitamine-d3-solution-buvable-200ml\/\" \/>\r\n<meta property=\"og:locale\" content=\"fr_FR\" \/>\r\n<meta property=\"og:type\" content=\"article\" \/>\r\n<meta property=\"og:title\" content=\"VITABIOTICS OSTEOCARE CALCIUM MAGNESIUM ZINC ET VITAMINE D3 SOLUTION BUVABLE 200ML - Paracherkaoui.ma\" \/>\r\n<meta property=\"og:description\" content=\"Pour maintenir nos OS forts et sains, un certain nombre de mineraux et vitamines doivent etre pr\u00e9sents dans notre r\u00e9gime\" \/>\r\n<meta property=\"og:url\" content=\"https:\/\/paracherkaoui.ma\/index.php\/produit\/vitabiotics-osteocare-calcium-magnesium-zinc-et-vitamine-d3-solution-buvable-200ml\/\" \/>\r\n<meta property=\"og:site_name\" content=\"Paracherkaoui.ma\" \/>\r\n<meta property=\"article:modified_time\" content=\"2025-12-12T18:42:42+00:00\" \/>\r\n<meta property=\"og:image\" content=\"https:\/\/paracherkaoui.ma\/wp-content\/uploads\/2025\/12\/vitabiotics-vitabiotics-osteocare-calcium-magnesium-zinc-et-vitamine-d3-solution-buvable-200ml-complements-anti-age.jpg\" \/>\r\n\t<meta property=\"og:image:width\" content=\"700\" \/>\r\n\t<meta property=\"og:image:height\" content=\"700\" \/>\r\n\t<meta property=\"og:image:type\" content=\"image\/jpeg\" \/>\r\n<meta name=\"twitter:card\" content=\"summary_large_image\" \/>\r\n<meta name=\"twitter:label1\" content=\"Dur\u00e9e de lecture estim\u00e9e\" \/>\n\t<meta name=\"twitter:data1\" content=\"1 minute\" \/>\r\n<script type=\"application\/ld+json\" class=\"yoast-schema-graph\">{\"@context\":\"https:\/\/schema.org\",\"@graph\":[{\"@type\":\"WebPage\",\"@id\":\"https:\/\/paracherkaoui.ma\/index.php\/produit\/vitabiotics-osteocare-calcium-magnesium-zinc-et-vitamine-d3-solution-buvable-200ml\/\",\"url\":\"https:\/\/paracherkaoui.ma\/index.php\/produit\/vitabiotics-osteocare-calcium-magnesium-zinc-et-vitamine-d3-solution-buvable-200ml\/\",\"name\":\"VITABIOTICS OSTEOCARE CALCIUM MAGNESIUM ZINC ET VITAMINE D3 SOLUTION BUVABLE 200ML - Paracherkaoui.ma\",\"isPartOf\":{\"@id\":\"https:\/\/paracherkaoui.ma\/#website\"},\"primaryImageOfPage\":{\"@id\":\"https:\/\/paracherkaoui.ma\/index.php\/produit\/vitabiotics-osteocare-calcium-magnesium-zinc-et-vitamine-d3-solution-buvable-200ml\/#primaryimage\"},\"image\":{\"@id\":\"https:\/\/paracherkaoui.ma\/index.php\/produit\/vitabiotics-osteocare-calcium-magnesium-zinc-et-vitamine-d3-solution-buvable-200ml\/#primaryimage\"},\"thumbnailUrl\":\"https:\/\/paracherkaoui.ma\/wp-content\/uploads\/2025\/12\/vitabiotics-vitabiotics-osteocare-calcium-magnesium-zinc-et-vitamine-d3-solution-buvable-200ml-complements-anti-age.jpg\",\"datePublished\":\"2025-12-12T18:42:35+00:00\",\"dateModified\":\"2025-12-12T18:42:42+00:00\",\"breadcrumb\":{\"@id\":\"https:\/\/paracherkaoui.ma\/index.php\/produit\/vitabiotics-osteocare-calcium-magnesium-zinc-et-vitamine-d3-solution-buvable-200ml\/#breadcrumb\"},\"inLanguage\":\"fr-FR\",\"potentialAction\":[{\"@type\":\"ReadAction\",\"target\":[\"https:\/\/paracherkaoui.ma\/index.php\/produit\/vitabiotics-osteocare-calcium-magnesium-zinc-et-vitamine-d3-solution-buvable-200ml\/\"]}]},{\"@type\":\"ImageObject\",\"inLanguage\":\"fr-FR\",\"@id\":\"https:\/\/paracherkaoui.ma\/index.php\/produit\/vitabiotics-osteocare-calcium-magnesium-zinc-et-vitamine-d3-solution-buvable-200ml\/#primaryimage\",\"url\":\"https:\/\/paracherkaoui.ma\/wp-content\/uploads\/2025\/12\/vitabiotics-vitabiotics-osteocare-calcium-magnesium-zinc-et-vitamine-d3-solution-buvable-200ml-complements-anti-age.jpg\",\"contentUrl\":\"https:\/\/paracherkaoui.ma\/wp-content\/uploads\/2025\/12\/vitabiotics-vitabiotics-osteocare-calcium-magnesium-zinc-et-vitamine-d3-solution-buvable-200ml-complements-anti-age.jpg\",\"width\":700,\"height\":700},{\"@type\":\"BreadcrumbList\",\"@id\":\"https:\/\/paracherkaoui.ma\/index.php\/produit\/vitabiotics-osteocare-calcium-magnesium-zinc-et-vitamine-d3-solution-buvable-200ml\/#breadcrumb\",\"itemListElement\":[{\"@type\":\"ListItem\",\"position\":1,\"name\":\"Accueil\",\"item\":\"https:\/\/paracherkaoui.ma\/\"},{\"@type\":\"ListItem\",\"position\":2,\"name\":\"Boutique\",\"item\":\"https:\/\/paracherkaoui.ma\/index.php\/boutique\/\"},{\"@type\":\"ListItem\",\"position\":3,\"name\":\"VITABIOTICS OSTEOCARE CALCIUM MAGNESIUM ZINC ET VITAMINE D3 SOLUTION BUVABLE 200ML\"}]},{\"@type\":\"WebSite\",\"@id\":\"https:\/\/paracherkaoui.ma\/#website\",\"url\":\"https:\/\/paracherkaoui.ma\/\",\"name\":\"Paracherkaoui.ma\",\"description\":\"Achetez en ligne sur Paracherkaoui.ma\",\"potentialAction\":[{\"@type\":\"SearchAction\",\"target\":{\"@type\":\"EntryPoint\",\"urlTemplate\":\"https:\/\/paracherkaoui.ma\/?s={search_term_string}\"},\"query-input\":{\"@type\":\"PropertyValueSpecification\",\"valueRequired\":true,\"valueName\":\"search_term_string\"}}],\"inLanguage\":\"fr-FR\"}]}<\/script>\r\n<!-- \/ Yoast SEO plugin. -->","yoast_head_json":{"title":"VITABIOTICS OSTEOCARE CALCIUM MAGNESIUM ZINC ET VITAMINE D3 SOLUTION BUVABLE 200ML - Paracherkaoui.ma","robots":{"index":"index","follow":"follow","max-snippet":"max-snippet:-1","max-image-preview":"max-image-preview:large","max-video-preview":"max-video-preview:-1"},"canonical":"https:\/\/paracherkaoui.ma\/index.php\/produit\/vitabiotics-osteocare-calcium-magnesium-zinc-et-vitamine-d3-solution-buvable-200ml\/","og_locale":"fr_FR","og_type":"article","og_title":"VITABIOTICS OSTEOCARE CALCIUM MAGNESIUM ZINC ET VITAMINE D3 SOLUTION BUVABLE 200ML - Paracherkaoui.ma","og_description":"Pour maintenir nos OS forts et sains, un certain nombre de mineraux et vitamines doivent etre pr\u00e9sents dans notre r\u00e9gime","og_url":"https:\/\/paracherkaoui.ma\/index.php\/produit\/vitabiotics-osteocare-calcium-magnesium-zinc-et-vitamine-d3-solution-buvable-200ml\/","og_site_name":"Paracherkaoui.ma","article_modified_time":"2025-12-12T18:42:42+00:00","og_image":[{"width":700,"height":700,"url":"https:\/\/paracherkaoui.ma\/wp-content\/uploads\/2025\/12\/vitabiotics-vitabiotics-osteocare-calcium-magnesium-zinc-et-vitamine-d3-solution-buvable-200ml-complements-anti-age.jpg","type":"image\/jpeg"}],"twitter_card":"summary_large_image","twitter_misc":{"Dur\u00e9e de lecture estim\u00e9e":"1 minute"},"schema":{"@context":"https:\/\/schema.org","@graph":[{"@type":"WebPage","@id":"https:\/\/paracherkaoui.ma\/index.php\/produit\/vitabiotics-osteocare-calcium-magnesium-zinc-et-vitamine-d3-solution-buvable-200ml\/","url":"https:\/\/paracherkaoui.ma\/index.php\/produit\/vitabiotics-osteocare-calcium-magnesium-zinc-et-vitamine-d3-solution-buvable-200ml\/","name":"VITABIOTICS OSTEOCARE CALCIUM MAGNESIUM ZINC ET VITAMINE D3 SOLUTION BUVABLE 200ML - Paracherkaoui.ma","isPartOf":{"@id":"https:\/\/paracherkaoui.ma\/#website"},"primaryImageOfPage":{"@id":"https:\/\/paracherkaoui.ma\/index.php\/produit\/vitabiotics-osteocare-calcium-magnesium-zinc-et-vitamine-d3-solution-buvable-200ml\/#primaryimage"},"image":{"@id":"https:\/\/paracherkaoui.ma\/index.php\/produit\/vitabiotics-osteocare-calcium-magnesium-zinc-et-vitamine-d3-solution-buvable-200ml\/#primaryimage"},"thumbnailUrl":"https:\/\/paracherkaoui.ma\/wp-content\/uploads\/2025\/12\/vitabiotics-vitabiotics-osteocare-calcium-magnesium-zinc-et-vitamine-d3-solution-buvable-200ml-complements-anti-age.jpg","datePublished":"2025-12-12T18:42:35+00:00","dateModified":"2025-12-12T18:42:42+00:00","breadcrumb":{"@id":"https:\/\/paracherkaoui.ma\/index.php\/produit\/vitabiotics-osteocare-calcium-magnesium-zinc-et-vitamine-d3-solution-buvable-200ml\/#breadcrumb"},"inLanguage":"fr-FR","potentialAction":[{"@type":"ReadAction","target":["https:\/\/paracherkaoui.ma\/index.php\/produit\/vitabiotics-osteocare-calcium-magnesium-zinc-et-vitamine-d3-solution-buvable-200ml\/"]}]},{"@type":"ImageObject","inLanguage":"fr-FR","@id":"https:\/\/paracherkaoui.ma\/index.php\/produit\/vitabiotics-osteocare-calcium-magnesium-zinc-et-vitamine-d3-solution-buvable-200ml\/#primaryimage","url":"https:\/\/paracherkaoui.ma\/wp-content\/uploads\/2025\/12\/vitabiotics-vitabiotics-osteocare-calcium-magnesium-zinc-et-vitamine-d3-solution-buvable-200ml-complements-anti-age.jpg","contentUrl":"https:\/\/paracherkaoui.ma\/wp-content\/uploads\/2025\/12\/vitabiotics-vitabiotics-osteocare-calcium-magnesium-zinc-et-vitamine-d3-solution-buvable-200ml-complements-anti-age.jpg","width":700,"height":700},{"@type":"BreadcrumbList","@id":"https:\/\/paracherkaoui.ma\/index.php\/produit\/vitabiotics-osteocare-calcium-magnesium-zinc-et-vitamine-d3-solution-buvable-200ml\/#breadcrumb","itemListElement":[{"@type":"ListItem","position":1,"name":"Accueil","item":"https:\/\/paracherkaoui.ma\/"},{"@type":"ListItem","position":2,"name":"Boutique","item":"https:\/\/paracherkaoui.ma\/index.php\/boutique\/"},{"@type":"ListItem","position":3,"name":"VITABIOTICS OSTEOCARE CALCIUM MAGNESIUM ZINC ET VITAMINE D3 SOLUTION BUVABLE 200ML"}]},{"@type":"WebSite","@id":"https:\/\/paracherkaoui.ma\/#website","url":"https:\/\/paracherkaoui.ma\/","name":"Paracherkaoui.ma","description":"Achetez en ligne sur Paracherkaoui.ma","potentialAction":[{"@type":"SearchAction","target":{"@type":"EntryPoint","urlTemplate":"https:\/\/paracherkaoui.ma\/?s={search_term_string}"},"query-input":{"@type":"PropertyValueSpecification","valueRequired":true,"valueName":"search_term_string"}}],"inLanguage":"fr-FR"}]}},"_links":{"self":[{"href":"https:\/\/paracherkaoui.ma\/index.php\/wp-json\/wp\/v2\/product\/55042","targetHints":{"allow":["GET"]}}],"collection":[{"href":"https:\/\/paracherkaoui.ma\/index.php\/wp-json\/wp\/v2\/product"}],"about":[{"href":"https:\/\/paracherkaoui.ma\/index.php\/wp-json\/wp\/v2\/types\/product"}],"replies":[{"embeddable":true,"href":"https:\/\/paracherkaoui.ma\/index.php\/wp-json\/wp\/v2\/comments?post=55042"}],"version-history":[{"count":1,"href":"https:\/\/paracherkaoui.ma\/index.php\/wp-json\/wp\/v2\/product\/55042\/revisions"}],"predecessor-version":[{"id":55094,"href":"https:\/\/paracherkaoui.ma\/index.php\/wp-json\/wp\/v2\/product\/55042\/revisions\/55094"}],"wp:featuredmedia":[{"embeddable":true,"href":"https:\/\/paracherkaoui.ma\/index.php\/wp-json\/wp\/v2\/media\/55093"}],"wp:attachment":[{"href":"https:\/\/paracherkaoui.ma\/index.php\/wp-json\/wp\/v2\/media?parent=55042"}],"wp:term":[{"taxonomy":"product_brand","embeddable":true,"href":"https:\/\/paracherkaoui.ma\/index.php\/wp-json\/wp\/v2\/product_brand?post=55042"},{"taxonomy":"product_cat","embeddable":true,"href":"https:\/\/paracherkaoui.ma\/index.php\/wp-json\/wp\/v2\/product_cat?post=55042"},{"taxonomy":"product_tag","embeddable":true,"href":"https:\/\/paracherkaoui.ma\/index.php\/wp-json\/wp\/v2\/product_tag?post=55042"}],"curies":[{"name":"wp","href":"https:\/\/api.w.org\/{rel}","templated":true}]}}