{"id":55035,"date":"2025-12-12T19:42:35","date_gmt":"2025-12-12T18:42:35","guid":{"rendered":"https:\/\/test.ecbeaute.com\/?post_type=product&#038;p=55035"},"modified":"2025-12-12T19:42:40","modified_gmt":"2025-12-12T18:42:40","slug":"belle-and-bio-anti-age-collagene-marin-120-gelules","status":"publish","type":"product","link":"https:\/\/paracherkaoui.ma\/index.php\/produit\/belle-and-bio-anti-age-collagene-marin-120-gelules\/","title":{"rendered":"BELLE AND BIO ANTI AGE COLLAGENE MARIN 120 GELULES"},"content":{"rendered":"<p>Avec l&rsquo;\u00e2ge, notre peau perd de sa capacit\u00e9 \u00e0 produire des mol\u00e9cules essentielles comme l&rsquo;acide hyaluronique, entra\u00eenant l&rsquo;apparition de rides, de ridules et un manque de fermet\u00e9. Le compl\u00e9ment alimentaire BELLE &#038; BIO Anti-\u00c2ge Acide Hyaluronique est votre alli\u00e9 pr\u00e9cieux pour combattre ces signes du vieillissement. Il est particuli\u00e8rement adapt\u00e9 pour les peaux matures, car il agit de l\u2019int\u00e9rieur pour apporter \u00e0 l\u2019organisme tous les bienfaits de l\u2019acide hyaluronique.<br \/>\nL&rsquo;acide hyaluronique est une mol\u00e9cule naturellement pr\u00e9sente dans notre peau, reconnue pour ses capacit\u00e9s exceptionnelles \u00e0 retenir l&rsquo;eau, agissant comme une v\u00e9ritable \u00e9ponge mol\u00e9culaire. En l&rsquo;apportant par voie interne, ce compl\u00e9ment aide \u00e0 :<br \/>\nHydrater la peau en profondeur : L&rsquo;acide hyaluronique attire et retient l&rsquo;eau dans les tissus, contribuant \u00e0 une hydratation optimale de l&rsquo;\u00e9piderme et du derme.<br \/>\nRepulper la peau : Une meilleure hydratation se traduit par une peau plus lisse, plus souple, et des rides et ridules visiblement moins marqu\u00e9es.<br \/>\nAm\u00e9liorer l&rsquo;\u00e9lasticit\u00e9 et la fermet\u00e9 : Il contribue \u00e0 soutenir la structure de la peau, lui redonnant tonicit\u00e9 et r\u00e9silience.<br \/>\nMais la force de ce compl\u00e9ment r\u00e9side dans son approche synergique. Il associe 4 actifs compl\u00e9mentaires pour une efficacit\u00e9 anti-\u00e2ge encore plus grande :<br \/>\nUn puissant antioxydant : Cet actif aide les cellules \u00e0 lutter contre le stress oxydatif, responsable du vieillissement pr\u00e9matur\u00e9 de la peau. Le stress oxydatif, caus\u00e9 par la pollution, les UV, le stress, endommage les cellules et acc\u00e9l\u00e8re l&rsquo;apparition des signes de l&rsquo;\u00e2ge. En le combattant, la peau est mieux prot\u00e9g\u00e9e et conserve sa vitalit\u00e9.<br \/>\nD&rsquo;autres ingr\u00e9dients cl\u00e9s : Ces actifs suppl\u00e9mentaires agissent en harmonie avec l&rsquo;acide hyaluronique pour am\u00e9liorer la r\u00e9g\u00e9n\u00e9ration cellulaire, soutenir la production de collag\u00e8ne, ou encore prot\u00e9ger la peau des agressions.<br \/>\nCe compl\u00e9ment contient des ingr\u00e9dients souvent retrouv\u00e9s dans le domaine de la cosm\u00e9tique, ce qui en fait un partenaire id\u00e9al de votre routine beaut\u00e9 externe. Il peut donc \u00eatre coupl\u00e9 \u00e0 une cr\u00e8me de la gamme Belle &#038; Bio (ou toute autre cr\u00e8me anti-\u00e2ge) afin d\u2019optimiser l\u2019effet interne par un apport externe.<br \/>\nConseils d&rsquo;utilisation :<br \/>\nR\u00e9f\u00e9rez-vous toujours aux instructions sp\u00e9cifiques figurant sur l&#8217;emballage du produit. La posologie standard est souvent de 1 \u00e0 2 g\u00e9lules par jour.<br \/>\nComposition :<br \/>\nAcide hyaluronique 210<br \/>\nEnveloppe d&rsquo;origine v\u00e9g\u00e9tale (HPMC)<br \/>\nJus de betterave rouge &#8211; Beta vulgaris L. 120<br \/>\nCollag\u00e8ne marin (poissons, crustac\u00e9s et mollusques ) 100<br \/>\nVitamine C 80 100<br \/>\nVitamine E 12 100<br \/>\nMaltodextrine (agent de charge)<br \/>\nAntiagglom\u00e9rant : sels de magnesium d&rsquo;acides gras<\/p>\n","protected":false},"excerpt":{"rendered":"<p>Avec l&rsquo;\u00e2ge, notre peau perd de sa capacit\u00e9 \u00e0 produire des mol\u00e9cules essentielles comme l&rsquo;acide hyaluronique, entra\u00eenant l&rsquo;apparition de rides,<\/p>\n","protected":false},"featured_media":55081,"comment_status":"open","ping_status":"closed","template":"","meta":[],"product_brand":[1063],"product_cat":[1060],"product_tag":[],"class_list":{"0":"post-55035","1":"product","2":"type-product","3":"status-publish","4":"has-post-thumbnail","6":"product_brand-belle-and-bio","7":"product_cat-complements-alimentaires-anti-age","9":"first","10":"instock","11":"shipping-taxable","12":"purchasable","13":"product-type-simple"},"yoast_head":"<!-- This site is optimized with the Yoast SEO plugin v26.6 - https:\/\/yoast.com\/wordpress\/plugins\/seo\/ -->\r\n<title>BELLE AND BIO ANTI AGE COLLAGENE MARIN 120 GELULES - Paracherkaoui.ma<\/title>\r\n<meta name=\"robots\" content=\"index, follow, max-snippet:-1, max-image-preview:large, max-video-preview:-1\" \/>\r\n<link rel=\"canonical\" href=\"https:\/\/paracherkaoui.ma\/index.php\/produit\/belle-and-bio-anti-age-collagene-marin-120-gelules\/\" \/>\r\n<meta property=\"og:locale\" content=\"fr_FR\" \/>\r\n<meta property=\"og:type\" content=\"article\" \/>\r\n<meta property=\"og:title\" content=\"BELLE AND BIO ANTI AGE COLLAGENE MARIN 120 GELULES - Paracherkaoui.ma\" \/>\r\n<meta property=\"og:description\" content=\"Avec l&rsquo;\u00e2ge, notre peau perd de sa capacit\u00e9 \u00e0 produire des mol\u00e9cules essentielles comme l&rsquo;acide hyaluronique, entra\u00eenant l&rsquo;apparition de rides,\" \/>\r\n<meta property=\"og:url\" content=\"https:\/\/paracherkaoui.ma\/index.php\/produit\/belle-and-bio-anti-age-collagene-marin-120-gelules\/\" \/>\r\n<meta property=\"og:site_name\" content=\"Paracherkaoui.ma\" \/>\r\n<meta property=\"article:modified_time\" content=\"2025-12-12T18:42:40+00:00\" \/>\r\n<meta property=\"og:image\" content=\"https:\/\/paracherkaoui.ma\/wp-content\/uploads\/2025\/12\/belle-and-bio-anti-age-collagene-marin-120-gelules.jpg\" \/>\r\n\t<meta property=\"og:image:width\" content=\"700\" \/>\r\n\t<meta property=\"og:image:height\" content=\"700\" \/>\r\n\t<meta property=\"og:image:type\" content=\"image\/jpeg\" \/>\r\n<meta name=\"twitter:card\" content=\"summary_large_image\" \/>\r\n<meta name=\"twitter:label1\" content=\"Dur\u00e9e de lecture estim\u00e9e\" \/>\n\t<meta name=\"twitter:data1\" content=\"2 minutes\" \/>\r\n<script type=\"application\/ld+json\" class=\"yoast-schema-graph\">{\"@context\":\"https:\/\/schema.org\",\"@graph\":[{\"@type\":\"WebPage\",\"@id\":\"https:\/\/paracherkaoui.ma\/index.php\/produit\/belle-and-bio-anti-age-collagene-marin-120-gelules\/\",\"url\":\"https:\/\/paracherkaoui.ma\/index.php\/produit\/belle-and-bio-anti-age-collagene-marin-120-gelules\/\",\"name\":\"BELLE AND BIO ANTI AGE COLLAGENE MARIN 120 GELULES - Paracherkaoui.ma\",\"isPartOf\":{\"@id\":\"https:\/\/paracherkaoui.ma\/#website\"},\"primaryImageOfPage\":{\"@id\":\"https:\/\/paracherkaoui.ma\/index.php\/produit\/belle-and-bio-anti-age-collagene-marin-120-gelules\/#primaryimage\"},\"image\":{\"@id\":\"https:\/\/paracherkaoui.ma\/index.php\/produit\/belle-and-bio-anti-age-collagene-marin-120-gelules\/#primaryimage\"},\"thumbnailUrl\":\"https:\/\/paracherkaoui.ma\/wp-content\/uploads\/2025\/12\/belle-and-bio-anti-age-collagene-marin-120-gelules.jpg\",\"datePublished\":\"2025-12-12T18:42:35+00:00\",\"dateModified\":\"2025-12-12T18:42:40+00:00\",\"breadcrumb\":{\"@id\":\"https:\/\/paracherkaoui.ma\/index.php\/produit\/belle-and-bio-anti-age-collagene-marin-120-gelules\/#breadcrumb\"},\"inLanguage\":\"fr-FR\",\"potentialAction\":[{\"@type\":\"ReadAction\",\"target\":[\"https:\/\/paracherkaoui.ma\/index.php\/produit\/belle-and-bio-anti-age-collagene-marin-120-gelules\/\"]}]},{\"@type\":\"ImageObject\",\"inLanguage\":\"fr-FR\",\"@id\":\"https:\/\/paracherkaoui.ma\/index.php\/produit\/belle-and-bio-anti-age-collagene-marin-120-gelules\/#primaryimage\",\"url\":\"https:\/\/paracherkaoui.ma\/wp-content\/uploads\/2025\/12\/belle-and-bio-anti-age-collagene-marin-120-gelules.jpg\",\"contentUrl\":\"https:\/\/paracherkaoui.ma\/wp-content\/uploads\/2025\/12\/belle-and-bio-anti-age-collagene-marin-120-gelules.jpg\",\"width\":700,\"height\":700},{\"@type\":\"BreadcrumbList\",\"@id\":\"https:\/\/paracherkaoui.ma\/index.php\/produit\/belle-and-bio-anti-age-collagene-marin-120-gelules\/#breadcrumb\",\"itemListElement\":[{\"@type\":\"ListItem\",\"position\":1,\"name\":\"Accueil\",\"item\":\"https:\/\/paracherkaoui.ma\/\"},{\"@type\":\"ListItem\",\"position\":2,\"name\":\"Boutique\",\"item\":\"https:\/\/paracherkaoui.ma\/index.php\/boutique\/\"},{\"@type\":\"ListItem\",\"position\":3,\"name\":\"BELLE AND BIO ANTI AGE COLLAGENE MARIN 120 GELULES\"}]},{\"@type\":\"WebSite\",\"@id\":\"https:\/\/paracherkaoui.ma\/#website\",\"url\":\"https:\/\/paracherkaoui.ma\/\",\"name\":\"Paracherkaoui.ma\",\"description\":\"Achetez en ligne sur Paracherkaoui.ma\",\"potentialAction\":[{\"@type\":\"SearchAction\",\"target\":{\"@type\":\"EntryPoint\",\"urlTemplate\":\"https:\/\/paracherkaoui.ma\/?s={search_term_string}\"},\"query-input\":{\"@type\":\"PropertyValueSpecification\",\"valueRequired\":true,\"valueName\":\"search_term_string\"}}],\"inLanguage\":\"fr-FR\"}]}<\/script>\r\n<!-- \/ Yoast SEO plugin. -->","yoast_head_json":{"title":"BELLE AND BIO ANTI AGE COLLAGENE MARIN 120 GELULES - Paracherkaoui.ma","robots":{"index":"index","follow":"follow","max-snippet":"max-snippet:-1","max-image-preview":"max-image-preview:large","max-video-preview":"max-video-preview:-1"},"canonical":"https:\/\/paracherkaoui.ma\/index.php\/produit\/belle-and-bio-anti-age-collagene-marin-120-gelules\/","og_locale":"fr_FR","og_type":"article","og_title":"BELLE AND BIO ANTI AGE COLLAGENE MARIN 120 GELULES - Paracherkaoui.ma","og_description":"Avec l&rsquo;\u00e2ge, notre peau perd de sa capacit\u00e9 \u00e0 produire des mol\u00e9cules essentielles comme l&rsquo;acide hyaluronique, entra\u00eenant l&rsquo;apparition de rides,","og_url":"https:\/\/paracherkaoui.ma\/index.php\/produit\/belle-and-bio-anti-age-collagene-marin-120-gelules\/","og_site_name":"Paracherkaoui.ma","article_modified_time":"2025-12-12T18:42:40+00:00","og_image":[{"width":700,"height":700,"url":"https:\/\/paracherkaoui.ma\/wp-content\/uploads\/2025\/12\/belle-and-bio-anti-age-collagene-marin-120-gelules.jpg","type":"image\/jpeg"}],"twitter_card":"summary_large_image","twitter_misc":{"Dur\u00e9e de lecture estim\u00e9e":"2 minutes"},"schema":{"@context":"https:\/\/schema.org","@graph":[{"@type":"WebPage","@id":"https:\/\/paracherkaoui.ma\/index.php\/produit\/belle-and-bio-anti-age-collagene-marin-120-gelules\/","url":"https:\/\/paracherkaoui.ma\/index.php\/produit\/belle-and-bio-anti-age-collagene-marin-120-gelules\/","name":"BELLE AND BIO ANTI AGE COLLAGENE MARIN 120 GELULES - Paracherkaoui.ma","isPartOf":{"@id":"https:\/\/paracherkaoui.ma\/#website"},"primaryImageOfPage":{"@id":"https:\/\/paracherkaoui.ma\/index.php\/produit\/belle-and-bio-anti-age-collagene-marin-120-gelules\/#primaryimage"},"image":{"@id":"https:\/\/paracherkaoui.ma\/index.php\/produit\/belle-and-bio-anti-age-collagene-marin-120-gelules\/#primaryimage"},"thumbnailUrl":"https:\/\/paracherkaoui.ma\/wp-content\/uploads\/2025\/12\/belle-and-bio-anti-age-collagene-marin-120-gelules.jpg","datePublished":"2025-12-12T18:42:35+00:00","dateModified":"2025-12-12T18:42:40+00:00","breadcrumb":{"@id":"https:\/\/paracherkaoui.ma\/index.php\/produit\/belle-and-bio-anti-age-collagene-marin-120-gelules\/#breadcrumb"},"inLanguage":"fr-FR","potentialAction":[{"@type":"ReadAction","target":["https:\/\/paracherkaoui.ma\/index.php\/produit\/belle-and-bio-anti-age-collagene-marin-120-gelules\/"]}]},{"@type":"ImageObject","inLanguage":"fr-FR","@id":"https:\/\/paracherkaoui.ma\/index.php\/produit\/belle-and-bio-anti-age-collagene-marin-120-gelules\/#primaryimage","url":"https:\/\/paracherkaoui.ma\/wp-content\/uploads\/2025\/12\/belle-and-bio-anti-age-collagene-marin-120-gelules.jpg","contentUrl":"https:\/\/paracherkaoui.ma\/wp-content\/uploads\/2025\/12\/belle-and-bio-anti-age-collagene-marin-120-gelules.jpg","width":700,"height":700},{"@type":"BreadcrumbList","@id":"https:\/\/paracherkaoui.ma\/index.php\/produit\/belle-and-bio-anti-age-collagene-marin-120-gelules\/#breadcrumb","itemListElement":[{"@type":"ListItem","position":1,"name":"Accueil","item":"https:\/\/paracherkaoui.ma\/"},{"@type":"ListItem","position":2,"name":"Boutique","item":"https:\/\/paracherkaoui.ma\/index.php\/boutique\/"},{"@type":"ListItem","position":3,"name":"BELLE AND BIO ANTI AGE COLLAGENE MARIN 120 GELULES"}]},{"@type":"WebSite","@id":"https:\/\/paracherkaoui.ma\/#website","url":"https:\/\/paracherkaoui.ma\/","name":"Paracherkaoui.ma","description":"Achetez en ligne sur Paracherkaoui.ma","potentialAction":[{"@type":"SearchAction","target":{"@type":"EntryPoint","urlTemplate":"https:\/\/paracherkaoui.ma\/?s={search_term_string}"},"query-input":{"@type":"PropertyValueSpecification","valueRequired":true,"valueName":"search_term_string"}}],"inLanguage":"fr-FR"}]}},"_links":{"self":[{"href":"https:\/\/paracherkaoui.ma\/index.php\/wp-json\/wp\/v2\/product\/55035","targetHints":{"allow":["GET"]}}],"collection":[{"href":"https:\/\/paracherkaoui.ma\/index.php\/wp-json\/wp\/v2\/product"}],"about":[{"href":"https:\/\/paracherkaoui.ma\/index.php\/wp-json\/wp\/v2\/types\/product"}],"replies":[{"embeddable":true,"href":"https:\/\/paracherkaoui.ma\/index.php\/wp-json\/wp\/v2\/comments?post=55035"}],"version-history":[{"count":1,"href":"https:\/\/paracherkaoui.ma\/index.php\/wp-json\/wp\/v2\/product\/55035\/revisions"}],"predecessor-version":[{"id":55082,"href":"https:\/\/paracherkaoui.ma\/index.php\/wp-json\/wp\/v2\/product\/55035\/revisions\/55082"}],"wp:featuredmedia":[{"embeddable":true,"href":"https:\/\/paracherkaoui.ma\/index.php\/wp-json\/wp\/v2\/media\/55081"}],"wp:attachment":[{"href":"https:\/\/paracherkaoui.ma\/index.php\/wp-json\/wp\/v2\/media?parent=55035"}],"wp:term":[{"taxonomy":"product_brand","embeddable":true,"href":"https:\/\/paracherkaoui.ma\/index.php\/wp-json\/wp\/v2\/product_brand?post=55035"},{"taxonomy":"product_cat","embeddable":true,"href":"https:\/\/paracherkaoui.ma\/index.php\/wp-json\/wp\/v2\/product_cat?post=55035"},{"taxonomy":"product_tag","embeddable":true,"href":"https:\/\/paracherkaoui.ma\/index.php\/wp-json\/wp\/v2\/product_tag?post=55035"}],"curies":[{"name":"wp","href":"https:\/\/api.w.org\/{rel}","templated":true}]}}