{"id":55031,"date":"2025-12-12T19:42:35","date_gmt":"2025-12-12T18:42:35","guid":{"rendered":"https:\/\/test.ecbeaute.com\/?post_type=product&#038;p=55031"},"modified":"2025-12-12T19:42:39","modified_gmt":"2025-12-12T18:42:39","slug":"nutrimax-collagene-marin-90-comprimes","status":"publish","type":"product","link":"https:\/\/paracherkaoui.ma\/index.php\/produit\/nutrimax-collagene-marin-90-comprimes\/","title":{"rendered":"NUTRIMAX COLLAGENE MARIN 90 COMPRIMES"},"content":{"rendered":"<p>Avec l\u2019\u00e2ge ou en raison d\u2019un mode de vie actif, la production naturelle de collag\u00e8ne diminue, laissant place aux signes du vieillissement cutan\u00e9 et aux douleurs articulaires. Gr\u00e2ce \u00e0 sa formule \u00e0 base de collag\u00e8ne marin hautement biodisponible, NutriMax vous aide \u00e0 pr\u00e9server l&rsquo;\u00e9lasticit\u00e9 de votre peau, \u00e0 r\u00e9duire l\u2019apparence des rides et \u00e0 renforcer vos tissus articulaires pour une mobilit\u00e9 plus fluide.<br \/>\nCe compl\u00e9ment est id\u00e9al pour celles et ceux qui veulent allier sant\u00e9 articulaire et \u00e9clat de la peau au quotidien. Il s\u2019int\u00e8gre facilement \u00e0 toutes les routines bien-\u00eatre et s\u2019adresse aussi bien aux sportifs, aux seniors qu\u2019aux amateurs de soins beaut\u00e9 naturels.<br \/>\nFaites du collag\u00e8ne marin votre alli\u00e9 pour rayonner de l\u2019int\u00e9rieur !<br \/>\nConseils d&rsquo;utilisation :<br \/>\nPrendre 3 comprim\u00e9s par jour, de pr\u00e9f\u00e9rence le matin avec un verre d\u2019eau.<br \/>\nCure conseill\u00e9e de 2 \u00e0 3 mois pour des r\u00e9sultats visibles sur la peau et les articulations.<br \/>\nPeut \u00eatre combin\u00e9 avec de la vitamine C pour stimuler la synth\u00e8se du collag\u00e8ne.<br \/>\nConvient aux adultes. D\u00e9conseill\u00e9 aux personnes allergiques aux produits marins.<br \/>\nComposition :<br \/>\nCollag\u00e8ne marin hydrolys\u00e9 \u2013 Excipients : Maltodextrine, St\u00e9arate de Mg.NATICOL\u00ae 1000, reconnu pour sa haute qualit\u00e9 et sa grande efficacit\u00e9.<\/p>\n","protected":false},"excerpt":{"rendered":"<p>Avec l\u2019\u00e2ge ou en raison d\u2019un mode de vie actif, la production naturelle de collag\u00e8ne diminue, laissant place aux signes<\/p>\n","protected":false},"featured_media":55073,"comment_status":"open","ping_status":"closed","template":"","meta":[],"product_brand":[1008],"product_cat":[1060],"product_tag":[],"class_list":{"0":"post-55031","1":"product","2":"type-product","3":"status-publish","4":"has-post-thumbnail","6":"product_brand-nutrimax","7":"product_cat-complements-alimentaires-anti-age","9":"first","10":"instock","11":"sale","12":"shipping-taxable","13":"purchasable","14":"product-type-simple"},"yoast_head":"<!-- This site is optimized with the Yoast SEO plugin v26.6 - https:\/\/yoast.com\/wordpress\/plugins\/seo\/ -->\r\n<title>NUTRIMAX COLLAGENE MARIN 90 COMPRIMES - Paracherkaoui.ma<\/title>\r\n<meta name=\"robots\" content=\"index, follow, max-snippet:-1, max-image-preview:large, max-video-preview:-1\" \/>\r\n<link rel=\"canonical\" href=\"https:\/\/paracherkaoui.ma\/index.php\/produit\/nutrimax-collagene-marin-90-comprimes\/\" \/>\r\n<meta property=\"og:locale\" content=\"fr_FR\" \/>\r\n<meta property=\"og:type\" content=\"article\" \/>\r\n<meta property=\"og:title\" content=\"NUTRIMAX COLLAGENE MARIN 90 COMPRIMES - Paracherkaoui.ma\" \/>\r\n<meta property=\"og:description\" content=\"Avec l\u2019\u00e2ge ou en raison d\u2019un mode de vie actif, la production naturelle de collag\u00e8ne diminue, laissant place aux signes\" \/>\r\n<meta property=\"og:url\" content=\"https:\/\/paracherkaoui.ma\/index.php\/produit\/nutrimax-collagene-marin-90-comprimes\/\" \/>\r\n<meta property=\"og:site_name\" content=\"Paracherkaoui.ma\" \/>\r\n<meta property=\"article:modified_time\" content=\"2025-12-12T18:42:39+00:00\" \/>\r\n<meta property=\"og:image\" content=\"https:\/\/paracherkaoui.ma\/wp-content\/uploads\/2025\/12\/nutrimax-collagene-marin-90-comprimes.jpg\" \/>\r\n\t<meta property=\"og:image:width\" content=\"700\" \/>\r\n\t<meta property=\"og:image:height\" content=\"700\" \/>\r\n\t<meta property=\"og:image:type\" content=\"image\/jpeg\" \/>\r\n<meta name=\"twitter:card\" content=\"summary_large_image\" \/>\r\n<meta name=\"twitter:label1\" content=\"Dur\u00e9e de lecture estim\u00e9e\" \/>\n\t<meta name=\"twitter:data1\" content=\"1 minute\" \/>\r\n<script type=\"application\/ld+json\" class=\"yoast-schema-graph\">{\"@context\":\"https:\/\/schema.org\",\"@graph\":[{\"@type\":\"WebPage\",\"@id\":\"https:\/\/paracherkaoui.ma\/index.php\/produit\/nutrimax-collagene-marin-90-comprimes\/\",\"url\":\"https:\/\/paracherkaoui.ma\/index.php\/produit\/nutrimax-collagene-marin-90-comprimes\/\",\"name\":\"NUTRIMAX COLLAGENE MARIN 90 COMPRIMES - Paracherkaoui.ma\",\"isPartOf\":{\"@id\":\"https:\/\/paracherkaoui.ma\/#website\"},\"primaryImageOfPage\":{\"@id\":\"https:\/\/paracherkaoui.ma\/index.php\/produit\/nutrimax-collagene-marin-90-comprimes\/#primaryimage\"},\"image\":{\"@id\":\"https:\/\/paracherkaoui.ma\/index.php\/produit\/nutrimax-collagene-marin-90-comprimes\/#primaryimage\"},\"thumbnailUrl\":\"https:\/\/paracherkaoui.ma\/wp-content\/uploads\/2025\/12\/nutrimax-collagene-marin-90-comprimes.jpg\",\"datePublished\":\"2025-12-12T18:42:35+00:00\",\"dateModified\":\"2025-12-12T18:42:39+00:00\",\"breadcrumb\":{\"@id\":\"https:\/\/paracherkaoui.ma\/index.php\/produit\/nutrimax-collagene-marin-90-comprimes\/#breadcrumb\"},\"inLanguage\":\"fr-FR\",\"potentialAction\":[{\"@type\":\"ReadAction\",\"target\":[\"https:\/\/paracherkaoui.ma\/index.php\/produit\/nutrimax-collagene-marin-90-comprimes\/\"]}]},{\"@type\":\"ImageObject\",\"inLanguage\":\"fr-FR\",\"@id\":\"https:\/\/paracherkaoui.ma\/index.php\/produit\/nutrimax-collagene-marin-90-comprimes\/#primaryimage\",\"url\":\"https:\/\/paracherkaoui.ma\/wp-content\/uploads\/2025\/12\/nutrimax-collagene-marin-90-comprimes.jpg\",\"contentUrl\":\"https:\/\/paracherkaoui.ma\/wp-content\/uploads\/2025\/12\/nutrimax-collagene-marin-90-comprimes.jpg\",\"width\":700,\"height\":700},{\"@type\":\"BreadcrumbList\",\"@id\":\"https:\/\/paracherkaoui.ma\/index.php\/produit\/nutrimax-collagene-marin-90-comprimes\/#breadcrumb\",\"itemListElement\":[{\"@type\":\"ListItem\",\"position\":1,\"name\":\"Accueil\",\"item\":\"https:\/\/paracherkaoui.ma\/\"},{\"@type\":\"ListItem\",\"position\":2,\"name\":\"Boutique\",\"item\":\"https:\/\/paracherkaoui.ma\/index.php\/boutique\/\"},{\"@type\":\"ListItem\",\"position\":3,\"name\":\"NUTRIMAX COLLAGENE MARIN 90 COMPRIMES\"}]},{\"@type\":\"WebSite\",\"@id\":\"https:\/\/paracherkaoui.ma\/#website\",\"url\":\"https:\/\/paracherkaoui.ma\/\",\"name\":\"Paracherkaoui.ma\",\"description\":\"Achetez en ligne sur Paracherkaoui.ma\",\"potentialAction\":[{\"@type\":\"SearchAction\",\"target\":{\"@type\":\"EntryPoint\",\"urlTemplate\":\"https:\/\/paracherkaoui.ma\/?s={search_term_string}\"},\"query-input\":{\"@type\":\"PropertyValueSpecification\",\"valueRequired\":true,\"valueName\":\"search_term_string\"}}],\"inLanguage\":\"fr-FR\"}]}<\/script>\r\n<!-- \/ Yoast SEO plugin. -->","yoast_head_json":{"title":"NUTRIMAX COLLAGENE MARIN 90 COMPRIMES - Paracherkaoui.ma","robots":{"index":"index","follow":"follow","max-snippet":"max-snippet:-1","max-image-preview":"max-image-preview:large","max-video-preview":"max-video-preview:-1"},"canonical":"https:\/\/paracherkaoui.ma\/index.php\/produit\/nutrimax-collagene-marin-90-comprimes\/","og_locale":"fr_FR","og_type":"article","og_title":"NUTRIMAX COLLAGENE MARIN 90 COMPRIMES - Paracherkaoui.ma","og_description":"Avec l\u2019\u00e2ge ou en raison d\u2019un mode de vie actif, la production naturelle de collag\u00e8ne diminue, laissant place aux signes","og_url":"https:\/\/paracherkaoui.ma\/index.php\/produit\/nutrimax-collagene-marin-90-comprimes\/","og_site_name":"Paracherkaoui.ma","article_modified_time":"2025-12-12T18:42:39+00:00","og_image":[{"width":700,"height":700,"url":"https:\/\/paracherkaoui.ma\/wp-content\/uploads\/2025\/12\/nutrimax-collagene-marin-90-comprimes.jpg","type":"image\/jpeg"}],"twitter_card":"summary_large_image","twitter_misc":{"Dur\u00e9e de lecture estim\u00e9e":"1 minute"},"schema":{"@context":"https:\/\/schema.org","@graph":[{"@type":"WebPage","@id":"https:\/\/paracherkaoui.ma\/index.php\/produit\/nutrimax-collagene-marin-90-comprimes\/","url":"https:\/\/paracherkaoui.ma\/index.php\/produit\/nutrimax-collagene-marin-90-comprimes\/","name":"NUTRIMAX COLLAGENE MARIN 90 COMPRIMES - Paracherkaoui.ma","isPartOf":{"@id":"https:\/\/paracherkaoui.ma\/#website"},"primaryImageOfPage":{"@id":"https:\/\/paracherkaoui.ma\/index.php\/produit\/nutrimax-collagene-marin-90-comprimes\/#primaryimage"},"image":{"@id":"https:\/\/paracherkaoui.ma\/index.php\/produit\/nutrimax-collagene-marin-90-comprimes\/#primaryimage"},"thumbnailUrl":"https:\/\/paracherkaoui.ma\/wp-content\/uploads\/2025\/12\/nutrimax-collagene-marin-90-comprimes.jpg","datePublished":"2025-12-12T18:42:35+00:00","dateModified":"2025-12-12T18:42:39+00:00","breadcrumb":{"@id":"https:\/\/paracherkaoui.ma\/index.php\/produit\/nutrimax-collagene-marin-90-comprimes\/#breadcrumb"},"inLanguage":"fr-FR","potentialAction":[{"@type":"ReadAction","target":["https:\/\/paracherkaoui.ma\/index.php\/produit\/nutrimax-collagene-marin-90-comprimes\/"]}]},{"@type":"ImageObject","inLanguage":"fr-FR","@id":"https:\/\/paracherkaoui.ma\/index.php\/produit\/nutrimax-collagene-marin-90-comprimes\/#primaryimage","url":"https:\/\/paracherkaoui.ma\/wp-content\/uploads\/2025\/12\/nutrimax-collagene-marin-90-comprimes.jpg","contentUrl":"https:\/\/paracherkaoui.ma\/wp-content\/uploads\/2025\/12\/nutrimax-collagene-marin-90-comprimes.jpg","width":700,"height":700},{"@type":"BreadcrumbList","@id":"https:\/\/paracherkaoui.ma\/index.php\/produit\/nutrimax-collagene-marin-90-comprimes\/#breadcrumb","itemListElement":[{"@type":"ListItem","position":1,"name":"Accueil","item":"https:\/\/paracherkaoui.ma\/"},{"@type":"ListItem","position":2,"name":"Boutique","item":"https:\/\/paracherkaoui.ma\/index.php\/boutique\/"},{"@type":"ListItem","position":3,"name":"NUTRIMAX COLLAGENE MARIN 90 COMPRIMES"}]},{"@type":"WebSite","@id":"https:\/\/paracherkaoui.ma\/#website","url":"https:\/\/paracherkaoui.ma\/","name":"Paracherkaoui.ma","description":"Achetez en ligne sur Paracherkaoui.ma","potentialAction":[{"@type":"SearchAction","target":{"@type":"EntryPoint","urlTemplate":"https:\/\/paracherkaoui.ma\/?s={search_term_string}"},"query-input":{"@type":"PropertyValueSpecification","valueRequired":true,"valueName":"search_term_string"}}],"inLanguage":"fr-FR"}]}},"_links":{"self":[{"href":"https:\/\/paracherkaoui.ma\/index.php\/wp-json\/wp\/v2\/product\/55031","targetHints":{"allow":["GET"]}}],"collection":[{"href":"https:\/\/paracherkaoui.ma\/index.php\/wp-json\/wp\/v2\/product"}],"about":[{"href":"https:\/\/paracherkaoui.ma\/index.php\/wp-json\/wp\/v2\/types\/product"}],"replies":[{"embeddable":true,"href":"https:\/\/paracherkaoui.ma\/index.php\/wp-json\/wp\/v2\/comments?post=55031"}],"version-history":[{"count":1,"href":"https:\/\/paracherkaoui.ma\/index.php\/wp-json\/wp\/v2\/product\/55031\/revisions"}],"predecessor-version":[{"id":55074,"href":"https:\/\/paracherkaoui.ma\/index.php\/wp-json\/wp\/v2\/product\/55031\/revisions\/55074"}],"wp:featuredmedia":[{"embeddable":true,"href":"https:\/\/paracherkaoui.ma\/index.php\/wp-json\/wp\/v2\/media\/55073"}],"wp:attachment":[{"href":"https:\/\/paracherkaoui.ma\/index.php\/wp-json\/wp\/v2\/media?parent=55031"}],"wp:term":[{"taxonomy":"product_brand","embeddable":true,"href":"https:\/\/paracherkaoui.ma\/index.php\/wp-json\/wp\/v2\/product_brand?post=55031"},{"taxonomy":"product_cat","embeddable":true,"href":"https:\/\/paracherkaoui.ma\/index.php\/wp-json\/wp\/v2\/product_cat?post=55031"},{"taxonomy":"product_tag","embeddable":true,"href":"https:\/\/paracherkaoui.ma\/index.php\/wp-json\/wp\/v2\/product_tag?post=55031"}],"curies":[{"name":"wp","href":"https:\/\/api.w.org\/{rel}","templated":true}]}}