{"id":54950,"date":"2025-12-12T19:42:26","date_gmt":"2025-12-12T18:42:26","guid":{"rendered":"https:\/\/test.ecbeaute.com\/?post_type=product&#038;p=54950"},"modified":"2025-12-12T19:42:31","modified_gmt":"2025-12-12T18:42:31","slug":"glisodin-v-sod-60-gelules","status":"publish","type":"product","link":"https:\/\/paracherkaoui.ma\/index.php\/produit\/glisodin-v-sod-60-gelules\/","title":{"rendered":"GLISODIN V SOD 60 GELULES"},"content":{"rendered":"<p>D\u00e9couvrez la puissance de V-SOD, une formule brevet\u00e9e et innovante con\u00e7ue pour accompagner le traitement du vitiligo. Cette solution unique associe un extrait de melon riche en Superoxyde Dismutase (SOD), une enzyme aux propri\u00e9t\u00e9s antioxydantes puissantes, et une prot\u00e9ine de bl\u00e9 protectrice. Gr\u00e2ce \u00e0 sa composition sp\u00e9ciale, V-SOD offre une protection gastro-intestinale, assurant une absorption optimale des actifs pour des r\u00e9sultats maximis\u00e9s.<br \/>\nLe vitiligo, une affection cutan\u00e9e caract\u00e9ris\u00e9e par la perte de pigmentation, peut b\u00e9n\u00e9ficier du soutien de V-SOD, particuli\u00e8rement lorsqu&rsquo;il est utilis\u00e9 en combinaison avec des traitements UV. Que ce soit par exposition aux rayons UV naturels, en cabine de phototh\u00e9rapie ou avec des lampes UVB sp\u00e9cifiques, V-SOD potentialise les effets de ces th\u00e9rapies en r\u00e9duisant le stress oxydatif et en prot\u00e9geant les cellules cutan\u00e9es.<br \/>\nL&rsquo;int\u00e9gration de V-SOD dans votre routine de soin dermatologique permet de cibler efficacement les zones d\u00e9pigment\u00e9es, favorisant une repigmentation harmonieuse et uniforme. En plus de ses bienfaits pour le vitiligo, cette formule brevet\u00e9e contribue \u00e9galement \u00e0 am\u00e9liorer la sant\u00e9 g\u00e9n\u00e9rale de la peau, gr\u00e2ce \u00e0 ses propri\u00e9t\u00e9s antioxydantes qui luttent contre les radicaux libres responsables du vieillissement pr\u00e9matur\u00e9.<br \/>\nConseils d&rsquo;utilisation:<br \/>\nPrenez 4 g\u00e9lules de V-SOD par jour, de pr\u00e9f\u00e9rence r\u00e9parties entre le matin et le soir pour une meilleure absorption.<\/p>\n","protected":false},"excerpt":{"rendered":"<p>D\u00e9couvrez la puissance de V-SOD, une formule brevet\u00e9e et innovante con\u00e7ue pour accompagner le traitement du vitiligo. Cette solution unique<\/p>\n","protected":false},"featured_media":54994,"comment_status":"open","ping_status":"closed","template":"","meta":[],"product_brand":[1061],"product_cat":[1060],"product_tag":[],"class_list":{"0":"post-54950","1":"product","2":"type-product","3":"status-publish","4":"has-post-thumbnail","6":"product_brand-glisodin","7":"product_cat-complements-alimentaires-anti-age","9":"first","10":"instock","11":"sale","12":"shipping-taxable","13":"purchasable","14":"product-type-simple"},"yoast_head":"<!-- This site is optimized with the Yoast SEO plugin v26.6 - https:\/\/yoast.com\/wordpress\/plugins\/seo\/ -->\r\n<title>GLISODIN V SOD 60 GELULES - Paracherkaoui.ma<\/title>\r\n<meta name=\"robots\" content=\"index, follow, max-snippet:-1, max-image-preview:large, max-video-preview:-1\" \/>\r\n<link rel=\"canonical\" href=\"https:\/\/paracherkaoui.ma\/index.php\/produit\/glisodin-v-sod-60-gelules\/\" \/>\r\n<meta property=\"og:locale\" content=\"fr_FR\" \/>\r\n<meta property=\"og:type\" content=\"article\" \/>\r\n<meta property=\"og:title\" content=\"GLISODIN V SOD 60 GELULES - Paracherkaoui.ma\" \/>\r\n<meta property=\"og:description\" content=\"D\u00e9couvrez la puissance de V-SOD, une formule brevet\u00e9e et innovante con\u00e7ue pour accompagner le traitement du vitiligo. Cette solution unique\" \/>\r\n<meta property=\"og:url\" content=\"https:\/\/paracherkaoui.ma\/index.php\/produit\/glisodin-v-sod-60-gelules\/\" \/>\r\n<meta property=\"og:site_name\" content=\"Paracherkaoui.ma\" \/>\r\n<meta property=\"article:modified_time\" content=\"2025-12-12T18:42:31+00:00\" \/>\r\n<meta property=\"og:image\" content=\"https:\/\/paracherkaoui.ma\/wp-content\/uploads\/2025\/12\/glisodin-v-sod-60-gelules.jpg\" \/>\r\n\t<meta property=\"og:image:width\" content=\"700\" \/>\r\n\t<meta property=\"og:image:height\" content=\"700\" \/>\r\n\t<meta property=\"og:image:type\" content=\"image\/jpeg\" \/>\r\n<meta name=\"twitter:card\" content=\"summary_large_image\" \/>\r\n<meta name=\"twitter:label1\" content=\"Dur\u00e9e de lecture estim\u00e9e\" \/>\n\t<meta name=\"twitter:data1\" content=\"1 minute\" \/>\r\n<script type=\"application\/ld+json\" class=\"yoast-schema-graph\">{\"@context\":\"https:\/\/schema.org\",\"@graph\":[{\"@type\":\"WebPage\",\"@id\":\"https:\/\/paracherkaoui.ma\/index.php\/produit\/glisodin-v-sod-60-gelules\/\",\"url\":\"https:\/\/paracherkaoui.ma\/index.php\/produit\/glisodin-v-sod-60-gelules\/\",\"name\":\"GLISODIN V SOD 60 GELULES - Paracherkaoui.ma\",\"isPartOf\":{\"@id\":\"https:\/\/paracherkaoui.ma\/#website\"},\"primaryImageOfPage\":{\"@id\":\"https:\/\/paracherkaoui.ma\/index.php\/produit\/glisodin-v-sod-60-gelules\/#primaryimage\"},\"image\":{\"@id\":\"https:\/\/paracherkaoui.ma\/index.php\/produit\/glisodin-v-sod-60-gelules\/#primaryimage\"},\"thumbnailUrl\":\"https:\/\/paracherkaoui.ma\/wp-content\/uploads\/2025\/12\/glisodin-v-sod-60-gelules.jpg\",\"datePublished\":\"2025-12-12T18:42:26+00:00\",\"dateModified\":\"2025-12-12T18:42:31+00:00\",\"breadcrumb\":{\"@id\":\"https:\/\/paracherkaoui.ma\/index.php\/produit\/glisodin-v-sod-60-gelules\/#breadcrumb\"},\"inLanguage\":\"fr-FR\",\"potentialAction\":[{\"@type\":\"ReadAction\",\"target\":[\"https:\/\/paracherkaoui.ma\/index.php\/produit\/glisodin-v-sod-60-gelules\/\"]}]},{\"@type\":\"ImageObject\",\"inLanguage\":\"fr-FR\",\"@id\":\"https:\/\/paracherkaoui.ma\/index.php\/produit\/glisodin-v-sod-60-gelules\/#primaryimage\",\"url\":\"https:\/\/paracherkaoui.ma\/wp-content\/uploads\/2025\/12\/glisodin-v-sod-60-gelules.jpg\",\"contentUrl\":\"https:\/\/paracherkaoui.ma\/wp-content\/uploads\/2025\/12\/glisodin-v-sod-60-gelules.jpg\",\"width\":700,\"height\":700},{\"@type\":\"BreadcrumbList\",\"@id\":\"https:\/\/paracherkaoui.ma\/index.php\/produit\/glisodin-v-sod-60-gelules\/#breadcrumb\",\"itemListElement\":[{\"@type\":\"ListItem\",\"position\":1,\"name\":\"Accueil\",\"item\":\"https:\/\/paracherkaoui.ma\/\"},{\"@type\":\"ListItem\",\"position\":2,\"name\":\"Boutique\",\"item\":\"https:\/\/paracherkaoui.ma\/index.php\/boutique\/\"},{\"@type\":\"ListItem\",\"position\":3,\"name\":\"GLISODIN V SOD 60 GELULES\"}]},{\"@type\":\"WebSite\",\"@id\":\"https:\/\/paracherkaoui.ma\/#website\",\"url\":\"https:\/\/paracherkaoui.ma\/\",\"name\":\"Paracherkaoui.ma\",\"description\":\"Achetez en ligne sur Paracherkaoui.ma\",\"potentialAction\":[{\"@type\":\"SearchAction\",\"target\":{\"@type\":\"EntryPoint\",\"urlTemplate\":\"https:\/\/paracherkaoui.ma\/?s={search_term_string}\"},\"query-input\":{\"@type\":\"PropertyValueSpecification\",\"valueRequired\":true,\"valueName\":\"search_term_string\"}}],\"inLanguage\":\"fr-FR\"}]}<\/script>\r\n<!-- \/ Yoast SEO plugin. -->","yoast_head_json":{"title":"GLISODIN V SOD 60 GELULES - Paracherkaoui.ma","robots":{"index":"index","follow":"follow","max-snippet":"max-snippet:-1","max-image-preview":"max-image-preview:large","max-video-preview":"max-video-preview:-1"},"canonical":"https:\/\/paracherkaoui.ma\/index.php\/produit\/glisodin-v-sod-60-gelules\/","og_locale":"fr_FR","og_type":"article","og_title":"GLISODIN V SOD 60 GELULES - Paracherkaoui.ma","og_description":"D\u00e9couvrez la puissance de V-SOD, une formule brevet\u00e9e et innovante con\u00e7ue pour accompagner le traitement du vitiligo. Cette solution unique","og_url":"https:\/\/paracherkaoui.ma\/index.php\/produit\/glisodin-v-sod-60-gelules\/","og_site_name":"Paracherkaoui.ma","article_modified_time":"2025-12-12T18:42:31+00:00","og_image":[{"width":700,"height":700,"url":"https:\/\/paracherkaoui.ma\/wp-content\/uploads\/2025\/12\/glisodin-v-sod-60-gelules.jpg","type":"image\/jpeg"}],"twitter_card":"summary_large_image","twitter_misc":{"Dur\u00e9e de lecture estim\u00e9e":"1 minute"},"schema":{"@context":"https:\/\/schema.org","@graph":[{"@type":"WebPage","@id":"https:\/\/paracherkaoui.ma\/index.php\/produit\/glisodin-v-sod-60-gelules\/","url":"https:\/\/paracherkaoui.ma\/index.php\/produit\/glisodin-v-sod-60-gelules\/","name":"GLISODIN V SOD 60 GELULES - Paracherkaoui.ma","isPartOf":{"@id":"https:\/\/paracherkaoui.ma\/#website"},"primaryImageOfPage":{"@id":"https:\/\/paracherkaoui.ma\/index.php\/produit\/glisodin-v-sod-60-gelules\/#primaryimage"},"image":{"@id":"https:\/\/paracherkaoui.ma\/index.php\/produit\/glisodin-v-sod-60-gelules\/#primaryimage"},"thumbnailUrl":"https:\/\/paracherkaoui.ma\/wp-content\/uploads\/2025\/12\/glisodin-v-sod-60-gelules.jpg","datePublished":"2025-12-12T18:42:26+00:00","dateModified":"2025-12-12T18:42:31+00:00","breadcrumb":{"@id":"https:\/\/paracherkaoui.ma\/index.php\/produit\/glisodin-v-sod-60-gelules\/#breadcrumb"},"inLanguage":"fr-FR","potentialAction":[{"@type":"ReadAction","target":["https:\/\/paracherkaoui.ma\/index.php\/produit\/glisodin-v-sod-60-gelules\/"]}]},{"@type":"ImageObject","inLanguage":"fr-FR","@id":"https:\/\/paracherkaoui.ma\/index.php\/produit\/glisodin-v-sod-60-gelules\/#primaryimage","url":"https:\/\/paracherkaoui.ma\/wp-content\/uploads\/2025\/12\/glisodin-v-sod-60-gelules.jpg","contentUrl":"https:\/\/paracherkaoui.ma\/wp-content\/uploads\/2025\/12\/glisodin-v-sod-60-gelules.jpg","width":700,"height":700},{"@type":"BreadcrumbList","@id":"https:\/\/paracherkaoui.ma\/index.php\/produit\/glisodin-v-sod-60-gelules\/#breadcrumb","itemListElement":[{"@type":"ListItem","position":1,"name":"Accueil","item":"https:\/\/paracherkaoui.ma\/"},{"@type":"ListItem","position":2,"name":"Boutique","item":"https:\/\/paracherkaoui.ma\/index.php\/boutique\/"},{"@type":"ListItem","position":3,"name":"GLISODIN V SOD 60 GELULES"}]},{"@type":"WebSite","@id":"https:\/\/paracherkaoui.ma\/#website","url":"https:\/\/paracherkaoui.ma\/","name":"Paracherkaoui.ma","description":"Achetez en ligne sur Paracherkaoui.ma","potentialAction":[{"@type":"SearchAction","target":{"@type":"EntryPoint","urlTemplate":"https:\/\/paracherkaoui.ma\/?s={search_term_string}"},"query-input":{"@type":"PropertyValueSpecification","valueRequired":true,"valueName":"search_term_string"}}],"inLanguage":"fr-FR"}]}},"_links":{"self":[{"href":"https:\/\/paracherkaoui.ma\/index.php\/wp-json\/wp\/v2\/product\/54950","targetHints":{"allow":["GET"]}}],"collection":[{"href":"https:\/\/paracherkaoui.ma\/index.php\/wp-json\/wp\/v2\/product"}],"about":[{"href":"https:\/\/paracherkaoui.ma\/index.php\/wp-json\/wp\/v2\/types\/product"}],"replies":[{"embeddable":true,"href":"https:\/\/paracherkaoui.ma\/index.php\/wp-json\/wp\/v2\/comments?post=54950"}],"version-history":[{"count":1,"href":"https:\/\/paracherkaoui.ma\/index.php\/wp-json\/wp\/v2\/product\/54950\/revisions"}],"predecessor-version":[{"id":54995,"href":"https:\/\/paracherkaoui.ma\/index.php\/wp-json\/wp\/v2\/product\/54950\/revisions\/54995"}],"wp:featuredmedia":[{"embeddable":true,"href":"https:\/\/paracherkaoui.ma\/index.php\/wp-json\/wp\/v2\/media\/54994"}],"wp:attachment":[{"href":"https:\/\/paracherkaoui.ma\/index.php\/wp-json\/wp\/v2\/media?parent=54950"}],"wp:term":[{"taxonomy":"product_brand","embeddable":true,"href":"https:\/\/paracherkaoui.ma\/index.php\/wp-json\/wp\/v2\/product_brand?post=54950"},{"taxonomy":"product_cat","embeddable":true,"href":"https:\/\/paracherkaoui.ma\/index.php\/wp-json\/wp\/v2\/product_cat?post=54950"},{"taxonomy":"product_tag","embeddable":true,"href":"https:\/\/paracherkaoui.ma\/index.php\/wp-json\/wp\/v2\/product_tag?post=54950"}],"curies":[{"name":"wp","href":"https:\/\/api.w.org\/{rel}","templated":true}]}}