{"id":54945,"date":"2025-12-12T19:42:26","date_gmt":"2025-12-12T18:42:26","guid":{"rendered":"https:\/\/test.ecbeaute.com\/?post_type=product&#038;p=54945"},"modified":"2025-12-12T19:42:30","modified_gmt":"2025-12-12T18:42:30","slug":"glisodin-eclat-de-la-peau-60-gelules","status":"publish","type":"product","link":"https:\/\/paracherkaoui.ma\/index.php\/produit\/glisodin-eclat-de-la-peau-60-gelules\/","title":{"rendered":"GLISODIN ECLAT DE LA PEAU 60 GELULES"},"content":{"rendered":"<p>D\u00e9couvrez l&rsquo;\u00e9clat naturel de votre peau avec les g\u00e9lules Glisodin \u00c9clat de la Peau. Cette formule innovante combine des actifs puissants pour unifier votre teint et r\u00e9v\u00e9ler une peau radieuse et lumineuse. Id\u00e9ales pour ceux qui cherchent \u00e0 revitaliser leur peau de l&rsquo;int\u00e9rieur, ces g\u00e9lules sont formul\u00e9es pour combattre les effets du stress oxydatif caus\u00e9 par les facteurs environnementaux tels que la pollution et les rayons UV.<br \/>\nLes g\u00e9lules Glisodin \u00c9clat de la Peau sont enrichies en m\u00e9lisse, vitamines E et C, reconnues pour leurs propri\u00e9t\u00e9s antioxydantes. La m\u00e9lisse aide \u00e0 apaiser et revitaliser la peau, tandis que les vitamines E et C prot\u00e8gent les cellules contre les dommages des radicaux libres, soutenant ainsi la r\u00e9g\u00e9n\u00e9ration et la sant\u00e9 de la peau. Ensemble, ces ingr\u00e9dients favorisent une peau plus uniforme, \u00e9clatante et jeune.<br \/>\nAvec une prise quotidienne, vous remarquerez rapidement une am\u00e9lioration de la texture et du teint de votre peau. Que vous ayez une peau terne, des taches pigmentaires ou simplement besoin d&rsquo;un coup de pouce pour raviver votre \u00e9clat naturel, Glisodin \u00c9clat de la Peau est le compl\u00e9ment parfait pour int\u00e9grer \u00e0 votre routine beaut\u00e9.<br \/>\nConseils d&rsquo;utilisation :<br \/>\nPrenez deux g\u00e9lules par jour avec un grand verre d&rsquo;eau, de pr\u00e9f\u00e9rence le matin, pour une absorption optimale.<\/p>\n","protected":false},"excerpt":{"rendered":"<p>D\u00e9couvrez l&rsquo;\u00e9clat naturel de votre peau avec les g\u00e9lules Glisodin \u00c9clat de la Peau. Cette formule innovante combine des actifs<\/p>\n","protected":false},"featured_media":54985,"comment_status":"open","ping_status":"closed","template":"","meta":[],"product_brand":[1061],"product_cat":[1060],"product_tag":[],"class_list":{"0":"post-54945","1":"product","2":"type-product","3":"status-publish","4":"has-post-thumbnail","6":"product_brand-glisodin","7":"product_cat-complements-alimentaires-anti-age","9":"first","10":"instock","11":"sale","12":"shipping-taxable","13":"purchasable","14":"product-type-simple"},"yoast_head":"<!-- This site is optimized with the Yoast SEO plugin v26.6 - https:\/\/yoast.com\/wordpress\/plugins\/seo\/ -->\r\n<title>GLISODIN ECLAT DE LA PEAU 60 GELULES - Paracherkaoui.ma<\/title>\r\n<meta name=\"robots\" content=\"index, follow, max-snippet:-1, max-image-preview:large, max-video-preview:-1\" \/>\r\n<link rel=\"canonical\" href=\"https:\/\/paracherkaoui.ma\/index.php\/produit\/glisodin-eclat-de-la-peau-60-gelules\/\" \/>\r\n<meta property=\"og:locale\" content=\"fr_FR\" \/>\r\n<meta property=\"og:type\" content=\"article\" \/>\r\n<meta property=\"og:title\" content=\"GLISODIN ECLAT DE LA PEAU 60 GELULES - Paracherkaoui.ma\" \/>\r\n<meta property=\"og:description\" content=\"D\u00e9couvrez l&rsquo;\u00e9clat naturel de votre peau avec les g\u00e9lules Glisodin \u00c9clat de la Peau. Cette formule innovante combine des actifs\" \/>\r\n<meta property=\"og:url\" content=\"https:\/\/paracherkaoui.ma\/index.php\/produit\/glisodin-eclat-de-la-peau-60-gelules\/\" \/>\r\n<meta property=\"og:site_name\" content=\"Paracherkaoui.ma\" \/>\r\n<meta property=\"article:modified_time\" content=\"2025-12-12T18:42:30+00:00\" \/>\r\n<meta property=\"og:image\" content=\"https:\/\/paracherkaoui.ma\/wp-content\/uploads\/2025\/12\/glisodin-eclat-de-la-peau-60-gelules.jpg\" \/>\r\n\t<meta property=\"og:image:width\" content=\"700\" \/>\r\n\t<meta property=\"og:image:height\" content=\"700\" \/>\r\n\t<meta property=\"og:image:type\" content=\"image\/jpeg\" \/>\r\n<meta name=\"twitter:card\" content=\"summary_large_image\" \/>\r\n<meta name=\"twitter:label1\" content=\"Dur\u00e9e de lecture estim\u00e9e\" \/>\n\t<meta name=\"twitter:data1\" content=\"1 minute\" \/>\r\n<script type=\"application\/ld+json\" class=\"yoast-schema-graph\">{\"@context\":\"https:\/\/schema.org\",\"@graph\":[{\"@type\":\"WebPage\",\"@id\":\"https:\/\/paracherkaoui.ma\/index.php\/produit\/glisodin-eclat-de-la-peau-60-gelules\/\",\"url\":\"https:\/\/paracherkaoui.ma\/index.php\/produit\/glisodin-eclat-de-la-peau-60-gelules\/\",\"name\":\"GLISODIN ECLAT DE LA PEAU 60 GELULES - Paracherkaoui.ma\",\"isPartOf\":{\"@id\":\"https:\/\/paracherkaoui.ma\/#website\"},\"primaryImageOfPage\":{\"@id\":\"https:\/\/paracherkaoui.ma\/index.php\/produit\/glisodin-eclat-de-la-peau-60-gelules\/#primaryimage\"},\"image\":{\"@id\":\"https:\/\/paracherkaoui.ma\/index.php\/produit\/glisodin-eclat-de-la-peau-60-gelules\/#primaryimage\"},\"thumbnailUrl\":\"https:\/\/paracherkaoui.ma\/wp-content\/uploads\/2025\/12\/glisodin-eclat-de-la-peau-60-gelules.jpg\",\"datePublished\":\"2025-12-12T18:42:26+00:00\",\"dateModified\":\"2025-12-12T18:42:30+00:00\",\"breadcrumb\":{\"@id\":\"https:\/\/paracherkaoui.ma\/index.php\/produit\/glisodin-eclat-de-la-peau-60-gelules\/#breadcrumb\"},\"inLanguage\":\"fr-FR\",\"potentialAction\":[{\"@type\":\"ReadAction\",\"target\":[\"https:\/\/paracherkaoui.ma\/index.php\/produit\/glisodin-eclat-de-la-peau-60-gelules\/\"]}]},{\"@type\":\"ImageObject\",\"inLanguage\":\"fr-FR\",\"@id\":\"https:\/\/paracherkaoui.ma\/index.php\/produit\/glisodin-eclat-de-la-peau-60-gelules\/#primaryimage\",\"url\":\"https:\/\/paracherkaoui.ma\/wp-content\/uploads\/2025\/12\/glisodin-eclat-de-la-peau-60-gelules.jpg\",\"contentUrl\":\"https:\/\/paracherkaoui.ma\/wp-content\/uploads\/2025\/12\/glisodin-eclat-de-la-peau-60-gelules.jpg\",\"width\":700,\"height\":700},{\"@type\":\"BreadcrumbList\",\"@id\":\"https:\/\/paracherkaoui.ma\/index.php\/produit\/glisodin-eclat-de-la-peau-60-gelules\/#breadcrumb\",\"itemListElement\":[{\"@type\":\"ListItem\",\"position\":1,\"name\":\"Accueil\",\"item\":\"https:\/\/paracherkaoui.ma\/\"},{\"@type\":\"ListItem\",\"position\":2,\"name\":\"Boutique\",\"item\":\"https:\/\/paracherkaoui.ma\/index.php\/boutique\/\"},{\"@type\":\"ListItem\",\"position\":3,\"name\":\"GLISODIN ECLAT DE LA PEAU 60 GELULES\"}]},{\"@type\":\"WebSite\",\"@id\":\"https:\/\/paracherkaoui.ma\/#website\",\"url\":\"https:\/\/paracherkaoui.ma\/\",\"name\":\"Paracherkaoui.ma\",\"description\":\"Achetez en ligne sur Paracherkaoui.ma\",\"potentialAction\":[{\"@type\":\"SearchAction\",\"target\":{\"@type\":\"EntryPoint\",\"urlTemplate\":\"https:\/\/paracherkaoui.ma\/?s={search_term_string}\"},\"query-input\":{\"@type\":\"PropertyValueSpecification\",\"valueRequired\":true,\"valueName\":\"search_term_string\"}}],\"inLanguage\":\"fr-FR\"}]}<\/script>\r\n<!-- \/ Yoast SEO plugin. -->","yoast_head_json":{"title":"GLISODIN ECLAT DE LA PEAU 60 GELULES - Paracherkaoui.ma","robots":{"index":"index","follow":"follow","max-snippet":"max-snippet:-1","max-image-preview":"max-image-preview:large","max-video-preview":"max-video-preview:-1"},"canonical":"https:\/\/paracherkaoui.ma\/index.php\/produit\/glisodin-eclat-de-la-peau-60-gelules\/","og_locale":"fr_FR","og_type":"article","og_title":"GLISODIN ECLAT DE LA PEAU 60 GELULES - Paracherkaoui.ma","og_description":"D\u00e9couvrez l&rsquo;\u00e9clat naturel de votre peau avec les g\u00e9lules Glisodin \u00c9clat de la Peau. Cette formule innovante combine des actifs","og_url":"https:\/\/paracherkaoui.ma\/index.php\/produit\/glisodin-eclat-de-la-peau-60-gelules\/","og_site_name":"Paracherkaoui.ma","article_modified_time":"2025-12-12T18:42:30+00:00","og_image":[{"width":700,"height":700,"url":"https:\/\/paracherkaoui.ma\/wp-content\/uploads\/2025\/12\/glisodin-eclat-de-la-peau-60-gelules.jpg","type":"image\/jpeg"}],"twitter_card":"summary_large_image","twitter_misc":{"Dur\u00e9e de lecture estim\u00e9e":"1 minute"},"schema":{"@context":"https:\/\/schema.org","@graph":[{"@type":"WebPage","@id":"https:\/\/paracherkaoui.ma\/index.php\/produit\/glisodin-eclat-de-la-peau-60-gelules\/","url":"https:\/\/paracherkaoui.ma\/index.php\/produit\/glisodin-eclat-de-la-peau-60-gelules\/","name":"GLISODIN ECLAT DE LA PEAU 60 GELULES - Paracherkaoui.ma","isPartOf":{"@id":"https:\/\/paracherkaoui.ma\/#website"},"primaryImageOfPage":{"@id":"https:\/\/paracherkaoui.ma\/index.php\/produit\/glisodin-eclat-de-la-peau-60-gelules\/#primaryimage"},"image":{"@id":"https:\/\/paracherkaoui.ma\/index.php\/produit\/glisodin-eclat-de-la-peau-60-gelules\/#primaryimage"},"thumbnailUrl":"https:\/\/paracherkaoui.ma\/wp-content\/uploads\/2025\/12\/glisodin-eclat-de-la-peau-60-gelules.jpg","datePublished":"2025-12-12T18:42:26+00:00","dateModified":"2025-12-12T18:42:30+00:00","breadcrumb":{"@id":"https:\/\/paracherkaoui.ma\/index.php\/produit\/glisodin-eclat-de-la-peau-60-gelules\/#breadcrumb"},"inLanguage":"fr-FR","potentialAction":[{"@type":"ReadAction","target":["https:\/\/paracherkaoui.ma\/index.php\/produit\/glisodin-eclat-de-la-peau-60-gelules\/"]}]},{"@type":"ImageObject","inLanguage":"fr-FR","@id":"https:\/\/paracherkaoui.ma\/index.php\/produit\/glisodin-eclat-de-la-peau-60-gelules\/#primaryimage","url":"https:\/\/paracherkaoui.ma\/wp-content\/uploads\/2025\/12\/glisodin-eclat-de-la-peau-60-gelules.jpg","contentUrl":"https:\/\/paracherkaoui.ma\/wp-content\/uploads\/2025\/12\/glisodin-eclat-de-la-peau-60-gelules.jpg","width":700,"height":700},{"@type":"BreadcrumbList","@id":"https:\/\/paracherkaoui.ma\/index.php\/produit\/glisodin-eclat-de-la-peau-60-gelules\/#breadcrumb","itemListElement":[{"@type":"ListItem","position":1,"name":"Accueil","item":"https:\/\/paracherkaoui.ma\/"},{"@type":"ListItem","position":2,"name":"Boutique","item":"https:\/\/paracherkaoui.ma\/index.php\/boutique\/"},{"@type":"ListItem","position":3,"name":"GLISODIN ECLAT DE LA PEAU 60 GELULES"}]},{"@type":"WebSite","@id":"https:\/\/paracherkaoui.ma\/#website","url":"https:\/\/paracherkaoui.ma\/","name":"Paracherkaoui.ma","description":"Achetez en ligne sur Paracherkaoui.ma","potentialAction":[{"@type":"SearchAction","target":{"@type":"EntryPoint","urlTemplate":"https:\/\/paracherkaoui.ma\/?s={search_term_string}"},"query-input":{"@type":"PropertyValueSpecification","valueRequired":true,"valueName":"search_term_string"}}],"inLanguage":"fr-FR"}]}},"_links":{"self":[{"href":"https:\/\/paracherkaoui.ma\/index.php\/wp-json\/wp\/v2\/product\/54945","targetHints":{"allow":["GET"]}}],"collection":[{"href":"https:\/\/paracherkaoui.ma\/index.php\/wp-json\/wp\/v2\/product"}],"about":[{"href":"https:\/\/paracherkaoui.ma\/index.php\/wp-json\/wp\/v2\/types\/product"}],"replies":[{"embeddable":true,"href":"https:\/\/paracherkaoui.ma\/index.php\/wp-json\/wp\/v2\/comments?post=54945"}],"version-history":[{"count":1,"href":"https:\/\/paracherkaoui.ma\/index.php\/wp-json\/wp\/v2\/product\/54945\/revisions"}],"predecessor-version":[{"id":54986,"href":"https:\/\/paracherkaoui.ma\/index.php\/wp-json\/wp\/v2\/product\/54945\/revisions\/54986"}],"wp:featuredmedia":[{"embeddable":true,"href":"https:\/\/paracherkaoui.ma\/index.php\/wp-json\/wp\/v2\/media\/54985"}],"wp:attachment":[{"href":"https:\/\/paracherkaoui.ma\/index.php\/wp-json\/wp\/v2\/media?parent=54945"}],"wp:term":[{"taxonomy":"product_brand","embeddable":true,"href":"https:\/\/paracherkaoui.ma\/index.php\/wp-json\/wp\/v2\/product_brand?post=54945"},{"taxonomy":"product_cat","embeddable":true,"href":"https:\/\/paracherkaoui.ma\/index.php\/wp-json\/wp\/v2\/product_cat?post=54945"},{"taxonomy":"product_tag","embeddable":true,"href":"https:\/\/paracherkaoui.ma\/index.php\/wp-json\/wp\/v2\/product_tag?post=54945"}],"curies":[{"name":"wp","href":"https:\/\/api.w.org\/{rel}","templated":true}]}}