{"id":54944,"date":"2025-12-12T19:42:25","date_gmt":"2025-12-12T18:42:25","guid":{"rendered":"https:\/\/test.ecbeaute.com\/?post_type=product&#038;p=54944"},"modified":"2025-12-12T19:42:29","modified_gmt":"2025-12-12T18:42:29","slug":"cantabria-heliocare-ultra-d-30-capsules-2","status":"publish","type":"product","link":"https:\/\/paracherkaoui.ma\/index.php\/produit\/cantabria-heliocare-ultra-d-30-capsules-2\/","title":{"rendered":"CANTABRIA HELIOCARE ULTRA D 30 CAPSULES"},"content":{"rendered":"<p>Compl\u00e9ment alimentaire \u00e0 base de vitamine D qui renforce la peau et la prot\u00e8ge contre l\u2019\u00e9ryth\u00e8me solaire. *<br \/>\nPropri\u00e9t\u00e9s<br \/>\nHeliocare Ultra-D est le premier photo-immunoprotecteur oral \u00e0 base de vitamine D. Formul\u00e9 \u00e0 base du Fernblock\u00ae, un actif unique dont l\u2019action photo protectrice a \u00e9t\u00e9 d\u00e9montr\u00e9e, il pr\u00e9serve les d\u00e9fenses naturelles de la peau, prot\u00e8ge et r\u00e9pare l&rsquo;ADN des cellules, neutralise les radicaux libres, renforce la peau et la prot\u00e8ge contre l\u2019\u00e9ryth\u00e8me solaire. Il contient \u00e9galement des actifs antioxydants qui renforcent son action photo-immuno protectrice, tels que la vitamine C et le lycop\u00e8ne. La lut\u00e9ine aide \u00e0 prot\u00e9ger la muqueuse de l\u2019\u0153il. Heliocare Ultra-D est particuli\u00e8rement indiqu\u00e9 pour prot\u00e9ger les peaux intol\u00e9rantes au soleil, les phototypes tr\u00e8s clairs et les peaux pr\u00e9sentant des hyper pigmentations. Il offre \u00e9galement une protection efficace aux personnes pr\u00e9sentant des photo dermatoses (allergies solaires, lucite polymorphe), aux personnes ayant des ant\u00e9c\u00e9dents de cancer cutan\u00e9 et aux personnes sous un traitement photosensibilisant.<br \/>\nSubstances actives<br \/>\nLe Fernblock doit ses pouvoirs au Poly podium leucotomos, une foug\u00e8re tropicale originaire de l&rsquo;Am\u00e9rique centrale qui est pass\u00e9e de la vie aquatique \u00e0 la vie terrestre en d\u00e9veloppant des m\u00e9canismes de photo protection et de r\u00e9paration :<br \/>\nProtection contre l\u2019\u00e9ryth\u00e8me solaire : le Fernblock augmente la r\u00e9sistance de la peau et des muqueuses contre le soleil et renforce leurs capacit\u00e9s de protection contre les coups de soleil occasionn\u00e9s par les rayons UVB.<br \/>\nPropri\u00e9t\u00e9s antioxydantes et anti-\u00e2ge : l\u2019association innovatrice de filtres anti-UV au Fernblock prot\u00e8ge la peau contre les radicaux libres qui sont susceptibles de modifier son architecture, permettant ainsi d&rsquo;\u00e9viter l&rsquo;apparition de rides, de s\u00e9cheresse cutan\u00e9e et de taches.<br \/>\nProtection et r\u00e9paration de l&rsquo;ADN : les rayons solaires \u00e9tant susceptibles d\u2019alt\u00e9rer notre mat\u00e9riel g\u00e9n\u00e9tique, l\u2019exposition solaire exag\u00e9r\u00e9e peut avoir des cons\u00e9quences graves telles que les cancers de la peau. Le Fernblock aide \u00e0 r\u00e9duire ces d\u00e9g\u00e2ts et permet de r\u00e9parer les effets n\u00e9fastes des rayons UVB.<br \/>\nProtection immunitaire : les rayons UV affaiblissent les d\u00e9fenses immunitaires de la peau. Administr\u00e9 par voie orale, le Fernblock maintient la capacit\u00e9 des cellules cutan\u00e9es de se d\u00e9fendre contre les agressions externes.<br \/>\nMode d&#8217;emploi<br \/>\nPrendre une g\u00e9lule par jour le matin.<\/p>\n","protected":false},"excerpt":{"rendered":"<p>Compl\u00e9ment alimentaire \u00e0 base de vitamine D qui renforce la peau et la prot\u00e8ge contre l\u2019\u00e9ryth\u00e8me solaire. * Propri\u00e9t\u00e9s Heliocare<\/p>\n","protected":false},"featured_media":47824,"comment_status":"open","ping_status":"closed","template":"","meta":[],"product_brand":[147],"product_cat":[1060],"product_tag":[],"class_list":{"0":"post-54944","1":"product","2":"type-product","3":"status-publish","4":"has-post-thumbnail","6":"product_brand-cantabria","7":"product_cat-complements-alimentaires-anti-age","9":"first","10":"instock","11":"sale","12":"shipping-taxable","13":"purchasable","14":"product-type-simple"},"yoast_head":"<!-- This site is optimized with the Yoast SEO plugin v26.6 - https:\/\/yoast.com\/wordpress\/plugins\/seo\/ -->\r\n<title>CANTABRIA HELIOCARE ULTRA D 30 CAPSULES - Paracherkaoui.ma<\/title>\r\n<meta name=\"robots\" content=\"index, follow, max-snippet:-1, max-image-preview:large, max-video-preview:-1\" \/>\r\n<link rel=\"canonical\" href=\"https:\/\/paracherkaoui.ma\/index.php\/produit\/cantabria-heliocare-ultra-d-30-capsules-2\/\" \/>\r\n<meta property=\"og:locale\" content=\"fr_FR\" \/>\r\n<meta property=\"og:type\" content=\"article\" \/>\r\n<meta property=\"og:title\" content=\"CANTABRIA HELIOCARE ULTRA D 30 CAPSULES - Paracherkaoui.ma\" \/>\r\n<meta property=\"og:description\" content=\"Compl\u00e9ment alimentaire \u00e0 base de vitamine D qui renforce la peau et la prot\u00e8ge contre l\u2019\u00e9ryth\u00e8me solaire. * Propri\u00e9t\u00e9s Heliocare\" \/>\r\n<meta property=\"og:url\" content=\"https:\/\/paracherkaoui.ma\/index.php\/produit\/cantabria-heliocare-ultra-d-30-capsules-2\/\" \/>\r\n<meta property=\"og:site_name\" content=\"Paracherkaoui.ma\" \/>\r\n<meta property=\"article:modified_time\" content=\"2025-12-12T18:42:29+00:00\" \/>\r\n<meta property=\"og:image\" content=\"https:\/\/paracherkaoui.ma\/wp-content\/uploads\/2025\/12\/cantabria-heliocare-ultra-d-30-capsules.jpg\" \/>\r\n\t<meta property=\"og:image:width\" content=\"700\" \/>\r\n\t<meta property=\"og:image:height\" content=\"700\" \/>\r\n\t<meta property=\"og:image:type\" content=\"image\/jpeg\" \/>\r\n<meta name=\"twitter:card\" content=\"summary_large_image\" \/>\r\n<meta name=\"twitter:label1\" content=\"Dur\u00e9e de lecture estim\u00e9e\" \/>\n\t<meta name=\"twitter:data1\" content=\"2 minutes\" \/>\r\n<script type=\"application\/ld+json\" class=\"yoast-schema-graph\">{\"@context\":\"https:\/\/schema.org\",\"@graph\":[{\"@type\":\"WebPage\",\"@id\":\"https:\/\/paracherkaoui.ma\/index.php\/produit\/cantabria-heliocare-ultra-d-30-capsules-2\/\",\"url\":\"https:\/\/paracherkaoui.ma\/index.php\/produit\/cantabria-heliocare-ultra-d-30-capsules-2\/\",\"name\":\"CANTABRIA HELIOCARE ULTRA D 30 CAPSULES - Paracherkaoui.ma\",\"isPartOf\":{\"@id\":\"https:\/\/paracherkaoui.ma\/#website\"},\"primaryImageOfPage\":{\"@id\":\"https:\/\/paracherkaoui.ma\/index.php\/produit\/cantabria-heliocare-ultra-d-30-capsules-2\/#primaryimage\"},\"image\":{\"@id\":\"https:\/\/paracherkaoui.ma\/index.php\/produit\/cantabria-heliocare-ultra-d-30-capsules-2\/#primaryimage\"},\"thumbnailUrl\":\"https:\/\/paracherkaoui.ma\/wp-content\/uploads\/2025\/12\/cantabria-heliocare-ultra-d-30-capsules.jpg\",\"datePublished\":\"2025-12-12T18:42:25+00:00\",\"dateModified\":\"2025-12-12T18:42:29+00:00\",\"breadcrumb\":{\"@id\":\"https:\/\/paracherkaoui.ma\/index.php\/produit\/cantabria-heliocare-ultra-d-30-capsules-2\/#breadcrumb\"},\"inLanguage\":\"fr-FR\",\"potentialAction\":[{\"@type\":\"ReadAction\",\"target\":[\"https:\/\/paracherkaoui.ma\/index.php\/produit\/cantabria-heliocare-ultra-d-30-capsules-2\/\"]}]},{\"@type\":\"ImageObject\",\"inLanguage\":\"fr-FR\",\"@id\":\"https:\/\/paracherkaoui.ma\/index.php\/produit\/cantabria-heliocare-ultra-d-30-capsules-2\/#primaryimage\",\"url\":\"https:\/\/paracherkaoui.ma\/wp-content\/uploads\/2025\/12\/cantabria-heliocare-ultra-d-30-capsules.jpg\",\"contentUrl\":\"https:\/\/paracherkaoui.ma\/wp-content\/uploads\/2025\/12\/cantabria-heliocare-ultra-d-30-capsules.jpg\",\"width\":700,\"height\":700},{\"@type\":\"BreadcrumbList\",\"@id\":\"https:\/\/paracherkaoui.ma\/index.php\/produit\/cantabria-heliocare-ultra-d-30-capsules-2\/#breadcrumb\",\"itemListElement\":[{\"@type\":\"ListItem\",\"position\":1,\"name\":\"Accueil\",\"item\":\"https:\/\/paracherkaoui.ma\/\"},{\"@type\":\"ListItem\",\"position\":2,\"name\":\"Boutique\",\"item\":\"https:\/\/paracherkaoui.ma\/index.php\/boutique\/\"},{\"@type\":\"ListItem\",\"position\":3,\"name\":\"CANTABRIA HELIOCARE ULTRA D 30 CAPSULES\"}]},{\"@type\":\"WebSite\",\"@id\":\"https:\/\/paracherkaoui.ma\/#website\",\"url\":\"https:\/\/paracherkaoui.ma\/\",\"name\":\"Paracherkaoui.ma\",\"description\":\"Achetez en ligne sur Paracherkaoui.ma\",\"potentialAction\":[{\"@type\":\"SearchAction\",\"target\":{\"@type\":\"EntryPoint\",\"urlTemplate\":\"https:\/\/paracherkaoui.ma\/?s={search_term_string}\"},\"query-input\":{\"@type\":\"PropertyValueSpecification\",\"valueRequired\":true,\"valueName\":\"search_term_string\"}}],\"inLanguage\":\"fr-FR\"}]}<\/script>\r\n<!-- \/ Yoast SEO plugin. -->","yoast_head_json":{"title":"CANTABRIA HELIOCARE ULTRA D 30 CAPSULES - Paracherkaoui.ma","robots":{"index":"index","follow":"follow","max-snippet":"max-snippet:-1","max-image-preview":"max-image-preview:large","max-video-preview":"max-video-preview:-1"},"canonical":"https:\/\/paracherkaoui.ma\/index.php\/produit\/cantabria-heliocare-ultra-d-30-capsules-2\/","og_locale":"fr_FR","og_type":"article","og_title":"CANTABRIA HELIOCARE ULTRA D 30 CAPSULES - Paracherkaoui.ma","og_description":"Compl\u00e9ment alimentaire \u00e0 base de vitamine D qui renforce la peau et la prot\u00e8ge contre l\u2019\u00e9ryth\u00e8me solaire. * Propri\u00e9t\u00e9s Heliocare","og_url":"https:\/\/paracherkaoui.ma\/index.php\/produit\/cantabria-heliocare-ultra-d-30-capsules-2\/","og_site_name":"Paracherkaoui.ma","article_modified_time":"2025-12-12T18:42:29+00:00","og_image":[{"width":700,"height":700,"url":"https:\/\/paracherkaoui.ma\/wp-content\/uploads\/2025\/12\/cantabria-heliocare-ultra-d-30-capsules.jpg","type":"image\/jpeg"}],"twitter_card":"summary_large_image","twitter_misc":{"Dur\u00e9e de lecture estim\u00e9e":"2 minutes"},"schema":{"@context":"https:\/\/schema.org","@graph":[{"@type":"WebPage","@id":"https:\/\/paracherkaoui.ma\/index.php\/produit\/cantabria-heliocare-ultra-d-30-capsules-2\/","url":"https:\/\/paracherkaoui.ma\/index.php\/produit\/cantabria-heliocare-ultra-d-30-capsules-2\/","name":"CANTABRIA HELIOCARE ULTRA D 30 CAPSULES - Paracherkaoui.ma","isPartOf":{"@id":"https:\/\/paracherkaoui.ma\/#website"},"primaryImageOfPage":{"@id":"https:\/\/paracherkaoui.ma\/index.php\/produit\/cantabria-heliocare-ultra-d-30-capsules-2\/#primaryimage"},"image":{"@id":"https:\/\/paracherkaoui.ma\/index.php\/produit\/cantabria-heliocare-ultra-d-30-capsules-2\/#primaryimage"},"thumbnailUrl":"https:\/\/paracherkaoui.ma\/wp-content\/uploads\/2025\/12\/cantabria-heliocare-ultra-d-30-capsules.jpg","datePublished":"2025-12-12T18:42:25+00:00","dateModified":"2025-12-12T18:42:29+00:00","breadcrumb":{"@id":"https:\/\/paracherkaoui.ma\/index.php\/produit\/cantabria-heliocare-ultra-d-30-capsules-2\/#breadcrumb"},"inLanguage":"fr-FR","potentialAction":[{"@type":"ReadAction","target":["https:\/\/paracherkaoui.ma\/index.php\/produit\/cantabria-heliocare-ultra-d-30-capsules-2\/"]}]},{"@type":"ImageObject","inLanguage":"fr-FR","@id":"https:\/\/paracherkaoui.ma\/index.php\/produit\/cantabria-heliocare-ultra-d-30-capsules-2\/#primaryimage","url":"https:\/\/paracherkaoui.ma\/wp-content\/uploads\/2025\/12\/cantabria-heliocare-ultra-d-30-capsules.jpg","contentUrl":"https:\/\/paracherkaoui.ma\/wp-content\/uploads\/2025\/12\/cantabria-heliocare-ultra-d-30-capsules.jpg","width":700,"height":700},{"@type":"BreadcrumbList","@id":"https:\/\/paracherkaoui.ma\/index.php\/produit\/cantabria-heliocare-ultra-d-30-capsules-2\/#breadcrumb","itemListElement":[{"@type":"ListItem","position":1,"name":"Accueil","item":"https:\/\/paracherkaoui.ma\/"},{"@type":"ListItem","position":2,"name":"Boutique","item":"https:\/\/paracherkaoui.ma\/index.php\/boutique\/"},{"@type":"ListItem","position":3,"name":"CANTABRIA HELIOCARE ULTRA D 30 CAPSULES"}]},{"@type":"WebSite","@id":"https:\/\/paracherkaoui.ma\/#website","url":"https:\/\/paracherkaoui.ma\/","name":"Paracherkaoui.ma","description":"Achetez en ligne sur Paracherkaoui.ma","potentialAction":[{"@type":"SearchAction","target":{"@type":"EntryPoint","urlTemplate":"https:\/\/paracherkaoui.ma\/?s={search_term_string}"},"query-input":{"@type":"PropertyValueSpecification","valueRequired":true,"valueName":"search_term_string"}}],"inLanguage":"fr-FR"}]}},"_links":{"self":[{"href":"https:\/\/paracherkaoui.ma\/index.php\/wp-json\/wp\/v2\/product\/54944","targetHints":{"allow":["GET"]}}],"collection":[{"href":"https:\/\/paracherkaoui.ma\/index.php\/wp-json\/wp\/v2\/product"}],"about":[{"href":"https:\/\/paracherkaoui.ma\/index.php\/wp-json\/wp\/v2\/types\/product"}],"replies":[{"embeddable":true,"href":"https:\/\/paracherkaoui.ma\/index.php\/wp-json\/wp\/v2\/comments?post=54944"}],"version-history":[{"count":1,"href":"https:\/\/paracherkaoui.ma\/index.php\/wp-json\/wp\/v2\/product\/54944\/revisions"}],"predecessor-version":[{"id":54984,"href":"https:\/\/paracherkaoui.ma\/index.php\/wp-json\/wp\/v2\/product\/54944\/revisions\/54984"}],"wp:featuredmedia":[{"embeddable":true,"href":"https:\/\/paracherkaoui.ma\/index.php\/wp-json\/wp\/v2\/media\/47824"}],"wp:attachment":[{"href":"https:\/\/paracherkaoui.ma\/index.php\/wp-json\/wp\/v2\/media?parent=54944"}],"wp:term":[{"taxonomy":"product_brand","embeddable":true,"href":"https:\/\/paracherkaoui.ma\/index.php\/wp-json\/wp\/v2\/product_brand?post=54944"},{"taxonomy":"product_cat","embeddable":true,"href":"https:\/\/paracherkaoui.ma\/index.php\/wp-json\/wp\/v2\/product_cat?post=54944"},{"taxonomy":"product_tag","embeddable":true,"href":"https:\/\/paracherkaoui.ma\/index.php\/wp-json\/wp\/v2\/product_tag?post=54944"}],"curies":[{"name":"wp","href":"https:\/\/api.w.org\/{rel}","templated":true}]}}