{"id":54943,"date":"2025-12-12T19:42:25","date_gmt":"2025-12-12T18:42:25","guid":{"rendered":"https:\/\/test.ecbeaute.com\/?post_type=product&#038;p=54943"},"modified":"2025-12-12T19:42:29","modified_gmt":"2025-12-12T18:42:29","slug":"vertuplus-collagene-marin-vitamine-c-90-gelule","status":"publish","type":"product","link":"https:\/\/paracherkaoui.ma\/index.php\/produit\/vertuplus-collagene-marin-vitamine-c-90-gelule\/","title":{"rendered":"VERTUPLUS COLLAGENE MARIN + VITAMINE C 90 GELULE"},"content":{"rendered":"<p>Le collag\u00e8ne marin, v\u00e9ritable tr\u00e9sor naturel, est une prot\u00e9ine essentielle pour le bon fonctionnement de l\u2019organisme humain. Il constitue un composant majeur des tissus conjonctifs tels que le derme, les os, le cartilage et les tendons, repr\u00e9sentant plus de 80% de leur structure. Utilis\u00e9 depuis des si\u00e8cles pour ses nombreux bienfaits, le collag\u00e8ne marin est aujourd&rsquo;hui reconnu pour ses vertus exceptionnelles qui aident \u00e0 traverser le temps en douceur.<br \/>\nSecret d\u2019une Douce Entr\u00e9e dans l\u2019\u00c2ge :<br \/>\nD\u00e9couvrez comment le collag\u00e8ne marin peut transformer votre quotidien :<br \/>\n1. Meilleure \u00c9lasticit\u00e9 de la Peau : Le collag\u00e8ne marin est c\u00e9l\u00e8bre pour sa capacit\u00e9 \u00e0 am\u00e9liorer l&rsquo;\u00e9lasticit\u00e9 de la peau. En renfor\u00e7ant la structure dermique, il rend la peau plus souple et plus r\u00e9sistante, lui donnant un aspect plus jeune et plus frais.<br \/>\n2. R\u00e9duction des Rides et \u00c9clat du Visage : En combattant les signes du vieillissement, le collag\u00e8ne marin r\u00e9duit les rides et apporte une luminosit\u00e9 naturelle \u00e0 votre visage. Vous remarquerez une peau plus lisse et un teint plus \u00e9clatant, vous faisant para\u00eetre plus jeune.<br \/>\n3. Renforcement des Cheveux et des Ongles : Le collag\u00e8ne marin ne b\u00e9n\u00e9ficie pas seulement \u00e0 la peau, mais aussi \u00e0 vos cheveux et vos ongles. Il contribue \u00e0 leur vitalit\u00e9 et \u00e0 leur force, r\u00e9duisant la casse et les fissures, et favorisant une croissance saine.<br \/>\n4. Soulagement des Douleurs Articulaires et de l\u2019Arthrose : Les propri\u00e9t\u00e9s anti-inflammatoires du collag\u00e8ne marin peuvent aider \u00e0 apaiser les inconforts articulaires et les sympt\u00f4mes li\u00e9s \u00e0 l\u2019arthrose. En lubrifiant les articulations, il am\u00e9liore leur fonction et r\u00e9duit la douleur.<br \/>\n5. Efficacit\u00e9 contre les Ruptures des Tendons et Ligaments : En renfor\u00e7ant les tendons et les ligaments, le collag\u00e8ne marin prot\u00e8ge contre les risques de rupture et assure une stabilit\u00e9 accrue, aidant \u00e0 maintenir une activit\u00e9 physique r\u00e9guli\u00e8re sans risque de blessure.<br \/>\nConseils d&rsquo;utilisation :<br \/>\nPrendre une a 2 g\u00e9lules par jour<\/p>\n","protected":false},"excerpt":{"rendered":"<p>Le collag\u00e8ne marin, v\u00e9ritable tr\u00e9sor naturel, est une prot\u00e9ine essentielle pour le bon fonctionnement de l\u2019organisme humain. Il constitue un<\/p>\n","protected":false},"featured_media":54982,"comment_status":"open","ping_status":"closed","template":"","meta":[],"product_brand":[1007],"product_cat":[1060],"product_tag":[],"class_list":{"0":"post-54943","1":"product","2":"type-product","3":"status-publish","4":"has-post-thumbnail","6":"product_brand-vertu-plus","7":"product_cat-complements-alimentaires-anti-age","9":"first","10":"instock","11":"sale","12":"shipping-taxable","13":"purchasable","14":"product-type-simple"},"yoast_head":"<!-- This site is optimized with the Yoast SEO plugin v26.6 - https:\/\/yoast.com\/wordpress\/plugins\/seo\/ -->\r\n<title>VERTUPLUS COLLAGENE MARIN + VITAMINE C 90 GELULE - Paracherkaoui.ma<\/title>\r\n<meta name=\"robots\" content=\"index, follow, max-snippet:-1, max-image-preview:large, max-video-preview:-1\" \/>\r\n<link rel=\"canonical\" href=\"https:\/\/paracherkaoui.ma\/index.php\/produit\/vertuplus-collagene-marin-vitamine-c-90-gelule\/\" \/>\r\n<meta property=\"og:locale\" content=\"fr_FR\" \/>\r\n<meta property=\"og:type\" content=\"article\" \/>\r\n<meta property=\"og:title\" content=\"VERTUPLUS COLLAGENE MARIN + VITAMINE C 90 GELULE - Paracherkaoui.ma\" \/>\r\n<meta property=\"og:description\" content=\"Le collag\u00e8ne marin, v\u00e9ritable tr\u00e9sor naturel, est une prot\u00e9ine essentielle pour le bon fonctionnement de l\u2019organisme humain. Il constitue un\" \/>\r\n<meta property=\"og:url\" content=\"https:\/\/paracherkaoui.ma\/index.php\/produit\/vertuplus-collagene-marin-vitamine-c-90-gelule\/\" \/>\r\n<meta property=\"og:site_name\" content=\"Paracherkaoui.ma\" \/>\r\n<meta property=\"article:modified_time\" content=\"2025-12-12T18:42:29+00:00\" \/>\r\n<meta property=\"og:image\" content=\"https:\/\/paracherkaoui.ma\/wp-content\/uploads\/2025\/12\/vertuplus-vertuplus-collagene-marin-vitamine-c-90-gelule-complements-alimentaires-anti-age.jpg\" \/>\r\n\t<meta property=\"og:image:width\" content=\"700\" \/>\r\n\t<meta property=\"og:image:height\" content=\"700\" \/>\r\n\t<meta property=\"og:image:type\" content=\"image\/jpeg\" \/>\r\n<meta name=\"twitter:card\" content=\"summary_large_image\" \/>\r\n<meta name=\"twitter:label1\" content=\"Dur\u00e9e de lecture estim\u00e9e\" \/>\n\t<meta name=\"twitter:data1\" content=\"2 minutes\" \/>\r\n<script type=\"application\/ld+json\" class=\"yoast-schema-graph\">{\"@context\":\"https:\/\/schema.org\",\"@graph\":[{\"@type\":\"WebPage\",\"@id\":\"https:\/\/paracherkaoui.ma\/index.php\/produit\/vertuplus-collagene-marin-vitamine-c-90-gelule\/\",\"url\":\"https:\/\/paracherkaoui.ma\/index.php\/produit\/vertuplus-collagene-marin-vitamine-c-90-gelule\/\",\"name\":\"VERTUPLUS COLLAGENE MARIN + VITAMINE C 90 GELULE - Paracherkaoui.ma\",\"isPartOf\":{\"@id\":\"https:\/\/paracherkaoui.ma\/#website\"},\"primaryImageOfPage\":{\"@id\":\"https:\/\/paracherkaoui.ma\/index.php\/produit\/vertuplus-collagene-marin-vitamine-c-90-gelule\/#primaryimage\"},\"image\":{\"@id\":\"https:\/\/paracherkaoui.ma\/index.php\/produit\/vertuplus-collagene-marin-vitamine-c-90-gelule\/#primaryimage\"},\"thumbnailUrl\":\"https:\/\/paracherkaoui.ma\/wp-content\/uploads\/2025\/12\/vertuplus-vertuplus-collagene-marin-vitamine-c-90-gelule-complements-alimentaires-anti-age.jpg\",\"datePublished\":\"2025-12-12T18:42:25+00:00\",\"dateModified\":\"2025-12-12T18:42:29+00:00\",\"breadcrumb\":{\"@id\":\"https:\/\/paracherkaoui.ma\/index.php\/produit\/vertuplus-collagene-marin-vitamine-c-90-gelule\/#breadcrumb\"},\"inLanguage\":\"fr-FR\",\"potentialAction\":[{\"@type\":\"ReadAction\",\"target\":[\"https:\/\/paracherkaoui.ma\/index.php\/produit\/vertuplus-collagene-marin-vitamine-c-90-gelule\/\"]}]},{\"@type\":\"ImageObject\",\"inLanguage\":\"fr-FR\",\"@id\":\"https:\/\/paracherkaoui.ma\/index.php\/produit\/vertuplus-collagene-marin-vitamine-c-90-gelule\/#primaryimage\",\"url\":\"https:\/\/paracherkaoui.ma\/wp-content\/uploads\/2025\/12\/vertuplus-vertuplus-collagene-marin-vitamine-c-90-gelule-complements-alimentaires-anti-age.jpg\",\"contentUrl\":\"https:\/\/paracherkaoui.ma\/wp-content\/uploads\/2025\/12\/vertuplus-vertuplus-collagene-marin-vitamine-c-90-gelule-complements-alimentaires-anti-age.jpg\",\"width\":700,\"height\":700},{\"@type\":\"BreadcrumbList\",\"@id\":\"https:\/\/paracherkaoui.ma\/index.php\/produit\/vertuplus-collagene-marin-vitamine-c-90-gelule\/#breadcrumb\",\"itemListElement\":[{\"@type\":\"ListItem\",\"position\":1,\"name\":\"Accueil\",\"item\":\"https:\/\/paracherkaoui.ma\/\"},{\"@type\":\"ListItem\",\"position\":2,\"name\":\"Boutique\",\"item\":\"https:\/\/paracherkaoui.ma\/index.php\/boutique\/\"},{\"@type\":\"ListItem\",\"position\":3,\"name\":\"VERTUPLUS COLLAGENE MARIN + VITAMINE C 90 GELULE\"}]},{\"@type\":\"WebSite\",\"@id\":\"https:\/\/paracherkaoui.ma\/#website\",\"url\":\"https:\/\/paracherkaoui.ma\/\",\"name\":\"Paracherkaoui.ma\",\"description\":\"Achetez en ligne sur Paracherkaoui.ma\",\"potentialAction\":[{\"@type\":\"SearchAction\",\"target\":{\"@type\":\"EntryPoint\",\"urlTemplate\":\"https:\/\/paracherkaoui.ma\/?s={search_term_string}\"},\"query-input\":{\"@type\":\"PropertyValueSpecification\",\"valueRequired\":true,\"valueName\":\"search_term_string\"}}],\"inLanguage\":\"fr-FR\"}]}<\/script>\r\n<!-- \/ Yoast SEO plugin. -->","yoast_head_json":{"title":"VERTUPLUS COLLAGENE MARIN + VITAMINE C 90 GELULE - Paracherkaoui.ma","robots":{"index":"index","follow":"follow","max-snippet":"max-snippet:-1","max-image-preview":"max-image-preview:large","max-video-preview":"max-video-preview:-1"},"canonical":"https:\/\/paracherkaoui.ma\/index.php\/produit\/vertuplus-collagene-marin-vitamine-c-90-gelule\/","og_locale":"fr_FR","og_type":"article","og_title":"VERTUPLUS COLLAGENE MARIN + VITAMINE C 90 GELULE - Paracherkaoui.ma","og_description":"Le collag\u00e8ne marin, v\u00e9ritable tr\u00e9sor naturel, est une prot\u00e9ine essentielle pour le bon fonctionnement de l\u2019organisme humain. Il constitue un","og_url":"https:\/\/paracherkaoui.ma\/index.php\/produit\/vertuplus-collagene-marin-vitamine-c-90-gelule\/","og_site_name":"Paracherkaoui.ma","article_modified_time":"2025-12-12T18:42:29+00:00","og_image":[{"width":700,"height":700,"url":"https:\/\/paracherkaoui.ma\/wp-content\/uploads\/2025\/12\/vertuplus-vertuplus-collagene-marin-vitamine-c-90-gelule-complements-alimentaires-anti-age.jpg","type":"image\/jpeg"}],"twitter_card":"summary_large_image","twitter_misc":{"Dur\u00e9e de lecture estim\u00e9e":"2 minutes"},"schema":{"@context":"https:\/\/schema.org","@graph":[{"@type":"WebPage","@id":"https:\/\/paracherkaoui.ma\/index.php\/produit\/vertuplus-collagene-marin-vitamine-c-90-gelule\/","url":"https:\/\/paracherkaoui.ma\/index.php\/produit\/vertuplus-collagene-marin-vitamine-c-90-gelule\/","name":"VERTUPLUS COLLAGENE MARIN + VITAMINE C 90 GELULE - Paracherkaoui.ma","isPartOf":{"@id":"https:\/\/paracherkaoui.ma\/#website"},"primaryImageOfPage":{"@id":"https:\/\/paracherkaoui.ma\/index.php\/produit\/vertuplus-collagene-marin-vitamine-c-90-gelule\/#primaryimage"},"image":{"@id":"https:\/\/paracherkaoui.ma\/index.php\/produit\/vertuplus-collagene-marin-vitamine-c-90-gelule\/#primaryimage"},"thumbnailUrl":"https:\/\/paracherkaoui.ma\/wp-content\/uploads\/2025\/12\/vertuplus-vertuplus-collagene-marin-vitamine-c-90-gelule-complements-alimentaires-anti-age.jpg","datePublished":"2025-12-12T18:42:25+00:00","dateModified":"2025-12-12T18:42:29+00:00","breadcrumb":{"@id":"https:\/\/paracherkaoui.ma\/index.php\/produit\/vertuplus-collagene-marin-vitamine-c-90-gelule\/#breadcrumb"},"inLanguage":"fr-FR","potentialAction":[{"@type":"ReadAction","target":["https:\/\/paracherkaoui.ma\/index.php\/produit\/vertuplus-collagene-marin-vitamine-c-90-gelule\/"]}]},{"@type":"ImageObject","inLanguage":"fr-FR","@id":"https:\/\/paracherkaoui.ma\/index.php\/produit\/vertuplus-collagene-marin-vitamine-c-90-gelule\/#primaryimage","url":"https:\/\/paracherkaoui.ma\/wp-content\/uploads\/2025\/12\/vertuplus-vertuplus-collagene-marin-vitamine-c-90-gelule-complements-alimentaires-anti-age.jpg","contentUrl":"https:\/\/paracherkaoui.ma\/wp-content\/uploads\/2025\/12\/vertuplus-vertuplus-collagene-marin-vitamine-c-90-gelule-complements-alimentaires-anti-age.jpg","width":700,"height":700},{"@type":"BreadcrumbList","@id":"https:\/\/paracherkaoui.ma\/index.php\/produit\/vertuplus-collagene-marin-vitamine-c-90-gelule\/#breadcrumb","itemListElement":[{"@type":"ListItem","position":1,"name":"Accueil","item":"https:\/\/paracherkaoui.ma\/"},{"@type":"ListItem","position":2,"name":"Boutique","item":"https:\/\/paracherkaoui.ma\/index.php\/boutique\/"},{"@type":"ListItem","position":3,"name":"VERTUPLUS COLLAGENE MARIN + VITAMINE C 90 GELULE"}]},{"@type":"WebSite","@id":"https:\/\/paracherkaoui.ma\/#website","url":"https:\/\/paracherkaoui.ma\/","name":"Paracherkaoui.ma","description":"Achetez en ligne sur Paracherkaoui.ma","potentialAction":[{"@type":"SearchAction","target":{"@type":"EntryPoint","urlTemplate":"https:\/\/paracherkaoui.ma\/?s={search_term_string}"},"query-input":{"@type":"PropertyValueSpecification","valueRequired":true,"valueName":"search_term_string"}}],"inLanguage":"fr-FR"}]}},"_links":{"self":[{"href":"https:\/\/paracherkaoui.ma\/index.php\/wp-json\/wp\/v2\/product\/54943","targetHints":{"allow":["GET"]}}],"collection":[{"href":"https:\/\/paracherkaoui.ma\/index.php\/wp-json\/wp\/v2\/product"}],"about":[{"href":"https:\/\/paracherkaoui.ma\/index.php\/wp-json\/wp\/v2\/types\/product"}],"replies":[{"embeddable":true,"href":"https:\/\/paracherkaoui.ma\/index.php\/wp-json\/wp\/v2\/comments?post=54943"}],"version-history":[{"count":1,"href":"https:\/\/paracherkaoui.ma\/index.php\/wp-json\/wp\/v2\/product\/54943\/revisions"}],"predecessor-version":[{"id":54983,"href":"https:\/\/paracherkaoui.ma\/index.php\/wp-json\/wp\/v2\/product\/54943\/revisions\/54983"}],"wp:featuredmedia":[{"embeddable":true,"href":"https:\/\/paracherkaoui.ma\/index.php\/wp-json\/wp\/v2\/media\/54982"}],"wp:attachment":[{"href":"https:\/\/paracherkaoui.ma\/index.php\/wp-json\/wp\/v2\/media?parent=54943"}],"wp:term":[{"taxonomy":"product_brand","embeddable":true,"href":"https:\/\/paracherkaoui.ma\/index.php\/wp-json\/wp\/v2\/product_brand?post=54943"},{"taxonomy":"product_cat","embeddable":true,"href":"https:\/\/paracherkaoui.ma\/index.php\/wp-json\/wp\/v2\/product_cat?post=54943"},{"taxonomy":"product_tag","embeddable":true,"href":"https:\/\/paracherkaoui.ma\/index.php\/wp-json\/wp\/v2\/product_tag?post=54943"}],"curies":[{"name":"wp","href":"https:\/\/api.w.org\/{rel}","templated":true}]}}