{"id":54937,"date":"2025-12-12T19:42:25","date_gmt":"2025-12-12T18:42:25","guid":{"rendered":"https:\/\/test.ecbeaute.com\/?post_type=product&#038;p=54937"},"modified":"2025-12-12T19:42:28","modified_gmt":"2025-12-12T18:42:28","slug":"auracos-pro-collagenium-14-ampoules-buvables","status":"publish","type":"product","link":"https:\/\/paracherkaoui.ma\/index.php\/produit\/auracos-pro-collagenium-14-ampoules-buvables\/","title":{"rendered":"AURACOS PRO COLLAGENIUM 14 AMPOULES BUVABLES"},"content":{"rendered":"<p>Description<br \/>\nPro\u00b7Collagenium est un compl\u00e9ment alimentaire r\u00e9volutionnaire, en solution buvable, \u00e0 base de collag\u00e8ne marin super-concentr\u00e9 (10.000 mg)\u00a0: un composant reconnu pour sa forte contribution \u00e0 une apparence parfaite de la peau en agissant de l\u2019int\u00e9rieur, et non pas de mani\u00e8re superficielle, comme c\u2019est le cas pour les cr\u00e8mes et les s\u00e9rums.Pro\u00b7Collagenium a d\u00e9montr\u00e9 cliniquement sa capacit\u00e9 \u00e0 ralentir le processus du vieillissement de la peau dans ses couches les plus profondes, avec des effets significatifs sur la texture de la peau observables apr\u00e8s seulement 3 mois de cure journali\u00e8re : \u2013 Augmentation du taux d\u2019hydratation de la peau de 28% (au bout de 2 mois de cure seulement). \u2013 Diminution de la fragmentation du collag\u00e8ne cutan\u00e9 de 31%. \u2013 R\u00e9duction du taux de formation de nouvelles rides de 30%. \u2013 Diminution du nombre de micro-sillons cutan\u00e9s de 26%. \u2013 Augmentation de l\u2019\u00e9lasticit\u00e9 de la peau de 19%.<br \/>\nConseils d&rsquo;utilisation:<br \/>\nTous les jours buvez 1 flacon de Pro-Collagenium, \u00e0 consommer le matin au moment du petit d\u00e9jeuner.<\/p>\n","protected":false},"excerpt":{"rendered":"<p>Description Pro\u00b7Collagenium est un compl\u00e9ment alimentaire r\u00e9volutionnaire, en solution buvable, \u00e0 base de collag\u00e8ne marin super-concentr\u00e9 (10.000 mg)\u00a0: un composant<\/p>\n","protected":false},"featured_media":54971,"comment_status":"open","ping_status":"closed","template":"","meta":[],"product_brand":[868],"product_cat":[1060],"product_tag":[],"class_list":{"0":"post-54937","1":"product","2":"type-product","3":"status-publish","4":"has-post-thumbnail","6":"product_brand-auracos-geneva","7":"product_cat-complements-alimentaires-anti-age","9":"first","10":"instock","11":"sale","12":"shipping-taxable","13":"purchasable","14":"product-type-simple"},"yoast_head":"<!-- This site is optimized with the Yoast SEO plugin v26.6 - https:\/\/yoast.com\/wordpress\/plugins\/seo\/ -->\r\n<title>AURACOS PRO COLLAGENIUM 14 AMPOULES BUVABLES - Paracherkaoui.ma<\/title>\r\n<meta name=\"robots\" content=\"index, follow, max-snippet:-1, max-image-preview:large, max-video-preview:-1\" \/>\r\n<link rel=\"canonical\" href=\"https:\/\/paracherkaoui.ma\/index.php\/produit\/auracos-pro-collagenium-14-ampoules-buvables\/\" \/>\r\n<meta property=\"og:locale\" content=\"fr_FR\" \/>\r\n<meta property=\"og:type\" content=\"article\" \/>\r\n<meta property=\"og:title\" content=\"AURACOS PRO COLLAGENIUM 14 AMPOULES BUVABLES - Paracherkaoui.ma\" \/>\r\n<meta property=\"og:description\" content=\"Description Pro\u00b7Collagenium est un compl\u00e9ment alimentaire r\u00e9volutionnaire, en solution buvable, \u00e0 base de collag\u00e8ne marin super-concentr\u00e9 (10.000 mg)\u00a0: un composant\" \/>\r\n<meta property=\"og:url\" content=\"https:\/\/paracherkaoui.ma\/index.php\/produit\/auracos-pro-collagenium-14-ampoules-buvables\/\" \/>\r\n<meta property=\"og:site_name\" content=\"Paracherkaoui.ma\" \/>\r\n<meta property=\"article:modified_time\" content=\"2025-12-12T18:42:28+00:00\" \/>\r\n<meta property=\"og:image\" content=\"https:\/\/paracherkaoui.ma\/wp-content\/uploads\/2025\/12\/auracos-geneva-auracos-pro-collagenium-14-ampoules-buvables-complements-alimentaires-anti-age.jpg\" \/>\r\n\t<meta property=\"og:image:width\" content=\"700\" \/>\r\n\t<meta property=\"og:image:height\" content=\"700\" \/>\r\n\t<meta property=\"og:image:type\" content=\"image\/jpeg\" \/>\r\n<meta name=\"twitter:card\" content=\"summary_large_image\" \/>\r\n<meta name=\"twitter:label1\" content=\"Dur\u00e9e de lecture estim\u00e9e\" \/>\n\t<meta name=\"twitter:data1\" content=\"1 minute\" \/>\r\n<script type=\"application\/ld+json\" class=\"yoast-schema-graph\">{\"@context\":\"https:\/\/schema.org\",\"@graph\":[{\"@type\":\"WebPage\",\"@id\":\"https:\/\/paracherkaoui.ma\/index.php\/produit\/auracos-pro-collagenium-14-ampoules-buvables\/\",\"url\":\"https:\/\/paracherkaoui.ma\/index.php\/produit\/auracos-pro-collagenium-14-ampoules-buvables\/\",\"name\":\"AURACOS PRO COLLAGENIUM 14 AMPOULES BUVABLES - Paracherkaoui.ma\",\"isPartOf\":{\"@id\":\"https:\/\/paracherkaoui.ma\/#website\"},\"primaryImageOfPage\":{\"@id\":\"https:\/\/paracherkaoui.ma\/index.php\/produit\/auracos-pro-collagenium-14-ampoules-buvables\/#primaryimage\"},\"image\":{\"@id\":\"https:\/\/paracherkaoui.ma\/index.php\/produit\/auracos-pro-collagenium-14-ampoules-buvables\/#primaryimage\"},\"thumbnailUrl\":\"https:\/\/paracherkaoui.ma\/wp-content\/uploads\/2025\/12\/auracos-geneva-auracos-pro-collagenium-14-ampoules-buvables-complements-alimentaires-anti-age.jpg\",\"datePublished\":\"2025-12-12T18:42:25+00:00\",\"dateModified\":\"2025-12-12T18:42:28+00:00\",\"breadcrumb\":{\"@id\":\"https:\/\/paracherkaoui.ma\/index.php\/produit\/auracos-pro-collagenium-14-ampoules-buvables\/#breadcrumb\"},\"inLanguage\":\"fr-FR\",\"potentialAction\":[{\"@type\":\"ReadAction\",\"target\":[\"https:\/\/paracherkaoui.ma\/index.php\/produit\/auracos-pro-collagenium-14-ampoules-buvables\/\"]}]},{\"@type\":\"ImageObject\",\"inLanguage\":\"fr-FR\",\"@id\":\"https:\/\/paracherkaoui.ma\/index.php\/produit\/auracos-pro-collagenium-14-ampoules-buvables\/#primaryimage\",\"url\":\"https:\/\/paracherkaoui.ma\/wp-content\/uploads\/2025\/12\/auracos-geneva-auracos-pro-collagenium-14-ampoules-buvables-complements-alimentaires-anti-age.jpg\",\"contentUrl\":\"https:\/\/paracherkaoui.ma\/wp-content\/uploads\/2025\/12\/auracos-geneva-auracos-pro-collagenium-14-ampoules-buvables-complements-alimentaires-anti-age.jpg\",\"width\":700,\"height\":700},{\"@type\":\"BreadcrumbList\",\"@id\":\"https:\/\/paracherkaoui.ma\/index.php\/produit\/auracos-pro-collagenium-14-ampoules-buvables\/#breadcrumb\",\"itemListElement\":[{\"@type\":\"ListItem\",\"position\":1,\"name\":\"Accueil\",\"item\":\"https:\/\/paracherkaoui.ma\/\"},{\"@type\":\"ListItem\",\"position\":2,\"name\":\"Boutique\",\"item\":\"https:\/\/paracherkaoui.ma\/index.php\/boutique\/\"},{\"@type\":\"ListItem\",\"position\":3,\"name\":\"AURACOS PRO COLLAGENIUM 14 AMPOULES BUVABLES\"}]},{\"@type\":\"WebSite\",\"@id\":\"https:\/\/paracherkaoui.ma\/#website\",\"url\":\"https:\/\/paracherkaoui.ma\/\",\"name\":\"Paracherkaoui.ma\",\"description\":\"Achetez en ligne sur Paracherkaoui.ma\",\"potentialAction\":[{\"@type\":\"SearchAction\",\"target\":{\"@type\":\"EntryPoint\",\"urlTemplate\":\"https:\/\/paracherkaoui.ma\/?s={search_term_string}\"},\"query-input\":{\"@type\":\"PropertyValueSpecification\",\"valueRequired\":true,\"valueName\":\"search_term_string\"}}],\"inLanguage\":\"fr-FR\"}]}<\/script>\r\n<!-- \/ Yoast SEO plugin. -->","yoast_head_json":{"title":"AURACOS PRO COLLAGENIUM 14 AMPOULES BUVABLES - Paracherkaoui.ma","robots":{"index":"index","follow":"follow","max-snippet":"max-snippet:-1","max-image-preview":"max-image-preview:large","max-video-preview":"max-video-preview:-1"},"canonical":"https:\/\/paracherkaoui.ma\/index.php\/produit\/auracos-pro-collagenium-14-ampoules-buvables\/","og_locale":"fr_FR","og_type":"article","og_title":"AURACOS PRO COLLAGENIUM 14 AMPOULES BUVABLES - Paracherkaoui.ma","og_description":"Description Pro\u00b7Collagenium est un compl\u00e9ment alimentaire r\u00e9volutionnaire, en solution buvable, \u00e0 base de collag\u00e8ne marin super-concentr\u00e9 (10.000 mg)\u00a0: un composant","og_url":"https:\/\/paracherkaoui.ma\/index.php\/produit\/auracos-pro-collagenium-14-ampoules-buvables\/","og_site_name":"Paracherkaoui.ma","article_modified_time":"2025-12-12T18:42:28+00:00","og_image":[{"width":700,"height":700,"url":"https:\/\/paracherkaoui.ma\/wp-content\/uploads\/2025\/12\/auracos-geneva-auracos-pro-collagenium-14-ampoules-buvables-complements-alimentaires-anti-age.jpg","type":"image\/jpeg"}],"twitter_card":"summary_large_image","twitter_misc":{"Dur\u00e9e de lecture estim\u00e9e":"1 minute"},"schema":{"@context":"https:\/\/schema.org","@graph":[{"@type":"WebPage","@id":"https:\/\/paracherkaoui.ma\/index.php\/produit\/auracos-pro-collagenium-14-ampoules-buvables\/","url":"https:\/\/paracherkaoui.ma\/index.php\/produit\/auracos-pro-collagenium-14-ampoules-buvables\/","name":"AURACOS PRO COLLAGENIUM 14 AMPOULES BUVABLES - Paracherkaoui.ma","isPartOf":{"@id":"https:\/\/paracherkaoui.ma\/#website"},"primaryImageOfPage":{"@id":"https:\/\/paracherkaoui.ma\/index.php\/produit\/auracos-pro-collagenium-14-ampoules-buvables\/#primaryimage"},"image":{"@id":"https:\/\/paracherkaoui.ma\/index.php\/produit\/auracos-pro-collagenium-14-ampoules-buvables\/#primaryimage"},"thumbnailUrl":"https:\/\/paracherkaoui.ma\/wp-content\/uploads\/2025\/12\/auracos-geneva-auracos-pro-collagenium-14-ampoules-buvables-complements-alimentaires-anti-age.jpg","datePublished":"2025-12-12T18:42:25+00:00","dateModified":"2025-12-12T18:42:28+00:00","breadcrumb":{"@id":"https:\/\/paracherkaoui.ma\/index.php\/produit\/auracos-pro-collagenium-14-ampoules-buvables\/#breadcrumb"},"inLanguage":"fr-FR","potentialAction":[{"@type":"ReadAction","target":["https:\/\/paracherkaoui.ma\/index.php\/produit\/auracos-pro-collagenium-14-ampoules-buvables\/"]}]},{"@type":"ImageObject","inLanguage":"fr-FR","@id":"https:\/\/paracherkaoui.ma\/index.php\/produit\/auracos-pro-collagenium-14-ampoules-buvables\/#primaryimage","url":"https:\/\/paracherkaoui.ma\/wp-content\/uploads\/2025\/12\/auracos-geneva-auracos-pro-collagenium-14-ampoules-buvables-complements-alimentaires-anti-age.jpg","contentUrl":"https:\/\/paracherkaoui.ma\/wp-content\/uploads\/2025\/12\/auracos-geneva-auracos-pro-collagenium-14-ampoules-buvables-complements-alimentaires-anti-age.jpg","width":700,"height":700},{"@type":"BreadcrumbList","@id":"https:\/\/paracherkaoui.ma\/index.php\/produit\/auracos-pro-collagenium-14-ampoules-buvables\/#breadcrumb","itemListElement":[{"@type":"ListItem","position":1,"name":"Accueil","item":"https:\/\/paracherkaoui.ma\/"},{"@type":"ListItem","position":2,"name":"Boutique","item":"https:\/\/paracherkaoui.ma\/index.php\/boutique\/"},{"@type":"ListItem","position":3,"name":"AURACOS PRO COLLAGENIUM 14 AMPOULES BUVABLES"}]},{"@type":"WebSite","@id":"https:\/\/paracherkaoui.ma\/#website","url":"https:\/\/paracherkaoui.ma\/","name":"Paracherkaoui.ma","description":"Achetez en ligne sur Paracherkaoui.ma","potentialAction":[{"@type":"SearchAction","target":{"@type":"EntryPoint","urlTemplate":"https:\/\/paracherkaoui.ma\/?s={search_term_string}"},"query-input":{"@type":"PropertyValueSpecification","valueRequired":true,"valueName":"search_term_string"}}],"inLanguage":"fr-FR"}]}},"_links":{"self":[{"href":"https:\/\/paracherkaoui.ma\/index.php\/wp-json\/wp\/v2\/product\/54937","targetHints":{"allow":["GET"]}}],"collection":[{"href":"https:\/\/paracherkaoui.ma\/index.php\/wp-json\/wp\/v2\/product"}],"about":[{"href":"https:\/\/paracherkaoui.ma\/index.php\/wp-json\/wp\/v2\/types\/product"}],"replies":[{"embeddable":true,"href":"https:\/\/paracherkaoui.ma\/index.php\/wp-json\/wp\/v2\/comments?post=54937"}],"version-history":[{"count":1,"href":"https:\/\/paracherkaoui.ma\/index.php\/wp-json\/wp\/v2\/product\/54937\/revisions"}],"predecessor-version":[{"id":54972,"href":"https:\/\/paracherkaoui.ma\/index.php\/wp-json\/wp\/v2\/product\/54937\/revisions\/54972"}],"wp:featuredmedia":[{"embeddable":true,"href":"https:\/\/paracherkaoui.ma\/index.php\/wp-json\/wp\/v2\/media\/54971"}],"wp:attachment":[{"href":"https:\/\/paracherkaoui.ma\/index.php\/wp-json\/wp\/v2\/media?parent=54937"}],"wp:term":[{"taxonomy":"product_brand","embeddable":true,"href":"https:\/\/paracherkaoui.ma\/index.php\/wp-json\/wp\/v2\/product_brand?post=54937"},{"taxonomy":"product_cat","embeddable":true,"href":"https:\/\/paracherkaoui.ma\/index.php\/wp-json\/wp\/v2\/product_cat?post=54937"},{"taxonomy":"product_tag","embeddable":true,"href":"https:\/\/paracherkaoui.ma\/index.php\/wp-json\/wp\/v2\/product_tag?post=54937"}],"curies":[{"name":"wp","href":"https:\/\/api.w.org\/{rel}","templated":true}]}}