{"id":54890,"date":"2025-12-12T19:42:09","date_gmt":"2025-12-12T18:42:09","guid":{"rendered":"https:\/\/test.ecbeaute.com\/?post_type=product&#038;p=54890"},"modified":"2025-12-12T19:42:13","modified_gmt":"2025-12-12T18:42:13","slug":"fortifer-fer-vitamine-c-et-acide-folique-30-gelules","status":"publish","type":"product","link":"https:\/\/paracherkaoui.ma\/index.php\/produit\/fortifer-fer-vitamine-c-et-acide-folique-30-gelules\/","title":{"rendered":"FORTIFER FER VITAMINE C ET ACIDE FOLIQUE 30 GELULES"},"content":{"rendered":"<p>Description:<br \/>\nFORTIFER\u00a0enrichi en fer acid folique &#038; vitamine c femmes enceintes,allaitantes ou menstru\u00e9es adolescents en pleine croissance, sportifs et v\u00e9g\u00e9tariens , personnes ag\u00e9\u00e9s .le fer contribue :\u00e0 la r\u00e9duction de la fatigue.au transport normal de l\u2019oxyg\u00e8ne dans l\u2019organisme.au fonctionnement normal du syst\u00e8me immunitaire.a la protection des cellules contre le stress oxydantif.\u00e0 la formation normale de la peau , des os , des gencives , des dents et des cartilages.\u00e0 la croissance des tissus maternels durant la grossesse.la vitamin C accroit l\u2019absorption du fer.l\u2019acide folique (vitamine B9) aide \u00e0 r\u00e9duire l\u2019an\u00e9mie , l\u2019anorexie et diminue les risques de malformation de syst\u00e9me nerveux du foetus chez la femme enceinte.<br \/>\nConseils d&rsquo;utilisation:<br \/>\n1 g\u00e9lule par jour , \u00e0 avaler pendant les repas. dur\u00e9e de compli\u00e9mentation : 3 mois .<\/p>\n","protected":false},"excerpt":{"rendered":"<p>Description: FORTIFER\u00a0enrichi en fer acid folique &#038; vitamine c femmes enceintes,allaitantes ou menstru\u00e9es adolescents en pleine croissance, sportifs et v\u00e9g\u00e9tariens<\/p>\n","protected":false},"featured_media":54917,"comment_status":"open","ping_status":"closed","template":"","meta":[],"product_brand":[1059],"product_cat":[1058],"product_tag":[],"class_list":{"0":"post-54890","1":"product","2":"type-product","3":"status-publish","4":"has-post-thumbnail","6":"product_brand-fortifier","7":"product_cat-bien-etre-et-equilibre-emotionnel","9":"first","10":"instock","11":"sale","12":"shipping-taxable","13":"purchasable","14":"product-type-simple"},"yoast_head":"<!-- This site is optimized with the Yoast SEO plugin v26.6 - https:\/\/yoast.com\/wordpress\/plugins\/seo\/ -->\r\n<title>FORTIFER FER VITAMINE C ET ACIDE FOLIQUE 30 GELULES - Paracherkaoui.ma<\/title>\r\n<meta name=\"robots\" content=\"index, follow, max-snippet:-1, max-image-preview:large, max-video-preview:-1\" \/>\r\n<link rel=\"canonical\" href=\"https:\/\/paracherkaoui.ma\/index.php\/produit\/fortifer-fer-vitamine-c-et-acide-folique-30-gelules\/\" \/>\r\n<meta property=\"og:locale\" content=\"fr_FR\" \/>\r\n<meta property=\"og:type\" content=\"article\" \/>\r\n<meta property=\"og:title\" content=\"FORTIFER FER VITAMINE C ET ACIDE FOLIQUE 30 GELULES - Paracherkaoui.ma\" \/>\r\n<meta property=\"og:description\" content=\"Description: FORTIFER\u00a0enrichi en fer acid folique &#038; vitamine c femmes enceintes,allaitantes ou menstru\u00e9es adolescents en pleine croissance, sportifs et v\u00e9g\u00e9tariens\" \/>\r\n<meta property=\"og:url\" content=\"https:\/\/paracherkaoui.ma\/index.php\/produit\/fortifer-fer-vitamine-c-et-acide-folique-30-gelules\/\" \/>\r\n<meta property=\"og:site_name\" content=\"Paracherkaoui.ma\" \/>\r\n<meta property=\"article:modified_time\" content=\"2025-12-12T18:42:13+00:00\" \/>\r\n<meta property=\"og:image\" content=\"https:\/\/paracherkaoui.ma\/wp-content\/uploads\/2025\/12\/fortifier-fortifer-fer-vitamine-c-et-acide-folique-30-gelules-bien-etre-equilibre-emotionnel-deprime.jpg\" \/>\r\n\t<meta property=\"og:image:width\" content=\"700\" \/>\r\n\t<meta property=\"og:image:height\" content=\"700\" \/>\r\n\t<meta property=\"og:image:type\" content=\"image\/jpeg\" \/>\r\n<meta name=\"twitter:card\" content=\"summary_large_image\" \/>\r\n<meta name=\"twitter:label1\" content=\"Dur\u00e9e de lecture estim\u00e9e\" \/>\n\t<meta name=\"twitter:data1\" content=\"1 minute\" \/>\r\n<script type=\"application\/ld+json\" class=\"yoast-schema-graph\">{\"@context\":\"https:\/\/schema.org\",\"@graph\":[{\"@type\":\"WebPage\",\"@id\":\"https:\/\/paracherkaoui.ma\/index.php\/produit\/fortifer-fer-vitamine-c-et-acide-folique-30-gelules\/\",\"url\":\"https:\/\/paracherkaoui.ma\/index.php\/produit\/fortifer-fer-vitamine-c-et-acide-folique-30-gelules\/\",\"name\":\"FORTIFER FER VITAMINE C ET ACIDE FOLIQUE 30 GELULES - Paracherkaoui.ma\",\"isPartOf\":{\"@id\":\"https:\/\/paracherkaoui.ma\/#website\"},\"primaryImageOfPage\":{\"@id\":\"https:\/\/paracherkaoui.ma\/index.php\/produit\/fortifer-fer-vitamine-c-et-acide-folique-30-gelules\/#primaryimage\"},\"image\":{\"@id\":\"https:\/\/paracherkaoui.ma\/index.php\/produit\/fortifer-fer-vitamine-c-et-acide-folique-30-gelules\/#primaryimage\"},\"thumbnailUrl\":\"https:\/\/paracherkaoui.ma\/wp-content\/uploads\/2025\/12\/fortifier-fortifer-fer-vitamine-c-et-acide-folique-30-gelules-bien-etre-equilibre-emotionnel-deprime.jpg\",\"datePublished\":\"2025-12-12T18:42:09+00:00\",\"dateModified\":\"2025-12-12T18:42:13+00:00\",\"breadcrumb\":{\"@id\":\"https:\/\/paracherkaoui.ma\/index.php\/produit\/fortifer-fer-vitamine-c-et-acide-folique-30-gelules\/#breadcrumb\"},\"inLanguage\":\"fr-FR\",\"potentialAction\":[{\"@type\":\"ReadAction\",\"target\":[\"https:\/\/paracherkaoui.ma\/index.php\/produit\/fortifer-fer-vitamine-c-et-acide-folique-30-gelules\/\"]}]},{\"@type\":\"ImageObject\",\"inLanguage\":\"fr-FR\",\"@id\":\"https:\/\/paracherkaoui.ma\/index.php\/produit\/fortifer-fer-vitamine-c-et-acide-folique-30-gelules\/#primaryimage\",\"url\":\"https:\/\/paracherkaoui.ma\/wp-content\/uploads\/2025\/12\/fortifier-fortifer-fer-vitamine-c-et-acide-folique-30-gelules-bien-etre-equilibre-emotionnel-deprime.jpg\",\"contentUrl\":\"https:\/\/paracherkaoui.ma\/wp-content\/uploads\/2025\/12\/fortifier-fortifer-fer-vitamine-c-et-acide-folique-30-gelules-bien-etre-equilibre-emotionnel-deprime.jpg\",\"width\":700,\"height\":700},{\"@type\":\"BreadcrumbList\",\"@id\":\"https:\/\/paracherkaoui.ma\/index.php\/produit\/fortifer-fer-vitamine-c-et-acide-folique-30-gelules\/#breadcrumb\",\"itemListElement\":[{\"@type\":\"ListItem\",\"position\":1,\"name\":\"Accueil\",\"item\":\"https:\/\/paracherkaoui.ma\/\"},{\"@type\":\"ListItem\",\"position\":2,\"name\":\"Boutique\",\"item\":\"https:\/\/paracherkaoui.ma\/index.php\/boutique\/\"},{\"@type\":\"ListItem\",\"position\":3,\"name\":\"FORTIFER FER VITAMINE C ET ACIDE FOLIQUE 30 GELULES\"}]},{\"@type\":\"WebSite\",\"@id\":\"https:\/\/paracherkaoui.ma\/#website\",\"url\":\"https:\/\/paracherkaoui.ma\/\",\"name\":\"Paracherkaoui.ma\",\"description\":\"Achetez en ligne sur Paracherkaoui.ma\",\"potentialAction\":[{\"@type\":\"SearchAction\",\"target\":{\"@type\":\"EntryPoint\",\"urlTemplate\":\"https:\/\/paracherkaoui.ma\/?s={search_term_string}\"},\"query-input\":{\"@type\":\"PropertyValueSpecification\",\"valueRequired\":true,\"valueName\":\"search_term_string\"}}],\"inLanguage\":\"fr-FR\"}]}<\/script>\r\n<!-- \/ Yoast SEO plugin. -->","yoast_head_json":{"title":"FORTIFER FER VITAMINE C ET ACIDE FOLIQUE 30 GELULES - Paracherkaoui.ma","robots":{"index":"index","follow":"follow","max-snippet":"max-snippet:-1","max-image-preview":"max-image-preview:large","max-video-preview":"max-video-preview:-1"},"canonical":"https:\/\/paracherkaoui.ma\/index.php\/produit\/fortifer-fer-vitamine-c-et-acide-folique-30-gelules\/","og_locale":"fr_FR","og_type":"article","og_title":"FORTIFER FER VITAMINE C ET ACIDE FOLIQUE 30 GELULES - Paracherkaoui.ma","og_description":"Description: FORTIFER\u00a0enrichi en fer acid folique &#038; vitamine c femmes enceintes,allaitantes ou menstru\u00e9es adolescents en pleine croissance, sportifs et v\u00e9g\u00e9tariens","og_url":"https:\/\/paracherkaoui.ma\/index.php\/produit\/fortifer-fer-vitamine-c-et-acide-folique-30-gelules\/","og_site_name":"Paracherkaoui.ma","article_modified_time":"2025-12-12T18:42:13+00:00","og_image":[{"width":700,"height":700,"url":"https:\/\/paracherkaoui.ma\/wp-content\/uploads\/2025\/12\/fortifier-fortifer-fer-vitamine-c-et-acide-folique-30-gelules-bien-etre-equilibre-emotionnel-deprime.jpg","type":"image\/jpeg"}],"twitter_card":"summary_large_image","twitter_misc":{"Dur\u00e9e de lecture estim\u00e9e":"1 minute"},"schema":{"@context":"https:\/\/schema.org","@graph":[{"@type":"WebPage","@id":"https:\/\/paracherkaoui.ma\/index.php\/produit\/fortifer-fer-vitamine-c-et-acide-folique-30-gelules\/","url":"https:\/\/paracherkaoui.ma\/index.php\/produit\/fortifer-fer-vitamine-c-et-acide-folique-30-gelules\/","name":"FORTIFER FER VITAMINE C ET ACIDE FOLIQUE 30 GELULES - Paracherkaoui.ma","isPartOf":{"@id":"https:\/\/paracherkaoui.ma\/#website"},"primaryImageOfPage":{"@id":"https:\/\/paracherkaoui.ma\/index.php\/produit\/fortifer-fer-vitamine-c-et-acide-folique-30-gelules\/#primaryimage"},"image":{"@id":"https:\/\/paracherkaoui.ma\/index.php\/produit\/fortifer-fer-vitamine-c-et-acide-folique-30-gelules\/#primaryimage"},"thumbnailUrl":"https:\/\/paracherkaoui.ma\/wp-content\/uploads\/2025\/12\/fortifier-fortifer-fer-vitamine-c-et-acide-folique-30-gelules-bien-etre-equilibre-emotionnel-deprime.jpg","datePublished":"2025-12-12T18:42:09+00:00","dateModified":"2025-12-12T18:42:13+00:00","breadcrumb":{"@id":"https:\/\/paracherkaoui.ma\/index.php\/produit\/fortifer-fer-vitamine-c-et-acide-folique-30-gelules\/#breadcrumb"},"inLanguage":"fr-FR","potentialAction":[{"@type":"ReadAction","target":["https:\/\/paracherkaoui.ma\/index.php\/produit\/fortifer-fer-vitamine-c-et-acide-folique-30-gelules\/"]}]},{"@type":"ImageObject","inLanguage":"fr-FR","@id":"https:\/\/paracherkaoui.ma\/index.php\/produit\/fortifer-fer-vitamine-c-et-acide-folique-30-gelules\/#primaryimage","url":"https:\/\/paracherkaoui.ma\/wp-content\/uploads\/2025\/12\/fortifier-fortifer-fer-vitamine-c-et-acide-folique-30-gelules-bien-etre-equilibre-emotionnel-deprime.jpg","contentUrl":"https:\/\/paracherkaoui.ma\/wp-content\/uploads\/2025\/12\/fortifier-fortifer-fer-vitamine-c-et-acide-folique-30-gelules-bien-etre-equilibre-emotionnel-deprime.jpg","width":700,"height":700},{"@type":"BreadcrumbList","@id":"https:\/\/paracherkaoui.ma\/index.php\/produit\/fortifer-fer-vitamine-c-et-acide-folique-30-gelules\/#breadcrumb","itemListElement":[{"@type":"ListItem","position":1,"name":"Accueil","item":"https:\/\/paracherkaoui.ma\/"},{"@type":"ListItem","position":2,"name":"Boutique","item":"https:\/\/paracherkaoui.ma\/index.php\/boutique\/"},{"@type":"ListItem","position":3,"name":"FORTIFER FER VITAMINE C ET ACIDE FOLIQUE 30 GELULES"}]},{"@type":"WebSite","@id":"https:\/\/paracherkaoui.ma\/#website","url":"https:\/\/paracherkaoui.ma\/","name":"Paracherkaoui.ma","description":"Achetez en ligne sur Paracherkaoui.ma","potentialAction":[{"@type":"SearchAction","target":{"@type":"EntryPoint","urlTemplate":"https:\/\/paracherkaoui.ma\/?s={search_term_string}"},"query-input":{"@type":"PropertyValueSpecification","valueRequired":true,"valueName":"search_term_string"}}],"inLanguage":"fr-FR"}]}},"_links":{"self":[{"href":"https:\/\/paracherkaoui.ma\/index.php\/wp-json\/wp\/v2\/product\/54890","targetHints":{"allow":["GET"]}}],"collection":[{"href":"https:\/\/paracherkaoui.ma\/index.php\/wp-json\/wp\/v2\/product"}],"about":[{"href":"https:\/\/paracherkaoui.ma\/index.php\/wp-json\/wp\/v2\/types\/product"}],"replies":[{"embeddable":true,"href":"https:\/\/paracherkaoui.ma\/index.php\/wp-json\/wp\/v2\/comments?post=54890"}],"version-history":[{"count":1,"href":"https:\/\/paracherkaoui.ma\/index.php\/wp-json\/wp\/v2\/product\/54890\/revisions"}],"predecessor-version":[{"id":54918,"href":"https:\/\/paracherkaoui.ma\/index.php\/wp-json\/wp\/v2\/product\/54890\/revisions\/54918"}],"wp:featuredmedia":[{"embeddable":true,"href":"https:\/\/paracherkaoui.ma\/index.php\/wp-json\/wp\/v2\/media\/54917"}],"wp:attachment":[{"href":"https:\/\/paracherkaoui.ma\/index.php\/wp-json\/wp\/v2\/media?parent=54890"}],"wp:term":[{"taxonomy":"product_brand","embeddable":true,"href":"https:\/\/paracherkaoui.ma\/index.php\/wp-json\/wp\/v2\/product_brand?post=54890"},{"taxonomy":"product_cat","embeddable":true,"href":"https:\/\/paracherkaoui.ma\/index.php\/wp-json\/wp\/v2\/product_cat?post=54890"},{"taxonomy":"product_tag","embeddable":true,"href":"https:\/\/paracherkaoui.ma\/index.php\/wp-json\/wp\/v2\/product_tag?post=54890"}],"curies":[{"name":"wp","href":"https:\/\/api.w.org\/{rel}","templated":true}]}}