{"id":54800,"date":"2025-12-12T19:41:54","date_gmt":"2025-12-12T18:41:54","guid":{"rendered":"https:\/\/test.ecbeaute.com\/?post_type=product&#038;p=54800"},"modified":"2025-12-12T19:41:58","modified_gmt":"2025-12-12T18:41:58","slug":"bc-pharma-ace-zinc-selenium-60-gelules","status":"publish","type":"product","link":"https:\/\/paracherkaoui.ma\/index.php\/produit\/bc-pharma-ace-zinc-selenium-60-gelules\/","title":{"rendered":"BC PHARMA ACE + ZINC SELENIUM 60 GELULES"},"content":{"rendered":"<p>BC PHARMA ACE + Zinc S\u00e9l\u00e9nium est un compl\u00e9ment alimentaire sp\u00e9cialement formul\u00e9 pour soutenir votre immunit\u00e9 et lutter contre le stress oxydatif. En combinant les vitamines A, C et E avec le zinc et le s\u00e9l\u00e9nium, cette formule offre une protection efficace contre les radicaux libres, responsables du vieillissement cellulaire pr\u00e9matur\u00e9. Ces g\u00e9lules contribuent \u00e9galement \u00e0 renforcer les d\u00e9fenses naturelles de l\u2019organisme, pour une protection optimale tout au long de l\u2019ann\u00e9e.<br \/>\nVitamines A, C et E : Antioxydants puissants, elles neutralisent les effets des radicaux libres et favorisent une peau \u00e9clatante et un syst\u00e8me immunitaire fort.<br \/>\nZinc : Min\u00e9ral essentiel pour la r\u00e9g\u00e9n\u00e9ration cellulaire et le maintien d&rsquo;une peau saine. Il joue \u00e9galement un r\u00f4le cl\u00e9 dans la r\u00e9gulation hormonale.<br \/>\nS\u00e9l\u00e9nium : Protecteur cellulaire, il am\u00e9liore la fonction immunitaire et participe \u00e0 une bonne spermatog\u00e9n\u00e8se.<br \/>\nConseils d\u2019utilisation :<br \/>\nPrendre 1 g\u00e9lule par jour avec un grand verre d\u2019eau, de pr\u00e9f\u00e9rence au cours d\u2019un repas pour une meilleure absorption.<\/p>\n","protected":false},"excerpt":{"rendered":"<p>BC PHARMA ACE + Zinc S\u00e9l\u00e9nium est un compl\u00e9ment alimentaire sp\u00e9cialement formul\u00e9 pour soutenir votre immunit\u00e9 et lutter contre le<\/p>\n","protected":false},"featured_media":54830,"comment_status":"open","ping_status":"closed","template":"","meta":[],"product_brand":[1036],"product_cat":[1058],"product_tag":[],"class_list":{"0":"post-54800","1":"product","2":"type-product","3":"status-publish","4":"has-post-thumbnail","6":"product_brand-bc-pharma","7":"product_cat-bien-etre-et-equilibre-emotionnel","9":"first","10":"instock","11":"sale","12":"shipping-taxable","13":"purchasable","14":"product-type-simple"},"yoast_head":"<!-- This site is optimized with the Yoast SEO plugin v26.6 - https:\/\/yoast.com\/wordpress\/plugins\/seo\/ -->\r\n<title>BC PHARMA ACE + ZINC SELENIUM 60 GELULES - Paracherkaoui.ma<\/title>\r\n<meta name=\"robots\" content=\"index, follow, max-snippet:-1, max-image-preview:large, max-video-preview:-1\" \/>\r\n<link rel=\"canonical\" href=\"https:\/\/paracherkaoui.ma\/index.php\/produit\/bc-pharma-ace-zinc-selenium-60-gelules\/\" \/>\r\n<meta property=\"og:locale\" content=\"fr_FR\" \/>\r\n<meta property=\"og:type\" content=\"article\" \/>\r\n<meta property=\"og:title\" content=\"BC PHARMA ACE + ZINC SELENIUM 60 GELULES - Paracherkaoui.ma\" \/>\r\n<meta property=\"og:description\" content=\"BC PHARMA ACE + Zinc S\u00e9l\u00e9nium est un compl\u00e9ment alimentaire sp\u00e9cialement formul\u00e9 pour soutenir votre immunit\u00e9 et lutter contre le\" \/>\r\n<meta property=\"og:url\" content=\"https:\/\/paracherkaoui.ma\/index.php\/produit\/bc-pharma-ace-zinc-selenium-60-gelules\/\" \/>\r\n<meta property=\"og:site_name\" content=\"Paracherkaoui.ma\" \/>\r\n<meta property=\"article:modified_time\" content=\"2025-12-12T18:41:58+00:00\" \/>\r\n<meta property=\"og:image\" content=\"https:\/\/paracherkaoui.ma\/wp-content\/uploads\/2025\/12\/bc-pharma-bc-pharma-ace-zinc-selenium-60-gelules-bien-etre-et-equilibre-emotionnel.jpg\" \/>\r\n\t<meta property=\"og:image:width\" content=\"700\" \/>\r\n\t<meta property=\"og:image:height\" content=\"700\" \/>\r\n\t<meta property=\"og:image:type\" content=\"image\/jpeg\" \/>\r\n<meta name=\"twitter:card\" content=\"summary_large_image\" \/>\r\n<meta name=\"twitter:label1\" content=\"Dur\u00e9e de lecture estim\u00e9e\" \/>\n\t<meta name=\"twitter:data1\" content=\"1 minute\" \/>\r\n<script type=\"application\/ld+json\" class=\"yoast-schema-graph\">{\"@context\":\"https:\/\/schema.org\",\"@graph\":[{\"@type\":\"WebPage\",\"@id\":\"https:\/\/paracherkaoui.ma\/index.php\/produit\/bc-pharma-ace-zinc-selenium-60-gelules\/\",\"url\":\"https:\/\/paracherkaoui.ma\/index.php\/produit\/bc-pharma-ace-zinc-selenium-60-gelules\/\",\"name\":\"BC PHARMA ACE + ZINC SELENIUM 60 GELULES - Paracherkaoui.ma\",\"isPartOf\":{\"@id\":\"https:\/\/paracherkaoui.ma\/#website\"},\"primaryImageOfPage\":{\"@id\":\"https:\/\/paracherkaoui.ma\/index.php\/produit\/bc-pharma-ace-zinc-selenium-60-gelules\/#primaryimage\"},\"image\":{\"@id\":\"https:\/\/paracherkaoui.ma\/index.php\/produit\/bc-pharma-ace-zinc-selenium-60-gelules\/#primaryimage\"},\"thumbnailUrl\":\"https:\/\/paracherkaoui.ma\/wp-content\/uploads\/2025\/12\/bc-pharma-bc-pharma-ace-zinc-selenium-60-gelules-bien-etre-et-equilibre-emotionnel.jpg\",\"datePublished\":\"2025-12-12T18:41:54+00:00\",\"dateModified\":\"2025-12-12T18:41:58+00:00\",\"breadcrumb\":{\"@id\":\"https:\/\/paracherkaoui.ma\/index.php\/produit\/bc-pharma-ace-zinc-selenium-60-gelules\/#breadcrumb\"},\"inLanguage\":\"fr-FR\",\"potentialAction\":[{\"@type\":\"ReadAction\",\"target\":[\"https:\/\/paracherkaoui.ma\/index.php\/produit\/bc-pharma-ace-zinc-selenium-60-gelules\/\"]}]},{\"@type\":\"ImageObject\",\"inLanguage\":\"fr-FR\",\"@id\":\"https:\/\/paracherkaoui.ma\/index.php\/produit\/bc-pharma-ace-zinc-selenium-60-gelules\/#primaryimage\",\"url\":\"https:\/\/paracherkaoui.ma\/wp-content\/uploads\/2025\/12\/bc-pharma-bc-pharma-ace-zinc-selenium-60-gelules-bien-etre-et-equilibre-emotionnel.jpg\",\"contentUrl\":\"https:\/\/paracherkaoui.ma\/wp-content\/uploads\/2025\/12\/bc-pharma-bc-pharma-ace-zinc-selenium-60-gelules-bien-etre-et-equilibre-emotionnel.jpg\",\"width\":700,\"height\":700},{\"@type\":\"BreadcrumbList\",\"@id\":\"https:\/\/paracherkaoui.ma\/index.php\/produit\/bc-pharma-ace-zinc-selenium-60-gelules\/#breadcrumb\",\"itemListElement\":[{\"@type\":\"ListItem\",\"position\":1,\"name\":\"Accueil\",\"item\":\"https:\/\/paracherkaoui.ma\/\"},{\"@type\":\"ListItem\",\"position\":2,\"name\":\"Boutique\",\"item\":\"https:\/\/paracherkaoui.ma\/index.php\/boutique\/\"},{\"@type\":\"ListItem\",\"position\":3,\"name\":\"BC PHARMA ACE + ZINC SELENIUM 60 GELULES\"}]},{\"@type\":\"WebSite\",\"@id\":\"https:\/\/paracherkaoui.ma\/#website\",\"url\":\"https:\/\/paracherkaoui.ma\/\",\"name\":\"Paracherkaoui.ma\",\"description\":\"Achetez en ligne sur Paracherkaoui.ma\",\"potentialAction\":[{\"@type\":\"SearchAction\",\"target\":{\"@type\":\"EntryPoint\",\"urlTemplate\":\"https:\/\/paracherkaoui.ma\/?s={search_term_string}\"},\"query-input\":{\"@type\":\"PropertyValueSpecification\",\"valueRequired\":true,\"valueName\":\"search_term_string\"}}],\"inLanguage\":\"fr-FR\"}]}<\/script>\r\n<!-- \/ Yoast SEO plugin. -->","yoast_head_json":{"title":"BC PHARMA ACE + ZINC SELENIUM 60 GELULES - Paracherkaoui.ma","robots":{"index":"index","follow":"follow","max-snippet":"max-snippet:-1","max-image-preview":"max-image-preview:large","max-video-preview":"max-video-preview:-1"},"canonical":"https:\/\/paracherkaoui.ma\/index.php\/produit\/bc-pharma-ace-zinc-selenium-60-gelules\/","og_locale":"fr_FR","og_type":"article","og_title":"BC PHARMA ACE + ZINC SELENIUM 60 GELULES - Paracherkaoui.ma","og_description":"BC PHARMA ACE + Zinc S\u00e9l\u00e9nium est un compl\u00e9ment alimentaire sp\u00e9cialement formul\u00e9 pour soutenir votre immunit\u00e9 et lutter contre le","og_url":"https:\/\/paracherkaoui.ma\/index.php\/produit\/bc-pharma-ace-zinc-selenium-60-gelules\/","og_site_name":"Paracherkaoui.ma","article_modified_time":"2025-12-12T18:41:58+00:00","og_image":[{"width":700,"height":700,"url":"https:\/\/paracherkaoui.ma\/wp-content\/uploads\/2025\/12\/bc-pharma-bc-pharma-ace-zinc-selenium-60-gelules-bien-etre-et-equilibre-emotionnel.jpg","type":"image\/jpeg"}],"twitter_card":"summary_large_image","twitter_misc":{"Dur\u00e9e de lecture estim\u00e9e":"1 minute"},"schema":{"@context":"https:\/\/schema.org","@graph":[{"@type":"WebPage","@id":"https:\/\/paracherkaoui.ma\/index.php\/produit\/bc-pharma-ace-zinc-selenium-60-gelules\/","url":"https:\/\/paracherkaoui.ma\/index.php\/produit\/bc-pharma-ace-zinc-selenium-60-gelules\/","name":"BC PHARMA ACE + ZINC SELENIUM 60 GELULES - Paracherkaoui.ma","isPartOf":{"@id":"https:\/\/paracherkaoui.ma\/#website"},"primaryImageOfPage":{"@id":"https:\/\/paracherkaoui.ma\/index.php\/produit\/bc-pharma-ace-zinc-selenium-60-gelules\/#primaryimage"},"image":{"@id":"https:\/\/paracherkaoui.ma\/index.php\/produit\/bc-pharma-ace-zinc-selenium-60-gelules\/#primaryimage"},"thumbnailUrl":"https:\/\/paracherkaoui.ma\/wp-content\/uploads\/2025\/12\/bc-pharma-bc-pharma-ace-zinc-selenium-60-gelules-bien-etre-et-equilibre-emotionnel.jpg","datePublished":"2025-12-12T18:41:54+00:00","dateModified":"2025-12-12T18:41:58+00:00","breadcrumb":{"@id":"https:\/\/paracherkaoui.ma\/index.php\/produit\/bc-pharma-ace-zinc-selenium-60-gelules\/#breadcrumb"},"inLanguage":"fr-FR","potentialAction":[{"@type":"ReadAction","target":["https:\/\/paracherkaoui.ma\/index.php\/produit\/bc-pharma-ace-zinc-selenium-60-gelules\/"]}]},{"@type":"ImageObject","inLanguage":"fr-FR","@id":"https:\/\/paracherkaoui.ma\/index.php\/produit\/bc-pharma-ace-zinc-selenium-60-gelules\/#primaryimage","url":"https:\/\/paracherkaoui.ma\/wp-content\/uploads\/2025\/12\/bc-pharma-bc-pharma-ace-zinc-selenium-60-gelules-bien-etre-et-equilibre-emotionnel.jpg","contentUrl":"https:\/\/paracherkaoui.ma\/wp-content\/uploads\/2025\/12\/bc-pharma-bc-pharma-ace-zinc-selenium-60-gelules-bien-etre-et-equilibre-emotionnel.jpg","width":700,"height":700},{"@type":"BreadcrumbList","@id":"https:\/\/paracherkaoui.ma\/index.php\/produit\/bc-pharma-ace-zinc-selenium-60-gelules\/#breadcrumb","itemListElement":[{"@type":"ListItem","position":1,"name":"Accueil","item":"https:\/\/paracherkaoui.ma\/"},{"@type":"ListItem","position":2,"name":"Boutique","item":"https:\/\/paracherkaoui.ma\/index.php\/boutique\/"},{"@type":"ListItem","position":3,"name":"BC PHARMA ACE + ZINC SELENIUM 60 GELULES"}]},{"@type":"WebSite","@id":"https:\/\/paracherkaoui.ma\/#website","url":"https:\/\/paracherkaoui.ma\/","name":"Paracherkaoui.ma","description":"Achetez en ligne sur Paracherkaoui.ma","potentialAction":[{"@type":"SearchAction","target":{"@type":"EntryPoint","urlTemplate":"https:\/\/paracherkaoui.ma\/?s={search_term_string}"},"query-input":{"@type":"PropertyValueSpecification","valueRequired":true,"valueName":"search_term_string"}}],"inLanguage":"fr-FR"}]}},"_links":{"self":[{"href":"https:\/\/paracherkaoui.ma\/index.php\/wp-json\/wp\/v2\/product\/54800","targetHints":{"allow":["GET"]}}],"collection":[{"href":"https:\/\/paracherkaoui.ma\/index.php\/wp-json\/wp\/v2\/product"}],"about":[{"href":"https:\/\/paracherkaoui.ma\/index.php\/wp-json\/wp\/v2\/types\/product"}],"replies":[{"embeddable":true,"href":"https:\/\/paracherkaoui.ma\/index.php\/wp-json\/wp\/v2\/comments?post=54800"}],"version-history":[{"count":1,"href":"https:\/\/paracherkaoui.ma\/index.php\/wp-json\/wp\/v2\/product\/54800\/revisions"}],"predecessor-version":[{"id":54831,"href":"https:\/\/paracherkaoui.ma\/index.php\/wp-json\/wp\/v2\/product\/54800\/revisions\/54831"}],"wp:featuredmedia":[{"embeddable":true,"href":"https:\/\/paracherkaoui.ma\/index.php\/wp-json\/wp\/v2\/media\/54830"}],"wp:attachment":[{"href":"https:\/\/paracherkaoui.ma\/index.php\/wp-json\/wp\/v2\/media?parent=54800"}],"wp:term":[{"taxonomy":"product_brand","embeddable":true,"href":"https:\/\/paracherkaoui.ma\/index.php\/wp-json\/wp\/v2\/product_brand?post=54800"},{"taxonomy":"product_cat","embeddable":true,"href":"https:\/\/paracherkaoui.ma\/index.php\/wp-json\/wp\/v2\/product_cat?post=54800"},{"taxonomy":"product_tag","embeddable":true,"href":"https:\/\/paracherkaoui.ma\/index.php\/wp-json\/wp\/v2\/product_tag?post=54800"}],"curies":[{"name":"wp","href":"https:\/\/api.w.org\/{rel}","templated":true}]}}