{"id":54731,"date":"2025-12-12T19:41:39","date_gmt":"2025-12-12T18:41:39","guid":{"rendered":"https:\/\/test.ecbeaute.com\/?post_type=product&#038;p=54731"},"modified":"2025-12-12T19:41:50","modified_gmt":"2025-12-12T18:41:50","slug":"forte-pharma-immunvit-gummies-multivitamines-et-immunites-30-gommes","status":"publish","type":"product","link":"https:\/\/paracherkaoui.ma\/index.php\/produit\/forte-pharma-immunvit-gummies-multivitamines-et-immunites-30-gommes\/","title":{"rendered":"FORTE PHARMA IMMUNVIT GUMMIES MULTIVITAMINES ET IMMUNITES 30 GOMMES"},"content":{"rendered":"<p>Id\u00e9al pour affronter les p\u00e9riodes de fatigue passag\u00e8re, les changements de saison ou pour simplement maintenir votre syst\u00e8me immunitaire en pleine forme, ce compl\u00e9ment offre une alternative pratique, sans eau ni comprim\u00e9.<br \/>\nLes bienfaits cl\u00e9s d\u2019ImmuVit\u2019 Gummies<br \/>\nSoutien immunitaire : gr\u00e2ce \u00e0 la vitamine C, D3, le zinc et les ferments lactiques.<br \/>\n\u00c9nergie et tonus : ginseng, guarana et vitamines du groupe B aident \u00e0 combattre la fatigue.<br \/>\nPlaisir d&rsquo;utilisation : ar\u00f4me naturel de mandarine, sans gluten, sans lactose, sans g\u00e9latine.<br \/>\nLa formule est douce pour l\u2019organisme mais puissante, id\u00e9ale pour les adultes et enfants \u00e0 partir de 4 ans (sous avis m\u00e9dical). Toutefois, ce produit est d\u00e9conseill\u00e9 aux femmes m\u00e9nopaus\u00e9es, enceintes ou allaitantes, aux personnes allergiques aux produits de la ruche, aux asthmatiques ou ayant un terrain atopique, ainsi qu\u2019aux personnes sous traitement antidiab\u00e9tique (pr\u00e9sence de ginseng).<br \/>\nConseils d\u2019utilisation<br \/>\nDose journali\u00e8re recommand\u00e9e : 1 gomme par jour.<br \/>\n\u00c0 m\u00e2cher, ne pas avaler enti\u00e8re.<br \/>\n\u00c0 consommer de pr\u00e9f\u00e9rence le matin.<br \/>\nConserver dans un endroit frais, sec et \u00e0 l\u2019abri de la lumi\u00e8re, \u00e0 temp\u00e9rature inf\u00e9rieure \u00e0 25\u00b0C.<br \/>\nComposition<br \/>\nSirop de glucose, Sucre, Eau, Vitamines (C, E, B3, B5, D, A, B6, B1, B2, B12, B9, B8), Pectine, Acide citrique, Maltodextrine, Citrate de zinc, Gel\u00e9e royale, Citrate trisodique, Huile de coco, Ar\u00f4me naturel, Extrait sec de guarana, Paprika, Extrait sec de ginseng, Bifidobacterium lactis BLa80, Lactobacillus rhamnosus LRa05, Lactobacillus acidophilus LA85, Lactobacillus casei LC89, Extrait sec de gingembre, Cire de carnauba, Gluconate de cuivre<br \/>\nFort\u00e9 Pharma ImmuVit&rsquo;4G 30 Gummies est donc la solution naturelle et efficace pour tous ceux qui souhaitent pr\u00e9server leur sant\u00e9 tout en se faisant plaisir avec une texture gourmande et une saveur fruit\u00e9e.<\/p>\n","protected":false},"excerpt":{"rendered":"<p>Id\u00e9al pour affronter les p\u00e9riodes de fatigue passag\u00e8re, les changements de saison ou pour simplement maintenir votre syst\u00e8me immunitaire en<\/p>\n","protected":false},"featured_media":54782,"comment_status":"open","ping_status":"closed","template":"","meta":[],"product_brand":[684],"product_cat":[1031],"product_tag":[],"class_list":{"0":"post-54731","1":"product","2":"type-product","3":"status-publish","4":"has-post-thumbnail","6":"product_brand-forte-pharma","7":"product_cat-vitamines-et-formes","9":"first","10":"instock","11":"sale","12":"shipping-taxable","13":"purchasable","14":"product-type-simple"},"yoast_head":"<!-- This site is optimized with the Yoast SEO plugin v26.6 - https:\/\/yoast.com\/wordpress\/plugins\/seo\/ -->\r\n<title>FORTE PHARMA IMMUNVIT GUMMIES MULTIVITAMINES ET IMMUNITES 30 GOMMES - Paracherkaoui.ma<\/title>\r\n<meta name=\"robots\" content=\"index, follow, max-snippet:-1, max-image-preview:large, max-video-preview:-1\" \/>\r\n<link rel=\"canonical\" href=\"https:\/\/paracherkaoui.ma\/index.php\/produit\/forte-pharma-immunvit-gummies-multivitamines-et-immunites-30-gommes\/\" \/>\r\n<meta property=\"og:locale\" content=\"fr_FR\" \/>\r\n<meta property=\"og:type\" content=\"article\" \/>\r\n<meta property=\"og:title\" content=\"FORTE PHARMA IMMUNVIT GUMMIES MULTIVITAMINES ET IMMUNITES 30 GOMMES - Paracherkaoui.ma\" \/>\r\n<meta property=\"og:description\" content=\"Id\u00e9al pour affronter les p\u00e9riodes de fatigue passag\u00e8re, les changements de saison ou pour simplement maintenir votre syst\u00e8me immunitaire en\" \/>\r\n<meta property=\"og:url\" content=\"https:\/\/paracherkaoui.ma\/index.php\/produit\/forte-pharma-immunvit-gummies-multivitamines-et-immunites-30-gommes\/\" \/>\r\n<meta property=\"og:site_name\" content=\"Paracherkaoui.ma\" \/>\r\n<meta property=\"article:modified_time\" content=\"2025-12-12T18:41:50+00:00\" \/>\r\n<meta property=\"og:image\" content=\"https:\/\/paracherkaoui.ma\/wp-content\/uploads\/2025\/12\/forte-pharma-forte-pharma-immunvit-gummies-multivitamines-et-immunites-30-gommes-vitamines-et-formes.jpg\" \/>\r\n\t<meta property=\"og:image:width\" content=\"700\" \/>\r\n\t<meta property=\"og:image:height\" content=\"700\" \/>\r\n\t<meta property=\"og:image:type\" content=\"image\/jpeg\" \/>\r\n<meta name=\"twitter:card\" content=\"summary_large_image\" \/>\r\n<meta name=\"twitter:label1\" content=\"Dur\u00e9e de lecture estim\u00e9e\" \/>\n\t<meta name=\"twitter:data1\" content=\"1 minute\" \/>\r\n<script type=\"application\/ld+json\" class=\"yoast-schema-graph\">{\"@context\":\"https:\/\/schema.org\",\"@graph\":[{\"@type\":\"WebPage\",\"@id\":\"https:\/\/paracherkaoui.ma\/index.php\/produit\/forte-pharma-immunvit-gummies-multivitamines-et-immunites-30-gommes\/\",\"url\":\"https:\/\/paracherkaoui.ma\/index.php\/produit\/forte-pharma-immunvit-gummies-multivitamines-et-immunites-30-gommes\/\",\"name\":\"FORTE PHARMA IMMUNVIT GUMMIES MULTIVITAMINES ET IMMUNITES 30 GOMMES - Paracherkaoui.ma\",\"isPartOf\":{\"@id\":\"https:\/\/paracherkaoui.ma\/#website\"},\"primaryImageOfPage\":{\"@id\":\"https:\/\/paracherkaoui.ma\/index.php\/produit\/forte-pharma-immunvit-gummies-multivitamines-et-immunites-30-gommes\/#primaryimage\"},\"image\":{\"@id\":\"https:\/\/paracherkaoui.ma\/index.php\/produit\/forte-pharma-immunvit-gummies-multivitamines-et-immunites-30-gommes\/#primaryimage\"},\"thumbnailUrl\":\"https:\/\/paracherkaoui.ma\/wp-content\/uploads\/2025\/12\/forte-pharma-forte-pharma-immunvit-gummies-multivitamines-et-immunites-30-gommes-vitamines-et-formes.jpg\",\"datePublished\":\"2025-12-12T18:41:39+00:00\",\"dateModified\":\"2025-12-12T18:41:50+00:00\",\"breadcrumb\":{\"@id\":\"https:\/\/paracherkaoui.ma\/index.php\/produit\/forte-pharma-immunvit-gummies-multivitamines-et-immunites-30-gommes\/#breadcrumb\"},\"inLanguage\":\"fr-FR\",\"potentialAction\":[{\"@type\":\"ReadAction\",\"target\":[\"https:\/\/paracherkaoui.ma\/index.php\/produit\/forte-pharma-immunvit-gummies-multivitamines-et-immunites-30-gommes\/\"]}]},{\"@type\":\"ImageObject\",\"inLanguage\":\"fr-FR\",\"@id\":\"https:\/\/paracherkaoui.ma\/index.php\/produit\/forte-pharma-immunvit-gummies-multivitamines-et-immunites-30-gommes\/#primaryimage\",\"url\":\"https:\/\/paracherkaoui.ma\/wp-content\/uploads\/2025\/12\/forte-pharma-forte-pharma-immunvit-gummies-multivitamines-et-immunites-30-gommes-vitamines-et-formes.jpg\",\"contentUrl\":\"https:\/\/paracherkaoui.ma\/wp-content\/uploads\/2025\/12\/forte-pharma-forte-pharma-immunvit-gummies-multivitamines-et-immunites-30-gommes-vitamines-et-formes.jpg\",\"width\":700,\"height\":700},{\"@type\":\"BreadcrumbList\",\"@id\":\"https:\/\/paracherkaoui.ma\/index.php\/produit\/forte-pharma-immunvit-gummies-multivitamines-et-immunites-30-gommes\/#breadcrumb\",\"itemListElement\":[{\"@type\":\"ListItem\",\"position\":1,\"name\":\"Accueil\",\"item\":\"https:\/\/paracherkaoui.ma\/\"},{\"@type\":\"ListItem\",\"position\":2,\"name\":\"Boutique\",\"item\":\"https:\/\/paracherkaoui.ma\/index.php\/boutique\/\"},{\"@type\":\"ListItem\",\"position\":3,\"name\":\"FORTE PHARMA IMMUNVIT GUMMIES MULTIVITAMINES ET IMMUNITES 30 GOMMES\"}]},{\"@type\":\"WebSite\",\"@id\":\"https:\/\/paracherkaoui.ma\/#website\",\"url\":\"https:\/\/paracherkaoui.ma\/\",\"name\":\"Paracherkaoui.ma\",\"description\":\"Achetez en ligne sur Paracherkaoui.ma\",\"potentialAction\":[{\"@type\":\"SearchAction\",\"target\":{\"@type\":\"EntryPoint\",\"urlTemplate\":\"https:\/\/paracherkaoui.ma\/?s={search_term_string}\"},\"query-input\":{\"@type\":\"PropertyValueSpecification\",\"valueRequired\":true,\"valueName\":\"search_term_string\"}}],\"inLanguage\":\"fr-FR\"}]}<\/script>\r\n<!-- \/ Yoast SEO plugin. -->","yoast_head_json":{"title":"FORTE PHARMA IMMUNVIT GUMMIES MULTIVITAMINES ET IMMUNITES 30 GOMMES - Paracherkaoui.ma","robots":{"index":"index","follow":"follow","max-snippet":"max-snippet:-1","max-image-preview":"max-image-preview:large","max-video-preview":"max-video-preview:-1"},"canonical":"https:\/\/paracherkaoui.ma\/index.php\/produit\/forte-pharma-immunvit-gummies-multivitamines-et-immunites-30-gommes\/","og_locale":"fr_FR","og_type":"article","og_title":"FORTE PHARMA IMMUNVIT GUMMIES MULTIVITAMINES ET IMMUNITES 30 GOMMES - Paracherkaoui.ma","og_description":"Id\u00e9al pour affronter les p\u00e9riodes de fatigue passag\u00e8re, les changements de saison ou pour simplement maintenir votre syst\u00e8me immunitaire en","og_url":"https:\/\/paracherkaoui.ma\/index.php\/produit\/forte-pharma-immunvit-gummies-multivitamines-et-immunites-30-gommes\/","og_site_name":"Paracherkaoui.ma","article_modified_time":"2025-12-12T18:41:50+00:00","og_image":[{"width":700,"height":700,"url":"https:\/\/paracherkaoui.ma\/wp-content\/uploads\/2025\/12\/forte-pharma-forte-pharma-immunvit-gummies-multivitamines-et-immunites-30-gommes-vitamines-et-formes.jpg","type":"image\/jpeg"}],"twitter_card":"summary_large_image","twitter_misc":{"Dur\u00e9e de lecture estim\u00e9e":"1 minute"},"schema":{"@context":"https:\/\/schema.org","@graph":[{"@type":"WebPage","@id":"https:\/\/paracherkaoui.ma\/index.php\/produit\/forte-pharma-immunvit-gummies-multivitamines-et-immunites-30-gommes\/","url":"https:\/\/paracherkaoui.ma\/index.php\/produit\/forte-pharma-immunvit-gummies-multivitamines-et-immunites-30-gommes\/","name":"FORTE PHARMA IMMUNVIT GUMMIES MULTIVITAMINES ET IMMUNITES 30 GOMMES - Paracherkaoui.ma","isPartOf":{"@id":"https:\/\/paracherkaoui.ma\/#website"},"primaryImageOfPage":{"@id":"https:\/\/paracherkaoui.ma\/index.php\/produit\/forte-pharma-immunvit-gummies-multivitamines-et-immunites-30-gommes\/#primaryimage"},"image":{"@id":"https:\/\/paracherkaoui.ma\/index.php\/produit\/forte-pharma-immunvit-gummies-multivitamines-et-immunites-30-gommes\/#primaryimage"},"thumbnailUrl":"https:\/\/paracherkaoui.ma\/wp-content\/uploads\/2025\/12\/forte-pharma-forte-pharma-immunvit-gummies-multivitamines-et-immunites-30-gommes-vitamines-et-formes.jpg","datePublished":"2025-12-12T18:41:39+00:00","dateModified":"2025-12-12T18:41:50+00:00","breadcrumb":{"@id":"https:\/\/paracherkaoui.ma\/index.php\/produit\/forte-pharma-immunvit-gummies-multivitamines-et-immunites-30-gommes\/#breadcrumb"},"inLanguage":"fr-FR","potentialAction":[{"@type":"ReadAction","target":["https:\/\/paracherkaoui.ma\/index.php\/produit\/forte-pharma-immunvit-gummies-multivitamines-et-immunites-30-gommes\/"]}]},{"@type":"ImageObject","inLanguage":"fr-FR","@id":"https:\/\/paracherkaoui.ma\/index.php\/produit\/forte-pharma-immunvit-gummies-multivitamines-et-immunites-30-gommes\/#primaryimage","url":"https:\/\/paracherkaoui.ma\/wp-content\/uploads\/2025\/12\/forte-pharma-forte-pharma-immunvit-gummies-multivitamines-et-immunites-30-gommes-vitamines-et-formes.jpg","contentUrl":"https:\/\/paracherkaoui.ma\/wp-content\/uploads\/2025\/12\/forte-pharma-forte-pharma-immunvit-gummies-multivitamines-et-immunites-30-gommes-vitamines-et-formes.jpg","width":700,"height":700},{"@type":"BreadcrumbList","@id":"https:\/\/paracherkaoui.ma\/index.php\/produit\/forte-pharma-immunvit-gummies-multivitamines-et-immunites-30-gommes\/#breadcrumb","itemListElement":[{"@type":"ListItem","position":1,"name":"Accueil","item":"https:\/\/paracherkaoui.ma\/"},{"@type":"ListItem","position":2,"name":"Boutique","item":"https:\/\/paracherkaoui.ma\/index.php\/boutique\/"},{"@type":"ListItem","position":3,"name":"FORTE PHARMA IMMUNVIT GUMMIES MULTIVITAMINES ET IMMUNITES 30 GOMMES"}]},{"@type":"WebSite","@id":"https:\/\/paracherkaoui.ma\/#website","url":"https:\/\/paracherkaoui.ma\/","name":"Paracherkaoui.ma","description":"Achetez en ligne sur Paracherkaoui.ma","potentialAction":[{"@type":"SearchAction","target":{"@type":"EntryPoint","urlTemplate":"https:\/\/paracherkaoui.ma\/?s={search_term_string}"},"query-input":{"@type":"PropertyValueSpecification","valueRequired":true,"valueName":"search_term_string"}}],"inLanguage":"fr-FR"}]}},"_links":{"self":[{"href":"https:\/\/paracherkaoui.ma\/index.php\/wp-json\/wp\/v2\/product\/54731","targetHints":{"allow":["GET"]}}],"collection":[{"href":"https:\/\/paracherkaoui.ma\/index.php\/wp-json\/wp\/v2\/product"}],"about":[{"href":"https:\/\/paracherkaoui.ma\/index.php\/wp-json\/wp\/v2\/types\/product"}],"replies":[{"embeddable":true,"href":"https:\/\/paracherkaoui.ma\/index.php\/wp-json\/wp\/v2\/comments?post=54731"}],"version-history":[{"count":1,"href":"https:\/\/paracherkaoui.ma\/index.php\/wp-json\/wp\/v2\/product\/54731\/revisions"}],"predecessor-version":[{"id":54783,"href":"https:\/\/paracherkaoui.ma\/index.php\/wp-json\/wp\/v2\/product\/54731\/revisions\/54783"}],"wp:featuredmedia":[{"embeddable":true,"href":"https:\/\/paracherkaoui.ma\/index.php\/wp-json\/wp\/v2\/media\/54782"}],"wp:attachment":[{"href":"https:\/\/paracherkaoui.ma\/index.php\/wp-json\/wp\/v2\/media?parent=54731"}],"wp:term":[{"taxonomy":"product_brand","embeddable":true,"href":"https:\/\/paracherkaoui.ma\/index.php\/wp-json\/wp\/v2\/product_brand?post=54731"},{"taxonomy":"product_cat","embeddable":true,"href":"https:\/\/paracherkaoui.ma\/index.php\/wp-json\/wp\/v2\/product_cat?post=54731"},{"taxonomy":"product_tag","embeddable":true,"href":"https:\/\/paracherkaoui.ma\/index.php\/wp-json\/wp\/v2\/product_tag?post=54731"}],"curies":[{"name":"wp","href":"https:\/\/api.w.org\/{rel}","templated":true}]}}