{"id":54726,"date":"2025-12-12T19:41:39","date_gmt":"2025-12-12T18:41:39","guid":{"rendered":"https:\/\/test.ecbeaute.com\/?post_type=product&#038;p=54726"},"modified":"2025-12-12T19:41:48","modified_gmt":"2025-12-12T18:41:48","slug":"doppelherz-aktiv-omega-3-marin-30-capsules","status":"publish","type":"product","link":"https:\/\/paracherkaoui.ma\/index.php\/produit\/doppelherz-aktiv-omega-3-marin-30-capsules\/","title":{"rendered":"DOPPELHERZ AKTIV OMEGA 3 MARIN 30 CAPSULES"},"content":{"rendered":"<p>Les capsules Doppelherz\u00ae aktiv Aktiv-Om\u00e9ga-3 marin contiennent 1000 mg d\u2019huile de poisson de puret\u00e9 exceptionnelle, fournissant de l\u2019EPA et du DHA en quantit\u00e9s id\u00e9ales pour une prise quotidienne afin de conserver sant\u00e9 et bien-\u00eatre \u00e0 long terme. Les capsules Aktiv-Om\u00e9ga-3 marin apportent \u00e9galement de la vitamine E qui, par son effet anti-radicalaire, contribue \u00e0 prot\u00e9ger les acides gras om\u00e9ga-3 au sein des cellules. \u2022 DHA et EPA aident \u00e0 maintenir des niveaux sains de cholest\u00e9rol et contribuent \u00e0 la sant\u00e9 du syst\u00e8me cardiovasculaire. \u2022 Les om\u00e9ga-3 marins contribuent aussi au bon fonctionnement du cerveau et de la vision.<br \/>\nConseils d&rsquo;utilisation:<br \/>\nPrendre 1 g\u00e9lule par jour<\/p>\n","protected":false},"excerpt":{"rendered":"<p>Les capsules Doppelherz\u00ae aktiv Aktiv-Om\u00e9ga-3 marin contiennent 1000 mg d\u2019huile de poisson de puret\u00e9 exceptionnelle, fournissant de l\u2019EPA et du<\/p>\n","protected":false},"featured_media":54772,"comment_status":"open","ping_status":"closed","template":"","meta":[],"product_brand":[862],"product_cat":[1031],"product_tag":[],"class_list":{"0":"post-54726","1":"product","2":"type-product","3":"status-publish","4":"has-post-thumbnail","6":"product_brand-doppelherz","7":"product_cat-vitamines-et-formes","9":"first","10":"instock","11":"sale","12":"shipping-taxable","13":"purchasable","14":"product-type-simple"},"yoast_head":"<!-- This site is optimized with the Yoast SEO plugin v26.6 - https:\/\/yoast.com\/wordpress\/plugins\/seo\/ -->\r\n<title>DOPPELHERZ AKTIV OMEGA 3 MARIN 30 CAPSULES - Paracherkaoui.ma<\/title>\r\n<meta name=\"robots\" content=\"index, follow, max-snippet:-1, max-image-preview:large, max-video-preview:-1\" \/>\r\n<link rel=\"canonical\" href=\"https:\/\/paracherkaoui.ma\/index.php\/produit\/doppelherz-aktiv-omega-3-marin-30-capsules\/\" \/>\r\n<meta property=\"og:locale\" content=\"fr_FR\" \/>\r\n<meta property=\"og:type\" content=\"article\" \/>\r\n<meta property=\"og:title\" content=\"DOPPELHERZ AKTIV OMEGA 3 MARIN 30 CAPSULES - Paracherkaoui.ma\" \/>\r\n<meta property=\"og:description\" content=\"Les capsules Doppelherz\u00ae aktiv Aktiv-Om\u00e9ga-3 marin contiennent 1000 mg d\u2019huile de poisson de puret\u00e9 exceptionnelle, fournissant de l\u2019EPA et du\" \/>\r\n<meta property=\"og:url\" content=\"https:\/\/paracherkaoui.ma\/index.php\/produit\/doppelherz-aktiv-omega-3-marin-30-capsules\/\" \/>\r\n<meta property=\"og:site_name\" content=\"Paracherkaoui.ma\" \/>\r\n<meta property=\"article:modified_time\" content=\"2025-12-12T18:41:48+00:00\" \/>\r\n<meta property=\"og:image\" content=\"https:\/\/paracherkaoui.ma\/wp-content\/uploads\/2025\/12\/doppelherz-doppelherz-aktiv-omega-3-marin-30-capsules-vitamines-et-formes.jpg\" \/>\r\n\t<meta property=\"og:image:width\" content=\"700\" \/>\r\n\t<meta property=\"og:image:height\" content=\"700\" \/>\r\n\t<meta property=\"og:image:type\" content=\"image\/jpeg\" \/>\r\n<meta name=\"twitter:card\" content=\"summary_large_image\" \/>\r\n<meta name=\"twitter:label1\" content=\"Dur\u00e9e de lecture estim\u00e9e\" \/>\n\t<meta name=\"twitter:data1\" content=\"1 minute\" \/>\r\n<script type=\"application\/ld+json\" class=\"yoast-schema-graph\">{\"@context\":\"https:\/\/schema.org\",\"@graph\":[{\"@type\":\"WebPage\",\"@id\":\"https:\/\/paracherkaoui.ma\/index.php\/produit\/doppelherz-aktiv-omega-3-marin-30-capsules\/\",\"url\":\"https:\/\/paracherkaoui.ma\/index.php\/produit\/doppelherz-aktiv-omega-3-marin-30-capsules\/\",\"name\":\"DOPPELHERZ AKTIV OMEGA 3 MARIN 30 CAPSULES - Paracherkaoui.ma\",\"isPartOf\":{\"@id\":\"https:\/\/paracherkaoui.ma\/#website\"},\"primaryImageOfPage\":{\"@id\":\"https:\/\/paracherkaoui.ma\/index.php\/produit\/doppelherz-aktiv-omega-3-marin-30-capsules\/#primaryimage\"},\"image\":{\"@id\":\"https:\/\/paracherkaoui.ma\/index.php\/produit\/doppelherz-aktiv-omega-3-marin-30-capsules\/#primaryimage\"},\"thumbnailUrl\":\"https:\/\/paracherkaoui.ma\/wp-content\/uploads\/2025\/12\/doppelherz-doppelherz-aktiv-omega-3-marin-30-capsules-vitamines-et-formes.jpg\",\"datePublished\":\"2025-12-12T18:41:39+00:00\",\"dateModified\":\"2025-12-12T18:41:48+00:00\",\"breadcrumb\":{\"@id\":\"https:\/\/paracherkaoui.ma\/index.php\/produit\/doppelherz-aktiv-omega-3-marin-30-capsules\/#breadcrumb\"},\"inLanguage\":\"fr-FR\",\"potentialAction\":[{\"@type\":\"ReadAction\",\"target\":[\"https:\/\/paracherkaoui.ma\/index.php\/produit\/doppelherz-aktiv-omega-3-marin-30-capsules\/\"]}]},{\"@type\":\"ImageObject\",\"inLanguage\":\"fr-FR\",\"@id\":\"https:\/\/paracherkaoui.ma\/index.php\/produit\/doppelherz-aktiv-omega-3-marin-30-capsules\/#primaryimage\",\"url\":\"https:\/\/paracherkaoui.ma\/wp-content\/uploads\/2025\/12\/doppelherz-doppelherz-aktiv-omega-3-marin-30-capsules-vitamines-et-formes.jpg\",\"contentUrl\":\"https:\/\/paracherkaoui.ma\/wp-content\/uploads\/2025\/12\/doppelherz-doppelherz-aktiv-omega-3-marin-30-capsules-vitamines-et-formes.jpg\",\"width\":700,\"height\":700},{\"@type\":\"BreadcrumbList\",\"@id\":\"https:\/\/paracherkaoui.ma\/index.php\/produit\/doppelherz-aktiv-omega-3-marin-30-capsules\/#breadcrumb\",\"itemListElement\":[{\"@type\":\"ListItem\",\"position\":1,\"name\":\"Accueil\",\"item\":\"https:\/\/paracherkaoui.ma\/\"},{\"@type\":\"ListItem\",\"position\":2,\"name\":\"Boutique\",\"item\":\"https:\/\/paracherkaoui.ma\/index.php\/boutique\/\"},{\"@type\":\"ListItem\",\"position\":3,\"name\":\"DOPPELHERZ AKTIV OMEGA 3 MARIN 30 CAPSULES\"}]},{\"@type\":\"WebSite\",\"@id\":\"https:\/\/paracherkaoui.ma\/#website\",\"url\":\"https:\/\/paracherkaoui.ma\/\",\"name\":\"Paracherkaoui.ma\",\"description\":\"Achetez en ligne sur Paracherkaoui.ma\",\"potentialAction\":[{\"@type\":\"SearchAction\",\"target\":{\"@type\":\"EntryPoint\",\"urlTemplate\":\"https:\/\/paracherkaoui.ma\/?s={search_term_string}\"},\"query-input\":{\"@type\":\"PropertyValueSpecification\",\"valueRequired\":true,\"valueName\":\"search_term_string\"}}],\"inLanguage\":\"fr-FR\"}]}<\/script>\r\n<!-- \/ Yoast SEO plugin. -->","yoast_head_json":{"title":"DOPPELHERZ AKTIV OMEGA 3 MARIN 30 CAPSULES - Paracherkaoui.ma","robots":{"index":"index","follow":"follow","max-snippet":"max-snippet:-1","max-image-preview":"max-image-preview:large","max-video-preview":"max-video-preview:-1"},"canonical":"https:\/\/paracherkaoui.ma\/index.php\/produit\/doppelherz-aktiv-omega-3-marin-30-capsules\/","og_locale":"fr_FR","og_type":"article","og_title":"DOPPELHERZ AKTIV OMEGA 3 MARIN 30 CAPSULES - Paracherkaoui.ma","og_description":"Les capsules Doppelherz\u00ae aktiv Aktiv-Om\u00e9ga-3 marin contiennent 1000 mg d\u2019huile de poisson de puret\u00e9 exceptionnelle, fournissant de l\u2019EPA et du","og_url":"https:\/\/paracherkaoui.ma\/index.php\/produit\/doppelherz-aktiv-omega-3-marin-30-capsules\/","og_site_name":"Paracherkaoui.ma","article_modified_time":"2025-12-12T18:41:48+00:00","og_image":[{"width":700,"height":700,"url":"https:\/\/paracherkaoui.ma\/wp-content\/uploads\/2025\/12\/doppelherz-doppelherz-aktiv-omega-3-marin-30-capsules-vitamines-et-formes.jpg","type":"image\/jpeg"}],"twitter_card":"summary_large_image","twitter_misc":{"Dur\u00e9e de lecture estim\u00e9e":"1 minute"},"schema":{"@context":"https:\/\/schema.org","@graph":[{"@type":"WebPage","@id":"https:\/\/paracherkaoui.ma\/index.php\/produit\/doppelherz-aktiv-omega-3-marin-30-capsules\/","url":"https:\/\/paracherkaoui.ma\/index.php\/produit\/doppelherz-aktiv-omega-3-marin-30-capsules\/","name":"DOPPELHERZ AKTIV OMEGA 3 MARIN 30 CAPSULES - Paracherkaoui.ma","isPartOf":{"@id":"https:\/\/paracherkaoui.ma\/#website"},"primaryImageOfPage":{"@id":"https:\/\/paracherkaoui.ma\/index.php\/produit\/doppelherz-aktiv-omega-3-marin-30-capsules\/#primaryimage"},"image":{"@id":"https:\/\/paracherkaoui.ma\/index.php\/produit\/doppelherz-aktiv-omega-3-marin-30-capsules\/#primaryimage"},"thumbnailUrl":"https:\/\/paracherkaoui.ma\/wp-content\/uploads\/2025\/12\/doppelherz-doppelherz-aktiv-omega-3-marin-30-capsules-vitamines-et-formes.jpg","datePublished":"2025-12-12T18:41:39+00:00","dateModified":"2025-12-12T18:41:48+00:00","breadcrumb":{"@id":"https:\/\/paracherkaoui.ma\/index.php\/produit\/doppelherz-aktiv-omega-3-marin-30-capsules\/#breadcrumb"},"inLanguage":"fr-FR","potentialAction":[{"@type":"ReadAction","target":["https:\/\/paracherkaoui.ma\/index.php\/produit\/doppelherz-aktiv-omega-3-marin-30-capsules\/"]}]},{"@type":"ImageObject","inLanguage":"fr-FR","@id":"https:\/\/paracherkaoui.ma\/index.php\/produit\/doppelherz-aktiv-omega-3-marin-30-capsules\/#primaryimage","url":"https:\/\/paracherkaoui.ma\/wp-content\/uploads\/2025\/12\/doppelherz-doppelherz-aktiv-omega-3-marin-30-capsules-vitamines-et-formes.jpg","contentUrl":"https:\/\/paracherkaoui.ma\/wp-content\/uploads\/2025\/12\/doppelherz-doppelherz-aktiv-omega-3-marin-30-capsules-vitamines-et-formes.jpg","width":700,"height":700},{"@type":"BreadcrumbList","@id":"https:\/\/paracherkaoui.ma\/index.php\/produit\/doppelherz-aktiv-omega-3-marin-30-capsules\/#breadcrumb","itemListElement":[{"@type":"ListItem","position":1,"name":"Accueil","item":"https:\/\/paracherkaoui.ma\/"},{"@type":"ListItem","position":2,"name":"Boutique","item":"https:\/\/paracherkaoui.ma\/index.php\/boutique\/"},{"@type":"ListItem","position":3,"name":"DOPPELHERZ AKTIV OMEGA 3 MARIN 30 CAPSULES"}]},{"@type":"WebSite","@id":"https:\/\/paracherkaoui.ma\/#website","url":"https:\/\/paracherkaoui.ma\/","name":"Paracherkaoui.ma","description":"Achetez en ligne sur Paracherkaoui.ma","potentialAction":[{"@type":"SearchAction","target":{"@type":"EntryPoint","urlTemplate":"https:\/\/paracherkaoui.ma\/?s={search_term_string}"},"query-input":{"@type":"PropertyValueSpecification","valueRequired":true,"valueName":"search_term_string"}}],"inLanguage":"fr-FR"}]}},"_links":{"self":[{"href":"https:\/\/paracherkaoui.ma\/index.php\/wp-json\/wp\/v2\/product\/54726","targetHints":{"allow":["GET"]}}],"collection":[{"href":"https:\/\/paracherkaoui.ma\/index.php\/wp-json\/wp\/v2\/product"}],"about":[{"href":"https:\/\/paracherkaoui.ma\/index.php\/wp-json\/wp\/v2\/types\/product"}],"replies":[{"embeddable":true,"href":"https:\/\/paracherkaoui.ma\/index.php\/wp-json\/wp\/v2\/comments?post=54726"}],"version-history":[{"count":1,"href":"https:\/\/paracherkaoui.ma\/index.php\/wp-json\/wp\/v2\/product\/54726\/revisions"}],"predecessor-version":[{"id":54773,"href":"https:\/\/paracherkaoui.ma\/index.php\/wp-json\/wp\/v2\/product\/54726\/revisions\/54773"}],"wp:featuredmedia":[{"embeddable":true,"href":"https:\/\/paracherkaoui.ma\/index.php\/wp-json\/wp\/v2\/media\/54772"}],"wp:attachment":[{"href":"https:\/\/paracherkaoui.ma\/index.php\/wp-json\/wp\/v2\/media?parent=54726"}],"wp:term":[{"taxonomy":"product_brand","embeddable":true,"href":"https:\/\/paracherkaoui.ma\/index.php\/wp-json\/wp\/v2\/product_brand?post=54726"},{"taxonomy":"product_cat","embeddable":true,"href":"https:\/\/paracherkaoui.ma\/index.php\/wp-json\/wp\/v2\/product_cat?post=54726"},{"taxonomy":"product_tag","embeddable":true,"href":"https:\/\/paracherkaoui.ma\/index.php\/wp-json\/wp\/v2\/product_tag?post=54726"}],"curies":[{"name":"wp","href":"https:\/\/api.w.org\/{rel}","templated":true}]}}