{"id":54464,"date":"2025-12-12T19:41:07","date_gmt":"2025-12-12T18:41:07","guid":{"rendered":"https:\/\/test.ecbeaute.com\/?post_type=product&#038;p=54464"},"modified":"2025-12-12T19:41:14","modified_gmt":"2025-12-12T18:41:14","slug":"vertuplus-vitamine-c-60-gelules","status":"publish","type":"product","link":"https:\/\/paracherkaoui.ma\/index.php\/produit\/vertuplus-vitamine-c-60-gelules\/","title":{"rendered":"VERTUPLUS VITAMINE C 60 GELULES"},"content":{"rendered":"<p>D\u00e9couvrez le pouvoir revitalisant de la Vitamine C, un v\u00e9ritable alli\u00e9 pour votre bien-\u00eatre quotidien. Essentielle pour maintenir un syst\u00e8me immunitaire robuste et r\u00e9duire la fatigue, la Vitamine C joue un r\u00f4le crucial dans la protection de vos cellules contre le stress oxydatif gr\u00e2ce \u00e0 ses puissantes propri\u00e9t\u00e9s antioxydantes. En int\u00e9grant cette vitamine indispensable \u00e0 votre routine, vous offrez \u00e0 votre corps une d\u00e9fense naturelle contre les dommages cellulaires et favorisez une sant\u00e9 optimale.<br \/>\nUn Bouclier Antioxydant Puissant<br \/>\nLa Vitamine C est largement reconnue pour son effet antioxydant remarquable. En neutralisant les radicaux libres, elle prot\u00e8ge les cellules contre les agressions environnementales et le stress oxydant. Ce m\u00e9canisme de protection est crucial pour pr\u00e9venir les dommages cellulaires qui peuvent entra\u00eener un vieillissement pr\u00e9matur\u00e9 et divers probl\u00e8mes de sant\u00e9. Avec une consommation r\u00e9guli\u00e8re de Vitamine C, vous renforcez les d\u00e9fenses naturelles de votre organisme et vous soutenez une vitalit\u00e9 durable.<br \/>\nConseils d&rsquo;utilisation :<br \/>\nil est conseill\u00e9 de prendre une capsule ou un comprim\u00e9 par jour avec un repas pour une absorption optimale.<\/p>\n","protected":false},"excerpt":{"rendered":"<p>D\u00e9couvrez le pouvoir revitalisant de la Vitamine C, un v\u00e9ritable alli\u00e9 pour votre bien-\u00eatre quotidien. Essentielle pour maintenir un syst\u00e8me<\/p>\n","protected":false},"featured_media":54517,"comment_status":"open","ping_status":"closed","template":"","meta":[],"product_brand":[1007],"product_cat":[1031],"product_tag":[],"class_list":{"0":"post-54464","1":"product","2":"type-product","3":"status-publish","4":"has-post-thumbnail","6":"product_brand-vertu-plus","7":"product_cat-vitamines-et-formes","9":"first","10":"instock","11":"sale","12":"shipping-taxable","13":"purchasable","14":"product-type-simple"},"yoast_head":"<!-- This site is optimized with the Yoast SEO plugin v26.6 - https:\/\/yoast.com\/wordpress\/plugins\/seo\/ -->\r\n<title>VERTUPLUS VITAMINE C 60 GELULES - Paracherkaoui.ma<\/title>\r\n<meta name=\"robots\" content=\"index, follow, max-snippet:-1, max-image-preview:large, max-video-preview:-1\" \/>\r\n<link rel=\"canonical\" href=\"https:\/\/paracherkaoui.ma\/index.php\/produit\/vertuplus-vitamine-c-60-gelules\/\" \/>\r\n<meta property=\"og:locale\" content=\"fr_FR\" \/>\r\n<meta property=\"og:type\" content=\"article\" \/>\r\n<meta property=\"og:title\" content=\"VERTUPLUS VITAMINE C 60 GELULES - Paracherkaoui.ma\" \/>\r\n<meta property=\"og:description\" content=\"D\u00e9couvrez le pouvoir revitalisant de la Vitamine C, un v\u00e9ritable alli\u00e9 pour votre bien-\u00eatre quotidien. Essentielle pour maintenir un syst\u00e8me\" \/>\r\n<meta property=\"og:url\" content=\"https:\/\/paracherkaoui.ma\/index.php\/produit\/vertuplus-vitamine-c-60-gelules\/\" \/>\r\n<meta property=\"og:site_name\" content=\"Paracherkaoui.ma\" \/>\r\n<meta property=\"article:modified_time\" content=\"2025-12-12T18:41:14+00:00\" \/>\r\n<meta property=\"og:image\" content=\"https:\/\/paracherkaoui.ma\/wp-content\/uploads\/2025\/12\/vertuplus-vertuplus-vitamine-c-60-gelules-vitamines-et-formes.jpg\" \/>\r\n\t<meta property=\"og:image:width\" content=\"700\" \/>\r\n\t<meta property=\"og:image:height\" content=\"700\" \/>\r\n\t<meta property=\"og:image:type\" content=\"image\/jpeg\" \/>\r\n<meta name=\"twitter:card\" content=\"summary_large_image\" \/>\r\n<meta name=\"twitter:label1\" content=\"Dur\u00e9e de lecture estim\u00e9e\" \/>\n\t<meta name=\"twitter:data1\" content=\"1 minute\" \/>\r\n<script type=\"application\/ld+json\" class=\"yoast-schema-graph\">{\"@context\":\"https:\/\/schema.org\",\"@graph\":[{\"@type\":\"WebPage\",\"@id\":\"https:\/\/paracherkaoui.ma\/index.php\/produit\/vertuplus-vitamine-c-60-gelules\/\",\"url\":\"https:\/\/paracherkaoui.ma\/index.php\/produit\/vertuplus-vitamine-c-60-gelules\/\",\"name\":\"VERTUPLUS VITAMINE C 60 GELULES - Paracherkaoui.ma\",\"isPartOf\":{\"@id\":\"https:\/\/paracherkaoui.ma\/#website\"},\"primaryImageOfPage\":{\"@id\":\"https:\/\/paracherkaoui.ma\/index.php\/produit\/vertuplus-vitamine-c-60-gelules\/#primaryimage\"},\"image\":{\"@id\":\"https:\/\/paracherkaoui.ma\/index.php\/produit\/vertuplus-vitamine-c-60-gelules\/#primaryimage\"},\"thumbnailUrl\":\"https:\/\/paracherkaoui.ma\/wp-content\/uploads\/2025\/12\/vertuplus-vertuplus-vitamine-c-60-gelules-vitamines-et-formes.jpg\",\"datePublished\":\"2025-12-12T18:41:07+00:00\",\"dateModified\":\"2025-12-12T18:41:14+00:00\",\"breadcrumb\":{\"@id\":\"https:\/\/paracherkaoui.ma\/index.php\/produit\/vertuplus-vitamine-c-60-gelules\/#breadcrumb\"},\"inLanguage\":\"fr-FR\",\"potentialAction\":[{\"@type\":\"ReadAction\",\"target\":[\"https:\/\/paracherkaoui.ma\/index.php\/produit\/vertuplus-vitamine-c-60-gelules\/\"]}]},{\"@type\":\"ImageObject\",\"inLanguage\":\"fr-FR\",\"@id\":\"https:\/\/paracherkaoui.ma\/index.php\/produit\/vertuplus-vitamine-c-60-gelules\/#primaryimage\",\"url\":\"https:\/\/paracherkaoui.ma\/wp-content\/uploads\/2025\/12\/vertuplus-vertuplus-vitamine-c-60-gelules-vitamines-et-formes.jpg\",\"contentUrl\":\"https:\/\/paracherkaoui.ma\/wp-content\/uploads\/2025\/12\/vertuplus-vertuplus-vitamine-c-60-gelules-vitamines-et-formes.jpg\",\"width\":700,\"height\":700},{\"@type\":\"BreadcrumbList\",\"@id\":\"https:\/\/paracherkaoui.ma\/index.php\/produit\/vertuplus-vitamine-c-60-gelules\/#breadcrumb\",\"itemListElement\":[{\"@type\":\"ListItem\",\"position\":1,\"name\":\"Accueil\",\"item\":\"https:\/\/paracherkaoui.ma\/\"},{\"@type\":\"ListItem\",\"position\":2,\"name\":\"Boutique\",\"item\":\"https:\/\/paracherkaoui.ma\/index.php\/boutique\/\"},{\"@type\":\"ListItem\",\"position\":3,\"name\":\"VERTUPLUS VITAMINE C 60 GELULES\"}]},{\"@type\":\"WebSite\",\"@id\":\"https:\/\/paracherkaoui.ma\/#website\",\"url\":\"https:\/\/paracherkaoui.ma\/\",\"name\":\"Paracherkaoui.ma\",\"description\":\"Achetez en ligne sur Paracherkaoui.ma\",\"potentialAction\":[{\"@type\":\"SearchAction\",\"target\":{\"@type\":\"EntryPoint\",\"urlTemplate\":\"https:\/\/paracherkaoui.ma\/?s={search_term_string}\"},\"query-input\":{\"@type\":\"PropertyValueSpecification\",\"valueRequired\":true,\"valueName\":\"search_term_string\"}}],\"inLanguage\":\"fr-FR\"}]}<\/script>\r\n<!-- \/ Yoast SEO plugin. -->","yoast_head_json":{"title":"VERTUPLUS VITAMINE C 60 GELULES - Paracherkaoui.ma","robots":{"index":"index","follow":"follow","max-snippet":"max-snippet:-1","max-image-preview":"max-image-preview:large","max-video-preview":"max-video-preview:-1"},"canonical":"https:\/\/paracherkaoui.ma\/index.php\/produit\/vertuplus-vitamine-c-60-gelules\/","og_locale":"fr_FR","og_type":"article","og_title":"VERTUPLUS VITAMINE C 60 GELULES - Paracherkaoui.ma","og_description":"D\u00e9couvrez le pouvoir revitalisant de la Vitamine C, un v\u00e9ritable alli\u00e9 pour votre bien-\u00eatre quotidien. Essentielle pour maintenir un syst\u00e8me","og_url":"https:\/\/paracherkaoui.ma\/index.php\/produit\/vertuplus-vitamine-c-60-gelules\/","og_site_name":"Paracherkaoui.ma","article_modified_time":"2025-12-12T18:41:14+00:00","og_image":[{"width":700,"height":700,"url":"https:\/\/paracherkaoui.ma\/wp-content\/uploads\/2025\/12\/vertuplus-vertuplus-vitamine-c-60-gelules-vitamines-et-formes.jpg","type":"image\/jpeg"}],"twitter_card":"summary_large_image","twitter_misc":{"Dur\u00e9e de lecture estim\u00e9e":"1 minute"},"schema":{"@context":"https:\/\/schema.org","@graph":[{"@type":"WebPage","@id":"https:\/\/paracherkaoui.ma\/index.php\/produit\/vertuplus-vitamine-c-60-gelules\/","url":"https:\/\/paracherkaoui.ma\/index.php\/produit\/vertuplus-vitamine-c-60-gelules\/","name":"VERTUPLUS VITAMINE C 60 GELULES - Paracherkaoui.ma","isPartOf":{"@id":"https:\/\/paracherkaoui.ma\/#website"},"primaryImageOfPage":{"@id":"https:\/\/paracherkaoui.ma\/index.php\/produit\/vertuplus-vitamine-c-60-gelules\/#primaryimage"},"image":{"@id":"https:\/\/paracherkaoui.ma\/index.php\/produit\/vertuplus-vitamine-c-60-gelules\/#primaryimage"},"thumbnailUrl":"https:\/\/paracherkaoui.ma\/wp-content\/uploads\/2025\/12\/vertuplus-vertuplus-vitamine-c-60-gelules-vitamines-et-formes.jpg","datePublished":"2025-12-12T18:41:07+00:00","dateModified":"2025-12-12T18:41:14+00:00","breadcrumb":{"@id":"https:\/\/paracherkaoui.ma\/index.php\/produit\/vertuplus-vitamine-c-60-gelules\/#breadcrumb"},"inLanguage":"fr-FR","potentialAction":[{"@type":"ReadAction","target":["https:\/\/paracherkaoui.ma\/index.php\/produit\/vertuplus-vitamine-c-60-gelules\/"]}]},{"@type":"ImageObject","inLanguage":"fr-FR","@id":"https:\/\/paracherkaoui.ma\/index.php\/produit\/vertuplus-vitamine-c-60-gelules\/#primaryimage","url":"https:\/\/paracherkaoui.ma\/wp-content\/uploads\/2025\/12\/vertuplus-vertuplus-vitamine-c-60-gelules-vitamines-et-formes.jpg","contentUrl":"https:\/\/paracherkaoui.ma\/wp-content\/uploads\/2025\/12\/vertuplus-vertuplus-vitamine-c-60-gelules-vitamines-et-formes.jpg","width":700,"height":700},{"@type":"BreadcrumbList","@id":"https:\/\/paracherkaoui.ma\/index.php\/produit\/vertuplus-vitamine-c-60-gelules\/#breadcrumb","itemListElement":[{"@type":"ListItem","position":1,"name":"Accueil","item":"https:\/\/paracherkaoui.ma\/"},{"@type":"ListItem","position":2,"name":"Boutique","item":"https:\/\/paracherkaoui.ma\/index.php\/boutique\/"},{"@type":"ListItem","position":3,"name":"VERTUPLUS VITAMINE C 60 GELULES"}]},{"@type":"WebSite","@id":"https:\/\/paracherkaoui.ma\/#website","url":"https:\/\/paracherkaoui.ma\/","name":"Paracherkaoui.ma","description":"Achetez en ligne sur Paracherkaoui.ma","potentialAction":[{"@type":"SearchAction","target":{"@type":"EntryPoint","urlTemplate":"https:\/\/paracherkaoui.ma\/?s={search_term_string}"},"query-input":{"@type":"PropertyValueSpecification","valueRequired":true,"valueName":"search_term_string"}}],"inLanguage":"fr-FR"}]}},"_links":{"self":[{"href":"https:\/\/paracherkaoui.ma\/index.php\/wp-json\/wp\/v2\/product\/54464","targetHints":{"allow":["GET"]}}],"collection":[{"href":"https:\/\/paracherkaoui.ma\/index.php\/wp-json\/wp\/v2\/product"}],"about":[{"href":"https:\/\/paracherkaoui.ma\/index.php\/wp-json\/wp\/v2\/types\/product"}],"replies":[{"embeddable":true,"href":"https:\/\/paracherkaoui.ma\/index.php\/wp-json\/wp\/v2\/comments?post=54464"}],"version-history":[{"count":1,"href":"https:\/\/paracherkaoui.ma\/index.php\/wp-json\/wp\/v2\/product\/54464\/revisions"}],"predecessor-version":[{"id":54518,"href":"https:\/\/paracherkaoui.ma\/index.php\/wp-json\/wp\/v2\/product\/54464\/revisions\/54518"}],"wp:featuredmedia":[{"embeddable":true,"href":"https:\/\/paracherkaoui.ma\/index.php\/wp-json\/wp\/v2\/media\/54517"}],"wp:attachment":[{"href":"https:\/\/paracherkaoui.ma\/index.php\/wp-json\/wp\/v2\/media?parent=54464"}],"wp:term":[{"taxonomy":"product_brand","embeddable":true,"href":"https:\/\/paracherkaoui.ma\/index.php\/wp-json\/wp\/v2\/product_brand?post=54464"},{"taxonomy":"product_cat","embeddable":true,"href":"https:\/\/paracherkaoui.ma\/index.php\/wp-json\/wp\/v2\/product_cat?post=54464"},{"taxonomy":"product_tag","embeddable":true,"href":"https:\/\/paracherkaoui.ma\/index.php\/wp-json\/wp\/v2\/product_tag?post=54464"}],"curies":[{"name":"wp","href":"https:\/\/api.w.org\/{rel}","templated":true}]}}