{"id":54444,"date":"2025-12-12T19:41:06","date_gmt":"2025-12-12T18:41:06","guid":{"rendered":"https:\/\/test.ecbeaute.com\/?post_type=product&#038;p=54444"},"modified":"2025-12-12T19:41:09","modified_gmt":"2025-12-12T18:41:09","slug":"vertuplus-vitamine-d3k2-50-capsules","status":"publish","type":"product","link":"https:\/\/paracherkaoui.ma\/index.php\/produit\/vertuplus-vitamine-d3k2-50-capsules\/","title":{"rendered":"VERTUPLUS VITAMINE D3+K2 50 CAPSULES"},"content":{"rendered":"<p>La VertuPlus Vitamine D3 + K2 en format 50 capsules est un compl\u00e9ment alimentaire incontournable pour maintenir des os solides et un c\u0153ur en pleine sant\u00e9. Cette formule combine les bienfaits de la vitamine D3, essentielle \u00e0 l&rsquo;absorption du calcium, et de la vitamine K2, qui aide \u00e0 diriger ce calcium vers les os et non les art\u00e8res. Ensemble, elles forment une synergie puissante qui optimise la sant\u00e9 osseuse et cardiovasculaire.<br \/>\nLa vitamine D3 est cruciale pour le renforcement des os et des dents, tandis que la vitamine K2 joue un r\u00f4le dans la pr\u00e9vention des d\u00e9p\u00f4ts calcaires dans les vaisseaux sanguins. Chaque capsule contient une dose \u00e9quilibr\u00e9e qui soutient l&rsquo;immunit\u00e9, favorise la croissance osseuse et r\u00e9duit les risques d&rsquo;ost\u00e9oporose. Cette formule est id\u00e9ale pour les personnes souffrant d&rsquo;une carence en vitamine D ou souhaitant pr\u00e9venir les probl\u00e8mes li\u00e9s au vieillissement des os.<br \/>\nGr\u00e2ce \u00e0 sa pr\u00e9sentation pratique en 50 capsules, VertuPlus Vitamine D3 + K2 s\u2019int\u00e8gre facilement dans votre routine quotidienne. Une seule capsule par jour suffit pour couvrir vos besoins. Que vous soyez un adulte actif ou une personne \u00e2g\u00e9e souhaitant maintenir sa mobilit\u00e9, ce compl\u00e9ment est le choix parfait pour une sant\u00e9 optimale.<br \/>\nConseils d\u2019utilisation<br \/>\nPrendre une capsule par jour avec un verre d\u2019eau.<br \/>\nDe pr\u00e9f\u00e9rence pendant le repas pour une meilleure absorption.<br \/>\nConsultez un professionnel de sant\u00e9 avant utilisation si vous \u00eates enceinte ou suivez un traitement m\u00e9dicamenteux.<\/p>\n","protected":false},"excerpt":{"rendered":"<p>La VertuPlus Vitamine D3 + K2 en format 50 capsules est un compl\u00e9ment alimentaire incontournable pour maintenir des os solides<\/p>\n","protected":false},"featured_media":54477,"comment_status":"open","ping_status":"closed","template":"","meta":[],"product_brand":[1007],"product_cat":[1031],"product_tag":[],"class_list":{"0":"post-54444","1":"product","2":"type-product","3":"status-publish","4":"has-post-thumbnail","6":"product_brand-vertu-plus","7":"product_cat-vitamines-et-formes","9":"first","10":"instock","11":"sale","12":"shipping-taxable","13":"purchasable","14":"product-type-simple"},"yoast_head":"<!-- This site is optimized with the Yoast SEO plugin v26.6 - https:\/\/yoast.com\/wordpress\/plugins\/seo\/ -->\r\n<title>VERTUPLUS VITAMINE D3+K2 50 CAPSULES - Paracherkaoui.ma<\/title>\r\n<meta name=\"robots\" content=\"index, follow, max-snippet:-1, max-image-preview:large, max-video-preview:-1\" \/>\r\n<link rel=\"canonical\" href=\"https:\/\/paracherkaoui.ma\/index.php\/produit\/vertuplus-vitamine-d3k2-50-capsules\/\" \/>\r\n<meta property=\"og:locale\" content=\"fr_FR\" \/>\r\n<meta property=\"og:type\" content=\"article\" \/>\r\n<meta property=\"og:title\" content=\"VERTUPLUS VITAMINE D3+K2 50 CAPSULES - Paracherkaoui.ma\" \/>\r\n<meta property=\"og:description\" content=\"La VertuPlus Vitamine D3 + K2 en format 50 capsules est un compl\u00e9ment alimentaire incontournable pour maintenir des os solides\" \/>\r\n<meta property=\"og:url\" content=\"https:\/\/paracherkaoui.ma\/index.php\/produit\/vertuplus-vitamine-d3k2-50-capsules\/\" \/>\r\n<meta property=\"og:site_name\" content=\"Paracherkaoui.ma\" \/>\r\n<meta property=\"article:modified_time\" content=\"2025-12-12T18:41:09+00:00\" \/>\r\n<meta property=\"og:image\" content=\"https:\/\/paracherkaoui.ma\/wp-content\/uploads\/2025\/12\/vertuplus-vertuplus-vitamine-d3-k2-50-capsules-vitamines-et-formes.jpg\" \/>\r\n\t<meta property=\"og:image:width\" content=\"700\" \/>\r\n\t<meta property=\"og:image:height\" content=\"700\" \/>\r\n\t<meta property=\"og:image:type\" content=\"image\/jpeg\" \/>\r\n<meta name=\"twitter:card\" content=\"summary_large_image\" \/>\r\n<meta name=\"twitter:label1\" content=\"Dur\u00e9e de lecture estim\u00e9e\" \/>\n\t<meta name=\"twitter:data1\" content=\"1 minute\" \/>\r\n<script type=\"application\/ld+json\" class=\"yoast-schema-graph\">{\"@context\":\"https:\/\/schema.org\",\"@graph\":[{\"@type\":\"WebPage\",\"@id\":\"https:\/\/paracherkaoui.ma\/index.php\/produit\/vertuplus-vitamine-d3k2-50-capsules\/\",\"url\":\"https:\/\/paracherkaoui.ma\/index.php\/produit\/vertuplus-vitamine-d3k2-50-capsules\/\",\"name\":\"VERTUPLUS VITAMINE D3+K2 50 CAPSULES - Paracherkaoui.ma\",\"isPartOf\":{\"@id\":\"https:\/\/paracherkaoui.ma\/#website\"},\"primaryImageOfPage\":{\"@id\":\"https:\/\/paracherkaoui.ma\/index.php\/produit\/vertuplus-vitamine-d3k2-50-capsules\/#primaryimage\"},\"image\":{\"@id\":\"https:\/\/paracherkaoui.ma\/index.php\/produit\/vertuplus-vitamine-d3k2-50-capsules\/#primaryimage\"},\"thumbnailUrl\":\"https:\/\/paracherkaoui.ma\/wp-content\/uploads\/2025\/12\/vertuplus-vertuplus-vitamine-d3-k2-50-capsules-vitamines-et-formes.jpg\",\"datePublished\":\"2025-12-12T18:41:06+00:00\",\"dateModified\":\"2025-12-12T18:41:09+00:00\",\"breadcrumb\":{\"@id\":\"https:\/\/paracherkaoui.ma\/index.php\/produit\/vertuplus-vitamine-d3k2-50-capsules\/#breadcrumb\"},\"inLanguage\":\"fr-FR\",\"potentialAction\":[{\"@type\":\"ReadAction\",\"target\":[\"https:\/\/paracherkaoui.ma\/index.php\/produit\/vertuplus-vitamine-d3k2-50-capsules\/\"]}]},{\"@type\":\"ImageObject\",\"inLanguage\":\"fr-FR\",\"@id\":\"https:\/\/paracherkaoui.ma\/index.php\/produit\/vertuplus-vitamine-d3k2-50-capsules\/#primaryimage\",\"url\":\"https:\/\/paracherkaoui.ma\/wp-content\/uploads\/2025\/12\/vertuplus-vertuplus-vitamine-d3-k2-50-capsules-vitamines-et-formes.jpg\",\"contentUrl\":\"https:\/\/paracherkaoui.ma\/wp-content\/uploads\/2025\/12\/vertuplus-vertuplus-vitamine-d3-k2-50-capsules-vitamines-et-formes.jpg\",\"width\":700,\"height\":700},{\"@type\":\"BreadcrumbList\",\"@id\":\"https:\/\/paracherkaoui.ma\/index.php\/produit\/vertuplus-vitamine-d3k2-50-capsules\/#breadcrumb\",\"itemListElement\":[{\"@type\":\"ListItem\",\"position\":1,\"name\":\"Accueil\",\"item\":\"https:\/\/paracherkaoui.ma\/\"},{\"@type\":\"ListItem\",\"position\":2,\"name\":\"Boutique\",\"item\":\"https:\/\/paracherkaoui.ma\/index.php\/boutique\/\"},{\"@type\":\"ListItem\",\"position\":3,\"name\":\"VERTUPLUS VITAMINE D3+K2 50 CAPSULES\"}]},{\"@type\":\"WebSite\",\"@id\":\"https:\/\/paracherkaoui.ma\/#website\",\"url\":\"https:\/\/paracherkaoui.ma\/\",\"name\":\"Paracherkaoui.ma\",\"description\":\"Achetez en ligne sur Paracherkaoui.ma\",\"potentialAction\":[{\"@type\":\"SearchAction\",\"target\":{\"@type\":\"EntryPoint\",\"urlTemplate\":\"https:\/\/paracherkaoui.ma\/?s={search_term_string}\"},\"query-input\":{\"@type\":\"PropertyValueSpecification\",\"valueRequired\":true,\"valueName\":\"search_term_string\"}}],\"inLanguage\":\"fr-FR\"}]}<\/script>\r\n<!-- \/ Yoast SEO plugin. -->","yoast_head_json":{"title":"VERTUPLUS VITAMINE D3+K2 50 CAPSULES - Paracherkaoui.ma","robots":{"index":"index","follow":"follow","max-snippet":"max-snippet:-1","max-image-preview":"max-image-preview:large","max-video-preview":"max-video-preview:-1"},"canonical":"https:\/\/paracherkaoui.ma\/index.php\/produit\/vertuplus-vitamine-d3k2-50-capsules\/","og_locale":"fr_FR","og_type":"article","og_title":"VERTUPLUS VITAMINE D3+K2 50 CAPSULES - Paracherkaoui.ma","og_description":"La VertuPlus Vitamine D3 + K2 en format 50 capsules est un compl\u00e9ment alimentaire incontournable pour maintenir des os solides","og_url":"https:\/\/paracherkaoui.ma\/index.php\/produit\/vertuplus-vitamine-d3k2-50-capsules\/","og_site_name":"Paracherkaoui.ma","article_modified_time":"2025-12-12T18:41:09+00:00","og_image":[{"width":700,"height":700,"url":"https:\/\/paracherkaoui.ma\/wp-content\/uploads\/2025\/12\/vertuplus-vertuplus-vitamine-d3-k2-50-capsules-vitamines-et-formes.jpg","type":"image\/jpeg"}],"twitter_card":"summary_large_image","twitter_misc":{"Dur\u00e9e de lecture estim\u00e9e":"1 minute"},"schema":{"@context":"https:\/\/schema.org","@graph":[{"@type":"WebPage","@id":"https:\/\/paracherkaoui.ma\/index.php\/produit\/vertuplus-vitamine-d3k2-50-capsules\/","url":"https:\/\/paracherkaoui.ma\/index.php\/produit\/vertuplus-vitamine-d3k2-50-capsules\/","name":"VERTUPLUS VITAMINE D3+K2 50 CAPSULES - Paracherkaoui.ma","isPartOf":{"@id":"https:\/\/paracherkaoui.ma\/#website"},"primaryImageOfPage":{"@id":"https:\/\/paracherkaoui.ma\/index.php\/produit\/vertuplus-vitamine-d3k2-50-capsules\/#primaryimage"},"image":{"@id":"https:\/\/paracherkaoui.ma\/index.php\/produit\/vertuplus-vitamine-d3k2-50-capsules\/#primaryimage"},"thumbnailUrl":"https:\/\/paracherkaoui.ma\/wp-content\/uploads\/2025\/12\/vertuplus-vertuplus-vitamine-d3-k2-50-capsules-vitamines-et-formes.jpg","datePublished":"2025-12-12T18:41:06+00:00","dateModified":"2025-12-12T18:41:09+00:00","breadcrumb":{"@id":"https:\/\/paracherkaoui.ma\/index.php\/produit\/vertuplus-vitamine-d3k2-50-capsules\/#breadcrumb"},"inLanguage":"fr-FR","potentialAction":[{"@type":"ReadAction","target":["https:\/\/paracherkaoui.ma\/index.php\/produit\/vertuplus-vitamine-d3k2-50-capsules\/"]}]},{"@type":"ImageObject","inLanguage":"fr-FR","@id":"https:\/\/paracherkaoui.ma\/index.php\/produit\/vertuplus-vitamine-d3k2-50-capsules\/#primaryimage","url":"https:\/\/paracherkaoui.ma\/wp-content\/uploads\/2025\/12\/vertuplus-vertuplus-vitamine-d3-k2-50-capsules-vitamines-et-formes.jpg","contentUrl":"https:\/\/paracherkaoui.ma\/wp-content\/uploads\/2025\/12\/vertuplus-vertuplus-vitamine-d3-k2-50-capsules-vitamines-et-formes.jpg","width":700,"height":700},{"@type":"BreadcrumbList","@id":"https:\/\/paracherkaoui.ma\/index.php\/produit\/vertuplus-vitamine-d3k2-50-capsules\/#breadcrumb","itemListElement":[{"@type":"ListItem","position":1,"name":"Accueil","item":"https:\/\/paracherkaoui.ma\/"},{"@type":"ListItem","position":2,"name":"Boutique","item":"https:\/\/paracherkaoui.ma\/index.php\/boutique\/"},{"@type":"ListItem","position":3,"name":"VERTUPLUS VITAMINE D3+K2 50 CAPSULES"}]},{"@type":"WebSite","@id":"https:\/\/paracherkaoui.ma\/#website","url":"https:\/\/paracherkaoui.ma\/","name":"Paracherkaoui.ma","description":"Achetez en ligne sur Paracherkaoui.ma","potentialAction":[{"@type":"SearchAction","target":{"@type":"EntryPoint","urlTemplate":"https:\/\/paracherkaoui.ma\/?s={search_term_string}"},"query-input":{"@type":"PropertyValueSpecification","valueRequired":true,"valueName":"search_term_string"}}],"inLanguage":"fr-FR"}]}},"_links":{"self":[{"href":"https:\/\/paracherkaoui.ma\/index.php\/wp-json\/wp\/v2\/product\/54444","targetHints":{"allow":["GET"]}}],"collection":[{"href":"https:\/\/paracherkaoui.ma\/index.php\/wp-json\/wp\/v2\/product"}],"about":[{"href":"https:\/\/paracherkaoui.ma\/index.php\/wp-json\/wp\/v2\/types\/product"}],"replies":[{"embeddable":true,"href":"https:\/\/paracherkaoui.ma\/index.php\/wp-json\/wp\/v2\/comments?post=54444"}],"version-history":[{"count":1,"href":"https:\/\/paracherkaoui.ma\/index.php\/wp-json\/wp\/v2\/product\/54444\/revisions"}],"predecessor-version":[{"id":54478,"href":"https:\/\/paracherkaoui.ma\/index.php\/wp-json\/wp\/v2\/product\/54444\/revisions\/54478"}],"wp:featuredmedia":[{"embeddable":true,"href":"https:\/\/paracherkaoui.ma\/index.php\/wp-json\/wp\/v2\/media\/54477"}],"wp:attachment":[{"href":"https:\/\/paracherkaoui.ma\/index.php\/wp-json\/wp\/v2\/media?parent=54444"}],"wp:term":[{"taxonomy":"product_brand","embeddable":true,"href":"https:\/\/paracherkaoui.ma\/index.php\/wp-json\/wp\/v2\/product_brand?post=54444"},{"taxonomy":"product_cat","embeddable":true,"href":"https:\/\/paracherkaoui.ma\/index.php\/wp-json\/wp\/v2\/product_cat?post=54444"},{"taxonomy":"product_tag","embeddable":true,"href":"https:\/\/paracherkaoui.ma\/index.php\/wp-json\/wp\/v2\/product_tag?post=54444"}],"curies":[{"name":"wp","href":"https:\/\/api.w.org\/{rel}","templated":true}]}}