{"id":54233,"date":"2025-12-12T19:40:27","date_gmt":"2025-12-12T18:40:27","guid":{"rendered":"https:\/\/test.ecbeaute.com\/?post_type=product&#038;p=54233"},"modified":"2025-12-12T19:40:38","modified_gmt":"2025-12-12T18:40:38","slug":"vertuplus-b-complex-plus-vitamine-60-gelules","status":"publish","type":"product","link":"https:\/\/paracherkaoui.ma\/index.php\/produit\/vertuplus-b-complex-plus-vitamine-60-gelules\/","title":{"rendered":"VERTUPLUS B COMPLEX PLUS VITAMINE 60 GELULES"},"content":{"rendered":"<p>Les vitamines B sont essentielles pour de nombreux processus corporels. Elles jouent un r\u00f4le crucial dans la conversion des aliments en \u00e9nergie, ce qui vous aide \u00e0 rester actif et plein de vitalit\u00e9 tout au long de la journ\u00e9e. En outre, elles sont indispensables au bon fonctionnement du syst\u00e8me nerveux, contribuant ainsi \u00e0 r\u00e9duire la fatigue et le stress.<br \/>\nVERTUPLUS B COMPLEX PLUS regroupe les huit vitamines du groupe B : B1 (thiamine), B2 (riboflavine), B3 (niacine), B5 (acide pantoth\u00e9nique), B6 (pyridoxine), B7 (biotine), B9 (acide folique) et B12 (cobalamine). Cette combinaison puissante assure une absorption optimale et une efficacit\u00e9 maximale, aidant votre corps \u00e0 fonctionner au mieux.<br \/>\nCe compl\u00e9ment alimentaire est parfait pour ceux qui cherchent \u00e0 am\u00e9liorer leur bien-\u00eatre g\u00e9n\u00e9ral, renforcer leur syst\u00e8me immunitaire et soutenir leur sant\u00e9 mentale. Les g\u00e9lules sont faciles \u00e0 avaler et adapt\u00e9es \u00e0 une consommation quotidienne.<br \/>\nConseils d&rsquo;utilisation<br \/>\nPour tirer le meilleur parti de VERTUPLUS B COMPLEX PLUS VITAMINE, il est recommand\u00e9 de prendre une g\u00e9lule par jour avec un grand verre d&rsquo;eau, de pr\u00e9f\u00e9rence pendant le repas. Ce dosage quotidien est suffisant pour fournir \u00e0 votre corps l&rsquo;apport n\u00e9cessaire en vitamines B.<br \/>\nIl est important de suivre les conseils d&rsquo;utilisation et de ne pas d\u00e9passer la dose recommand\u00e9e. Si vous \u00eates enceinte, allaitez, prenez des m\u00e9dicaments ou avez une condition m\u00e9dicale particuli\u00e8re, consultez votre m\u00e9decin avant d&rsquo;utiliser ce compl\u00e9ment alimentaire.<\/p>\n","protected":false},"excerpt":{"rendered":"<p>Les vitamines B sont essentielles pour de nombreux processus corporels. Elles jouent un r\u00f4le crucial dans la conversion des aliments<\/p>\n","protected":false},"featured_media":54292,"comment_status":"open","ping_status":"closed","template":"","meta":[],"product_brand":[1007],"product_cat":[1031],"product_tag":[],"class_list":{"0":"post-54233","1":"product","2":"type-product","3":"status-publish","4":"has-post-thumbnail","6":"product_brand-vertu-plus","7":"product_cat-vitamines-et-formes","9":"first","10":"instock","11":"sale","12":"shipping-taxable","13":"purchasable","14":"product-type-simple"},"yoast_head":"<!-- This site is optimized with the Yoast SEO plugin v26.6 - https:\/\/yoast.com\/wordpress\/plugins\/seo\/ -->\r\n<title>VERTUPLUS B COMPLEX PLUS VITAMINE 60 GELULES - Paracherkaoui.ma<\/title>\r\n<meta name=\"robots\" content=\"index, follow, max-snippet:-1, max-image-preview:large, max-video-preview:-1\" \/>\r\n<link rel=\"canonical\" href=\"https:\/\/paracherkaoui.ma\/index.php\/produit\/vertuplus-b-complex-plus-vitamine-60-gelules\/\" \/>\r\n<meta property=\"og:locale\" content=\"fr_FR\" \/>\r\n<meta property=\"og:type\" content=\"article\" \/>\r\n<meta property=\"og:title\" content=\"VERTUPLUS B COMPLEX PLUS VITAMINE 60 GELULES - Paracherkaoui.ma\" \/>\r\n<meta property=\"og:description\" content=\"Les vitamines B sont essentielles pour de nombreux processus corporels. Elles jouent un r\u00f4le crucial dans la conversion des aliments\" \/>\r\n<meta property=\"og:url\" content=\"https:\/\/paracherkaoui.ma\/index.php\/produit\/vertuplus-b-complex-plus-vitamine-60-gelules\/\" \/>\r\n<meta property=\"og:site_name\" content=\"Paracherkaoui.ma\" \/>\r\n<meta property=\"article:modified_time\" content=\"2025-12-12T18:40:38+00:00\" \/>\r\n<meta property=\"og:image\" content=\"https:\/\/paracherkaoui.ma\/wp-content\/uploads\/2025\/12\/vertuplus-vertuplus-b-complex-plus-vitamine-60-gelules-vitamines-et-formes.jpg\" \/>\r\n\t<meta property=\"og:image:width\" content=\"700\" \/>\r\n\t<meta property=\"og:image:height\" content=\"700\" \/>\r\n\t<meta property=\"og:image:type\" content=\"image\/jpeg\" \/>\r\n<meta name=\"twitter:card\" content=\"summary_large_image\" \/>\r\n<meta name=\"twitter:label1\" content=\"Dur\u00e9e de lecture estim\u00e9e\" \/>\n\t<meta name=\"twitter:data1\" content=\"1 minute\" \/>\r\n<script type=\"application\/ld+json\" class=\"yoast-schema-graph\">{\"@context\":\"https:\/\/schema.org\",\"@graph\":[{\"@type\":\"WebPage\",\"@id\":\"https:\/\/paracherkaoui.ma\/index.php\/produit\/vertuplus-b-complex-plus-vitamine-60-gelules\/\",\"url\":\"https:\/\/paracherkaoui.ma\/index.php\/produit\/vertuplus-b-complex-plus-vitamine-60-gelules\/\",\"name\":\"VERTUPLUS B COMPLEX PLUS VITAMINE 60 GELULES - Paracherkaoui.ma\",\"isPartOf\":{\"@id\":\"https:\/\/paracherkaoui.ma\/#website\"},\"primaryImageOfPage\":{\"@id\":\"https:\/\/paracherkaoui.ma\/index.php\/produit\/vertuplus-b-complex-plus-vitamine-60-gelules\/#primaryimage\"},\"image\":{\"@id\":\"https:\/\/paracherkaoui.ma\/index.php\/produit\/vertuplus-b-complex-plus-vitamine-60-gelules\/#primaryimage\"},\"thumbnailUrl\":\"https:\/\/paracherkaoui.ma\/wp-content\/uploads\/2025\/12\/vertuplus-vertuplus-b-complex-plus-vitamine-60-gelules-vitamines-et-formes.jpg\",\"datePublished\":\"2025-12-12T18:40:27+00:00\",\"dateModified\":\"2025-12-12T18:40:38+00:00\",\"breadcrumb\":{\"@id\":\"https:\/\/paracherkaoui.ma\/index.php\/produit\/vertuplus-b-complex-plus-vitamine-60-gelules\/#breadcrumb\"},\"inLanguage\":\"fr-FR\",\"potentialAction\":[{\"@type\":\"ReadAction\",\"target\":[\"https:\/\/paracherkaoui.ma\/index.php\/produit\/vertuplus-b-complex-plus-vitamine-60-gelules\/\"]}]},{\"@type\":\"ImageObject\",\"inLanguage\":\"fr-FR\",\"@id\":\"https:\/\/paracherkaoui.ma\/index.php\/produit\/vertuplus-b-complex-plus-vitamine-60-gelules\/#primaryimage\",\"url\":\"https:\/\/paracherkaoui.ma\/wp-content\/uploads\/2025\/12\/vertuplus-vertuplus-b-complex-plus-vitamine-60-gelules-vitamines-et-formes.jpg\",\"contentUrl\":\"https:\/\/paracherkaoui.ma\/wp-content\/uploads\/2025\/12\/vertuplus-vertuplus-b-complex-plus-vitamine-60-gelules-vitamines-et-formes.jpg\",\"width\":700,\"height\":700},{\"@type\":\"BreadcrumbList\",\"@id\":\"https:\/\/paracherkaoui.ma\/index.php\/produit\/vertuplus-b-complex-plus-vitamine-60-gelules\/#breadcrumb\",\"itemListElement\":[{\"@type\":\"ListItem\",\"position\":1,\"name\":\"Accueil\",\"item\":\"https:\/\/paracherkaoui.ma\/\"},{\"@type\":\"ListItem\",\"position\":2,\"name\":\"Boutique\",\"item\":\"https:\/\/paracherkaoui.ma\/index.php\/boutique\/\"},{\"@type\":\"ListItem\",\"position\":3,\"name\":\"VERTUPLUS B COMPLEX PLUS VITAMINE 60 GELULES\"}]},{\"@type\":\"WebSite\",\"@id\":\"https:\/\/paracherkaoui.ma\/#website\",\"url\":\"https:\/\/paracherkaoui.ma\/\",\"name\":\"Paracherkaoui.ma\",\"description\":\"Achetez en ligne sur Paracherkaoui.ma\",\"potentialAction\":[{\"@type\":\"SearchAction\",\"target\":{\"@type\":\"EntryPoint\",\"urlTemplate\":\"https:\/\/paracherkaoui.ma\/?s={search_term_string}\"},\"query-input\":{\"@type\":\"PropertyValueSpecification\",\"valueRequired\":true,\"valueName\":\"search_term_string\"}}],\"inLanguage\":\"fr-FR\"}]}<\/script>\r\n<!-- \/ Yoast SEO plugin. -->","yoast_head_json":{"title":"VERTUPLUS B COMPLEX PLUS VITAMINE 60 GELULES - Paracherkaoui.ma","robots":{"index":"index","follow":"follow","max-snippet":"max-snippet:-1","max-image-preview":"max-image-preview:large","max-video-preview":"max-video-preview:-1"},"canonical":"https:\/\/paracherkaoui.ma\/index.php\/produit\/vertuplus-b-complex-plus-vitamine-60-gelules\/","og_locale":"fr_FR","og_type":"article","og_title":"VERTUPLUS B COMPLEX PLUS VITAMINE 60 GELULES - Paracherkaoui.ma","og_description":"Les vitamines B sont essentielles pour de nombreux processus corporels. Elles jouent un r\u00f4le crucial dans la conversion des aliments","og_url":"https:\/\/paracherkaoui.ma\/index.php\/produit\/vertuplus-b-complex-plus-vitamine-60-gelules\/","og_site_name":"Paracherkaoui.ma","article_modified_time":"2025-12-12T18:40:38+00:00","og_image":[{"width":700,"height":700,"url":"https:\/\/paracherkaoui.ma\/wp-content\/uploads\/2025\/12\/vertuplus-vertuplus-b-complex-plus-vitamine-60-gelules-vitamines-et-formes.jpg","type":"image\/jpeg"}],"twitter_card":"summary_large_image","twitter_misc":{"Dur\u00e9e de lecture estim\u00e9e":"1 minute"},"schema":{"@context":"https:\/\/schema.org","@graph":[{"@type":"WebPage","@id":"https:\/\/paracherkaoui.ma\/index.php\/produit\/vertuplus-b-complex-plus-vitamine-60-gelules\/","url":"https:\/\/paracherkaoui.ma\/index.php\/produit\/vertuplus-b-complex-plus-vitamine-60-gelules\/","name":"VERTUPLUS B COMPLEX PLUS VITAMINE 60 GELULES - Paracherkaoui.ma","isPartOf":{"@id":"https:\/\/paracherkaoui.ma\/#website"},"primaryImageOfPage":{"@id":"https:\/\/paracherkaoui.ma\/index.php\/produit\/vertuplus-b-complex-plus-vitamine-60-gelules\/#primaryimage"},"image":{"@id":"https:\/\/paracherkaoui.ma\/index.php\/produit\/vertuplus-b-complex-plus-vitamine-60-gelules\/#primaryimage"},"thumbnailUrl":"https:\/\/paracherkaoui.ma\/wp-content\/uploads\/2025\/12\/vertuplus-vertuplus-b-complex-plus-vitamine-60-gelules-vitamines-et-formes.jpg","datePublished":"2025-12-12T18:40:27+00:00","dateModified":"2025-12-12T18:40:38+00:00","breadcrumb":{"@id":"https:\/\/paracherkaoui.ma\/index.php\/produit\/vertuplus-b-complex-plus-vitamine-60-gelules\/#breadcrumb"},"inLanguage":"fr-FR","potentialAction":[{"@type":"ReadAction","target":["https:\/\/paracherkaoui.ma\/index.php\/produit\/vertuplus-b-complex-plus-vitamine-60-gelules\/"]}]},{"@type":"ImageObject","inLanguage":"fr-FR","@id":"https:\/\/paracherkaoui.ma\/index.php\/produit\/vertuplus-b-complex-plus-vitamine-60-gelules\/#primaryimage","url":"https:\/\/paracherkaoui.ma\/wp-content\/uploads\/2025\/12\/vertuplus-vertuplus-b-complex-plus-vitamine-60-gelules-vitamines-et-formes.jpg","contentUrl":"https:\/\/paracherkaoui.ma\/wp-content\/uploads\/2025\/12\/vertuplus-vertuplus-b-complex-plus-vitamine-60-gelules-vitamines-et-formes.jpg","width":700,"height":700},{"@type":"BreadcrumbList","@id":"https:\/\/paracherkaoui.ma\/index.php\/produit\/vertuplus-b-complex-plus-vitamine-60-gelules\/#breadcrumb","itemListElement":[{"@type":"ListItem","position":1,"name":"Accueil","item":"https:\/\/paracherkaoui.ma\/"},{"@type":"ListItem","position":2,"name":"Boutique","item":"https:\/\/paracherkaoui.ma\/index.php\/boutique\/"},{"@type":"ListItem","position":3,"name":"VERTUPLUS B COMPLEX PLUS VITAMINE 60 GELULES"}]},{"@type":"WebSite","@id":"https:\/\/paracherkaoui.ma\/#website","url":"https:\/\/paracherkaoui.ma\/","name":"Paracherkaoui.ma","description":"Achetez en ligne sur Paracherkaoui.ma","potentialAction":[{"@type":"SearchAction","target":{"@type":"EntryPoint","urlTemplate":"https:\/\/paracherkaoui.ma\/?s={search_term_string}"},"query-input":{"@type":"PropertyValueSpecification","valueRequired":true,"valueName":"search_term_string"}}],"inLanguage":"fr-FR"}]}},"_links":{"self":[{"href":"https:\/\/paracherkaoui.ma\/index.php\/wp-json\/wp\/v2\/product\/54233","targetHints":{"allow":["GET"]}}],"collection":[{"href":"https:\/\/paracherkaoui.ma\/index.php\/wp-json\/wp\/v2\/product"}],"about":[{"href":"https:\/\/paracherkaoui.ma\/index.php\/wp-json\/wp\/v2\/types\/product"}],"replies":[{"embeddable":true,"href":"https:\/\/paracherkaoui.ma\/index.php\/wp-json\/wp\/v2\/comments?post=54233"}],"version-history":[{"count":1,"href":"https:\/\/paracherkaoui.ma\/index.php\/wp-json\/wp\/v2\/product\/54233\/revisions"}],"predecessor-version":[{"id":54293,"href":"https:\/\/paracherkaoui.ma\/index.php\/wp-json\/wp\/v2\/product\/54233\/revisions\/54293"}],"wp:featuredmedia":[{"embeddable":true,"href":"https:\/\/paracherkaoui.ma\/index.php\/wp-json\/wp\/v2\/media\/54292"}],"wp:attachment":[{"href":"https:\/\/paracherkaoui.ma\/index.php\/wp-json\/wp\/v2\/media?parent=54233"}],"wp:term":[{"taxonomy":"product_brand","embeddable":true,"href":"https:\/\/paracherkaoui.ma\/index.php\/wp-json\/wp\/v2\/product_brand?post=54233"},{"taxonomy":"product_cat","embeddable":true,"href":"https:\/\/paracherkaoui.ma\/index.php\/wp-json\/wp\/v2\/product_cat?post=54233"},{"taxonomy":"product_tag","embeddable":true,"href":"https:\/\/paracherkaoui.ma\/index.php\/wp-json\/wp\/v2\/product_tag?post=54233"}],"curies":[{"name":"wp","href":"https:\/\/api.w.org\/{rel}","templated":true}]}}