{"id":54131,"date":"2025-12-12T19:40:16","date_gmt":"2025-12-12T18:40:16","guid":{"rendered":"https:\/\/test.ecbeaute.com\/?post_type=product&#038;p=54131"},"modified":"2025-12-12T19:40:22","modified_gmt":"2025-12-12T18:40:22","slug":"doppelherz-lacto-pro-20-capsules","status":"publish","type":"product","link":"https:\/\/paracherkaoui.ma\/index.php\/produit\/doppelherz-lacto-pro-20-capsules\/","title":{"rendered":"DOPPELHERZ LACTO PRO 20 CAPSULES"},"content":{"rendered":"<p>Doppelherz Lacto-Pro contient 4 milliards de cultures s\u00e9lectionn\u00e9es d&rsquo;acide lactique et de bifido en combinaison avec des vitamines B2 et B6. Au total, cinq souches sont repr\u00e9sent\u00e9es : Bifidobacterium animalis ssp. lactis Bi1, Bifidobacterium breve Bbr8, Lactobacillus acidophilus LA1, Lactobacillus plantarum 14D et Lactobacillus rhamnosus SP1. Les capsules Doppelherz Lacto-Pro sont r\u00e9sistantes aux ent\u00e9riques pour prot\u00e9ger les pr\u00e9cieux ingr\u00e9dients de la perte caus\u00e9e par les acides gastriques. De cette fa\u00e7on, un maximum de bact\u00e9ries lactiques pr\u00e9cieuses atteignent leur destination. Notre intestin a une superficie d\u2019environ 400 m\u00e8tres carr\u00e9s, ce qui en fait le plus grand organe du corps humain. La flore intestinale du tube digestif est compos\u00e9e de plusieurs milliards de micro-organismes. La membrane muqueuse du tractus gastro-intestinal a une grande surface. Ceci est n\u00e9cessaire, par exemple, pour l&rsquo;absorption des nutriments.<br \/>\nComposition :<br \/>\nAmidon, inuline, agent d&rsquo;enrobage hydroxypropylm\u00e9thylcellulose, lactobacillus acidophilus LA1 (LMG P-21904), Bifidobacterium animalis ssp. lactis Bi1 (LMG P-17502), Bifidobacterium breve Bbr8 (LMG P-17501), agent de d\u00e9moulage sels de magn\u00e9sium d&rsquo;acides gras, Lactobacillus plantarum 14D (CECT 4528), g\u00e9lifiant Gellan, Lactobacillus rhamnosus SP1 (DSM 21690), chlorhydrate de pyridoxine, riboflavine<br \/>\nConseils d&rsquo;utilisation :<br \/>\nPrendre 1 capsule par jour avec un repas avec suffisamment de liquide.<\/p>\n","protected":false},"excerpt":{"rendered":"<p>Doppelherz Lacto-Pro contient 4 milliards de cultures s\u00e9lectionn\u00e9es d&rsquo;acide lactique et de bifido en combinaison avec des vitamines B2 et<\/p>\n","protected":false},"featured_media":54177,"comment_status":"open","ping_status":"closed","template":"","meta":[],"product_brand":[862],"product_cat":[1031],"product_tag":[],"class_list":{"0":"post-54131","1":"product","2":"type-product","3":"status-publish","4":"has-post-thumbnail","6":"product_brand-doppelherz","7":"product_cat-vitamines-et-formes","9":"first","10":"instock","11":"sale","12":"shipping-taxable","13":"purchasable","14":"product-type-simple"},"yoast_head":"<!-- This site is optimized with the Yoast SEO plugin v26.6 - https:\/\/yoast.com\/wordpress\/plugins\/seo\/ -->\r\n<title>DOPPELHERZ LACTO PRO 20 CAPSULES - Paracherkaoui.ma<\/title>\r\n<meta name=\"robots\" content=\"index, follow, max-snippet:-1, max-image-preview:large, max-video-preview:-1\" \/>\r\n<link rel=\"canonical\" href=\"https:\/\/paracherkaoui.ma\/index.php\/produit\/doppelherz-lacto-pro-20-capsules\/\" \/>\r\n<meta property=\"og:locale\" content=\"fr_FR\" \/>\r\n<meta property=\"og:type\" content=\"article\" \/>\r\n<meta property=\"og:title\" content=\"DOPPELHERZ LACTO PRO 20 CAPSULES - Paracherkaoui.ma\" \/>\r\n<meta property=\"og:description\" content=\"Doppelherz Lacto-Pro contient 4 milliards de cultures s\u00e9lectionn\u00e9es d&rsquo;acide lactique et de bifido en combinaison avec des vitamines B2 et\" \/>\r\n<meta property=\"og:url\" content=\"https:\/\/paracherkaoui.ma\/index.php\/produit\/doppelherz-lacto-pro-20-capsules\/\" \/>\r\n<meta property=\"og:site_name\" content=\"Paracherkaoui.ma\" \/>\r\n<meta property=\"article:modified_time\" content=\"2025-12-12T18:40:22+00:00\" \/>\r\n<meta property=\"og:image\" content=\"https:\/\/paracherkaoui.ma\/wp-content\/uploads\/2025\/12\/doppelherz-doppelherz-lacto-pro-20-capsules-vitamines-et-formes.jpg\" \/>\r\n\t<meta property=\"og:image:width\" content=\"700\" \/>\r\n\t<meta property=\"og:image:height\" content=\"700\" \/>\r\n\t<meta property=\"og:image:type\" content=\"image\/jpeg\" \/>\r\n<meta name=\"twitter:card\" content=\"summary_large_image\" \/>\r\n<meta name=\"twitter:label1\" content=\"Dur\u00e9e de lecture estim\u00e9e\" \/>\n\t<meta name=\"twitter:data1\" content=\"1 minute\" \/>\r\n<script type=\"application\/ld+json\" class=\"yoast-schema-graph\">{\"@context\":\"https:\/\/schema.org\",\"@graph\":[{\"@type\":\"WebPage\",\"@id\":\"https:\/\/paracherkaoui.ma\/index.php\/produit\/doppelherz-lacto-pro-20-capsules\/\",\"url\":\"https:\/\/paracherkaoui.ma\/index.php\/produit\/doppelherz-lacto-pro-20-capsules\/\",\"name\":\"DOPPELHERZ LACTO PRO 20 CAPSULES - Paracherkaoui.ma\",\"isPartOf\":{\"@id\":\"https:\/\/paracherkaoui.ma\/#website\"},\"primaryImageOfPage\":{\"@id\":\"https:\/\/paracherkaoui.ma\/index.php\/produit\/doppelherz-lacto-pro-20-capsules\/#primaryimage\"},\"image\":{\"@id\":\"https:\/\/paracherkaoui.ma\/index.php\/produit\/doppelherz-lacto-pro-20-capsules\/#primaryimage\"},\"thumbnailUrl\":\"https:\/\/paracherkaoui.ma\/wp-content\/uploads\/2025\/12\/doppelherz-doppelherz-lacto-pro-20-capsules-vitamines-et-formes.jpg\",\"datePublished\":\"2025-12-12T18:40:16+00:00\",\"dateModified\":\"2025-12-12T18:40:22+00:00\",\"breadcrumb\":{\"@id\":\"https:\/\/paracherkaoui.ma\/index.php\/produit\/doppelherz-lacto-pro-20-capsules\/#breadcrumb\"},\"inLanguage\":\"fr-FR\",\"potentialAction\":[{\"@type\":\"ReadAction\",\"target\":[\"https:\/\/paracherkaoui.ma\/index.php\/produit\/doppelherz-lacto-pro-20-capsules\/\"]}]},{\"@type\":\"ImageObject\",\"inLanguage\":\"fr-FR\",\"@id\":\"https:\/\/paracherkaoui.ma\/index.php\/produit\/doppelherz-lacto-pro-20-capsules\/#primaryimage\",\"url\":\"https:\/\/paracherkaoui.ma\/wp-content\/uploads\/2025\/12\/doppelherz-doppelherz-lacto-pro-20-capsules-vitamines-et-formes.jpg\",\"contentUrl\":\"https:\/\/paracherkaoui.ma\/wp-content\/uploads\/2025\/12\/doppelherz-doppelherz-lacto-pro-20-capsules-vitamines-et-formes.jpg\",\"width\":700,\"height\":700},{\"@type\":\"BreadcrumbList\",\"@id\":\"https:\/\/paracherkaoui.ma\/index.php\/produit\/doppelherz-lacto-pro-20-capsules\/#breadcrumb\",\"itemListElement\":[{\"@type\":\"ListItem\",\"position\":1,\"name\":\"Accueil\",\"item\":\"https:\/\/paracherkaoui.ma\/\"},{\"@type\":\"ListItem\",\"position\":2,\"name\":\"Boutique\",\"item\":\"https:\/\/paracherkaoui.ma\/index.php\/boutique\/\"},{\"@type\":\"ListItem\",\"position\":3,\"name\":\"DOPPELHERZ LACTO PRO 20 CAPSULES\"}]},{\"@type\":\"WebSite\",\"@id\":\"https:\/\/paracherkaoui.ma\/#website\",\"url\":\"https:\/\/paracherkaoui.ma\/\",\"name\":\"Paracherkaoui.ma\",\"description\":\"Achetez en ligne sur Paracherkaoui.ma\",\"potentialAction\":[{\"@type\":\"SearchAction\",\"target\":{\"@type\":\"EntryPoint\",\"urlTemplate\":\"https:\/\/paracherkaoui.ma\/?s={search_term_string}\"},\"query-input\":{\"@type\":\"PropertyValueSpecification\",\"valueRequired\":true,\"valueName\":\"search_term_string\"}}],\"inLanguage\":\"fr-FR\"}]}<\/script>\r\n<!-- \/ Yoast SEO plugin. -->","yoast_head_json":{"title":"DOPPELHERZ LACTO PRO 20 CAPSULES - Paracherkaoui.ma","robots":{"index":"index","follow":"follow","max-snippet":"max-snippet:-1","max-image-preview":"max-image-preview:large","max-video-preview":"max-video-preview:-1"},"canonical":"https:\/\/paracherkaoui.ma\/index.php\/produit\/doppelherz-lacto-pro-20-capsules\/","og_locale":"fr_FR","og_type":"article","og_title":"DOPPELHERZ LACTO PRO 20 CAPSULES - Paracherkaoui.ma","og_description":"Doppelherz Lacto-Pro contient 4 milliards de cultures s\u00e9lectionn\u00e9es d&rsquo;acide lactique et de bifido en combinaison avec des vitamines B2 et","og_url":"https:\/\/paracherkaoui.ma\/index.php\/produit\/doppelherz-lacto-pro-20-capsules\/","og_site_name":"Paracherkaoui.ma","article_modified_time":"2025-12-12T18:40:22+00:00","og_image":[{"width":700,"height":700,"url":"https:\/\/paracherkaoui.ma\/wp-content\/uploads\/2025\/12\/doppelherz-doppelherz-lacto-pro-20-capsules-vitamines-et-formes.jpg","type":"image\/jpeg"}],"twitter_card":"summary_large_image","twitter_misc":{"Dur\u00e9e de lecture estim\u00e9e":"1 minute"},"schema":{"@context":"https:\/\/schema.org","@graph":[{"@type":"WebPage","@id":"https:\/\/paracherkaoui.ma\/index.php\/produit\/doppelherz-lacto-pro-20-capsules\/","url":"https:\/\/paracherkaoui.ma\/index.php\/produit\/doppelherz-lacto-pro-20-capsules\/","name":"DOPPELHERZ LACTO PRO 20 CAPSULES - Paracherkaoui.ma","isPartOf":{"@id":"https:\/\/paracherkaoui.ma\/#website"},"primaryImageOfPage":{"@id":"https:\/\/paracherkaoui.ma\/index.php\/produit\/doppelherz-lacto-pro-20-capsules\/#primaryimage"},"image":{"@id":"https:\/\/paracherkaoui.ma\/index.php\/produit\/doppelherz-lacto-pro-20-capsules\/#primaryimage"},"thumbnailUrl":"https:\/\/paracherkaoui.ma\/wp-content\/uploads\/2025\/12\/doppelherz-doppelherz-lacto-pro-20-capsules-vitamines-et-formes.jpg","datePublished":"2025-12-12T18:40:16+00:00","dateModified":"2025-12-12T18:40:22+00:00","breadcrumb":{"@id":"https:\/\/paracherkaoui.ma\/index.php\/produit\/doppelherz-lacto-pro-20-capsules\/#breadcrumb"},"inLanguage":"fr-FR","potentialAction":[{"@type":"ReadAction","target":["https:\/\/paracherkaoui.ma\/index.php\/produit\/doppelherz-lacto-pro-20-capsules\/"]}]},{"@type":"ImageObject","inLanguage":"fr-FR","@id":"https:\/\/paracherkaoui.ma\/index.php\/produit\/doppelherz-lacto-pro-20-capsules\/#primaryimage","url":"https:\/\/paracherkaoui.ma\/wp-content\/uploads\/2025\/12\/doppelherz-doppelherz-lacto-pro-20-capsules-vitamines-et-formes.jpg","contentUrl":"https:\/\/paracherkaoui.ma\/wp-content\/uploads\/2025\/12\/doppelherz-doppelherz-lacto-pro-20-capsules-vitamines-et-formes.jpg","width":700,"height":700},{"@type":"BreadcrumbList","@id":"https:\/\/paracherkaoui.ma\/index.php\/produit\/doppelherz-lacto-pro-20-capsules\/#breadcrumb","itemListElement":[{"@type":"ListItem","position":1,"name":"Accueil","item":"https:\/\/paracherkaoui.ma\/"},{"@type":"ListItem","position":2,"name":"Boutique","item":"https:\/\/paracherkaoui.ma\/index.php\/boutique\/"},{"@type":"ListItem","position":3,"name":"DOPPELHERZ LACTO PRO 20 CAPSULES"}]},{"@type":"WebSite","@id":"https:\/\/paracherkaoui.ma\/#website","url":"https:\/\/paracherkaoui.ma\/","name":"Paracherkaoui.ma","description":"Achetez en ligne sur Paracherkaoui.ma","potentialAction":[{"@type":"SearchAction","target":{"@type":"EntryPoint","urlTemplate":"https:\/\/paracherkaoui.ma\/?s={search_term_string}"},"query-input":{"@type":"PropertyValueSpecification","valueRequired":true,"valueName":"search_term_string"}}],"inLanguage":"fr-FR"}]}},"_links":{"self":[{"href":"https:\/\/paracherkaoui.ma\/index.php\/wp-json\/wp\/v2\/product\/54131","targetHints":{"allow":["GET"]}}],"collection":[{"href":"https:\/\/paracherkaoui.ma\/index.php\/wp-json\/wp\/v2\/product"}],"about":[{"href":"https:\/\/paracherkaoui.ma\/index.php\/wp-json\/wp\/v2\/types\/product"}],"replies":[{"embeddable":true,"href":"https:\/\/paracherkaoui.ma\/index.php\/wp-json\/wp\/v2\/comments?post=54131"}],"version-history":[{"count":1,"href":"https:\/\/paracherkaoui.ma\/index.php\/wp-json\/wp\/v2\/product\/54131\/revisions"}],"predecessor-version":[{"id":54178,"href":"https:\/\/paracherkaoui.ma\/index.php\/wp-json\/wp\/v2\/product\/54131\/revisions\/54178"}],"wp:featuredmedia":[{"embeddable":true,"href":"https:\/\/paracherkaoui.ma\/index.php\/wp-json\/wp\/v2\/media\/54177"}],"wp:attachment":[{"href":"https:\/\/paracherkaoui.ma\/index.php\/wp-json\/wp\/v2\/media?parent=54131"}],"wp:term":[{"taxonomy":"product_brand","embeddable":true,"href":"https:\/\/paracherkaoui.ma\/index.php\/wp-json\/wp\/v2\/product_brand?post=54131"},{"taxonomy":"product_cat","embeddable":true,"href":"https:\/\/paracherkaoui.ma\/index.php\/wp-json\/wp\/v2\/product_cat?post=54131"},{"taxonomy":"product_tag","embeddable":true,"href":"https:\/\/paracherkaoui.ma\/index.php\/wp-json\/wp\/v2\/product_tag?post=54131"}],"curies":[{"name":"wp","href":"https:\/\/api.w.org\/{rel}","templated":true}]}}