{"id":53532,"date":"2025-12-12T19:38:52","date_gmt":"2025-12-12T18:38:52","guid":{"rendered":"https:\/\/test.ecbeaute.com\/?post_type=product&#038;p=53532"},"modified":"2025-12-12T19:38:57","modified_gmt":"2025-12-12T18:38:57","slug":"vitabiotics-wellman-original-30-comprimes","status":"publish","type":"product","link":"https:\/\/paracherkaoui.ma\/index.php\/produit\/vitabiotics-wellman-original-30-comprimes\/","title":{"rendered":"VITABIOTICS WELLMAN ORIGINAL 30 COMPRIMES"},"content":{"rendered":"<p>Wellman Original contient une formulation compl\u00e8te de plus de 29 nutriments. Wellman a \u00e9t\u00e9 sp\u00e9cialement d\u00e9velopp\u00e9 pour les hommes de tous \u00e2ges afin de maintenir la sant\u00e9 g\u00e9n\u00e9rale et la vitalit\u00e9 dans un style de vie autrement mouvement\u00e9. Wellman repr\u00e9sente une solution simple, avec un comprim\u00e9 avanc\u00e9 d&rsquo;un jour, qui, contrairement \u00e0 une multivitamine g\u00e9n\u00e9rale, a \u00e9t\u00e9 sp\u00e9cifiquement formul\u00e9 pour les besoins sp\u00e9cifiques des hommes. Un syst\u00e8me immunitaire sain est important pour une bonne sant\u00e9. Wellman comprend les vitamines A, C, D, B6 et B12 plus l&rsquo;acide folique et le cuivre qui contribuent au fonctionnement normal du syst\u00e8me immunitaire. Il fournit 10 mcg de vitamine D, le niveau recommand\u00e9 par le minist\u00e8re britannique de la Sant\u00e9. Pour \u00eatre au top de votre jeu, vous ne pouvez pas vous permettre d&rsquo;\u00eatre fatigu\u00e9. Wellman fournit de l&rsquo;acide pantoth\u00e9nique et du magn\u00e9sium qui contribuent \u00e0 la r\u00e9duction de la fatigue et de la fatigue. Les radicaux libres sont g\u00e9n\u00e9r\u00e9s en plus grand nombre pendant l&rsquo;exercice. Les vitamines B2, C et E avec des min\u00e9raux cuivre, s\u00e9l\u00e9nium et zinc contribuent \u00e0 la protection des cellules contre le stress oxydatif.<br \/>\nConseils d&rsquo;utilisation :<br \/>\nPrenez un comprim\u00e9 par jour avec votre repas principal. Avalez avec de l&rsquo;eau ou une boisson fra\u00eeche. Ne pas m\u00e2cher. Ne d\u00e9passez pas l&rsquo;apport recommand\u00e9. \u00c0 prendre \u00e0 jeun. Il n&rsquo;est pas n\u00e9cessaire de prendre une multivitamine suppl\u00e9mentaire.<\/p>\n","protected":false},"excerpt":{"rendered":"<p>Wellman Original contient une formulation compl\u00e8te de plus de 29 nutriments. Wellman a \u00e9t\u00e9 sp\u00e9cialement d\u00e9velopp\u00e9 pour les hommes de<\/p>\n","protected":false},"featured_media":53572,"comment_status":"open","ping_status":"closed","template":"","meta":[],"product_brand":[713],"product_cat":[1031],"product_tag":[],"class_list":{"0":"post-53532","1":"product","2":"type-product","3":"status-publish","4":"has-post-thumbnail","6":"product_brand-vitabiotics","7":"product_cat-vitamines-et-formes","9":"first","10":"instock","11":"sale","12":"shipping-taxable","13":"purchasable","14":"product-type-simple"},"yoast_head":"<!-- This site is optimized with the Yoast SEO plugin v26.6 - https:\/\/yoast.com\/wordpress\/plugins\/seo\/ -->\r\n<title>VITABIOTICS WELLMAN ORIGINAL 30 COMPRIMES - Paracherkaoui.ma<\/title>\r\n<meta name=\"robots\" content=\"index, follow, max-snippet:-1, max-image-preview:large, max-video-preview:-1\" \/>\r\n<link rel=\"canonical\" href=\"https:\/\/paracherkaoui.ma\/index.php\/produit\/vitabiotics-wellman-original-30-comprimes\/\" \/>\r\n<meta property=\"og:locale\" content=\"fr_FR\" \/>\r\n<meta property=\"og:type\" content=\"article\" \/>\r\n<meta property=\"og:title\" content=\"VITABIOTICS WELLMAN ORIGINAL 30 COMPRIMES - Paracherkaoui.ma\" \/>\r\n<meta property=\"og:description\" content=\"Wellman Original contient une formulation compl\u00e8te de plus de 29 nutriments. Wellman a \u00e9t\u00e9 sp\u00e9cialement d\u00e9velopp\u00e9 pour les hommes de\" \/>\r\n<meta property=\"og:url\" content=\"https:\/\/paracherkaoui.ma\/index.php\/produit\/vitabiotics-wellman-original-30-comprimes\/\" \/>\r\n<meta property=\"og:site_name\" content=\"Paracherkaoui.ma\" \/>\r\n<meta property=\"article:modified_time\" content=\"2025-12-12T18:38:57+00:00\" \/>\r\n<meta property=\"og:image\" content=\"https:\/\/paracherkaoui.ma\/wp-content\/uploads\/2025\/12\/vitabiotics-vitabiotics-wellman-original-30-comprimes-vitamines-et-formes.jpg\" \/>\r\n\t<meta property=\"og:image:width\" content=\"700\" \/>\r\n\t<meta property=\"og:image:height\" content=\"700\" \/>\r\n\t<meta property=\"og:image:type\" content=\"image\/jpeg\" \/>\r\n<meta name=\"twitter:card\" content=\"summary_large_image\" \/>\r\n<meta name=\"twitter:label1\" content=\"Dur\u00e9e de lecture estim\u00e9e\" \/>\n\t<meta name=\"twitter:data1\" content=\"1 minute\" \/>\r\n<script type=\"application\/ld+json\" class=\"yoast-schema-graph\">{\"@context\":\"https:\/\/schema.org\",\"@graph\":[{\"@type\":\"WebPage\",\"@id\":\"https:\/\/paracherkaoui.ma\/index.php\/produit\/vitabiotics-wellman-original-30-comprimes\/\",\"url\":\"https:\/\/paracherkaoui.ma\/index.php\/produit\/vitabiotics-wellman-original-30-comprimes\/\",\"name\":\"VITABIOTICS WELLMAN ORIGINAL 30 COMPRIMES - Paracherkaoui.ma\",\"isPartOf\":{\"@id\":\"https:\/\/paracherkaoui.ma\/#website\"},\"primaryImageOfPage\":{\"@id\":\"https:\/\/paracherkaoui.ma\/index.php\/produit\/vitabiotics-wellman-original-30-comprimes\/#primaryimage\"},\"image\":{\"@id\":\"https:\/\/paracherkaoui.ma\/index.php\/produit\/vitabiotics-wellman-original-30-comprimes\/#primaryimage\"},\"thumbnailUrl\":\"https:\/\/paracherkaoui.ma\/wp-content\/uploads\/2025\/12\/vitabiotics-vitabiotics-wellman-original-30-comprimes-vitamines-et-formes.jpg\",\"datePublished\":\"2025-12-12T18:38:52+00:00\",\"dateModified\":\"2025-12-12T18:38:57+00:00\",\"breadcrumb\":{\"@id\":\"https:\/\/paracherkaoui.ma\/index.php\/produit\/vitabiotics-wellman-original-30-comprimes\/#breadcrumb\"},\"inLanguage\":\"fr-FR\",\"potentialAction\":[{\"@type\":\"ReadAction\",\"target\":[\"https:\/\/paracherkaoui.ma\/index.php\/produit\/vitabiotics-wellman-original-30-comprimes\/\"]}]},{\"@type\":\"ImageObject\",\"inLanguage\":\"fr-FR\",\"@id\":\"https:\/\/paracherkaoui.ma\/index.php\/produit\/vitabiotics-wellman-original-30-comprimes\/#primaryimage\",\"url\":\"https:\/\/paracherkaoui.ma\/wp-content\/uploads\/2025\/12\/vitabiotics-vitabiotics-wellman-original-30-comprimes-vitamines-et-formes.jpg\",\"contentUrl\":\"https:\/\/paracherkaoui.ma\/wp-content\/uploads\/2025\/12\/vitabiotics-vitabiotics-wellman-original-30-comprimes-vitamines-et-formes.jpg\",\"width\":700,\"height\":700},{\"@type\":\"BreadcrumbList\",\"@id\":\"https:\/\/paracherkaoui.ma\/index.php\/produit\/vitabiotics-wellman-original-30-comprimes\/#breadcrumb\",\"itemListElement\":[{\"@type\":\"ListItem\",\"position\":1,\"name\":\"Accueil\",\"item\":\"https:\/\/paracherkaoui.ma\/\"},{\"@type\":\"ListItem\",\"position\":2,\"name\":\"Boutique\",\"item\":\"https:\/\/paracherkaoui.ma\/index.php\/boutique\/\"},{\"@type\":\"ListItem\",\"position\":3,\"name\":\"VITABIOTICS WELLMAN ORIGINAL 30 COMPRIMES\"}]},{\"@type\":\"WebSite\",\"@id\":\"https:\/\/paracherkaoui.ma\/#website\",\"url\":\"https:\/\/paracherkaoui.ma\/\",\"name\":\"Paracherkaoui.ma\",\"description\":\"Achetez en ligne sur Paracherkaoui.ma\",\"potentialAction\":[{\"@type\":\"SearchAction\",\"target\":{\"@type\":\"EntryPoint\",\"urlTemplate\":\"https:\/\/paracherkaoui.ma\/?s={search_term_string}\"},\"query-input\":{\"@type\":\"PropertyValueSpecification\",\"valueRequired\":true,\"valueName\":\"search_term_string\"}}],\"inLanguage\":\"fr-FR\"}]}<\/script>\r\n<!-- \/ Yoast SEO plugin. -->","yoast_head_json":{"title":"VITABIOTICS WELLMAN ORIGINAL 30 COMPRIMES - Paracherkaoui.ma","robots":{"index":"index","follow":"follow","max-snippet":"max-snippet:-1","max-image-preview":"max-image-preview:large","max-video-preview":"max-video-preview:-1"},"canonical":"https:\/\/paracherkaoui.ma\/index.php\/produit\/vitabiotics-wellman-original-30-comprimes\/","og_locale":"fr_FR","og_type":"article","og_title":"VITABIOTICS WELLMAN ORIGINAL 30 COMPRIMES - Paracherkaoui.ma","og_description":"Wellman Original contient une formulation compl\u00e8te de plus de 29 nutriments. Wellman a \u00e9t\u00e9 sp\u00e9cialement d\u00e9velopp\u00e9 pour les hommes de","og_url":"https:\/\/paracherkaoui.ma\/index.php\/produit\/vitabiotics-wellman-original-30-comprimes\/","og_site_name":"Paracherkaoui.ma","article_modified_time":"2025-12-12T18:38:57+00:00","og_image":[{"width":700,"height":700,"url":"https:\/\/paracherkaoui.ma\/wp-content\/uploads\/2025\/12\/vitabiotics-vitabiotics-wellman-original-30-comprimes-vitamines-et-formes.jpg","type":"image\/jpeg"}],"twitter_card":"summary_large_image","twitter_misc":{"Dur\u00e9e de lecture estim\u00e9e":"1 minute"},"schema":{"@context":"https:\/\/schema.org","@graph":[{"@type":"WebPage","@id":"https:\/\/paracherkaoui.ma\/index.php\/produit\/vitabiotics-wellman-original-30-comprimes\/","url":"https:\/\/paracherkaoui.ma\/index.php\/produit\/vitabiotics-wellman-original-30-comprimes\/","name":"VITABIOTICS WELLMAN ORIGINAL 30 COMPRIMES - Paracherkaoui.ma","isPartOf":{"@id":"https:\/\/paracherkaoui.ma\/#website"},"primaryImageOfPage":{"@id":"https:\/\/paracherkaoui.ma\/index.php\/produit\/vitabiotics-wellman-original-30-comprimes\/#primaryimage"},"image":{"@id":"https:\/\/paracherkaoui.ma\/index.php\/produit\/vitabiotics-wellman-original-30-comprimes\/#primaryimage"},"thumbnailUrl":"https:\/\/paracherkaoui.ma\/wp-content\/uploads\/2025\/12\/vitabiotics-vitabiotics-wellman-original-30-comprimes-vitamines-et-formes.jpg","datePublished":"2025-12-12T18:38:52+00:00","dateModified":"2025-12-12T18:38:57+00:00","breadcrumb":{"@id":"https:\/\/paracherkaoui.ma\/index.php\/produit\/vitabiotics-wellman-original-30-comprimes\/#breadcrumb"},"inLanguage":"fr-FR","potentialAction":[{"@type":"ReadAction","target":["https:\/\/paracherkaoui.ma\/index.php\/produit\/vitabiotics-wellman-original-30-comprimes\/"]}]},{"@type":"ImageObject","inLanguage":"fr-FR","@id":"https:\/\/paracherkaoui.ma\/index.php\/produit\/vitabiotics-wellman-original-30-comprimes\/#primaryimage","url":"https:\/\/paracherkaoui.ma\/wp-content\/uploads\/2025\/12\/vitabiotics-vitabiotics-wellman-original-30-comprimes-vitamines-et-formes.jpg","contentUrl":"https:\/\/paracherkaoui.ma\/wp-content\/uploads\/2025\/12\/vitabiotics-vitabiotics-wellman-original-30-comprimes-vitamines-et-formes.jpg","width":700,"height":700},{"@type":"BreadcrumbList","@id":"https:\/\/paracherkaoui.ma\/index.php\/produit\/vitabiotics-wellman-original-30-comprimes\/#breadcrumb","itemListElement":[{"@type":"ListItem","position":1,"name":"Accueil","item":"https:\/\/paracherkaoui.ma\/"},{"@type":"ListItem","position":2,"name":"Boutique","item":"https:\/\/paracherkaoui.ma\/index.php\/boutique\/"},{"@type":"ListItem","position":3,"name":"VITABIOTICS WELLMAN ORIGINAL 30 COMPRIMES"}]},{"@type":"WebSite","@id":"https:\/\/paracherkaoui.ma\/#website","url":"https:\/\/paracherkaoui.ma\/","name":"Paracherkaoui.ma","description":"Achetez en ligne sur Paracherkaoui.ma","potentialAction":[{"@type":"SearchAction","target":{"@type":"EntryPoint","urlTemplate":"https:\/\/paracherkaoui.ma\/?s={search_term_string}"},"query-input":{"@type":"PropertyValueSpecification","valueRequired":true,"valueName":"search_term_string"}}],"inLanguage":"fr-FR"}]}},"_links":{"self":[{"href":"https:\/\/paracherkaoui.ma\/index.php\/wp-json\/wp\/v2\/product\/53532","targetHints":{"allow":["GET"]}}],"collection":[{"href":"https:\/\/paracherkaoui.ma\/index.php\/wp-json\/wp\/v2\/product"}],"about":[{"href":"https:\/\/paracherkaoui.ma\/index.php\/wp-json\/wp\/v2\/types\/product"}],"replies":[{"embeddable":true,"href":"https:\/\/paracherkaoui.ma\/index.php\/wp-json\/wp\/v2\/comments?post=53532"}],"version-history":[{"count":1,"href":"https:\/\/paracherkaoui.ma\/index.php\/wp-json\/wp\/v2\/product\/53532\/revisions"}],"predecessor-version":[{"id":53573,"href":"https:\/\/paracherkaoui.ma\/index.php\/wp-json\/wp\/v2\/product\/53532\/revisions\/53573"}],"wp:featuredmedia":[{"embeddable":true,"href":"https:\/\/paracherkaoui.ma\/index.php\/wp-json\/wp\/v2\/media\/53572"}],"wp:attachment":[{"href":"https:\/\/paracherkaoui.ma\/index.php\/wp-json\/wp\/v2\/media?parent=53532"}],"wp:term":[{"taxonomy":"product_brand","embeddable":true,"href":"https:\/\/paracherkaoui.ma\/index.php\/wp-json\/wp\/v2\/product_brand?post=53532"},{"taxonomy":"product_cat","embeddable":true,"href":"https:\/\/paracherkaoui.ma\/index.php\/wp-json\/wp\/v2\/product_cat?post=53532"},{"taxonomy":"product_tag","embeddable":true,"href":"https:\/\/paracherkaoui.ma\/index.php\/wp-json\/wp\/v2\/product_tag?post=53532"}],"curies":[{"name":"wp","href":"https:\/\/api.w.org\/{rel}","templated":true}]}}