{"id":53523,"date":"2025-12-12T19:38:52","date_gmt":"2025-12-12T18:38:52","guid":{"rendered":"https:\/\/test.ecbeaute.com\/?post_type=product&#038;p=53523"},"modified":"2025-12-12T19:38:54","modified_gmt":"2025-12-12T18:38:54","slug":"doppelherz-osseovit-30-comprimes","status":"publish","type":"product","link":"https:\/\/paracherkaoui.ma\/index.php\/produit\/doppelherz-osseovit-30-comprimes\/","title":{"rendered":"DOPPELHERZ OSSEOVIT 30 COMPRIMES"},"content":{"rendered":"<p>La combinaison unique de min\u00e9raux, d\u2019oligo\u00e9l\u00e9ments et de vitamine D3 pr\u00e9sente dans les comprim\u00e9s Doppelherz\u00a0aktiv Osseovit est id\u00e9ale pour supporter la constitution et le maintien d\u2019une ossature et d\u2019une dentition solides.<br \/>\nDe plus la prise r\u00e9guli\u00e8re d\u2019Osseovit permet le bon fonc-tionnement du c\u0153ur, des muscles et des nerfs.<br \/>\nLe calcium est le mieux connu pour son r\u00f4le essentiel dans la min\u00e9ralisation des os et des dents. Son implication dans la coagulation sanguine et la fonction musculaire est moins connue mais est tout autant importante.<br \/>\nLe magn\u00e9sium est non seulement requis pour renforcer la structure des os et des dents, mais aussi, il permet le bon fonctionnement du m\u00e9tabolisme \u00e9nerg\u00e9tique, du syst\u00e8me nerveux et des muscles.<br \/>\nLe zinc est un cofacteur impliqu\u00e9 dans une multitude de processus cellulaires.<br \/>\nLa vitamine D3 est importante pour les os puisqu\u2019elle stimule l\u2019absorption du calcium au niveau de l\u2019intestin et facilite son incorporation dans les os.<br \/>\nLe cuivre est requis pour la synth\u00e8se du collag\u00e8ne, un des composants majeurs des tissus conjonc-tifs (derme, cartilages) et de la matrice organique sur laquelle l\u2019os min\u00e9ral est d\u00e9pos\u00e9.<br \/>\nLe mangan\u00e8se et le s\u00e9l\u00e9nium soutiennent la sant\u00e9 osseuse, en prot\u00e9geant les cellules qui synth\u00e9-tisent le tissu osseux contre le stress oxydatif.<\/p>\n","protected":false},"excerpt":{"rendered":"<p>La combinaison unique de min\u00e9raux, d\u2019oligo\u00e9l\u00e9ments et de vitamine D3 pr\u00e9sente dans les comprim\u00e9s Doppelherz\u00a0aktiv Osseovit est id\u00e9ale pour supporter<\/p>\n","protected":false},"featured_media":53555,"comment_status":"open","ping_status":"closed","template":"","meta":[],"product_brand":[862],"product_cat":[1031],"product_tag":[],"class_list":{"0":"post-53523","1":"product","2":"type-product","3":"status-publish","4":"has-post-thumbnail","6":"product_brand-doppelherz","7":"product_cat-vitamines-et-formes","9":"first","10":"instock","11":"sale","12":"shipping-taxable","13":"purchasable","14":"product-type-simple"},"yoast_head":"<!-- This site is optimized with the Yoast SEO plugin v26.6 - https:\/\/yoast.com\/wordpress\/plugins\/seo\/ -->\r\n<title>DOPPELHERZ OSSEOVIT 30 COMPRIMES - Paracherkaoui.ma<\/title>\r\n<meta name=\"robots\" content=\"index, follow, max-snippet:-1, max-image-preview:large, max-video-preview:-1\" \/>\r\n<link rel=\"canonical\" href=\"https:\/\/paracherkaoui.ma\/index.php\/produit\/doppelherz-osseovit-30-comprimes\/\" \/>\r\n<meta property=\"og:locale\" content=\"fr_FR\" \/>\r\n<meta property=\"og:type\" content=\"article\" \/>\r\n<meta property=\"og:title\" content=\"DOPPELHERZ OSSEOVIT 30 COMPRIMES - Paracherkaoui.ma\" \/>\r\n<meta property=\"og:description\" content=\"La combinaison unique de min\u00e9raux, d\u2019oligo\u00e9l\u00e9ments et de vitamine D3 pr\u00e9sente dans les comprim\u00e9s Doppelherz\u00a0aktiv Osseovit est id\u00e9ale pour supporter\" \/>\r\n<meta property=\"og:url\" content=\"https:\/\/paracherkaoui.ma\/index.php\/produit\/doppelherz-osseovit-30-comprimes\/\" \/>\r\n<meta property=\"og:site_name\" content=\"Paracherkaoui.ma\" \/>\r\n<meta property=\"article:modified_time\" content=\"2025-12-12T18:38:54+00:00\" \/>\r\n<meta property=\"og:image\" content=\"https:\/\/paracherkaoui.ma\/wp-content\/uploads\/2025\/12\/doppelherz-doppelherz-osseovit-30-comprimes-vitamine-et-forme.jpg\" \/>\r\n\t<meta property=\"og:image:width\" content=\"700\" \/>\r\n\t<meta property=\"og:image:height\" content=\"700\" \/>\r\n\t<meta property=\"og:image:type\" content=\"image\/jpeg\" \/>\r\n<meta name=\"twitter:card\" content=\"summary_large_image\" \/>\r\n<meta name=\"twitter:label1\" content=\"Dur\u00e9e de lecture estim\u00e9e\" \/>\n\t<meta name=\"twitter:data1\" content=\"1 minute\" \/>\r\n<script type=\"application\/ld+json\" class=\"yoast-schema-graph\">{\"@context\":\"https:\/\/schema.org\",\"@graph\":[{\"@type\":\"WebPage\",\"@id\":\"https:\/\/paracherkaoui.ma\/index.php\/produit\/doppelherz-osseovit-30-comprimes\/\",\"url\":\"https:\/\/paracherkaoui.ma\/index.php\/produit\/doppelherz-osseovit-30-comprimes\/\",\"name\":\"DOPPELHERZ OSSEOVIT 30 COMPRIMES - Paracherkaoui.ma\",\"isPartOf\":{\"@id\":\"https:\/\/paracherkaoui.ma\/#website\"},\"primaryImageOfPage\":{\"@id\":\"https:\/\/paracherkaoui.ma\/index.php\/produit\/doppelherz-osseovit-30-comprimes\/#primaryimage\"},\"image\":{\"@id\":\"https:\/\/paracherkaoui.ma\/index.php\/produit\/doppelherz-osseovit-30-comprimes\/#primaryimage\"},\"thumbnailUrl\":\"https:\/\/paracherkaoui.ma\/wp-content\/uploads\/2025\/12\/doppelherz-doppelherz-osseovit-30-comprimes-vitamine-et-forme.jpg\",\"datePublished\":\"2025-12-12T18:38:52+00:00\",\"dateModified\":\"2025-12-12T18:38:54+00:00\",\"breadcrumb\":{\"@id\":\"https:\/\/paracherkaoui.ma\/index.php\/produit\/doppelherz-osseovit-30-comprimes\/#breadcrumb\"},\"inLanguage\":\"fr-FR\",\"potentialAction\":[{\"@type\":\"ReadAction\",\"target\":[\"https:\/\/paracherkaoui.ma\/index.php\/produit\/doppelherz-osseovit-30-comprimes\/\"]}]},{\"@type\":\"ImageObject\",\"inLanguage\":\"fr-FR\",\"@id\":\"https:\/\/paracherkaoui.ma\/index.php\/produit\/doppelherz-osseovit-30-comprimes\/#primaryimage\",\"url\":\"https:\/\/paracherkaoui.ma\/wp-content\/uploads\/2025\/12\/doppelherz-doppelherz-osseovit-30-comprimes-vitamine-et-forme.jpg\",\"contentUrl\":\"https:\/\/paracherkaoui.ma\/wp-content\/uploads\/2025\/12\/doppelherz-doppelherz-osseovit-30-comprimes-vitamine-et-forme.jpg\",\"width\":700,\"height\":700},{\"@type\":\"BreadcrumbList\",\"@id\":\"https:\/\/paracherkaoui.ma\/index.php\/produit\/doppelherz-osseovit-30-comprimes\/#breadcrumb\",\"itemListElement\":[{\"@type\":\"ListItem\",\"position\":1,\"name\":\"Accueil\",\"item\":\"https:\/\/paracherkaoui.ma\/\"},{\"@type\":\"ListItem\",\"position\":2,\"name\":\"Boutique\",\"item\":\"https:\/\/paracherkaoui.ma\/index.php\/boutique\/\"},{\"@type\":\"ListItem\",\"position\":3,\"name\":\"DOPPELHERZ OSSEOVIT 30 COMPRIMES\"}]},{\"@type\":\"WebSite\",\"@id\":\"https:\/\/paracherkaoui.ma\/#website\",\"url\":\"https:\/\/paracherkaoui.ma\/\",\"name\":\"Paracherkaoui.ma\",\"description\":\"Achetez en ligne sur Paracherkaoui.ma\",\"potentialAction\":[{\"@type\":\"SearchAction\",\"target\":{\"@type\":\"EntryPoint\",\"urlTemplate\":\"https:\/\/paracherkaoui.ma\/?s={search_term_string}\"},\"query-input\":{\"@type\":\"PropertyValueSpecification\",\"valueRequired\":true,\"valueName\":\"search_term_string\"}}],\"inLanguage\":\"fr-FR\"}]}<\/script>\r\n<!-- \/ Yoast SEO plugin. -->","yoast_head_json":{"title":"DOPPELHERZ OSSEOVIT 30 COMPRIMES - Paracherkaoui.ma","robots":{"index":"index","follow":"follow","max-snippet":"max-snippet:-1","max-image-preview":"max-image-preview:large","max-video-preview":"max-video-preview:-1"},"canonical":"https:\/\/paracherkaoui.ma\/index.php\/produit\/doppelherz-osseovit-30-comprimes\/","og_locale":"fr_FR","og_type":"article","og_title":"DOPPELHERZ OSSEOVIT 30 COMPRIMES - Paracherkaoui.ma","og_description":"La combinaison unique de min\u00e9raux, d\u2019oligo\u00e9l\u00e9ments et de vitamine D3 pr\u00e9sente dans les comprim\u00e9s Doppelherz\u00a0aktiv Osseovit est id\u00e9ale pour supporter","og_url":"https:\/\/paracherkaoui.ma\/index.php\/produit\/doppelherz-osseovit-30-comprimes\/","og_site_name":"Paracherkaoui.ma","article_modified_time":"2025-12-12T18:38:54+00:00","og_image":[{"width":700,"height":700,"url":"https:\/\/paracherkaoui.ma\/wp-content\/uploads\/2025\/12\/doppelherz-doppelherz-osseovit-30-comprimes-vitamine-et-forme.jpg","type":"image\/jpeg"}],"twitter_card":"summary_large_image","twitter_misc":{"Dur\u00e9e de lecture estim\u00e9e":"1 minute"},"schema":{"@context":"https:\/\/schema.org","@graph":[{"@type":"WebPage","@id":"https:\/\/paracherkaoui.ma\/index.php\/produit\/doppelherz-osseovit-30-comprimes\/","url":"https:\/\/paracherkaoui.ma\/index.php\/produit\/doppelherz-osseovit-30-comprimes\/","name":"DOPPELHERZ OSSEOVIT 30 COMPRIMES - Paracherkaoui.ma","isPartOf":{"@id":"https:\/\/paracherkaoui.ma\/#website"},"primaryImageOfPage":{"@id":"https:\/\/paracherkaoui.ma\/index.php\/produit\/doppelherz-osseovit-30-comprimes\/#primaryimage"},"image":{"@id":"https:\/\/paracherkaoui.ma\/index.php\/produit\/doppelherz-osseovit-30-comprimes\/#primaryimage"},"thumbnailUrl":"https:\/\/paracherkaoui.ma\/wp-content\/uploads\/2025\/12\/doppelherz-doppelherz-osseovit-30-comprimes-vitamine-et-forme.jpg","datePublished":"2025-12-12T18:38:52+00:00","dateModified":"2025-12-12T18:38:54+00:00","breadcrumb":{"@id":"https:\/\/paracherkaoui.ma\/index.php\/produit\/doppelherz-osseovit-30-comprimes\/#breadcrumb"},"inLanguage":"fr-FR","potentialAction":[{"@type":"ReadAction","target":["https:\/\/paracherkaoui.ma\/index.php\/produit\/doppelherz-osseovit-30-comprimes\/"]}]},{"@type":"ImageObject","inLanguage":"fr-FR","@id":"https:\/\/paracherkaoui.ma\/index.php\/produit\/doppelherz-osseovit-30-comprimes\/#primaryimage","url":"https:\/\/paracherkaoui.ma\/wp-content\/uploads\/2025\/12\/doppelherz-doppelherz-osseovit-30-comprimes-vitamine-et-forme.jpg","contentUrl":"https:\/\/paracherkaoui.ma\/wp-content\/uploads\/2025\/12\/doppelherz-doppelherz-osseovit-30-comprimes-vitamine-et-forme.jpg","width":700,"height":700},{"@type":"BreadcrumbList","@id":"https:\/\/paracherkaoui.ma\/index.php\/produit\/doppelherz-osseovit-30-comprimes\/#breadcrumb","itemListElement":[{"@type":"ListItem","position":1,"name":"Accueil","item":"https:\/\/paracherkaoui.ma\/"},{"@type":"ListItem","position":2,"name":"Boutique","item":"https:\/\/paracherkaoui.ma\/index.php\/boutique\/"},{"@type":"ListItem","position":3,"name":"DOPPELHERZ OSSEOVIT 30 COMPRIMES"}]},{"@type":"WebSite","@id":"https:\/\/paracherkaoui.ma\/#website","url":"https:\/\/paracherkaoui.ma\/","name":"Paracherkaoui.ma","description":"Achetez en ligne sur Paracherkaoui.ma","potentialAction":[{"@type":"SearchAction","target":{"@type":"EntryPoint","urlTemplate":"https:\/\/paracherkaoui.ma\/?s={search_term_string}"},"query-input":{"@type":"PropertyValueSpecification","valueRequired":true,"valueName":"search_term_string"}}],"inLanguage":"fr-FR"}]}},"_links":{"self":[{"href":"https:\/\/paracherkaoui.ma\/index.php\/wp-json\/wp\/v2\/product\/53523","targetHints":{"allow":["GET"]}}],"collection":[{"href":"https:\/\/paracherkaoui.ma\/index.php\/wp-json\/wp\/v2\/product"}],"about":[{"href":"https:\/\/paracherkaoui.ma\/index.php\/wp-json\/wp\/v2\/types\/product"}],"replies":[{"embeddable":true,"href":"https:\/\/paracherkaoui.ma\/index.php\/wp-json\/wp\/v2\/comments?post=53523"}],"version-history":[{"count":1,"href":"https:\/\/paracherkaoui.ma\/index.php\/wp-json\/wp\/v2\/product\/53523\/revisions"}],"predecessor-version":[{"id":53556,"href":"https:\/\/paracherkaoui.ma\/index.php\/wp-json\/wp\/v2\/product\/53523\/revisions\/53556"}],"wp:featuredmedia":[{"embeddable":true,"href":"https:\/\/paracherkaoui.ma\/index.php\/wp-json\/wp\/v2\/media\/53555"}],"wp:attachment":[{"href":"https:\/\/paracherkaoui.ma\/index.php\/wp-json\/wp\/v2\/media?parent=53523"}],"wp:term":[{"taxonomy":"product_brand","embeddable":true,"href":"https:\/\/paracherkaoui.ma\/index.php\/wp-json\/wp\/v2\/product_brand?post=53523"},{"taxonomy":"product_cat","embeddable":true,"href":"https:\/\/paracherkaoui.ma\/index.php\/wp-json\/wp\/v2\/product_cat?post=53523"},{"taxonomy":"product_tag","embeddable":true,"href":"https:\/\/paracherkaoui.ma\/index.php\/wp-json\/wp\/v2\/product_tag?post=53523"}],"curies":[{"name":"wp","href":"https:\/\/api.w.org\/{rel}","templated":true}]}}