{"id":53459,"date":"2025-12-12T19:38:43","date_gmt":"2025-12-12T18:38:43","guid":{"rendered":"https:\/\/test.ecbeaute.com\/?post_type=product&#038;p=53459"},"modified":"2025-12-12T19:38:51","modified_gmt":"2025-12-12T18:38:51","slug":"forte-pharma-immuvit-4g-30-comprimes","status":"publish","type":"product","link":"https:\/\/paracherkaoui.ma\/index.php\/produit\/forte-pharma-immuvit-4g-30-comprimes\/","title":{"rendered":"FORTE PHARMA IMMUVIT 4G 30 COMPRIMES"},"content":{"rendered":"<p>Restez r\u00e9sistant et plein de vitalit\u00e9\u00a0face aux d\u00e9sagr\u00e9ments du quotidien avec notre ImmuVit&rsquo;4G. Sa formule de derni\u00e8re g\u00e9n\u00e9ration associe vitamines, plantes et ferments microbiotiques\u00a0pour une action compl\u00e8te sur votre immunit\u00e9 et votre vitalit\u00e9.<br \/>\nAvec son comprim\u00e9 tricouche\u00a0et ses 3 \u00e9tapes de lib\u00e9ration,\u00a0ImmuVit&rsquo;4G\u00a0lib\u00e8re ainsi notre complexe 4G en 15 minutes avec une lib\u00e9ration imm\u00e9diate, puis des souches microbiotiques sur une dur\u00e9e de 4h et enfin des vitamines pendant 8h pour une action prolong\u00e9e !<br \/>\nConseils d&rsquo;utilisation:<br \/>\nL\u2019emploi chez les personnes sous traitement antidiab\u00e9tique est d\u00e9conseill\u00e9. Contient de l&rsquo;\u00e9leuth\u00e9rocoque, contre-indiqu\u00e9 en cas d&rsquo;hypertension. L&rsquo;usage prolong\u00e9 de plus de 3 mois est d\u00e9conseill\u00e9. Ne doit pas \u00eatre utilis\u00e9 par les femmes enceintes ou allaitantes. D\u00e9conseill\u00e9 aux enfants de moins de 12 ans sans avis m\u00e9dical. Contient de la caf\u00e9ine (0,2 mg par dose journali\u00e8re), d\u00e9conseill\u00e9e aux femmes enceintes ou qui allaitent et aux enfants. D\u00e9conseill\u00e9 aux personnes allergiques aux produits de la ruche, ayant de l\u2019asthme ou un terrain atopique. L\u2019emploi chez les personnes sous traitement antidiab\u00e9tique est d\u00e9conseill\u00e9. Ce compl\u00e9ment alimentaire n\u2019est pas un m\u00e9dicament. \u00c0 conserver \u00e0 une temp\u00e9rature inf\u00e9rieure \u00e0 25\u00b0C et \u00e0 l\u2019abri de la lumi\u00e8re et de l\u2019humidit\u00e9 dans son emballage herm\u00e9tiquement ferm\u00e9.<\/p>\n","protected":false},"excerpt":{"rendered":"<p>Restez r\u00e9sistant et plein de vitalit\u00e9\u00a0face aux d\u00e9sagr\u00e9ments du quotidien avec notre ImmuVit&rsquo;4G. Sa formule de derni\u00e8re g\u00e9n\u00e9ration associe vitamines,<\/p>\n","protected":false},"featured_media":53515,"comment_status":"open","ping_status":"closed","template":"","meta":[],"product_brand":[684],"product_cat":[1031],"product_tag":[],"class_list":{"0":"post-53459","1":"product","2":"type-product","3":"status-publish","4":"has-post-thumbnail","6":"product_brand-forte-pharma","7":"product_cat-vitamines-et-formes","9":"first","10":"instock","11":"sale","12":"shipping-taxable","13":"purchasable","14":"product-type-simple"},"yoast_head":"<!-- This site is optimized with the Yoast SEO plugin v26.6 - https:\/\/yoast.com\/wordpress\/plugins\/seo\/ -->\r\n<title>FORTE PHARMA IMMUVIT 4G 30 COMPRIMES - Paracherkaoui.ma<\/title>\r\n<meta name=\"robots\" content=\"index, follow, max-snippet:-1, max-image-preview:large, max-video-preview:-1\" \/>\r\n<link rel=\"canonical\" href=\"https:\/\/paracherkaoui.ma\/index.php\/produit\/forte-pharma-immuvit-4g-30-comprimes\/\" \/>\r\n<meta property=\"og:locale\" content=\"fr_FR\" \/>\r\n<meta property=\"og:type\" content=\"article\" \/>\r\n<meta property=\"og:title\" content=\"FORTE PHARMA IMMUVIT 4G 30 COMPRIMES - Paracherkaoui.ma\" \/>\r\n<meta property=\"og:description\" content=\"Restez r\u00e9sistant et plein de vitalit\u00e9\u00a0face aux d\u00e9sagr\u00e9ments du quotidien avec notre ImmuVit&rsquo;4G. Sa formule de derni\u00e8re g\u00e9n\u00e9ration associe vitamines,\" \/>\r\n<meta property=\"og:url\" content=\"https:\/\/paracherkaoui.ma\/index.php\/produit\/forte-pharma-immuvit-4g-30-comprimes\/\" \/>\r\n<meta property=\"og:site_name\" content=\"Paracherkaoui.ma\" \/>\r\n<meta property=\"article:modified_time\" content=\"2025-12-12T18:38:51+00:00\" \/>\r\n<meta property=\"og:image\" content=\"https:\/\/paracherkaoui.ma\/wp-content\/uploads\/2025\/12\/forte-pharma-forte-pharma-immuvit-4g-30-comprimes-vitamines-et-formes.jpg\" \/>\r\n\t<meta property=\"og:image:width\" content=\"700\" \/>\r\n\t<meta property=\"og:image:height\" content=\"700\" \/>\r\n\t<meta property=\"og:image:type\" content=\"image\/jpeg\" \/>\r\n<meta name=\"twitter:card\" content=\"summary_large_image\" \/>\r\n<meta name=\"twitter:label1\" content=\"Dur\u00e9e de lecture estim\u00e9e\" \/>\n\t<meta name=\"twitter:data1\" content=\"1 minute\" \/>\r\n<script type=\"application\/ld+json\" class=\"yoast-schema-graph\">{\"@context\":\"https:\/\/schema.org\",\"@graph\":[{\"@type\":\"WebPage\",\"@id\":\"https:\/\/paracherkaoui.ma\/index.php\/produit\/forte-pharma-immuvit-4g-30-comprimes\/\",\"url\":\"https:\/\/paracherkaoui.ma\/index.php\/produit\/forte-pharma-immuvit-4g-30-comprimes\/\",\"name\":\"FORTE PHARMA IMMUVIT 4G 30 COMPRIMES - Paracherkaoui.ma\",\"isPartOf\":{\"@id\":\"https:\/\/paracherkaoui.ma\/#website\"},\"primaryImageOfPage\":{\"@id\":\"https:\/\/paracherkaoui.ma\/index.php\/produit\/forte-pharma-immuvit-4g-30-comprimes\/#primaryimage\"},\"image\":{\"@id\":\"https:\/\/paracherkaoui.ma\/index.php\/produit\/forte-pharma-immuvit-4g-30-comprimes\/#primaryimage\"},\"thumbnailUrl\":\"https:\/\/paracherkaoui.ma\/wp-content\/uploads\/2025\/12\/forte-pharma-forte-pharma-immuvit-4g-30-comprimes-vitamines-et-formes.jpg\",\"datePublished\":\"2025-12-12T18:38:43+00:00\",\"dateModified\":\"2025-12-12T18:38:51+00:00\",\"breadcrumb\":{\"@id\":\"https:\/\/paracherkaoui.ma\/index.php\/produit\/forte-pharma-immuvit-4g-30-comprimes\/#breadcrumb\"},\"inLanguage\":\"fr-FR\",\"potentialAction\":[{\"@type\":\"ReadAction\",\"target\":[\"https:\/\/paracherkaoui.ma\/index.php\/produit\/forte-pharma-immuvit-4g-30-comprimes\/\"]}]},{\"@type\":\"ImageObject\",\"inLanguage\":\"fr-FR\",\"@id\":\"https:\/\/paracherkaoui.ma\/index.php\/produit\/forte-pharma-immuvit-4g-30-comprimes\/#primaryimage\",\"url\":\"https:\/\/paracherkaoui.ma\/wp-content\/uploads\/2025\/12\/forte-pharma-forte-pharma-immuvit-4g-30-comprimes-vitamines-et-formes.jpg\",\"contentUrl\":\"https:\/\/paracherkaoui.ma\/wp-content\/uploads\/2025\/12\/forte-pharma-forte-pharma-immuvit-4g-30-comprimes-vitamines-et-formes.jpg\",\"width\":700,\"height\":700},{\"@type\":\"BreadcrumbList\",\"@id\":\"https:\/\/paracherkaoui.ma\/index.php\/produit\/forte-pharma-immuvit-4g-30-comprimes\/#breadcrumb\",\"itemListElement\":[{\"@type\":\"ListItem\",\"position\":1,\"name\":\"Accueil\",\"item\":\"https:\/\/paracherkaoui.ma\/\"},{\"@type\":\"ListItem\",\"position\":2,\"name\":\"Boutique\",\"item\":\"https:\/\/paracherkaoui.ma\/index.php\/boutique\/\"},{\"@type\":\"ListItem\",\"position\":3,\"name\":\"FORTE PHARMA IMMUVIT 4G 30 COMPRIMES\"}]},{\"@type\":\"WebSite\",\"@id\":\"https:\/\/paracherkaoui.ma\/#website\",\"url\":\"https:\/\/paracherkaoui.ma\/\",\"name\":\"Paracherkaoui.ma\",\"description\":\"Achetez en ligne sur Paracherkaoui.ma\",\"potentialAction\":[{\"@type\":\"SearchAction\",\"target\":{\"@type\":\"EntryPoint\",\"urlTemplate\":\"https:\/\/paracherkaoui.ma\/?s={search_term_string}\"},\"query-input\":{\"@type\":\"PropertyValueSpecification\",\"valueRequired\":true,\"valueName\":\"search_term_string\"}}],\"inLanguage\":\"fr-FR\"}]}<\/script>\r\n<!-- \/ Yoast SEO plugin. -->","yoast_head_json":{"title":"FORTE PHARMA IMMUVIT 4G 30 COMPRIMES - Paracherkaoui.ma","robots":{"index":"index","follow":"follow","max-snippet":"max-snippet:-1","max-image-preview":"max-image-preview:large","max-video-preview":"max-video-preview:-1"},"canonical":"https:\/\/paracherkaoui.ma\/index.php\/produit\/forte-pharma-immuvit-4g-30-comprimes\/","og_locale":"fr_FR","og_type":"article","og_title":"FORTE PHARMA IMMUVIT 4G 30 COMPRIMES - Paracherkaoui.ma","og_description":"Restez r\u00e9sistant et plein de vitalit\u00e9\u00a0face aux d\u00e9sagr\u00e9ments du quotidien avec notre ImmuVit&rsquo;4G. Sa formule de derni\u00e8re g\u00e9n\u00e9ration associe vitamines,","og_url":"https:\/\/paracherkaoui.ma\/index.php\/produit\/forte-pharma-immuvit-4g-30-comprimes\/","og_site_name":"Paracherkaoui.ma","article_modified_time":"2025-12-12T18:38:51+00:00","og_image":[{"width":700,"height":700,"url":"https:\/\/paracherkaoui.ma\/wp-content\/uploads\/2025\/12\/forte-pharma-forte-pharma-immuvit-4g-30-comprimes-vitamines-et-formes.jpg","type":"image\/jpeg"}],"twitter_card":"summary_large_image","twitter_misc":{"Dur\u00e9e de lecture estim\u00e9e":"1 minute"},"schema":{"@context":"https:\/\/schema.org","@graph":[{"@type":"WebPage","@id":"https:\/\/paracherkaoui.ma\/index.php\/produit\/forte-pharma-immuvit-4g-30-comprimes\/","url":"https:\/\/paracherkaoui.ma\/index.php\/produit\/forte-pharma-immuvit-4g-30-comprimes\/","name":"FORTE PHARMA IMMUVIT 4G 30 COMPRIMES - Paracherkaoui.ma","isPartOf":{"@id":"https:\/\/paracherkaoui.ma\/#website"},"primaryImageOfPage":{"@id":"https:\/\/paracherkaoui.ma\/index.php\/produit\/forte-pharma-immuvit-4g-30-comprimes\/#primaryimage"},"image":{"@id":"https:\/\/paracherkaoui.ma\/index.php\/produit\/forte-pharma-immuvit-4g-30-comprimes\/#primaryimage"},"thumbnailUrl":"https:\/\/paracherkaoui.ma\/wp-content\/uploads\/2025\/12\/forte-pharma-forte-pharma-immuvit-4g-30-comprimes-vitamines-et-formes.jpg","datePublished":"2025-12-12T18:38:43+00:00","dateModified":"2025-12-12T18:38:51+00:00","breadcrumb":{"@id":"https:\/\/paracherkaoui.ma\/index.php\/produit\/forte-pharma-immuvit-4g-30-comprimes\/#breadcrumb"},"inLanguage":"fr-FR","potentialAction":[{"@type":"ReadAction","target":["https:\/\/paracherkaoui.ma\/index.php\/produit\/forte-pharma-immuvit-4g-30-comprimes\/"]}]},{"@type":"ImageObject","inLanguage":"fr-FR","@id":"https:\/\/paracherkaoui.ma\/index.php\/produit\/forte-pharma-immuvit-4g-30-comprimes\/#primaryimage","url":"https:\/\/paracherkaoui.ma\/wp-content\/uploads\/2025\/12\/forte-pharma-forte-pharma-immuvit-4g-30-comprimes-vitamines-et-formes.jpg","contentUrl":"https:\/\/paracherkaoui.ma\/wp-content\/uploads\/2025\/12\/forte-pharma-forte-pharma-immuvit-4g-30-comprimes-vitamines-et-formes.jpg","width":700,"height":700},{"@type":"BreadcrumbList","@id":"https:\/\/paracherkaoui.ma\/index.php\/produit\/forte-pharma-immuvit-4g-30-comprimes\/#breadcrumb","itemListElement":[{"@type":"ListItem","position":1,"name":"Accueil","item":"https:\/\/paracherkaoui.ma\/"},{"@type":"ListItem","position":2,"name":"Boutique","item":"https:\/\/paracherkaoui.ma\/index.php\/boutique\/"},{"@type":"ListItem","position":3,"name":"FORTE PHARMA IMMUVIT 4G 30 COMPRIMES"}]},{"@type":"WebSite","@id":"https:\/\/paracherkaoui.ma\/#website","url":"https:\/\/paracherkaoui.ma\/","name":"Paracherkaoui.ma","description":"Achetez en ligne sur Paracherkaoui.ma","potentialAction":[{"@type":"SearchAction","target":{"@type":"EntryPoint","urlTemplate":"https:\/\/paracherkaoui.ma\/?s={search_term_string}"},"query-input":{"@type":"PropertyValueSpecification","valueRequired":true,"valueName":"search_term_string"}}],"inLanguage":"fr-FR"}]}},"_links":{"self":[{"href":"https:\/\/paracherkaoui.ma\/index.php\/wp-json\/wp\/v2\/product\/53459","targetHints":{"allow":["GET"]}}],"collection":[{"href":"https:\/\/paracherkaoui.ma\/index.php\/wp-json\/wp\/v2\/product"}],"about":[{"href":"https:\/\/paracherkaoui.ma\/index.php\/wp-json\/wp\/v2\/types\/product"}],"replies":[{"embeddable":true,"href":"https:\/\/paracherkaoui.ma\/index.php\/wp-json\/wp\/v2\/comments?post=53459"}],"version-history":[{"count":1,"href":"https:\/\/paracherkaoui.ma\/index.php\/wp-json\/wp\/v2\/product\/53459\/revisions"}],"predecessor-version":[{"id":53516,"href":"https:\/\/paracherkaoui.ma\/index.php\/wp-json\/wp\/v2\/product\/53459\/revisions\/53516"}],"wp:featuredmedia":[{"embeddable":true,"href":"https:\/\/paracherkaoui.ma\/index.php\/wp-json\/wp\/v2\/media\/53515"}],"wp:attachment":[{"href":"https:\/\/paracherkaoui.ma\/index.php\/wp-json\/wp\/v2\/media?parent=53459"}],"wp:term":[{"taxonomy":"product_brand","embeddable":true,"href":"https:\/\/paracherkaoui.ma\/index.php\/wp-json\/wp\/v2\/product_brand?post=53459"},{"taxonomy":"product_cat","embeddable":true,"href":"https:\/\/paracherkaoui.ma\/index.php\/wp-json\/wp\/v2\/product_cat?post=53459"},{"taxonomy":"product_tag","embeddable":true,"href":"https:\/\/paracherkaoui.ma\/index.php\/wp-json\/wp\/v2\/product_tag?post=53459"}],"curies":[{"name":"wp","href":"https:\/\/api.w.org\/{rel}","templated":true}]}}