{"id":53458,"date":"2025-12-12T19:38:43","date_gmt":"2025-12-12T18:38:43","guid":{"rendered":"https:\/\/test.ecbeaute.com\/?post_type=product&#038;p=53458"},"modified":"2025-12-12T19:38:50","modified_gmt":"2025-12-12T18:38:50","slug":"vertuplus-ferplus-et-vitamine-c-30-gelules","status":"publish","type":"product","link":"https:\/\/paracherkaoui.ma\/index.php\/produit\/vertuplus-ferplus-et-vitamine-c-30-gelules\/","title":{"rendered":"VERTUPLUS FERPLUS ET VITAMINE C 30 GELULES"},"content":{"rendered":"<p>Propri\u00e9t\u00e9s<br \/>\nLe fer est un oligo-\u00e9l\u00e9ment essentiel pour le bon fonctionnement de notre organisme. Les sportifs, les femmes et les v\u00e9g\u00e9tariens sont particuli\u00e8rement susceptibles d&rsquo;avoir des besoins accrus en fer. Associ\u00e9 \u00e0 la vitamine C, ce min\u00e9ral devient encore plus efficace. La vitamine C, en plus de r\u00e9duire la fatigue, am\u00e9liore l&rsquo;absorption du fer non-h\u00e9minique et agit comme un puissant antioxydant.<br \/>\nComposition<br \/>\nChaque g\u00e9lule de VERTUPLUS FERPLUS ET VITAMINE\u00a0 C contient :<br \/>\n14 mg de gluconate de fer : Ce type de fer est bien absorb\u00e9 par le corps, aidant \u00e0 pr\u00e9venir et \u00e0 traiter la carence en fer.<br \/>\n220 mg de vitamine C (acide ascorbique) : Non seulement cette vitamine renforce votre syst\u00e8me immunitaire, mais elle favorise \u00e9galement une meilleure absorption du fer.<br \/>\nLa cellulose microcristalline pr\u00e9sente dans chaque g\u00e9lule assure une assimilation en douceur, sans causer de troubles digestifs.<br \/>\nConseils d&rsquo;utilisation<br \/>\nInt\u00e9grez facilement notre compl\u00e9ment alimentaire \u00e0 votre routine quotidienne avec ces conseils simples :<br \/>\nPrenez une g\u00e9lule par jour pour maintenir un apport \u00e9quilibr\u00e9 en fer et en vitamine C.\u00a0 Consommez la g\u00e9lule avec un repas pour une meilleure absorption. Soyez r\u00e9gulier dans la prise de ce suppl\u00e9ment pour des r\u00e9sultats optimaux. Consultez un professionnel de la sant\u00e9 avant d\u2019ajuster la posologie, surtout si vous suivez un traitement m\u00e9dical. Stockez le produit \u00e0 l\u2019abri de la lumi\u00e8re et de l\u2019humidit\u00e9 pour pr\u00e9server sa qualit\u00e9.<br \/>\nEn adoptant VERTUPLUS FERPLUS ET VITAMINE C, vous faites le choix de prendre soin de vous de mani\u00e8re naturelle. Ce compl\u00e9ment alimentaire n&rsquo;est pas seulement un rem\u00e8de contre la carence en fer, mais une nouvelle approche pour nourrir votre corps et votre esprit, am\u00e9liorant ainsi votre vitalit\u00e9 et votre bien-\u00eatre au quotidien.<\/p>\n","protected":false},"excerpt":{"rendered":"<p>Propri\u00e9t\u00e9s Le fer est un oligo-\u00e9l\u00e9ment essentiel pour le bon fonctionnement de notre organisme. Les sportifs, les femmes et les<\/p>\n","protected":false},"featured_media":53513,"comment_status":"open","ping_status":"closed","template":"","meta":[],"product_brand":[1007],"product_cat":[1031],"product_tag":[],"class_list":{"0":"post-53458","1":"product","2":"type-product","3":"status-publish","4":"has-post-thumbnail","6":"product_brand-vertu-plus","7":"product_cat-vitamines-et-formes","9":"first","10":"instock","11":"sale","12":"shipping-taxable","13":"purchasable","14":"product-type-simple"},"yoast_head":"<!-- This site is optimized with the Yoast SEO plugin v26.6 - https:\/\/yoast.com\/wordpress\/plugins\/seo\/ -->\r\n<title>VERTUPLUS FERPLUS ET VITAMINE C 30 GELULES - Paracherkaoui.ma<\/title>\r\n<meta name=\"robots\" content=\"index, follow, max-snippet:-1, max-image-preview:large, max-video-preview:-1\" \/>\r\n<link rel=\"canonical\" href=\"https:\/\/paracherkaoui.ma\/index.php\/produit\/vertuplus-ferplus-et-vitamine-c-30-gelules\/\" \/>\r\n<meta property=\"og:locale\" content=\"fr_FR\" \/>\r\n<meta property=\"og:type\" content=\"article\" \/>\r\n<meta property=\"og:title\" content=\"VERTUPLUS FERPLUS ET VITAMINE C 30 GELULES - Paracherkaoui.ma\" \/>\r\n<meta property=\"og:description\" content=\"Propri\u00e9t\u00e9s Le fer est un oligo-\u00e9l\u00e9ment essentiel pour le bon fonctionnement de notre organisme. Les sportifs, les femmes et les\" \/>\r\n<meta property=\"og:url\" content=\"https:\/\/paracherkaoui.ma\/index.php\/produit\/vertuplus-ferplus-et-vitamine-c-30-gelules\/\" \/>\r\n<meta property=\"og:site_name\" content=\"Paracherkaoui.ma\" \/>\r\n<meta property=\"article:modified_time\" content=\"2025-12-12T18:38:50+00:00\" \/>\r\n<meta property=\"og:image\" content=\"https:\/\/paracherkaoui.ma\/wp-content\/uploads\/2025\/12\/vertuplus-vertuplus-ferplus-et-vitamine-c-30-gelules-vitamines-et-formes.jpg\" \/>\r\n\t<meta property=\"og:image:width\" content=\"700\" \/>\r\n\t<meta property=\"og:image:height\" content=\"700\" \/>\r\n\t<meta property=\"og:image:type\" content=\"image\/jpeg\" \/>\r\n<meta name=\"twitter:card\" content=\"summary_large_image\" \/>\r\n<meta name=\"twitter:label1\" content=\"Dur\u00e9e de lecture estim\u00e9e\" \/>\n\t<meta name=\"twitter:data1\" content=\"2 minutes\" \/>\r\n<script type=\"application\/ld+json\" class=\"yoast-schema-graph\">{\"@context\":\"https:\/\/schema.org\",\"@graph\":[{\"@type\":\"WebPage\",\"@id\":\"https:\/\/paracherkaoui.ma\/index.php\/produit\/vertuplus-ferplus-et-vitamine-c-30-gelules\/\",\"url\":\"https:\/\/paracherkaoui.ma\/index.php\/produit\/vertuplus-ferplus-et-vitamine-c-30-gelules\/\",\"name\":\"VERTUPLUS FERPLUS ET VITAMINE C 30 GELULES - Paracherkaoui.ma\",\"isPartOf\":{\"@id\":\"https:\/\/paracherkaoui.ma\/#website\"},\"primaryImageOfPage\":{\"@id\":\"https:\/\/paracherkaoui.ma\/index.php\/produit\/vertuplus-ferplus-et-vitamine-c-30-gelules\/#primaryimage\"},\"image\":{\"@id\":\"https:\/\/paracherkaoui.ma\/index.php\/produit\/vertuplus-ferplus-et-vitamine-c-30-gelules\/#primaryimage\"},\"thumbnailUrl\":\"https:\/\/paracherkaoui.ma\/wp-content\/uploads\/2025\/12\/vertuplus-vertuplus-ferplus-et-vitamine-c-30-gelules-vitamines-et-formes.jpg\",\"datePublished\":\"2025-12-12T18:38:43+00:00\",\"dateModified\":\"2025-12-12T18:38:50+00:00\",\"breadcrumb\":{\"@id\":\"https:\/\/paracherkaoui.ma\/index.php\/produit\/vertuplus-ferplus-et-vitamine-c-30-gelules\/#breadcrumb\"},\"inLanguage\":\"fr-FR\",\"potentialAction\":[{\"@type\":\"ReadAction\",\"target\":[\"https:\/\/paracherkaoui.ma\/index.php\/produit\/vertuplus-ferplus-et-vitamine-c-30-gelules\/\"]}]},{\"@type\":\"ImageObject\",\"inLanguage\":\"fr-FR\",\"@id\":\"https:\/\/paracherkaoui.ma\/index.php\/produit\/vertuplus-ferplus-et-vitamine-c-30-gelules\/#primaryimage\",\"url\":\"https:\/\/paracherkaoui.ma\/wp-content\/uploads\/2025\/12\/vertuplus-vertuplus-ferplus-et-vitamine-c-30-gelules-vitamines-et-formes.jpg\",\"contentUrl\":\"https:\/\/paracherkaoui.ma\/wp-content\/uploads\/2025\/12\/vertuplus-vertuplus-ferplus-et-vitamine-c-30-gelules-vitamines-et-formes.jpg\",\"width\":700,\"height\":700},{\"@type\":\"BreadcrumbList\",\"@id\":\"https:\/\/paracherkaoui.ma\/index.php\/produit\/vertuplus-ferplus-et-vitamine-c-30-gelules\/#breadcrumb\",\"itemListElement\":[{\"@type\":\"ListItem\",\"position\":1,\"name\":\"Accueil\",\"item\":\"https:\/\/paracherkaoui.ma\/\"},{\"@type\":\"ListItem\",\"position\":2,\"name\":\"Boutique\",\"item\":\"https:\/\/paracherkaoui.ma\/index.php\/boutique\/\"},{\"@type\":\"ListItem\",\"position\":3,\"name\":\"VERTUPLUS FERPLUS ET VITAMINE C 30 GELULES\"}]},{\"@type\":\"WebSite\",\"@id\":\"https:\/\/paracherkaoui.ma\/#website\",\"url\":\"https:\/\/paracherkaoui.ma\/\",\"name\":\"Paracherkaoui.ma\",\"description\":\"Achetez en ligne sur Paracherkaoui.ma\",\"potentialAction\":[{\"@type\":\"SearchAction\",\"target\":{\"@type\":\"EntryPoint\",\"urlTemplate\":\"https:\/\/paracherkaoui.ma\/?s={search_term_string}\"},\"query-input\":{\"@type\":\"PropertyValueSpecification\",\"valueRequired\":true,\"valueName\":\"search_term_string\"}}],\"inLanguage\":\"fr-FR\"}]}<\/script>\r\n<!-- \/ Yoast SEO plugin. -->","yoast_head_json":{"title":"VERTUPLUS FERPLUS ET VITAMINE C 30 GELULES - Paracherkaoui.ma","robots":{"index":"index","follow":"follow","max-snippet":"max-snippet:-1","max-image-preview":"max-image-preview:large","max-video-preview":"max-video-preview:-1"},"canonical":"https:\/\/paracherkaoui.ma\/index.php\/produit\/vertuplus-ferplus-et-vitamine-c-30-gelules\/","og_locale":"fr_FR","og_type":"article","og_title":"VERTUPLUS FERPLUS ET VITAMINE C 30 GELULES - Paracherkaoui.ma","og_description":"Propri\u00e9t\u00e9s Le fer est un oligo-\u00e9l\u00e9ment essentiel pour le bon fonctionnement de notre organisme. Les sportifs, les femmes et les","og_url":"https:\/\/paracherkaoui.ma\/index.php\/produit\/vertuplus-ferplus-et-vitamine-c-30-gelules\/","og_site_name":"Paracherkaoui.ma","article_modified_time":"2025-12-12T18:38:50+00:00","og_image":[{"width":700,"height":700,"url":"https:\/\/paracherkaoui.ma\/wp-content\/uploads\/2025\/12\/vertuplus-vertuplus-ferplus-et-vitamine-c-30-gelules-vitamines-et-formes.jpg","type":"image\/jpeg"}],"twitter_card":"summary_large_image","twitter_misc":{"Dur\u00e9e de lecture estim\u00e9e":"2 minutes"},"schema":{"@context":"https:\/\/schema.org","@graph":[{"@type":"WebPage","@id":"https:\/\/paracherkaoui.ma\/index.php\/produit\/vertuplus-ferplus-et-vitamine-c-30-gelules\/","url":"https:\/\/paracherkaoui.ma\/index.php\/produit\/vertuplus-ferplus-et-vitamine-c-30-gelules\/","name":"VERTUPLUS FERPLUS ET VITAMINE C 30 GELULES - Paracherkaoui.ma","isPartOf":{"@id":"https:\/\/paracherkaoui.ma\/#website"},"primaryImageOfPage":{"@id":"https:\/\/paracherkaoui.ma\/index.php\/produit\/vertuplus-ferplus-et-vitamine-c-30-gelules\/#primaryimage"},"image":{"@id":"https:\/\/paracherkaoui.ma\/index.php\/produit\/vertuplus-ferplus-et-vitamine-c-30-gelules\/#primaryimage"},"thumbnailUrl":"https:\/\/paracherkaoui.ma\/wp-content\/uploads\/2025\/12\/vertuplus-vertuplus-ferplus-et-vitamine-c-30-gelules-vitamines-et-formes.jpg","datePublished":"2025-12-12T18:38:43+00:00","dateModified":"2025-12-12T18:38:50+00:00","breadcrumb":{"@id":"https:\/\/paracherkaoui.ma\/index.php\/produit\/vertuplus-ferplus-et-vitamine-c-30-gelules\/#breadcrumb"},"inLanguage":"fr-FR","potentialAction":[{"@type":"ReadAction","target":["https:\/\/paracherkaoui.ma\/index.php\/produit\/vertuplus-ferplus-et-vitamine-c-30-gelules\/"]}]},{"@type":"ImageObject","inLanguage":"fr-FR","@id":"https:\/\/paracherkaoui.ma\/index.php\/produit\/vertuplus-ferplus-et-vitamine-c-30-gelules\/#primaryimage","url":"https:\/\/paracherkaoui.ma\/wp-content\/uploads\/2025\/12\/vertuplus-vertuplus-ferplus-et-vitamine-c-30-gelules-vitamines-et-formes.jpg","contentUrl":"https:\/\/paracherkaoui.ma\/wp-content\/uploads\/2025\/12\/vertuplus-vertuplus-ferplus-et-vitamine-c-30-gelules-vitamines-et-formes.jpg","width":700,"height":700},{"@type":"BreadcrumbList","@id":"https:\/\/paracherkaoui.ma\/index.php\/produit\/vertuplus-ferplus-et-vitamine-c-30-gelules\/#breadcrumb","itemListElement":[{"@type":"ListItem","position":1,"name":"Accueil","item":"https:\/\/paracherkaoui.ma\/"},{"@type":"ListItem","position":2,"name":"Boutique","item":"https:\/\/paracherkaoui.ma\/index.php\/boutique\/"},{"@type":"ListItem","position":3,"name":"VERTUPLUS FERPLUS ET VITAMINE C 30 GELULES"}]},{"@type":"WebSite","@id":"https:\/\/paracherkaoui.ma\/#website","url":"https:\/\/paracherkaoui.ma\/","name":"Paracherkaoui.ma","description":"Achetez en ligne sur Paracherkaoui.ma","potentialAction":[{"@type":"SearchAction","target":{"@type":"EntryPoint","urlTemplate":"https:\/\/paracherkaoui.ma\/?s={search_term_string}"},"query-input":{"@type":"PropertyValueSpecification","valueRequired":true,"valueName":"search_term_string"}}],"inLanguage":"fr-FR"}]}},"_links":{"self":[{"href":"https:\/\/paracherkaoui.ma\/index.php\/wp-json\/wp\/v2\/product\/53458","targetHints":{"allow":["GET"]}}],"collection":[{"href":"https:\/\/paracherkaoui.ma\/index.php\/wp-json\/wp\/v2\/product"}],"about":[{"href":"https:\/\/paracherkaoui.ma\/index.php\/wp-json\/wp\/v2\/types\/product"}],"replies":[{"embeddable":true,"href":"https:\/\/paracherkaoui.ma\/index.php\/wp-json\/wp\/v2\/comments?post=53458"}],"version-history":[{"count":1,"href":"https:\/\/paracherkaoui.ma\/index.php\/wp-json\/wp\/v2\/product\/53458\/revisions"}],"predecessor-version":[{"id":53514,"href":"https:\/\/paracherkaoui.ma\/index.php\/wp-json\/wp\/v2\/product\/53458\/revisions\/53514"}],"wp:featuredmedia":[{"embeddable":true,"href":"https:\/\/paracherkaoui.ma\/index.php\/wp-json\/wp\/v2\/media\/53513"}],"wp:attachment":[{"href":"https:\/\/paracherkaoui.ma\/index.php\/wp-json\/wp\/v2\/media?parent=53458"}],"wp:term":[{"taxonomy":"product_brand","embeddable":true,"href":"https:\/\/paracherkaoui.ma\/index.php\/wp-json\/wp\/v2\/product_brand?post=53458"},{"taxonomy":"product_cat","embeddable":true,"href":"https:\/\/paracherkaoui.ma\/index.php\/wp-json\/wp\/v2\/product_cat?post=53458"},{"taxonomy":"product_tag","embeddable":true,"href":"https:\/\/paracherkaoui.ma\/index.php\/wp-json\/wp\/v2\/product_tag?post=53458"}],"curies":[{"name":"wp","href":"https:\/\/api.w.org\/{rel}","templated":true}]}}