{"id":53443,"date":"2025-12-12T19:38:42","date_gmt":"2025-12-12T18:38:42","guid":{"rendered":"https:\/\/test.ecbeaute.com\/?post_type=product&#038;p=53443"},"modified":"2025-12-12T19:38:47","modified_gmt":"2025-12-12T18:38:47","slug":"viticap-actifs-et-vitamines-60-gelules","status":"publish","type":"product","link":"https:\/\/paracherkaoui.ma\/index.php\/produit\/viticap-actifs-et-vitamines-60-gelules\/","title":{"rendered":"VITICAP actifs et vitamines 60 g\u00e9lules"},"content":{"rendered":"<p>Description:<br \/>\nVITICAP Actifs &#038; Vitamines est l\u2019atout majeur des personnes atteintes de vitiligo et d\u00e9sireuses d\u2019en att\u00e9nuer les taches visibles. Enrichi en substances actives sp\u00e9cifiquement choisies pour leurs propri\u00e9t\u00e9s naturelles exceptionnelles contre le vitiligo, le compl\u00e9ment alimentaire Viticap d\u00e9montre une efficacit\u00e9 sans pr\u00e9c\u00e9dant.Viticap est indiqu\u00e9 Pour les personnes atteintes de vitiligo et souhaitant en att\u00e9nuer les manifestations cutan\u00e9es Pour celles et ceux qui montrent des taches d\u00e9pigment\u00e9es, dues \u00e0 de grosses chaleurs, \u00e0 des expositions prolong\u00e9es et r\u00e9p\u00e9t\u00e9es au soleil, au stress, \u00e0 une pollution importante sp\u00e9cifiquement chimique.<\/p>\n","protected":false},"excerpt":{"rendered":"<p>Description: VITICAP Actifs &#038; Vitamines est l\u2019atout majeur des personnes atteintes de vitiligo et d\u00e9sireuses d\u2019en att\u00e9nuer les taches visibles.<\/p>\n","protected":false},"featured_media":53484,"comment_status":"open","ping_status":"closed","template":"","meta":[],"product_brand":[1038],"product_cat":[1031],"product_tag":[],"class_list":{"0":"post-53443","1":"product","2":"type-product","3":"status-publish","4":"has-post-thumbnail","6":"product_brand-viticap","7":"product_cat-vitamines-et-formes","9":"first","10":"instock","11":"sale","12":"shipping-taxable","13":"purchasable","14":"product-type-simple"},"yoast_head":"<!-- This site is optimized with the Yoast SEO plugin v26.6 - https:\/\/yoast.com\/wordpress\/plugins\/seo\/ -->\r\n<title>VITICAP actifs et vitamines 60 g\u00e9lules - Paracherkaoui.ma<\/title>\r\n<meta name=\"robots\" content=\"index, follow, max-snippet:-1, max-image-preview:large, max-video-preview:-1\" \/>\r\n<link rel=\"canonical\" href=\"https:\/\/paracherkaoui.ma\/index.php\/produit\/viticap-actifs-et-vitamines-60-gelules\/\" \/>\r\n<meta property=\"og:locale\" content=\"fr_FR\" \/>\r\n<meta property=\"og:type\" content=\"article\" \/>\r\n<meta property=\"og:title\" content=\"VITICAP actifs et vitamines 60 g\u00e9lules - Paracherkaoui.ma\" \/>\r\n<meta property=\"og:description\" content=\"Description: VITICAP Actifs &#038; Vitamines est l\u2019atout majeur des personnes atteintes de vitiligo et d\u00e9sireuses d\u2019en att\u00e9nuer les taches visibles.\" \/>\r\n<meta property=\"og:url\" content=\"https:\/\/paracherkaoui.ma\/index.php\/produit\/viticap-actifs-et-vitamines-60-gelules\/\" \/>\r\n<meta property=\"og:site_name\" content=\"Paracherkaoui.ma\" \/>\r\n<meta property=\"article:modified_time\" content=\"2025-12-12T18:38:47+00:00\" \/>\r\n<meta property=\"og:image\" content=\"https:\/\/paracherkaoui.ma\/wp-content\/uploads\/2025\/12\/viticap-actifs-et-vitamines-60-gelules-comprimes-et-gelules.jpg\" \/>\r\n\t<meta property=\"og:image:width\" content=\"700\" \/>\r\n\t<meta property=\"og:image:height\" content=\"700\" \/>\r\n\t<meta property=\"og:image:type\" content=\"image\/jpeg\" \/>\r\n<meta name=\"twitter:card\" content=\"summary_large_image\" \/>\r\n<meta name=\"twitter:label1\" content=\"Dur\u00e9e de lecture estim\u00e9e\" \/>\n\t<meta name=\"twitter:data1\" content=\"1 minute\" \/>\r\n<script type=\"application\/ld+json\" class=\"yoast-schema-graph\">{\"@context\":\"https:\/\/schema.org\",\"@graph\":[{\"@type\":\"WebPage\",\"@id\":\"https:\/\/paracherkaoui.ma\/index.php\/produit\/viticap-actifs-et-vitamines-60-gelules\/\",\"url\":\"https:\/\/paracherkaoui.ma\/index.php\/produit\/viticap-actifs-et-vitamines-60-gelules\/\",\"name\":\"VITICAP actifs et vitamines 60 g\u00e9lules - Paracherkaoui.ma\",\"isPartOf\":{\"@id\":\"https:\/\/paracherkaoui.ma\/#website\"},\"primaryImageOfPage\":{\"@id\":\"https:\/\/paracherkaoui.ma\/index.php\/produit\/viticap-actifs-et-vitamines-60-gelules\/#primaryimage\"},\"image\":{\"@id\":\"https:\/\/paracherkaoui.ma\/index.php\/produit\/viticap-actifs-et-vitamines-60-gelules\/#primaryimage\"},\"thumbnailUrl\":\"https:\/\/paracherkaoui.ma\/wp-content\/uploads\/2025\/12\/viticap-actifs-et-vitamines-60-gelules-comprimes-et-gelules.jpg\",\"datePublished\":\"2025-12-12T18:38:42+00:00\",\"dateModified\":\"2025-12-12T18:38:47+00:00\",\"breadcrumb\":{\"@id\":\"https:\/\/paracherkaoui.ma\/index.php\/produit\/viticap-actifs-et-vitamines-60-gelules\/#breadcrumb\"},\"inLanguage\":\"fr-FR\",\"potentialAction\":[{\"@type\":\"ReadAction\",\"target\":[\"https:\/\/paracherkaoui.ma\/index.php\/produit\/viticap-actifs-et-vitamines-60-gelules\/\"]}]},{\"@type\":\"ImageObject\",\"inLanguage\":\"fr-FR\",\"@id\":\"https:\/\/paracherkaoui.ma\/index.php\/produit\/viticap-actifs-et-vitamines-60-gelules\/#primaryimage\",\"url\":\"https:\/\/paracherkaoui.ma\/wp-content\/uploads\/2025\/12\/viticap-actifs-et-vitamines-60-gelules-comprimes-et-gelules.jpg\",\"contentUrl\":\"https:\/\/paracherkaoui.ma\/wp-content\/uploads\/2025\/12\/viticap-actifs-et-vitamines-60-gelules-comprimes-et-gelules.jpg\",\"width\":700,\"height\":700},{\"@type\":\"BreadcrumbList\",\"@id\":\"https:\/\/paracherkaoui.ma\/index.php\/produit\/viticap-actifs-et-vitamines-60-gelules\/#breadcrumb\",\"itemListElement\":[{\"@type\":\"ListItem\",\"position\":1,\"name\":\"Accueil\",\"item\":\"https:\/\/paracherkaoui.ma\/\"},{\"@type\":\"ListItem\",\"position\":2,\"name\":\"Boutique\",\"item\":\"https:\/\/paracherkaoui.ma\/index.php\/boutique\/\"},{\"@type\":\"ListItem\",\"position\":3,\"name\":\"VITICAP actifs et vitamines 60 g\u00e9lules\"}]},{\"@type\":\"WebSite\",\"@id\":\"https:\/\/paracherkaoui.ma\/#website\",\"url\":\"https:\/\/paracherkaoui.ma\/\",\"name\":\"Paracherkaoui.ma\",\"description\":\"Achetez en ligne sur Paracherkaoui.ma\",\"potentialAction\":[{\"@type\":\"SearchAction\",\"target\":{\"@type\":\"EntryPoint\",\"urlTemplate\":\"https:\/\/paracherkaoui.ma\/?s={search_term_string}\"},\"query-input\":{\"@type\":\"PropertyValueSpecification\",\"valueRequired\":true,\"valueName\":\"search_term_string\"}}],\"inLanguage\":\"fr-FR\"}]}<\/script>\r\n<!-- \/ Yoast SEO plugin. -->","yoast_head_json":{"title":"VITICAP actifs et vitamines 60 g\u00e9lules - Paracherkaoui.ma","robots":{"index":"index","follow":"follow","max-snippet":"max-snippet:-1","max-image-preview":"max-image-preview:large","max-video-preview":"max-video-preview:-1"},"canonical":"https:\/\/paracherkaoui.ma\/index.php\/produit\/viticap-actifs-et-vitamines-60-gelules\/","og_locale":"fr_FR","og_type":"article","og_title":"VITICAP actifs et vitamines 60 g\u00e9lules - Paracherkaoui.ma","og_description":"Description: VITICAP Actifs &#038; Vitamines est l\u2019atout majeur des personnes atteintes de vitiligo et d\u00e9sireuses d\u2019en att\u00e9nuer les taches visibles.","og_url":"https:\/\/paracherkaoui.ma\/index.php\/produit\/viticap-actifs-et-vitamines-60-gelules\/","og_site_name":"Paracherkaoui.ma","article_modified_time":"2025-12-12T18:38:47+00:00","og_image":[{"width":700,"height":700,"url":"https:\/\/paracherkaoui.ma\/wp-content\/uploads\/2025\/12\/viticap-actifs-et-vitamines-60-gelules-comprimes-et-gelules.jpg","type":"image\/jpeg"}],"twitter_card":"summary_large_image","twitter_misc":{"Dur\u00e9e de lecture estim\u00e9e":"1 minute"},"schema":{"@context":"https:\/\/schema.org","@graph":[{"@type":"WebPage","@id":"https:\/\/paracherkaoui.ma\/index.php\/produit\/viticap-actifs-et-vitamines-60-gelules\/","url":"https:\/\/paracherkaoui.ma\/index.php\/produit\/viticap-actifs-et-vitamines-60-gelules\/","name":"VITICAP actifs et vitamines 60 g\u00e9lules - Paracherkaoui.ma","isPartOf":{"@id":"https:\/\/paracherkaoui.ma\/#website"},"primaryImageOfPage":{"@id":"https:\/\/paracherkaoui.ma\/index.php\/produit\/viticap-actifs-et-vitamines-60-gelules\/#primaryimage"},"image":{"@id":"https:\/\/paracherkaoui.ma\/index.php\/produit\/viticap-actifs-et-vitamines-60-gelules\/#primaryimage"},"thumbnailUrl":"https:\/\/paracherkaoui.ma\/wp-content\/uploads\/2025\/12\/viticap-actifs-et-vitamines-60-gelules-comprimes-et-gelules.jpg","datePublished":"2025-12-12T18:38:42+00:00","dateModified":"2025-12-12T18:38:47+00:00","breadcrumb":{"@id":"https:\/\/paracherkaoui.ma\/index.php\/produit\/viticap-actifs-et-vitamines-60-gelules\/#breadcrumb"},"inLanguage":"fr-FR","potentialAction":[{"@type":"ReadAction","target":["https:\/\/paracherkaoui.ma\/index.php\/produit\/viticap-actifs-et-vitamines-60-gelules\/"]}]},{"@type":"ImageObject","inLanguage":"fr-FR","@id":"https:\/\/paracherkaoui.ma\/index.php\/produit\/viticap-actifs-et-vitamines-60-gelules\/#primaryimage","url":"https:\/\/paracherkaoui.ma\/wp-content\/uploads\/2025\/12\/viticap-actifs-et-vitamines-60-gelules-comprimes-et-gelules.jpg","contentUrl":"https:\/\/paracherkaoui.ma\/wp-content\/uploads\/2025\/12\/viticap-actifs-et-vitamines-60-gelules-comprimes-et-gelules.jpg","width":700,"height":700},{"@type":"BreadcrumbList","@id":"https:\/\/paracherkaoui.ma\/index.php\/produit\/viticap-actifs-et-vitamines-60-gelules\/#breadcrumb","itemListElement":[{"@type":"ListItem","position":1,"name":"Accueil","item":"https:\/\/paracherkaoui.ma\/"},{"@type":"ListItem","position":2,"name":"Boutique","item":"https:\/\/paracherkaoui.ma\/index.php\/boutique\/"},{"@type":"ListItem","position":3,"name":"VITICAP actifs et vitamines 60 g\u00e9lules"}]},{"@type":"WebSite","@id":"https:\/\/paracherkaoui.ma\/#website","url":"https:\/\/paracherkaoui.ma\/","name":"Paracherkaoui.ma","description":"Achetez en ligne sur Paracherkaoui.ma","potentialAction":[{"@type":"SearchAction","target":{"@type":"EntryPoint","urlTemplate":"https:\/\/paracherkaoui.ma\/?s={search_term_string}"},"query-input":{"@type":"PropertyValueSpecification","valueRequired":true,"valueName":"search_term_string"}}],"inLanguage":"fr-FR"}]}},"_links":{"self":[{"href":"https:\/\/paracherkaoui.ma\/index.php\/wp-json\/wp\/v2\/product\/53443","targetHints":{"allow":["GET"]}}],"collection":[{"href":"https:\/\/paracherkaoui.ma\/index.php\/wp-json\/wp\/v2\/product"}],"about":[{"href":"https:\/\/paracherkaoui.ma\/index.php\/wp-json\/wp\/v2\/types\/product"}],"replies":[{"embeddable":true,"href":"https:\/\/paracherkaoui.ma\/index.php\/wp-json\/wp\/v2\/comments?post=53443"}],"version-history":[{"count":1,"href":"https:\/\/paracherkaoui.ma\/index.php\/wp-json\/wp\/v2\/product\/53443\/revisions"}],"predecessor-version":[{"id":53485,"href":"https:\/\/paracherkaoui.ma\/index.php\/wp-json\/wp\/v2\/product\/53443\/revisions\/53485"}],"wp:featuredmedia":[{"embeddable":true,"href":"https:\/\/paracherkaoui.ma\/index.php\/wp-json\/wp\/v2\/media\/53484"}],"wp:attachment":[{"href":"https:\/\/paracherkaoui.ma\/index.php\/wp-json\/wp\/v2\/media?parent=53443"}],"wp:term":[{"taxonomy":"product_brand","embeddable":true,"href":"https:\/\/paracherkaoui.ma\/index.php\/wp-json\/wp\/v2\/product_brand?post=53443"},{"taxonomy":"product_cat","embeddable":true,"href":"https:\/\/paracherkaoui.ma\/index.php\/wp-json\/wp\/v2\/product_cat?post=53443"},{"taxonomy":"product_tag","embeddable":true,"href":"https:\/\/paracherkaoui.ma\/index.php\/wp-json\/wp\/v2\/product_tag?post=53443"}],"curies":[{"name":"wp","href":"https:\/\/api.w.org\/{rel}","templated":true}]}}