{"id":53434,"date":"2025-12-12T19:38:42","date_gmt":"2025-12-12T18:38:42","guid":{"rendered":"https:\/\/test.ecbeaute.com\/?post_type=product&#038;p=53434"},"modified":"2025-12-12T19:38:44","modified_gmt":"2025-12-12T18:38:44","slug":"biofar-ace-selenium-20-capsules","status":"publish","type":"product","link":"https:\/\/paracherkaoui.ma\/index.php\/produit\/biofar-ace-selenium-20-capsules\/","title":{"rendered":"BIOFAR ACE SELENIUM 20 CAPSULES"},"content":{"rendered":"<p>Description:<br \/>\nPollution, rayons du soleil, activit\u00e9 sportive intense\u2026 Pr\u00e9servez votre capital sant\u00e9 gr\u00e2ce aux antioxydants\u00a0! Les Laboratoires Biofar ont d\u00e9velopp\u00e9 pour vous \u00ab\u00a0ACE S\u00e9l\u00e9nium-Zinc\u00a0\u00bb, une formule\u00a0synergique\u00a0au bon go\u00fbt\u00a0tropical,\u00a0pour devenir votre meilleur alli\u00e9 contre le stress oxydatif.Une formule\u00a0riche\u00a0en antioxydants, avec des sources organiques hautement biodisponibles\u2026 Les Laboratoires Biofar ont r\u00e9uni les \u00e9l\u00e9ments n\u00e9cessaires pour lutter contre le vieillissement cellulaire. En effet, le s\u00e9l\u00e9nium, le zinc et les vitamines C et E contribuent \u00e0 prot\u00e9ger les cellules du stress oxydatif. ACE S\u00e9l\u00e9nium-Zinc est un compl\u00e9ment alimentaire r\u00e9serv\u00e9 \u00e0 l\u2019adulte.<br \/>\nConseils d&rsquo;utilisation:<br \/>\n1 comprim\u00e9 par jour \u00e0 dissoudre dans un grand verre d\u2019eau, au cours d\u2019un repas.<\/p>\n","protected":false},"excerpt":{"rendered":"<p>Description: Pollution, rayons du soleil, activit\u00e9 sportive intense\u2026 Pr\u00e9servez votre capital sant\u00e9 gr\u00e2ce aux antioxydants\u00a0! Les Laboratoires Biofar ont d\u00e9velopp\u00e9<\/p>\n","protected":false},"featured_media":53466,"comment_status":"open","ping_status":"closed","template":"","meta":[],"product_brand":[1032],"product_cat":[1031],"product_tag":[],"class_list":{"0":"post-53434","1":"product","2":"type-product","3":"status-publish","4":"has-post-thumbnail","6":"product_brand-biofar","7":"product_cat-vitamines-et-formes","9":"first","10":"instock","11":"sale","12":"shipping-taxable","13":"purchasable","14":"product-type-simple"},"yoast_head":"<!-- This site is optimized with the Yoast SEO plugin v26.6 - https:\/\/yoast.com\/wordpress\/plugins\/seo\/ -->\r\n<title>BIOFAR ACE SELENIUM 20 CAPSULES - Paracherkaoui.ma<\/title>\r\n<meta name=\"robots\" content=\"index, follow, max-snippet:-1, max-image-preview:large, max-video-preview:-1\" \/>\r\n<link rel=\"canonical\" href=\"https:\/\/paracherkaoui.ma\/index.php\/produit\/biofar-ace-selenium-20-capsules\/\" \/>\r\n<meta property=\"og:locale\" content=\"fr_FR\" \/>\r\n<meta property=\"og:type\" content=\"article\" \/>\r\n<meta property=\"og:title\" content=\"BIOFAR ACE SELENIUM 20 CAPSULES - Paracherkaoui.ma\" \/>\r\n<meta property=\"og:description\" content=\"Description: Pollution, rayons du soleil, activit\u00e9 sportive intense\u2026 Pr\u00e9servez votre capital sant\u00e9 gr\u00e2ce aux antioxydants\u00a0! Les Laboratoires Biofar ont d\u00e9velopp\u00e9\" \/>\r\n<meta property=\"og:url\" content=\"https:\/\/paracherkaoui.ma\/index.php\/produit\/biofar-ace-selenium-20-capsules\/\" \/>\r\n<meta property=\"og:site_name\" content=\"Paracherkaoui.ma\" \/>\r\n<meta property=\"article:modified_time\" content=\"2025-12-12T18:38:44+00:00\" \/>\r\n<meta property=\"og:image\" content=\"https:\/\/paracherkaoui.ma\/wp-content\/uploads\/2025\/12\/biofar-ace-selenium-20-capsules.jpg\" \/>\r\n\t<meta property=\"og:image:width\" content=\"700\" \/>\r\n\t<meta property=\"og:image:height\" content=\"700\" \/>\r\n\t<meta property=\"og:image:type\" content=\"image\/jpeg\" \/>\r\n<meta name=\"twitter:card\" content=\"summary_large_image\" \/>\r\n<meta name=\"twitter:label1\" content=\"Dur\u00e9e de lecture estim\u00e9e\" \/>\n\t<meta name=\"twitter:data1\" content=\"1 minute\" \/>\r\n<script type=\"application\/ld+json\" class=\"yoast-schema-graph\">{\"@context\":\"https:\/\/schema.org\",\"@graph\":[{\"@type\":\"WebPage\",\"@id\":\"https:\/\/paracherkaoui.ma\/index.php\/produit\/biofar-ace-selenium-20-capsules\/\",\"url\":\"https:\/\/paracherkaoui.ma\/index.php\/produit\/biofar-ace-selenium-20-capsules\/\",\"name\":\"BIOFAR ACE SELENIUM 20 CAPSULES - Paracherkaoui.ma\",\"isPartOf\":{\"@id\":\"https:\/\/paracherkaoui.ma\/#website\"},\"primaryImageOfPage\":{\"@id\":\"https:\/\/paracherkaoui.ma\/index.php\/produit\/biofar-ace-selenium-20-capsules\/#primaryimage\"},\"image\":{\"@id\":\"https:\/\/paracherkaoui.ma\/index.php\/produit\/biofar-ace-selenium-20-capsules\/#primaryimage\"},\"thumbnailUrl\":\"https:\/\/paracherkaoui.ma\/wp-content\/uploads\/2025\/12\/biofar-ace-selenium-20-capsules.jpg\",\"datePublished\":\"2025-12-12T18:38:42+00:00\",\"dateModified\":\"2025-12-12T18:38:44+00:00\",\"breadcrumb\":{\"@id\":\"https:\/\/paracherkaoui.ma\/index.php\/produit\/biofar-ace-selenium-20-capsules\/#breadcrumb\"},\"inLanguage\":\"fr-FR\",\"potentialAction\":[{\"@type\":\"ReadAction\",\"target\":[\"https:\/\/paracherkaoui.ma\/index.php\/produit\/biofar-ace-selenium-20-capsules\/\"]}]},{\"@type\":\"ImageObject\",\"inLanguage\":\"fr-FR\",\"@id\":\"https:\/\/paracherkaoui.ma\/index.php\/produit\/biofar-ace-selenium-20-capsules\/#primaryimage\",\"url\":\"https:\/\/paracherkaoui.ma\/wp-content\/uploads\/2025\/12\/biofar-ace-selenium-20-capsules.jpg\",\"contentUrl\":\"https:\/\/paracherkaoui.ma\/wp-content\/uploads\/2025\/12\/biofar-ace-selenium-20-capsules.jpg\",\"width\":700,\"height\":700},{\"@type\":\"BreadcrumbList\",\"@id\":\"https:\/\/paracherkaoui.ma\/index.php\/produit\/biofar-ace-selenium-20-capsules\/#breadcrumb\",\"itemListElement\":[{\"@type\":\"ListItem\",\"position\":1,\"name\":\"Accueil\",\"item\":\"https:\/\/paracherkaoui.ma\/\"},{\"@type\":\"ListItem\",\"position\":2,\"name\":\"Boutique\",\"item\":\"https:\/\/paracherkaoui.ma\/index.php\/boutique\/\"},{\"@type\":\"ListItem\",\"position\":3,\"name\":\"BIOFAR ACE SELENIUM 20 CAPSULES\"}]},{\"@type\":\"WebSite\",\"@id\":\"https:\/\/paracherkaoui.ma\/#website\",\"url\":\"https:\/\/paracherkaoui.ma\/\",\"name\":\"Paracherkaoui.ma\",\"description\":\"Achetez en ligne sur Paracherkaoui.ma\",\"potentialAction\":[{\"@type\":\"SearchAction\",\"target\":{\"@type\":\"EntryPoint\",\"urlTemplate\":\"https:\/\/paracherkaoui.ma\/?s={search_term_string}\"},\"query-input\":{\"@type\":\"PropertyValueSpecification\",\"valueRequired\":true,\"valueName\":\"search_term_string\"}}],\"inLanguage\":\"fr-FR\"}]}<\/script>\r\n<!-- \/ Yoast SEO plugin. -->","yoast_head_json":{"title":"BIOFAR ACE SELENIUM 20 CAPSULES - Paracherkaoui.ma","robots":{"index":"index","follow":"follow","max-snippet":"max-snippet:-1","max-image-preview":"max-image-preview:large","max-video-preview":"max-video-preview:-1"},"canonical":"https:\/\/paracherkaoui.ma\/index.php\/produit\/biofar-ace-selenium-20-capsules\/","og_locale":"fr_FR","og_type":"article","og_title":"BIOFAR ACE SELENIUM 20 CAPSULES - Paracherkaoui.ma","og_description":"Description: Pollution, rayons du soleil, activit\u00e9 sportive intense\u2026 Pr\u00e9servez votre capital sant\u00e9 gr\u00e2ce aux antioxydants\u00a0! Les Laboratoires Biofar ont d\u00e9velopp\u00e9","og_url":"https:\/\/paracherkaoui.ma\/index.php\/produit\/biofar-ace-selenium-20-capsules\/","og_site_name":"Paracherkaoui.ma","article_modified_time":"2025-12-12T18:38:44+00:00","og_image":[{"width":700,"height":700,"url":"https:\/\/paracherkaoui.ma\/wp-content\/uploads\/2025\/12\/biofar-ace-selenium-20-capsules.jpg","type":"image\/jpeg"}],"twitter_card":"summary_large_image","twitter_misc":{"Dur\u00e9e de lecture estim\u00e9e":"1 minute"},"schema":{"@context":"https:\/\/schema.org","@graph":[{"@type":"WebPage","@id":"https:\/\/paracherkaoui.ma\/index.php\/produit\/biofar-ace-selenium-20-capsules\/","url":"https:\/\/paracherkaoui.ma\/index.php\/produit\/biofar-ace-selenium-20-capsules\/","name":"BIOFAR ACE SELENIUM 20 CAPSULES - Paracherkaoui.ma","isPartOf":{"@id":"https:\/\/paracherkaoui.ma\/#website"},"primaryImageOfPage":{"@id":"https:\/\/paracherkaoui.ma\/index.php\/produit\/biofar-ace-selenium-20-capsules\/#primaryimage"},"image":{"@id":"https:\/\/paracherkaoui.ma\/index.php\/produit\/biofar-ace-selenium-20-capsules\/#primaryimage"},"thumbnailUrl":"https:\/\/paracherkaoui.ma\/wp-content\/uploads\/2025\/12\/biofar-ace-selenium-20-capsules.jpg","datePublished":"2025-12-12T18:38:42+00:00","dateModified":"2025-12-12T18:38:44+00:00","breadcrumb":{"@id":"https:\/\/paracherkaoui.ma\/index.php\/produit\/biofar-ace-selenium-20-capsules\/#breadcrumb"},"inLanguage":"fr-FR","potentialAction":[{"@type":"ReadAction","target":["https:\/\/paracherkaoui.ma\/index.php\/produit\/biofar-ace-selenium-20-capsules\/"]}]},{"@type":"ImageObject","inLanguage":"fr-FR","@id":"https:\/\/paracherkaoui.ma\/index.php\/produit\/biofar-ace-selenium-20-capsules\/#primaryimage","url":"https:\/\/paracherkaoui.ma\/wp-content\/uploads\/2025\/12\/biofar-ace-selenium-20-capsules.jpg","contentUrl":"https:\/\/paracherkaoui.ma\/wp-content\/uploads\/2025\/12\/biofar-ace-selenium-20-capsules.jpg","width":700,"height":700},{"@type":"BreadcrumbList","@id":"https:\/\/paracherkaoui.ma\/index.php\/produit\/biofar-ace-selenium-20-capsules\/#breadcrumb","itemListElement":[{"@type":"ListItem","position":1,"name":"Accueil","item":"https:\/\/paracherkaoui.ma\/"},{"@type":"ListItem","position":2,"name":"Boutique","item":"https:\/\/paracherkaoui.ma\/index.php\/boutique\/"},{"@type":"ListItem","position":3,"name":"BIOFAR ACE SELENIUM 20 CAPSULES"}]},{"@type":"WebSite","@id":"https:\/\/paracherkaoui.ma\/#website","url":"https:\/\/paracherkaoui.ma\/","name":"Paracherkaoui.ma","description":"Achetez en ligne sur Paracherkaoui.ma","potentialAction":[{"@type":"SearchAction","target":{"@type":"EntryPoint","urlTemplate":"https:\/\/paracherkaoui.ma\/?s={search_term_string}"},"query-input":{"@type":"PropertyValueSpecification","valueRequired":true,"valueName":"search_term_string"}}],"inLanguage":"fr-FR"}]}},"_links":{"self":[{"href":"https:\/\/paracherkaoui.ma\/index.php\/wp-json\/wp\/v2\/product\/53434","targetHints":{"allow":["GET"]}}],"collection":[{"href":"https:\/\/paracherkaoui.ma\/index.php\/wp-json\/wp\/v2\/product"}],"about":[{"href":"https:\/\/paracherkaoui.ma\/index.php\/wp-json\/wp\/v2\/types\/product"}],"replies":[{"embeddable":true,"href":"https:\/\/paracherkaoui.ma\/index.php\/wp-json\/wp\/v2\/comments?post=53434"}],"version-history":[{"count":1,"href":"https:\/\/paracherkaoui.ma\/index.php\/wp-json\/wp\/v2\/product\/53434\/revisions"}],"predecessor-version":[{"id":53467,"href":"https:\/\/paracherkaoui.ma\/index.php\/wp-json\/wp\/v2\/product\/53434\/revisions\/53467"}],"wp:featuredmedia":[{"embeddable":true,"href":"https:\/\/paracherkaoui.ma\/index.php\/wp-json\/wp\/v2\/media\/53466"}],"wp:attachment":[{"href":"https:\/\/paracherkaoui.ma\/index.php\/wp-json\/wp\/v2\/media?parent=53434"}],"wp:term":[{"taxonomy":"product_brand","embeddable":true,"href":"https:\/\/paracherkaoui.ma\/index.php\/wp-json\/wp\/v2\/product_brand?post=53434"},{"taxonomy":"product_cat","embeddable":true,"href":"https:\/\/paracherkaoui.ma\/index.php\/wp-json\/wp\/v2\/product_cat?post=53434"},{"taxonomy":"product_tag","embeddable":true,"href":"https:\/\/paracherkaoui.ma\/index.php\/wp-json\/wp\/v2\/product_tag?post=53434"}],"curies":[{"name":"wp","href":"https:\/\/api.w.org\/{rel}","templated":true}]}}