{"id":53367,"date":"2025-12-12T19:38:32","date_gmt":"2025-12-12T18:38:32","guid":{"rendered":"https:\/\/test.ecbeaute.com\/?post_type=product&#038;p=53367"},"modified":"2025-12-12T19:38:39","modified_gmt":"2025-12-12T18:38:39","slug":"forte-pharma-vitalite-4g-defenses-20-ampoules","status":"publish","type":"product","link":"https:\/\/paracherkaoui.ma\/index.php\/produit\/forte-pharma-vitalite-4g-defenses-20-ampoules\/","title":{"rendered":"FORTE PHARMA VITALITE 4G DEFENSES 20 AMPOULES"},"content":{"rendered":"<p>INDICATIONS :<br \/>\nFORTE PHARMA VITALITE 4G D\u00e9fenses est un compl\u00e9ment alimentaire destin\u00e9 aux personnes qui souhaitent faire le plein de vitalit\u00e9, booster leur organisme et stimuler leur syst\u00e8me immunitaire, notamment lors des changements de saisons. Sa formule se base sur le complexe 4G, une synergie de 4 actifs id\u00e9alement dos\u00e9s : Ginseng, Guarana, Gel\u00e9e Royale et Gingembre, associ\u00e9s \u00e0 de l&rsquo;ac\u00e9rola riche en vitamine C pour booster l&rsquo;\u00e9nergie. Deux actifs sp\u00e9cifiques viennent compl\u00e9ter la formule : l&rsquo;Eleuth\u00e9rocoque, appel\u00e9 aussi \u00ab\u00a0racine de longue vie\u00a0\u00bb, ce ginseng sib\u00e9rien est connu pour \u00eatre un excellent tonifiant g\u00e9n\u00e9ral de l&rsquo;organisme. La Propolis, substance produite par les abeilles, permet de prot\u00e9ger la ruche des agressions ext\u00e9rieures.<br \/>\nPR\u00c9SENTATION :<br \/>\n1 Bo\u00eete de 20 Ampoules<br \/>\nCONSEILS D&rsquo;UTILISATION :<br \/>\nPrendre une ampoule par jour, pure ou dilu\u00e9e dans un verre d&rsquo;eau. Agiter l&rsquo;ampoule avant emploi car un l\u00e9ger d\u00e9p\u00f4t peut appara\u00eetre du fait du caract\u00e8re naturel du produit.<br \/>\nPR\u00c9CAUTIONS D&rsquo;EMPLOI :<br \/>\nD\u00e9conseill\u00e9 aux femmes enceintes ou qui allaitent et aux enfants de moins de 8 ans. Ne pas d\u00e9passer la dose journali\u00e8re conseill\u00e9e. Sans gluten, sans OGM, sans g\u00e9latine.<\/p>\n","protected":false},"excerpt":{"rendered":"<p>INDICATIONS : FORTE PHARMA VITALITE 4G D\u00e9fenses est un compl\u00e9ment alimentaire destin\u00e9 aux personnes qui souhaitent faire le plein de<\/p>\n","protected":false},"featured_media":53422,"comment_status":"open","ping_status":"closed","template":"","meta":[],"product_brand":[684],"product_cat":[1031],"product_tag":[],"class_list":{"0":"post-53367","1":"product","2":"type-product","3":"status-publish","4":"has-post-thumbnail","6":"product_brand-forte-pharma","7":"product_cat-vitamines-et-formes","9":"first","10":"instock","11":"sale","12":"shipping-taxable","13":"purchasable","14":"product-type-simple"},"yoast_head":"<!-- This site is optimized with the Yoast SEO plugin v26.6 - https:\/\/yoast.com\/wordpress\/plugins\/seo\/ -->\r\n<title>FORTE PHARMA VITALITE 4G DEFENSES 20 AMPOULES - Paracherkaoui.ma<\/title>\r\n<meta name=\"robots\" content=\"index, follow, max-snippet:-1, max-image-preview:large, max-video-preview:-1\" \/>\r\n<link rel=\"canonical\" href=\"https:\/\/paracherkaoui.ma\/index.php\/produit\/forte-pharma-vitalite-4g-defenses-20-ampoules\/\" \/>\r\n<meta property=\"og:locale\" content=\"fr_FR\" \/>\r\n<meta property=\"og:type\" content=\"article\" \/>\r\n<meta property=\"og:title\" content=\"FORTE PHARMA VITALITE 4G DEFENSES 20 AMPOULES - Paracherkaoui.ma\" \/>\r\n<meta property=\"og:description\" content=\"INDICATIONS : FORTE PHARMA VITALITE 4G D\u00e9fenses est un compl\u00e9ment alimentaire destin\u00e9 aux personnes qui souhaitent faire le plein de\" \/>\r\n<meta property=\"og:url\" content=\"https:\/\/paracherkaoui.ma\/index.php\/produit\/forte-pharma-vitalite-4g-defenses-20-ampoules\/\" \/>\r\n<meta property=\"og:site_name\" content=\"Paracherkaoui.ma\" \/>\r\n<meta property=\"article:modified_time\" content=\"2025-12-12T18:38:39+00:00\" \/>\r\n<meta property=\"og:image\" content=\"https:\/\/paracherkaoui.ma\/wp-content\/uploads\/2025\/12\/forte-pharma-forte-pharma-vitalite-4g-defenses-20-ampoules-vitamines-et-formes.jpg\" \/>\r\n\t<meta property=\"og:image:width\" content=\"700\" \/>\r\n\t<meta property=\"og:image:height\" content=\"700\" \/>\r\n\t<meta property=\"og:image:type\" content=\"image\/jpeg\" \/>\r\n<meta name=\"twitter:card\" content=\"summary_large_image\" \/>\r\n<meta name=\"twitter:label1\" content=\"Dur\u00e9e de lecture estim\u00e9e\" \/>\n\t<meta name=\"twitter:data1\" content=\"1 minute\" \/>\r\n<script type=\"application\/ld+json\" class=\"yoast-schema-graph\">{\"@context\":\"https:\/\/schema.org\",\"@graph\":[{\"@type\":\"WebPage\",\"@id\":\"https:\/\/paracherkaoui.ma\/index.php\/produit\/forte-pharma-vitalite-4g-defenses-20-ampoules\/\",\"url\":\"https:\/\/paracherkaoui.ma\/index.php\/produit\/forte-pharma-vitalite-4g-defenses-20-ampoules\/\",\"name\":\"FORTE PHARMA VITALITE 4G DEFENSES 20 AMPOULES - Paracherkaoui.ma\",\"isPartOf\":{\"@id\":\"https:\/\/paracherkaoui.ma\/#website\"},\"primaryImageOfPage\":{\"@id\":\"https:\/\/paracherkaoui.ma\/index.php\/produit\/forte-pharma-vitalite-4g-defenses-20-ampoules\/#primaryimage\"},\"image\":{\"@id\":\"https:\/\/paracherkaoui.ma\/index.php\/produit\/forte-pharma-vitalite-4g-defenses-20-ampoules\/#primaryimage\"},\"thumbnailUrl\":\"https:\/\/paracherkaoui.ma\/wp-content\/uploads\/2025\/12\/forte-pharma-forte-pharma-vitalite-4g-defenses-20-ampoules-vitamines-et-formes.jpg\",\"datePublished\":\"2025-12-12T18:38:32+00:00\",\"dateModified\":\"2025-12-12T18:38:39+00:00\",\"breadcrumb\":{\"@id\":\"https:\/\/paracherkaoui.ma\/index.php\/produit\/forte-pharma-vitalite-4g-defenses-20-ampoules\/#breadcrumb\"},\"inLanguage\":\"fr-FR\",\"potentialAction\":[{\"@type\":\"ReadAction\",\"target\":[\"https:\/\/paracherkaoui.ma\/index.php\/produit\/forte-pharma-vitalite-4g-defenses-20-ampoules\/\"]}]},{\"@type\":\"ImageObject\",\"inLanguage\":\"fr-FR\",\"@id\":\"https:\/\/paracherkaoui.ma\/index.php\/produit\/forte-pharma-vitalite-4g-defenses-20-ampoules\/#primaryimage\",\"url\":\"https:\/\/paracherkaoui.ma\/wp-content\/uploads\/2025\/12\/forte-pharma-forte-pharma-vitalite-4g-defenses-20-ampoules-vitamines-et-formes.jpg\",\"contentUrl\":\"https:\/\/paracherkaoui.ma\/wp-content\/uploads\/2025\/12\/forte-pharma-forte-pharma-vitalite-4g-defenses-20-ampoules-vitamines-et-formes.jpg\",\"width\":700,\"height\":700},{\"@type\":\"BreadcrumbList\",\"@id\":\"https:\/\/paracherkaoui.ma\/index.php\/produit\/forte-pharma-vitalite-4g-defenses-20-ampoules\/#breadcrumb\",\"itemListElement\":[{\"@type\":\"ListItem\",\"position\":1,\"name\":\"Accueil\",\"item\":\"https:\/\/paracherkaoui.ma\/\"},{\"@type\":\"ListItem\",\"position\":2,\"name\":\"Boutique\",\"item\":\"https:\/\/paracherkaoui.ma\/index.php\/boutique\/\"},{\"@type\":\"ListItem\",\"position\":3,\"name\":\"FORTE PHARMA VITALITE 4G DEFENSES 20 AMPOULES\"}]},{\"@type\":\"WebSite\",\"@id\":\"https:\/\/paracherkaoui.ma\/#website\",\"url\":\"https:\/\/paracherkaoui.ma\/\",\"name\":\"Paracherkaoui.ma\",\"description\":\"Achetez en ligne sur Paracherkaoui.ma\",\"potentialAction\":[{\"@type\":\"SearchAction\",\"target\":{\"@type\":\"EntryPoint\",\"urlTemplate\":\"https:\/\/paracherkaoui.ma\/?s={search_term_string}\"},\"query-input\":{\"@type\":\"PropertyValueSpecification\",\"valueRequired\":true,\"valueName\":\"search_term_string\"}}],\"inLanguage\":\"fr-FR\"}]}<\/script>\r\n<!-- \/ Yoast SEO plugin. -->","yoast_head_json":{"title":"FORTE PHARMA VITALITE 4G DEFENSES 20 AMPOULES - Paracherkaoui.ma","robots":{"index":"index","follow":"follow","max-snippet":"max-snippet:-1","max-image-preview":"max-image-preview:large","max-video-preview":"max-video-preview:-1"},"canonical":"https:\/\/paracherkaoui.ma\/index.php\/produit\/forte-pharma-vitalite-4g-defenses-20-ampoules\/","og_locale":"fr_FR","og_type":"article","og_title":"FORTE PHARMA VITALITE 4G DEFENSES 20 AMPOULES - Paracherkaoui.ma","og_description":"INDICATIONS : FORTE PHARMA VITALITE 4G D\u00e9fenses est un compl\u00e9ment alimentaire destin\u00e9 aux personnes qui souhaitent faire le plein de","og_url":"https:\/\/paracherkaoui.ma\/index.php\/produit\/forte-pharma-vitalite-4g-defenses-20-ampoules\/","og_site_name":"Paracherkaoui.ma","article_modified_time":"2025-12-12T18:38:39+00:00","og_image":[{"width":700,"height":700,"url":"https:\/\/paracherkaoui.ma\/wp-content\/uploads\/2025\/12\/forte-pharma-forte-pharma-vitalite-4g-defenses-20-ampoules-vitamines-et-formes.jpg","type":"image\/jpeg"}],"twitter_card":"summary_large_image","twitter_misc":{"Dur\u00e9e de lecture estim\u00e9e":"1 minute"},"schema":{"@context":"https:\/\/schema.org","@graph":[{"@type":"WebPage","@id":"https:\/\/paracherkaoui.ma\/index.php\/produit\/forte-pharma-vitalite-4g-defenses-20-ampoules\/","url":"https:\/\/paracherkaoui.ma\/index.php\/produit\/forte-pharma-vitalite-4g-defenses-20-ampoules\/","name":"FORTE PHARMA VITALITE 4G DEFENSES 20 AMPOULES - Paracherkaoui.ma","isPartOf":{"@id":"https:\/\/paracherkaoui.ma\/#website"},"primaryImageOfPage":{"@id":"https:\/\/paracherkaoui.ma\/index.php\/produit\/forte-pharma-vitalite-4g-defenses-20-ampoules\/#primaryimage"},"image":{"@id":"https:\/\/paracherkaoui.ma\/index.php\/produit\/forte-pharma-vitalite-4g-defenses-20-ampoules\/#primaryimage"},"thumbnailUrl":"https:\/\/paracherkaoui.ma\/wp-content\/uploads\/2025\/12\/forte-pharma-forte-pharma-vitalite-4g-defenses-20-ampoules-vitamines-et-formes.jpg","datePublished":"2025-12-12T18:38:32+00:00","dateModified":"2025-12-12T18:38:39+00:00","breadcrumb":{"@id":"https:\/\/paracherkaoui.ma\/index.php\/produit\/forte-pharma-vitalite-4g-defenses-20-ampoules\/#breadcrumb"},"inLanguage":"fr-FR","potentialAction":[{"@type":"ReadAction","target":["https:\/\/paracherkaoui.ma\/index.php\/produit\/forte-pharma-vitalite-4g-defenses-20-ampoules\/"]}]},{"@type":"ImageObject","inLanguage":"fr-FR","@id":"https:\/\/paracherkaoui.ma\/index.php\/produit\/forte-pharma-vitalite-4g-defenses-20-ampoules\/#primaryimage","url":"https:\/\/paracherkaoui.ma\/wp-content\/uploads\/2025\/12\/forte-pharma-forte-pharma-vitalite-4g-defenses-20-ampoules-vitamines-et-formes.jpg","contentUrl":"https:\/\/paracherkaoui.ma\/wp-content\/uploads\/2025\/12\/forte-pharma-forte-pharma-vitalite-4g-defenses-20-ampoules-vitamines-et-formes.jpg","width":700,"height":700},{"@type":"BreadcrumbList","@id":"https:\/\/paracherkaoui.ma\/index.php\/produit\/forte-pharma-vitalite-4g-defenses-20-ampoules\/#breadcrumb","itemListElement":[{"@type":"ListItem","position":1,"name":"Accueil","item":"https:\/\/paracherkaoui.ma\/"},{"@type":"ListItem","position":2,"name":"Boutique","item":"https:\/\/paracherkaoui.ma\/index.php\/boutique\/"},{"@type":"ListItem","position":3,"name":"FORTE PHARMA VITALITE 4G DEFENSES 20 AMPOULES"}]},{"@type":"WebSite","@id":"https:\/\/paracherkaoui.ma\/#website","url":"https:\/\/paracherkaoui.ma\/","name":"Paracherkaoui.ma","description":"Achetez en ligne sur Paracherkaoui.ma","potentialAction":[{"@type":"SearchAction","target":{"@type":"EntryPoint","urlTemplate":"https:\/\/paracherkaoui.ma\/?s={search_term_string}"},"query-input":{"@type":"PropertyValueSpecification","valueRequired":true,"valueName":"search_term_string"}}],"inLanguage":"fr-FR"}]}},"_links":{"self":[{"href":"https:\/\/paracherkaoui.ma\/index.php\/wp-json\/wp\/v2\/product\/53367","targetHints":{"allow":["GET"]}}],"collection":[{"href":"https:\/\/paracherkaoui.ma\/index.php\/wp-json\/wp\/v2\/product"}],"about":[{"href":"https:\/\/paracherkaoui.ma\/index.php\/wp-json\/wp\/v2\/types\/product"}],"replies":[{"embeddable":true,"href":"https:\/\/paracherkaoui.ma\/index.php\/wp-json\/wp\/v2\/comments?post=53367"}],"version-history":[{"count":1,"href":"https:\/\/paracherkaoui.ma\/index.php\/wp-json\/wp\/v2\/product\/53367\/revisions"}],"predecessor-version":[{"id":53423,"href":"https:\/\/paracherkaoui.ma\/index.php\/wp-json\/wp\/v2\/product\/53367\/revisions\/53423"}],"wp:featuredmedia":[{"embeddable":true,"href":"https:\/\/paracherkaoui.ma\/index.php\/wp-json\/wp\/v2\/media\/53422"}],"wp:attachment":[{"href":"https:\/\/paracherkaoui.ma\/index.php\/wp-json\/wp\/v2\/media?parent=53367"}],"wp:term":[{"taxonomy":"product_brand","embeddable":true,"href":"https:\/\/paracherkaoui.ma\/index.php\/wp-json\/wp\/v2\/product_brand?post=53367"},{"taxonomy":"product_cat","embeddable":true,"href":"https:\/\/paracherkaoui.ma\/index.php\/wp-json\/wp\/v2\/product_cat?post=53367"},{"taxonomy":"product_tag","embeddable":true,"href":"https:\/\/paracherkaoui.ma\/index.php\/wp-json\/wp\/v2\/product_tag?post=53367"}],"curies":[{"name":"wp","href":"https:\/\/api.w.org\/{rel}","templated":true}]}}