{"id":53353,"date":"2025-12-12T19:38:31","date_gmt":"2025-12-12T18:38:31","guid":{"rendered":"https:\/\/test.ecbeaute.com\/?post_type=product&#038;p=53353"},"modified":"2025-12-12T19:38:36","modified_gmt":"2025-12-12T18:38:36","slug":"biofar-fer-acide-folique-20-capsules","status":"publish","type":"product","link":"https:\/\/paracherkaoui.ma\/index.php\/produit\/biofar-fer-acide-folique-20-capsules\/","title":{"rendered":"BIOFAR FER ACIDE FOLIQUE 20 CAPSULES"},"content":{"rendered":"<p>Description:<br \/>\nUne d\u00e9ficience en fer est fr\u00e9quente chez la femme et peut rapidement conduire \u00e0 une fatigue et un manque d\u2019\u00e9nergie. Chez la femme enceinte particuli\u00e8rement, il est vivement recommand\u00e9 de se suppl\u00e9menter en acide folique pour la bonne croissance du b\u00e9b\u00e9. \u00a0N\u2019attendez plus\u00a0! Les Laboratoires Biofar ont d\u00e9velopp\u00e9 pour vous \u00ab\u00a0Fer Acide folique\u00a0\u00bb, une formule\u00a0riche et synergique\u00a0au bon go\u00fbt de\u00a0cassis, pour pr\u00e9server votre \u00e9nergie f\u00e9minine au quotidien ou en p\u00e9riode de grossesse. Des dosages optimaux et \u00e9quilibr\u00e9s en fer 100 % organique et en vitamines du groupe B (acide folique\u2026). Les Laboratoires Biofar ont r\u00e9uni les \u00e9l\u00e9ments n\u00e9cessaires pour assurer vos besoins sp\u00e9cifiques en tant que femme. En effet : le fer et les vitamines B2, B6, B12 et C contribuent \u00e0 r\u00e9duire la fatigue et \u00e0 un m\u00e9tabolisme \u00e9nerg\u00e9tique normal, la vitamine B9 et le fer jouent un r\u00f4le dans le processus de division cellulaire, la vitamine B9 participe \u00e9galement \u00e0 la croissance des tissus maternels durant la grossesse. \u00a0Fer Acide folique est un compl\u00e9ment alimentaire r\u00e9serv\u00e9 \u00e0 l\u2019adulte.<br \/>\nConseils d&rsquo;utilisation:<br \/>\n1 comprim\u00e9 par jour \u00e0 dissoudre dans un grand verre d\u2019eau, de pr\u00e9f\u00e9rence en dehors des repas. \u00c9viter de consommer du th\u00e9, du caf\u00e9 ou des produits laitiers dans l\u2019heure qui pr\u00e9c\u00e8de ou qui suit la prise pour garantir une bonne absorption.<\/p>\n","protected":false},"excerpt":{"rendered":"<p>Description: Une d\u00e9ficience en fer est fr\u00e9quente chez la femme et peut rapidement conduire \u00e0 une fatigue et un manque<\/p>\n","protected":false},"featured_media":53394,"comment_status":"open","ping_status":"closed","template":"","meta":[],"product_brand":[1032],"product_cat":[1031],"product_tag":[],"class_list":{"0":"post-53353","1":"product","2":"type-product","3":"status-publish","4":"has-post-thumbnail","6":"product_brand-biofar","7":"product_cat-vitamines-et-formes","9":"first","10":"instock","11":"sale","12":"shipping-taxable","13":"purchasable","14":"product-type-simple"},"yoast_head":"<!-- This site is optimized with the Yoast SEO plugin v26.6 - https:\/\/yoast.com\/wordpress\/plugins\/seo\/ -->\r\n<title>BIOFAR FER ACIDE FOLIQUE 20 CAPSULES - Paracherkaoui.ma<\/title>\r\n<meta name=\"robots\" content=\"index, follow, max-snippet:-1, max-image-preview:large, max-video-preview:-1\" \/>\r\n<link rel=\"canonical\" href=\"https:\/\/paracherkaoui.ma\/index.php\/produit\/biofar-fer-acide-folique-20-capsules\/\" \/>\r\n<meta property=\"og:locale\" content=\"fr_FR\" \/>\r\n<meta property=\"og:type\" content=\"article\" \/>\r\n<meta property=\"og:title\" content=\"BIOFAR FER ACIDE FOLIQUE 20 CAPSULES - Paracherkaoui.ma\" \/>\r\n<meta property=\"og:description\" content=\"Description: Une d\u00e9ficience en fer est fr\u00e9quente chez la femme et peut rapidement conduire \u00e0 une fatigue et un manque\" \/>\r\n<meta property=\"og:url\" content=\"https:\/\/paracherkaoui.ma\/index.php\/produit\/biofar-fer-acide-folique-20-capsules\/\" \/>\r\n<meta property=\"og:site_name\" content=\"Paracherkaoui.ma\" \/>\r\n<meta property=\"article:modified_time\" content=\"2025-12-12T18:38:36+00:00\" \/>\r\n<meta property=\"og:image\" content=\"https:\/\/paracherkaoui.ma\/wp-content\/uploads\/2025\/12\/biofar-fer-acide-folique-20-capsules.jpg\" \/>\r\n\t<meta property=\"og:image:width\" content=\"700\" \/>\r\n\t<meta property=\"og:image:height\" content=\"700\" \/>\r\n\t<meta property=\"og:image:type\" content=\"image\/jpeg\" \/>\r\n<meta name=\"twitter:card\" content=\"summary_large_image\" \/>\r\n<meta name=\"twitter:label1\" content=\"Dur\u00e9e de lecture estim\u00e9e\" \/>\n\t<meta name=\"twitter:data1\" content=\"1 minute\" \/>\r\n<script type=\"application\/ld+json\" class=\"yoast-schema-graph\">{\"@context\":\"https:\/\/schema.org\",\"@graph\":[{\"@type\":\"WebPage\",\"@id\":\"https:\/\/paracherkaoui.ma\/index.php\/produit\/biofar-fer-acide-folique-20-capsules\/\",\"url\":\"https:\/\/paracherkaoui.ma\/index.php\/produit\/biofar-fer-acide-folique-20-capsules\/\",\"name\":\"BIOFAR FER ACIDE FOLIQUE 20 CAPSULES - Paracherkaoui.ma\",\"isPartOf\":{\"@id\":\"https:\/\/paracherkaoui.ma\/#website\"},\"primaryImageOfPage\":{\"@id\":\"https:\/\/paracherkaoui.ma\/index.php\/produit\/biofar-fer-acide-folique-20-capsules\/#primaryimage\"},\"image\":{\"@id\":\"https:\/\/paracherkaoui.ma\/index.php\/produit\/biofar-fer-acide-folique-20-capsules\/#primaryimage\"},\"thumbnailUrl\":\"https:\/\/paracherkaoui.ma\/wp-content\/uploads\/2025\/12\/biofar-fer-acide-folique-20-capsules.jpg\",\"datePublished\":\"2025-12-12T18:38:31+00:00\",\"dateModified\":\"2025-12-12T18:38:36+00:00\",\"breadcrumb\":{\"@id\":\"https:\/\/paracherkaoui.ma\/index.php\/produit\/biofar-fer-acide-folique-20-capsules\/#breadcrumb\"},\"inLanguage\":\"fr-FR\",\"potentialAction\":[{\"@type\":\"ReadAction\",\"target\":[\"https:\/\/paracherkaoui.ma\/index.php\/produit\/biofar-fer-acide-folique-20-capsules\/\"]}]},{\"@type\":\"ImageObject\",\"inLanguage\":\"fr-FR\",\"@id\":\"https:\/\/paracherkaoui.ma\/index.php\/produit\/biofar-fer-acide-folique-20-capsules\/#primaryimage\",\"url\":\"https:\/\/paracherkaoui.ma\/wp-content\/uploads\/2025\/12\/biofar-fer-acide-folique-20-capsules.jpg\",\"contentUrl\":\"https:\/\/paracherkaoui.ma\/wp-content\/uploads\/2025\/12\/biofar-fer-acide-folique-20-capsules.jpg\",\"width\":700,\"height\":700},{\"@type\":\"BreadcrumbList\",\"@id\":\"https:\/\/paracherkaoui.ma\/index.php\/produit\/biofar-fer-acide-folique-20-capsules\/#breadcrumb\",\"itemListElement\":[{\"@type\":\"ListItem\",\"position\":1,\"name\":\"Accueil\",\"item\":\"https:\/\/paracherkaoui.ma\/\"},{\"@type\":\"ListItem\",\"position\":2,\"name\":\"Boutique\",\"item\":\"https:\/\/paracherkaoui.ma\/index.php\/boutique\/\"},{\"@type\":\"ListItem\",\"position\":3,\"name\":\"BIOFAR FER ACIDE FOLIQUE 20 CAPSULES\"}]},{\"@type\":\"WebSite\",\"@id\":\"https:\/\/paracherkaoui.ma\/#website\",\"url\":\"https:\/\/paracherkaoui.ma\/\",\"name\":\"Paracherkaoui.ma\",\"description\":\"Achetez en ligne sur Paracherkaoui.ma\",\"potentialAction\":[{\"@type\":\"SearchAction\",\"target\":{\"@type\":\"EntryPoint\",\"urlTemplate\":\"https:\/\/paracherkaoui.ma\/?s={search_term_string}\"},\"query-input\":{\"@type\":\"PropertyValueSpecification\",\"valueRequired\":true,\"valueName\":\"search_term_string\"}}],\"inLanguage\":\"fr-FR\"}]}<\/script>\r\n<!-- \/ Yoast SEO plugin. -->","yoast_head_json":{"title":"BIOFAR FER ACIDE FOLIQUE 20 CAPSULES - Paracherkaoui.ma","robots":{"index":"index","follow":"follow","max-snippet":"max-snippet:-1","max-image-preview":"max-image-preview:large","max-video-preview":"max-video-preview:-1"},"canonical":"https:\/\/paracherkaoui.ma\/index.php\/produit\/biofar-fer-acide-folique-20-capsules\/","og_locale":"fr_FR","og_type":"article","og_title":"BIOFAR FER ACIDE FOLIQUE 20 CAPSULES - Paracherkaoui.ma","og_description":"Description: Une d\u00e9ficience en fer est fr\u00e9quente chez la femme et peut rapidement conduire \u00e0 une fatigue et un manque","og_url":"https:\/\/paracherkaoui.ma\/index.php\/produit\/biofar-fer-acide-folique-20-capsules\/","og_site_name":"Paracherkaoui.ma","article_modified_time":"2025-12-12T18:38:36+00:00","og_image":[{"width":700,"height":700,"url":"https:\/\/paracherkaoui.ma\/wp-content\/uploads\/2025\/12\/biofar-fer-acide-folique-20-capsules.jpg","type":"image\/jpeg"}],"twitter_card":"summary_large_image","twitter_misc":{"Dur\u00e9e de lecture estim\u00e9e":"1 minute"},"schema":{"@context":"https:\/\/schema.org","@graph":[{"@type":"WebPage","@id":"https:\/\/paracherkaoui.ma\/index.php\/produit\/biofar-fer-acide-folique-20-capsules\/","url":"https:\/\/paracherkaoui.ma\/index.php\/produit\/biofar-fer-acide-folique-20-capsules\/","name":"BIOFAR FER ACIDE FOLIQUE 20 CAPSULES - Paracherkaoui.ma","isPartOf":{"@id":"https:\/\/paracherkaoui.ma\/#website"},"primaryImageOfPage":{"@id":"https:\/\/paracherkaoui.ma\/index.php\/produit\/biofar-fer-acide-folique-20-capsules\/#primaryimage"},"image":{"@id":"https:\/\/paracherkaoui.ma\/index.php\/produit\/biofar-fer-acide-folique-20-capsules\/#primaryimage"},"thumbnailUrl":"https:\/\/paracherkaoui.ma\/wp-content\/uploads\/2025\/12\/biofar-fer-acide-folique-20-capsules.jpg","datePublished":"2025-12-12T18:38:31+00:00","dateModified":"2025-12-12T18:38:36+00:00","breadcrumb":{"@id":"https:\/\/paracherkaoui.ma\/index.php\/produit\/biofar-fer-acide-folique-20-capsules\/#breadcrumb"},"inLanguage":"fr-FR","potentialAction":[{"@type":"ReadAction","target":["https:\/\/paracherkaoui.ma\/index.php\/produit\/biofar-fer-acide-folique-20-capsules\/"]}]},{"@type":"ImageObject","inLanguage":"fr-FR","@id":"https:\/\/paracherkaoui.ma\/index.php\/produit\/biofar-fer-acide-folique-20-capsules\/#primaryimage","url":"https:\/\/paracherkaoui.ma\/wp-content\/uploads\/2025\/12\/biofar-fer-acide-folique-20-capsules.jpg","contentUrl":"https:\/\/paracherkaoui.ma\/wp-content\/uploads\/2025\/12\/biofar-fer-acide-folique-20-capsules.jpg","width":700,"height":700},{"@type":"BreadcrumbList","@id":"https:\/\/paracherkaoui.ma\/index.php\/produit\/biofar-fer-acide-folique-20-capsules\/#breadcrumb","itemListElement":[{"@type":"ListItem","position":1,"name":"Accueil","item":"https:\/\/paracherkaoui.ma\/"},{"@type":"ListItem","position":2,"name":"Boutique","item":"https:\/\/paracherkaoui.ma\/index.php\/boutique\/"},{"@type":"ListItem","position":3,"name":"BIOFAR FER ACIDE FOLIQUE 20 CAPSULES"}]},{"@type":"WebSite","@id":"https:\/\/paracherkaoui.ma\/#website","url":"https:\/\/paracherkaoui.ma\/","name":"Paracherkaoui.ma","description":"Achetez en ligne sur Paracherkaoui.ma","potentialAction":[{"@type":"SearchAction","target":{"@type":"EntryPoint","urlTemplate":"https:\/\/paracherkaoui.ma\/?s={search_term_string}"},"query-input":{"@type":"PropertyValueSpecification","valueRequired":true,"valueName":"search_term_string"}}],"inLanguage":"fr-FR"}]}},"_links":{"self":[{"href":"https:\/\/paracherkaoui.ma\/index.php\/wp-json\/wp\/v2\/product\/53353","targetHints":{"allow":["GET"]}}],"collection":[{"href":"https:\/\/paracherkaoui.ma\/index.php\/wp-json\/wp\/v2\/product"}],"about":[{"href":"https:\/\/paracherkaoui.ma\/index.php\/wp-json\/wp\/v2\/types\/product"}],"replies":[{"embeddable":true,"href":"https:\/\/paracherkaoui.ma\/index.php\/wp-json\/wp\/v2\/comments?post=53353"}],"version-history":[{"count":1,"href":"https:\/\/paracherkaoui.ma\/index.php\/wp-json\/wp\/v2\/product\/53353\/revisions"}],"predecessor-version":[{"id":53395,"href":"https:\/\/paracherkaoui.ma\/index.php\/wp-json\/wp\/v2\/product\/53353\/revisions\/53395"}],"wp:featuredmedia":[{"embeddable":true,"href":"https:\/\/paracherkaoui.ma\/index.php\/wp-json\/wp\/v2\/media\/53394"}],"wp:attachment":[{"href":"https:\/\/paracherkaoui.ma\/index.php\/wp-json\/wp\/v2\/media?parent=53353"}],"wp:term":[{"taxonomy":"product_brand","embeddable":true,"href":"https:\/\/paracherkaoui.ma\/index.php\/wp-json\/wp\/v2\/product_brand?post=53353"},{"taxonomy":"product_cat","embeddable":true,"href":"https:\/\/paracherkaoui.ma\/index.php\/wp-json\/wp\/v2\/product_cat?post=53353"},{"taxonomy":"product_tag","embeddable":true,"href":"https:\/\/paracherkaoui.ma\/index.php\/wp-json\/wp\/v2\/product_tag?post=53353"}],"curies":[{"name":"wp","href":"https:\/\/api.w.org\/{rel}","templated":true}]}}