{"id":53347,"date":"2025-12-12T19:38:31","date_gmt":"2025-12-12T18:38:31","guid":{"rendered":"https:\/\/test.ecbeaute.com\/?post_type=product&#038;p=53347"},"modified":"2025-12-12T19:38:34","modified_gmt":"2025-12-12T18:38:34","slug":"doppelherz-aktiv-a-z-30-comprimes","status":"publish","type":"product","link":"https:\/\/paracherkaoui.ma\/index.php\/produit\/doppelherz-aktiv-a-z-30-comprimes\/","title":{"rendered":"DOPPELHERZ AKTIV A Z 30 COMPRIMES"},"content":{"rendered":"<p>Les comprim\u00e9s A-Z de Doppelherz contiennent 13 vitamines essentielles : les vitamines hydrosolubles C, B1, B2, Niacine, B6, B12, l&rsquo;acide folique, la biotine et l&rsquo;acide pantoth\u00e9nique, ainsi que les vitamines liposolubles A, D, E et K.<br \/>\nMin\u00e9raux et oligo-\u00e9l\u00e9ments :<br \/>\nLes min\u00e9raux et les oligo-\u00e9l\u00e9ments sont \u00e9galement des substances que le corps ne peut pas produire. La diff\u00e9rence entre eux r\u00e9side uniquement dans la quantit\u00e9 n\u00e9cessaire au corps. Les oligo-\u00e9l\u00e9ments ne sont pr\u00e9sents litt\u00e9ralement qu&rsquo;en \u00ab\u00a0traces\u00a0\u00bb, c&rsquo;est-\u00e0-dire en tr\u00e8s faibles quantit\u00e9s dans le corps (moins de 50 mg \/ kg), alors que les min\u00e9raux sont pr\u00e9sents \u00e0 plus de 50 mg \/ kg de poids corporel.<br \/>\nDans le produit A-Z de Doppelherz, les min\u00e9raux calcium et magn\u00e9sium ainsi que les oligo-\u00e9l\u00e9ments fer, zinc, cuivre, s\u00e9l\u00e9nium, chrome, molybd\u00e8ne l&rsquo;iode sont judicieusement combin\u00e9s.<br \/>\nConseils d&rsquo;utilisation:<br \/>\nUne fois par jour, apr\u00e8s le repas, avaler un demi-comprim\u00e9 avec un grand verre d\u00b4eau. Ne pas croquer le comprim\u00e9. Les comprim\u00e9s peuvent \u00eatre scind\u00e9s en deux pour faciliter la prise.<\/p>\n","protected":false},"excerpt":{"rendered":"<p>Les comprim\u00e9s A-Z de Doppelherz contiennent 13 vitamines essentielles : les vitamines hydrosolubles C, B1, B2, Niacine, B6, B12, l&rsquo;acide<\/p>\n","protected":false},"featured_media":53382,"comment_status":"open","ping_status":"closed","template":"","meta":[],"product_brand":[862],"product_cat":[1031],"product_tag":[],"class_list":{"0":"post-53347","1":"product","2":"type-product","3":"status-publish","4":"has-post-thumbnail","6":"product_brand-doppelherz","7":"product_cat-vitamines-et-formes","9":"first","10":"instock","11":"sale","12":"shipping-taxable","13":"purchasable","14":"product-type-simple"},"yoast_head":"<!-- This site is optimized with the Yoast SEO plugin v26.6 - https:\/\/yoast.com\/wordpress\/plugins\/seo\/ -->\r\n<title>DOPPELHERZ AKTIV A Z 30 COMPRIMES - Paracherkaoui.ma<\/title>\r\n<meta name=\"robots\" content=\"index, follow, max-snippet:-1, max-image-preview:large, max-video-preview:-1\" \/>\r\n<link rel=\"canonical\" href=\"https:\/\/paracherkaoui.ma\/index.php\/produit\/doppelherz-aktiv-a-z-30-comprimes\/\" \/>\r\n<meta property=\"og:locale\" content=\"fr_FR\" \/>\r\n<meta property=\"og:type\" content=\"article\" \/>\r\n<meta property=\"og:title\" content=\"DOPPELHERZ AKTIV A Z 30 COMPRIMES - Paracherkaoui.ma\" \/>\r\n<meta property=\"og:description\" content=\"Les comprim\u00e9s A-Z de Doppelherz contiennent 13 vitamines essentielles : les vitamines hydrosolubles C, B1, B2, Niacine, B6, B12, l&rsquo;acide\" \/>\r\n<meta property=\"og:url\" content=\"https:\/\/paracherkaoui.ma\/index.php\/produit\/doppelherz-aktiv-a-z-30-comprimes\/\" \/>\r\n<meta property=\"og:site_name\" content=\"Paracherkaoui.ma\" \/>\r\n<meta property=\"article:modified_time\" content=\"2025-12-12T18:38:34+00:00\" \/>\r\n<meta property=\"og:image\" content=\"https:\/\/paracherkaoui.ma\/wp-content\/uploads\/2025\/12\/doppelherz-doppelherz-aktiv-a-z-30-comprimes-vitamine-et-forme.jpg\" \/>\r\n\t<meta property=\"og:image:width\" content=\"700\" \/>\r\n\t<meta property=\"og:image:height\" content=\"700\" \/>\r\n\t<meta property=\"og:image:type\" content=\"image\/jpeg\" \/>\r\n<meta name=\"twitter:card\" content=\"summary_large_image\" \/>\r\n<meta name=\"twitter:label1\" content=\"Dur\u00e9e de lecture estim\u00e9e\" \/>\n\t<meta name=\"twitter:data1\" content=\"1 minute\" \/>\r\n<script type=\"application\/ld+json\" class=\"yoast-schema-graph\">{\"@context\":\"https:\/\/schema.org\",\"@graph\":[{\"@type\":\"WebPage\",\"@id\":\"https:\/\/paracherkaoui.ma\/index.php\/produit\/doppelherz-aktiv-a-z-30-comprimes\/\",\"url\":\"https:\/\/paracherkaoui.ma\/index.php\/produit\/doppelherz-aktiv-a-z-30-comprimes\/\",\"name\":\"DOPPELHERZ AKTIV A Z 30 COMPRIMES - Paracherkaoui.ma\",\"isPartOf\":{\"@id\":\"https:\/\/paracherkaoui.ma\/#website\"},\"primaryImageOfPage\":{\"@id\":\"https:\/\/paracherkaoui.ma\/index.php\/produit\/doppelherz-aktiv-a-z-30-comprimes\/#primaryimage\"},\"image\":{\"@id\":\"https:\/\/paracherkaoui.ma\/index.php\/produit\/doppelherz-aktiv-a-z-30-comprimes\/#primaryimage\"},\"thumbnailUrl\":\"https:\/\/paracherkaoui.ma\/wp-content\/uploads\/2025\/12\/doppelherz-doppelherz-aktiv-a-z-30-comprimes-vitamine-et-forme.jpg\",\"datePublished\":\"2025-12-12T18:38:31+00:00\",\"dateModified\":\"2025-12-12T18:38:34+00:00\",\"breadcrumb\":{\"@id\":\"https:\/\/paracherkaoui.ma\/index.php\/produit\/doppelherz-aktiv-a-z-30-comprimes\/#breadcrumb\"},\"inLanguage\":\"fr-FR\",\"potentialAction\":[{\"@type\":\"ReadAction\",\"target\":[\"https:\/\/paracherkaoui.ma\/index.php\/produit\/doppelherz-aktiv-a-z-30-comprimes\/\"]}]},{\"@type\":\"ImageObject\",\"inLanguage\":\"fr-FR\",\"@id\":\"https:\/\/paracherkaoui.ma\/index.php\/produit\/doppelherz-aktiv-a-z-30-comprimes\/#primaryimage\",\"url\":\"https:\/\/paracherkaoui.ma\/wp-content\/uploads\/2025\/12\/doppelherz-doppelherz-aktiv-a-z-30-comprimes-vitamine-et-forme.jpg\",\"contentUrl\":\"https:\/\/paracherkaoui.ma\/wp-content\/uploads\/2025\/12\/doppelherz-doppelherz-aktiv-a-z-30-comprimes-vitamine-et-forme.jpg\",\"width\":700,\"height\":700},{\"@type\":\"BreadcrumbList\",\"@id\":\"https:\/\/paracherkaoui.ma\/index.php\/produit\/doppelherz-aktiv-a-z-30-comprimes\/#breadcrumb\",\"itemListElement\":[{\"@type\":\"ListItem\",\"position\":1,\"name\":\"Accueil\",\"item\":\"https:\/\/paracherkaoui.ma\/\"},{\"@type\":\"ListItem\",\"position\":2,\"name\":\"Boutique\",\"item\":\"https:\/\/paracherkaoui.ma\/index.php\/boutique\/\"},{\"@type\":\"ListItem\",\"position\":3,\"name\":\"DOPPELHERZ AKTIV A Z 30 COMPRIMES\"}]},{\"@type\":\"WebSite\",\"@id\":\"https:\/\/paracherkaoui.ma\/#website\",\"url\":\"https:\/\/paracherkaoui.ma\/\",\"name\":\"Paracherkaoui.ma\",\"description\":\"Achetez en ligne sur Paracherkaoui.ma\",\"potentialAction\":[{\"@type\":\"SearchAction\",\"target\":{\"@type\":\"EntryPoint\",\"urlTemplate\":\"https:\/\/paracherkaoui.ma\/?s={search_term_string}\"},\"query-input\":{\"@type\":\"PropertyValueSpecification\",\"valueRequired\":true,\"valueName\":\"search_term_string\"}}],\"inLanguage\":\"fr-FR\"}]}<\/script>\r\n<!-- \/ Yoast SEO plugin. -->","yoast_head_json":{"title":"DOPPELHERZ AKTIV A Z 30 COMPRIMES - Paracherkaoui.ma","robots":{"index":"index","follow":"follow","max-snippet":"max-snippet:-1","max-image-preview":"max-image-preview:large","max-video-preview":"max-video-preview:-1"},"canonical":"https:\/\/paracherkaoui.ma\/index.php\/produit\/doppelherz-aktiv-a-z-30-comprimes\/","og_locale":"fr_FR","og_type":"article","og_title":"DOPPELHERZ AKTIV A Z 30 COMPRIMES - Paracherkaoui.ma","og_description":"Les comprim\u00e9s A-Z de Doppelherz contiennent 13 vitamines essentielles : les vitamines hydrosolubles C, B1, B2, Niacine, B6, B12, l&rsquo;acide","og_url":"https:\/\/paracherkaoui.ma\/index.php\/produit\/doppelherz-aktiv-a-z-30-comprimes\/","og_site_name":"Paracherkaoui.ma","article_modified_time":"2025-12-12T18:38:34+00:00","og_image":[{"width":700,"height":700,"url":"https:\/\/paracherkaoui.ma\/wp-content\/uploads\/2025\/12\/doppelherz-doppelherz-aktiv-a-z-30-comprimes-vitamine-et-forme.jpg","type":"image\/jpeg"}],"twitter_card":"summary_large_image","twitter_misc":{"Dur\u00e9e de lecture estim\u00e9e":"1 minute"},"schema":{"@context":"https:\/\/schema.org","@graph":[{"@type":"WebPage","@id":"https:\/\/paracherkaoui.ma\/index.php\/produit\/doppelherz-aktiv-a-z-30-comprimes\/","url":"https:\/\/paracherkaoui.ma\/index.php\/produit\/doppelherz-aktiv-a-z-30-comprimes\/","name":"DOPPELHERZ AKTIV A Z 30 COMPRIMES - Paracherkaoui.ma","isPartOf":{"@id":"https:\/\/paracherkaoui.ma\/#website"},"primaryImageOfPage":{"@id":"https:\/\/paracherkaoui.ma\/index.php\/produit\/doppelherz-aktiv-a-z-30-comprimes\/#primaryimage"},"image":{"@id":"https:\/\/paracherkaoui.ma\/index.php\/produit\/doppelherz-aktiv-a-z-30-comprimes\/#primaryimage"},"thumbnailUrl":"https:\/\/paracherkaoui.ma\/wp-content\/uploads\/2025\/12\/doppelherz-doppelherz-aktiv-a-z-30-comprimes-vitamine-et-forme.jpg","datePublished":"2025-12-12T18:38:31+00:00","dateModified":"2025-12-12T18:38:34+00:00","breadcrumb":{"@id":"https:\/\/paracherkaoui.ma\/index.php\/produit\/doppelherz-aktiv-a-z-30-comprimes\/#breadcrumb"},"inLanguage":"fr-FR","potentialAction":[{"@type":"ReadAction","target":["https:\/\/paracherkaoui.ma\/index.php\/produit\/doppelherz-aktiv-a-z-30-comprimes\/"]}]},{"@type":"ImageObject","inLanguage":"fr-FR","@id":"https:\/\/paracherkaoui.ma\/index.php\/produit\/doppelherz-aktiv-a-z-30-comprimes\/#primaryimage","url":"https:\/\/paracherkaoui.ma\/wp-content\/uploads\/2025\/12\/doppelherz-doppelherz-aktiv-a-z-30-comprimes-vitamine-et-forme.jpg","contentUrl":"https:\/\/paracherkaoui.ma\/wp-content\/uploads\/2025\/12\/doppelherz-doppelherz-aktiv-a-z-30-comprimes-vitamine-et-forme.jpg","width":700,"height":700},{"@type":"BreadcrumbList","@id":"https:\/\/paracherkaoui.ma\/index.php\/produit\/doppelherz-aktiv-a-z-30-comprimes\/#breadcrumb","itemListElement":[{"@type":"ListItem","position":1,"name":"Accueil","item":"https:\/\/paracherkaoui.ma\/"},{"@type":"ListItem","position":2,"name":"Boutique","item":"https:\/\/paracherkaoui.ma\/index.php\/boutique\/"},{"@type":"ListItem","position":3,"name":"DOPPELHERZ AKTIV A Z 30 COMPRIMES"}]},{"@type":"WebSite","@id":"https:\/\/paracherkaoui.ma\/#website","url":"https:\/\/paracherkaoui.ma\/","name":"Paracherkaoui.ma","description":"Achetez en ligne sur Paracherkaoui.ma","potentialAction":[{"@type":"SearchAction","target":{"@type":"EntryPoint","urlTemplate":"https:\/\/paracherkaoui.ma\/?s={search_term_string}"},"query-input":{"@type":"PropertyValueSpecification","valueRequired":true,"valueName":"search_term_string"}}],"inLanguage":"fr-FR"}]}},"_links":{"self":[{"href":"https:\/\/paracherkaoui.ma\/index.php\/wp-json\/wp\/v2\/product\/53347","targetHints":{"allow":["GET"]}}],"collection":[{"href":"https:\/\/paracherkaoui.ma\/index.php\/wp-json\/wp\/v2\/product"}],"about":[{"href":"https:\/\/paracherkaoui.ma\/index.php\/wp-json\/wp\/v2\/types\/product"}],"replies":[{"embeddable":true,"href":"https:\/\/paracherkaoui.ma\/index.php\/wp-json\/wp\/v2\/comments?post=53347"}],"version-history":[{"count":1,"href":"https:\/\/paracherkaoui.ma\/index.php\/wp-json\/wp\/v2\/product\/53347\/revisions"}],"predecessor-version":[{"id":53383,"href":"https:\/\/paracherkaoui.ma\/index.php\/wp-json\/wp\/v2\/product\/53347\/revisions\/53383"}],"wp:featuredmedia":[{"embeddable":true,"href":"https:\/\/paracherkaoui.ma\/index.php\/wp-json\/wp\/v2\/media\/53382"}],"wp:attachment":[{"href":"https:\/\/paracherkaoui.ma\/index.php\/wp-json\/wp\/v2\/media?parent=53347"}],"wp:term":[{"taxonomy":"product_brand","embeddable":true,"href":"https:\/\/paracherkaoui.ma\/index.php\/wp-json\/wp\/v2\/product_brand?post=53347"},{"taxonomy":"product_cat","embeddable":true,"href":"https:\/\/paracherkaoui.ma\/index.php\/wp-json\/wp\/v2\/product_cat?post=53347"},{"taxonomy":"product_tag","embeddable":true,"href":"https:\/\/paracherkaoui.ma\/index.php\/wp-json\/wp\/v2\/product_tag?post=53347"}],"curies":[{"name":"wp","href":"https:\/\/api.w.org\/{rel}","templated":true}]}}