{"id":53343,"date":"2025-12-12T19:38:31","date_gmt":"2025-12-12T18:38:31","guid":{"rendered":"https:\/\/test.ecbeaute.com\/?post_type=product&#038;p=53343"},"modified":"2025-12-12T19:38:33","modified_gmt":"2025-12-12T18:38:33","slug":"vertuplus-acerola-bio-vitamine-c-naturelle-500mg-60-gelules","status":"publish","type":"product","link":"https:\/\/paracherkaoui.ma\/index.php\/produit\/vertuplus-acerola-bio-vitamine-c-naturelle-500mg-60-gelules\/","title":{"rendered":"VERTUPLUS ACEROLA BIO VITAMINE C NATURELLE 500MG 60 GELULES"},"content":{"rendered":"<p>L\u2019ac\u00e9rola, joyau des r\u00e9gions tropicales d\u2019Am\u00e9rique du Sud, est un arbuste renomm\u00e9 pour sa concentration exceptionnelle en vitamine C. Cette petite baie rouge vif, fruit de l\u2019acerola (Malpighia punicifolia), est largement pris\u00e9e pour ses propri\u00e9t\u00e9s nutritives et ses bienfaits pour la sant\u00e9. En effet, l\u2019ac\u00e9rola est reconnue comme l\u2019une des meilleures sources naturelles de vitamine C disponible.<br \/>\nLes bienfaits exceptionnels de l\u2019ac\u00e9rola pour la sant\u00e9:<br \/>\nL\u2019ac\u00e9rola se distingue principalement par sa teneur extr\u00eamement \u00e9lev\u00e9e en vitamine C, bien au-del\u00e0 de ce que l\u2019on trouve dans la plupart des autres fruits et l\u00e9gumes. Cette vitamine essentielle joue un r\u00f4le crucial dans le renforcement du syst\u00e8me immunitaire, la sant\u00e9 de la peau, la cicatrisation des plaies et m\u00eame la sant\u00e9 cardiaque. En consommant de l\u2019ac\u00e9rola r\u00e9guli\u00e8rement, vous pouvez soutenir votre corps contre les infections, r\u00e9duire les risques de maladies chroniques et am\u00e9liorer votre \u00e9nergie globale.<br \/>\nOutre sa richesse en vitamine C, l\u2019ac\u00e9rola offre \u00e9galement d\u2019autres nutriments b\u00e9n\u00e9fiques tels que des antioxydants, des flavono\u00efdes et des min\u00e9raux essentiels comme le potassium, le magn\u00e9sium et le calcium. Ces compos\u00e9s travaillent ensemble pour renforcer l\u2019efficacit\u00e9 du syst\u00e8me immunitaire, prot\u00e9ger contre le stress oxydatif et favoriser une peau saine et \u00e9clatante.<br \/>\nConseils d&rsquo;utilisation :<br \/>\n2 g\u00e9lules par jour en dehors des repas et dans le cadre d\u2019une alimentation \u00e9quilibr\u00e9e. Tenir hors de port\u00e9e des enfants. Ne pas d\u00e9passer la dose journali\u00e8re recommand\u00e9e.<\/p>\n","protected":false},"excerpt":{"rendered":"<p>L\u2019ac\u00e9rola, joyau des r\u00e9gions tropicales d\u2019Am\u00e9rique du Sud, est un arbuste renomm\u00e9 pour sa concentration exceptionnelle en vitamine C. Cette<\/p>\n","protected":false},"featured_media":53374,"comment_status":"open","ping_status":"closed","template":"","meta":[],"product_brand":[1007],"product_cat":[1031],"product_tag":[],"class_list":{"0":"post-53343","1":"product","2":"type-product","3":"status-publish","4":"has-post-thumbnail","6":"product_brand-vertu-plus","7":"product_cat-vitamines-et-formes","9":"first","10":"instock","11":"sale","12":"shipping-taxable","13":"purchasable","14":"product-type-simple"},"yoast_head":"<!-- This site is optimized with the Yoast SEO plugin v26.6 - https:\/\/yoast.com\/wordpress\/plugins\/seo\/ -->\r\n<title>VERTUPLUS ACEROLA BIO VITAMINE C NATURELLE 500MG 60 GELULES - Paracherkaoui.ma<\/title>\r\n<meta name=\"robots\" content=\"index, follow, max-snippet:-1, max-image-preview:large, max-video-preview:-1\" \/>\r\n<link rel=\"canonical\" href=\"https:\/\/paracherkaoui.ma\/index.php\/produit\/vertuplus-acerola-bio-vitamine-c-naturelle-500mg-60-gelules\/\" \/>\r\n<meta property=\"og:locale\" content=\"fr_FR\" \/>\r\n<meta property=\"og:type\" content=\"article\" \/>\r\n<meta property=\"og:title\" content=\"VERTUPLUS ACEROLA BIO VITAMINE C NATURELLE 500MG 60 GELULES - Paracherkaoui.ma\" \/>\r\n<meta property=\"og:description\" content=\"L\u2019ac\u00e9rola, joyau des r\u00e9gions tropicales d\u2019Am\u00e9rique du Sud, est un arbuste renomm\u00e9 pour sa concentration exceptionnelle en vitamine C. Cette\" \/>\r\n<meta property=\"og:url\" content=\"https:\/\/paracherkaoui.ma\/index.php\/produit\/vertuplus-acerola-bio-vitamine-c-naturelle-500mg-60-gelules\/\" \/>\r\n<meta property=\"og:site_name\" content=\"Paracherkaoui.ma\" \/>\r\n<meta property=\"article:modified_time\" content=\"2025-12-12T18:38:33+00:00\" \/>\r\n<meta property=\"og:image\" content=\"https:\/\/paracherkaoui.ma\/wp-content\/uploads\/2025\/12\/vertuplus-vertuplus-acerola-bio-vitamine-c-naturelle-500mg-60-gelules-vitamines-et-formes.jpg\" \/>\r\n\t<meta property=\"og:image:width\" content=\"700\" \/>\r\n\t<meta property=\"og:image:height\" content=\"700\" \/>\r\n\t<meta property=\"og:image:type\" content=\"image\/jpeg\" \/>\r\n<meta name=\"twitter:card\" content=\"summary_large_image\" \/>\r\n<meta name=\"twitter:label1\" content=\"Dur\u00e9e de lecture estim\u00e9e\" \/>\n\t<meta name=\"twitter:data1\" content=\"1 minute\" \/>\r\n<script type=\"application\/ld+json\" class=\"yoast-schema-graph\">{\"@context\":\"https:\/\/schema.org\",\"@graph\":[{\"@type\":\"WebPage\",\"@id\":\"https:\/\/paracherkaoui.ma\/index.php\/produit\/vertuplus-acerola-bio-vitamine-c-naturelle-500mg-60-gelules\/\",\"url\":\"https:\/\/paracherkaoui.ma\/index.php\/produit\/vertuplus-acerola-bio-vitamine-c-naturelle-500mg-60-gelules\/\",\"name\":\"VERTUPLUS ACEROLA BIO VITAMINE C NATURELLE 500MG 60 GELULES - Paracherkaoui.ma\",\"isPartOf\":{\"@id\":\"https:\/\/paracherkaoui.ma\/#website\"},\"primaryImageOfPage\":{\"@id\":\"https:\/\/paracherkaoui.ma\/index.php\/produit\/vertuplus-acerola-bio-vitamine-c-naturelle-500mg-60-gelules\/#primaryimage\"},\"image\":{\"@id\":\"https:\/\/paracherkaoui.ma\/index.php\/produit\/vertuplus-acerola-bio-vitamine-c-naturelle-500mg-60-gelules\/#primaryimage\"},\"thumbnailUrl\":\"https:\/\/paracherkaoui.ma\/wp-content\/uploads\/2025\/12\/vertuplus-vertuplus-acerola-bio-vitamine-c-naturelle-500mg-60-gelules-vitamines-et-formes.jpg\",\"datePublished\":\"2025-12-12T18:38:31+00:00\",\"dateModified\":\"2025-12-12T18:38:33+00:00\",\"breadcrumb\":{\"@id\":\"https:\/\/paracherkaoui.ma\/index.php\/produit\/vertuplus-acerola-bio-vitamine-c-naturelle-500mg-60-gelules\/#breadcrumb\"},\"inLanguage\":\"fr-FR\",\"potentialAction\":[{\"@type\":\"ReadAction\",\"target\":[\"https:\/\/paracherkaoui.ma\/index.php\/produit\/vertuplus-acerola-bio-vitamine-c-naturelle-500mg-60-gelules\/\"]}]},{\"@type\":\"ImageObject\",\"inLanguage\":\"fr-FR\",\"@id\":\"https:\/\/paracherkaoui.ma\/index.php\/produit\/vertuplus-acerola-bio-vitamine-c-naturelle-500mg-60-gelules\/#primaryimage\",\"url\":\"https:\/\/paracherkaoui.ma\/wp-content\/uploads\/2025\/12\/vertuplus-vertuplus-acerola-bio-vitamine-c-naturelle-500mg-60-gelules-vitamines-et-formes.jpg\",\"contentUrl\":\"https:\/\/paracherkaoui.ma\/wp-content\/uploads\/2025\/12\/vertuplus-vertuplus-acerola-bio-vitamine-c-naturelle-500mg-60-gelules-vitamines-et-formes.jpg\",\"width\":700,\"height\":700},{\"@type\":\"BreadcrumbList\",\"@id\":\"https:\/\/paracherkaoui.ma\/index.php\/produit\/vertuplus-acerola-bio-vitamine-c-naturelle-500mg-60-gelules\/#breadcrumb\",\"itemListElement\":[{\"@type\":\"ListItem\",\"position\":1,\"name\":\"Accueil\",\"item\":\"https:\/\/paracherkaoui.ma\/\"},{\"@type\":\"ListItem\",\"position\":2,\"name\":\"Boutique\",\"item\":\"https:\/\/paracherkaoui.ma\/index.php\/boutique\/\"},{\"@type\":\"ListItem\",\"position\":3,\"name\":\"VERTUPLUS ACEROLA BIO VITAMINE C NATURELLE 500MG 60 GELULES\"}]},{\"@type\":\"WebSite\",\"@id\":\"https:\/\/paracherkaoui.ma\/#website\",\"url\":\"https:\/\/paracherkaoui.ma\/\",\"name\":\"Paracherkaoui.ma\",\"description\":\"Achetez en ligne sur Paracherkaoui.ma\",\"potentialAction\":[{\"@type\":\"SearchAction\",\"target\":{\"@type\":\"EntryPoint\",\"urlTemplate\":\"https:\/\/paracherkaoui.ma\/?s={search_term_string}\"},\"query-input\":{\"@type\":\"PropertyValueSpecification\",\"valueRequired\":true,\"valueName\":\"search_term_string\"}}],\"inLanguage\":\"fr-FR\"}]}<\/script>\r\n<!-- \/ Yoast SEO plugin. -->","yoast_head_json":{"title":"VERTUPLUS ACEROLA BIO VITAMINE C NATURELLE 500MG 60 GELULES - Paracherkaoui.ma","robots":{"index":"index","follow":"follow","max-snippet":"max-snippet:-1","max-image-preview":"max-image-preview:large","max-video-preview":"max-video-preview:-1"},"canonical":"https:\/\/paracherkaoui.ma\/index.php\/produit\/vertuplus-acerola-bio-vitamine-c-naturelle-500mg-60-gelules\/","og_locale":"fr_FR","og_type":"article","og_title":"VERTUPLUS ACEROLA BIO VITAMINE C NATURELLE 500MG 60 GELULES - Paracherkaoui.ma","og_description":"L\u2019ac\u00e9rola, joyau des r\u00e9gions tropicales d\u2019Am\u00e9rique du Sud, est un arbuste renomm\u00e9 pour sa concentration exceptionnelle en vitamine C. Cette","og_url":"https:\/\/paracherkaoui.ma\/index.php\/produit\/vertuplus-acerola-bio-vitamine-c-naturelle-500mg-60-gelules\/","og_site_name":"Paracherkaoui.ma","article_modified_time":"2025-12-12T18:38:33+00:00","og_image":[{"width":700,"height":700,"url":"https:\/\/paracherkaoui.ma\/wp-content\/uploads\/2025\/12\/vertuplus-vertuplus-acerola-bio-vitamine-c-naturelle-500mg-60-gelules-vitamines-et-formes.jpg","type":"image\/jpeg"}],"twitter_card":"summary_large_image","twitter_misc":{"Dur\u00e9e de lecture estim\u00e9e":"1 minute"},"schema":{"@context":"https:\/\/schema.org","@graph":[{"@type":"WebPage","@id":"https:\/\/paracherkaoui.ma\/index.php\/produit\/vertuplus-acerola-bio-vitamine-c-naturelle-500mg-60-gelules\/","url":"https:\/\/paracherkaoui.ma\/index.php\/produit\/vertuplus-acerola-bio-vitamine-c-naturelle-500mg-60-gelules\/","name":"VERTUPLUS ACEROLA BIO VITAMINE C NATURELLE 500MG 60 GELULES - Paracherkaoui.ma","isPartOf":{"@id":"https:\/\/paracherkaoui.ma\/#website"},"primaryImageOfPage":{"@id":"https:\/\/paracherkaoui.ma\/index.php\/produit\/vertuplus-acerola-bio-vitamine-c-naturelle-500mg-60-gelules\/#primaryimage"},"image":{"@id":"https:\/\/paracherkaoui.ma\/index.php\/produit\/vertuplus-acerola-bio-vitamine-c-naturelle-500mg-60-gelules\/#primaryimage"},"thumbnailUrl":"https:\/\/paracherkaoui.ma\/wp-content\/uploads\/2025\/12\/vertuplus-vertuplus-acerola-bio-vitamine-c-naturelle-500mg-60-gelules-vitamines-et-formes.jpg","datePublished":"2025-12-12T18:38:31+00:00","dateModified":"2025-12-12T18:38:33+00:00","breadcrumb":{"@id":"https:\/\/paracherkaoui.ma\/index.php\/produit\/vertuplus-acerola-bio-vitamine-c-naturelle-500mg-60-gelules\/#breadcrumb"},"inLanguage":"fr-FR","potentialAction":[{"@type":"ReadAction","target":["https:\/\/paracherkaoui.ma\/index.php\/produit\/vertuplus-acerola-bio-vitamine-c-naturelle-500mg-60-gelules\/"]}]},{"@type":"ImageObject","inLanguage":"fr-FR","@id":"https:\/\/paracherkaoui.ma\/index.php\/produit\/vertuplus-acerola-bio-vitamine-c-naturelle-500mg-60-gelules\/#primaryimage","url":"https:\/\/paracherkaoui.ma\/wp-content\/uploads\/2025\/12\/vertuplus-vertuplus-acerola-bio-vitamine-c-naturelle-500mg-60-gelules-vitamines-et-formes.jpg","contentUrl":"https:\/\/paracherkaoui.ma\/wp-content\/uploads\/2025\/12\/vertuplus-vertuplus-acerola-bio-vitamine-c-naturelle-500mg-60-gelules-vitamines-et-formes.jpg","width":700,"height":700},{"@type":"BreadcrumbList","@id":"https:\/\/paracherkaoui.ma\/index.php\/produit\/vertuplus-acerola-bio-vitamine-c-naturelle-500mg-60-gelules\/#breadcrumb","itemListElement":[{"@type":"ListItem","position":1,"name":"Accueil","item":"https:\/\/paracherkaoui.ma\/"},{"@type":"ListItem","position":2,"name":"Boutique","item":"https:\/\/paracherkaoui.ma\/index.php\/boutique\/"},{"@type":"ListItem","position":3,"name":"VERTUPLUS ACEROLA BIO VITAMINE C NATURELLE 500MG 60 GELULES"}]},{"@type":"WebSite","@id":"https:\/\/paracherkaoui.ma\/#website","url":"https:\/\/paracherkaoui.ma\/","name":"Paracherkaoui.ma","description":"Achetez en ligne sur Paracherkaoui.ma","potentialAction":[{"@type":"SearchAction","target":{"@type":"EntryPoint","urlTemplate":"https:\/\/paracherkaoui.ma\/?s={search_term_string}"},"query-input":{"@type":"PropertyValueSpecification","valueRequired":true,"valueName":"search_term_string"}}],"inLanguage":"fr-FR"}]}},"_links":{"self":[{"href":"https:\/\/paracherkaoui.ma\/index.php\/wp-json\/wp\/v2\/product\/53343","targetHints":{"allow":["GET"]}}],"collection":[{"href":"https:\/\/paracherkaoui.ma\/index.php\/wp-json\/wp\/v2\/product"}],"about":[{"href":"https:\/\/paracherkaoui.ma\/index.php\/wp-json\/wp\/v2\/types\/product"}],"replies":[{"embeddable":true,"href":"https:\/\/paracherkaoui.ma\/index.php\/wp-json\/wp\/v2\/comments?post=53343"}],"version-history":[{"count":1,"href":"https:\/\/paracherkaoui.ma\/index.php\/wp-json\/wp\/v2\/product\/53343\/revisions"}],"predecessor-version":[{"id":53375,"href":"https:\/\/paracherkaoui.ma\/index.php\/wp-json\/wp\/v2\/product\/53343\/revisions\/53375"}],"wp:featuredmedia":[{"embeddable":true,"href":"https:\/\/paracherkaoui.ma\/index.php\/wp-json\/wp\/v2\/media\/53374"}],"wp:attachment":[{"href":"https:\/\/paracherkaoui.ma\/index.php\/wp-json\/wp\/v2\/media?parent=53343"}],"wp:term":[{"taxonomy":"product_brand","embeddable":true,"href":"https:\/\/paracherkaoui.ma\/index.php\/wp-json\/wp\/v2\/product_brand?post=53343"},{"taxonomy":"product_cat","embeddable":true,"href":"https:\/\/paracherkaoui.ma\/index.php\/wp-json\/wp\/v2\/product_cat?post=53343"},{"taxonomy":"product_tag","embeddable":true,"href":"https:\/\/paracherkaoui.ma\/index.php\/wp-json\/wp\/v2\/product_tag?post=53343"}],"curies":[{"name":"wp","href":"https:\/\/api.w.org\/{rel}","templated":true}]}}