{"id":53115,"date":"2025-12-12T19:37:49","date_gmt":"2025-12-12T18:37:49","guid":{"rendered":"https:\/\/test.ecbeaute.com\/?post_type=product&#038;p=53115"},"modified":"2025-12-12T19:37:53","modified_gmt":"2025-12-12T18:37:53","slug":"favrichon-la-petite-fabrique-crosti-bombs-miel-sans-gluten-300-g","status":"publish","type":"product","link":"https:\/\/paracherkaoui.ma\/index.php\/produit\/favrichon-la-petite-fabrique-crosti-bombs-miel-sans-gluten-300-g\/","title":{"rendered":"FAVRICHON LA PETITE FABRIQUE CROSTI BOMBS MIEL SANS GLUTEN 300 G"},"content":{"rendered":"<p>Ce produit est sans gluten et r\u00e9alis\u00e9 avec des ingr\u00e9dients issus de l\u2019agriculture biologique, garantissant ainsi une alimentation saine et respectueuse de l\u2019environnement. La Maison Favrichon, pionni\u00e8re des c\u00e9r\u00e9ales bio en France, veille depuis plus de 120 ans \u00e0 proposer des produits qui allient saveur, qualit\u00e9, et respect de la nature. Situ\u00e9e dans le Massif Central, l\u2019entreprise perp\u00e9tue le savoir-faire de son fondateur, Joseph Favrichon, en mettant toujours la nutrition au c\u0153ur de ses pr\u00e9occupations.<br \/>\nLes Crostis Bombs Miel sont riches en glucides pour fournir l\u2019\u00e9nergie n\u00e9cessaire \u00e0 bien commencer la journ\u00e9e, tout en \u00e9tant faibles en mati\u00e8res grasses et mod\u00e9r\u00e9es en sucre. Leur format g\u00e9n\u00e9reux de 300 g est non seulement \u00e9conomique, mais aussi pratique gr\u00e2ce \u00e0 son sachet refermable, id\u00e9al pour conserver toute la fra\u00eecheur des c\u00e9r\u00e9ales.<br \/>\nQue ce soit pour le petit-d\u00e9jeuner ou pour un en-cas, ces boules de ma\u00efs souffl\u00e9es se marient \u00e0 merveille avec du lait, une boisson v\u00e9g\u00e9tale ou m\u00eame du yaourt. Avec leur texture l\u00e9g\u00e8re et croustillante, elles fondent agr\u00e9ablement en bouche tout en lib\u00e9rant leur saveur d\u00e9licatement sucr\u00e9e de miel.<br \/>\nComposition<br \/>\nMa\u00efs* 73,8%, sucre de canne*, miel* 5%, caramel* (sucre de canne*, eau), sel de mer.<br \/>\nIngr\u00e9dients issus de l\u2019agriculture biologique.<br \/>\nConseils d&rsquo;utilisation<br \/>\nVersez une portion de Crostis Bombs Miel dans un bol.<br \/>\nAjoutez du lait, une boisson v\u00e9g\u00e9tale ou du yaourt pour un petit-d\u00e9jeuner \u00e9quilibr\u00e9.<br \/>\nPeut \u00e9galement \u00eatre consomm\u00e9 nature ou avec des fruits frais pour plus de gourmandise.<br \/>\n\u00c0 conserver dans un endroit sec et frais. Refermez soigneusement le sachet apr\u00e8s chaque utilisation pour pr\u00e9server la fra\u00eecheur.<\/p>\n","protected":false},"excerpt":{"rendered":"<p>Ce produit est sans gluten et r\u00e9alis\u00e9 avec des ingr\u00e9dients issus de l\u2019agriculture biologique, garantissant ainsi une alimentation saine et<\/p>\n","protected":false},"featured_media":53142,"comment_status":"open","ping_status":"closed","template":"","meta":[],"product_brand":[895],"product_cat":[1021],"product_tag":[],"class_list":{"0":"post-53115","1":"product","2":"type-product","3":"status-publish","4":"has-post-thumbnail","6":"product_brand-favrichon","7":"product_cat-confiseries","9":"first","10":"instock","11":"shipping-taxable","12":"purchasable","13":"product-type-simple"},"yoast_head":"<!-- This site is optimized with the Yoast SEO plugin v26.6 - https:\/\/yoast.com\/wordpress\/plugins\/seo\/ -->\r\n<title>FAVRICHON LA PETITE FABRIQUE CROSTI BOMBS MIEL SANS GLUTEN 300 G - Paracherkaoui.ma<\/title>\r\n<meta name=\"robots\" content=\"index, follow, max-snippet:-1, max-image-preview:large, max-video-preview:-1\" \/>\r\n<link rel=\"canonical\" href=\"https:\/\/paracherkaoui.ma\/index.php\/produit\/favrichon-la-petite-fabrique-crosti-bombs-miel-sans-gluten-300-g\/\" \/>\r\n<meta property=\"og:locale\" content=\"fr_FR\" \/>\r\n<meta property=\"og:type\" content=\"article\" \/>\r\n<meta property=\"og:title\" content=\"FAVRICHON LA PETITE FABRIQUE CROSTI BOMBS MIEL SANS GLUTEN 300 G - Paracherkaoui.ma\" \/>\r\n<meta property=\"og:description\" content=\"Ce produit est sans gluten et r\u00e9alis\u00e9 avec des ingr\u00e9dients issus de l\u2019agriculture biologique, garantissant ainsi une alimentation saine et\" \/>\r\n<meta property=\"og:url\" content=\"https:\/\/paracherkaoui.ma\/index.php\/produit\/favrichon-la-petite-fabrique-crosti-bombs-miel-sans-gluten-300-g\/\" \/>\r\n<meta property=\"og:site_name\" content=\"Paracherkaoui.ma\" \/>\r\n<meta property=\"article:modified_time\" content=\"2025-12-12T18:37:53+00:00\" \/>\r\n<meta property=\"og:image\" content=\"https:\/\/paracherkaoui.ma\/wp-content\/uploads\/2025\/12\/favrichon-favrichon-la-petite-fabrique-crosti-bombs-miel-sans-gluten-300-g-confiseries.jpg\" \/>\r\n\t<meta property=\"og:image:width\" content=\"700\" \/>\r\n\t<meta property=\"og:image:height\" content=\"700\" \/>\r\n\t<meta property=\"og:image:type\" content=\"image\/jpeg\" \/>\r\n<meta name=\"twitter:card\" content=\"summary_large_image\" \/>\r\n<meta name=\"twitter:label1\" content=\"Dur\u00e9e de lecture estim\u00e9e\" \/>\n\t<meta name=\"twitter:data1\" content=\"1 minute\" \/>\r\n<script type=\"application\/ld+json\" class=\"yoast-schema-graph\">{\"@context\":\"https:\/\/schema.org\",\"@graph\":[{\"@type\":\"WebPage\",\"@id\":\"https:\/\/paracherkaoui.ma\/index.php\/produit\/favrichon-la-petite-fabrique-crosti-bombs-miel-sans-gluten-300-g\/\",\"url\":\"https:\/\/paracherkaoui.ma\/index.php\/produit\/favrichon-la-petite-fabrique-crosti-bombs-miel-sans-gluten-300-g\/\",\"name\":\"FAVRICHON LA PETITE FABRIQUE CROSTI BOMBS MIEL SANS GLUTEN 300 G - Paracherkaoui.ma\",\"isPartOf\":{\"@id\":\"https:\/\/paracherkaoui.ma\/#website\"},\"primaryImageOfPage\":{\"@id\":\"https:\/\/paracherkaoui.ma\/index.php\/produit\/favrichon-la-petite-fabrique-crosti-bombs-miel-sans-gluten-300-g\/#primaryimage\"},\"image\":{\"@id\":\"https:\/\/paracherkaoui.ma\/index.php\/produit\/favrichon-la-petite-fabrique-crosti-bombs-miel-sans-gluten-300-g\/#primaryimage\"},\"thumbnailUrl\":\"https:\/\/paracherkaoui.ma\/wp-content\/uploads\/2025\/12\/favrichon-favrichon-la-petite-fabrique-crosti-bombs-miel-sans-gluten-300-g-confiseries.jpg\",\"datePublished\":\"2025-12-12T18:37:49+00:00\",\"dateModified\":\"2025-12-12T18:37:53+00:00\",\"breadcrumb\":{\"@id\":\"https:\/\/paracherkaoui.ma\/index.php\/produit\/favrichon-la-petite-fabrique-crosti-bombs-miel-sans-gluten-300-g\/#breadcrumb\"},\"inLanguage\":\"fr-FR\",\"potentialAction\":[{\"@type\":\"ReadAction\",\"target\":[\"https:\/\/paracherkaoui.ma\/index.php\/produit\/favrichon-la-petite-fabrique-crosti-bombs-miel-sans-gluten-300-g\/\"]}]},{\"@type\":\"ImageObject\",\"inLanguage\":\"fr-FR\",\"@id\":\"https:\/\/paracherkaoui.ma\/index.php\/produit\/favrichon-la-petite-fabrique-crosti-bombs-miel-sans-gluten-300-g\/#primaryimage\",\"url\":\"https:\/\/paracherkaoui.ma\/wp-content\/uploads\/2025\/12\/favrichon-favrichon-la-petite-fabrique-crosti-bombs-miel-sans-gluten-300-g-confiseries.jpg\",\"contentUrl\":\"https:\/\/paracherkaoui.ma\/wp-content\/uploads\/2025\/12\/favrichon-favrichon-la-petite-fabrique-crosti-bombs-miel-sans-gluten-300-g-confiseries.jpg\",\"width\":700,\"height\":700},{\"@type\":\"BreadcrumbList\",\"@id\":\"https:\/\/paracherkaoui.ma\/index.php\/produit\/favrichon-la-petite-fabrique-crosti-bombs-miel-sans-gluten-300-g\/#breadcrumb\",\"itemListElement\":[{\"@type\":\"ListItem\",\"position\":1,\"name\":\"Accueil\",\"item\":\"https:\/\/paracherkaoui.ma\/\"},{\"@type\":\"ListItem\",\"position\":2,\"name\":\"Boutique\",\"item\":\"https:\/\/paracherkaoui.ma\/index.php\/boutique\/\"},{\"@type\":\"ListItem\",\"position\":3,\"name\":\"FAVRICHON LA PETITE FABRIQUE CROSTI BOMBS MIEL SANS GLUTEN 300 G\"}]},{\"@type\":\"WebSite\",\"@id\":\"https:\/\/paracherkaoui.ma\/#website\",\"url\":\"https:\/\/paracherkaoui.ma\/\",\"name\":\"Paracherkaoui.ma\",\"description\":\"Achetez en ligne sur Paracherkaoui.ma\",\"potentialAction\":[{\"@type\":\"SearchAction\",\"target\":{\"@type\":\"EntryPoint\",\"urlTemplate\":\"https:\/\/paracherkaoui.ma\/?s={search_term_string}\"},\"query-input\":{\"@type\":\"PropertyValueSpecification\",\"valueRequired\":true,\"valueName\":\"search_term_string\"}}],\"inLanguage\":\"fr-FR\"}]}<\/script>\r\n<!-- \/ Yoast SEO plugin. -->","yoast_head_json":{"title":"FAVRICHON LA PETITE FABRIQUE CROSTI BOMBS MIEL SANS GLUTEN 300 G - Paracherkaoui.ma","robots":{"index":"index","follow":"follow","max-snippet":"max-snippet:-1","max-image-preview":"max-image-preview:large","max-video-preview":"max-video-preview:-1"},"canonical":"https:\/\/paracherkaoui.ma\/index.php\/produit\/favrichon-la-petite-fabrique-crosti-bombs-miel-sans-gluten-300-g\/","og_locale":"fr_FR","og_type":"article","og_title":"FAVRICHON LA PETITE FABRIQUE CROSTI BOMBS MIEL SANS GLUTEN 300 G - Paracherkaoui.ma","og_description":"Ce produit est sans gluten et r\u00e9alis\u00e9 avec des ingr\u00e9dients issus de l\u2019agriculture biologique, garantissant ainsi une alimentation saine et","og_url":"https:\/\/paracherkaoui.ma\/index.php\/produit\/favrichon-la-petite-fabrique-crosti-bombs-miel-sans-gluten-300-g\/","og_site_name":"Paracherkaoui.ma","article_modified_time":"2025-12-12T18:37:53+00:00","og_image":[{"width":700,"height":700,"url":"https:\/\/paracherkaoui.ma\/wp-content\/uploads\/2025\/12\/favrichon-favrichon-la-petite-fabrique-crosti-bombs-miel-sans-gluten-300-g-confiseries.jpg","type":"image\/jpeg"}],"twitter_card":"summary_large_image","twitter_misc":{"Dur\u00e9e de lecture estim\u00e9e":"1 minute"},"schema":{"@context":"https:\/\/schema.org","@graph":[{"@type":"WebPage","@id":"https:\/\/paracherkaoui.ma\/index.php\/produit\/favrichon-la-petite-fabrique-crosti-bombs-miel-sans-gluten-300-g\/","url":"https:\/\/paracherkaoui.ma\/index.php\/produit\/favrichon-la-petite-fabrique-crosti-bombs-miel-sans-gluten-300-g\/","name":"FAVRICHON LA PETITE FABRIQUE CROSTI BOMBS MIEL SANS GLUTEN 300 G - Paracherkaoui.ma","isPartOf":{"@id":"https:\/\/paracherkaoui.ma\/#website"},"primaryImageOfPage":{"@id":"https:\/\/paracherkaoui.ma\/index.php\/produit\/favrichon-la-petite-fabrique-crosti-bombs-miel-sans-gluten-300-g\/#primaryimage"},"image":{"@id":"https:\/\/paracherkaoui.ma\/index.php\/produit\/favrichon-la-petite-fabrique-crosti-bombs-miel-sans-gluten-300-g\/#primaryimage"},"thumbnailUrl":"https:\/\/paracherkaoui.ma\/wp-content\/uploads\/2025\/12\/favrichon-favrichon-la-petite-fabrique-crosti-bombs-miel-sans-gluten-300-g-confiseries.jpg","datePublished":"2025-12-12T18:37:49+00:00","dateModified":"2025-12-12T18:37:53+00:00","breadcrumb":{"@id":"https:\/\/paracherkaoui.ma\/index.php\/produit\/favrichon-la-petite-fabrique-crosti-bombs-miel-sans-gluten-300-g\/#breadcrumb"},"inLanguage":"fr-FR","potentialAction":[{"@type":"ReadAction","target":["https:\/\/paracherkaoui.ma\/index.php\/produit\/favrichon-la-petite-fabrique-crosti-bombs-miel-sans-gluten-300-g\/"]}]},{"@type":"ImageObject","inLanguage":"fr-FR","@id":"https:\/\/paracherkaoui.ma\/index.php\/produit\/favrichon-la-petite-fabrique-crosti-bombs-miel-sans-gluten-300-g\/#primaryimage","url":"https:\/\/paracherkaoui.ma\/wp-content\/uploads\/2025\/12\/favrichon-favrichon-la-petite-fabrique-crosti-bombs-miel-sans-gluten-300-g-confiseries.jpg","contentUrl":"https:\/\/paracherkaoui.ma\/wp-content\/uploads\/2025\/12\/favrichon-favrichon-la-petite-fabrique-crosti-bombs-miel-sans-gluten-300-g-confiseries.jpg","width":700,"height":700},{"@type":"BreadcrumbList","@id":"https:\/\/paracherkaoui.ma\/index.php\/produit\/favrichon-la-petite-fabrique-crosti-bombs-miel-sans-gluten-300-g\/#breadcrumb","itemListElement":[{"@type":"ListItem","position":1,"name":"Accueil","item":"https:\/\/paracherkaoui.ma\/"},{"@type":"ListItem","position":2,"name":"Boutique","item":"https:\/\/paracherkaoui.ma\/index.php\/boutique\/"},{"@type":"ListItem","position":3,"name":"FAVRICHON LA PETITE FABRIQUE CROSTI BOMBS MIEL SANS GLUTEN 300 G"}]},{"@type":"WebSite","@id":"https:\/\/paracherkaoui.ma\/#website","url":"https:\/\/paracherkaoui.ma\/","name":"Paracherkaoui.ma","description":"Achetez en ligne sur Paracherkaoui.ma","potentialAction":[{"@type":"SearchAction","target":{"@type":"EntryPoint","urlTemplate":"https:\/\/paracherkaoui.ma\/?s={search_term_string}"},"query-input":{"@type":"PropertyValueSpecification","valueRequired":true,"valueName":"search_term_string"}}],"inLanguage":"fr-FR"}]}},"_links":{"self":[{"href":"https:\/\/paracherkaoui.ma\/index.php\/wp-json\/wp\/v2\/product\/53115","targetHints":{"allow":["GET"]}}],"collection":[{"href":"https:\/\/paracherkaoui.ma\/index.php\/wp-json\/wp\/v2\/product"}],"about":[{"href":"https:\/\/paracherkaoui.ma\/index.php\/wp-json\/wp\/v2\/types\/product"}],"replies":[{"embeddable":true,"href":"https:\/\/paracherkaoui.ma\/index.php\/wp-json\/wp\/v2\/comments?post=53115"}],"version-history":[{"count":1,"href":"https:\/\/paracherkaoui.ma\/index.php\/wp-json\/wp\/v2\/product\/53115\/revisions"}],"predecessor-version":[{"id":53143,"href":"https:\/\/paracherkaoui.ma\/index.php\/wp-json\/wp\/v2\/product\/53115\/revisions\/53143"}],"wp:featuredmedia":[{"embeddable":true,"href":"https:\/\/paracherkaoui.ma\/index.php\/wp-json\/wp\/v2\/media\/53142"}],"wp:attachment":[{"href":"https:\/\/paracherkaoui.ma\/index.php\/wp-json\/wp\/v2\/media?parent=53115"}],"wp:term":[{"taxonomy":"product_brand","embeddable":true,"href":"https:\/\/paracherkaoui.ma\/index.php\/wp-json\/wp\/v2\/product_brand?post=53115"},{"taxonomy":"product_cat","embeddable":true,"href":"https:\/\/paracherkaoui.ma\/index.php\/wp-json\/wp\/v2\/product_cat?post=53115"},{"taxonomy":"product_tag","embeddable":true,"href":"https:\/\/paracherkaoui.ma\/index.php\/wp-json\/wp\/v2\/product_tag?post=53115"}],"curies":[{"name":"wp","href":"https:\/\/api.w.org\/{rel}","templated":true}]}}