{"id":53040,"date":"2025-12-12T19:37:38","date_gmt":"2025-12-12T18:37:38","guid":{"rendered":"https:\/\/test.ecbeaute.com\/?post_type=product&#038;p=53040"},"modified":"2025-12-12T19:37:41","modified_gmt":"2025-12-12T18:37:41","slug":"puressentiel-assainissant-gel-antibacterien-aux-3-huiles-essentielles-80-ml-2","status":"publish","type":"product","link":"https:\/\/paracherkaoui.ma\/index.php\/produit\/puressentiel-assainissant-gel-antibacterien-aux-3-huiles-essentielles-80-ml-2\/","title":{"rendered":"PURESSENTIEL ASSAINISSANT GEL ANTIBACTERIEN AUX 3 HUILES ESSENTIELLES 80 ML"},"content":{"rendered":"<p>Puressentiel Gel assainissant antibact\u00e9rien aux 3 huiles essentiels 80ml<\/p>\n<p>Description<\/p>\n<p>Lave les mains sans eau, sans savon, sans rin\u00e7age.Les 3 huiles essentielles du Gel antibact\u00e9rien Assainissant associ\u00e9es \u00e0 l&rsquo;Alo\u00e9 Vera et l&rsquo;alcool v\u00e9g\u00e9tal lui conf\u00e8rent des propri\u00e9t\u00e9s antiseptiques, antibact\u00e9riennes, antifongiques, antivirales, un effet anti-dess\u00e9chant et un effet fra\u00eecheur.<\/p>\n<p>CONSEILS D&rsquo;UTILISATION :<\/p>\n<p>Frotter les mains avec une noisette de gel (1ml) jusqu&rsquo;\u00e0 s\u00e9chage. Action imm\u00e9diate.<\/p>\n<p>Contenance : 80 ml<\/p>\n","protected":false},"excerpt":{"rendered":"<p>Puressentiel Gel assainissant antibact\u00e9rien aux 3 huiles essentiels 80ml Description Lave les mains sans eau, sans savon, sans rin\u00e7age.Les 3<\/p>\n","protected":false},"featured_media":51393,"comment_status":"open","ping_status":"closed","template":"","meta":[],"product_brand":[204],"product_cat":[1020],"product_tag":[],"class_list":{"0":"post-53040","1":"product","2":"type-product","3":"status-publish","4":"has-post-thumbnail","6":"product_brand-puressentiel","7":"product_cat-desinfectants","9":"first","10":"instock","11":"sale","12":"shipping-taxable","13":"purchasable","14":"product-type-simple"},"yoast_head":"<!-- This site is optimized with the Yoast SEO plugin v26.6 - https:\/\/yoast.com\/wordpress\/plugins\/seo\/ -->\r\n<title>PURESSENTIEL ASSAINISSANT GEL ANTIBACTERIEN AUX 3 HUILES ESSENTIELLES 80 ML - Paracherkaoui.ma<\/title>\r\n<meta name=\"robots\" content=\"index, follow, max-snippet:-1, max-image-preview:large, max-video-preview:-1\" \/>\r\n<link rel=\"canonical\" href=\"https:\/\/paracherkaoui.ma\/index.php\/produit\/puressentiel-assainissant-gel-antibacterien-aux-3-huiles-essentielles-80-ml-2\/\" \/>\r\n<meta property=\"og:locale\" content=\"fr_FR\" \/>\r\n<meta property=\"og:type\" content=\"article\" \/>\r\n<meta property=\"og:title\" content=\"PURESSENTIEL ASSAINISSANT GEL ANTIBACTERIEN AUX 3 HUILES ESSENTIELLES 80 ML - Paracherkaoui.ma\" \/>\r\n<meta property=\"og:description\" content=\"Puressentiel Gel assainissant antibact\u00e9rien aux 3 huiles essentiels 80ml Description Lave les mains sans eau, sans savon, sans rin\u00e7age.Les 3\" \/>\r\n<meta property=\"og:url\" content=\"https:\/\/paracherkaoui.ma\/index.php\/produit\/puressentiel-assainissant-gel-antibacterien-aux-3-huiles-essentielles-80-ml-2\/\" \/>\r\n<meta property=\"og:site_name\" content=\"Paracherkaoui.ma\" \/>\r\n<meta property=\"article:modified_time\" content=\"2025-12-12T18:37:41+00:00\" \/>\r\n<meta property=\"og:image\" content=\"https:\/\/paracherkaoui.ma\/wp-content\/uploads\/2025\/12\/puressentiel-puressentiel-assainissant-gel-antibacterien-aux-3-huiles-essentielles-80-ml-solutions-antiseptiques.jpg\" \/>\r\n\t<meta property=\"og:image:width\" content=\"700\" \/>\r\n\t<meta property=\"og:image:height\" content=\"700\" \/>\r\n\t<meta property=\"og:image:type\" content=\"image\/jpeg\" \/>\r\n<meta name=\"twitter:card\" content=\"summary_large_image\" \/>\r\n<script type=\"application\/ld+json\" class=\"yoast-schema-graph\">{\"@context\":\"https:\/\/schema.org\",\"@graph\":[{\"@type\":\"WebPage\",\"@id\":\"https:\/\/paracherkaoui.ma\/index.php\/produit\/puressentiel-assainissant-gel-antibacterien-aux-3-huiles-essentielles-80-ml-2\/\",\"url\":\"https:\/\/paracherkaoui.ma\/index.php\/produit\/puressentiel-assainissant-gel-antibacterien-aux-3-huiles-essentielles-80-ml-2\/\",\"name\":\"PURESSENTIEL ASSAINISSANT GEL ANTIBACTERIEN AUX 3 HUILES ESSENTIELLES 80 ML - Paracherkaoui.ma\",\"isPartOf\":{\"@id\":\"https:\/\/paracherkaoui.ma\/#website\"},\"primaryImageOfPage\":{\"@id\":\"https:\/\/paracherkaoui.ma\/index.php\/produit\/puressentiel-assainissant-gel-antibacterien-aux-3-huiles-essentielles-80-ml-2\/#primaryimage\"},\"image\":{\"@id\":\"https:\/\/paracherkaoui.ma\/index.php\/produit\/puressentiel-assainissant-gel-antibacterien-aux-3-huiles-essentielles-80-ml-2\/#primaryimage\"},\"thumbnailUrl\":\"https:\/\/paracherkaoui.ma\/wp-content\/uploads\/2025\/12\/puressentiel-puressentiel-assainissant-gel-antibacterien-aux-3-huiles-essentielles-80-ml-solutions-antiseptiques.jpg\",\"datePublished\":\"2025-12-12T18:37:38+00:00\",\"dateModified\":\"2025-12-12T18:37:41+00:00\",\"breadcrumb\":{\"@id\":\"https:\/\/paracherkaoui.ma\/index.php\/produit\/puressentiel-assainissant-gel-antibacterien-aux-3-huiles-essentielles-80-ml-2\/#breadcrumb\"},\"inLanguage\":\"fr-FR\",\"potentialAction\":[{\"@type\":\"ReadAction\",\"target\":[\"https:\/\/paracherkaoui.ma\/index.php\/produit\/puressentiel-assainissant-gel-antibacterien-aux-3-huiles-essentielles-80-ml-2\/\"]}]},{\"@type\":\"ImageObject\",\"inLanguage\":\"fr-FR\",\"@id\":\"https:\/\/paracherkaoui.ma\/index.php\/produit\/puressentiel-assainissant-gel-antibacterien-aux-3-huiles-essentielles-80-ml-2\/#primaryimage\",\"url\":\"https:\/\/paracherkaoui.ma\/wp-content\/uploads\/2025\/12\/puressentiel-puressentiel-assainissant-gel-antibacterien-aux-3-huiles-essentielles-80-ml-solutions-antiseptiques.jpg\",\"contentUrl\":\"https:\/\/paracherkaoui.ma\/wp-content\/uploads\/2025\/12\/puressentiel-puressentiel-assainissant-gel-antibacterien-aux-3-huiles-essentielles-80-ml-solutions-antiseptiques.jpg\",\"width\":700,\"height\":700},{\"@type\":\"BreadcrumbList\",\"@id\":\"https:\/\/paracherkaoui.ma\/index.php\/produit\/puressentiel-assainissant-gel-antibacterien-aux-3-huiles-essentielles-80-ml-2\/#breadcrumb\",\"itemListElement\":[{\"@type\":\"ListItem\",\"position\":1,\"name\":\"Accueil\",\"item\":\"https:\/\/paracherkaoui.ma\/\"},{\"@type\":\"ListItem\",\"position\":2,\"name\":\"Boutique\",\"item\":\"https:\/\/paracherkaoui.ma\/index.php\/boutique\/\"},{\"@type\":\"ListItem\",\"position\":3,\"name\":\"PURESSENTIEL ASSAINISSANT GEL ANTIBACTERIEN AUX 3 HUILES ESSENTIELLES 80 ML\"}]},{\"@type\":\"WebSite\",\"@id\":\"https:\/\/paracherkaoui.ma\/#website\",\"url\":\"https:\/\/paracherkaoui.ma\/\",\"name\":\"Paracherkaoui.ma\",\"description\":\"Achetez en ligne sur Paracherkaoui.ma\",\"potentialAction\":[{\"@type\":\"SearchAction\",\"target\":{\"@type\":\"EntryPoint\",\"urlTemplate\":\"https:\/\/paracherkaoui.ma\/?s={search_term_string}\"},\"query-input\":{\"@type\":\"PropertyValueSpecification\",\"valueRequired\":true,\"valueName\":\"search_term_string\"}}],\"inLanguage\":\"fr-FR\"}]}<\/script>\r\n<!-- \/ Yoast SEO plugin. -->","yoast_head_json":{"title":"PURESSENTIEL ASSAINISSANT GEL ANTIBACTERIEN AUX 3 HUILES ESSENTIELLES 80 ML - Paracherkaoui.ma","robots":{"index":"index","follow":"follow","max-snippet":"max-snippet:-1","max-image-preview":"max-image-preview:large","max-video-preview":"max-video-preview:-1"},"canonical":"https:\/\/paracherkaoui.ma\/index.php\/produit\/puressentiel-assainissant-gel-antibacterien-aux-3-huiles-essentielles-80-ml-2\/","og_locale":"fr_FR","og_type":"article","og_title":"PURESSENTIEL ASSAINISSANT GEL ANTIBACTERIEN AUX 3 HUILES ESSENTIELLES 80 ML - Paracherkaoui.ma","og_description":"Puressentiel Gel assainissant antibact\u00e9rien aux 3 huiles essentiels 80ml Description Lave les mains sans eau, sans savon, sans rin\u00e7age.Les 3","og_url":"https:\/\/paracherkaoui.ma\/index.php\/produit\/puressentiel-assainissant-gel-antibacterien-aux-3-huiles-essentielles-80-ml-2\/","og_site_name":"Paracherkaoui.ma","article_modified_time":"2025-12-12T18:37:41+00:00","og_image":[{"width":700,"height":700,"url":"https:\/\/paracherkaoui.ma\/wp-content\/uploads\/2025\/12\/puressentiel-puressentiel-assainissant-gel-antibacterien-aux-3-huiles-essentielles-80-ml-solutions-antiseptiques.jpg","type":"image\/jpeg"}],"twitter_card":"summary_large_image","schema":{"@context":"https:\/\/schema.org","@graph":[{"@type":"WebPage","@id":"https:\/\/paracherkaoui.ma\/index.php\/produit\/puressentiel-assainissant-gel-antibacterien-aux-3-huiles-essentielles-80-ml-2\/","url":"https:\/\/paracherkaoui.ma\/index.php\/produit\/puressentiel-assainissant-gel-antibacterien-aux-3-huiles-essentielles-80-ml-2\/","name":"PURESSENTIEL ASSAINISSANT GEL ANTIBACTERIEN AUX 3 HUILES ESSENTIELLES 80 ML - Paracherkaoui.ma","isPartOf":{"@id":"https:\/\/paracherkaoui.ma\/#website"},"primaryImageOfPage":{"@id":"https:\/\/paracherkaoui.ma\/index.php\/produit\/puressentiel-assainissant-gel-antibacterien-aux-3-huiles-essentielles-80-ml-2\/#primaryimage"},"image":{"@id":"https:\/\/paracherkaoui.ma\/index.php\/produit\/puressentiel-assainissant-gel-antibacterien-aux-3-huiles-essentielles-80-ml-2\/#primaryimage"},"thumbnailUrl":"https:\/\/paracherkaoui.ma\/wp-content\/uploads\/2025\/12\/puressentiel-puressentiel-assainissant-gel-antibacterien-aux-3-huiles-essentielles-80-ml-solutions-antiseptiques.jpg","datePublished":"2025-12-12T18:37:38+00:00","dateModified":"2025-12-12T18:37:41+00:00","breadcrumb":{"@id":"https:\/\/paracherkaoui.ma\/index.php\/produit\/puressentiel-assainissant-gel-antibacterien-aux-3-huiles-essentielles-80-ml-2\/#breadcrumb"},"inLanguage":"fr-FR","potentialAction":[{"@type":"ReadAction","target":["https:\/\/paracherkaoui.ma\/index.php\/produit\/puressentiel-assainissant-gel-antibacterien-aux-3-huiles-essentielles-80-ml-2\/"]}]},{"@type":"ImageObject","inLanguage":"fr-FR","@id":"https:\/\/paracherkaoui.ma\/index.php\/produit\/puressentiel-assainissant-gel-antibacterien-aux-3-huiles-essentielles-80-ml-2\/#primaryimage","url":"https:\/\/paracherkaoui.ma\/wp-content\/uploads\/2025\/12\/puressentiel-puressentiel-assainissant-gel-antibacterien-aux-3-huiles-essentielles-80-ml-solutions-antiseptiques.jpg","contentUrl":"https:\/\/paracherkaoui.ma\/wp-content\/uploads\/2025\/12\/puressentiel-puressentiel-assainissant-gel-antibacterien-aux-3-huiles-essentielles-80-ml-solutions-antiseptiques.jpg","width":700,"height":700},{"@type":"BreadcrumbList","@id":"https:\/\/paracherkaoui.ma\/index.php\/produit\/puressentiel-assainissant-gel-antibacterien-aux-3-huiles-essentielles-80-ml-2\/#breadcrumb","itemListElement":[{"@type":"ListItem","position":1,"name":"Accueil","item":"https:\/\/paracherkaoui.ma\/"},{"@type":"ListItem","position":2,"name":"Boutique","item":"https:\/\/paracherkaoui.ma\/index.php\/boutique\/"},{"@type":"ListItem","position":3,"name":"PURESSENTIEL ASSAINISSANT GEL ANTIBACTERIEN AUX 3 HUILES ESSENTIELLES 80 ML"}]},{"@type":"WebSite","@id":"https:\/\/paracherkaoui.ma\/#website","url":"https:\/\/paracherkaoui.ma\/","name":"Paracherkaoui.ma","description":"Achetez en ligne sur Paracherkaoui.ma","potentialAction":[{"@type":"SearchAction","target":{"@type":"EntryPoint","urlTemplate":"https:\/\/paracherkaoui.ma\/?s={search_term_string}"},"query-input":{"@type":"PropertyValueSpecification","valueRequired":true,"valueName":"search_term_string"}}],"inLanguage":"fr-FR"}]}},"_links":{"self":[{"href":"https:\/\/paracherkaoui.ma\/index.php\/wp-json\/wp\/v2\/product\/53040","targetHints":{"allow":["GET"]}}],"collection":[{"href":"https:\/\/paracherkaoui.ma\/index.php\/wp-json\/wp\/v2\/product"}],"about":[{"href":"https:\/\/paracherkaoui.ma\/index.php\/wp-json\/wp\/v2\/types\/product"}],"replies":[{"embeddable":true,"href":"https:\/\/paracherkaoui.ma\/index.php\/wp-json\/wp\/v2\/comments?post=53040"}],"version-history":[{"count":1,"href":"https:\/\/paracherkaoui.ma\/index.php\/wp-json\/wp\/v2\/product\/53040\/revisions"}],"predecessor-version":[{"id":53070,"href":"https:\/\/paracherkaoui.ma\/index.php\/wp-json\/wp\/v2\/product\/53040\/revisions\/53070"}],"wp:featuredmedia":[{"embeddable":true,"href":"https:\/\/paracherkaoui.ma\/index.php\/wp-json\/wp\/v2\/media\/51393"}],"wp:attachment":[{"href":"https:\/\/paracherkaoui.ma\/index.php\/wp-json\/wp\/v2\/media?parent=53040"}],"wp:term":[{"taxonomy":"product_brand","embeddable":true,"href":"https:\/\/paracherkaoui.ma\/index.php\/wp-json\/wp\/v2\/product_brand?post=53040"},{"taxonomy":"product_cat","embeddable":true,"href":"https:\/\/paracherkaoui.ma\/index.php\/wp-json\/wp\/v2\/product_cat?post=53040"},{"taxonomy":"product_tag","embeddable":true,"href":"https:\/\/paracherkaoui.ma\/index.php\/wp-json\/wp\/v2\/product_tag?post=53040"}],"curies":[{"name":"wp","href":"https:\/\/api.w.org\/{rel}","templated":true}]}}