{"id":53039,"date":"2025-12-12T19:37:38","date_gmt":"2025-12-12T18:37:38","guid":{"rendered":"https:\/\/test.ecbeaute.com\/?post_type=product&#038;p=53039"},"modified":"2025-12-12T19:37:41","modified_gmt":"2025-12-12T18:37:41","slug":"svr-baume-lavant-mains-sensibles-400ml-5","status":"publish","type":"product","link":"https:\/\/paracherkaoui.ma\/index.php\/produit\/svr-baume-lavant-mains-sensibles-400ml-5\/","title":{"rendered":"SVR Baume Lavant Mains Sensibles \/ 400ML"},"content":{"rendered":"<p>Description:<br \/>\nAssainissant, hydratant. Elimine les bact\u00e9ries en un lavage. Un baume lavant ultra-cr\u00e9meux sp\u00e9cifiquement d\u00e9velopp\u00e9 pour les mains sensibles et s\u00e8ches de toute la famille. Sa formule ultra clean, sans savon ni sulfates, compos\u00e9e de tensioactifs doux permet de capter les corps \u00e9trangers, les impuret\u00e9s et les bact\u00e9ries \u00e0 la surface de la peau pour les \u00e9liminer d\u00e9licatement gr\u00e2ce au lavage.<br \/>\nSa texture onctueuse enrichie en glyc\u00e9rine et d\u00e9licatement parfum\u00e9e se transforme en mousse g\u00e9n\u00e9reuse pour envelopper les mains dans un cocon de douceur. Les mains sont propres, douces, les grattages et les inconforts disparaissent imm\u00e9diatement.Promis, se laver les mains va devenir un vrai moment de plaisir !<\/p>\n","protected":false},"excerpt":{"rendered":"<p>Description: Assainissant, hydratant. Elimine les bact\u00e9ries en un lavage. Un baume lavant ultra-cr\u00e9meux sp\u00e9cifiquement d\u00e9velopp\u00e9 pour les mains sensibles et<\/p>\n","protected":false},"featured_media":12307,"comment_status":"open","ping_status":"closed","template":"","meta":[],"product_brand":[133],"product_cat":[1020],"product_tag":[],"class_list":{"0":"post-53039","1":"product","2":"type-product","3":"status-publish","4":"has-post-thumbnail","6":"product_brand-svr","7":"product_cat-desinfectants","9":"first","10":"instock","11":"sale","12":"shipping-taxable","13":"purchasable","14":"product-type-simple"},"yoast_head":"<!-- This site is optimized with the Yoast SEO plugin v26.6 - https:\/\/yoast.com\/wordpress\/plugins\/seo\/ -->\r\n<title>SVR Baume Lavant Mains Sensibles \/ 400ML - Paracherkaoui.ma<\/title>\r\n<meta name=\"robots\" content=\"index, follow, max-snippet:-1, max-image-preview:large, max-video-preview:-1\" \/>\r\n<link rel=\"canonical\" href=\"https:\/\/paracherkaoui.ma\/index.php\/produit\/svr-baume-lavant-mains-sensibles-400ml-5\/\" \/>\r\n<meta property=\"og:locale\" content=\"fr_FR\" \/>\r\n<meta property=\"og:type\" content=\"article\" \/>\r\n<meta property=\"og:title\" content=\"SVR Baume Lavant Mains Sensibles \/ 400ML - Paracherkaoui.ma\" \/>\r\n<meta property=\"og:description\" content=\"Description: Assainissant, hydratant. Elimine les bact\u00e9ries en un lavage. Un baume lavant ultra-cr\u00e9meux sp\u00e9cifiquement d\u00e9velopp\u00e9 pour les mains sensibles et\" \/>\r\n<meta property=\"og:url\" content=\"https:\/\/paracherkaoui.ma\/index.php\/produit\/svr-baume-lavant-mains-sensibles-400ml-5\/\" \/>\r\n<meta property=\"og:site_name\" content=\"Paracherkaoui.ma\" \/>\r\n<meta property=\"article:modified_time\" content=\"2025-12-12T18:37:41+00:00\" \/>\r\n<meta property=\"og:image\" content=\"https:\/\/paracherkaoui.ma\/wp-content\/uploads\/2025\/12\/svr-svr-baume-lavant-mains-sensibles-400ml-soins-des-mains.jpg\" \/>\r\n\t<meta property=\"og:image:width\" content=\"700\" \/>\r\n\t<meta property=\"og:image:height\" content=\"700\" \/>\r\n\t<meta property=\"og:image:type\" content=\"image\/jpeg\" \/>\r\n<meta name=\"twitter:card\" content=\"summary_large_image\" \/>\r\n<meta name=\"twitter:label1\" content=\"Dur\u00e9e de lecture estim\u00e9e\" \/>\n\t<meta name=\"twitter:data1\" content=\"1 minute\" \/>\r\n<script type=\"application\/ld+json\" class=\"yoast-schema-graph\">{\"@context\":\"https:\/\/schema.org\",\"@graph\":[{\"@type\":\"WebPage\",\"@id\":\"https:\/\/paracherkaoui.ma\/index.php\/produit\/svr-baume-lavant-mains-sensibles-400ml-5\/\",\"url\":\"https:\/\/paracherkaoui.ma\/index.php\/produit\/svr-baume-lavant-mains-sensibles-400ml-5\/\",\"name\":\"SVR Baume Lavant Mains Sensibles \/ 400ML - Paracherkaoui.ma\",\"isPartOf\":{\"@id\":\"https:\/\/paracherkaoui.ma\/#website\"},\"primaryImageOfPage\":{\"@id\":\"https:\/\/paracherkaoui.ma\/index.php\/produit\/svr-baume-lavant-mains-sensibles-400ml-5\/#primaryimage\"},\"image\":{\"@id\":\"https:\/\/paracherkaoui.ma\/index.php\/produit\/svr-baume-lavant-mains-sensibles-400ml-5\/#primaryimage\"},\"thumbnailUrl\":\"https:\/\/paracherkaoui.ma\/wp-content\/uploads\/2025\/12\/svr-svr-baume-lavant-mains-sensibles-400ml-soins-des-mains.jpg\",\"datePublished\":\"2025-12-12T18:37:38+00:00\",\"dateModified\":\"2025-12-12T18:37:41+00:00\",\"breadcrumb\":{\"@id\":\"https:\/\/paracherkaoui.ma\/index.php\/produit\/svr-baume-lavant-mains-sensibles-400ml-5\/#breadcrumb\"},\"inLanguage\":\"fr-FR\",\"potentialAction\":[{\"@type\":\"ReadAction\",\"target\":[\"https:\/\/paracherkaoui.ma\/index.php\/produit\/svr-baume-lavant-mains-sensibles-400ml-5\/\"]}]},{\"@type\":\"ImageObject\",\"inLanguage\":\"fr-FR\",\"@id\":\"https:\/\/paracherkaoui.ma\/index.php\/produit\/svr-baume-lavant-mains-sensibles-400ml-5\/#primaryimage\",\"url\":\"https:\/\/paracherkaoui.ma\/wp-content\/uploads\/2025\/12\/svr-svr-baume-lavant-mains-sensibles-400ml-soins-des-mains.jpg\",\"contentUrl\":\"https:\/\/paracherkaoui.ma\/wp-content\/uploads\/2025\/12\/svr-svr-baume-lavant-mains-sensibles-400ml-soins-des-mains.jpg\",\"width\":700,\"height\":700},{\"@type\":\"BreadcrumbList\",\"@id\":\"https:\/\/paracherkaoui.ma\/index.php\/produit\/svr-baume-lavant-mains-sensibles-400ml-5\/#breadcrumb\",\"itemListElement\":[{\"@type\":\"ListItem\",\"position\":1,\"name\":\"Accueil\",\"item\":\"https:\/\/paracherkaoui.ma\/\"},{\"@type\":\"ListItem\",\"position\":2,\"name\":\"Boutique\",\"item\":\"https:\/\/paracherkaoui.ma\/index.php\/boutique\/\"},{\"@type\":\"ListItem\",\"position\":3,\"name\":\"SVR Baume Lavant Mains Sensibles \/ 400ML\"}]},{\"@type\":\"WebSite\",\"@id\":\"https:\/\/paracherkaoui.ma\/#website\",\"url\":\"https:\/\/paracherkaoui.ma\/\",\"name\":\"Paracherkaoui.ma\",\"description\":\"Achetez en ligne sur Paracherkaoui.ma\",\"potentialAction\":[{\"@type\":\"SearchAction\",\"target\":{\"@type\":\"EntryPoint\",\"urlTemplate\":\"https:\/\/paracherkaoui.ma\/?s={search_term_string}\"},\"query-input\":{\"@type\":\"PropertyValueSpecification\",\"valueRequired\":true,\"valueName\":\"search_term_string\"}}],\"inLanguage\":\"fr-FR\"}]}<\/script>\r\n<!-- \/ Yoast SEO plugin. -->","yoast_head_json":{"title":"SVR Baume Lavant Mains Sensibles \/ 400ML - Paracherkaoui.ma","robots":{"index":"index","follow":"follow","max-snippet":"max-snippet:-1","max-image-preview":"max-image-preview:large","max-video-preview":"max-video-preview:-1"},"canonical":"https:\/\/paracherkaoui.ma\/index.php\/produit\/svr-baume-lavant-mains-sensibles-400ml-5\/","og_locale":"fr_FR","og_type":"article","og_title":"SVR Baume Lavant Mains Sensibles \/ 400ML - Paracherkaoui.ma","og_description":"Description: Assainissant, hydratant. Elimine les bact\u00e9ries en un lavage. Un baume lavant ultra-cr\u00e9meux sp\u00e9cifiquement d\u00e9velopp\u00e9 pour les mains sensibles et","og_url":"https:\/\/paracherkaoui.ma\/index.php\/produit\/svr-baume-lavant-mains-sensibles-400ml-5\/","og_site_name":"Paracherkaoui.ma","article_modified_time":"2025-12-12T18:37:41+00:00","og_image":[{"width":700,"height":700,"url":"https:\/\/paracherkaoui.ma\/wp-content\/uploads\/2025\/12\/svr-svr-baume-lavant-mains-sensibles-400ml-soins-des-mains.jpg","type":"image\/jpeg"}],"twitter_card":"summary_large_image","twitter_misc":{"Dur\u00e9e de lecture estim\u00e9e":"1 minute"},"schema":{"@context":"https:\/\/schema.org","@graph":[{"@type":"WebPage","@id":"https:\/\/paracherkaoui.ma\/index.php\/produit\/svr-baume-lavant-mains-sensibles-400ml-5\/","url":"https:\/\/paracherkaoui.ma\/index.php\/produit\/svr-baume-lavant-mains-sensibles-400ml-5\/","name":"SVR Baume Lavant Mains Sensibles \/ 400ML - Paracherkaoui.ma","isPartOf":{"@id":"https:\/\/paracherkaoui.ma\/#website"},"primaryImageOfPage":{"@id":"https:\/\/paracherkaoui.ma\/index.php\/produit\/svr-baume-lavant-mains-sensibles-400ml-5\/#primaryimage"},"image":{"@id":"https:\/\/paracherkaoui.ma\/index.php\/produit\/svr-baume-lavant-mains-sensibles-400ml-5\/#primaryimage"},"thumbnailUrl":"https:\/\/paracherkaoui.ma\/wp-content\/uploads\/2025\/12\/svr-svr-baume-lavant-mains-sensibles-400ml-soins-des-mains.jpg","datePublished":"2025-12-12T18:37:38+00:00","dateModified":"2025-12-12T18:37:41+00:00","breadcrumb":{"@id":"https:\/\/paracherkaoui.ma\/index.php\/produit\/svr-baume-lavant-mains-sensibles-400ml-5\/#breadcrumb"},"inLanguage":"fr-FR","potentialAction":[{"@type":"ReadAction","target":["https:\/\/paracherkaoui.ma\/index.php\/produit\/svr-baume-lavant-mains-sensibles-400ml-5\/"]}]},{"@type":"ImageObject","inLanguage":"fr-FR","@id":"https:\/\/paracherkaoui.ma\/index.php\/produit\/svr-baume-lavant-mains-sensibles-400ml-5\/#primaryimage","url":"https:\/\/paracherkaoui.ma\/wp-content\/uploads\/2025\/12\/svr-svr-baume-lavant-mains-sensibles-400ml-soins-des-mains.jpg","contentUrl":"https:\/\/paracherkaoui.ma\/wp-content\/uploads\/2025\/12\/svr-svr-baume-lavant-mains-sensibles-400ml-soins-des-mains.jpg","width":700,"height":700},{"@type":"BreadcrumbList","@id":"https:\/\/paracherkaoui.ma\/index.php\/produit\/svr-baume-lavant-mains-sensibles-400ml-5\/#breadcrumb","itemListElement":[{"@type":"ListItem","position":1,"name":"Accueil","item":"https:\/\/paracherkaoui.ma\/"},{"@type":"ListItem","position":2,"name":"Boutique","item":"https:\/\/paracherkaoui.ma\/index.php\/boutique\/"},{"@type":"ListItem","position":3,"name":"SVR Baume Lavant Mains Sensibles \/ 400ML"}]},{"@type":"WebSite","@id":"https:\/\/paracherkaoui.ma\/#website","url":"https:\/\/paracherkaoui.ma\/","name":"Paracherkaoui.ma","description":"Achetez en ligne sur Paracherkaoui.ma","potentialAction":[{"@type":"SearchAction","target":{"@type":"EntryPoint","urlTemplate":"https:\/\/paracherkaoui.ma\/?s={search_term_string}"},"query-input":{"@type":"PropertyValueSpecification","valueRequired":true,"valueName":"search_term_string"}}],"inLanguage":"fr-FR"}]}},"_links":{"self":[{"href":"https:\/\/paracherkaoui.ma\/index.php\/wp-json\/wp\/v2\/product\/53039","targetHints":{"allow":["GET"]}}],"collection":[{"href":"https:\/\/paracherkaoui.ma\/index.php\/wp-json\/wp\/v2\/product"}],"about":[{"href":"https:\/\/paracherkaoui.ma\/index.php\/wp-json\/wp\/v2\/types\/product"}],"replies":[{"embeddable":true,"href":"https:\/\/paracherkaoui.ma\/index.php\/wp-json\/wp\/v2\/comments?post=53039"}],"version-history":[{"count":1,"href":"https:\/\/paracherkaoui.ma\/index.php\/wp-json\/wp\/v2\/product\/53039\/revisions"}],"predecessor-version":[{"id":53069,"href":"https:\/\/paracherkaoui.ma\/index.php\/wp-json\/wp\/v2\/product\/53039\/revisions\/53069"}],"wp:featuredmedia":[{"embeddable":true,"href":"https:\/\/paracherkaoui.ma\/index.php\/wp-json\/wp\/v2\/media\/12307"}],"wp:attachment":[{"href":"https:\/\/paracherkaoui.ma\/index.php\/wp-json\/wp\/v2\/media?parent=53039"}],"wp:term":[{"taxonomy":"product_brand","embeddable":true,"href":"https:\/\/paracherkaoui.ma\/index.php\/wp-json\/wp\/v2\/product_brand?post=53039"},{"taxonomy":"product_cat","embeddable":true,"href":"https:\/\/paracherkaoui.ma\/index.php\/wp-json\/wp\/v2\/product_cat?post=53039"},{"taxonomy":"product_tag","embeddable":true,"href":"https:\/\/paracherkaoui.ma\/index.php\/wp-json\/wp\/v2\/product_tag?post=53039"}],"curies":[{"name":"wp","href":"https:\/\/api.w.org\/{rel}","templated":true}]}}